{"id":19747,"date":"2025-04-07T07:05:24","date_gmt":"2025-04-07T07:05:24","guid":{"rendered":"https:\/\/www.hydraulic-cylinders.net\/product\/boom-cylinder-for-kato-small-excavator-hd1220\/"},"modified":"2025-04-07T07:05:26","modified_gmt":"2025-04-07T07:05:26","slug":"boom-cylinder-for-kato-small-excavator-hd1220","status":"publish","type":"product","link":"https:\/\/www.hydraulic-cylinders.net\/cs\/produkt\/boom-cylinder-for-kato-small-excavator-hd1220\/","title":{"rendered":"V\u00e1lec v\u00fdlo\u017en\u00edku pro mal\u00e9 rypadlo Kato HD1220"},"content":{"rendered":"<h1>V\u00e1lec v\u00fdlo\u017en\u00edku pro mal\u00e9 rypadlo Kato HD1220<\/h1>\n<h2>P\u0159ehled produktu<\/h2>\n<p>Hydraulick\u00fd v\u00e1lec v\u00fdlo\u017en\u00edku pro mal\u00e9 rypadlo Kato HD1220 je specializovan\u00fd hydraulick\u00fd v\u00e1lec ur\u010den\u00fd k ovl\u00e1d\u00e1n\u00ed pohybu v\u00fdlo\u017en\u00edku u r\u016fzn\u00fdch t\u011b\u017ek\u00fdch stroj\u016f, zejm\u00e9na u rypadel. Tyto v\u00e1lce hraj\u00ed kl\u00ed\u010dovou roli v hydraulick\u00fdch syst\u00e9mech a umo\u017e\u0148uj\u00ed efektivn\u00ed zved\u00e1n\u00ed, spou\u0161t\u011bn\u00ed a nakl\u00e1p\u011bn\u00ed v\u00fdlo\u017en\u00edku rypadla. Funk\u010dnost v\u00e1lce v\u00fdlo\u017en\u00edku je nezbytn\u00e1 pro efektivn\u00ed manipulaci s materi\u00e1lem, co\u017e umo\u017e\u0148uje obsluze prov\u00e1d\u011bt \u00fakoly, jako je kop\u00e1n\u00ed, zved\u00e1n\u00ed t\u011b\u017ek\u00fdch b\u0159emen a p\u0159esn\u00e9 polohov\u00e1n\u00ed p\u0159\u00edslu\u0161enstv\u00ed.<\/p>\n<p>Jako typ hydraulick\u00e9ho v\u00e1lce je v\u00e1lec v\u00fdlo\u017en\u00edku navr\u017een tak, aby odolal zna\u010dn\u00e9mu tlaku a velk\u00e9mu zat\u00ed\u017een\u00ed, co\u017e ho \u010din\u00ed nepostradateln\u00fdm p\u0159i stavebn\u00edch a v\u00fdkopov\u00fdch prac\u00edch. Jeho konstrukce zaji\u0161\u0165uje, \u017ee rypadlo m\u016f\u017ee pracovat hladce a efektivn\u011b v r\u016fzn\u00fdch prost\u0159ed\u00edch a poskytuje pot\u0159ebn\u00fd v\u00fdkon a ovl\u00e1d\u00e1n\u00ed pot\u0159ebn\u00e9 pro n\u00e1ro\u010dn\u00e9 \u00fakoly.<\/p>\n<p><img decoding=\"async\" src=\"https:\/\/www.hydraulic-cylinders.net\/wp-content\/uploads\/2025\/04\/songte-company-1.webp\" alt=\"V\u00e1lec v\u00fdlo\u017en\u00edku pro bagr\" \/><\/p>\n<h2>Vlastnosti v\u00e1lce v\u00fdlo\u017en\u00edku<\/h2>\n<ul>\n<li><strong>Vysok\u00e1 pevnost a trvanlivost:<\/strong> Tyto v\u00e1lce, vyroben\u00e9 z vysokopevnostn\u00ed oceli nebo hlin\u00edku, odol\u00e1vaj\u00ed vysok\u00e9mu tlaku a velk\u00e9mu zat\u00ed\u017een\u00ed, tak\u017ee jsou vhodn\u00e9 pro n\u00e1ro\u010dn\u00e9 provozn\u00ed podm\u00ednky. Konstrukce klade d\u016fraz na odolnost proti opot\u0159eben\u00ed a korozi, co\u017e prodlu\u017euje \u017eivotnost v\u00e1lce.<\/li>\n<li><strong>Efektivn\u00ed hydraulick\u00fd provoz:<\/strong> V\u00e1lec v\u00fdlo\u017en\u00edku vyu\u017e\u00edv\u00e1 hydraulick\u00fd tlak oleje k dosa\u017een\u00ed plynul\u00e9ho vysouv\u00e1n\u00ed a zasouv\u00e1n\u00ed, co\u017e umo\u017e\u0148uje rychlou odezvu na ovl\u00e1dac\u00ed povely a poskytuje silnou tla\u010dnou a ta\u017enou s\u00edlu, ide\u00e1ln\u00ed pro zvl\u00e1d\u00e1n\u00ed t\u011b\u017ek\u00fdch a slo\u017eit\u00fdch \u00fakol\u016f.<\/li>\n<li><strong>R\u016fzn\u00e9 typy:<\/strong> K dispozici v jedno\u010dinn\u00e9m (s hydraulick\u00fdm pohonem v jednom sm\u011bru) i dvoj\u010dinn\u00e9m (s hydraulick\u00fdm pohonem v obou sm\u011brech) proveden\u00ed, kter\u00e9 spl\u0148uje r\u016fzn\u00e9 provozn\u00ed pot\u0159eby. N\u011bkter\u00e9 modely jsou vybaveny teleskopickou konstrukc\u00ed, kter\u00e1 umo\u017e\u0148uje v\u011bt\u0161\u00ed vysunut\u00ed bez zv\u011bt\u0161en\u00ed vn\u011bj\u0161\u00edch rozm\u011br\u016f, co\u017e je vhodn\u00e9 pro aplikace s omezen\u00fdm prostorem.<\/li>\n<li><strong>Zak\u00e1zkov\u00e1 v\u00fdroba:<\/strong> Na\u0161e spole\u010dnost je schopna tento produkt vyrobit a zajistit, aby na\u0161e hydraulick\u00e9 v\u00e1lce mohly dokonale nahradit st\u00e1vaj\u00edc\u00ed modely a poskytovaly bezprobl\u00e9movou integraci s r\u016fzn\u00fdmi syst\u00e9my bagr\u016f.<\/li>\n<li><strong>Komplexn\u00ed kompatibilita:<\/strong> Na\u0161e v\u00e1lce v\u00fdlo\u017en\u00edku, navr\u017een\u00e9 tak, aby spl\u0148ovaly specifick\u00e9 po\u017eadavky rypadel Kato, jsou kompatibiln\u00ed s \u0161irokou \u0161k\u00e1lou model\u016f rypadel, co\u017e zaru\u010duje optim\u00e1ln\u00ed v\u00fdkon a spolehlivost.<\/li>\n<\/ul>\n<p><img decoding=\"async\" src=\"https:\/\/www.hydraulic-cylinders.net\/wp-content\/uploads\/2025\/04\/songte-cylinder-head-with-all-kinds-excavator-models.webp\" alt=\"Kompatibilita model\u016f bagr\u016f\" \/><\/p>\n<h2>Aplikace v\u00e1lce v\u00fdlo\u017en\u00edku<\/h2>\n<h3>Stavebn\u00ed stroje<\/h3>\n<p>Ve stavebn\u00edch stroj\u00edch je v\u00e1lec v\u00fdlo\u017en\u00edku z\u00e1sadn\u00ed pro rypadla, proto\u017ee umo\u017e\u0148uje kop\u00e1n\u00ed, nakl\u00e1d\u00e1n\u00ed a p\u0159emis\u0165ov\u00e1n\u00ed zeminy nebo suti. Schopnost v\u00e1lce v\u00fdlo\u017en\u00edku poskytovat p\u0159esn\u00e9 ovl\u00e1d\u00e1n\u00ed pohybu v\u00fdlo\u017en\u00edku je nezbytn\u00e1 pro efektivn\u00ed a bezpe\u010dn\u00e9 prov\u00e1d\u011bn\u00ed \u00fakol\u016f a zaji\u0161\u0165uje rychlou v\u00fdkopovou a p\u0159epravn\u00ed \u010dinnost materi\u00e1l\u016f.<\/p>\n<h3>Zem\u011bd\u011blsk\u00e9 stroje<\/h3>\n<p>U \u010deln\u00edch naklada\u010d\u016f usnad\u0148uj\u00ed v\u00e1lce v\u00fdlo\u017en\u00edku nab\u00edr\u00e1n\u00ed, zved\u00e1n\u00ed a p\u0159epravu zeminy, sena a dal\u0161\u00edch materi\u00e1l\u016f. Hydraulick\u00fd syst\u00e9m umo\u017e\u0148uje plynul\u00fd provoz a poskytuje pot\u0159ebnou s\u00edlu pro efektivn\u00ed zvl\u00e1d\u00e1n\u00ed t\u011b\u017ek\u00fdch b\u0159emen, co\u017e je v zem\u011bd\u011blsk\u00e9m prost\u0159ed\u00ed z\u00e1sadn\u00ed.<\/p>\n<h3>Bagry<\/h3>\n<p>U rypadel je v\u00e1lec v\u00fdlo\u017en\u00edku zodpov\u011bdn\u00fd za pronik\u00e1n\u00ed do p\u016fdy, co\u017e umo\u017e\u0148uje efektivn\u00ed kop\u00e1n\u00ed. Jeho konstrukce zaji\u0161\u0165uje optim\u00e1ln\u00ed v\u00fdkon a umo\u017e\u0148uje obsluze dos\u00e1hnout po\u017eadovan\u00e9 hloubky a p\u0159esnosti a z\u00e1rove\u0148 minimalizovat naru\u0161en\u00ed p\u016fdy.<\/p>\n<h3>Naklada\u010de<\/h3>\n<p>U \u010deln\u00edch naklada\u010d\u016f p\u0159isp\u00edvaj\u00ed v\u00e1lce v\u00fdlo\u017en\u00edku k efektivn\u00edmu zved\u00e1n\u00ed a vykl\u00e1p\u011bn\u00ed b\u0159emen. Hydraulick\u00fd v\u00fdkon poskytovan\u00fd t\u011bmito v\u00e1lci umo\u017e\u0148uje rychl\u00e9 zved\u00e1n\u00ed a nakl\u00e1p\u011bn\u00ed, co\u017e usnad\u0148uje manipulaci s velk\u00fdmi objemy materi\u00e1l\u016f a zvy\u0161uje celkovou produktivitu.<\/p>\n<h2>Konstruk\u010dn\u00ed aspekty a krit\u00e9ria v\u00fdb\u011bru<\/h2>\n<h3>Nosnost<\/h3>\n<p>Nosnost v\u00e1lce v\u00fdlo\u017en\u00edku je kritick\u00fdm konstruk\u010dn\u00edm hlediskem. Mus\u00ed b\u00fdt schopen odolat hmotnosti manipulovan\u00fdch materi\u00e1l\u016f, ani\u017e by byla ohro\u017eena struktur\u00e1ln\u00ed integrita. Vysokokapacitn\u00ed v\u00e1lce jsou nezbytn\u00e9 pro operace s t\u011b\u017ek\u00fdmi b\u0159emeny a jejich konstrukce mus\u00ed zohled\u0148ovat dynamick\u00e9 s\u00edly, kter\u00e9 vznikaj\u00ed b\u011bhem pou\u017e\u00edv\u00e1n\u00ed. V\u00fdrobci \u010dasto prov\u00e1d\u011bj\u00ed p\u0159\u00edsn\u00e9 testov\u00e1n\u00ed, aby se ujistili, \u017ee v\u00e1lce mohou fungovat za o\u010dek\u00e1van\u00fdch provozn\u00edch podm\u00ednek bez poruchy.<\/p>\n<h3>T\u011bsnic\u00ed mechanismus<\/h3>\n<p>\u00da\u010dinn\u00e9 t\u011bsn\u011bn\u00ed je v hydraulick\u00fdch syst\u00e9mech kl\u00ed\u010dov\u00e9 pro prevenci \u00fanik\u016f a udr\u017een\u00ed tlaku. Volba t\u011bsnic\u00edch materi\u00e1l\u016f, jako je polyuretan nebo nitrilov\u00e1 pry\u017e, hraje v\u00fdznamnou roli ve v\u00fdkonu a \u017eivotnosti v\u00e1lce. Spr\u00e1vn\u00e1 t\u011bsn\u011bn\u00ed zaji\u0161\u0165uj\u00ed, \u017ee hydraulick\u00e1 kapalina z\u016fst\u00e1v\u00e1 uvnit\u0159 v\u00e1lce, co\u017e umo\u017e\u0148uje efektivn\u00ed provoz a z\u00e1rove\u0148 minimalizuje n\u00e1roky na \u00fadr\u017ebu.<\/p>\n<h3>Trvanlivost<\/h3>\n<p>Odolnost je kl\u00ed\u010dov\u00fdm faktorem p\u0159i konstrukci v\u00e1lc\u016f v\u00fdlo\u017en\u00edku. \u010casto jsou vystaveny drsn\u00fdm podm\u00ednk\u00e1m, v\u010detn\u011b extr\u00e9mn\u00edch teplot a abrazivn\u00edch materi\u00e1l\u016f. Pou\u017eit\u00ed vysoce pevn\u00fdch materi\u00e1l\u016f a pokro\u010dil\u00fdch povlak\u016f m\u016f\u017ee v\u00fdrazn\u011b zv\u00fd\u0161it odolnost t\u011bchto v\u00e1lc\u016f, d\u00edky \u010demu\u017e jsou vhodn\u00e9 pro dlouhodob\u00e9 pou\u017e\u00edv\u00e1n\u00ed v n\u00e1ro\u010dn\u00fdch prost\u0159ed\u00edch.<\/p>\n<h3>Bezpe\u010dnostn\u00ed prvky<\/h3>\n<p>Bezpe\u010dnost je p\u0159i konstrukci hydraulick\u00fdch v\u00e1lc\u016f prvo\u0159ad\u00e1. Prvky, jako jsou p\u0159etlakov\u00e9 ventily a bezpe\u010dnostn\u00ed z\u00e1mky, mohou zabr\u00e1nit nehod\u00e1m zp\u016fsoben\u00fdm n\u00e1hl\u00fdmi tlakov\u00fdmi skoky nebo n\u00e1hodn\u00fdm uvoln\u011bn\u00edm. V\u00fdrobci mus\u00ed dodr\u017eovat bezpe\u010dnostn\u00ed normy a p\u0159edpisy, aby zajistili bezpe\u010dnost sv\u00fdch v\u00fdrobk\u016f pro obsluhu i okoln\u00ed person\u00e1l.<\/p>\n<h3>Udr\u017eovatelnost<\/h3>\n<p>Snadn\u00e1 \u00fadr\u017eba je dal\u0161\u00edm kritick\u00fdm konstruk\u010dn\u00edm hlediskem. V\u00e1lce v\u00fdlo\u017en\u00edku by m\u011bly b\u00fdt navr\u017eeny s ohledem na p\u0159\u00edstupnost, kter\u00e1 by umo\u017e\u0148ovala snadnou kontrolu, v\u00fdm\u011bnu a opravu sou\u010d\u00e1st\u00ed. Pravideln\u00e1 \u00fadr\u017eba m\u016f\u017ee v\u00fdrazn\u011b prodlou\u017eit \u017eivotnost v\u00e1lce a v\u00fdrobci \u010dasto poskytuj\u00ed pokyny, kter\u00e9 pom\u00e1haj\u00ed obsluze efektivn\u011b udr\u017eovat jejich za\u0159\u00edzen\u00ed.<\/p>\n<p><img decoding=\"async\" src=\"https:\/\/www.hydraulic-cylinders.net\/wp-content\/uploads\/2025\/04\/songte-oil-pipes-and-spare-parts.webp\" alt=\"Hydraulick\u00e9 d\u00edly a \u00fadr\u017eba\" \/><\/p>\n<h2>T\u011bsn\u011bn\u00ed a maz\u00e1n\u00ed<\/h2>\n<p>T\u011bsn\u011bn\u00ed a maz\u00e1n\u00ed v\u00e1lc\u016f v\u00fdlo\u017en\u00edku jsou nezbytn\u00e9 pro jejich efektivn\u00ed provoz. K udr\u017een\u00ed integrity v\u00e1lce se pou\u017e\u00edvaj\u00ed r\u016fzn\u00e9 t\u011bsnic\u00ed prvky, jako jsou t\u011bsn\u011bn\u00ed p\u00edst\u016f a t\u011bsn\u011bn\u00ed p\u00edstnic. T\u011bsn\u011bn\u00ed vyroben\u00e1 z odoln\u00fdch materi\u00e1l\u016f, jako je polyuretan a nitrilov\u00e1 pry\u017e, jsou vyb\u00edr\u00e1na pro svou odolnost proti od\u011bru a dlouhou \u017eivotnost. T\u011bleso v\u00e1lce a z\u00e1vitov\u00e9 konce proch\u00e1zej\u00ed p\u0159esn\u00fdm obr\u00e1b\u011bn\u00edm pro zv\u00fd\u0161en\u00ed jejich odolnosti proti opot\u0159eben\u00ed, co\u017e vede ke zlep\u0161en\u00ed v\u00fdkonu za provozn\u00edch podm\u00ednek.<\/p>\n<p>Pravideln\u00e9 maz\u00e1n\u00ed hydraulick\u00fdm olejem je z\u00e1sadn\u00ed pro zaji\u0161t\u011bn\u00ed hladk\u00e9ho provozu a prevenci vnit\u0159n\u00edho opot\u0159eben\u00ed. Obsluha by m\u011bla dodr\u017eovat pl\u00e1n \u00fadr\u017eby, kter\u00fd zahrnuje kontrolu a dopl\u0148ov\u00e1n\u00ed hladiny hydraulick\u00e9ho oleje, aby se p\u0159ede\u0161lo provozn\u00edm poruch\u00e1m.<\/p>\n<h2>Preventivn\u00ed \u00fadr\u017ebov\u00e1 opat\u0159en\u00ed<\/h2>\n<ul>\n<li><strong>Pravideln\u00e9 kontroly:<\/strong> Prov\u00e1d\u011bjte pravideln\u00e9 kontroly v\u00e1lce v\u00fdlo\u017en\u00edku, zda nevykazuje zn\u00e1mky opot\u0159eben\u00ed, po\u0161kozen\u00ed nebo net\u011bsnost\u00ed. V\u010dasn\u00e9 odhalen\u00ed m\u016f\u017ee zabr\u00e1nit z\u00e1va\u017en\u00fdm poruch\u00e1m.<\/li>\n<li><strong>Spr\u00e1vn\u00e9 maz\u00e1n\u00ed:<\/strong> Zajist\u011bte, aby byl v\u00e1lec dostate\u010dn\u011b promaz\u00e1n, aby se minimalizovalo t\u0159en\u00ed a opot\u0159eben\u00ed. Pou\u017e\u00edvejte doporu\u010den\u00fd hydraulick\u00fd olej a udr\u017eujte optim\u00e1ln\u00ed hladinu oleje.<\/li>\n<li><strong>V\u00fdm\u011bna t\u011bsn\u011bn\u00ed:<\/strong> Sledujte t\u011bsn\u011bn\u00ed, zda nevykazuj\u00ed zn\u00e1mky opot\u0159eben\u00ed, a v p\u0159\u00edpad\u011b pot\u0159eby je vym\u011b\u0148te, abyste zabr\u00e1nili \u00fanik\u016fm a udr\u017eeli hydraulick\u00fd tlak.<\/li>\n<\/ul>\n<h2>Pokyny k instalaci<\/h2>\n<p>Instalace v\u00e1lce v\u00fdlo\u017en\u00edku pro mal\u00e9 rypadlo Kato HD1220 vy\u017eaduje p\u0159esnost a pe\u010dlivost pro zaji\u0161t\u011bn\u00ed optim\u00e1ln\u00edho v\u00fdkonu. Za\u010dn\u011bte t\u00edm, \u017ee se ujist\u00edte, \u017ee mont\u00e1\u017en\u00ed body rypadla jsou \u010dist\u00e9 a bez ne\u010distot. Spr\u00e1vn\u011b vyrovnejte v\u00e1lec, abyste zabr\u00e1nili jeho nespr\u00e1vn\u00e9mu vyrovn\u00e1n\u00ed b\u011bhem provozu. Pro bezpe\u010dn\u00e9 upevn\u011bn\u00ed v\u00e1lce se doporu\u010duje pou\u017e\u00edt vhodn\u00e9 mont\u00e1\u017en\u00ed konzoly.<\/p>\n<p>P\u0159ed dokon\u010den\u00edm instalace zkontrolujte, zda jsou v\u0161echna p\u0159ipojen\u00ed t\u011bsn\u00e1 a zda jsou hydraulick\u00e1 potrub\u00ed spr\u00e1vn\u011b p\u0159ipojena, aby se zabr\u00e1nilo \u00fanik\u016fm. Po instalaci vyzkou\u0161ejte v\u00e1lec pod zat\u00ed\u017een\u00edm, abyste se ujistili, \u017ee funguje hladce a bez probl\u00e9m\u016f. Pro zaji\u0161t\u011bn\u00ed bezpe\u010dnosti a spolehlivosti dodr\u017eujte pokyny v\u00fdrobce pro instalaci.<\/p>\n<h2>B\u011b\u017en\u00e9 \u00fakoly \u00fadr\u017eby<\/h2>\n<h3>Pravideln\u00e9 kontroly<\/h3>\n<p>\u010cast\u00e9 kontroly v\u00e1lce v\u00fdlo\u017en\u00edku jsou nezbytn\u00e9 pro identifikaci potenci\u00e1ln\u00edch probl\u00e9m\u016f d\u0159\u00edve, ne\u017e se vyhrot\u00ed. Zkontrolujte, zda nevykazuje zn\u00e1mky opot\u0159eben\u00ed nebo po\u0161kozen\u00ed, a ujist\u011bte se, \u017ee v\u0161echny komponenty funguj\u00ed spr\u00e1vn\u011b. Pravideln\u00e9 kontroly pom\u00e1haj\u00ed udr\u017eovat provozn\u00ed \u00fa\u010dinnost v\u00e1lce.<\/p>\n<h3>Spr\u00e1vn\u00e9 maz\u00e1n\u00ed<\/h3>\n<p>Maz\u00e1n\u00ed je z\u00e1sadn\u00ed pro sn\u00ed\u017een\u00ed t\u0159en\u00ed a opot\u0159eben\u00ed v hydraulick\u00e9m syst\u00e9mu. Pravideln\u011b kontrolujte hladinu hydraulick\u00e9ho oleje a v p\u0159\u00edpad\u011b pot\u0159eby jej dopl\u0148ujte, abyste zajistili plynul\u00fd provoz. Zanedb\u00e1n\u00ed maz\u00e1n\u00ed m\u016f\u017ee v\u00e9st k p\u0159ed\u010dasn\u00e9mu opot\u0159eben\u00ed a selh\u00e1n\u00ed sou\u010d\u00e1st\u00ed.<\/p>\n<h3>V\u00fdm\u011bna t\u011bsn\u011bn\u00ed a kontroly kalibrace<\/h3>\n<p>T\u011bsn\u011bn\u00ed by m\u011bla b\u00fdt pravideln\u011b kontrolov\u00e1na a v p\u0159\u00edpad\u011b pot\u0159eby vym\u011b\u0148ov\u00e1na, aby se zabr\u00e1nilo \u00faniku hydraulick\u00e9 kapaliny. Kalibra\u010dn\u00ed kontroly jsou nezbytn\u00e9 pro zaji\u0161t\u011bn\u00ed toho, aby v\u00e1lec fungoval v r\u00e1mci stanoven\u00fdch parametr\u016f. Spr\u00e1vn\u011b kalibrovan\u00e9 syst\u00e9my zaji\u0161\u0165uj\u00ed spolehliv\u00fd provoz a minimalizuj\u00ed riziko poruchy.<\/p>\n<p><img decoding=\"async\" src=\"https:\/\/www.hydraulic-cylinders.net\/wp-content\/uploads\/2025\/04\/songte-chushion-collar.webp\" alt=\"Instalace a \u00fadr\u017eba v\u00e1lc\u016f\" \/><\/p>\n<h2>Bezpe\u010dnostn\u00ed aspekty a faktory prost\u0159ed\u00ed<\/h2>\n<p>P\u0159i pou\u017e\u00edv\u00e1n\u00ed hydraulick\u00fdch v\u00e1lc\u016f je dodr\u017eov\u00e1n\u00ed bezpe\u010dnostn\u00edch opat\u0159en\u00ed z\u00e1sadn\u00ed pro prevenci nehod a zran\u011bn\u00ed. V\u017edy zajist\u011bte, aby bylo za\u0159\u00edzen\u00ed \u0159\u00e1dn\u011b udr\u017eov\u00e1no a aby byli oper\u00e1to\u0159i pro\u0161koleni v bezpe\u010dn\u00fdch postupech manipulace. B\u011bhem provozu a \u00fadr\u017eby je t\u0159eba zohlednit tak\u00e9 faktory prost\u0159ed\u00ed, jako je vystaven\u00ed nep\u0159\u00edzniv\u00fdm pov\u011btrnostn\u00edm podm\u00ednk\u00e1m nebo korozivn\u00edm materi\u00e1l\u016fm, aby byla zaji\u0161t\u011bna dlouhodob\u00e1 \u017eivotnost za\u0159\u00edzen\u00ed.<\/p>\n<h2>Odstra\u0148ov\u00e1n\u00ed probl\u00e9m\u016f a b\u011b\u017en\u00e9 probl\u00e9my<\/h2>\n<ul>\n<li><strong>\u00danik:<\/strong> Pokud si v\u0161imnete \u00faniku hydraulick\u00e9 kapaliny z v\u00e1lce, zkontrolujte t\u011bsn\u011bn\u00ed a spoje. Vym\u011b\u0148te opot\u0159ebovan\u00e1 t\u011bsn\u011bn\u00ed a ut\u00e1hn\u011bte uvoln\u011bn\u00e9 spoje.<\/li>\n<li><strong>Pomal\u00fd provoz:<\/strong> Pokud v\u00e1lec reaguje pomalu, zkontrolujte hladinu hydraulick\u00e9 kapaliny a ujist\u011bte se, \u017ee v hydraulick\u00fdch potrub\u00edch nejsou \u017e\u00e1dn\u00e9 ucp\u00e1n\u00ed.<\/li>\n<li><strong>Neobvykl\u00e9 zvuky:<\/strong> Jak\u00e9koli podivn\u00e9 zvuky b\u011bhem provozu mohou nazna\u010dovat vnit\u0159n\u00ed po\u0161kozen\u00ed. Okam\u017eit\u011b p\u0159esta\u0148te za\u0159\u00edzen\u00ed pou\u017e\u00edvat a prove\u010fte d\u016fkladnou kontrolu.<\/li>\n<\/ul>\n<h2>Tipy pro \u0159e\u0161en\u00ed probl\u00e9m\u016f<\/h2>\n<p>Pro efektivn\u00ed \u0159e\u0161en\u00ed probl\u00e9m\u016f s v\u00e1lcem v\u00fdlo\u017en\u00edku za\u010dn\u011bte vizu\u00e1ln\u00ed kontrolou, abyste identifikovali jak\u00e9koli zjevn\u00e9 zn\u00e1mky po\u0161kozen\u00ed nebo opot\u0159eben\u00ed. Pravideln\u00e1 \u00fadr\u017eba a dodr\u017eov\u00e1n\u00ed preventivn\u00edch opat\u0159en\u00ed mohou v\u00fdrazn\u011b sn\u00ed\u017eit riziko probl\u00e9m\u016f. V p\u0159\u00edpad\u011b p\u0159etrv\u00e1vaj\u00edc\u00edch probl\u00e9m\u016f se \u0159i\u010fte diagnostick\u00fdmi postupy specifikacemi v\u00fdrobce a nev\u00e1hejte se obr\u00e1tit na odborn\u00edky.<\/p>\n<p><img decoding=\"async\" src=\"https:\/\/www.hydraulic-cylinders.net\/wp-content\/uploads\/2025\/04\/songte-bushings-with-all-kinds-of-excavator-models.webp\" alt=\"Odstra\u0148ov\u00e1n\u00ed probl\u00e9m\u016f s hydraulick\u00fdm v\u00e1lcem\" \/><\/p>\n<h2>O na\u0161\u00ed spole\u010dnosti<\/h2>\n<p>Jsme p\u0159edn\u00edm v\u00fdrobcem n\u00e1hradn\u00edch hydraulick\u00fdch v\u00e1lc\u016f s \u0161irokou nab\u00eddkou produkt\u016f, kter\u00e1 n\u00e1s etablovala jako jednoho z p\u0159edn\u00edch v\u00fdrobc\u016f a velkoobchodn\u00edch distributor\u016f na dom\u00e1c\u00edm i mezin\u00e1rodn\u00edm trhu. N\u00e1\u0161 z\u00e1vazek k dokonalosti je patrn\u00fd v na\u0161ich propracovan\u00fdch strategi\u00edch \u0159\u00edzen\u00ed v\u00fdroby, kter\u00e9 vyu\u017e\u00edvaj\u00ed pokro\u010dil\u00e9 v\u00fdrobn\u00ed technologie a syst\u00e9my kontroly kvality.<\/p>\n<p>Na\u0161i pracovn\u00edci se skl\u00e1daj\u00ed z kvalifikovan\u00fdch profesion\u00e1l\u016f, kte\u0159\u00ed se v\u011bnuj\u00ed inovac\u00edm a kvalit\u011b, co\u017e zaji\u0161\u0165uje, \u017ee d\u016fsledn\u011b uspokojujeme rozmanit\u00e9 pot\u0159eby z\u00e1kazn\u00edk\u016f. Se zam\u011b\u0159en\u00edm na vysokou efektivitu, p\u0159esnost a kvalitu jsme p\u0159ipraveni poskytovat \u0159e\u0161en\u00ed na m\u00edru, kter\u00e1 zvy\u0161uj\u00ed provozn\u00ed v\u00fdkonnost.<\/p>\n<p><img decoding=\"async\" src=\"https:\/\/www.hydraulic-cylinders.net\/wp-content\/uploads\/2025\/04\/songte-company-4.webp\" alt=\"P\u0159ehled spole\u010dnosti\" \/><br \/>\n<img decoding=\"async\" src=\"https:\/\/www.hydraulic-cylinders.net\/wp-content\/uploads\/2025\/04\/songte-company-3.webp\" alt=\"Na\u0161e v\u00fdrobn\u00ed za\u0159\u00edzen\u00ed\" \/><\/p>\n<p>Autor: lyl<\/p>","protected":false},"excerpt":{"rendered":"<p>Boom Cylinder For Kato Small Excavator HD1220 Product Overview The Boom Cylinder for Kato Small Excavator HD1220 is a specialized hydraulic cylinder designed to control the movement of the boom on various heavy machinery, particularly excavators. These cylinders play a critical role in hydraulic systems, allowing for the effective lifting, lowering, and tilting of the [&hellip;]<\/p>","protected":false},"featured_media":17875,"comment_status":"open","ping_status":"closed","template":"","meta":{"_et_pb_use_builder":"","_et_pb_old_content":"","_et_gb_content_width":""},"product_brand":[],"product_cat":[1546],"product_tag":[1547,1496],"class_list":{"0":"post-19747","1":"product","2":"type-product","3":"status-publish","4":"has-post-thumbnail","6":"product_cat-boom-cylinders","7":"product_tag-boom-cylinders","8":"product_tag-hydraulic-cylinders","10":"first","11":"instock","12":"shipping-taxable","13":"product-type-simple"},"amp_enabled":true,"_links":{"self":[{"href":"https:\/\/www.hydraulic-cylinders.net\/cs\/wp-json\/wp\/v2\/product\/19747","targetHints":{"allow":["GET"]}}],"collection":[{"href":"https:\/\/www.hydraulic-cylinders.net\/cs\/wp-json\/wp\/v2\/product"}],"about":[{"href":"https:\/\/www.hydraulic-cylinders.net\/cs\/wp-json\/wp\/v2\/types\/product"}],"replies":[{"embeddable":true,"href":"https:\/\/www.hydraulic-cylinders.net\/cs\/wp-json\/wp\/v2\/comments?post=19747"}],"wp:featuredmedia":[{"embeddable":true,"href":"https:\/\/www.hydraulic-cylinders.net\/cs\/wp-json\/wp\/v2\/media\/17875"}],"wp:attachment":[{"href":"https:\/\/www.hydraulic-cylinders.net\/cs\/wp-json\/wp\/v2\/media?parent=19747"}],"wp:term":[{"taxonomy":"product_brand","embeddable":true,"href":"https:\/\/www.hydraulic-cylinders.net\/cs\/wp-json\/wp\/v2\/product_brand?post=19747"},{"taxonomy":"product_cat","embeddable":true,"href":"https:\/\/www.hydraulic-cylinders.net\/cs\/wp-json\/wp\/v2\/product_cat?post=19747"},{"taxonomy":"product_tag","embeddable":true,"href":"https:\/\/www.hydraulic-cylinders.net\/cs\/wp-json\/wp\/v2\/product_tag?post=19747"}],"curies":[{"name":"wp","href":"https:\/\/api.w.org\/{rel}","templated":true}]}}