{"id":19750,"date":"2025-04-07T07:05:31","date_gmt":"2025-04-07T07:05:31","guid":{"rendered":"https:\/\/www.hydraulic-cylinders.net\/product\/boom-cylinder-for-kato-small-excavator-hd512r\/"},"modified":"2025-04-07T07:05:33","modified_gmt":"2025-04-07T07:05:33","slug":"boom-cylinder-for-kato-small-excavator-hd512r","status":"publish","type":"product","link":"https:\/\/www.hydraulic-cylinders.net\/cs\/produkt\/boom-cylinder-for-kato-small-excavator-hd512r\/","title":{"rendered":"V\u00e1lec v\u00fdlo\u017en\u00edku pro mal\u00e9 rypadlo Kato HD512R"},"content":{"rendered":"<h1>V\u00e1lec v\u00fdlo\u017en\u00edku pro mal\u00e9 rypadlo Kato HD512R<\/h1>\n<h2>P\u0159ehled v\u00e1lce v\u00fdlo\u017en\u00edku<\/h2>\n<p>V\u00e1lec v\u00fdlo\u017en\u00edku hraje kl\u00ed\u010dovou roli v hydraulick\u00e9m syst\u00e9mu stavebn\u00edch stroj\u016f, zejm\u00e9na u bagr\u016f. Je speci\u00e1ln\u011b navr\u017een pro ovl\u00e1d\u00e1n\u00ed pohybu l\u017e\u00edce a je nezbytn\u00fd pro r\u016fzn\u00e9 t\u011b\u017ek\u00e9 aplikace. V\u00e1lec v\u00fdlo\u017en\u00edku umo\u017e\u0148uje l\u017e\u00edci zvedat, spou\u0161t\u011bt a nakl\u00e1n\u011bt, co\u017e usnad\u0148uje efektivn\u00ed manipulaci s materi\u00e1lem. Tento hydraulick\u00fd v\u00e1lec se pou\u017e\u00edv\u00e1 ve stroj\u00edch, jako jsou rypadla, r\u00fdpadlo-naklada\u010de a \u010deln\u00ed naklada\u010de, a zaji\u0161\u0165uje optim\u00e1ln\u00ed v\u00fdkon a produktivitu v n\u00e1ro\u010dn\u00fdch pracovn\u00edch prost\u0159ed\u00edch.<\/p>\n<p><img decoding=\"async\" src=\"https:\/\/www.hydraulic-cylinders.net\/wp-content\/uploads\/2025\/04\/songte-company-1.webp\" alt=\"V\u00e1lec v\u00fdlo\u017en\u00edku\" \/><\/p>\n<h2>Vlastnosti v\u00e1lce v\u00fdlo\u017en\u00edku<\/h2>\n<ul>\n<li><strong>Vysok\u00e1 pevnost a trvanlivost:<\/strong> Tento v\u00e1lec, vyroben\u00fd z vysokopevnostn\u00ed oceli nebo hlin\u00edku, odol\u00e1 vysok\u00fdm tlak\u016fm a velk\u00e9mu zat\u00ed\u017een\u00ed, tak\u017ee je vhodn\u00fd pro n\u00e1ro\u010dn\u00e9 pracovn\u00ed podm\u00ednky.<\/li>\n<li><strong>Efektivn\u00ed hydraulick\u00fd provoz:<\/strong> Vyu\u017e\u00edv\u00e1 hydraulick\u00fd tlak oleje pro plynul\u00e9 vysouv\u00e1n\u00ed a zasouv\u00e1n\u00ed, co\u017e zaji\u0161\u0165uje rychlou odezvu na ovl\u00e1dac\u00ed povely a v\u00fdkonn\u00e9 funkce pro tla\u010den\u00ed a tah\u00e1n\u00ed.<\/li>\n<li><strong>R\u016fzn\u00e9 typy:<\/strong> K dispozici v jedno\u010dinn\u00e9m (s hydraulick\u00fdm pohonem v jednom sm\u011bru) nebo dvoj\u010dinn\u00e9m (s hydraulick\u00fdm pohonem v obou sm\u011brech) proveden\u00ed pro spln\u011bn\u00ed r\u016fzn\u00fdch provozn\u00edch pot\u0159eb.<\/li>\n<li><strong>Kompaktn\u00ed design:<\/strong> N\u011bkter\u00e9 modely maj\u00ed teleskopick\u00e9 proveden\u00ed, kter\u00e9 umo\u017e\u0148uje v\u011bt\u0161\u00ed vysunut\u00ed bez zv\u011bt\u0161en\u00ed vn\u011bj\u0161\u00edch rozm\u011br\u016f, co\u017e je ide\u00e1ln\u00ed pro pou\u017eit\u00ed ve st\u00edsn\u011bn\u00fdch prostorech.<\/li>\n<li><strong>Snadn\u00e1 \u00fadr\u017eba:<\/strong> Navr\u017eeno pro snadnou \u00fadr\u017ebu a v\u00fdm\u011bnu, co\u017e zaji\u0161\u0165uje minim\u00e1ln\u00ed prostoje b\u011bhem provozu.<\/li>\n<\/ul>\n<h2>V\u00fdrobn\u00ed kapacita<\/h2>\n<p>M\u00e1me kapacitu k v\u00fdrob\u011b tohoto produktu, co\u017e zaji\u0161\u0165uje, \u017ee na\u0161e hydraulick\u00e9 v\u00e1lce dok\u00e1\u017e\u00ed dokonale nahradit st\u00e1vaj\u00edc\u00ed modely na trhu.<\/p>\n<p><img decoding=\"async\" src=\"https:\/\/www.hydraulic-cylinders.net\/wp-content\/uploads\/2025\/04\/songte-cylinder-head-with-all-kinds-excavator-models.webp\" alt=\"V\u00fdroba v\u00e1lc\u016f\" \/><\/p>\n<h2>Sc\u00e9n\u00e1\u0159e aplikac\u00ed<\/h2>\n<h3>Stavebn\u00ed stroje<\/h3>\n<p>U bagr\u016f jsou v\u00e1lce v\u00fdlo\u017en\u00edku kl\u00ed\u010dov\u00e9 pro kop\u00e1n\u00ed, nakl\u00e1d\u00e1n\u00ed a p\u0159emis\u0165ov\u00e1n\u00ed zeminy nebo suti. Umo\u017e\u0148uj\u00ed l\u017e\u00edci efektivn\u011b pronikat do zem\u011b, co\u017e umo\u017e\u0148uje obsluze efektivn\u011b vykon\u00e1vat \u00fakoly. U r\u00fdpadlo-naklada\u010d\u016f v\u00e1lec v\u00fdlo\u017en\u00edku pom\u00e1h\u00e1 jak p\u0159i kop\u00e1n\u00ed, tak p\u0159i zved\u00e1n\u00ed, co\u017e zaji\u0161\u0165uje v\u0161estrannost na m\u00edst\u011b.<\/p>\n<h3>Zem\u011bd\u011blsk\u00e9 stroje<\/h3>\n<p>V\u00e1lce v\u00fdlo\u017en\u00edku, pou\u017e\u00edvan\u00e9 v \u010deln\u00edch naklada\u010d\u00edch, pom\u00e1haj\u00ed p\u0159i nab\u00edr\u00e1n\u00ed, zved\u00e1n\u00ed a p\u0159eprav\u011b p\u016fdy, sena a dal\u0161\u00edch materi\u00e1l\u016f, co\u017e je \u010din\u00ed neoceniteln\u00fdmi v zem\u011bd\u011blstv\u00ed. Jejich pevnost a spolehlivost zaji\u0161\u0165uj\u00ed, \u017ee zem\u011bd\u011blci mohou vykon\u00e1vat sv\u00e9 \u00fakoly bez p\u0159eru\u0161en\u00ed.<\/p>\n<h3>Bagry<\/h3>\n<p>V\u00e1lce v\u00fdlo\u017en\u00edku usnad\u0148uj\u00ed kopac\u00ed pohyb t\u00edm, \u017ee umo\u017e\u0148uj\u00ed l\u017e\u00edci proniknout do p\u016fdy. Tato schopnost je nezbytn\u00e1 pro efektivn\u00ed fungov\u00e1n\u00ed rypadel p\u0159i stavebn\u00edch a ter\u00e9nn\u00edch prac\u00edch a zaji\u0161\u0165uje optim\u00e1ln\u00ed provoz v r\u016fzn\u00fdch ter\u00e9nech.<\/p>\n<h3>Naklada\u010de<\/h3>\n<p>U \u010deln\u00edch naklada\u010d\u016f jsou v\u00e1lce v\u00fdlo\u017en\u00edku zodpov\u011bdn\u00e9 za efektivn\u00ed zved\u00e1n\u00ed a vykl\u00e1p\u011bn\u00ed b\u0159emen. Jejich v\u00fdkon p\u0159i zdvihac\u00edch operac\u00edch je z\u00e1sadn\u00ed pro manipulaci s materi\u00e1lem a zaji\u0161\u0165uje efektivn\u00ed p\u0159epravu a ukl\u00e1d\u00e1n\u00ed zbo\u017e\u00ed.<\/p>\n<h2>Konstruk\u010dn\u00ed aspekty a krit\u00e9ria v\u00fdb\u011bru<\/h2>\n<ul>\n<li><strong>Nosnost:<\/strong> Konstrukce mus\u00ed zohled\u0148ovat maxim\u00e1ln\u00ed zat\u00ed\u017een\u00ed, kter\u00e9 v\u00e1lec unese. To zahrnuje v\u00fdb\u011br materi\u00e1l\u016f, kter\u00e9 odol\u00e1vaj\u00ed provozn\u00edm po\u017eadavk\u016fm bez kompromis\u016f v oblasti bezpe\u010dnosti.<\/li>\n<li><strong>T\u011bsnost:<\/strong> \u00da\u010dinn\u00e9 t\u011bsn\u011bn\u00ed je z\u00e1sadn\u00ed pro prevenci \u00faniku hydraulick\u00e9 kapaliny. Pro udr\u017een\u00ed tlaku a zaji\u0161t\u011bn\u00ed provozn\u00ed \u00fa\u010dinnosti by m\u011bla b\u00fdt pou\u017eita vysoce kvalitn\u00ed t\u011bsn\u011bn\u00ed.<\/li>\n<li><strong>Trvanlivost:<\/strong> Zvolen\u00e9 materi\u00e1ly mus\u00ed b\u00fdt odoln\u00e9 proti opot\u0159eben\u00ed a zaji\u0161\u0165ovat dlouhou \u017eivotnost i v n\u00e1ro\u010dn\u00fdch podm\u00ednk\u00e1ch. To zahrnuje i zv\u00e1\u017een\u00ed antikorozn\u00ed \u00fapravy.<\/li>\n<li><strong>Bezpe\u010dnostn\u00ed prvky:<\/strong> Za\u010dlen\u011bn\u00ed bezpe\u010dnostn\u00edch opat\u0159en\u00ed, jako jsou p\u0159etlakov\u00e9 ventily, m\u016f\u017ee zabr\u00e1nit nehod\u00e1m a zv\u00fd\u0161it bezpe\u010dnost obsluhy b\u011bhem n\u00e1ro\u010dn\u00fdch operac\u00ed.<\/li>\n<li><strong>P\u0159\u00edstupnost \u00fadr\u017eby:<\/strong> Konstrukce by m\u011bla umo\u017e\u0148ovat snadn\u00fd p\u0159\u00edstup ke kl\u00ed\u010dov\u00fdm komponent\u016fm pro kontrolu a \u00fadr\u017ebu, \u010d\u00edm\u017e by se sn\u00ed\u017eily prostoje a provozn\u00ed poruchy.<\/li>\n<\/ul>\n<p><img decoding=\"async\" src=\"https:\/\/www.hydraulic-cylinders.net\/wp-content\/uploads\/2025\/04\/songte-oil-pipes-and-spare-parts.webp\" alt=\"N\u00e1hradn\u00ed d\u00edly\" \/><\/p>\n<h2>T\u011bsn\u011bn\u00ed a maz\u00e1n\u00ed<\/h2>\n<p>Pou\u017eit\u00ed r\u016fzn\u00fdch t\u011bsnic\u00edch prvk\u016f, jako jsou t\u011bsn\u011bn\u00ed p\u00edst\u016f a p\u00edstnic, je nezbytn\u00e9 pro zachov\u00e1n\u00ed integrity hydraulick\u00fdch v\u00e1lc\u016f. T\u011bsn\u011bn\u00ed vyroben\u00e1 z odoln\u00fdch materi\u00e1l\u016f, jako je polyuretan a nitrilov\u00e1 pry\u017e, zaji\u0161\u0165uj\u00ed odolnost proti opot\u0159eben\u00ed a dlouhou \u017eivotnost. T\u011bleso v\u00e1lce a z\u00e1vitov\u00e9 koncov\u00e9 plochy jsou jemn\u011b opracov\u00e1ny pro zv\u00fd\u0161en\u00ed odolnosti proti opot\u0159eben\u00ed. Pravideln\u00e9 maz\u00e1n\u00ed vhodn\u00fdm mno\u017estv\u00edm hydraulick\u00e9ho oleje je nezbytn\u00e9 pro zaji\u0161t\u011bn\u00ed plynul\u00e9ho provozu a prevenci opot\u0159eben\u00ed pohybliv\u00fdch \u010d\u00e1st\u00ed.<\/p>\n<h2>Pravideln\u00e1 kontrola a preventivn\u00ed \u00fadr\u017eba<\/h2>\n<ul>\n<li><strong>Napl\u00e1nujte si pravideln\u00e9 kontroly:<\/strong> Pravideln\u00e9 kontroly mohou odhalit opot\u0159eben\u00ed d\u0159\u00edve, ne\u017e zp\u016fsob\u00ed z\u00e1va\u017en\u00e9 probl\u00e9my. Hledejte zn\u00e1mky net\u011bsnost\u00ed, neobvykl\u00e9 zvuky a pokles v\u00fdkonu.<\/li>\n<li><strong>Implementujte mazac\u00ed protokoly:<\/strong> Stanovte si pl\u00e1n maz\u00e1n\u00ed v\u0161ech pohybliv\u00fdch \u010d\u00e1st\u00ed. To pom\u016f\u017ee udr\u017eet hladk\u00fd chod a sn\u00ed\u017eit opot\u0159eben\u00ed souvisej\u00edc\u00ed s t\u0159en\u00edm.<\/li>\n<li><strong>V\u00fdm\u011bna t\u011bsn\u011bn\u00ed a kontroly kalibrace:<\/strong> Pravideln\u011b kontrolujte stav t\u011bsn\u011bn\u00ed a v p\u0159\u00edpad\u011b pot\u0159eby je vym\u011b\u0148ujte. Kalibra\u010dn\u00ed kontroly zaji\u0161\u0165uj\u00ed, \u017ee hydraulick\u00e9 syst\u00e9my funguj\u00ed v optim\u00e1ln\u00edm tlaku, co\u017e zvy\u0161uje jejich v\u00fdkon a bezpe\u010dnost.<\/li>\n<\/ul>\n<h2>Pokyny pro spr\u00e1vnou instalaci produktu<\/h2>\n<p>Spr\u00e1vn\u00e1 instalace v\u00e1lce v\u00fdlo\u017en\u00edku je z\u00e1sadn\u00ed pro jeho v\u00fdkon a dlouhou \u017eivotnost. Za\u010dn\u011bte t\u00edm, \u017ee se ujist\u00edte, \u017ee mont\u00e1\u017en\u00ed povrchy jsou \u010dist\u00e9 a bez ne\u010distot. B\u011bhem instalace pou\u017eijte spr\u00e1vn\u00e9 vyrovn\u00e1n\u00ed; nespr\u00e1vn\u00e9 vyrovn\u00e1n\u00ed m\u016f\u017ee zp\u016fsobit p\u0159ed\u010dasn\u00e9 opot\u0159eben\u00ed nebo selh\u00e1n\u00ed. Pro bezpe\u010dnou stabilizaci v\u00e1lce pou\u017eijte vhodn\u00e9 mont\u00e1\u017en\u00ed konzoly. Po instalaci prove\u010fte d\u016fkladn\u00fd funk\u010dn\u00ed test, abyste p\u0159ed pln\u00fdm pou\u017eit\u00edm zajistili jeho spr\u00e1vn\u00fd provoz. Krom\u011b toho se b\u011bhem instalace seznamte se specifikacemi v\u00fdrobce ohledn\u011b nastaven\u00ed utahovac\u00edho momentu, abyste p\u0159ede\u0161li pozd\u011bj\u0161\u00edm probl\u00e9m\u016fm.<\/p>\n<h2>B\u011b\u017en\u00e9 \u00fakoly \u00fadr\u017eby<\/h2>\n<ul>\n<li><strong>Pravideln\u00e9 kontroly:<\/strong> \u010cast\u00e9 kontroly mohou pomoci v\u010das identifikovat probl\u00e9my, co\u017e umo\u017e\u0148uje v\u010dasn\u00e9 z\u00e1sahy a opravy. Tento proaktivn\u00ed p\u0159\u00edstup minimalizuje prostoje a prodlu\u017euje \u017eivotnost v\u00e1lc\u016f.<\/li>\n<li><strong>Spr\u00e1vn\u00e9 maz\u00e1n\u00ed:<\/strong> Pravideln\u00e9 maz\u00e1n\u00ed je nezbytn\u00e9 pro hladk\u00fd chod v\u00e1lce. Pou\u017e\u00edvejte hydraulick\u00fd olej doporu\u010den\u00fd v\u00fdrobcem a pe\u010dliv\u011b dodr\u017eujte pl\u00e1n maz\u00e1n\u00ed.<\/li>\n<li><strong>V\u00fdm\u011bna t\u011bsn\u011bn\u00ed a kontroly kalibrace:<\/strong> Postupem \u010dasu se t\u011bsn\u011bn\u00ed mohou opot\u0159ebovat a je nutn\u00e9 je vym\u011bnit, aby se zabr\u00e1nilo net\u011bsnostem. Kalibra\u010dn\u00ed kontroly zaji\u0161\u0165uj\u00ed, \u017ee hydraulick\u00e9 v\u00e1lce pracuj\u00ed s po\u017eadovan\u00fdm tlakem a zachov\u00e1vaj\u00ed si tak \u00fa\u010dinnost.<\/li>\n<\/ul>\n<h2>Bezpe\u010dnostn\u00ed aspekty a faktory prost\u0159ed\u00ed<\/h2>\n<p>P\u0159i provozu hydraulick\u00fdch v\u00e1lc\u016f je z\u00e1sadn\u00ed up\u0159ednostnit bezpe\u010dnostn\u00ed opat\u0159en\u00ed. To zahrnuje \u0161kolen\u00ed obsluhy v postupech bezpe\u010dn\u00e9 manipulace a zaji\u0161t\u011bn\u00ed pravideln\u00e9 kontroly a \u00fadr\u017eby ve\u0161ker\u00e9ho za\u0159\u00edzen\u00ed. Roli hraj\u00ed i environment\u00e1ln\u00ed aspekty; pou\u017e\u00edv\u00e1n\u00ed ekologick\u00fdch hydraulick\u00fdch kapalin m\u016f\u017ee sn\u00ed\u017eit nep\u0159\u00edzniv\u00e9 dopady na okoln\u00ed ekosyst\u00e9m a demonstrovat tak z\u00e1vazek k udr\u017eitelnosti v r\u00e1mci provozu.<\/p>\n<h2>Odstra\u0148ov\u00e1n\u00ed probl\u00e9m\u016f a b\u011b\u017en\u00e9 probl\u00e9my<\/h2>\n<ul>\n<li><strong>\u00danik:<\/strong> \u010casto je to zp\u016fsobeno opot\u0159ebovan\u00fdmi t\u011bsn\u011bn\u00edmi nebo po\u0161kozen\u00fdmi t\u011blesy v\u00e1lc\u016f. Pravideln\u00e9 kontroly mohou pomoci v\u010das odhalit net\u011bsnosti a zabr\u00e1nit \u00faniku kapaliny.<\/li>\n<li><strong>Pomal\u00fd provoz:<\/strong> To m\u016f\u017ee znamenat n\u00edzkou hladinu hydraulick\u00e9 kapaliny nebo pot\u0159ebu odvzdu\u0161n\u011bn\u00ed syst\u00e9mu k odstran\u011bn\u00ed zachycen\u00e9ho vzduchu. Pro obnoven\u00ed funkce tyto probl\u00e9my neprodlen\u011b \u0159e\u0161te.<\/li>\n<li><strong>Neobvykl\u00e9 zvuky:<\/strong> Sk\u0159\u00edpav\u00e9 nebo klepav\u00e9 zvuky mohou nazna\u010dovat mechanickou z\u00e1vadu nebo ne\u010distoty v syst\u00e9mu. Okam\u017eit\u011b prove\u010fte kontrolu, abyste p\u0159ede\u0161li dal\u0161\u00edmu po\u0161kozen\u00ed.<\/li>\n<\/ul>\n<p>Zav\u00e1d\u011bn\u00ed preventivn\u00edch opat\u0159en\u00ed, jako jsou pravideln\u00e9 kontroly \u00fadr\u017eby a zaji\u0161t\u011bn\u00ed pro\u0161kolen\u00ed obsluhy ve spr\u00e1vn\u00e9m pou\u017e\u00edv\u00e1n\u00ed, m\u016f\u017ee minimalizovat potenci\u00e1ln\u00ed probl\u00e9my a prodlou\u017eit \u017eivotnost v\u00e1lce v\u00fdlo\u017en\u00edku.<\/p>\n<p><img decoding=\"async\" src=\"https:\/\/www.hydraulic-cylinders.net\/wp-content\/uploads\/2025\/04\/songte-bushings-with-all-kinds-of-excavator-models.webp\" alt=\"Modely bagr\u016f\" \/><\/p>\n<h2>O na\u0161\u00ed spole\u010dnosti<\/h2>\n<p>Jsme p\u0159edn\u00edm v\u00fdrobcem a velkoobchodn\u00edm distributorem n\u00e1hradn\u00edch hydraulick\u00fdch v\u00e1lc\u016f a nab\u00edz\u00edme \u0161irokou \u0161k\u00e1lu produkt\u016f, kter\u00e9 uspokojuj\u00ed dom\u00e1c\u00ed i mezin\u00e1rodn\u00ed trhy. N\u00e1\u0161 z\u00e1vazek k dokonalosti se odr\u00e1\u017e\u00ed v na\u0161ich propracovan\u00fdch v\u00fdrobn\u00edch strategi\u00edch, kter\u00e9 vyu\u017e\u00edvaj\u00ed technick\u00e9 talenty, pokro\u010dil\u00e9 digit\u00e1ln\u00ed v\u00fdrobn\u00ed za\u0159\u00edzen\u00ed a profesion\u00e1ln\u00ed testovac\u00ed syst\u00e9my. Toto neust\u00e1l\u00e9 zlep\u0161ov\u00e1n\u00ed na\u0161\u00ed v\u00fdrobn\u00ed platformy zaji\u0161\u0165uje kvalitn\u00ed produkci, kter\u00e1 n\u00e1m umo\u017e\u0148uje uspokojovat rozmanit\u00e9 pot\u0159eby z\u00e1kazn\u00edk\u016f s vysokou efektivitou, p\u0159esnost\u00ed a kvalitou.<\/p>\n<h3>Na\u0161e profesion\u00e1ln\u00ed v\u00fdhoda<\/h3>\n<ul>\n<li><strong>Odbornost:<\/strong> N\u00e1\u0161 t\u00fdm se skl\u00e1d\u00e1 z kvalifikovan\u00fdch odborn\u00edk\u016f s rozs\u00e1hl\u00fdmi zku\u0161enostmi ve v\u00fdrob\u011b hydraulick\u00fdch v\u00e1lc\u016f, co\u017e zaru\u010duje \u0161pi\u010dkovou kvalitu a v\u00fdkon.<\/li>\n<li><strong>Mezin\u00e1rodn\u00ed certifikace:<\/strong> Dodr\u017eujeme r\u016fzn\u00e9 mezin\u00e1rodn\u00ed normy, co\u017e zaru\u010duje kvalitu a spolehlivost na\u0161ich produkt\u016f.<\/li>\n<li><strong>\u0158e\u0161en\u00ed na m\u00edru:<\/strong> Nab\u00edz\u00edme slu\u017eby na m\u00edru, kter\u00e9 spl\u0148uj\u00ed specifick\u00e9 po\u017eadavky z\u00e1kazn\u00edk\u016f, a zaji\u0161\u0165ujeme, aby na\u0161e produkty dokonale odpov\u00eddaly jejich provozn\u00edm pot\u0159eb\u00e1m.<\/li>\n<li><strong>Pokro\u010dil\u00e9 v\u00fdrobn\u00ed za\u0159\u00edzen\u00ed:<\/strong> Na\u0161e nejmodern\u011bj\u0161\u00ed v\u00fdrobn\u00ed za\u0159\u00edzen\u00ed jsou vybavena nejmodern\u011bj\u0161\u00ed technologi\u00ed, kter\u00e1 n\u00e1m umo\u017e\u0148uje efektivn\u011b vyr\u00e1b\u011bt vysoce kvalitn\u00ed hydraulick\u00e9 v\u00e1lce.<\/li>\n<li><strong>Poprodejn\u00ed podpora:<\/strong> Poskytujeme robustn\u00ed poprodejn\u00ed slu\u017eby, kter\u00e9 zaji\u0161\u0165uj\u00ed spokojenost z\u00e1kazn\u00edk\u016f a podporu po celou dobu \u017eivotn\u00edho cyklu produktu.<\/li>\n<\/ul>\n<p><img decoding=\"async\" src=\"https:\/\/www.hydraulic-cylinders.net\/wp-content\/uploads\/2025\/04\/songte-company-4.webp\" alt=\"P\u0159ehled spole\u010dnosti\" \/><br \/>\n<img decoding=\"async\" src=\"https:\/\/www.hydraulic-cylinders.net\/wp-content\/uploads\/2025\/04\/songte-company-3.webp\" alt=\"Za\u0159\u00edzen\u00ed spole\u010dnosti\" \/><\/p>\n<p>Autor: lyl<\/p>","protected":false},"excerpt":{"rendered":"<p>Boom Cylinder For Kato Small Excavator HD512R Overview of the Boom Cylinder The boom cylinder plays a crucial role in the hydraulic system of construction machinery, particularly in excavators. It is specifically designed to control the movement of the bucket and is essential for various heavy-duty applications. The boom cylinder allows the bucket to lift, [&hellip;]<\/p>","protected":false},"featured_media":17878,"comment_status":"open","ping_status":"closed","template":"","meta":{"_et_pb_use_builder":"","_et_pb_old_content":"","_et_gb_content_width":""},"product_brand":[],"product_cat":[1546],"product_tag":[1547,1496],"class_list":{"0":"post-19750","1":"product","2":"type-product","3":"status-publish","4":"has-post-thumbnail","6":"product_cat-boom-cylinders","7":"product_tag-boom-cylinders","8":"product_tag-hydraulic-cylinders","10":"first","11":"instock","12":"shipping-taxable","13":"product-type-simple"},"amp_enabled":true,"_links":{"self":[{"href":"https:\/\/www.hydraulic-cylinders.net\/cs\/wp-json\/wp\/v2\/product\/19750","targetHints":{"allow":["GET"]}}],"collection":[{"href":"https:\/\/www.hydraulic-cylinders.net\/cs\/wp-json\/wp\/v2\/product"}],"about":[{"href":"https:\/\/www.hydraulic-cylinders.net\/cs\/wp-json\/wp\/v2\/types\/product"}],"replies":[{"embeddable":true,"href":"https:\/\/www.hydraulic-cylinders.net\/cs\/wp-json\/wp\/v2\/comments?post=19750"}],"wp:featuredmedia":[{"embeddable":true,"href":"https:\/\/www.hydraulic-cylinders.net\/cs\/wp-json\/wp\/v2\/media\/17878"}],"wp:attachment":[{"href":"https:\/\/www.hydraulic-cylinders.net\/cs\/wp-json\/wp\/v2\/media?parent=19750"}],"wp:term":[{"taxonomy":"product_brand","embeddable":true,"href":"https:\/\/www.hydraulic-cylinders.net\/cs\/wp-json\/wp\/v2\/product_brand?post=19750"},{"taxonomy":"product_cat","embeddable":true,"href":"https:\/\/www.hydraulic-cylinders.net\/cs\/wp-json\/wp\/v2\/product_cat?post=19750"},{"taxonomy":"product_tag","embeddable":true,"href":"https:\/\/www.hydraulic-cylinders.net\/cs\/wp-json\/wp\/v2\/product_tag?post=19750"}],"curies":[{"name":"wp","href":"https:\/\/api.w.org\/{rel}","templated":true}]}}