{"id":20141,"date":"2025-05-11T14:31:41","date_gmt":"2025-05-11T14:31:41","guid":{"rendered":"https:\/\/www.hydraulic-cylinders.net\/?post_type=product&#038;p=20141"},"modified":"2025-05-12T05:30:19","modified_gmt":"2025-05-12T05:30:19","slug":"hydraulic-cylinders-for-crawler-crane","status":"publish","type":"product","link":"https:\/\/www.hydraulic-cylinders.net\/cs\/produkt\/hydraulic-cylinders-for-crawler-crane\/","title":{"rendered":"Hydraulick\u00e9 v\u00e1lce pro p\u00e1sov\u00e9 je\u0159\u00e1by"},"content":{"rendered":"<h1 style=\"text-align: center;\"><strong>Hydraulick\u00e9 v\u00e1lce pro p\u00e1sov\u00e9 je\u0159\u00e1by<\/strong><\/h1>\n<p><img loading=\"lazy\" decoding=\"async\" class=\"wp-image-20150 aligncenter\" src=\"https:\/\/www.hydraulic-cylinders.net\/wp-content\/uploads\/2025\/05\/hydraulic-cylinders-for-crawler-crane-scaled.webp\" alt=\"\" width=\"500\" height=\"500\" \/><\/p>\n<section id=\"introduction\">Hydraulick\u00fd v\u00e1lec pro p\u00e1sov\u00fd je\u0159\u00e1b od spole\u010dnosti Ever-Power Huachang Hydraulic je robustn\u00ed v\u00e1lec pro p\u00e1sov\u00fd je\u0159\u00e1b ur\u010den\u00fd pro zved\u00e1n\u00ed t\u011b\u017ek\u00fdch b\u0159emen, kompatibiln\u00ed s modely jako Liebherr LR 1300 a Manitowoc 14000. Tento hydraulick\u00fd v\u00e1lec pro zved\u00e1n\u00ed p\u00e1sov\u00fdm je\u0159\u00e1bem, navr\u017een\u00fd pro p\u0159esnost, zvy\u0161uje v\u00fdkon hydraulick\u00e9ho syst\u00e9mu je\u0159\u00e1bu ve stavebnictv\u00ed, t\u011b\u017eb\u011b a pr\u016fmyslov\u00fdch projektech a poskytuje spolehliv\u00fd v\u00fdkon a stabilitu pro n\u00e1ro\u010dn\u00e9 \u00fakoly.<\/section>\n<section id=\"specifications\">\n<h2><strong>Technick\u00e9 specifikace:<\/strong><\/h2>\n<p><strong>Funkce:<\/strong>\u00a0Pufrovac\u00ed efekt<br \/>\n<strong>Pr\u016fm\u011br v\u00e1lce:<\/strong>\u00a0120 mm\u2013300 mm<br \/>\n<strong>Pr\u016fm\u011br ty\u010de:<\/strong>\u00a0100 mm\u2013280 mm<br \/>\n<strong>Cestovat:<\/strong>\u00a0148 mm\u2013320 mm<br \/>\n<strong>Maxim\u00e1ln\u00ed tlak:<\/strong>\u00a040 MPa<br \/>\n<strong>Maxim\u00e1ln\u00ed tah:<\/strong>\u00a02463KN<\/p>\n<\/section>\n<section id=\"features\">\n<h2><strong>Kl\u00ed\u010dov\u00e9 vlastnosti hydraulick\u00e9ho v\u00e1lce pro p\u00e1sov\u00fd je\u0159\u00e1b:<\/strong><\/h2>\n<ul>\n<li><strong>Robustn\u00ed nosnost:<\/strong>\u00a0Hydraulick\u00fd v\u00e1lec pro p\u00e1sov\u00fd je\u0159\u00e1b nab\u00edz\u00ed vynikaj\u00edc\u00ed nosnost, co\u017e z n\u011bj \u010din\u00ed ide\u00e1ln\u00ed v\u00e1lec pro p\u00e1sov\u00fd je\u0159\u00e1b pro zved\u00e1n\u00ed t\u011b\u017ek\u00fdch b\u0159emen v n\u00e1ro\u010dn\u00fdch podm\u00ednk\u00e1ch.<\/li>\n<li><strong>Odoln\u00e1 konstrukce:<\/strong>\u00a0Tento odoln\u00fd hydraulick\u00fd v\u00e1lec, vyroben\u00fd z vysokopevnostn\u00ed oceli a opat\u0159en\u00fd korozivzdorn\u00fdm povlakem, odol\u00e1v\u00e1 n\u00e1ro\u010dn\u00fdm podm\u00ednk\u00e1m a zaji\u0161\u0165uje tak dlouhodob\u00fd v\u00fdkon v hydraulick\u00fdch syst\u00e9mech je\u0159\u00e1b\u016f.<\/li>\n<li><strong>P\u0159esn\u00e9 stroj\u00edrenstv\u00ed:<\/strong>\u00a0Tento pr\u016fmyslov\u00fd hydraulick\u00fd v\u00e1lec, navr\u017een\u00fd pro bezprobl\u00e9movou integraci s p\u00e1sov\u00fdmi je\u0159\u00e1by, zvy\u0161uje stabilitu a \u00fa\u010dinnost hydraulick\u00e9ho v\u00e1lce pro operace s p\u00e1sov\u00fdmi je\u0159\u00e1by.<\/li>\n<li><strong>Nen\u00e1ro\u010dn\u00e1 \u00fadr\u017eba:<\/strong>\u00a0D\u00edky pokro\u010dil\u00e9 technologii t\u011bsn\u011bn\u00ed minimalizuje v\u00e1lec p\u00e1sov\u00e9ho je\u0159\u00e1bu opot\u0159eben\u00ed, \u010d\u00edm\u017e sni\u017euje n\u00e1klady na \u00fadr\u017ebu a poskytuje spolehliv\u00fd hydraulick\u00fd v\u00e1lec pro zved\u00e1n\u00ed p\u00e1sov\u00fdm je\u0159\u00e1bem.<\/li>\n<\/ul>\n<\/section>\n<section id=\"applications\">\n<h2><strong>Pou\u017eit\u00ed hydraulick\u00e9ho v\u00e1lce pro p\u00e1sov\u00fd je\u0159\u00e1b:<\/strong><\/h2>\n<p><img loading=\"lazy\" decoding=\"async\" class=\"alignnone size-full wp-image-20166\" src=\"https:\/\/www.hydraulic-cylinders.net\/wp-content\/uploads\/2025\/05\/hydraulic-cylinder-application-1.webp\" alt=\"\" width=\"2048\" height=\"1152\" srcset=\"https:\/\/www.hydraulic-cylinders.net\/wp-content\/uploads\/2025\/05\/hydraulic-cylinder-application-1.webp 2048w, https:\/\/www.hydraulic-cylinders.net\/wp-content\/uploads\/2025\/05\/hydraulic-cylinder-application-1-1280x720.webp 1280w, https:\/\/www.hydraulic-cylinders.net\/wp-content\/uploads\/2025\/05\/hydraulic-cylinder-application-1-980x551.webp 980w, https:\/\/www.hydraulic-cylinders.net\/wp-content\/uploads\/2025\/05\/hydraulic-cylinder-application-1-480x270.webp 480w\" sizes=\"(min-width: 0px) and (max-width: 480px) 480px, (min-width: 481px) and (max-width: 980px) 980px, (min-width: 981px) and (max-width: 1280px) 1280px, (min-width: 1281px) 2048px, 100vw\" \/><\/p>\n<ul>\n<li><strong>Stavebn\u00ed projekty:<\/strong>\u00a0Hydraulick\u00fd v\u00e1lec pro p\u00e1sov\u00fd je\u0159\u00e1b vynik\u00e1 svou konstrukc\u00ed a poskytuje odoln\u00fd hydraulick\u00fd v\u00e1lec pro p\u00e1sov\u00e9 je\u0159\u00e1by, kter\u00fd umo\u017e\u0148uje p\u0159esn\u00e9 zved\u00e1n\u00ed ocelov\u00fdch nosn\u00edk\u016f a betonov\u00fdch desek.<\/li>\n<li><strong>T\u011b\u017eebn\u00ed operace:<\/strong>\u00a0Tento hydraulick\u00fd v\u00e1lec pro p\u00e1sov\u00fd je\u0159\u00e1b, ur\u010den\u00fd pro t\u011b\u017ebu, podporuje efektivn\u00ed zved\u00e1n\u00ed t\u011b\u017ek\u00fdch b\u0159emen, jako je ruda, a vylep\u0161uje tak provoz p\u00e1sov\u00e9ho je\u0159\u00e1bu v n\u00e1ro\u010dn\u00e9m ter\u00e9nu.<\/li>\n<li><strong>T\u011b\u017ek\u00e9 pr\u016fmyslov\u00e9 stroje:<\/strong>\u00a0Pr\u016fmyslov\u00fd hydraulick\u00fd v\u00e1lec pro t\u011b\u017ek\u00e9 stroje, ide\u00e1ln\u00ed pro pr\u016fmyslov\u00e9 prost\u0159ed\u00ed, zaji\u0161\u0165uje bezpe\u010dn\u00fd a spolehliv\u00fd provoz v tov\u00e1rn\u00e1ch a rozs\u00e1hl\u00fdch projektech.<\/li>\n<\/ul>\n<\/section>\n<section id=\"explore-more\">\n<h2><strong>Prozkoumejte dal\u0161\u00ed v\u00e1lce pro p\u00e1sov\u00e9 je\u0159\u00e1by:<\/strong><\/h2>\n<p>Nab\u00edz\u00edme tak\u00e9 \u0159adu dal\u0161\u00edch v\u00e1lc\u016f pro p\u00e1sov\u00e9 je\u0159\u00e1by, kter\u00e9 spl\u0148uj\u00ed rozmanit\u00e9 pot\u0159eby zved\u00e1n\u00ed. A\u0165 u\u017e pot\u0159ebujete hydraulick\u00fd v\u00e1lec pro provoz p\u00e1sov\u00e9ho je\u0159\u00e1bu nebo n\u00e1hradu v\u00e1lce pro p\u00e1sov\u00fd je\u0159\u00e1b, Ever-Power Huachang Hydraulic m\u00e1 \u0159e\u0161en\u00ed. Prohl\u00e9dn\u011bte si na\u0161i kompletn\u00ed nab\u00eddku <a href=\"https:\/\/www.hydraulic-cylinders.net\/cs\/mobile-crane-hydraulic-cylinders\/\">v\u00e1lce p\u00e1sov\u00fdch je\u0159\u00e1b\u016f<\/a>.<\/p>\n<h2 dir=\"auto\"><strong>Jak\u00fd je maxim\u00e1ln\u00ed pracovn\u00ed tlak hydraulick\u00e9ho v\u00e1lce pro p\u00e1sov\u00fd je\u0159\u00e1b?<\/strong><\/h2>\n<p dir=\"auto\">Maxim\u00e1ln\u00ed provozn\u00ed tlak hydraulick\u00e9ho v\u00e1lce pro p\u00e1sov\u00fd je\u0159\u00e1b je 350 bar\u016f, jak je uvedeno v \u010d\u00e1sti Technick\u00e9 specifikace na str\u00e1nce produktu. Tato schopnost vysok\u00e9ho tlaku zaji\u0161\u0165uje, \u017ee hydraulick\u00fd v\u00e1lec pro p\u00e1sov\u00fd je\u0159\u00e1b zvl\u00e1dne extr\u00e9mn\u00ed n\u00e1roky na zved\u00e1n\u00ed t\u011b\u017ek\u00fdch b\u0159emen a p\u0159esn\u00fd provoz v\u00e1lce p\u00e1sov\u00e9ho je\u0159\u00e1bu v n\u00e1ro\u010dn\u00fdch prost\u0159ed\u00edch, jako jsou staveni\u0161t\u011b, t\u011b\u017eebn\u00ed provozy a pr\u016fmyslov\u00e9 projekty. Jmenovit\u00fd tlak 350 bar\u016f odr\u00e1\u017e\u00ed robustn\u00ed konstrukci tohoto vysoce odoln\u00e9ho hydraulick\u00e9ho v\u00e1lce, kter\u00fd mu umo\u017e\u0148uje un\u00e9st zna\u010dn\u00e9 zat\u00ed\u017een\u00ed \u2013 a\u017e n\u011bkolik tun \u2013 a z\u00e1rove\u0148 zachovat struktur\u00e1ln\u00ed integritu a provozn\u00ed stabilitu v r\u00e1mci hydraulick\u00e9ho syst\u00e9mu je\u0159\u00e1bu.<\/p>\n<p dir=\"auto\">Tohoto prahov\u00e9ho tlaku je dosa\u017eeno pou\u017eit\u00edm vysoce pevn\u00e9 ocelov\u00e9 konstrukce a pokro\u010dil\u00e9 technologie t\u011bsn\u011bn\u00ed, kter\u00e1 zabra\u0148uje \u00fanik\u016fm a odol\u00e1v\u00e1 n\u00e1ro\u010dn\u00fdm podm\u00ednk\u00e1m nep\u0159etr\u017eit\u00e9ho pou\u017e\u00edv\u00e1n\u00ed v n\u00e1ro\u010dn\u00fdch podm\u00ednk\u00e1ch, jako je pra\u0161n\u00fd ter\u00e9n nebo vlhk\u00e9 pob\u0159e\u017en\u00ed oblasti. Hydraulick\u00fd v\u00e1lec pro zved\u00e1n\u00ed p\u00e1sov\u00fdmi je\u0159\u00e1by je nav\u00edc navr\u017een s p\u0159izp\u016fsobiteln\u00fdmi velikostmi otvor\u016f (180 mm a\u017e 300 mm) a d\u00e9lkami zdvihu (600 mm a\u017e 2500 mm), co\u017e mu umo\u017e\u0148uje p\u0159izp\u016fsobit se r\u016fzn\u00fdm tlakov\u00fdm po\u017eadavk\u016fm u r\u016fzn\u00fdch model\u016f p\u00e1sov\u00fdch je\u0159\u00e1b\u016f, jako jsou Liebherr LR 1300 a Manitowoc 14000.<\/p>\n<p dir=\"auto\">Kombinace t\u00e9to tlakov\u00e9 kapacity a odoln\u00e9 konstrukce minimalizuje opot\u0159eben\u00ed, sni\u017euje \u010detnost \u00fadr\u017eby a prodlu\u017euje \u017eivotnost pr\u016fmyslov\u00e9ho hydraulick\u00e9ho v\u00e1lce, co\u017e z n\u011bj \u010din\u00ed vynikaj\u00edc\u00ed n\u00e1hradu v\u00e1lce p\u00e1sov\u00fdch je\u0159\u00e1b\u016f pro oper\u00e1tory, kte\u0159\u00ed hledaj\u00ed spolehliv\u00fd v\u00fdkon v n\u00e1ro\u010dn\u00fdch aplikac\u00edch. Pro specifick\u00e9 \u00fapravy tlaku nebo podrobnosti o kompatibilit\u011b kontaktujte t\u00fdm odborn\u00edk\u016f spole\u010dnosti Ever-Power Huachang Hydraulic.<\/p>\n<\/section>\n<section id=\"company-introduction\">\n<h2><strong>O spole\u010dnosti Ever-Power Huachang Hydraulic:<\/strong><\/h2>\n<h2><img loading=\"lazy\" decoding=\"async\" class=\"alignnone size-full wp-image-16972\" src=\"https:\/\/www.hydraulic-cylinders.net\/wp-content\/uploads\/2025\/01\/hydraulic-cylinder-factory-1-scaled.webp\" alt=\"\" width=\"2016\" height=\"2560\" srcset=\"https:\/\/www.hydraulic-cylinders.net\/wp-content\/uploads\/2025\/01\/hydraulic-cylinder-factory-1-scaled.webp 2016w, https:\/\/www.hydraulic-cylinders.net\/wp-content\/uploads\/2025\/01\/hydraulic-cylinder-factory-1-1280x1625.webp 1280w, https:\/\/www.hydraulic-cylinders.net\/wp-content\/uploads\/2025\/01\/hydraulic-cylinder-factory-1-980x1244.webp 980w, https:\/\/www.hydraulic-cylinders.net\/wp-content\/uploads\/2025\/01\/hydraulic-cylinder-factory-1-480x610.webp 480w\" sizes=\"(min-width: 0px) and (max-width: 480px) 480px, (min-width: 481px) and (max-width: 980px) 980px, (min-width: 981px) and (max-width: 1280px) 1280px, (min-width: 1281px) 2016px, 100vw\" \/><\/h2>\n<p>Py\u0161n\u00edme se nejmodern\u011bj\u0161\u00ed nez\u00e1vislou platformou v\u00fdzkumu a v\u00fdvoje zam\u011b\u0159enou na mont\u00e1\u017e, kter\u00e1 zaji\u0161\u0165uje \u0161pi\u010dkov\u00e9 inovace a kvalitu v na\u0161ich v\u00fdrobn\u00edch procesech. Na\u0161e d\u00edlna na v\u00fdrobu v\u00e1lc\u016f pro vysokozdvi\u017en\u00e9 voz\u00edky disponuje \u010dty\u0159mi poloautomatick\u00fdmi mont\u00e1\u017en\u00edmi linkami pro zdvihac\u00ed v\u00e1lce a pln\u011b automatickou mont\u00e1\u017en\u00ed linkou pro nakl\u00e1p\u011bc\u00ed v\u00e1lce, kter\u00e9 jsou dohromady navr\u017eeny tak, aby vyr\u00e1b\u011bly a\u017e jeden milion kus\u016f ro\u010dn\u011b.<\/p>\n<p>Na\u0161e obr\u00e1b\u011bc\u00ed d\u00edlna disponuje zak\u00e1zkov\u00fdmi soustru\u017enick\u00fdmi centry pro nakl\u00e1p\u011bc\u00ed vodic\u00ed li\u0161ty, obr\u00e1b\u011bc\u00edmi centry, vysokorychlostn\u00edmi honovac\u00edmi stroji, sva\u0159ovac\u00edmi roboty a dal\u0161\u00edm nezbytn\u00fdm vybaven\u00edm. Toto nastaven\u00ed n\u00e1m umo\u017e\u0148uje obr\u00e1b\u011bt v\u00e1lcov\u00e9 trubky s maxim\u00e1ln\u00edm vnit\u0159n\u00edm pr\u016fm\u011brem 400 mm a d\u00e9lkou a\u017e 6 metr\u016f, co\u017e d\u00e1le zvy\u0161uje na\u0161e v\u00fdrobn\u00ed kapacity.<\/p>\n<p>Provozujeme pln\u011b automatickou linku na nan\u00e1\u0161en\u00ed barev na vodn\u00ed b\u00e1zi, speci\u00e1ln\u011b navr\u017eenou pro mal\u00e9 a st\u0159edn\u00ed tlakov\u00e9 lahve, s automatick\u00fdmi roboty pro nakl\u00e1d\u00e1n\u00ed, vykl\u00e1d\u00e1n\u00ed a st\u0159\u00edk\u00e1n\u00ed. Tento modern\u00ed syst\u00e9m se py\u0161n\u00ed v\u00fdrobn\u00ed kapacitou 4 000 kus\u016f za sm\u011bnu. Krom\u011b toho m\u00e1me poloautomatickou lakovac\u00ed linku pro velk\u00e9 tlakov\u00e9 lahve, poh\u00e1n\u011bnou \u0159et\u011bzov\u00fdm pohonem, s konstruk\u010dn\u00ed kapacitou 60 beden za sm\u011bnu.<\/p>\n<h2><img loading=\"lazy\" decoding=\"async\" class=\"alignnone size-full wp-image-16973\" src=\"https:\/\/www.hydraulic-cylinders.net\/wp-content\/uploads\/2025\/01\/hydraulic-cylinder-factory-2-scaled.webp\" alt=\"\" width=\"2011\" height=\"2560\" srcset=\"https:\/\/www.hydraulic-cylinders.net\/wp-content\/uploads\/2025\/01\/hydraulic-cylinder-factory-2-scaled.webp 2011w, https:\/\/www.hydraulic-cylinders.net\/wp-content\/uploads\/2025\/01\/hydraulic-cylinder-factory-2-1280x1629.webp 1280w, https:\/\/www.hydraulic-cylinders.net\/wp-content\/uploads\/2025\/01\/hydraulic-cylinder-factory-2-980x1248.webp 980w, https:\/\/www.hydraulic-cylinders.net\/wp-content\/uploads\/2025\/01\/hydraulic-cylinder-factory-2-480x611.webp 480w\" sizes=\"(min-width: 0px) and (max-width: 480px) 480px, (min-width: 481px) and (max-width: 980px) 980px, (min-width: 981px) and (max-width: 1280px) 1280px, (min-width: 1281px) 2011px, 100vw\" \/><\/h2>\n<p>Abychom zlep\u0161ili v\u00fdkon produkt\u016f a upevnili na\u0161i vedouc\u00ed pozici v odv\u011btv\u00ed hydraulick\u00fdch v\u00e1lc\u016f, nav\u00e1zali jsme partnerstv\u00ed se spole\u010dnost\u00ed ZJIMEE a z\u0159\u00eddili komplexn\u00ed v\u00fdkonnostn\u00ed laborato\u0159 zam\u011b\u0159enou na hydraulick\u00e9 v\u00e1lce, ventily a \u010derpadla. Tato pokro\u010dil\u00e1 laborato\u0159 vyu\u017e\u00edv\u00e1 po\u010d\u00edta\u010dem podporovan\u00e9 testov\u00e1n\u00ed s elektrohydraulickou technologi\u00ed, co\u017e umo\u017e\u0148uje p\u0159ednastaven\u00e9 zku\u0161ebn\u00ed podm\u00ednky, kter\u00e9 zlep\u0161uj\u00ed p\u0159esnost a v\u0161estrannost syst\u00e9mu. Automatizovan\u00fd proces sb\u011bru dat vyu\u017e\u00edv\u00e1 senzory ke shroma\u017e\u010fov\u00e1n\u00ed v\u00fdstupn\u00edch dat, jako je vnit\u0159n\u00ed net\u011bsnost a \u00fa\u010dinnost zat\u00ed\u017een\u00ed, kter\u00e1 jsou pot\u00e9 zpracov\u00e1na po\u010d\u00edta\u010dem a p\u0159evedena na standardn\u00ed jednotky (ml\/min%).<\/p>\n<p>Hydraulick\u00fd v\u00e1lec pro p\u00e1sov\u00e9 je\u0159\u00e1by je d\u016fkazem na\u0161eho zam\u011b\u0159en\u00ed na kvalitu a v\u00fdkon. Je navr\u017een jako vysoce odoln\u00fd hydraulick\u00fd v\u00e1lec pro zved\u00e1n\u00ed p\u00e1sov\u00fdmi je\u0159\u00e1by, zejm\u00e9na pro modely zna\u010dek Liebherr, Manitowoc a Kobelco. Na\u0161e produkty si z\u00edskaly d\u016fv\u011bru v\u00fdznamn\u00fdch v\u00fdrobc\u016f za\u0159\u00edzen\u00ed po cel\u00e9m sv\u011bt\u011b a spole\u010dnost Ever-Power Huachang Hydraulic je uzn\u00e1v\u00e1na jako l\u00eddr ve v\u00fdrob\u011b hydraulick\u00fdch v\u00e1lc\u016f.<\/p>\n<\/section>","protected":false},"excerpt":{"rendered":"<p>Hydraulic Cylinders for Crawler Crane The Hydraulic Cylinder for Crawler Crane from Ever-Power Huachang Hydraulic is a robust crawler crane cylinder designed for heavy-duty lifting, compatible with models like Liebherr LR 1300 and Manitowoc 14000. Engineered for precision, this hydraulic cylinder for crawler crane lifting enhances crane hydraulic system performance in construction, mining, and industrial [&hellip;]<\/p>","protected":false},"featured_media":20162,"comment_status":"open","ping_status":"closed","template":"","meta":{"_et_pb_use_builder":"","_et_pb_old_content":"","_et_gb_content_width":""},"product_brand":[],"product_cat":[1514],"product_tag":[],"class_list":{"0":"post-20141","1":"product","2":"type-product","3":"status-publish","4":"has-post-thumbnail","6":"product_cat-mobile-crane-hydraulic-cylinders","8":"first","9":"instock","10":"shipping-taxable","11":"product-type-simple"},"amp_enabled":true,"_links":{"self":[{"href":"https:\/\/www.hydraulic-cylinders.net\/cs\/wp-json\/wp\/v2\/product\/20141","targetHints":{"allow":["GET"]}}],"collection":[{"href":"https:\/\/www.hydraulic-cylinders.net\/cs\/wp-json\/wp\/v2\/product"}],"about":[{"href":"https:\/\/www.hydraulic-cylinders.net\/cs\/wp-json\/wp\/v2\/types\/product"}],"replies":[{"embeddable":true,"href":"https:\/\/www.hydraulic-cylinders.net\/cs\/wp-json\/wp\/v2\/comments?post=20141"}],"wp:featuredmedia":[{"embeddable":true,"href":"https:\/\/www.hydraulic-cylinders.net\/cs\/wp-json\/wp\/v2\/media\/20162"}],"wp:attachment":[{"href":"https:\/\/www.hydraulic-cylinders.net\/cs\/wp-json\/wp\/v2\/media?parent=20141"}],"wp:term":[{"taxonomy":"product_brand","embeddable":true,"href":"https:\/\/www.hydraulic-cylinders.net\/cs\/wp-json\/wp\/v2\/product_brand?post=20141"},{"taxonomy":"product_cat","embeddable":true,"href":"https:\/\/www.hydraulic-cylinders.net\/cs\/wp-json\/wp\/v2\/product_cat?post=20141"},{"taxonomy":"product_tag","embeddable":true,"href":"https:\/\/www.hydraulic-cylinders.net\/cs\/wp-json\/wp\/v2\/product_tag?post=20141"}],"curies":[{"name":"wp","href":"https:\/\/api.w.org\/{rel}","templated":true}]}}