{"id":20144,"date":"2025-05-11T14:42:32","date_gmt":"2025-05-11T14:42:32","guid":{"rendered":"https:\/\/www.hydraulic-cylinders.net\/?post_type=product&#038;p=20144"},"modified":"2025-05-12T05:30:31","modified_gmt":"2025-05-12T05:30:31","slug":"power-pin-hydraulic-cylinders-for-crawler-crane","status":"publish","type":"product","link":"https:\/\/www.hydraulic-cylinders.net\/cs\/produkt\/power-pin-hydraulic-cylinders-for-crawler-crane\/","title":{"rendered":"Hydraulick\u00e9 v\u00e1lce s v\u00fdkonov\u00fdm \u010depem pro p\u00e1sov\u00fd je\u0159\u00e1b"},"content":{"rendered":"<h1 style=\"text-align: center;\"><strong>Hydraulick\u00e9 v\u00e1lce s v\u00fdkonov\u00fdm \u010depem pro p\u00e1sov\u00fd je\u0159\u00e1b<\/strong><\/h1>\n<p><img loading=\"lazy\" decoding=\"async\" class=\"wp-image-20152 aligncenter\" src=\"https:\/\/www.hydraulic-cylinders.net\/wp-content\/uploads\/2025\/05\/pin-shaft-hydraulic-cylinders-for-crawler-crane-2-scaled.webp\" alt=\"\" width=\"500\" height=\"500\" \/><\/p>\n<p>Hydraulick\u00e9 v\u00e1lce s \u010depovou h\u0159\u00eddel\u00ed pro p\u00e1sov\u00e9 je\u0159\u00e1by, hrd\u011b vyroben\u00e9 spole\u010dnost\u00ed Ever-Power Huachang Hydraulic, p\u0159edstavuj\u00ed vrchol in\u017een\u00fdrsk\u00e9 dokonalosti jako robustn\u00ed v\u00e1lec s \u010depovou h\u0159\u00eddel\u00ed, navr\u017een\u00fd speci\u00e1ln\u011b pro n\u00e1ro\u010dn\u00e9 po\u017eadavky zved\u00e1n\u00ed t\u011b\u017ek\u00fdch b\u0159emen v provozu p\u00e1sov\u00fdch je\u0159\u00e1b\u016f. Tento hydraulick\u00fd v\u00e1lec s konstrukc\u00ed \u010depov\u00e9 h\u0159\u00eddele, kompatibiln\u00ed s p\u0159edn\u00edmi modely, poskytuje bezkonkuren\u010dn\u00ed stabilitu a p\u0159esnost, co\u017e z n\u011bj \u010din\u00ed ide\u00e1ln\u00ed v\u00e1lec pro p\u00e1sov\u00e9 je\u0159\u00e1by na staveni\u0161t\u00edch, v t\u011b\u017eebn\u00edch provozech a ve velk\u00fdch pr\u016fmyslov\u00fdch projektech. Tento robustn\u00ed hydraulick\u00fd v\u00e1lec, vyroben\u00fd z vysokopevnostn\u00ed legovan\u00e9 oceli a opat\u0159en\u00fd pokro\u010dil\u00fdm antikorozn\u00edm povlakem, zaji\u0161\u0165uje odolnost a spolehlivost i v nejn\u00e1ro\u010dn\u011bj\u0161\u00edch prost\u0159ed\u00edch, jako je pra\u0161n\u00fd ter\u00e9n, vlhk\u00e9 pob\u0159e\u017en\u00ed oblasti nebo pracovi\u0161t\u011b ve vysok\u00fdch nadmo\u0159sk\u00fdch v\u00fd\u0161k\u00e1ch. Tento hydraulick\u00fd v\u00e1lec s \u010depovou h\u0159\u00eddel\u00ed pro p\u00e1sov\u00e9 je\u0159\u00e1by integruje unik\u00e1tn\u00ed mechanismus \u010depov\u00e9 h\u0159\u00eddele, kter\u00fd optimalizuje rozlo\u017een\u00ed zat\u00ed\u017een\u00ed a zvy\u0161uje bezpe\u010dnost p\u0159i zdvihac\u00edch \u00fakonech, zat\u00edmco jeho p\u0159izp\u016fsobiteln\u00e9 velikosti otvor\u016f (180 mm a\u017e 300 mm) a d\u00e9lky zdvihu (1000 mm a\u017e 4000 mm) umo\u017e\u0148uj\u00ed p\u0159izp\u016fsoben\u00fd v\u00fdkon rozmanit\u00fdm provozn\u00edm pot\u0159eb\u00e1m. Tento vysoce odoln\u00fd hydraulick\u00fd v\u00e1lec s \u010depov\u00fdm mechanismem, podpo\u0159en\u00fd na\u0161\u00edm nejmodern\u011bj\u0161\u00edm v\u00fdrobn\u00edm za\u0159\u00edzen\u00edm a p\u0159\u00edsn\u00fdmi testovac\u00edmi standardy, je d\u016fkazem na\u0161eho z\u00e1vazku ke kvalit\u011b a nab\u00edz\u00ed spolehliv\u00e9 \u0159e\u0161en\u00ed pro oper\u00e1tory, kte\u0159\u00ed hledaj\u00ed v\u00e1lec p\u00e1sov\u00e9ho je\u0159\u00e1bu s \u010depov\u00fdm mechanismem pro maximalizaci efektivity a minimalizaci prostoj\u016f.<\/p>\n<section id=\"specifications\">\n<h2><strong>Technick\u00e9 specifikace:<\/strong><\/h2>\n<p><strong>Funkce:<\/strong>\u00a0Ovl\u00e1d\u00e1n\u00ed pohybu r\u00e1mu ramene<br \/>\n<strong>Pr\u016fm\u011br v\u00e1lce:<\/strong>\u00a050 mm\u2013125 mm<br \/>\n<strong>Pr\u016fm\u011br ty\u010de:<\/strong>\u00a025 mm\u201375 mm<br \/>\n<strong>Cestovat:<\/strong>\u00a0160 mm\u2013390 mm<br \/>\n<strong>Maxim\u00e1ln\u00ed tlak:<\/strong>\u00a025 MPa<br \/>\n<strong>Maxim\u00e1ln\u00ed tah:<\/strong>\u00a0307 kn<\/p>\n<\/section>\n<section id=\"features\">\n<h2><strong>Kl\u00ed\u010dov\u00e9 vlastnosti hydraulick\u00fdch v\u00e1lc\u016f s \u010depov\u00fdm h\u0159\u00eddelem pro p\u00e1sov\u00fd je\u0159\u00e1b:<\/strong><\/h2>\n<ul>\n<li><strong>Zv\u00fd\u0161en\u00e1 stabilita h\u0159\u00eddele \u010depu:<\/strong>\u00a0Hydraulick\u00e9 v\u00e1lce s \u010depov\u00fdm h\u0159\u00eddelem pro p\u00e1sov\u00e9 je\u0159\u00e1by se vyzna\u010duj\u00ed konstrukc\u00ed v\u00e1lce s \u010depov\u00fdm h\u0159\u00eddelem, kter\u00e1 zlep\u0161uje rozlo\u017een\u00ed zat\u00ed\u017een\u00ed a zaji\u0161\u0165uje stabilitu p\u0159i zved\u00e1n\u00ed t\u011b\u017ek\u00fdch b\u0159emen.<\/li>\n<li><strong>Konstrukce odoln\u00e1 proti korozi:<\/strong>\u00a0Tento odoln\u00fd hydraulick\u00fd v\u00e1lec, vyroben\u00fd z vysokopevnostn\u00ed legovan\u00e9 oceli a opat\u0159en\u00fd antikorozn\u00edm povlakem, odol\u00e1v\u00e1 n\u00e1ro\u010dn\u00fdm podm\u00ednk\u00e1m, jako jsou pra\u0161n\u00e1 m\u00edsta a vlhk\u00e9 podm\u00ednky.<\/li>\n<li><strong>P\u0159esn\u00e1 manipulace s n\u00e1kladem:<\/strong>\u00a0Hydraulick\u00fd v\u00e1lec s konstrukc\u00ed \u010depov\u00e9 h\u0159\u00eddele nab\u00edz\u00ed p\u0159esn\u00e9 ovl\u00e1d\u00e1n\u00ed pohybu, co\u017e z n\u011bj \u010din\u00ed spolehliv\u00fd v\u00e1lec p\u00e1sov\u00e9ho je\u0159\u00e1bu pro n\u00e1ro\u010dn\u00e9 pr\u016fmyslov\u00e9 \u00fakoly.<\/li>\n<li><strong>N\u00edzk\u00e1 \u00fadr\u017eba a trvanlivost:<\/strong>\u00a0D\u00edky pokro\u010dil\u00e9 technologii t\u011bsn\u011bn\u00ed minimalizuje tento hydraulick\u00fd v\u00e1lec s \u010depov\u00fdm h\u0159\u00eddelem opot\u0159eben\u00ed a sni\u017euje tak n\u00e1roky na \u00fadr\u017ebu u p\u00e1sov\u00fdch je\u0159\u00e1b\u016f.<\/li>\n<\/ul>\n<\/section>\n<section id=\"applications\">\n<h2><strong>Pou\u017eit\u00ed hydraulick\u00fdch v\u00e1lc\u016f s \u010depov\u00fdm h\u0159\u00eddelem pro p\u00e1sov\u00e9 je\u0159\u00e1by:<\/strong><\/h2>\n<p><img loading=\"lazy\" decoding=\"async\" class=\"size-full wp-image-20167 aligncenter\" src=\"https:\/\/www.hydraulic-cylinders.net\/wp-content\/uploads\/2025\/05\/Power-Pin-Hydraulic-Cylinders-for-Crawler-Crane-application.webp\" alt=\"\" width=\"1643\" height=\"945\" srcset=\"https:\/\/www.hydraulic-cylinders.net\/wp-content\/uploads\/2025\/05\/Power-Pin-Hydraulic-Cylinders-for-Crawler-Crane-application.webp 1643w, https:\/\/www.hydraulic-cylinders.net\/wp-content\/uploads\/2025\/05\/Power-Pin-Hydraulic-Cylinders-for-Crawler-Crane-application-1280x736.webp 1280w, https:\/\/www.hydraulic-cylinders.net\/wp-content\/uploads\/2025\/05\/Power-Pin-Hydraulic-Cylinders-for-Crawler-Crane-application-980x564.webp 980w, https:\/\/www.hydraulic-cylinders.net\/wp-content\/uploads\/2025\/05\/Power-Pin-Hydraulic-Cylinders-for-Crawler-Crane-application-480x276.webp 480w\" sizes=\"(min-width: 0px) and (max-width: 480px) 480px, (min-width: 481px) and (max-width: 980px) 980px, (min-width: 981px) and (max-width: 1280px) 1280px, (min-width: 1281px) 1643px, 100vw\" \/><\/p>\n<ul>\n<li><strong>Staveni\u0161t\u011b:<\/strong>\u00a0Hydraulick\u00fd v\u00e1lec s \u010depovou h\u0159\u00eddel\u00ed pro zved\u00e1n\u00ed t\u011b\u017ek\u00fdch b\u0159emen zaji\u0161\u0165uje bezpe\u010dn\u00e9 a stabiln\u00ed zved\u00e1n\u00ed ocelov\u00fdch nosn\u00edk\u016f a betonov\u00fdch desek ve stavebn\u00edch projektech pomoc\u00ed v\u00e1lc\u016f p\u00e1sov\u00fdch je\u0159\u00e1b\u016f.<\/li>\n<li><strong>T\u011b\u017eebn\u00ed operace:<\/strong>\u00a0Tento hydraulick\u00fd v\u00e1lec s \u010depovou h\u0159\u00eddel\u00ed, ur\u010den\u00fd pro t\u011b\u017ebu, podporuje efektivn\u00ed manipulaci s rudou a za\u0159\u00edzen\u00edmi v n\u00e1ro\u010dn\u00e9m ter\u00e9nu.<\/li>\n<li><strong>T\u011b\u017ek\u00e9 pr\u016fmyslov\u00e9 zved\u00e1n\u00ed:<\/strong>\u00a0Hydraulick\u00fd v\u00e1lec s \u010depovou h\u0159\u00eddel\u00ed je ide\u00e1ln\u00ed pro pr\u016fmyslov\u00e9 prost\u0159ed\u00ed a zvy\u0161uje v\u00fdkon v tov\u00e1rn\u00e1ch a na velk\u00fdch projektech vy\u017eaduj\u00edc\u00edch p\u0159esn\u00e9 je\u0159\u00e1bov\u00e9 operace.<\/li>\n<\/ul>\n<\/section>\n<section id=\"explore-more\">\n<h2><strong>Prozkoumejte dal\u0161\u00ed v\u00e1lce pro p\u00e1sov\u00e9 je\u0159\u00e1by:<\/strong><\/h2>\n<p>Nab\u00edz\u00edme tak\u00e9 \u0159adu dal\u0161\u00edch v\u00e1lc\u016f pro p\u00e1sov\u00e9 je\u0159\u00e1by, kter\u00e9 spl\u0148uj\u00ed rozmanit\u00e9 pot\u0159eby zved\u00e1n\u00ed. A\u0165 u\u017e pot\u0159ebujete v\u00e1lec s \u010depov\u00fdm h\u0159\u00eddelem pro t\u011b\u017ek\u00e9 zved\u00e1n\u00ed nebo n\u00e1hradu v\u00e1lce pro p\u00e1sov\u00fd je\u0159\u00e1b, Ever-Power Huachang Hydraulic m\u00e1 \u0159e\u0161en\u00ed. Prohl\u00e9dn\u011bte si na\u0161i kompletn\u00ed nab\u00eddku <a href=\"https:\/\/www.hydraulic-cylinders.net\/cs\/mobile-crane-hydraulic-cylinders\/\">v\u00e1lce p\u00e1sov\u00fdch je\u0159\u00e1b\u016f<\/a>.<\/p>\n<\/section>\n<h2 dir=\"auto\"><strong>Co d\u011bl\u00e1 hydraulick\u00e9 v\u00e1lce s \u010depov\u00fdm h\u0159\u00eddelem pro p\u00e1sov\u00e9 je\u0159\u00e1by vhodn\u00fdmi pro zved\u00e1n\u00ed t\u011b\u017ek\u00fdch t\u011b\u017ek\u00fdch v\u011bc\u00ed?<\/strong><\/h2>\n<p dir=\"auto\">Hydraulick\u00e9 v\u00e1lce s \u010depovou h\u0159\u00eddel\u00ed pro p\u00e1sov\u00e9 je\u0159\u00e1by jsou mimo\u0159\u00e1dn\u011b vhodn\u00e9 pro zved\u00e1n\u00ed t\u011b\u017ek\u00fdch b\u0159emen d\u00edky kombinaci pokro\u010dil\u00fdch konstruk\u010dn\u00edch prvk\u016f a robustn\u00edho v\u00fdb\u011bru materi\u00e1l\u016f p\u0159izp\u016fsoben\u00fdch n\u00e1ro\u010dn\u00fdm po\u017eadavk\u016fm provozu p\u00e1sov\u00fdch je\u0159\u00e1b\u016f. Konfigurace v\u00e1lce s \u010depovou h\u0159\u00eddel\u00ed je j\u00e1drem sv\u00e9 konstrukce a zlep\u0161uje rozlo\u017een\u00ed zat\u00ed\u017een\u00ed t\u00edm, \u017ee poskytuje stabiln\u00ed oto\u010dn\u00fd bod, kter\u00fd minimalizuje koncentraci nap\u011bt\u00ed b\u011bhem zved\u00e1n\u00ed, a zaji\u0161\u0165uje, \u017ee hydraulick\u00fd v\u00e1lec pro p\u00e1sov\u00e9 je\u0159\u00e1by zvl\u00e1dne zna\u010dn\u00e9 n\u00e1klady \u2013 \u010dasto n\u011bkolik tun \u2013 bez ohro\u017een\u00ed struktur\u00e1ln\u00ed integrity. Tento hydraulick\u00fd v\u00e1lec s \u010depovou h\u0159\u00eddel\u00ed s maxim\u00e1ln\u00edm provozn\u00edm tlakem 350 bar\u016f, jak je uvedeno v technick\u00fdch \u00fadaj\u00edch, dod\u00e1v\u00e1 pot\u0159ebnou s\u00edlu pro zved\u00e1n\u00ed t\u011b\u017ek\u00fdch materi\u00e1l\u016f, jako jsou ocelov\u00e9 nosn\u00edky nebo betonov\u00e9 desky ve stavebn\u00edch projektech, a tak\u00e9 rudy a za\u0159\u00edzen\u00ed v t\u011b\u017eebn\u00edch provozech.<\/p>\n<p dir=\"auto\">Pou\u017eit\u00ed vysokopevnostn\u00ed legovan\u00e9 oceli ve spojen\u00ed s antikorozn\u00edm povlakem zaji\u0161\u0165uje, \u017ee tento odoln\u00fd hydraulick\u00fd v\u00e1lec odol\u00e1 n\u00e1ro\u010dn\u00fdm podm\u00ednk\u00e1m prost\u0159ed\u00ed, jako jsou pra\u0161n\u00e1 staveni\u0161t\u011b, vlhk\u00e9 pob\u0159e\u017en\u00ed oblasti nebo pr\u016fmyslov\u00e9 projekty ve vysok\u00fdch nadmo\u0159sk\u00fdch v\u00fd\u0161k\u00e1ch, a t\u00edm si zachov\u00e1v\u00e1 konzistentn\u00ed v\u00fdkon a dlouhou \u017eivotnost. Hydraulick\u00fd v\u00e1lec s konstrukc\u00ed \u010depov\u00e9 h\u0159\u00eddele nav\u00edc nab\u00edz\u00ed p\u0159esn\u00e9 ovl\u00e1d\u00e1n\u00ed pohybu, \u010d\u00edm\u017e sni\u017euje riziko k\u00fdv\u00e1n\u00ed nebo nesouososti b\u0159emene b\u011bhem je\u0159\u00e1bov\u00fdch operac\u00ed, co\u017e je z\u00e1sadn\u00ed pro bezpe\u010dnost a efektivitu p\u0159i zved\u00e1n\u00ed t\u011b\u017ek\u00fdch b\u0159emen. Pokro\u010dil\u00e1 technologie t\u011bsn\u011bn\u00ed integrovan\u00e1 do v\u00e1lce p\u00e1sov\u00e9ho je\u0159\u00e1bu minimalizuje vnit\u0159n\u00ed net\u011bsnosti a opot\u0159eben\u00ed, \u010d\u00edm\u017e zvy\u0161uje odolnost a sni\u017euje \u010detnost \u00fadr\u017eby, co\u017e je kl\u00ed\u010dov\u00e9 hledisko pro oper\u00e1tory, kte\u0159\u00ed hledaj\u00ed spolehliv\u00fd v\u00e1lec p\u00e1sov\u00e9ho je\u0159\u00e1bu s \u010depov\u00fdm mechanismem.<\/p>\n<p dir=\"auto\">D\u00edky p\u0159izp\u016fsobiteln\u00fdm velikostem otvor\u016f (180 mm a\u017e 300 mm) a d\u00e9lk\u00e1m zdvihu (1000 mm a\u017e 4000 mm) lze tento hydraulick\u00fd v\u00e1lec s \u010depovou h\u0159\u00eddel\u00ed pro t\u011b\u017ek\u00e9 zved\u00e1n\u00ed p\u0159izp\u016fsobit specifick\u00fdm po\u017eadavk\u016fm na zved\u00e1n\u00ed, co\u017e zaji\u0161\u0165uje optim\u00e1ln\u00ed v\u00fdkon u r\u016fzn\u00fdch model\u016f p\u00e1sov\u00fdch je\u0159\u00e1b\u016f, jako jsou Liebherr LR 1300 a Manitowoc 14000. D\u00edky nejmodern\u011bj\u0161\u00edm v\u00fdrobn\u00edm a p\u0159\u00edsn\u00fdm testovac\u00edm standard\u016fm spole\u010dnosti Ever-Power Huachang Hydraulic, v\u010detn\u011b posouzen\u00ed \u00fa\u010dinnosti zat\u00ed\u017een\u00ed a vnit\u0159n\u00edch t\u011bsnost\u00ed, vynik\u00e1 tento v\u00e1lec s \u010depovou h\u0159\u00eddel\u00ed pro t\u011b\u017ek\u00e9 zved\u00e1n\u00ed jako spolehliv\u00e9 \u0159e\u0161en\u00ed pro pr\u016fmyslov\u00e9 aplikace, kter\u00e9 nab\u00edz\u00ed p\u0159esnost i odolnost pro maximalizaci provozn\u00ed efektivity a bezpe\u010dnosti.<\/p>\n<section id=\"company-introduction\">\n<h2><strong>O spole\u010dnosti Ever-Power Huachang Hydraulic:<\/strong><\/h2>\n<h2><img loading=\"lazy\" decoding=\"async\" class=\"alignnone size-full wp-image-16972\" src=\"https:\/\/www.hydraulic-cylinders.net\/wp-content\/uploads\/2025\/01\/hydraulic-cylinder-factory-1-scaled.webp\" alt=\"\" width=\"2016\" height=\"2560\" srcset=\"https:\/\/www.hydraulic-cylinders.net\/wp-content\/uploads\/2025\/01\/hydraulic-cylinder-factory-1-scaled.webp 2016w, https:\/\/www.hydraulic-cylinders.net\/wp-content\/uploads\/2025\/01\/hydraulic-cylinder-factory-1-1280x1625.webp 1280w, https:\/\/www.hydraulic-cylinders.net\/wp-content\/uploads\/2025\/01\/hydraulic-cylinder-factory-1-980x1244.webp 980w, https:\/\/www.hydraulic-cylinders.net\/wp-content\/uploads\/2025\/01\/hydraulic-cylinder-factory-1-480x610.webp 480w\" sizes=\"(min-width: 0px) and (max-width: 480px) 480px, (min-width: 481px) and (max-width: 980px) 980px, (min-width: 981px) and (max-width: 1280px) 1280px, (min-width: 1281px) 2016px, 100vw\" \/><\/h2>\n<p>Py\u0161n\u00edme se nejmodern\u011bj\u0161\u00ed nez\u00e1vislou platformou v\u00fdzkumu a v\u00fdvoje zam\u011b\u0159enou na mont\u00e1\u017e, kter\u00e1 zaji\u0161\u0165uje \u0161pi\u010dkov\u00e9 inovace a kvalitu v na\u0161ich v\u00fdrobn\u00edch procesech. Na\u0161e d\u00edlna na v\u00fdrobu v\u00e1lc\u016f pro vysokozdvi\u017en\u00e9 voz\u00edky disponuje \u010dty\u0159mi poloautomatick\u00fdmi mont\u00e1\u017en\u00edmi linkami pro zdvihac\u00ed v\u00e1lce a pln\u011b automatickou mont\u00e1\u017en\u00ed linkou pro nakl\u00e1p\u011bc\u00ed v\u00e1lce, kter\u00e9 jsou dohromady navr\u017eeny tak, aby vyr\u00e1b\u011bly a\u017e jeden milion kus\u016f ro\u010dn\u011b.<\/p>\n<p>Na\u0161e obr\u00e1b\u011bc\u00ed d\u00edlna disponuje zak\u00e1zkov\u00fdmi soustru\u017enick\u00fdmi centry pro nakl\u00e1p\u011bc\u00ed vodic\u00ed li\u0161ty, obr\u00e1b\u011bc\u00edmi centry, vysokorychlostn\u00edmi honovac\u00edmi stroji, sva\u0159ovac\u00edmi roboty a dal\u0161\u00edm nezbytn\u00fdm vybaven\u00edm. Toto nastaven\u00ed n\u00e1m umo\u017e\u0148uje obr\u00e1b\u011bt v\u00e1lcov\u00e9 trubky s maxim\u00e1ln\u00edm vnit\u0159n\u00edm pr\u016fm\u011brem 400 mm a d\u00e9lkou a\u017e 6 metr\u016f, co\u017e d\u00e1le zvy\u0161uje na\u0161e v\u00fdrobn\u00ed kapacity.<\/p>\n<p>Provozujeme pln\u011b automatickou linku na nan\u00e1\u0161en\u00ed barev na vodn\u00ed b\u00e1zi, speci\u00e1ln\u011b navr\u017eenou pro mal\u00e9 a st\u0159edn\u00ed tlakov\u00e9 lahve, s automatick\u00fdmi roboty pro nakl\u00e1d\u00e1n\u00ed, vykl\u00e1d\u00e1n\u00ed a st\u0159\u00edk\u00e1n\u00ed. Tento modern\u00ed syst\u00e9m se py\u0161n\u00ed v\u00fdrobn\u00ed kapacitou 4 000 kus\u016f za sm\u011bnu. Krom\u011b toho m\u00e1me poloautomatickou lakovac\u00ed linku pro velk\u00e9 tlakov\u00e9 lahve, poh\u00e1n\u011bnou \u0159et\u011bzov\u00fdm pohonem, s konstruk\u010dn\u00ed kapacitou 60 beden za sm\u011bnu.<\/p>\n<h2><img loading=\"lazy\" decoding=\"async\" class=\"alignnone size-full wp-image-16973\" src=\"https:\/\/www.hydraulic-cylinders.net\/wp-content\/uploads\/2025\/01\/hydraulic-cylinder-factory-2-scaled.webp\" alt=\"\" width=\"2011\" height=\"2560\" srcset=\"https:\/\/www.hydraulic-cylinders.net\/wp-content\/uploads\/2025\/01\/hydraulic-cylinder-factory-2-scaled.webp 2011w, https:\/\/www.hydraulic-cylinders.net\/wp-content\/uploads\/2025\/01\/hydraulic-cylinder-factory-2-1280x1629.webp 1280w, https:\/\/www.hydraulic-cylinders.net\/wp-content\/uploads\/2025\/01\/hydraulic-cylinder-factory-2-980x1248.webp 980w, https:\/\/www.hydraulic-cylinders.net\/wp-content\/uploads\/2025\/01\/hydraulic-cylinder-factory-2-480x611.webp 480w\" sizes=\"(min-width: 0px) and (max-width: 480px) 480px, (min-width: 481px) and (max-width: 980px) 980px, (min-width: 981px) and (max-width: 1280px) 1280px, (min-width: 1281px) 2011px, 100vw\" \/><\/h2>\n<p>Abychom zlep\u0161ili v\u00fdkon produkt\u016f a upevnili na\u0161i vedouc\u00ed pozici v odv\u011btv\u00ed hydraulick\u00fdch v\u00e1lc\u016f, nav\u00e1zali jsme partnerstv\u00ed se spole\u010dnost\u00ed ZJIMEE a z\u0159\u00eddili komplexn\u00ed v\u00fdkonnostn\u00ed laborato\u0159 zam\u011b\u0159enou na hydraulick\u00e9 v\u00e1lce, ventily a \u010derpadla. Tato pokro\u010dil\u00e1 laborato\u0159 vyu\u017e\u00edv\u00e1 po\u010d\u00edta\u010dem podporovan\u00e9 testov\u00e1n\u00ed s elektrohydraulickou technologi\u00ed, co\u017e umo\u017e\u0148uje p\u0159ednastaven\u00e9 zku\u0161ebn\u00ed podm\u00ednky, kter\u00e9 zlep\u0161uj\u00ed p\u0159esnost a v\u0161estrannost syst\u00e9mu. Automatizovan\u00fd proces sb\u011bru dat vyu\u017e\u00edv\u00e1 senzory ke shroma\u017e\u010fov\u00e1n\u00ed v\u00fdstupn\u00edch dat, jako je vnit\u0159n\u00ed net\u011bsnost a \u00fa\u010dinnost zat\u00ed\u017een\u00ed, kter\u00e1 jsou pot\u00e9 zpracov\u00e1na po\u010d\u00edta\u010dem a p\u0159evedena na standardn\u00ed jednotky (ml\/min%).<\/p>\n<p>Hydraulick\u00e9 v\u00e1lce s \u010depov\u00fdm h\u0159\u00eddelem pro p\u00e1sov\u00e9 je\u0159\u00e1by jsou d\u016fkazem na\u0161eho zam\u011b\u0159en\u00ed na kvalitu a v\u00fdkon. Jsou navr\u017eeny jako vysoce odoln\u00e9 hydraulick\u00e9 v\u00e1lce pro operace s p\u00e1sov\u00fdmi je\u0159\u00e1by, zejm\u00e9na pro modely zna\u010dek Liebherr, Manitowoc a Kobelco. Na\u0161e produkty si z\u00edskaly d\u016fv\u011bru v\u00fdznamn\u00fdch v\u00fdrobc\u016f za\u0159\u00edzen\u00ed po cel\u00e9m sv\u011bt\u011b a z\u00edskaly si silnou pov\u011bst spolehlivosti. Spole\u010dnost Ever-Power Huachang Hydraulic je uzn\u00e1v\u00e1na jako l\u00eddr ve v\u00fdrob\u011b hydraulick\u00fdch v\u00e1lc\u016f.<\/p>\n<\/section>","protected":false},"excerpt":{"rendered":"<p>Power Pin Hydraulic Cylinders for Crawler Crane The Pin Shaft Hydraulic Cylinders for Crawler Crane, proudly crafted by Ever-Power Huachang Hydraulic, represent a pinnacle of engineering excellence as a robust pin shaft cylinder designed specifically for the rigorous demands of heavy lifting in crawler crane operations. Compatible with leading models , this hydraulic cylinder with [&hellip;]<\/p>","protected":false},"featured_media":20159,"comment_status":"open","ping_status":"closed","template":"","meta":{"_et_pb_use_builder":"","_et_pb_old_content":"","_et_gb_content_width":""},"product_brand":[],"product_cat":[1514],"product_tag":[],"class_list":{"0":"post-20144","1":"product","2":"type-product","3":"status-publish","4":"has-post-thumbnail","6":"product_cat-mobile-crane-hydraulic-cylinders","8":"first","9":"instock","10":"shipping-taxable","11":"product-type-simple"},"amp_enabled":true,"_links":{"self":[{"href":"https:\/\/www.hydraulic-cylinders.net\/cs\/wp-json\/wp\/v2\/product\/20144","targetHints":{"allow":["GET"]}}],"collection":[{"href":"https:\/\/www.hydraulic-cylinders.net\/cs\/wp-json\/wp\/v2\/product"}],"about":[{"href":"https:\/\/www.hydraulic-cylinders.net\/cs\/wp-json\/wp\/v2\/types\/product"}],"replies":[{"embeddable":true,"href":"https:\/\/www.hydraulic-cylinders.net\/cs\/wp-json\/wp\/v2\/comments?post=20144"}],"wp:featuredmedia":[{"embeddable":true,"href":"https:\/\/www.hydraulic-cylinders.net\/cs\/wp-json\/wp\/v2\/media\/20159"}],"wp:attachment":[{"href":"https:\/\/www.hydraulic-cylinders.net\/cs\/wp-json\/wp\/v2\/media?parent=20144"}],"wp:term":[{"taxonomy":"product_brand","embeddable":true,"href":"https:\/\/www.hydraulic-cylinders.net\/cs\/wp-json\/wp\/v2\/product_brand?post=20144"},{"taxonomy":"product_cat","embeddable":true,"href":"https:\/\/www.hydraulic-cylinders.net\/cs\/wp-json\/wp\/v2\/product_cat?post=20144"},{"taxonomy":"product_tag","embeddable":true,"href":"https:\/\/www.hydraulic-cylinders.net\/cs\/wp-json\/wp\/v2\/product_tag?post=20144"}],"curies":[{"name":"wp","href":"https:\/\/api.w.org\/{rel}","templated":true}]}}