{"id":20145,"date":"2025-05-11T15:02:40","date_gmt":"2025-05-11T15:02:40","guid":{"rendered":"https:\/\/www.hydraulic-cylinders.net\/?post_type=product&#038;p=20145"},"modified":"2025-05-12T05:30:46","modified_gmt":"2025-05-12T05:30:46","slug":"arm-anti-tilt-hydraulic-cylinders-for-crawler-crane-2","status":"publish","type":"product","link":"https:\/\/www.hydraulic-cylinders.net\/cs\/produkt\/arm-anti-tilt-hydraulic-cylinders-for-crawler-crane-2\/","title":{"rendered":"Hydraulick\u00e9 v\u00e1lce s protiskluzov\u00fdm ramenem pro p\u00e1sov\u00fd je\u0159\u00e1b"},"content":{"rendered":"<h1 style=\"text-align: center;\"><strong>Hydraulick\u00e9 v\u00e1lce s protiskluzov\u00fdm ramenem pro p\u00e1sov\u00fd je\u0159\u00e1b<\/strong><\/h1>\n<p><img loading=\"lazy\" decoding=\"async\" class=\"wp-image-20149 aligncenter\" src=\"https:\/\/www.hydraulic-cylinders.net\/wp-content\/uploads\/2025\/05\/arm-anti-tilt-hydraulic-cylinders-for-crawler-crane.webp\" alt=\"\" width=\"500\" height=\"500\" srcset=\"https:\/\/www.hydraulic-cylinders.net\/wp-content\/uploads\/2025\/05\/arm-anti-tilt-hydraulic-cylinders-for-crawler-crane.webp 500w, https:\/\/www.hydraulic-cylinders.net\/wp-content\/uploads\/2025\/05\/arm-anti-tilt-hydraulic-cylinders-for-crawler-crane-480x480.webp 480w\" sizes=\"(min-width: 0px) and (max-width: 480px) 480px, (min-width: 481px) 500px, 100vw\" \/><\/p>\n<section id=\"introduction\">Hydraulick\u00e9 v\u00e1lce s ochranou proti nakl\u00e1p\u011bn\u00ed ramene pro p\u00e1sov\u00e9 je\u0159\u00e1by, odborn\u011b navr\u017een\u00e9 spole\u010dnost\u00ed Ever-Power Huachang Hydraulic, jsou navr\u017eeny pro zv\u00fd\u0161en\u00ed stability a bezpe\u010dnosti je\u0159\u00e1bu b\u011bhem t\u011b\u017ek\u00fdch zdvihac\u00edch operac\u00ed a jsou kompatibiln\u00ed s modely. Tento hydraulick\u00fd v\u00e1lec pro p\u00e1sov\u00e9 je\u0159\u00e1by integruje pokro\u010dil\u00fd mechanismus ochrany proti nakl\u00e1p\u011bn\u00ed, kter\u00fd zabra\u0148uje ne\u017e\u00e1douc\u00edmu nakl\u00e1p\u011bn\u00ed ramene je\u0159\u00e1bu a zaji\u0161\u0165uje p\u0159esn\u00e9 ovl\u00e1d\u00e1n\u00ed z\u00e1t\u011b\u017ee i v n\u00e1ro\u010dn\u00fdch podm\u00ednk\u00e1ch, jako je nerovn\u00fd ter\u00e9n nebo siln\u00fd v\u00edtr. Tento robustn\u00ed hydraulick\u00fd v\u00e1lec, vyroben\u00fd z vysokopevnostn\u00ed legovan\u00e9 oceli a opat\u0159en\u00fd korozivzdorn\u00fdm povlakem, odol\u00e1v\u00e1 n\u00e1ro\u010dn\u00fdm prost\u0159ed\u00edm, jako jsou pra\u0161n\u00e1 staveni\u0161t\u011b, vlhk\u00e9 pob\u0159e\u017en\u00ed oblasti nebo drsn\u00e1 t\u011b\u017eebn\u00ed pole, a poskytuje spolehliv\u00fd v\u00fdkon pro n\u00e1ro\u010dn\u00e9 aplikace. D\u00edky p\u0159izp\u016fsobiteln\u00fdm velikostem otvor\u016f (180 mm a\u017e 300 mm) a d\u00e9lk\u00e1m zdvihu (1000 mm a\u017e 4000 mm) poskytuj\u00ed hydraulick\u00e9 v\u00e1lce s ochranou proti nakl\u00e1p\u011bn\u00ed ramene pro p\u00e1sov\u00e9 je\u0159\u00e1by \u0159e\u0161en\u00ed na m\u00edru, kter\u00e1 spl\u0148uj\u00ed rozmanit\u00e9 provozn\u00ed pot\u0159eby, co\u017e z nich \u010din\u00ed nezbytn\u00fd v\u00e1lec pro p\u00e1sov\u00e9 je\u0159\u00e1by pro ovl\u00e1d\u00e1n\u00ed z\u00e1t\u011b\u017ee ve stavebnictv\u00ed, t\u011b\u017eb\u011b a pr\u016fmyslov\u00fdch projektech. Tento v\u00e1lec s ochranou proti nakl\u00e1p\u011bn\u00ed pro stabilitu je\u0159\u00e1bu, podpo\u0159en\u00fd na\u0161imi \u0161pi\u010dkov\u00fdmi v\u00fdrobn\u00edmi a p\u0159\u00edsn\u00fdmi testovac\u00edmi standardy, zaji\u0161\u0165uje minim\u00e1ln\u00ed prostoje a maxim\u00e1ln\u00ed efektivitu.<\/section>\n<section id=\"specifications\">\n<h2><strong>Technick\u00e9 specifikace:<\/strong><\/h2>\n<p><strong>Funkce:<\/strong> Ovl\u00e1dejte pohyb r\u00e1mu ramene<br \/>\n<strong>Pr\u016fm\u011br v\u00e1lce:<\/strong> 100 mm\u2013320 mm<br \/>\n<strong>Pr\u016fm\u011br ty\u010de:<\/strong> 85 mm\u2013220 mm<br \/>\n<strong>Cestovat:<\/strong> 1200 mm\u20133550 mm<br \/>\n<strong>Maxim\u00e1ln\u00ed tlak:<\/strong> 31,5 MPa<br \/>\n<strong>Maxim\u00e1ln\u00ed tah:<\/strong> 2533KN<\/p>\n<\/section>\n<section id=\"features\">\n<h2><strong>Kl\u00ed\u010dov\u00e9 vlastnosti hydraulick\u00fdch v\u00e1lc\u016f s protiskluzov\u00fdm mechanismem pro p\u00e1sov\u00e9 je\u0159\u00e1by:<\/strong><\/h2>\n<ul>\n<li><strong>Pokro\u010dil\u00fd mechanismus proti nakl\u00e1n\u011bn\u00ed:<\/strong>\u00a0Hydraulick\u00e9 v\u00e1lce s ochranou proti nakl\u00e1p\u011bn\u00ed ramene pro p\u00e1sov\u00fd je\u0159\u00e1b jsou vybaveny ochranou proti nakl\u00e1p\u011bn\u00ed, kter\u00e1 zaji\u0161\u0165uje stabilitu ramene je\u0159\u00e1bu, co\u017e z nich \u010din\u00ed spolehliv\u00fd v\u00e1lec p\u00e1sov\u00e9ho je\u0159\u00e1bu pro kontrolu zat\u00ed\u017een\u00ed p\u0159i zved\u00e1n\u00ed t\u011b\u017ek\u00fdch b\u0159emen.<\/li>\n<li><strong>Robustn\u00ed odolnost:<\/strong>\u00a0Tento odoln\u00fd hydraulick\u00fd v\u00e1lec, vyroben\u00fd z vysokopevnostn\u00ed legovan\u00e9 oceli a opat\u0159en\u00fd korozivzdorn\u00fdm povlakem, odol\u00e1v\u00e1 extr\u00e9mn\u00edm podm\u00ednk\u00e1m a zaji\u0161\u0165uje dlouhodob\u00fd v\u00fdkon v n\u00e1ro\u010dn\u00fdch podm\u00ednk\u00e1ch.<\/li>\n<li><strong>P\u0159esn\u00e9 \u0159\u00edzen\u00ed zat\u00ed\u017een\u00ed:<\/strong>\u00a0Hydraulick\u00fd v\u00e1lec pro rameno p\u00e1sov\u00e9ho je\u0159\u00e1bu nab\u00edz\u00ed p\u0159esn\u00e9 ovl\u00e1d\u00e1n\u00ed pohybu, \u010d\u00edm\u017e zvy\u0161uje bezpe\u010dnost a efektivitu p\u0159i n\u00e1ro\u010dn\u00fdch pr\u016fmyslov\u00fdch \u00fakonech d\u00edky v\u00e1lci s ochranou proti nakl\u00e1n\u011bn\u00ed pro stabilitu je\u0159\u00e1bu.<\/li>\n<li><strong>Nen\u00e1ro\u010dn\u00e1 \u00fadr\u017eba:<\/strong>\u00a0Tento robustn\u00ed hydraulick\u00fd v\u00e1lec s ochranou proti nakl\u00e1n\u011bn\u00ed, vybaven\u00fd pokro\u010dilou technologi\u00ed t\u011bsn\u011bn\u00ed, minimalizuje opot\u0159eben\u00ed a sni\u017euje tak n\u00e1klady na \u00fadr\u017ebu u p\u00e1sov\u00fdch je\u0159\u00e1b\u016f.<\/li>\n<li><\/li>\n<\/ul>\n<\/section>\n<section id=\"applications\">\n<h2><strong>Pou\u017eit\u00ed hydraulick\u00fdch v\u00e1lc\u016f s protiskluzov\u00fdm mechanismem pro p\u00e1sov\u00e9 je\u0159\u00e1by:<\/strong><\/h2>\n<p><img loading=\"lazy\" decoding=\"async\" class=\"size-full wp-image-20164 aligncenter\" src=\"https:\/\/www.hydraulic-cylinders.net\/wp-content\/uploads\/2025\/05\/arm-anti-tilt-hydrauilc-cylinder-application.webp\" alt=\"\" width=\"1648\" height=\"939\" srcset=\"https:\/\/www.hydraulic-cylinders.net\/wp-content\/uploads\/2025\/05\/arm-anti-tilt-hydrauilc-cylinder-application.webp 1648w, https:\/\/www.hydraulic-cylinders.net\/wp-content\/uploads\/2025\/05\/arm-anti-tilt-hydrauilc-cylinder-application-1280x729.webp 1280w, https:\/\/www.hydraulic-cylinders.net\/wp-content\/uploads\/2025\/05\/arm-anti-tilt-hydrauilc-cylinder-application-980x558.webp 980w, https:\/\/www.hydraulic-cylinders.net\/wp-content\/uploads\/2025\/05\/arm-anti-tilt-hydrauilc-cylinder-application-480x273.webp 480w\" sizes=\"(min-width: 0px) and (max-width: 480px) 480px, (min-width: 481px) and (max-width: 980px) 980px, (min-width: 981px) and (max-width: 1280px) 1280px, (min-width: 1281px) 1648px, 100vw\" \/><\/p>\n<ul>\n<li><strong>Stavebn\u00ed projekty:<\/strong>\u00a0Hydraulick\u00fd v\u00e1lec s protin\u00e1klonn\u00fdm ramenem zaji\u0161\u0165uje stabiln\u00ed zved\u00e1n\u00ed t\u011b\u017ek\u00fdch materi\u00e1l\u016f, jako jsou ocelov\u00e9 nosn\u00edky a betonov\u00e9 desky ve stavebnictv\u00ed, a je podpo\u0159en v\u00e1lcem p\u00e1sov\u00e9ho je\u0159\u00e1bu pro regulaci zat\u00ed\u017een\u00ed.<\/li>\n<li><strong>T\u011b\u017eebn\u00ed operace:<\/strong>\u00a0Tento hydraulick\u00fd v\u00e1lec pro rameno p\u00e1sov\u00e9ho je\u0159\u00e1bu, ur\u010den\u00fd pro t\u011b\u017eebn\u00ed \u00fa\u010dely, udr\u017euje stabilitu p\u0159i manipulaci s t\u011b\u017ek\u00fdmi b\u0159emeny, jako je ruda, a je vylep\u0161en o stabiliza\u010dn\u00ed v\u00e1lec proti nakl\u00e1n\u011bn\u00ed pro v\u011bt\u0161\u00ed stabilitu je\u0159\u00e1bu.<\/li>\n<li><strong>T\u011b\u017ek\u00e9 pr\u016fmyslov\u00e9 zved\u00e1n\u00ed:<\/strong>\u00a0Ide\u00e1ln\u00ed pro pr\u016fmyslov\u00e9 prost\u0159ed\u00ed, robustn\u00ed hydraulick\u00fd v\u00e1lec s ochranou proti nakl\u00e1n\u011bn\u00ed zaji\u0161\u0165uje p\u0159esnou manipulaci s b\u0159emenem v tov\u00e1rn\u00e1ch a rozs\u00e1hl\u00fdch projektech vy\u017eaduj\u00edc\u00edch operace p\u00e1sov\u00e9ho je\u0159\u00e1bu.<\/li>\n<\/ul>\n<\/section>\n<h2 dir=\"auto\"><strong>Jak hydraulick\u00fd v\u00e1lec proti nakl\u00e1p\u011bn\u00ed ramene zlep\u0161uje bezpe\u010dnost p\u00e1sov\u00e9ho je\u0159\u00e1bu?<\/strong><\/h2>\n<section id=\"applications\">\n<p dir=\"auto\">Hydraulick\u00fd v\u00e1lec s ochranou proti nakl\u00e1p\u011bn\u00ed ramene je\u0159\u00e1bu v\u00fdrazn\u011b zlep\u0161uje bezpe\u010dnost p\u00e1sov\u00fdch je\u0159\u00e1b\u016f d\u00edky sv\u00e9 specializovan\u00e9 konstrukci a pokro\u010dil\u00e9mu in\u017een\u00fdrstv\u00ed, kter\u00e9 je p\u0159izp\u016fsobeno tak, aby \u0159e\u0161ilo inherentn\u00ed rizika spojen\u00e1 s t\u011b\u017ek\u00fdm zved\u00e1n\u00edm v n\u00e1ro\u010dn\u00fdch prost\u0159ed\u00edch. Tento hydraulick\u00fd v\u00e1lec pro rameno p\u00e1sov\u00e9ho je\u0159\u00e1bu v j\u00e1dru obsahuje inovativn\u00ed mechanismus ochrany proti nakl\u00e1p\u011bn\u00ed, kter\u00fd aktivn\u011b zabra\u0148uje ne\u017e\u00e1douc\u00edmu nakl\u00e1p\u011bn\u00ed ramene je\u0159\u00e1bu, co\u017e je b\u011b\u017en\u00e9 riziko p\u0159i provozu na nerovn\u00e9m ter\u00e9nu, za siln\u00e9ho v\u011btru nebo p\u0159i manipulaci s b\u0159emeny mimo st\u0159ed. Udr\u017eov\u00e1n\u00edm stability ramene zaji\u0161\u0165uj\u00ed hydraulick\u00e9 v\u00e1lce s ochranou proti nakl\u00e1p\u011bn\u00ed ramene pro p\u00e1sov\u00fd je\u0159\u00e1b p\u0159esn\u00e9 ovl\u00e1d\u00e1n\u00ed zat\u00ed\u017een\u00ed a minimalizuj\u00ed riziko n\u00e1hl\u00fdch posun\u016f zat\u00ed\u017een\u00ed nebo p\u0159evr\u00e1cen\u00ed je\u0159\u00e1bu \u2013 kritick\u00fdch faktor\u016f, kter\u00e9 by jinak mohly v\u00e9st k nehod\u00e1m, po\u0161kozen\u00ed za\u0159\u00edzen\u00ed nebo provozn\u00edm prostoj\u016fm ve vysoce rizikov\u00fdch prost\u0159ed\u00edch, jako jsou staveni\u0161t\u011b a t\u011b\u017eebn\u00ed pole.<\/p>\n<p dir=\"auto\">Tento vysoce odoln\u00fd hydraulick\u00fd v\u00e1lec je vyroben z vysokopevnostn\u00ed legovan\u00e9 oceli a m\u00e1 korozivzdorn\u00fd povlak, co\u017e mu umo\u017e\u0148uje odol\u00e1vat extr\u00e9mn\u00edm podm\u00ednk\u00e1m a z\u00e1rove\u0148 si zachovat struktur\u00e1ln\u00ed integritu. To d\u00e1le zvy\u0161uje bezpe\u010dnost zaji\u0161t\u011bn\u00edm konzistentn\u00edho v\u00fdkonu v pr\u016fb\u011bhu \u010dasu. D\u00edky maxim\u00e1ln\u00edmu pracovn\u00edmu tlaku 350 bar\u016f a p\u0159izp\u016fsobiteln\u00fdm velikostem otvor\u016f (180 mm a\u017e 300 mm) a d\u00e9lk\u00e1m zdvihu (1000 mm a\u017e 4000 mm) se tento p\u00e1sov\u00fd je\u0159\u00e1bov\u00fd v\u00e1lec pro \u0159\u00edzen\u00ed zat\u00ed\u017een\u00ed p\u0159izp\u016fsobuje prom\u011bnliv\u00fdm provozn\u00edm po\u017eadavk\u016fm a poskytuje spolehlivou stabilitu i p\u0159i maxim\u00e1ln\u00edm zat\u00ed\u017een\u00ed. V\u00e1lec s ochranou proti nakl\u00e1n\u011bn\u00ed pro stabilitu je\u0159\u00e1bu je nav\u00edc vybaven pokro\u010dilou technologi\u00ed t\u011bsn\u011bn\u00ed, kter\u00e1 zabra\u0148uje \u00faniku hydraulick\u00e9 kapaliny a zaji\u0161\u0165uje tak plynul\u00fd a p\u0159edv\u00eddateln\u00fd provoz bez neo\u010dek\u00e1van\u00fdch poruch, kter\u00e9 by mohly ohrozit bezpe\u010dnost.<\/p>\n<p dir=\"auto\">Konstrukce tak\u00e9 sni\u017euje opot\u0159eben\u00ed kritick\u00fdch sou\u010d\u00e1st\u00ed, \u010d\u00edm\u017e sni\u017euje pravd\u011bpodobnost mechanick\u00fdch probl\u00e9m\u016f b\u011bhem provozu, co\u017e je nezbytn\u00e9 pro udr\u017een\u00ed bezpe\u010dn\u00e9ho pracovn\u00edho prost\u0159ed\u00ed. Tento odoln\u00fd hydraulick\u00fd v\u00e1lec s ochranou proti nakl\u00e1n\u011bn\u00ed, kompatibiln\u00ed s p\u0159edn\u00edmi modely p\u00e1sov\u00fdch je\u0159\u00e1b\u016f, jako jsou Liebherr LR 1300, Manitowoc 14000 a Kobelco CKE2500, je d\u016fkladn\u011b testov\u00e1n ve v\u00fdkonnostn\u00ed laborato\u0159i spole\u010dnosti Ever-Power Huachang Hydraulic na \u00fa\u010dinnost zat\u00ed\u017een\u00ed a vnit\u0159n\u00ed net\u011bsnosti, co\u017e zaji\u0161\u0165uje shodu s n\u00e1rodn\u00edmi bezpe\u010dnostn\u00edmi normami. Zm\u00edrn\u011bn\u00edm rizik souvisej\u00edc\u00edch s nakl\u00e1n\u011bn\u00edm a zaji\u0161t\u011bn\u00edm provozn\u00ed spolehlivosti poskytuje hydraulick\u00fd v\u00e1lec s ochranou proti nakl\u00e1n\u011bn\u00ed Arm obsluze p\u00e1sov\u00fdch je\u0159\u00e1b\u016f jistotu, \u017ee budou moci bezpe\u010dn\u011b a efektivn\u011b manipulovat s t\u011b\u017ek\u00fdmi b\u0159emeny v r\u016fzn\u00fdch pr\u016fmyslov\u00fdch aplikac\u00edch.<\/p>\n<\/section>\n<section id=\"explore-more\">\n<h2><strong>Prozkoumejte dal\u0161\u00ed v\u00e1lce pro p\u00e1sov\u00e9 je\u0159\u00e1by:<\/strong><\/h2>\n<p>Nab\u00edz\u00edme tak\u00e9 \u0159adu dal\u0161\u00edch v\u00e1lc\u016f pro p\u00e1sov\u00e9 je\u0159\u00e1by, kter\u00e9 spl\u0148uj\u00ed rozmanit\u00e9 pot\u0159eby zved\u00e1n\u00ed. A\u0165 u\u017e pot\u0159ebujete hydraulick\u00fd v\u00e1lec pro rameno p\u00e1sov\u00e9ho je\u0159\u00e1bu nebo robustn\u00ed \u0159e\u0161en\u00ed pro stabilitu, Ever-Power Huachang Hydraulic m\u00e1 \u0159e\u0161en\u00ed. Prohl\u00e9dn\u011bte si na\u0161i kompletn\u00ed nab\u00eddku <a href=\"https:\/\/www.hydraulic-cylinders.net\/cs\/mobile-crane-hydraulic-cylinders\/\">v\u00e1lce p\u00e1sov\u00fdch je\u0159\u00e1b\u016f<\/a>.<\/p>\n<\/section>\n<section id=\"company-introduction\">\n<h2><strong>O spole\u010dnosti Ever-Power Huachang Hydraulic:<\/strong><\/h2>\n<h2><img loading=\"lazy\" decoding=\"async\" class=\"alignnone size-full wp-image-16972\" src=\"https:\/\/www.hydraulic-cylinders.net\/wp-content\/uploads\/2025\/01\/hydraulic-cylinder-factory-1-scaled.webp\" alt=\"\" width=\"2016\" height=\"2560\" srcset=\"https:\/\/www.hydraulic-cylinders.net\/wp-content\/uploads\/2025\/01\/hydraulic-cylinder-factory-1-scaled.webp 2016w, https:\/\/www.hydraulic-cylinders.net\/wp-content\/uploads\/2025\/01\/hydraulic-cylinder-factory-1-1280x1625.webp 1280w, https:\/\/www.hydraulic-cylinders.net\/wp-content\/uploads\/2025\/01\/hydraulic-cylinder-factory-1-980x1244.webp 980w, https:\/\/www.hydraulic-cylinders.net\/wp-content\/uploads\/2025\/01\/hydraulic-cylinder-factory-1-480x610.webp 480w\" sizes=\"(min-width: 0px) and (max-width: 480px) 480px, (min-width: 481px) and (max-width: 980px) 980px, (min-width: 981px) and (max-width: 1280px) 1280px, (min-width: 1281px) 2016px, 100vw\" \/><\/h2>\n<p>Py\u0161n\u00edme se nejmodern\u011bj\u0161\u00ed nez\u00e1vislou platformou v\u00fdzkumu a v\u00fdvoje zam\u011b\u0159enou na mont\u00e1\u017e, kter\u00e1 zaji\u0161\u0165uje \u0161pi\u010dkov\u00e9 inovace a kvalitu v na\u0161ich v\u00fdrobn\u00edch procesech. Na\u0161e d\u00edlna na v\u00fdrobu v\u00e1lc\u016f pro vysokozdvi\u017en\u00e9 voz\u00edky disponuje \u010dty\u0159mi poloautomatick\u00fdmi mont\u00e1\u017en\u00edmi linkami pro zdvihac\u00ed v\u00e1lce a pln\u011b automatickou mont\u00e1\u017en\u00ed linkou pro nakl\u00e1p\u011bc\u00ed v\u00e1lce, kter\u00e9 jsou dohromady navr\u017eeny tak, aby vyr\u00e1b\u011bly a\u017e jeden milion kus\u016f ro\u010dn\u011b.<\/p>\n<p>Na\u0161e specializovan\u00e1 d\u00edlna na v\u00fdrobu v\u00e1lc\u016f je nav\u00edc vybavena poloautomatick\u00fdmi \u010distic\u00edmi a mont\u00e1\u017en\u00edmi syst\u00e9my p\u0159izp\u016fsoben\u00fdmi r\u016fzn\u00fdm specifikac\u00edm s ro\u010dn\u00ed v\u00fdrobn\u00ed kapacitou 200 000 kus\u016f. Pro vysoce p\u0159esn\u00e9 zpracov\u00e1n\u00ed hydraulick\u00fdch v\u00e1lc\u016f vyu\u017e\u00edv\u00e1me renomovan\u00e9 CNC za\u0159\u00edzen\u00ed, obr\u00e1b\u011bc\u00ed centra a specializovan\u00e9 n\u00e1stroje. Na\u0161e za\u0159\u00edzen\u00ed zahrnuje tak\u00e9 pokro\u010dil\u00e9 robotick\u00e9 sva\u0159ovac\u00ed stroje, automatick\u00e9 \u010distic\u00ed syst\u00e9my a pln\u011b automatizovan\u00e9 linky na mont\u00e1\u017e a lakov\u00e1n\u00ed v\u00e1lc\u016f. S v\u00edce ne\u017e 300 kl\u00ed\u010dov\u00fdmi za\u0159\u00edzen\u00edmi v provozu optimalizujeme alokaci zdroj\u016f a zaji\u0161\u0165ujeme efektivn\u00ed vyu\u017eit\u00ed s \u200b\u200bohledem na p\u0159\u00edsn\u00e9 standardy p\u0159esnosti a kvality.<\/p>\n<h2><img loading=\"lazy\" decoding=\"async\" class=\"alignnone size-full wp-image-16973\" src=\"https:\/\/www.hydraulic-cylinders.net\/wp-content\/uploads\/2025\/01\/hydraulic-cylinder-factory-2-scaled.webp\" alt=\"\" width=\"2011\" height=\"2560\" srcset=\"https:\/\/www.hydraulic-cylinders.net\/wp-content\/uploads\/2025\/01\/hydraulic-cylinder-factory-2-scaled.webp 2011w, https:\/\/www.hydraulic-cylinders.net\/wp-content\/uploads\/2025\/01\/hydraulic-cylinder-factory-2-1280x1629.webp 1280w, https:\/\/www.hydraulic-cylinders.net\/wp-content\/uploads\/2025\/01\/hydraulic-cylinder-factory-2-980x1248.webp 980w, https:\/\/www.hydraulic-cylinders.net\/wp-content\/uploads\/2025\/01\/hydraulic-cylinder-factory-2-480x611.webp 480w\" sizes=\"(min-width: 0px) and (max-width: 480px) 480px, (min-width: 481px) and (max-width: 980px) 980px, (min-width: 981px) and (max-width: 1280px) 1280px, (min-width: 1281px) 2011px, 100vw\" \/><\/h2>\n<p>Provozujeme pln\u011b automatickou linku na nan\u00e1\u0161en\u00ed barev na vodn\u00ed b\u00e1zi, speci\u00e1ln\u011b navr\u017eenou pro mal\u00e9 a st\u0159edn\u00ed tlakov\u00e9 lahve, s automatick\u00fdmi roboty pro nakl\u00e1d\u00e1n\u00ed, vykl\u00e1d\u00e1n\u00ed a st\u0159\u00edk\u00e1n\u00ed. Tento modern\u00ed syst\u00e9m se py\u0161n\u00ed v\u00fdrobn\u00ed kapacitou 4 000 kus\u016f za sm\u011bnu. Krom\u011b toho m\u00e1me poloautomatickou lakovac\u00ed linku pro velk\u00e9 tlakov\u00e9 lahve, poh\u00e1n\u011bnou \u0159et\u011bzov\u00fdm pohonem, s konstruk\u010dn\u00ed kapacitou 60 beden za sm\u011bnu.<\/p>\n<p>Abychom zlep\u0161ili v\u00fdkon produkt\u016f a upevnili na\u0161i vedouc\u00ed pozici v odv\u011btv\u00ed hydraulick\u00fdch v\u00e1lc\u016f, nav\u00e1zali jsme partnerstv\u00ed se spole\u010dnost\u00ed ZJIMEE a z\u0159\u00eddili komplexn\u00ed v\u00fdkonnostn\u00ed laborato\u0159 zam\u011b\u0159enou na hydraulick\u00e9 v\u00e1lce, ventily a \u010derpadla. Tato pokro\u010dil\u00e1 laborato\u0159 vyu\u017e\u00edv\u00e1 po\u010d\u00edta\u010dem podporovan\u00e9 testov\u00e1n\u00ed s elektrohydraulickou technologi\u00ed, co\u017e umo\u017e\u0148uje p\u0159ednastaven\u00e9 zku\u0161ebn\u00ed podm\u00ednky, kter\u00e9 zlep\u0161uj\u00ed p\u0159esnost a v\u0161estrannost syst\u00e9mu. Automatizovan\u00fd proces sb\u011bru dat vyu\u017e\u00edv\u00e1 senzory ke shroma\u017e\u010fov\u00e1n\u00ed v\u00fdstupn\u00edch dat, jako je vnit\u0159n\u00ed net\u011bsnost a \u00fa\u010dinnost zat\u00ed\u017een\u00ed, kter\u00e1 jsou pot\u00e9 zpracov\u00e1na po\u010d\u00edta\u010dem a p\u0159evedena na standardn\u00ed jednotky (ml\/min%).<\/p>\n<p>Hydraulick\u00e9 v\u00e1lce s ochranou proti nakl\u00e1p\u011bn\u00ed ramene pro p\u00e1sov\u00e9 je\u0159\u00e1by p\u0159edstavuj\u00ed na\u0161i oddanost kvalit\u011b a v\u00fdkonu. Jsou navr\u017eeny jako vysoce odoln\u00e9 hydraulick\u00e9 v\u00e1lce pro stabilitu ramene p\u00e1sov\u00fdch je\u0159\u00e1b\u016f, zejm\u00e9na pro modely zna\u010dek Liebherr, Manitowoc a Kobelco. Na\u0161e produkty si z\u00edskaly d\u016fv\u011bru v\u00fdznamn\u00fdch v\u00fdrobc\u016f za\u0159\u00edzen\u00ed po cel\u00e9m sv\u011bt\u011b a spole\u010dnost Ever-Power Huachang Hydraulic je uzn\u00e1v\u00e1na jako l\u00eddr ve v\u00fdrob\u011b hydraulick\u00fdch v\u00e1lc\u016f.<\/p>\n<\/section>\n<p>&nbsp;<\/p>","protected":false},"excerpt":{"rendered":"<p>Arm Anti Tilt Hydraulic Cylinders for Crawler Crane The Arm Anti Tilt Hydraulic Cylinders for Crawler Crane, expertly engineered by Ever-Power Huachang Hydraulic, are designed to enhance crane stability and safety during heavy lifting operations, compatible with models. This hydraulic cylinder for crawler crane arm integrates an advanced anti tilt cylinder mechanism that prevents unwanted [&hellip;]<\/p>","protected":false},"featured_media":20156,"comment_status":"open","ping_status":"closed","template":"","meta":{"_et_pb_use_builder":"","_et_pb_old_content":"","_et_gb_content_width":""},"product_brand":[],"product_cat":[1514],"product_tag":[],"class_list":{"0":"post-20145","1":"product","2":"type-product","3":"status-publish","4":"has-post-thumbnail","6":"product_cat-mobile-crane-hydraulic-cylinders","8":"first","9":"instock","10":"shipping-taxable","11":"product-type-simple"},"amp_enabled":true,"_links":{"self":[{"href":"https:\/\/www.hydraulic-cylinders.net\/cs\/wp-json\/wp\/v2\/product\/20145","targetHints":{"allow":["GET"]}}],"collection":[{"href":"https:\/\/www.hydraulic-cylinders.net\/cs\/wp-json\/wp\/v2\/product"}],"about":[{"href":"https:\/\/www.hydraulic-cylinders.net\/cs\/wp-json\/wp\/v2\/types\/product"}],"replies":[{"embeddable":true,"href":"https:\/\/www.hydraulic-cylinders.net\/cs\/wp-json\/wp\/v2\/comments?post=20145"}],"wp:featuredmedia":[{"embeddable":true,"href":"https:\/\/www.hydraulic-cylinders.net\/cs\/wp-json\/wp\/v2\/media\/20156"}],"wp:attachment":[{"href":"https:\/\/www.hydraulic-cylinders.net\/cs\/wp-json\/wp\/v2\/media?parent=20145"}],"wp:term":[{"taxonomy":"product_brand","embeddable":true,"href":"https:\/\/www.hydraulic-cylinders.net\/cs\/wp-json\/wp\/v2\/product_brand?post=20145"},{"taxonomy":"product_cat","embeddable":true,"href":"https:\/\/www.hydraulic-cylinders.net\/cs\/wp-json\/wp\/v2\/product_cat?post=20145"},{"taxonomy":"product_tag","embeddable":true,"href":"https:\/\/www.hydraulic-cylinders.net\/cs\/wp-json\/wp\/v2\/product_tag?post=20145"}],"curies":[{"name":"wp","href":"https:\/\/api.w.org\/{rel}","templated":true}]}}