{"id":20147,"date":"2025-05-11T15:08:25","date_gmt":"2025-05-11T15:08:25","guid":{"rendered":"https:\/\/www.hydraulic-cylinders.net\/?post_type=product&#038;p=20147"},"modified":"2025-05-12T05:30:55","modified_gmt":"2025-05-12T05:30:55","slug":"support-hydraulic-cylinders-for-crawler-crane-2","status":"publish","type":"product","link":"https:\/\/www.hydraulic-cylinders.net\/cs\/produkt\/support-hydraulic-cylinders-for-crawler-crane-2\/","title":{"rendered":"Hydraulick\u00e9 v\u00e1lce pro p\u00e1sov\u00fd je\u0159\u00e1b"},"content":{"rendered":"<h1 style=\"text-align: center;\"><strong>Hydraulick\u00e9 v\u00e1lce pro p\u00e1sov\u00fd je\u0159\u00e1b<\/strong><\/h1>\n<p><img loading=\"lazy\" decoding=\"async\" class=\"wp-image-20155 aligncenter\" src=\"https:\/\/www.hydraulic-cylinders.net\/wp-content\/uploads\/2025\/05\/support-hydraulic-cylinders-for-crawler-crane.webp\" alt=\"\" width=\"500\" height=\"500\" srcset=\"https:\/\/www.hydraulic-cylinders.net\/wp-content\/uploads\/2025\/05\/support-hydraulic-cylinders-for-crawler-crane.webp 500w, https:\/\/www.hydraulic-cylinders.net\/wp-content\/uploads\/2025\/05\/support-hydraulic-cylinders-for-crawler-crane-480x480.webp 480w\" sizes=\"(min-width: 0px) and (max-width: 480px) 480px, (min-width: 481px) 500px, 100vw\" \/><\/p>\n<section id=\"introduction\">Hydraulick\u00e9 v\u00e1lce pro p\u00e1sov\u00e9 je\u0159\u00e1by, odborn\u011b vyroben\u00e9 spole\u010dnost\u00ed Ever-Power Huachang Hydraulic, jsou navr\u017eeny tak, aby poskytovaly bezkonkuren\u010dn\u00ed stabilitu a podporu pro t\u011b\u017ek\u00e9 zdvihac\u00ed operace a jsou kompatibiln\u00ed s modely jako Liebherr LR 1300, Manitowoc 14000 a Kobelco CKE2500. Tento hydraulick\u00fd v\u00e1lec pro podep\u0159en\u00ed p\u00e1sov\u00fdch je\u0159\u00e1b\u016f zvy\u0161uje stabilitu podvozku je\u0159\u00e1bu zv\u011bt\u0161en\u00edm rozp\u011bt\u00ed a zaji\u0161\u0165uje bezpe\u010dn\u00e9 a efektivn\u00ed zved\u00e1n\u00ed v n\u00e1ro\u010dn\u00fdch prost\u0159ed\u00edch, jako jsou nerovn\u00e1 staveni\u0161t\u011b, drsn\u00fd t\u011b\u017eebn\u00ed ter\u00e9n nebo pr\u016fmyslov\u00e9 projekty ve vysok\u00fdch nadmo\u0159sk\u00fdch v\u00fd\u0161k\u00e1ch. Tento odoln\u00fd hydraulick\u00fd v\u00e1lec, vyroben\u00fd z vysokopevnostn\u00ed legovan\u00e9 oceli a opat\u0159en\u00fd korozivzdorn\u00fdm povlakem, odol\u00e1v\u00e1 n\u00e1ro\u010dn\u00fdm podm\u00ednk\u00e1m a z\u00e1rove\u0148 poskytuje spolehliv\u00fd v\u00fdkon. D\u00edky pracovn\u00edmu tlaku a\u017e 350 bar\u016f, p\u0159izp\u016fsobiteln\u00fdm velikostem otvor\u016f (180 mm a\u017e 300 mm) a d\u00e9lce zdvihu (1000 mm a\u017e 4000 mm) spl\u0148uje v\u00e1lec pro podep\u0159en\u00ed p\u00e1sov\u00fdch je\u0159\u00e1b\u016f pro zaji\u0161t\u011bn\u00ed stability rozmanit\u00e9 provozn\u00ed pot\u0159eby, co\u017e z n\u011bj \u010din\u00ed nezbytn\u00fd v\u00e1lec pro p\u00e1sov\u00e9 je\u0159\u00e1by pro t\u011b\u017ek\u00e9 n\u00e1klady ve stavebnictv\u00ed, t\u011b\u017eb\u011b a pr\u016fmyslov\u00fdch aplikac\u00edch. Tento podp\u016frn\u00fd hydraulick\u00fd v\u00e1lec, podpo\u0159en\u00fd na\u0161imi pokro\u010dil\u00fdmi v\u00fdrobn\u00edmi a p\u0159\u00edsn\u00fdmi testovac\u00edmi standardy, zaji\u0161\u0165uje maxim\u00e1ln\u00ed provozuschopnost a bezpe\u010dnost.<\/section>\n<section id=\"specifications\">\n<h2><strong>Technick\u00e9 specifikace:<\/strong><\/h2>\n<p><strong>Funkce:<\/strong> Podp\u016frn\u00e1 funkce<br \/>\n<strong>Pr\u016fm\u011br v\u00e1lce:<\/strong> 100 mm\u2013300 mm<br \/>\n<strong>Pr\u016fm\u011br ty\u010de:<\/strong> 80 mm\u2013220 mm<br \/>\n<strong>Cestovat:<\/strong> 700 mm\u2013800 mm<br \/>\n<strong>Maxim\u00e1ln\u00ed tlak:<\/strong> 31,5 MPa<br \/>\n<strong>Maxim\u00e1ln\u00ed tah<\/strong>: 2226 kN<\/p>\n<\/section>\n<section id=\"features\">\n<h2><strong>Kl\u00ed\u010dov\u00e9 vlastnosti podp\u016frn\u00fdch hydraulick\u00fdch v\u00e1lc\u016f pro p\u00e1sov\u00fd je\u0159\u00e1b:<\/strong><\/h2>\n<ul>\n<li><strong>Zv\u00fd\u0161en\u00e1 stabilita podvozku:<\/strong>\u00a0Hydraulick\u00e9 v\u00e1lce podp\u011br pro p\u00e1sov\u00fd je\u0159\u00e1b se vyzna\u010duj\u00ed robustn\u00ed konstrukc\u00ed hydraulick\u00e9ho v\u00e1lce podp\u011brn\u00e9ho typu, kter\u00e1 zv\u011bt\u0161uje rozp\u011bt\u00ed podvozku a zaji\u0161\u0165uje stabilitu s podp\u011brn\u00fdm v\u00e1lcem p\u00e1sov\u00e9ho je\u0159\u00e1bu pro stabilitu p\u0159i zved\u00e1n\u00ed t\u011b\u017ek\u00fdch b\u0159emen.<\/li>\n<li><strong>Odoln\u00e1 konstrukce:<\/strong>\u00a0Tento odoln\u00fd hydraulick\u00fd v\u00e1lec je vyroben z vysokopevnostn\u00ed legovan\u00e9 oceli a m\u00e1 korozivzdorn\u00fd povlak, tak\u017ee odol\u00e1v\u00e1 n\u00e1ro\u010dn\u00fdm podm\u00ednk\u00e1m a zaji\u0161\u0165uje tak dlouhotrvaj\u00edc\u00ed v\u00fdkon pro aplikace s p\u00e1sov\u00fdmi je\u0159\u00e1by.<\/li>\n<li><strong>Spolehliv\u00e1 podpora z\u00e1t\u011b\u017ee:<\/strong>\u00a0Tento hydraulick\u00fd v\u00e1lec pro p\u00e1sov\u00e9 je\u0159\u00e1by, navr\u017een\u00fd pro manipulaci s t\u011b\u017ek\u00fdmi b\u0159emeny, zaji\u0161\u0165uje bezpe\u010dn\u00e9 zved\u00e1n\u00ed, co\u017e z n\u011bj \u010din\u00ed spolehliv\u00fd v\u00e1lec pro p\u00e1sov\u00e9 je\u0159\u00e1by pro t\u011b\u017ek\u00e1 b\u0159emena v n\u00e1ro\u010dn\u00fdch \u00fakolech.<\/li>\n<li><strong>Nen\u00e1ro\u010dn\u00e1 \u00fadr\u017eba:<\/strong>\u00a0Tento robustn\u00ed hydraulick\u00fd v\u00e1lec, vybaven\u00fd pokro\u010dilou technologi\u00ed t\u011bsn\u011bn\u00ed, minimalizuje opot\u0159eben\u00ed, \u010d\u00edm\u017e sni\u017euje n\u00e1klady na \u00fadr\u017ebu a prostoje p\u0159i provozu p\u00e1sov\u00e9ho je\u0159\u00e1bu.<\/li>\n<\/ul>\n<\/section>\n<section id=\"applications\">\n<h2><strong>Pou\u017eit\u00ed podp\u016frn\u00fdch hydraulick\u00fdch v\u00e1lc\u016f pro p\u00e1sov\u00e9 je\u0159\u00e1by:<\/strong><\/h2>\n<p><img loading=\"lazy\" decoding=\"async\" class=\"size-full wp-image-20169 aligncenter\" src=\"https:\/\/www.hydraulic-cylinders.net\/wp-content\/uploads\/2025\/05\/support-hydraulic-cylinder-for-crawler-crane-application.webp\" alt=\"\" width=\"1631\" height=\"931\" srcset=\"https:\/\/www.hydraulic-cylinders.net\/wp-content\/uploads\/2025\/05\/support-hydraulic-cylinder-for-crawler-crane-application.webp 1631w, https:\/\/www.hydraulic-cylinders.net\/wp-content\/uploads\/2025\/05\/support-hydraulic-cylinder-for-crawler-crane-application-1280x731.webp 1280w, https:\/\/www.hydraulic-cylinders.net\/wp-content\/uploads\/2025\/05\/support-hydraulic-cylinder-for-crawler-crane-application-980x559.webp 980w, https:\/\/www.hydraulic-cylinders.net\/wp-content\/uploads\/2025\/05\/support-hydraulic-cylinder-for-crawler-crane-application-480x274.webp 480w\" sizes=\"(min-width: 0px) and (max-width: 480px) 480px, (min-width: 481px) and (max-width: 980px) 980px, (min-width: 981px) and (max-width: 1280px) 1280px, (min-width: 1281px) 1631px, 100vw\" \/><\/p>\n<ul>\n<li><strong>Stavebn\u00ed projekty:<\/strong>\u00a0Hydraulick\u00fd v\u00e1lec pro podep\u0159en\u00ed zaji\u0161\u0165uje stabiln\u00ed zved\u00e1n\u00ed t\u011b\u017ek\u00fdch materi\u00e1l\u016f, jako jsou ocelov\u00e9 nosn\u00edky a betonov\u00e9 desky ve stavebnictv\u00ed, a je podep\u0159en podp\u011brn\u00fdm v\u00e1lcem p\u00e1sov\u00e9ho je\u0159\u00e1bu pro stabilitu.<\/li>\n<li><strong>T\u011b\u017eebn\u00ed operace:<\/strong>\u00a0Tento hydraulick\u00fd v\u00e1lec pro podep\u0159en\u00ed p\u00e1sov\u00e9ho je\u0159\u00e1bu, ur\u010den\u00fd pro t\u011b\u017eebn\u00ed \u00fa\u010dely, udr\u017euje stabilitu p\u0159i manipulaci s t\u011b\u017ek\u00fdmi b\u0159emeny, jako je ruda, a je vylep\u0161en o hydraulick\u00fd v\u00e1lec pro p\u00e1sov\u00fd je\u0159\u00e1b pro t\u011b\u017ek\u00e1 b\u0159emena.<\/li>\n<li><strong>T\u011b\u017ek\u00e9 pr\u016fmyslov\u00e9 zved\u00e1n\u00ed:<\/strong>\u00a0Hydraulick\u00fd v\u00e1lec pro vysok\u00e9 zat\u00ed\u017een\u00ed, ide\u00e1ln\u00ed pro pr\u016fmyslov\u00e9 prost\u0159ed\u00ed, zaji\u0161\u0165uje spolehlivou podporu b\u0159emene v tov\u00e1rn\u00e1ch a rozs\u00e1hl\u00fdch projektech vy\u017eaduj\u00edc\u00edch provoz p\u00e1sov\u00e9ho je\u0159\u00e1bu.<\/li>\n<\/ul>\n<h2 dir=\"auto\"><strong>Jak podp\u016frn\u00e9 hydraulick\u00e9 v\u00e1lce pro p\u00e1sov\u00fd je\u0159\u00e1b zvy\u0161uj\u00ed stabilitu je\u0159\u00e1bu?<\/strong><\/h2>\n<p dir=\"auto\">Hydraulick\u00e9 v\u00e1lce pro p\u00e1sov\u00e9 je\u0159\u00e1by zvy\u0161uj\u00ed stabilitu je\u0159\u00e1bu d\u00edky kombinaci inovativn\u00edho designu a robustn\u00ed konstrukce, co\u017e z nich \u010din\u00ed nepostradatelnou sou\u010d\u00e1st pro bezpe\u010dn\u00e9 a efektivn\u00ed t\u011b\u017ek\u00e9 zdvihac\u00ed operace. Tyto hydraulick\u00e9 v\u00e1lce jsou speci\u00e1ln\u011b navr\u017eeny tak, aby zv\u011bt\u0161ily rozp\u011bt\u00ed podvozku p\u00e1sov\u00e9ho je\u0159\u00e1bu a efektivn\u011b roz\u0161\u00ed\u0159ily z\u00e1kladnu podp\u011bry b\u011bhem zdvihac\u00edch \u00fakon\u016f.<\/p>\n<p dir=\"auto\">Tato zv\u011bt\u0161en\u00e1 plocha, kterou zaji\u0161\u0165uje v\u00e1lec p\u00e1sov\u00e9ho je\u0159\u00e1bu pro zaji\u0161t\u011bn\u00ed stability, v\u00fdrazn\u011b sni\u017euje riziko p\u0159evr\u00e1cen\u00ed nebo naklon\u011bn\u00ed, zejm\u00e9na p\u0159i provozu na nerovn\u00e9m ter\u00e9nu, m\u011bkk\u00e9m povrchu nebo za siln\u00e9ho v\u011btru, s n\u00edm\u017e se b\u011b\u017en\u011b setk\u00e1v\u00e1me na staveni\u0161t\u00edch, v t\u011b\u017eebn\u00edch oblastech a pr\u016fmyslov\u00fdch projektech. Tento odoln\u00fd hydraulick\u00fd v\u00e1lec, vyroben\u00fd z vysokopevnostn\u00ed legovan\u00e9 oceli s korozivzdorn\u00fdm povlakem, si zachov\u00e1v\u00e1 struktur\u00e1ln\u00ed integritu a spolehlivost i p\u0159i extr\u00e9mn\u00edm nam\u00e1h\u00e1n\u00ed prost\u0159ed\u00ed, jako je pra\u0161n\u00e9 prost\u0159ed\u00ed nebo vlhk\u00e9 pob\u0159e\u017en\u00ed oblasti, a zaji\u0161\u0165uje tak konzistentn\u00ed stabilitu i p\u0159i dlouhodob\u00e9m pou\u017e\u00edv\u00e1n\u00ed. S maxim\u00e1ln\u00edm provozn\u00edm tlakem 350 bar\u016f a p\u0159izp\u016fsobiteln\u00fdmi velikostmi otvor\u016f (180 mm a\u017e 300 mm) a d\u00e9lkami zdvihu (1000 mm a\u017e 4000 mm) se hydraulick\u00fd v\u00e1lec pro podporu p\u00e1sov\u00e9ho je\u0159\u00e1bu p\u0159izp\u016fsobuje r\u016fzn\u00fdm zat\u00ed\u017een\u00edm a ter\u00e9nn\u00edm v\u00fdzv\u00e1m, poskytuje p\u0159esn\u00e9 ovl\u00e1d\u00e1n\u00ed a zv\u00fd\u0161enou nosnost jako v\u00e1lec p\u00e1sov\u00e9ho je\u0159\u00e1bu pro t\u011b\u017ek\u00e1 b\u0159emena. Pokro\u010dil\u00e1 technologie t\u011bsn\u011bn\u00ed integrovan\u00e1 do konstrukce minimalizuje \u00faniky a opot\u0159eben\u00ed hydraulick\u00e9 kapaliny, \u010d\u00edm\u017e zabra\u0148uje provozn\u00edm poruch\u00e1m, kter\u00e9 by mohly ohrozit stabilitu, a z\u00e1rove\u0148 sni\u017euje pot\u0159eby \u00fadr\u017eby, aby byl zaji\u0161t\u011bn nep\u0159etr\u017eit\u00fd v\u00fdkon.<\/p>\n<p dir=\"auto\">Tyto v\u00e1lce jsou kompatibiln\u00ed s p\u0159edn\u00edmi modely, jako jsou Liebherr LR 1300, Manitowoc 14000 a Kobelco CKE2500, a jsou d\u016fkladn\u011b testov\u00e1ny ve v\u00fdkonnostn\u00ed laborato\u0159i spole\u010dnosti Ever-Power Huachang Hydraulic na \u00fa\u010dinnost zat\u00ed\u017een\u00ed a vnit\u0159n\u00ed t\u011bsnost v souladu s n\u00e1rodn\u00edmi bezpe\u010dnostn\u00edmi normami. D\u00edky rovnom\u011brn\u00e9mu rozlo\u017een\u00ed hmotnosti a udr\u017eov\u00e1n\u00ed bezpe\u010dn\u00e9ho z\u00e1kladu tento robustn\u00ed hydraulick\u00fd v\u00e1lec pro podp\u016frn\u00e9 pr\u00e1ce nejen zvy\u0161uje stabilitu je\u0159\u00e1bu, ale tak\u00e9 chr\u00e1n\u00ed obsluhu a za\u0159\u00edzen\u00ed, co\u017e z n\u011bj \u010din\u00ed spolehliv\u00e9 \u0159e\u0161en\u00ed pro n\u00e1ro\u010dn\u00e9 aplikace p\u00e1sov\u00fdch je\u0159\u00e1b\u016f, kde je bezpe\u010dnost a efektivita prvo\u0159ad\u00e1.<\/p>\n<\/section>\n<section id=\"explore-more\">\n<h2><strong>Prozkoumejte dal\u0161\u00ed v\u00e1lce pro p\u00e1sov\u00e9 je\u0159\u00e1by:<\/strong><\/h2>\n<p>Nab\u00edz\u00edme tak\u00e9 \u0159adu dal\u0161\u00edch v\u00e1lc\u016f pro p\u00e1sov\u00e9 je\u0159\u00e1by, kter\u00e9 spl\u0148uj\u00ed rozmanit\u00e9 pot\u0159eby zved\u00e1n\u00ed. A\u0165 u\u017e pot\u0159ebujete hydraulick\u00fd v\u00e1lec pro podep\u0159en\u00ed p\u00e1sov\u00e9ho je\u0159\u00e1bu nebo robustn\u00ed \u0159e\u0161en\u00ed pro stabilitu, Ever-Power Huachang Hydraulic m\u00e1 \u0159e\u0161en\u00ed. Prohl\u00e9dn\u011bte si na\u0161i kompletn\u00ed nab\u00eddku <a href=\"https:\/\/www.hydraulic-cylinders.net\/cs\/mobile-crane-hydraulic-cylinders\/\">v\u00e1lce p\u00e1sov\u00fdch je\u0159\u00e1b\u016f<\/a>.<\/p>\n<\/section>\n<section id=\"company-introduction\">\n<h2><strong>O spole\u010dnosti Ever-Power Huachang Hydraulic:<\/strong><\/h2>\n<h2><img loading=\"lazy\" decoding=\"async\" class=\"alignnone size-full wp-image-16972\" src=\"https:\/\/www.hydraulic-cylinders.net\/wp-content\/uploads\/2025\/01\/hydraulic-cylinder-factory-1-scaled.webp\" alt=\"\" width=\"2016\" height=\"2560\" srcset=\"https:\/\/www.hydraulic-cylinders.net\/wp-content\/uploads\/2025\/01\/hydraulic-cylinder-factory-1-scaled.webp 2016w, https:\/\/www.hydraulic-cylinders.net\/wp-content\/uploads\/2025\/01\/hydraulic-cylinder-factory-1-1280x1625.webp 1280w, https:\/\/www.hydraulic-cylinders.net\/wp-content\/uploads\/2025\/01\/hydraulic-cylinder-factory-1-980x1244.webp 980w, https:\/\/www.hydraulic-cylinders.net\/wp-content\/uploads\/2025\/01\/hydraulic-cylinder-factory-1-480x610.webp 480w\" sizes=\"(min-width: 0px) and (max-width: 480px) 480px, (min-width: 481px) and (max-width: 980px) 980px, (min-width: 981px) and (max-width: 1280px) 1280px, (min-width: 1281px) 2016px, 100vw\" \/><\/h2>\n<p>Py\u0161n\u00edme se nejmodern\u011bj\u0161\u00ed nez\u00e1vislou platformou v\u00fdzkumu a v\u00fdvoje zam\u011b\u0159enou na mont\u00e1\u017e, kter\u00e1 zaji\u0161\u0165uje \u0161pi\u010dkov\u00e9 inovace a kvalitu v na\u0161ich v\u00fdrobn\u00edch procesech. Na\u0161e d\u00edlna na v\u00fdrobu v\u00e1lc\u016f pro vysokozdvi\u017en\u00e9 voz\u00edky disponuje \u010dty\u0159mi poloautomatick\u00fdmi mont\u00e1\u017en\u00edmi linkami pro zdvihac\u00ed v\u00e1lce a pln\u011b automatickou mont\u00e1\u017en\u00ed linkou pro nakl\u00e1p\u011bc\u00ed v\u00e1lce, kter\u00e9 jsou dohromady navr\u017eeny tak, aby vyr\u00e1b\u011bly a\u017e jeden milion kus\u016f ro\u010dn\u011b.<\/p>\n<p>Provozujeme pln\u011b automatickou linku na nan\u00e1\u0161en\u00ed barev na vodn\u00ed b\u00e1zi, speci\u00e1ln\u011b navr\u017eenou pro mal\u00e9 a st\u0159edn\u00ed tlakov\u00e9 lahve, s automatick\u00fdmi roboty pro nakl\u00e1d\u00e1n\u00ed, vykl\u00e1d\u00e1n\u00ed a st\u0159\u00edk\u00e1n\u00ed. Tento modern\u00ed syst\u00e9m se py\u0161n\u00ed v\u00fdrobn\u00ed kapacitou 4 000 kus\u016f za sm\u011bnu. Krom\u011b toho m\u00e1me poloautomatickou lakovac\u00ed linku pro velk\u00e9 tlakov\u00e9 lahve, poh\u00e1n\u011bnou \u0159et\u011bzov\u00fdm pohonem, s konstruk\u010dn\u00ed kapacitou 60 beden za sm\u011bnu.<\/p>\n<h2><img loading=\"lazy\" decoding=\"async\" class=\"alignnone size-full wp-image-16973\" src=\"https:\/\/www.hydraulic-cylinders.net\/wp-content\/uploads\/2025\/01\/hydraulic-cylinder-factory-2-scaled.webp\" alt=\"\" width=\"2011\" height=\"2560\" srcset=\"https:\/\/www.hydraulic-cylinders.net\/wp-content\/uploads\/2025\/01\/hydraulic-cylinder-factory-2-scaled.webp 2011w, https:\/\/www.hydraulic-cylinders.net\/wp-content\/uploads\/2025\/01\/hydraulic-cylinder-factory-2-1280x1629.webp 1280w, https:\/\/www.hydraulic-cylinders.net\/wp-content\/uploads\/2025\/01\/hydraulic-cylinder-factory-2-980x1248.webp 980w, https:\/\/www.hydraulic-cylinders.net\/wp-content\/uploads\/2025\/01\/hydraulic-cylinder-factory-2-480x611.webp 480w\" sizes=\"(min-width: 0px) and (max-width: 480px) 480px, (min-width: 481px) and (max-width: 980px) 980px, (min-width: 981px) and (max-width: 1280px) 1280px, (min-width: 1281px) 2011px, 100vw\" \/><\/h2>\n<p>Abychom zlep\u0161ili v\u00fdkon produkt\u016f a upevnili na\u0161i vedouc\u00ed pozici v odv\u011btv\u00ed hydraulick\u00fdch v\u00e1lc\u016f, nav\u00e1zali jsme partnerstv\u00ed se spole\u010dnost\u00ed ZJIMEE a z\u0159\u00eddili komplexn\u00ed v\u00fdkonnostn\u00ed laborato\u0159 zam\u011b\u0159enou na hydraulick\u00e9 v\u00e1lce, ventily a \u010derpadla. Tato pokro\u010dil\u00e1 laborato\u0159 vyu\u017e\u00edv\u00e1 po\u010d\u00edta\u010dem podporovan\u00e9 testov\u00e1n\u00ed s elektrohydraulickou technologi\u00ed, co\u017e umo\u017e\u0148uje p\u0159ednastaven\u00e9 zku\u0161ebn\u00ed podm\u00ednky, kter\u00e9 zlep\u0161uj\u00ed p\u0159esnost a v\u0161estrannost syst\u00e9mu. Automatizovan\u00fd proces sb\u011bru dat vyu\u017e\u00edv\u00e1 senzory ke shroma\u017e\u010fov\u00e1n\u00ed v\u00fdstupn\u00edch dat, jako je vnit\u0159n\u00ed net\u011bsnost a \u00fa\u010dinnost zat\u00ed\u017een\u00ed, kter\u00e1 jsou pot\u00e9 zpracov\u00e1na po\u010d\u00edta\u010dem a p\u0159evedena na standardn\u00ed jednotky (ml\/min%).<\/p>\n<p>Hydraulick\u00e9 v\u00e1lce pro podep\u0159en\u00ed p\u00e1sov\u00fdch je\u0159\u00e1b\u016f jsou d\u016fkazem na\u0161eho zam\u011b\u0159en\u00ed na kvalitu a v\u00fdkon. Jsou navr\u017eeny jako vysoce odoln\u00e9 hydraulick\u00e9 v\u00e1lce pro podep\u0159en\u00ed p\u00e1sov\u00fdch je\u0159\u00e1b\u016f, zejm\u00e9na pro modely zna\u010dek Liebherr, Manitowoc a Kobelco. Na\u0161e produkty si z\u00edskaly d\u016fv\u011bru v\u00fdznamn\u00fdch v\u00fdrobc\u016f za\u0159\u00edzen\u00ed po cel\u00e9m sv\u011bt\u011b a z\u00edskaly si silnou pov\u011bst spolehlivosti. Spole\u010dnost Ever-Power Huachang Hydraulic je uzn\u00e1v\u00e1na jako l\u00eddr ve v\u00fdrob\u011b hydraulick\u00fdch v\u00e1lc\u016f.<\/p>\n<\/section>","protected":false},"excerpt":{"rendered":"<p>Support Hydraulic Cylinders for Crawler Crane The Support Hydraulic Cylinders for Crawler Crane, expertly crafted by Ever-Power Huachang Hydraulic, are engineered to provide unparalleled stability and support for heavy lifting operations, compatible with models like Liebherr LR 1300, Manitowoc 14000, and Kobelco CKE2500. This hydraulic cylinder for crawler crane support enhances crane chassis stability by [&hellip;]<\/p>","protected":false},"featured_media":20163,"comment_status":"open","ping_status":"closed","template":"","meta":{"_et_pb_use_builder":"","_et_pb_old_content":"","_et_gb_content_width":""},"product_brand":[],"product_cat":[1514],"product_tag":[],"class_list":{"0":"post-20147","1":"product","2":"type-product","3":"status-publish","4":"has-post-thumbnail","6":"product_cat-mobile-crane-hydraulic-cylinders","8":"first","9":"instock","10":"shipping-taxable","11":"product-type-simple"},"amp_enabled":true,"_links":{"self":[{"href":"https:\/\/www.hydraulic-cylinders.net\/cs\/wp-json\/wp\/v2\/product\/20147","targetHints":{"allow":["GET"]}}],"collection":[{"href":"https:\/\/www.hydraulic-cylinders.net\/cs\/wp-json\/wp\/v2\/product"}],"about":[{"href":"https:\/\/www.hydraulic-cylinders.net\/cs\/wp-json\/wp\/v2\/types\/product"}],"replies":[{"embeddable":true,"href":"https:\/\/www.hydraulic-cylinders.net\/cs\/wp-json\/wp\/v2\/comments?post=20147"}],"wp:featuredmedia":[{"embeddable":true,"href":"https:\/\/www.hydraulic-cylinders.net\/cs\/wp-json\/wp\/v2\/media\/20163"}],"wp:attachment":[{"href":"https:\/\/www.hydraulic-cylinders.net\/cs\/wp-json\/wp\/v2\/media?parent=20147"}],"wp:term":[{"taxonomy":"product_brand","embeddable":true,"href":"https:\/\/www.hydraulic-cylinders.net\/cs\/wp-json\/wp\/v2\/product_brand?post=20147"},{"taxonomy":"product_cat","embeddable":true,"href":"https:\/\/www.hydraulic-cylinders.net\/cs\/wp-json\/wp\/v2\/product_cat?post=20147"},{"taxonomy":"product_tag","embeddable":true,"href":"https:\/\/www.hydraulic-cylinders.net\/cs\/wp-json\/wp\/v2\/product_tag?post=20147"}],"curies":[{"name":"wp","href":"https:\/\/api.w.org\/{rel}","templated":true}]}}