{"id":20173,"date":"2025-05-12T02:57:12","date_gmt":"2025-05-12T02:57:12","guid":{"rendered":"https:\/\/www.hydraulic-cylinders.net\/?post_type=product&#038;p=20173"},"modified":"2025-05-12T05:09:56","modified_gmt":"2025-05-12T05:09:56","slug":"luffing-hydraulic-cylinders-for-telescopic-crawler-crane","status":"publish","type":"product","link":"https:\/\/www.hydraulic-cylinders.net\/cs\/produkt\/luffing-hydraulic-cylinders-for-telescopic-crawler-crane\/","title":{"rendered":"Hydraulick\u00e9 v\u00e1lce pro teleskopick\u00fd p\u00e1sov\u00fd je\u0159\u00e1b"},"content":{"rendered":"<h1 style=\"text-align: center;\"><strong>Hydraulick\u00e9 v\u00e1lce pro teleskopick\u00fd p\u00e1sov\u00fd je\u0159\u00e1b<\/strong><\/h1>\n<p><img loading=\"lazy\" decoding=\"async\" class=\"wp-image-20174 aligncenter\" src=\"https:\/\/www.hydraulic-cylinders.net\/wp-content\/uploads\/2025\/05\/luffing-hydraulic-cylinder-for-telescopic.webp\" alt=\"Hydraulick\u00fd v\u00e1lec Luffing pro teleskopick\u00fd p\u00e1sov\u00fd je\u0159\u00e1b\" width=\"500\" height=\"500\" srcset=\"https:\/\/www.hydraulic-cylinders.net\/wp-content\/uploads\/2025\/05\/luffing-hydraulic-cylinder-for-telescopic.webp 500w, https:\/\/www.hydraulic-cylinders.net\/wp-content\/uploads\/2025\/05\/luffing-hydraulic-cylinder-for-telescopic-480x480.webp 480w\" sizes=\"(min-width: 0px) and (max-width: 480px) 480px, (min-width: 481px) 500px, 100vw\" \/><\/p>\n<section id=\"introduction\">Hydraulick\u00e9 v\u00e1lce pro teleskopick\u00e9 p\u00e1sov\u00e9 je\u0159\u00e1by od spole\u010dnosti ever-power huachang hydraulic jsou pokro\u010dil\u00e9 hydraulick\u00e9 v\u00e1lce pro teleskopick\u00e9 p\u00e1sov\u00e9 je\u0159\u00e1by, ur\u010den\u00e9 pro p\u0159esn\u00e9 ovl\u00e1d\u00e1n\u00ed \u00fahlu v\u00fdlo\u017en\u00edku. Tento hydraulick\u00fd v\u00e1lec pro vykl\u00e1p\u011bn\u00ed je\u0159\u00e1bu je kompatibiln\u00ed s modely a vylep\u0161uje zdvihac\u00ed operace teleskopick\u00fdch je\u0159\u00e1b\u016f ve stavebnictv\u00ed, hornictv\u00ed a pr\u016fmyslu. Hydraulick\u00fd v\u00e1lec pro p\u00e1sov\u00e9 je\u0159\u00e1by je navr\u017een pro odolnost a nab\u00edz\u00ed odoln\u00fd hydraulick\u00fd v\u00e1lec, kter\u00fd snadno zvl\u00e1d\u00e1 n\u00e1ro\u010dn\u00e9 \u00fakoly.<\/section>\n<section id=\"specifications\">\n<h2><strong>Technick\u00e9 specifikace:<\/strong><\/h2>\n<p><img loading=\"lazy\" decoding=\"async\" class=\"aligncenter wp-image-20176 size-full\" src=\"https:\/\/www.hydraulic-cylinders.net\/wp-content\/uploads\/2025\/05\/telescopic-crawler-crane.webp\" alt=\"Konstrukce teleskopick\u00fdch p\u00e1sov\u00fdch je\u0159\u00e1b\u016f\" width=\"640\" height=\"358\" srcset=\"https:\/\/www.hydraulic-cylinders.net\/wp-content\/uploads\/2025\/05\/telescopic-crawler-crane.webp 640w, https:\/\/www.hydraulic-cylinders.net\/wp-content\/uploads\/2025\/05\/telescopic-crawler-crane-480x269.webp 480w\" sizes=\"(min-width: 0px) and (max-width: 480px) 480px, (min-width: 481px) 640px, 100vw\" \/><\/p>\n<p><strong>Funkce:<\/strong> Ovl\u00e1dejte pohyb hlavn\u00edho ramene<br \/>\n<strong>Pr\u016fm\u011br v\u00e1lce:<\/strong> 220 mm\u2013320 mm<br \/>\n<strong>Pr\u016fm\u011br ty\u010de:<\/strong> 180 mm\u2013280 mm<br \/>\n<strong>Cestovat:<\/strong> 2000 mm\u20134000 mm<br \/>\n<strong>Maxim\u00e1ln\u00ed tlak:<\/strong> 32 MPa<br \/>\n<strong>Maxim\u00e1ln\u00ed tah:<\/strong> 2574KN<\/p>\n<\/section>\n<section id=\"features\">\n<h2><strong>Kl\u00ed\u010dov\u00e9 vlastnosti hydraulick\u00fdch v\u00e1lc\u016f pro teleskopick\u00e9 p\u00e1sov\u00e9 je\u0159\u00e1by:<\/strong><\/h2>\n<ul>\n<li><strong>P\u0159esn\u00e9 ovl\u00e1d\u00e1n\u00ed luffingu:<\/strong> Hydraulick\u00e9 v\u00e1lce s v\u00fdkyvn\u00fdm mechanismem pro teleskopick\u00e9 p\u00e1sov\u00e9 je\u0159\u00e1by umo\u017e\u0148uj\u00ed p\u0159esn\u00e9 nastaven\u00ed \u00fahlu v\u00fdlo\u017en\u00edku, d\u00edky \u010demu\u017e je tento teleskopick\u00fd je\u0159\u00e1bov\u00fd v\u00e1lec ide\u00e1ln\u00ed pro zved\u00e1n\u00ed ve st\u00edsn\u011bn\u00fdch prostorech a slo\u017eit\u00e9m ter\u00e9nu.<\/li>\n<li><strong>Robustn\u00ed konstrukce:<\/strong>\u00a0Tento hydraulick\u00fd v\u00e1lec pro teleskopick\u00e9 p\u00e1sov\u00e9 je\u0159\u00e1by, vyroben\u00fd z vysokopevnostn\u00ed legovan\u00e9 oceli a opat\u0159en\u00fd korozivzdorn\u00fdm povlakem, odol\u00e1v\u00e1 n\u00e1ro\u010dn\u00fdm podm\u00ednk\u00e1m a zaji\u0161\u0165uje dlouhodob\u00fd v\u00fdkon jako vysoce odoln\u00fd hydraulick\u00fd v\u00e1lec pro je\u0159\u00e1by.<\/li>\n<li><strong>P\u0159izp\u016fsobiteln\u00fd design:<\/strong>\u00a0D\u00edky nastaviteln\u00e9 d\u00e9lce zdvihu a velikosti otvor\u016f se hydraulick\u00fd v\u00e1lec p\u00e1sov\u00e9ho je\u0159\u00e1bu s regulac\u00ed vykl\u00e1p\u011bn\u00ed p\u0159izp\u016fsobuje r\u016fzn\u00fdm pot\u0159eb\u00e1m zved\u00e1n\u00ed teleskopick\u00e9ho je\u0159\u00e1bu a zvy\u0161uje tak provozn\u00ed flexibilitu.<\/li>\n<li><strong>\u00da\u010dinnost vysok\u00e9ho tlaku:<\/strong>\u00a0Tento v\u00fdkyvn\u00fd hydraulick\u00fd v\u00e1lec, navr\u017een\u00fd pro tlak a\u017e 400 bar\u016f, zaji\u0161\u0165uje spolehliv\u00fd v\u00fdkon pro n\u00e1ro\u010dn\u00e9 aplikace s hydraulick\u00fdmi v\u00e1lci a minimalizuje prostoje b\u011bhem je\u0159\u00e1bov\u00fdch operac\u00ed.<\/li>\n<\/ul>\n<\/section>\n<section id=\"applications\">\n<h2><strong>Pou\u017eit\u00ed hydraulick\u00fdch v\u00e1lc\u016f s v\u00fdkyvn\u00fdm mechanismem pro teleskopick\u00e9 p\u00e1sov\u00e9 je\u0159\u00e1by:<\/strong><\/h2>\n<p><img loading=\"lazy\" decoding=\"async\" class=\"alignnone size-full wp-image-20177\" src=\"https:\/\/www.hydraulic-cylinders.net\/wp-content\/uploads\/2025\/05\/luffing-hydraulic-cylinders-for-telescopic-crawler-crane-application.webp\" alt=\"Hydraulick\u00e9 v\u00e1lce s v\u00fdkyvn\u00fdm mechanismem pro teleskopick\u00e9 p\u00e1sov\u00e9 je\u0159\u00e1by\" width=\"1077\" height=\"616\" srcset=\"https:\/\/www.hydraulic-cylinders.net\/wp-content\/uploads\/2025\/05\/luffing-hydraulic-cylinders-for-telescopic-crawler-crane-application.webp 1077w, https:\/\/www.hydraulic-cylinders.net\/wp-content\/uploads\/2025\/05\/luffing-hydraulic-cylinders-for-telescopic-crawler-crane-application-980x561.webp 980w, https:\/\/www.hydraulic-cylinders.net\/wp-content\/uploads\/2025\/05\/luffing-hydraulic-cylinders-for-telescopic-crawler-crane-application-480x275.webp 480w\" sizes=\"(min-width: 0px) and (max-width: 480px) 480px, (min-width: 481px) and (max-width: 980px) 980px, (min-width: 981px) 1077px, 100vw\" \/><\/p>\n<ul>\n<li><strong>V\u00fd\u0161kov\u00e9 stavebn\u00ed projekty:<\/strong> Hydraulick\u00e9 v\u00e1lce s vykl\u00e1p\u011bn\u00edm pro teleskopick\u00e9 p\u00e1sov\u00e9 je\u0159\u00e1by vynikaj\u00ed ve v\u00fd\u0161kov\u00e9m stavitelstv\u00ed, jako je stavba mrakodrap\u016f a most\u016f, a nab\u00edzej\u00ed n\u00e1hradu za v\u00e1lec teleskopick\u00e9ho p\u00e1sov\u00e9ho je\u0159\u00e1bu pro p\u0159esn\u00e9 polohov\u00e1n\u00ed b\u0159emene. D\u00edky hydraulick\u00e9mu v\u00e1lci s ovl\u00e1d\u00e1n\u00edm vykl\u00e1p\u011bn\u00ed zaji\u0161\u0165uje p\u0159esn\u00e9 nastaven\u00ed v\u00fdlo\u017en\u00edku v t\u011bsn\u00fdch m\u011bstsk\u00fdch prostorech a zvy\u0161uje bezpe\u010dnost a produktivitu obsluhy manipuluj\u00edc\u00ed s t\u011b\u017ek\u00fdmi materi\u00e1ly, jako jsou ocelov\u00e9 nosn\u00edky a prefabrikovan\u00e9 betonov\u00e9 panely.<\/li>\n<li><strong>T\u011b\u017eebn\u00ed operace v n\u00e1ro\u010dn\u00e9m ter\u00e9nu:<\/strong>\u00a0Tento hydraulick\u00fd v\u00e1lec pro zved\u00e1n\u00ed teleskopick\u00fdm je\u0159\u00e1bem, navr\u017een\u00fd pro nejn\u00e1ro\u010dn\u011bj\u0161\u00ed t\u011b\u017eebn\u00ed prost\u0159ed\u00ed, zaji\u0161\u0165uje stabiln\u00ed a kontrolovan\u00e9 nastaven\u00ed v\u00fdlo\u017en\u00edku p\u0159i manipulaci s t\u011b\u017ek\u00fdmi b\u0159emeny, jako je ruda nebo velk\u00e1 za\u0159\u00edzen\u00ed, v nerovn\u00e9m ter\u00e9nu. Vysoce odoln\u00fd hydraulick\u00fd v\u00e1lec pro je\u0159\u00e1by odol\u00e1v\u00e1 abrazivn\u00edm podm\u00ednk\u00e1m, jako je prach a vlhkost, a p\u0159edstavuje tak spolehliv\u00e9 \u0159e\u0161en\u00ed hydraulick\u00e9ho v\u00e1lce pro p\u00e1sov\u00e9 je\u0159\u00e1by, kter\u00e9 zvy\u0161uje provozn\u00ed efektivitu a minimalizuje prostoje ve vzd\u00e1len\u00fdch t\u011b\u017eebn\u00edch lokalit\u00e1ch.<\/li>\n<li><strong>Pr\u016fmyslov\u00e9 zved\u00e1n\u00ed v t\u011b\u017ek\u00e9m pr\u016fmyslu:<\/strong>\u00a0Teleskopick\u00fd je\u0159\u00e1bov\u00fd v\u00e1lec je ide\u00e1ln\u00ed pro pr\u016fmyslov\u00e9 aplikace, jako je \u00fadr\u017eba elektr\u00e1ren a provoz lod\u011bnic. Usnad\u0148uje bezpe\u010dnou a efektivn\u00ed manipulaci s nadrozm\u011brn\u00fdmi b\u0159emeny, jako jsou turb\u00edny nebo p\u0159epravn\u00ed kontejnery. V\u00fdkyvn\u00fd hydraulick\u00fd v\u00e1lec nab\u00edz\u00ed plynul\u00e9 ovl\u00e1d\u00e1n\u00ed pro slo\u017eit\u00e9 zdvihac\u00ed \u00fakoly, co\u017e je podpo\u0159eno robustn\u00ed konstrukc\u00ed hydraulick\u00e9ho v\u00e1lce, kter\u00e1 zaji\u0161\u0165uje odolnost a p\u0159esnost v n\u00e1ro\u010dn\u00fdch podm\u00ednk\u00e1ch a zlep\u0161uje pracovn\u00ed postup v n\u00e1ro\u010dn\u00fdch pr\u016fmyslov\u00fdch prost\u0159ed\u00edch.<\/li>\n<\/ul>\n<\/section>\n<section id=\"explore-more\">\n<h2><strong>Prozkoumejte dal\u0161\u00ed v\u00e1lce pro p\u00e1sov\u00e9 je\u0159\u00e1by:<\/strong><\/h2>\n<p dir=\"auto\">Nab\u00edz\u00edme \u0161irok\u00fd v\u00fdb\u011br v\u00e1lc\u016f pro p\u00e1sov\u00e9 je\u0159\u00e1by, kter\u00e9 spl\u0148uj\u00ed \u0161irokou \u0161k\u00e1lu po\u017eadavk\u016f na zved\u00e1n\u00ed. Od hydraulick\u00fdch v\u00e1lc\u016f pro teleskopick\u00e9 zved\u00e1n\u00ed je\u0159\u00e1by a\u017e po vysoce v\u00fdkonn\u00e9 v\u00fdkyvn\u00e9 v\u00e1lce pro je\u0159\u00e1by, Ever-Power Huachang Hydraulic poskytuje \u0159e\u0161en\u00ed na m\u00edru va\u0161im pot\u0159eb\u00e1m. Prozkoumejte na\u0161i kompletn\u00ed \u0159adu. <a href=\"https:\/\/www.hydraulic-cylinders.net\/cs\/mobile-crane-hydraulic-cylinders\/\">v\u00e1lce p\u00e1sov\u00fdch je\u0159\u00e1b\u016f<\/a> abyste na\u0161li perfektn\u00ed \u0159e\u0161en\u00ed pro va\u0161e je\u0159\u00e1bnick\u00e9 operace.<\/p>\n<h2 class=\"header-jfw95c auto-hide-last-sibling-br\"><strong>Jak\u00e9 jsou b\u011b\u017en\u00e9 polo\u017eky \u00fadr\u017eby pro hydraulick\u00e9 v\u00e1lce s v\u00fdkyvn\u00fdm mechanismem pro teleskopick\u00e9 p\u00e1sov\u00e9 je\u0159\u00e1by?<\/strong><\/h2>\n<ul class=\"auto-hide-last-sibling-br\">\n<li><strong>Pravideln\u00e9 kontroly<\/strong>Vizu\u00e1ln\u011b zkontrolujte hydraulick\u00e9 v\u00e1lce pro nakl\u00e1p\u011bn\u00ed, zda nevykazuj\u00ed zn\u00e1mky po\u0161kozen\u00ed, net\u011bsnosti nebo nadm\u011brn\u00e9ho opot\u0159eben\u00ed. Prohl\u00e9dn\u011bte olejov\u00e1 t\u011bsn\u011bn\u00ed kolem v\u00e1lce, zda nejsou po\u0161kozen\u00e1, ohnut\u00e1 ojnice nebo jin\u00e9 viditeln\u00e9 probl\u00e9my. Zkontrolujte tak\u00e9 hydraulick\u00e9 hadice a spoje, zda nejsou opot\u0159ebovan\u00e9, praskl\u00e9 nebo net\u011bsn\u00e9.<\/li>\n<li><strong>Kontrola hladiny kapaliny<\/strong>Pravideln\u011b sledujte hladinu hydraulick\u00e9 kapaliny v syst\u00e9mu, abyste se ujistili, \u017ee je na spr\u00e1vn\u00e9 \u00farovni dle doporu\u010den\u00ed v\u00fdrobce. Pokud je hladina kapaliny n\u00edzk\u00e1, dopl\u0148te vhodnou hydraulickou kapalinu dle pokyn\u016f.<\/li>\n<li><strong>Kvalita kapaliny<\/strong>Zkontrolujte kvalitu a stav hydraulick\u00e9 kapaliny. Hledejte jak\u00e9koli zn\u00e1mky kontaminace, jako jsou ne\u010distoty, voda nebo \u00falomky. Pokud se kapalina jev\u00ed jako zakalen\u00e1 nebo kontaminovan\u00e1, m\u016f\u017ee b\u00fdt nutn\u00e9 ji vypustit a vym\u011bnit.<\/li>\n<li><strong>Maz\u00e1n\u00ed sou\u010d\u00e1st\u00ed<\/strong>Proma\u017ete pohybliv\u00e9 sou\u010d\u00e1sti hydraulick\u00e9ho nakl\u00e1p\u011bc\u00edho v\u00e1lce podle doporu\u010den\u00ed v\u00fdrobce. To m\u016f\u017ee zahrnovat nanesen\u00ed maziva na specifick\u00e1 m\u00edsta, jako jsou oto\u010dn\u00e9 klouby nebo konce t\u00e1hel, aby se zajistil hladk\u00fd chod a sn\u00ed\u017eilo t\u0159en\u00ed.<\/li>\n<li><strong>Kontrola a v\u00fdm\u011bna t\u011bsn\u011bn\u00ed<\/strong>Hydraulick\u00e9 v\u00e1lce pro nakl\u00e1p\u011bn\u00ed pou\u017e\u00edvaj\u00ed t\u011bsn\u011bn\u00ed, kter\u00e1 zabra\u0148uj\u00ed \u00faniku kapaliny a udr\u017euj\u00ed integritu syst\u00e9mu. Pravideln\u011b kontrolujte t\u011bsn\u011bn\u00ed, zda nejsou opot\u0159ebovan\u00e1, po\u0161kozen\u00e1 nebo nevykazuj\u00ed zn\u00e1mky \u00faniku. Pokud jsou n\u011bkter\u00e1 t\u011bsn\u011bn\u00ed po\u0161kozen\u00e1, m\u011bla by b\u00fdt neprodlen\u011b vym\u011bn\u011bna, aby se zabr\u00e1nilo \u00faniku kapaliny a mo\u017en\u00e9mu selh\u00e1n\u00ed v\u00e1lce.<\/li>\n<\/ul>\n<\/section>\n<section id=\"company-introduction\">\n<h2><strong>O spole\u010dnosti Ever-Power Huachang Hydraulic:<\/strong><\/h2>\n<h2><img loading=\"lazy\" decoding=\"async\" class=\"alignnone size-full wp-image-16972\" src=\"https:\/\/www.hydraulic-cylinders.net\/wp-content\/uploads\/2025\/01\/hydraulic-cylinder-factory-1-scaled.webp\" alt=\"\" width=\"2016\" height=\"2560\" srcset=\"https:\/\/www.hydraulic-cylinders.net\/wp-content\/uploads\/2025\/01\/hydraulic-cylinder-factory-1-scaled.webp 2016w, https:\/\/www.hydraulic-cylinders.net\/wp-content\/uploads\/2025\/01\/hydraulic-cylinder-factory-1-1280x1625.webp 1280w, https:\/\/www.hydraulic-cylinders.net\/wp-content\/uploads\/2025\/01\/hydraulic-cylinder-factory-1-980x1244.webp 980w, https:\/\/www.hydraulic-cylinders.net\/wp-content\/uploads\/2025\/01\/hydraulic-cylinder-factory-1-480x610.webp 480w\" sizes=\"(min-width: 0px) and (max-width: 480px) 480px, (min-width: 481px) and (max-width: 980px) 980px, (min-width: 981px) and (max-width: 1280px) 1280px, (min-width: 1281px) 2016px, 100vw\" \/><\/h2>\n<p dir=\"auto\">Spole\u010dnost Ever-Power Huachang Hydraulic je l\u00eddrem v oboru d\u00edky pokro\u010dil\u00e9 platform\u011b v\u00fdzkumu a v\u00fdvoje zam\u011b\u0159en\u00e9 na inovativn\u00ed \u0159e\u0161en\u00ed hydraulick\u00fdch v\u00e1lc\u016f. Na\u0161i odborn\u00ed in\u017een\u00fd\u0159i vyv\u00edjej\u00ed vysoce v\u00fdkonn\u00e9 komponenty, kter\u00e9 zaji\u0161\u0165uj\u00ed \u0161pi\u010dkovou kvalitu pro aplikace, jako jsou automobilov\u00e9 je\u0159\u00e1by a teleskopick\u00e9 p\u00e1sov\u00e9 je\u0159\u00e1by.<\/p>\n<p dir=\"auto\">N\u00e1\u0161 modern\u00ed v\u00fdrobn\u00ed z\u00e1vod integruje automatizovan\u00e9 mont\u00e1\u017en\u00ed linky a p\u0159esn\u00e9 obr\u00e1b\u011bn\u00ed a ro\u010dn\u011b vyr\u00e1b\u00ed a\u017e 1 milion lahv\u00ed. D\u00edky specializovan\u00fdm d\u00edln\u00e1m pro \u010di\u0161t\u011bn\u00ed, mont\u00e1\u017e a povrchovou \u00fapravu dod\u00e1v\u00e1me odoln\u00e9 lahve p\u0159izp\u016fsoben\u00e9 rozmanit\u00fdm specifikac\u00edm, co\u017e zvy\u0161uje provozn\u00ed efektivitu.<\/p>\n<h2><img loading=\"lazy\" decoding=\"async\" class=\"alignnone size-full wp-image-16973\" src=\"https:\/\/www.hydraulic-cylinders.net\/wp-content\/uploads\/2025\/01\/hydraulic-cylinder-factory-2-scaled.webp\" alt=\"\" width=\"2011\" height=\"2560\" srcset=\"https:\/\/www.hydraulic-cylinders.net\/wp-content\/uploads\/2025\/01\/hydraulic-cylinder-factory-2-scaled.webp 2011w, https:\/\/www.hydraulic-cylinders.net\/wp-content\/uploads\/2025\/01\/hydraulic-cylinder-factory-2-1280x1629.webp 1280w, https:\/\/www.hydraulic-cylinders.net\/wp-content\/uploads\/2025\/01\/hydraulic-cylinder-factory-2-980x1248.webp 980w, https:\/\/www.hydraulic-cylinders.net\/wp-content\/uploads\/2025\/01\/hydraulic-cylinder-factory-2-480x611.webp 480w\" sizes=\"(min-width: 0px) and (max-width: 480px) 480px, (min-width: 481px) and (max-width: 980px) 980px, (min-width: 981px) and (max-width: 1280px) 1280px, (min-width: 1281px) 2011px, 100vw\" \/><\/h2>\n<p dir=\"auto\">Klademe d\u016fraz na kvalitu, a proto ve spolupr\u00e1ci se spole\u010dnost\u00ed ZJIMEE vyu\u017e\u00edv\u00e1me specializovanou zku\u0161ebn\u00ed laborato\u0159 s vyu\u017eit\u00edm po\u010d\u00edta\u010dem asistovan\u00e9ho elektrohydraulick\u00e9ho testov\u00e1n\u00ed k m\u011b\u0159en\u00ed v\u00fdkonnostn\u00edch ukazatel\u016f, jako je \u00fa\u010dinnost zat\u00ed\u017een\u00ed a vnit\u0159n\u00ed net\u011bsnost. To zaji\u0161\u0165uje, \u017ee na\u0161e produkty spl\u0148uj\u00ed p\u0159\u00edsn\u00e9 mezin\u00e1rodn\u00ed standardy bezpe\u010dnosti a spolehlivosti.<\/p>\n<p dir=\"auto\">Hydraulick\u00e9 v\u00e1lce s protiz\u00e1va\u017e\u00edm pro automobilov\u00e9 je\u0159\u00e1by jsou p\u0159\u00edkladem na\u0161eho z\u00e1vazku k dokonalosti. Jsou navr\u017eeny jako vysoce odoln\u00e9 hydraulick\u00e9 v\u00e1lce pro modely jako Terex a Grove. Spole\u010dnost Ever-Power Huachang Hydraulic, kter\u00e1 se t\u011b\u0161\u00ed celosv\u011btov\u00e9 d\u016fv\u011bryhodnosti, je uzn\u00e1van\u00fdm l\u00eddrem ve v\u00fdrob\u011b hydraulick\u00fdch v\u00e1lc\u016f.<\/p>\n<\/section>","protected":false},"excerpt":{"rendered":"<p>Luffing Hydraulic Cylinders for Telescopic Crawler Crane The luffing hydraulic cylinders for telescopic crawler crane from ever-power huachang hydraulic are advanced hydraulic cylinder for telescopic crawler crane solutions, designed to control boom angle with precision. Compatible with models, this luffing hydraulic cylinder enhances telescopic crane lifting operations in construction, mining, and industrial settings. Engineered for [&hellip;]<\/p>","protected":false},"featured_media":20175,"comment_status":"open","ping_status":"closed","template":"","meta":{"_et_pb_use_builder":"","_et_pb_old_content":"","_et_gb_content_width":""},"product_brand":[],"product_cat":[1514],"product_tag":[],"class_list":{"0":"post-20173","1":"product","2":"type-product","3":"status-publish","4":"has-post-thumbnail","6":"product_cat-mobile-crane-hydraulic-cylinders","8":"first","9":"instock","10":"shipping-taxable","11":"product-type-simple"},"amp_enabled":true,"_links":{"self":[{"href":"https:\/\/www.hydraulic-cylinders.net\/cs\/wp-json\/wp\/v2\/product\/20173","targetHints":{"allow":["GET"]}}],"collection":[{"href":"https:\/\/www.hydraulic-cylinders.net\/cs\/wp-json\/wp\/v2\/product"}],"about":[{"href":"https:\/\/www.hydraulic-cylinders.net\/cs\/wp-json\/wp\/v2\/types\/product"}],"replies":[{"embeddable":true,"href":"https:\/\/www.hydraulic-cylinders.net\/cs\/wp-json\/wp\/v2\/comments?post=20173"}],"wp:featuredmedia":[{"embeddable":true,"href":"https:\/\/www.hydraulic-cylinders.net\/cs\/wp-json\/wp\/v2\/media\/20175"}],"wp:attachment":[{"href":"https:\/\/www.hydraulic-cylinders.net\/cs\/wp-json\/wp\/v2\/media?parent=20173"}],"wp:term":[{"taxonomy":"product_brand","embeddable":true,"href":"https:\/\/www.hydraulic-cylinders.net\/cs\/wp-json\/wp\/v2\/product_brand?post=20173"},{"taxonomy":"product_cat","embeddable":true,"href":"https:\/\/www.hydraulic-cylinders.net\/cs\/wp-json\/wp\/v2\/product_cat?post=20173"},{"taxonomy":"product_tag","embeddable":true,"href":"https:\/\/www.hydraulic-cylinders.net\/cs\/wp-json\/wp\/v2\/product_tag?post=20173"}],"curies":[{"name":"wp","href":"https:\/\/api.w.org\/{rel}","templated":true}]}}