{"id":20186,"date":"2025-05-12T05:40:16","date_gmt":"2025-05-12T05:40:16","guid":{"rendered":"https:\/\/www.hydraulic-cylinders.net\/?post_type=product&#038;p=20186"},"modified":"2025-05-13T02:00:59","modified_gmt":"2025-05-13T02:00:59","slug":"luffing-hydraulic-cylinders-for-car-crane","status":"publish","type":"product","link":"https:\/\/www.hydraulic-cylinders.net\/cs\/produkt\/luffing-hydraulic-cylinders-for-car-crane\/","title":{"rendered":"Hydraulick\u00e9 v\u00e1lce s v\u00fdkyvn\u00fdm mechanismem pro automobilov\u00e9 je\u0159\u00e1by"},"content":{"rendered":"<h1 style=\"text-align: center;\"><strong>Hydraulick\u00e9 v\u00e1lce s v\u00fdkyvn\u00fdm mechanismem pro automobilov\u00e9 je\u0159\u00e1by<\/strong><\/h1>\n<p><img loading=\"lazy\" decoding=\"async\" class=\"wp-image-20187 aligncenter\" src=\"https:\/\/www.hydraulic-cylinders.net\/wp-content\/uploads\/2025\/05\/luffing-hydraulic-cylinder-for-car-crane.webp\" alt=\"\" width=\"500\" height=\"500\" srcset=\"https:\/\/www.hydraulic-cylinders.net\/wp-content\/uploads\/2025\/05\/luffing-hydraulic-cylinder-for-car-crane.webp 500w, https:\/\/www.hydraulic-cylinders.net\/wp-content\/uploads\/2025\/05\/luffing-hydraulic-cylinder-for-car-crane-480x480.webp 480w\" sizes=\"(min-width: 0px) and (max-width: 480px) 480px, (min-width: 481px) 500px, 100vw\" \/><\/p>\n<section id=\"introduction\">Hydraulick\u00e9 v\u00e1lce pro automobilov\u00e9 je\u0159\u00e1by s v\u00fdkyvn\u00fdm \u00fahlem, vyvinut\u00e9 spole\u010dnost\u00ed Ever-Power Huachang Hydraulic, jsou pokro\u010dil\u00e9 v\u00e1lce pro nastaven\u00ed \u00fahlu v\u00fdlo\u017en\u00edku, navr\u017een\u00e9 pro p\u0159esn\u00e9 ovl\u00e1d\u00e1n\u00ed pohybu v\u00fdlo\u017en\u00edku p\u0159i zdvihac\u00edch operac\u00edch pro automobily. Tento hydraulick\u00fd v\u00e1lec pro automobilov\u00e9 je\u0159\u00e1by, kter\u00fd je p\u0159izp\u016fsoben pro kompatibilitu s modely, vynik\u00e1 v m\u011bstsk\u00e9 v\u00fdstavb\u011b, manipulaci s materi\u00e1lem a pr\u016fmyslov\u00fdch projektech. Jako vysoce odoln\u00fd hydraulick\u00fd v\u00e1lec podporuje tlak a\u017e 350 bar\u016f a nab\u00edz\u00ed robustn\u00ed v\u00fdkon pro p\u0159esn\u00e9 nastaven\u00ed \u00fahlu v\u00fdlo\u017en\u00edku, \u010d\u00edm\u017e zaji\u0161\u0165uje bezpe\u010dnost a efektivitu p\u0159i zved\u00e1n\u00ed r\u016fzn\u00fdch b\u0159emen, jako jsou ocelov\u00e9 nosn\u00edky nebo t\u011b\u017ek\u00e1 za\u0159\u00edzen\u00ed.<\/section>\n<section id=\"specifications\">\n<h2><strong>Technick\u00e9 specifikace:<\/strong><\/h2>\n<p><strong>Funkce:<\/strong> Ovl\u00e1dejte pohyb hlavn\u00edho ramene<br \/>\n<strong>Pr\u016fm\u011br v\u00e1lce:<\/strong> 180 mm\u2013220 mm<br \/>\n<strong>Pr\u016fm\u011br ty\u010de:<\/strong> 110 mm\u2013180 mm<br \/>\n<strong>Cestovat:<\/strong> 1000 mm - 200 mm<br \/>\n<strong>Maxim\u00e1ln\u00ed tlak:<\/strong> 25 MPa<br \/>\n<strong>Maxim\u00e1ln\u00ed tah:<\/strong> 950 kn<\/p>\n<\/section>\n<section id=\"features\">\n<h2><strong>Kl\u00ed\u010dov\u00e9 vlastnosti hydraulick\u00fdch v\u00e1lc\u016f s v\u00fdkyvn\u00fdm mechanismem pro automobilov\u00e9 je\u0159\u00e1by:<\/strong><\/h2>\n<ul>\n<li><strong>P\u0159esn\u00e9 nastaven\u00ed \u00fahlu ramene:<\/strong>\u00a0Hydraulick\u00e9 v\u00e1lce Luffing pro automobilov\u00e9 je\u0159\u00e1by nab\u00edzej\u00ed p\u0159esn\u00e9 ovl\u00e1d\u00e1n\u00ed \u00fahlu v\u00fdlo\u017en\u00edku, d\u00edky \u010demu\u017e jsou tyto v\u00e1lce pro nastaven\u00ed v\u00fdlo\u017en\u00edku automobilov\u00e9ho je\u0159\u00e1bu ide\u00e1ln\u00ed pro snadnou a jistou navigaci v t\u011bsn\u00fdch pracovn\u00edch prostorech.<\/li>\n<li><strong>Spolehliv\u00fd provoz za vysok\u00e9ho tlaku:<\/strong>\u00a0Tento hydraulick\u00fd v\u00e1lec pro p\u0159esn\u00e9 zved\u00e1n\u00ed automobilov\u00fdch je\u0159\u00e1b\u016f, vyroben\u00fd z vysokopevnostn\u00ed legovan\u00e9 oceli, pracuje bezchybn\u011b p\u0159i tlaku 350 bar\u016f a zaji\u0161\u0165uje konzistentn\u00ed v\u00fdkon pro n\u00e1ro\u010dn\u00e9 zdvihac\u00ed \u00fakoly v r\u016fzn\u00fdch podm\u00ednk\u00e1ch.<\/li>\n<li><strong>Mo\u017enosti p\u0159izp\u016fsobiv\u00e9ho designu:<\/strong>\u00a0D\u00edky p\u0159izp\u016fsobiteln\u00fdm d\u00e9lk\u00e1m vrt\u00e1n\u00ed a zdvihu se tento v\u00e1lec \u00fahlu v\u00fdlo\u017en\u00edku pro zved\u00e1n\u00ed automobilov\u00fdmi je\u0159\u00e1by p\u0159izp\u016fsobuje specifick\u00fdm pot\u0159eb\u00e1m projektu a zvy\u0161uje tak v\u0161estrannost u r\u016fzn\u00fdch model\u016f automobilov\u00fdch je\u0159\u00e1b\u016f.<\/li>\n<li><strong>Zv\u00fd\u0161en\u00e1 odolnost s odolnost\u00ed proti korozi:<\/strong>\u00a0Tento odoln\u00fd v\u00fdkyvn\u00fd v\u00e1lec pro automobilov\u00e9 je\u0159\u00e1by je vybaven korozivzdornou povrchovou \u00fapravou a odol\u00e1v\u00e1 n\u00e1ro\u010dn\u00fdm podm\u00ednk\u00e1m, jako je d\u00e9\u0161\u0165 nebo prach, co\u017e prodlu\u017euje jeho provozn\u00ed \u017eivotnost.<\/li>\n<li><strong>Energeticky \u00fasporn\u00fd v\u00fdkon:<\/strong>\u00a0Tento hydraulick\u00fd v\u00e1lec s v\u00fdkyvn\u00fdm mechanismem, navr\u017een\u00fd s pokro\u010dilou technologi\u00ed t\u011bsn\u011bn\u00ed, minimalizuje tlakov\u00e9 ztr\u00e1ty, \u010d\u00edm\u017e sni\u017euje spot\u0159ebu energie a n\u00e1klady na \u00fadr\u017ebu p\u0159i del\u0161\u00edm pou\u017e\u00edv\u00e1n\u00ed.<\/li>\n<\/ul>\n<\/section>\n<section id=\"applications\">\n<h2><strong>Pou\u017eit\u00ed hydraulick\u00fdch v\u00e1lc\u016f s v\u00fdkyvn\u00fdm mechanismem pro automobilov\u00e9 je\u0159\u00e1by:<\/strong><\/h2>\n<h3><strong><img loading=\"lazy\" decoding=\"async\" class=\"alignnone size-full wp-image-20196\" src=\"https:\/\/www.hydraulic-cylinders.net\/wp-content\/uploads\/2025\/05\/luffing-hydraulic-cylinder-for-car-crane-application.webp\" alt=\"\" width=\"1077\" height=\"616\" srcset=\"https:\/\/www.hydraulic-cylinders.net\/wp-content\/uploads\/2025\/05\/luffing-hydraulic-cylinder-for-car-crane-application.webp 1077w, https:\/\/www.hydraulic-cylinders.net\/wp-content\/uploads\/2025\/05\/luffing-hydraulic-cylinder-for-car-crane-application-980x561.webp 980w, https:\/\/www.hydraulic-cylinders.net\/wp-content\/uploads\/2025\/05\/luffing-hydraulic-cylinder-for-car-crane-application-480x275.webp 480w\" sizes=\"(min-width: 0px) and (max-width: 480px) 480px, (min-width: 481px) and (max-width: 980px) 980px, (min-width: 981px) 1077px, 100vw\" \/><\/strong><\/h3>\n<ul>\n<li><strong>Rozvoj m\u011bstsk\u00e9 infrastruktury:<\/strong>\u00a0Hydraulick\u00e9 v\u00e1lce Luffing pro automobilov\u00e9 je\u0159\u00e1by se osv\u011bd\u010dily v projektech m\u011bstsk\u00e9 infrastruktury, jako je instalace mostn\u00edch sekc\u00ed nebo stavba konstrukc\u00ed budov, kde tento v\u00e1lec pro nastavov\u00e1n\u00ed \u00fahlu v\u00fdlo\u017en\u00edku pro zved\u00e1n\u00ed automobilov\u00fdmi je\u0159\u00e1by zaji\u0161\u0165uje p\u0159esn\u00e9 um\u00edst\u011bn\u00ed b\u0159emene v omezen\u00fdch prostor\u00e1ch.<\/li>\n<li><strong>P\u0159eprava materi\u00e1lu v p\u0159\u00edstavech:<\/strong>\u00a0Tento hydraulick\u00fd v\u00e1lec pro p\u0159esn\u00e9 je\u0159\u00e1by automobil\u016f je ide\u00e1ln\u00ed pro p\u0159\u00edstavn\u00ed operace a usnad\u0148uje bezpe\u010dnou manipulaci s nadm\u011brn\u00fdm n\u00e1kladem, jako jsou p\u0159epravn\u00ed kontejnery, a zvy\u0161uje efektivitu d\u00edky v\u00e1lci je\u0159\u00e1bu pro nastaven\u00ed v\u00fdlo\u017en\u00edku automobil\u016f.<\/li>\n<li><strong>Instalace t\u011b\u017ek\u00fdch za\u0159\u00edzen\u00ed v tov\u00e1rn\u00e1ch:<\/strong>\u00a0Tento robustn\u00ed v\u00fdkyvn\u00fd v\u00e1lec pro automobilov\u00e9 je\u0159\u00e1by, ide\u00e1ln\u00ed pro tov\u00e1rn\u00ed prost\u0159ed\u00ed, podporuje p\u0159esn\u00e9 polohov\u00e1n\u00ed velk\u00fdch stroj\u016f, jako jsou pr\u016fmyslov\u00e9 lisy, a zvy\u0161uje produktivitu ve slo\u017eit\u00fdch mont\u00e1\u017en\u00edch link\u00e1ch.<\/li>\n<\/ul>\n<\/section>\n<section id=\"explore-more\">\n<h2><strong>Prozkoumejte dal\u0161\u00ed v\u00e1lce pro autoje\u0159\u00e1by:<\/strong><\/h2>\n<p>Nab\u00edz\u00edme \u0161irokou \u0161k\u00e1lu v\u00e1lc\u016f pro autoje\u0159\u00e1by, kter\u00e9 uspokoj\u00ed r\u016fzn\u00e9 po\u017eadavky na zved\u00e1n\u00ed. A\u0165 u\u017e pot\u0159ebujete hydraulick\u00fd v\u00e1lec pro p\u0159esn\u00e9 pr\u00e1ce s autoje\u0159\u00e1by nebo hydraulick\u00fd v\u00e1lec pro t\u011b\u017ek\u00fd provoz, Ever-Power Huachang Hydraulic v\u00e1m dod\u00e1 \u0159e\u0161en\u00ed na m\u00edru. Objevte na\u0161i kompletn\u00ed kolekci. <a href=\"https:\/\/www.hydraulic-cylinders.net\/cs\/mobile-crane-hydraulic-cylinders\/\">v\u00e1lce autoje\u0159\u00e1bu<\/a>.<\/p>\n<h2><strong>Jak hydraulick\u00e9 v\u00e1lce s v\u00fdkyvn\u00fdm mechanismem pro autoje\u0159\u00e1by zlep\u0161uj\u00ed efektivitu zdvihac\u00edch operac\u00ed?<\/strong><\/h2>\n<div class=\"container-hfX5E8 flow-markdown-body theme-samantha-yJEgBp\" dir=\"ltr\" data-testid=\"message_text_content\" data-show-indicator=\"false\">\n<div class=\"auto-hide-last-sibling-br paragraph-qzbcQC paragraph-element br-paragraph-space\">Hydraulick\u00e9 v\u00e1lce pro vykl\u00e1p\u011bn\u00ed hraj\u00ed kl\u00ed\u010dovou roli p\u0159i zvy\u0161ov\u00e1n\u00ed efektivity zdvihac\u00edch operac\u00ed automobilov\u00fdch je\u0159\u00e1b\u016f n\u00e1sleduj\u00edc\u00edmi zp\u016fsoby:<\/div>\n<h3><strong>Flexibiln\u00ed nastaven\u00ed \u00fahlu<\/strong><\/h3>\n<p>Hydraulick\u00e9 v\u00e1lce pro vykl\u00e1p\u011bn\u00ed umo\u017e\u0148uj\u00ed rychl\u00e9 a p\u0159esn\u00e9 nastaven\u00ed \u00fahlu v\u00fdlo\u017en\u00edku automobilov\u00e9ho je\u0159\u00e1bu. Tato flexibilita umo\u017e\u0148uje je\u0159\u00e1bu dos\u00e1hnout r\u016fzn\u00fdch v\u00fd\u0161ek a vzd\u00e1lenost\u00ed, ani\u017e by bylo nutn\u00e9 p\u0159emis\u0165ovat cel\u00e9 vozidlo. Nap\u0159\u00edklad na staveni\u0161ti, kde se pracuje na v\u00edce \u00farovn\u00edch, jako je instalace oken na r\u016fzn\u00fdch patrech budovy, m\u016f\u017ee hydraulick\u00fd v\u00e1lec pro vykl\u00e1p\u011bn\u00ed upravit \u00fahel v\u00fdlo\u017en\u00edku pro efektivn\u00ed p\u0159\u00edstup ke ka\u017ed\u00e9mu pat\u0159e.<\/p>\n<\/div>\n<div class=\"container-hfX5E8 flow-markdown-body theme-samantha-yJEgBp\" dir=\"ltr\" data-testid=\"message_text_content\" data-show-indicator=\"false\">\n<h3><strong>Rychlej\u0161\u00ed provozn\u00ed cykly<\/strong><\/h3>\n<h3><strong><img loading=\"lazy\" decoding=\"async\" class=\"size-full wp-image-20194 aligncenter\" src=\"https:\/\/www.hydraulic-cylinders.net\/wp-content\/uploads\/2025\/05\/luffing-hydraulic-cylinder-for-car-crane-1-1.webp\" alt=\"\" width=\"580\" height=\"326\" srcset=\"https:\/\/www.hydraulic-cylinders.net\/wp-content\/uploads\/2025\/05\/luffing-hydraulic-cylinder-for-car-crane-1-1.webp 580w, https:\/\/www.hydraulic-cylinders.net\/wp-content\/uploads\/2025\/05\/luffing-hydraulic-cylinder-for-car-crane-1-1-480x270.webp 480w\" sizes=\"(min-width: 0px) and (max-width: 480px) 480px, (min-width: 481px) 580px, 100vw\" \/><br \/>\n<\/strong><\/h3>\n<p>D\u00edky mo\u017enosti rychl\u00e9ho nastaven\u00ed \u00fahlu v\u00fdlo\u017en\u00edku se zkracuje \u010das pot\u0159ebn\u00fd pro ka\u017ed\u00fd zvedac\u00ed cyklus. Je\u0159\u00e1b se m\u016f\u017ee rychle p\u0159esunout z jedn\u00e9 zdvihac\u00ed polohy do druh\u00e9, \u010d\u00edm\u017e se minimalizuje doba prostoj\u016f. V logistick\u00e9m are\u00e1lu, kde je t\u0159eba nakl\u00e1dat a vykl\u00e1dat p\u0159epravn\u00ed kontejnery, umo\u017e\u0148uje hydraulick\u00fd v\u00e1lec s vykl\u00e1p\u011bn\u00edm automobilov\u00e9ho je\u0159\u00e1bu pracovat rychlej\u0161\u00edm tempem, co\u017e zvy\u0161uje celkovou propustnost are\u00e1lu.<\/p>\n<\/div>\n<div>\n<div class=\"image-box-grid-DI7Zd9\" data-finished=\"true\" data-testid=\"message_image_content\">\n<div class=\"image-box-grid-item-hjZBGw\">\n<div class=\"relative w-fit inline-flex\">\n<div class=\"container-pveQEn\">\n<div class=\"hover-mask-AwJNGQ\">\n<div class=\"hover-show-tag-ZNLjXj show-tag-bottom-IAU9YR\">\n<div class=\"hover-idTWjm has-text-uHYwW1\" data-testid=\"edit_image_hover_tag_regenerate_btn\">\n<div class=\"flex items-center\">\n<p><strong style=\"color: #333333; font-size: 22px;\"><strong style=\"color: #333333; font-size: 22px;\">P\u0159izp\u016fsobivost r\u016fzn\u00fdm prost\u0159ed\u00edm<\/strong><\/strong><\/p>\n<h3><strong><img loading=\"lazy\" decoding=\"async\" class=\"size-full wp-image-20195 aligncenter\" src=\"https:\/\/www.hydraulic-cylinders.net\/wp-content\/uploads\/2025\/05\/luffing-hydraulic-cylinder-for-car-crane-2.webp\" alt=\"Hydraulick\u00fd v\u00e1lec s v\u00fdkyvn\u00fdm mechanismem pro aplikace s automobilov\u00fdm je\u0159\u00e1bem\" width=\"580\" height=\"326\" srcset=\"https:\/\/www.hydraulic-cylinders.net\/wp-content\/uploads\/2025\/05\/luffing-hydraulic-cylinder-for-car-crane-2.webp 580w, https:\/\/www.hydraulic-cylinders.net\/wp-content\/uploads\/2025\/05\/luffing-hydraulic-cylinder-for-car-crane-2-480x270.webp 480w\" sizes=\"(min-width: 0px) and (max-width: 480px) 480px, (min-width: 481px) 580px, 100vw\" \/><\/strong><\/h3>\n<\/div>\n<\/div>\n<\/div>\n<\/div>\n<\/div>\n<\/div>\n<\/div>\n<\/div>\n<\/div>\n<div class=\"container-hfX5E8 flow-markdown-body theme-samantha-yJEgBp\" dir=\"ltr\" data-testid=\"message_text_content\" data-show-indicator=\"false\">\n<p>Autoje\u0159\u00e1by \u010dasto pracuj\u00ed v r\u016fzn\u00fdch prost\u0159ed\u00edch s omezen\u00fdm prostorem nebo slo\u017eit\u00fdmi p\u0159ek\u00e1\u017ekami. Hydraulick\u00e9 v\u00e1lce s vykl\u00e1p\u011bn\u00edm umo\u017e\u0148uj\u00ed je\u0159\u00e1bu p\u0159izp\u016fsobit se t\u011bmto n\u00e1ro\u010dn\u00fdm podm\u00ednk\u00e1m. Nap\u0159\u00edklad v m\u011bstsk\u00e9 oblasti s \u00fazk\u00fdmi ulicemi nebo ve v\u00fdrobn\u00edm z\u00e1vod\u011b se stroji v cest\u011b umo\u017e\u0148uje funkce vykl\u00e1p\u011bn\u00ed je\u0159\u00e1bu man\u00e9vrovat a zvedat b\u0159emena bez zablokov\u00e1n\u00ed.<\/p>\n<\/div>\n<div>\n<div class=\"image-box-grid-DI7Zd9\" data-finished=\"true\" data-testid=\"message_image_content\">\n<div class=\"image-box-grid-item-hjZBGw\">\n<div class=\"relative w-fit inline-flex\">\n<div class=\"container-pveQEn\">\n<div class=\"container-lBN8DN\">\n<div class=\"image-wrapper-g0eL_T clickable-ELDCj2\" data-testid=\"mdbox_image\"><img alt=\"\" aria-hidden=\"true\" \/><strong style=\"color: #333333; font-size: 22px;\">Zv\u00fd\u0161en\u00e1 p\u0159esnost um\u00edst\u011bn\u00ed z\u00e1t\u011b\u017ee<\/strong><\/div>\n<\/div>\n<\/div>\n<\/div>\n<\/div>\n<\/div>\n<\/div>\n<div class=\"container-hfX5E8 flow-markdown-body theme-samantha-yJEgBp\" dir=\"ltr\" data-testid=\"message_text_content\" data-show-indicator=\"false\">\n<p>P\u0159esn\u00e9 ovl\u00e1d\u00e1n\u00ed, kter\u00e9 zaji\u0161\u0165uj\u00ed hydraulick\u00e9 v\u00e1lce s vykl\u00e1p\u011bn\u00edm, zaji\u0161\u0165uje, \u017ee b\u0159emena mohou b\u00fdt um\u00edst\u011bna p\u0159esn\u011b tam, kde jsou pot\u0159eba. To je obzvl\u00e1\u0161t\u011b d\u016fle\u017eit\u00e9 v pr\u016fmyslov\u00e9 mont\u00e1\u017ei nebo stavebn\u00edch projektech, kde je t\u0159eba komponenty instalovat s vysokou p\u0159esnost\u00ed. V automobilov\u00e9m z\u00e1vod\u011b m\u016f\u017ee je\u0159\u00e1b vyu\u017e\u00edt funkci vykl\u00e1p\u011bn\u00ed k p\u0159esn\u00e9mu um\u00edst\u011bn\u00ed d\u00edl\u016f motoru na mont\u00e1\u017en\u00ed lince.<\/p>\n<\/div>\n<div class=\"container-hfX5E8 flow-markdown-body theme-samantha-yJEgBp\" dir=\"ltr\" data-testid=\"message_text_content\" data-show-indicator=\"false\">\n<div class=\"auto-hide-last-sibling-br paragraph-qzbcQC paragraph-element br-paragraph-space\">Stru\u010dn\u011b \u0159e\u010deno, hydraulick\u00e9 v\u00e1lce s vykl\u00e1p\u011bn\u00edm pro automobilov\u00e9 je\u0159\u00e1by v\u00fdrazn\u011b zlep\u0161uj\u00ed efektivitu zdvihac\u00edch operac\u00ed d\u00edky flexibiln\u00edmu nastaven\u00ed \u00fahlu, rychlej\u0161\u00edm provozn\u00edm cykl\u016fm, p\u0159izp\u016fsobivosti r\u016fzn\u00fdm prost\u0159ed\u00edm a zv\u00fd\u0161en\u00e9 p\u0159esnosti um\u00edst\u011bn\u00ed b\u0159emene.<\/div>\n<\/div>\n<\/section>\n<section id=\"company-introduction\">\n<h2><strong>O spole\u010dnosti Ever-Power Huachang Hydraulic:<\/strong><\/h2>\n<h2><img loading=\"lazy\" decoding=\"async\" class=\"alignnone size-full wp-image-16972\" src=\"https:\/\/www.hydraulic-cylinders.net\/wp-content\/uploads\/2025\/01\/hydraulic-cylinder-factory-1-scaled.webp\" alt=\"\" width=\"2016\" height=\"2560\" srcset=\"https:\/\/www.hydraulic-cylinders.net\/wp-content\/uploads\/2025\/01\/hydraulic-cylinder-factory-1-scaled.webp 2016w, https:\/\/www.hydraulic-cylinders.net\/wp-content\/uploads\/2025\/01\/hydraulic-cylinder-factory-1-1280x1625.webp 1280w, https:\/\/www.hydraulic-cylinders.net\/wp-content\/uploads\/2025\/01\/hydraulic-cylinder-factory-1-980x1244.webp 980w, https:\/\/www.hydraulic-cylinders.net\/wp-content\/uploads\/2025\/01\/hydraulic-cylinder-factory-1-480x610.webp 480w\" sizes=\"(min-width: 0px) and (max-width: 480px) 480px, (min-width: 481px) and (max-width: 980px) 980px, (min-width: 981px) and (max-width: 1280px) 1280px, (min-width: 1281px) 2016px, 100vw\" \/><\/h2>\n<p>Spole\u010dnost Ever-Power Huachang Hydraulic je pr\u016fkopn\u00edkem v oblasti hydraulick\u00fdch inovac\u00ed prost\u0159ednictv\u00edm dynamick\u00e9ho v\u00fdzkumn\u00e9ho a v\u00fdvojov\u00e9ho centra, kde zku\u0161en\u00ed in\u017een\u00fd\u0159i vytv\u00e1\u0159ej\u00ed pokro\u010dil\u00e1 \u0159e\u0161en\u00ed pro autoje\u0159\u00e1by a pr\u016fmyslov\u00e9 stroje a posouvaj\u00ed tak hranice v\u00fdkonu a designu.<\/p>\n<p>Na\u0161e \u0161pi\u010dkov\u00e9 v\u00fdrobn\u00ed za\u0159\u00edzen\u00ed vyu\u017e\u00edv\u00e1 automatizovan\u00e9 p\u0159esn\u00e9 syst\u00e9my a inteligentn\u00ed v\u00fdrobn\u00ed techniky, kter\u00e9 vyr\u00e1b\u011bj\u00ed vysoce kvalitn\u00ed v\u00e1lce, je\u017e spl\u0148uj\u00ed rozmanit\u00e9 pot\u0159eby pr\u016fmyslu s bezkonkuren\u010dn\u00ed \u00fa\u010dinnost\u00ed a spolehlivost\u00ed.<\/p>\n<h2><img loading=\"lazy\" decoding=\"async\" class=\"alignnone size-full wp-image-16973\" src=\"https:\/\/www.hydraulic-cylinders.net\/wp-content\/uploads\/2025\/01\/hydraulic-cylinder-factory-2-scaled.webp\" alt=\"\" width=\"2011\" height=\"2560\" srcset=\"https:\/\/www.hydraulic-cylinders.net\/wp-content\/uploads\/2025\/01\/hydraulic-cylinder-factory-2-scaled.webp 2011w, https:\/\/www.hydraulic-cylinders.net\/wp-content\/uploads\/2025\/01\/hydraulic-cylinder-factory-2-1280x1629.webp 1280w, https:\/\/www.hydraulic-cylinders.net\/wp-content\/uploads\/2025\/01\/hydraulic-cylinder-factory-2-980x1248.webp 980w, https:\/\/www.hydraulic-cylinders.net\/wp-content\/uploads\/2025\/01\/hydraulic-cylinder-factory-2-480x611.webp 480w\" sizes=\"(min-width: 0px) and (max-width: 480px) 480px, (min-width: 481px) and (max-width: 980px) 980px, (min-width: 981px) and (max-width: 1280px) 1280px, (min-width: 1281px) 2011px, 100vw\" \/><\/h2>\n<p>Zaji\u0161\u0165ujeme excelenci pomoc\u00ed sofistikovan\u00e9ho testovac\u00edho centra, kter\u00e9 vyu\u017e\u00edv\u00e1 nejmodern\u011bj\u0161\u00ed diagnostiku k ov\u011b\u0159en\u00ed v\u00fdkonu v\u00e1lc\u016f, dopln\u011bnou o udr\u017eiteln\u00e9 povlaky, kter\u00e9 zvy\u0161uj\u00ed odolnost produkt\u016f, jako jsou hydraulick\u00e9 v\u00e1lce s v\u00fdkyvn\u00fdm mechanismem pro automobilov\u00e9 je\u0159\u00e1by.<\/p>\n<\/section>","protected":false},"excerpt":{"rendered":"<p>Luffing Hydraulic Cylinders for Car Crane The luffing hydraulic cylinders for car crane, developed by Ever-Power Huachang Hydraulic, are advanced boom angle cylinders engineered to deliver precise control over boom movements in automotive lifting operations. Tailored for compatibility with models, this hydraulic cylinder for car crane excels in urban construction, material handling, and industrial projects. [&hellip;]<\/p>","protected":false},"featured_media":20188,"comment_status":"open","ping_status":"closed","template":"","meta":{"_et_pb_use_builder":"","_et_pb_old_content":"","_et_gb_content_width":""},"product_brand":[],"product_cat":[1514],"product_tag":[],"class_list":{"0":"post-20186","1":"product","2":"type-product","3":"status-publish","4":"has-post-thumbnail","6":"product_cat-mobile-crane-hydraulic-cylinders","8":"first","9":"instock","10":"shipping-taxable","11":"product-type-simple"},"amp_enabled":true,"_links":{"self":[{"href":"https:\/\/www.hydraulic-cylinders.net\/cs\/wp-json\/wp\/v2\/product\/20186","targetHints":{"allow":["GET"]}}],"collection":[{"href":"https:\/\/www.hydraulic-cylinders.net\/cs\/wp-json\/wp\/v2\/product"}],"about":[{"href":"https:\/\/www.hydraulic-cylinders.net\/cs\/wp-json\/wp\/v2\/types\/product"}],"replies":[{"embeddable":true,"href":"https:\/\/www.hydraulic-cylinders.net\/cs\/wp-json\/wp\/v2\/comments?post=20186"}],"wp:featuredmedia":[{"embeddable":true,"href":"https:\/\/www.hydraulic-cylinders.net\/cs\/wp-json\/wp\/v2\/media\/20188"}],"wp:attachment":[{"href":"https:\/\/www.hydraulic-cylinders.net\/cs\/wp-json\/wp\/v2\/media?parent=20186"}],"wp:term":[{"taxonomy":"product_brand","embeddable":true,"href":"https:\/\/www.hydraulic-cylinders.net\/cs\/wp-json\/wp\/v2\/product_brand?post=20186"},{"taxonomy":"product_cat","embeddable":true,"href":"https:\/\/www.hydraulic-cylinders.net\/cs\/wp-json\/wp\/v2\/product_cat?post=20186"},{"taxonomy":"product_tag","embeddable":true,"href":"https:\/\/www.hydraulic-cylinders.net\/cs\/wp-json\/wp\/v2\/product_tag?post=20186"}],"curies":[{"name":"wp","href":"https:\/\/api.w.org\/{rel}","templated":true}]}}