{"id":20700,"date":"2025-05-27T06:21:22","date_gmt":"2025-05-27T06:21:22","guid":{"rendered":"https:\/\/www.hydraulic-cylinders.net\/product\/ls-hczd30n-03-forklift-truck-steering-cylinder\/"},"modified":"2025-05-27T06:21:24","modified_gmt":"2025-05-27T06:21:24","slug":"ls-hczd30n-03-forklift-truck-steering-cylinder","status":"publish","type":"product","link":"https:\/\/www.hydraulic-cylinders.net\/cs\/produkt\/ls-hczd30n-03-forklift-truck-steering-cylinder\/","title":{"rendered":"\u0158\u00eddic\u00ed v\u00e1lec pro vysokozdvi\u017en\u00fd voz\u00edk LS-HCZD30N-03"},"content":{"rendered":"<h1>\u0158\u00eddic\u00ed v\u00e1lec pro vysokozdvi\u017en\u00fd voz\u00edk LS-HCZD30N-03<\/h1>\n<h2>P\u0159ehled produktu<\/h2>\n<p>\u0158\u00eddic\u00ed v\u00e1lec pro vysokozdvi\u017en\u00e9 voz\u00edky LS-HCZD30N-03 je kl\u00ed\u010dovou sou\u010d\u00e1st\u00ed navr\u017eenou pro vylep\u0161en\u00ed mechanismu \u0159\u00edzen\u00ed vysokozdvi\u017en\u00fdch voz\u00edk\u016f a zaji\u0161t\u011bn\u00ed plynul\u00e9ho a efektivn\u00edho provozu. Tento hydraulick\u00fd v\u00e1lec je navr\u017een tak, aby poskytoval p\u0159esn\u00e9 ovl\u00e1d\u00e1n\u00ed a stabilitu p\u0159i man\u00e9vrov\u00e1n\u00ed s t\u011b\u017ek\u00fdmi b\u0159emeny. D\u00edky sv\u00e9 robustn\u00ed konstrukci a spolehliv\u00e9mu v\u00fdkonu pom\u00e1h\u00e1 v\u00fdrazn\u011b sn\u00ed\u017eit z\u00e1t\u011b\u017e syst\u00e9mu \u0159\u00edzen\u00ed vysokozdvi\u017en\u00e9ho voz\u00edku, co\u017e umo\u017e\u0148uje lep\u0161\u00ed ovladatelnost a bezpe\u010dnost v r\u016fzn\u00fdch provozn\u00edch prost\u0159ed\u00edch.<\/p>\n<p>Tento vysoce kvalitn\u00ed hydraulick\u00fd v\u00e1lec m\u00e1 pr\u016fm\u011br v\u00e1lce 65 mm, pr\u016fm\u011br p\u00edstnice 40 mm a d\u00e9lku zdvihu 187,2 mm, co\u017e z n\u011bj \u010din\u00ed vynikaj\u00edc\u00ed volbu pro r\u016fzn\u00e9 aplikace vysokozdvi\u017en\u00fdch voz\u00edk\u016f. Jeho mont\u00e1\u017en\u00ed vzd\u00e1lenost 676 mm zaji\u0161\u0165uje kompatibilitu s \u0161irokou \u0161k\u00e1lou model\u016f vysokozdvi\u017en\u00fdch voz\u00edk\u016f, co\u017e z n\u011bj \u010din\u00ed v\u0161estrann\u00e9 \u0159e\u0161en\u00ed pro zved\u00e1n\u00ed a p\u0159epravu zbo\u017e\u00ed.<\/p>\n<h2>Specifikace produktu<\/h2>\n<h3>Kl\u00ed\u010dov\u00e9 parametry<\/h3>\n<ul>\n<li><strong>Pr\u016fm\u011br v\u00e1lce:<\/strong> 65mm<\/li>\n<li><strong>Pr\u016fm\u011br ty\u010de:<\/strong> 40mm<\/li>\n<li><strong>Cestovat:<\/strong> 187,2 mm<\/li>\n<li><strong>Instala\u010dn\u00ed vzd\u00e1lenost:<\/strong> 676 mm<\/li>\n<\/ul>\n<p>Tyto specifikace zd\u016fraz\u0148uj\u00ed schopnost v\u00e1lce zvl\u00e1dat r\u016fzn\u00e9 zdvihac\u00ed \u00fakoly a z\u00e1rove\u0148 zachovat struktur\u00e1ln\u00ed integritu pod tlakem. Pr\u016fm\u011br v\u00e1lce a pr\u016fm\u011br ty\u010de jsou z\u00e1sadn\u00ed pro ur\u010den\u00ed nosnosti, zat\u00edmco d\u00e9lka zdvihu ovliv\u0148uje schopnost v\u00e1lce se efektivn\u011b vysouvat a zasouvat.<\/p>\n<h2>Vlastnosti LS-HCZD30N-03<\/h2>\n<ul>\n<li>Vysok\u00e1 pevnost a odolnost pro del\u0161\u00ed \u017eivotnost.<\/li>\n<li>P\u0159esn\u00e9 obr\u00e1b\u011bn\u00ed pro vy\u0161\u0161\u00ed v\u00fdkon.<\/li>\n<li>Kompatibiln\u00ed s v\u00edce modely vysokozdvi\u017en\u00fdch voz\u00edk\u016f.<\/li>\n<li>Efektivn\u00ed konstrukce t\u011bsn\u011bn\u00ed zabra\u0148uje \u00fanik\u016fm.<\/li>\n<li>Cenov\u011b v\u00fdhodn\u00e9 \u0159e\u0161en\u00ed s\u00a0nen\u00e1ro\u010dnou \u00fadr\u017ebou.<\/li>\n<\/ul>\n<p>Specializujeme se na v\u00fdrobu tohoto produktu a zaji\u0161\u0165ujeme, aby ka\u017ed\u00fd hydraulick\u00fd v\u00e1lec dokonale nahradil st\u00e1vaj\u00edc\u00ed modely, a t\u00edm zlep\u0161il celkov\u00fd v\u00fdkon a spolehlivost.<\/p>\n<h2>Aplikace<\/h2>\n<h3>Skladov\u00e9 operace<\/h3>\n<p>Ve skladov\u00fdch podm\u00ednk\u00e1ch se vysokozdvi\u017en\u00e9 voz\u00edky vybaven\u00e9 \u0159\u00eddic\u00edm v\u00e1lcem LS-HCZD30N-03 snadno pohybuj\u00ed v t\u011bsn\u00fdch prostorech a manipuluj\u00ed s t\u011b\u017ek\u00fdmi b\u0159emeny. P\u0159esn\u00e9 ovl\u00e1d\u00e1n\u00ed \u0159\u00edzen\u00ed umo\u017e\u0148uje obsluze rychl\u00e9 man\u00e9vrov\u00e1n\u00ed, \u010d\u00edm\u017e se sni\u017euje riziko nehod a zvy\u0161uje se efektivita p\u0159i nakl\u00e1d\u00e1n\u00ed a vykl\u00e1d\u00e1n\u00ed.<\/p>\n<h3>Staveni\u0161t\u011b<\/h3>\n<p>Na staveni\u0161t\u00edch hraje tento hydraulick\u00fd v\u00e1lec kl\u00ed\u010dovou roli v efektivn\u00edm p\u0159esunu materi\u00e1l\u016f. Jeho robustn\u00ed konstrukce odol\u00e1v\u00e1 n\u00e1ro\u010dn\u00fdm podm\u00ednk\u00e1m, co\u017e umo\u017e\u0148uje vysokozdvi\u017en\u00fdm voz\u00edk\u016fm s jistotou p\u0159epravovat t\u011b\u017ek\u00e1 za\u0159\u00edzen\u00ed a z\u00e1soby, a t\u00edm zvy\u0161ovat produktivitu.<\/p>\n<h3>Distribu\u010dn\u00ed centra<\/h3>\n<p>V distribu\u010dn\u00edch centrech umo\u017e\u0148uje \u0159\u00eddic\u00ed v\u00e1lec LS-HCZD30N-03 bezprobl\u00e9movou logistiku a spr\u00e1vu z\u00e1sob. Vysokozdvi\u017en\u00e9 voz\u00edky se dok\u00e1\u017e\u00ed rychle pohybovat uli\u010dkami, co\u017e zaji\u0161\u0165uje v\u010dasn\u00e9 dod\u00e1vky a optimalizuje vyu\u017eit\u00ed skladovac\u00edho prostoru, co\u017e je z\u00e1sadn\u00ed pro provozn\u00ed efektivitu.<\/p>\n<h3>V\u00fdrobn\u00ed z\u00e1vody<\/h3>\n<p>Ve v\u00fdrobn\u00edch z\u00e1vodech tento hydraulick\u00fd v\u00e1lec pom\u00e1h\u00e1 p\u0159i provozu mont\u00e1\u017en\u00ed linky, kde jsou p\u0159esnost a rychlost prvo\u0159ad\u00e9. Spolehlivost v\u00e1lce p\u0159isp\u00edv\u00e1 k plynul\u00e9mu provozu, minimalizuje prostoje a zaji\u0161\u0165uje konzistentn\u00ed pln\u011bn\u00ed v\u00fdrobn\u00edch c\u00edl\u016f.<\/p>\n<h3>Zem\u011bd\u011blsk\u00e9 aplikace<\/h3>\n<p>V zem\u011bd\u011blstv\u00ed jsou vysokozdvi\u017en\u00e9 voz\u00edky s \u0159\u00eddic\u00edm v\u00e1lcem LS-HCZD30N-03 kl\u00ed\u010dov\u00e9 pro manipulaci s materi\u00e1ly, jako jsou krmiva a za\u0159\u00edzen\u00ed. Vylep\u0161en\u00e9 \u0159\u00edzen\u00ed umo\u017e\u0148uje zem\u011bd\u011blc\u016fm efektivn\u011b ovl\u00e1dat vysokozdvi\u017en\u00e9 voz\u00edky v rozmanit\u00e9m ter\u00e9nu, \u010d\u00edm\u017e se zlep\u0161uje ovladatelnost a bezpe\u010dnost b\u011bhem provozu.<\/p>\n<h2>Konstruk\u010dn\u00ed aspekty a krit\u00e9ria v\u00fdb\u011bru<\/h2>\n<h3>Nosnost<\/h3>\n<p>Nosnost v\u00e1lce LS-HCZD30N-03 je kl\u00ed\u010dov\u00fdm faktorem jeho konstrukce. Je navr\u017een tak, aby unesl zna\u010dn\u00e9 hmotnosti, a proto je vhodn\u00fd pro n\u00e1ro\u010dn\u00e9 aplikace. V\u00fdb\u011br materi\u00e1l\u016f a struktur\u00e1ln\u00ed integrita v\u00e1lce zaji\u0161\u0165uj\u00ed, \u017ee odol\u00e1 vysok\u00e9mu tlaku bez deformace nebo selh\u00e1n\u00ed, co\u017e je nezbytn\u00e9 pro bezpe\u010dnost a \u00fa\u010dinnost.<\/p>\n<h3>Integrita t\u011bsn\u011bn\u00ed<\/h3>\n<p>Integrita t\u011bsn\u011bn\u00ed je v hydraulick\u00fdch syst\u00e9mech prvo\u0159ad\u00e1. Model LS-HCZD30N-03 je navr\u017een s vysoce kvalitn\u00edmi t\u011bsn\u011bn\u00edmi, kter\u00e1 zabra\u0148uj\u00ed \u00faniku hydraulick\u00e9 kapaliny. To zabra\u0148uje ztr\u00e1t\u011b v\u00fdkonu a zaji\u0161\u0165uje efektivn\u00ed provoz hydraulick\u00e9ho syst\u00e9mu, co\u017e je z\u00e1sadn\u00ed pro zachov\u00e1n\u00ed dlouh\u00e9 \u017eivotnosti za\u0159\u00edzen\u00ed.<\/p>\n<h3>Trvanlivost<\/h3>\n<p>Trvanlivost je p\u0159i konstrukci v\u00e1lce LS-HCZD30N-03 z\u00e1sadn\u00edm krit\u00e9riem. Je vyroben z vysoce pevn\u00fdch materi\u00e1l\u016f odoln\u00fdch proti opot\u0159eben\u00ed, co\u017e zaji\u0161\u0165uje, \u017ee v\u00e1lec m\u016f\u017ee efektivn\u011b fungovat i v n\u00e1ro\u010dn\u00fdch podm\u00ednk\u00e1ch. Tato dlouh\u00e1 \u017eivotnost se prom\u00edt\u00e1 do ni\u017e\u0161\u00edch n\u00e1klad\u016f na \u00fadr\u017ebu a men\u0161\u00edho po\u010dtu v\u00fdm\u011bn, co\u017e z n\u011bj \u010din\u00ed pro firmy n\u00e1kladov\u011b efektivn\u00ed investici.<\/p>\n<h3>Bezpe\u010dnostn\u00ed prvky<\/h3>\n<p>Bezpe\u010dnost je p\u0159i konstrukci hydraulick\u00fdch v\u00e1lc\u016f kl\u00ed\u010dov\u00fdm hlediskem. LS-HCZD30N-03 obsahuje r\u016fzn\u00e9 bezpe\u010dnostn\u00ed prvky, v\u010detn\u011b ochrany proti p\u0159et\u00ed\u017een\u00ed a konstrukce odoln\u00e9 proti roztr\u017een\u00ed. Tyto prvky zaji\u0161\u0165uj\u00ed, \u017ee v\u00e1lec m\u016f\u017ee bezpe\u010dn\u011b fungovat za r\u016fzn\u00fdch podm\u00ednek, \u010d\u00edm\u017e se sni\u017euje riziko nehod a zran\u011bn\u00ed na pracovi\u0161ti.<\/p>\n<h3>\u00dadr\u017eba a opravitelnost<\/h3>\n<p>Snadn\u00e1 \u00fadr\u017eba a opravitelnost jsou nezbytn\u00e9 pro minimalizaci prostoj\u016f. LS-HCZD30N-03 je navr\u017een pro snadnou \u00fadr\u017ebu s p\u0159\u00edstupn\u00fdmi komponenty, kter\u00e9 umo\u017e\u0148uj\u00ed rychl\u00e9 kontroly a opravy. Toto konstruk\u010dn\u00ed hledisko zaji\u0161\u0165uje, \u017ee obsluha si m\u016f\u017ee udr\u017eet optim\u00e1ln\u00ed v\u00fdkon s minim\u00e1ln\u00edm \u00fasil\u00edm.<\/p>\n<h2>T\u011bsn\u011bn\u00ed a maz\u00e1n\u00ed<\/h2>\n<p>Pou\u017eit\u00ed r\u016fzn\u00fdch t\u011bsnic\u00edch komponent\u016f, jako jsou t\u011bsn\u011bn\u00ed p\u00edst\u016f a t\u011bsn\u011bn\u00ed p\u00edstnic, je z\u00e1sadn\u00ed pro v\u00fdkon hydraulick\u00fdch v\u00e1lc\u016f. LS-HCZD30N-03 vyu\u017e\u00edv\u00e1 t\u011bsn\u011bn\u00ed vyroben\u00e1 z odoln\u00fdch materi\u00e1l\u016f, jako je polyuretan a nitrilov\u00e1 pry\u017e, kter\u00e9 odol\u00e1vaj\u00ed opot\u0159eben\u00ed a poskytuj\u00ed spolehlivou bari\u00e9ru proti \u00fanik\u016fm.<\/p>\n<p>T\u011bleso v\u00e1lce a z\u00e1vitov\u00e9 konce proch\u00e1zej\u00ed p\u0159esn\u00fdm obr\u00e1b\u011bn\u00edm, co\u017e zvy\u0161uje jejich odolnost a odolnost proti opot\u0159eben\u00ed. Pravideln\u00e9 maz\u00e1n\u00ed hydraulick\u00fdm olejem je nezbytn\u00e9 pro zaji\u0161t\u011bn\u00ed plynul\u00e9ho provozu a prevenci p\u0159ed\u010dasn\u00e9ho opot\u0159eben\u00ed t\u011bsn\u011bn\u00ed a pohybliv\u00fdch \u010d\u00e1st\u00ed. Tato pravideln\u00e1 \u00fadr\u017eba prodlu\u017euje \u017eivotnost hydraulick\u00e9ho v\u00e1lce a zvy\u0161uje jeho v\u00fdkon.<\/p>\n<h2>Preventivn\u00ed \u00fadr\u017ebov\u00e1 opat\u0159en\u00ed<\/h2>\n<ul>\n<li><strong>Pravideln\u00e9 kontroly:<\/strong> Prov\u00e1d\u011bjte pravideln\u00e9 kontroly, abyste odhalili jak\u00e9koli zn\u00e1mky opot\u0159eben\u00ed nebo po\u0161kozen\u00ed v\u00e1lce. V\u010dasn\u00e9 odhalen\u00ed m\u016f\u017ee zabr\u00e1nit z\u00e1va\u017en\u00fdm poruch\u00e1m.<\/li>\n<li><strong>Kontroly maz\u00e1n\u00ed:<\/strong> Zajist\u011bte, aby byl v\u00e1lec dostate\u010dn\u011b maz\u00e1n vhodn\u00fdm hydraulick\u00fdm olejem, aby se zajistil hladk\u00fd chod a zabr\u00e1nilo se opot\u0159eben\u00ed sou\u010d\u00e1st\u00ed.<\/li>\n<li><strong>V\u00fdm\u011bna t\u011bsn\u011bn\u00ed:<\/strong> Sledujte stav t\u011bsn\u011bn\u00ed a v p\u0159\u00edpad\u011b pot\u0159eby je vym\u011b\u0148ujte, abyste zabr\u00e1nili net\u011bsnostem a udr\u017eeli hydraulick\u00fd tlak.<\/li>\n<\/ul>\n<h2>Pokyny k instalaci<\/h2>\n<p>Spr\u00e1vn\u00e1 instalace za\u0159\u00edzen\u00ed LS-HCZD30N-03 je z\u00e1sadn\u00ed pro optim\u00e1ln\u00ed v\u00fdkon. Za\u010dn\u011bte t\u00edm, \u017ee se ujist\u00edte, \u017ee je m\u00edsto instalace \u010dist\u00e9 a bez ne\u010distot. K zaji\u0161t\u011bn\u00ed v\u00e1lce na m\u00edst\u011b pou\u017eijte vhodn\u00e9 mont\u00e1\u017en\u00ed konzoly a ujist\u011bte se, \u017ee je spr\u00e1vn\u011b zarovn\u00e1n s hydraulick\u00fdm syst\u00e9mem. Dodr\u017eujte specifikace v\u00fdrobce ohledn\u011b nastaven\u00ed utahovac\u00edho momentu, abyste zabr\u00e1nili po\u0161kozen\u00ed v\u00e1lce b\u011bhem instalace. Po instalaci prove\u010fte d\u016fkladnou kontrolu hydraulick\u00fdch p\u0159ipojen\u00ed, abyste se p\u0159ed uveden\u00edm syst\u00e9mu do provozu ujistili, \u017ee nedoch\u00e1z\u00ed k \u017e\u00e1dn\u00fdm net\u011bsnostem.<\/p>\n<h2>B\u011b\u017en\u00e9 \u00fakoly \u00fadr\u017eby<\/h2>\n<h3>Pravideln\u00e9 kontroly<\/h3>\n<p>Pravideln\u00e9 kontroly jsou nezbytn\u00e9 pro identifikaci potenci\u00e1ln\u00edch probl\u00e9m\u016f d\u0159\u00edve, ne\u017e se stanou z\u00e1va\u017en\u00fdmi. Zkontrolujte hydraulick\u00e9 potrub\u00ed a spoje, zda nevykazuj\u00ed zn\u00e1mky opot\u0159eben\u00ed, net\u011bsnost\u00ed nebo po\u0161kozen\u00ed. Zaji\u0161t\u011bn\u00ed provozu v\u00e1lce v r\u00e1mci specifikovan\u00e9ho rozsahu tlaku p\u0159isp\u011bje k jeho dlouh\u00e9 \u017eivotnosti a efektivn\u00edmu v\u00fdkonu.<\/p>\n<h3>Spr\u00e1vn\u00e9 maz\u00e1n\u00ed<\/h3>\n<p>Udr\u017eov\u00e1n\u00ed spr\u00e1vn\u00e9ho maz\u00e1n\u00ed je nezbytn\u00e9 pro \u017eivotnost hydraulick\u00e9ho v\u00e1lce. Pravideln\u011b kontrolujte hladinu oleje a ujist\u011bte se, \u017ee je hydraulick\u00fd olej \u010dist\u00fd a bez ne\u010distot. To pom\u00e1h\u00e1 minimalizovat t\u0159en\u00ed mezi pohybliv\u00fdmi \u010d\u00e1stmi, a t\u00edm zvy\u0161ovat v\u00fdkon a sni\u017eovat opot\u0159eben\u00ed.<\/p>\n<h3>V\u00fdm\u011bna a kalibrace t\u011bsn\u011bn\u00ed<\/h3>\n<p>V\u00fdm\u011bna t\u011bsn\u011bn\u00ed a prov\u00e1d\u011bn\u00ed kalibra\u010dn\u00edch kontrol jsou z\u00e1sadn\u00ed pro udr\u017een\u00ed hydraulick\u00e9 \u00fa\u010dinnosti. Zajist\u011bte, aby byla ve\u0161ker\u00e1 opot\u0159ebovan\u00e1 nebo po\u0161kozen\u00e1 t\u011bsn\u011bn\u00ed v\u010das vym\u011bn\u011bna, aby se zabr\u00e1nilo \u00fanik\u016fm. Pravideln\u00e9 kalibra\u010dn\u00ed kontroly zajist\u00ed, \u017ee v\u00e1lec bude fungovat p\u0159esn\u011b a efektivn\u011b, co\u017e p\u0159isp\u011bje k celkov\u00e9 spolehlivosti syst\u00e9mu.<\/p>\n<h2>Bezpe\u010dnostn\u00ed aspekty a dopad na \u017eivotn\u00ed prost\u0159ed\u00ed<\/h2>\n<p>Bezpe\u010dnostn\u00ed opat\u0159en\u00ed p\u0159i pou\u017e\u00edv\u00e1n\u00ed hydraulick\u00fdch v\u00e1lc\u016f nelze p\u0159ece\u0148ovat. Obsluha by m\u011bla b\u00fdt pro\u0161kolena v bezpe\u010dn\u00fdch provozn\u00edch postupech, v\u010detn\u011b spr\u00e1vn\u00fdch technik zved\u00e1n\u00ed a nouzov\u00fdch postup\u016f. D\u016fle\u017eit\u00e9 jsou tak\u00e9 environment\u00e1ln\u00ed aspekty; zajist\u011bte, aby byly hydraulick\u00e9 kapaliny \u0159\u00e1dn\u011b zlikvidov\u00e1ny, aby se zabr\u00e1nilo kontaminaci.<\/p>\n<h2>Odstra\u0148ov\u00e1n\u00ed probl\u00e9m\u016f a b\u011b\u017en\u00e9 probl\u00e9my<\/h2>\n<ul>\n<li><strong>\u00danik:<\/strong> Pokud zjist\u00edte net\u011bsnost, zkontrolujte t\u011bsn\u011bn\u00ed a spoje, zda nejsou po\u0161kozen\u00e9, a v p\u0159\u00edpad\u011b pot\u0159eby je vym\u011b\u0148te.<\/li>\n<li><strong>Pomal\u00fd provoz:<\/strong> Pomal\u00fd pohyb m\u016f\u017ee signalizovat n\u00edzkou hladinu hydraulick\u00e9 kapaliny nebo vzduch v syst\u00e9mu; v p\u0159\u00edpad\u011b pot\u0159eby syst\u00e9m zkontrolujte a dopl\u0148te nebo odvzdu\u0161n\u011bte.<\/li>\n<li><strong>Neobvykl\u00e9 zvuky:<\/strong> Hluky mohou nazna\u010dovat vnit\u0159n\u00ed po\u0161kozen\u00ed; zkontrolujte v\u00e1lec a v p\u0159\u00edpad\u011b pot\u0159eby se pora\u010fte s technikem.<\/li>\n<\/ul>\n<h2>Tipy pro \u0159e\u0161en\u00ed probl\u00e9m\u016f a preventivn\u00ed opat\u0159en\u00ed<\/h2>\n<p>Pro efektivn\u00ed \u0159e\u0161en\u00ed probl\u00e9m\u016f s LS-HCZD30N-03 za\u010dn\u011bte identifikac\u00ed p\u0159\u00edznak\u016f. Zkontrolujte hladinu hydraulick\u00e9 kapaliny a ujist\u011bte se, \u017ee v syst\u00e9mu nejsou \u017e\u00e1dn\u00e9 net\u011bsnosti. Pravideln\u00e9 postupy \u00fadr\u017eby, jako jsou podrobn\u00e9 kontroly, v\u010dasn\u00e9 maz\u00e1n\u00ed a v\u00fdm\u011bna t\u011bsn\u011bn\u00ed, pom\u00e1haj\u00ed zm\u00edrnit potenci\u00e1ln\u00ed probl\u00e9my, co\u017e umo\u017e\u0148uje plynulej\u0161\u00ed provoz a prodlu\u017euje \u017eivotnost hydraulick\u00e9ho v\u00e1lce.<\/p>\n<p><img decoding=\"async\" src=\"https:\/\/www.hydraulic-cylinders.net\/wp-content\/uploads\/2025\/05\/hydraulic-cylinder-all-2.webp\" alt=\"Obr\u00e1zek hydraulick\u00e9ho v\u00e1lce\" \/><\/p>\n<h2>O na\u0161\u00ed spole\u010dnosti<\/h2>\n<p>Jsme p\u0159edn\u00edm v\u00fdrobcem hydraulick\u00fdch v\u00e1lc\u016f a nab\u00edz\u00edme rozmanitou \u0161k\u00e1lu produkt\u016f, d\u00edky nim\u017e jsme se stali p\u0159edn\u00edm dodavatelem na dom\u00e1c\u00edm i mezin\u00e1rodn\u00edm trhu. Na\u0161e odborn\u00e9 znalosti ve v\u00fdrob\u011b jsou podpo\u0159eny mezin\u00e1rodn\u00edmi certifikacemi, kter\u00e9 zaru\u010duj\u00ed, \u017ee na\u0161e produkty spl\u0148uj\u00ed nejvy\u0161\u0161\u00ed standardy kvality.<\/p>\n<p>Nab\u00edz\u00edme slu\u017eby na m\u00edru, kter\u00e9 spl\u0148uj\u00ed specifick\u00e9 po\u017eadavky klient\u016f, a investovali jsme do modern\u00edho v\u00fdrobn\u00edho za\u0159\u00edzen\u00ed pro zv\u00fd\u0161en\u00ed efektivity a kvality v\u00fdroby. N\u00e1\u0161 z\u00e1vazek k v\u00fdjime\u010dn\u00e9mu poprodejn\u00edmu servisu zaji\u0161\u0165uje, \u017ee klienti dost\u00e1vaj\u00ed neust\u00e1lou podporu a pomoc, co\u017e posiluje na\u0161i reputaci d\u016fv\u011bryhodn\u00e9ho partnera v oblasti hydraulick\u00fdch \u0159e\u0161en\u00ed.<\/p>\n<p><img decoding=\"async\" src=\"https:\/\/www.hydraulic-cylinders.net\/wp-content\/uploads\/2025\/05\/xinxin-hydraulic-cylinder-factory-1.webp\" alt=\"Image na\u0161\u00ed spole\u010dnosti\" \/><\/p>\n<p>Autor: lyl<\/p>","protected":false},"excerpt":{"rendered":"<p>LS-HCZD30N-03 Forklift Truck Steering Cylinder Product Overview The LS-HCZD30N-03 Forklift Truck Steering Cylinder is a vital component designed for enhancing the steering mechanism of forklifts, ensuring smooth and efficient operation. This hydraulic cylinder is engineered to provide precise control and stability while maneuvering heavy loads. With its robust construction and reliable performance, it helps in [&hellip;]<\/p>","protected":false},"featured_media":20626,"comment_status":"open","ping_status":"closed","template":"","meta":{"_et_pb_use_builder":"","_et_pb_old_content":"","_et_gb_content_width":""},"product_brand":[],"product_cat":[1483,1556],"product_tag":[],"class_list":{"0":"post-20700","1":"product","2":"type-product","3":"status-publish","4":"has-post-thumbnail","6":"product_cat-construction-machinery-hydraulic-cylinders","7":"product_cat-forklift-hydraulic-cylinders-2","9":"first","10":"instock","11":"shipping-taxable","12":"product-type-simple"},"amp_enabled":true,"_links":{"self":[{"href":"https:\/\/www.hydraulic-cylinders.net\/cs\/wp-json\/wp\/v2\/product\/20700","targetHints":{"allow":["GET"]}}],"collection":[{"href":"https:\/\/www.hydraulic-cylinders.net\/cs\/wp-json\/wp\/v2\/product"}],"about":[{"href":"https:\/\/www.hydraulic-cylinders.net\/cs\/wp-json\/wp\/v2\/types\/product"}],"replies":[{"embeddable":true,"href":"https:\/\/www.hydraulic-cylinders.net\/cs\/wp-json\/wp\/v2\/comments?post=20700"}],"wp:featuredmedia":[{"embeddable":true,"href":"https:\/\/www.hydraulic-cylinders.net\/cs\/wp-json\/wp\/v2\/media\/20626"}],"wp:attachment":[{"href":"https:\/\/www.hydraulic-cylinders.net\/cs\/wp-json\/wp\/v2\/media?parent=20700"}],"wp:term":[{"taxonomy":"product_brand","embeddable":true,"href":"https:\/\/www.hydraulic-cylinders.net\/cs\/wp-json\/wp\/v2\/product_brand?post=20700"},{"taxonomy":"product_cat","embeddable":true,"href":"https:\/\/www.hydraulic-cylinders.net\/cs\/wp-json\/wp\/v2\/product_cat?post=20700"},{"taxonomy":"product_tag","embeddable":true,"href":"https:\/\/www.hydraulic-cylinders.net\/cs\/wp-json\/wp\/v2\/product_tag?post=20700"}],"curies":[{"name":"wp","href":"https:\/\/api.w.org\/{rel}","templated":true}]}}