{"id":20703,"date":"2025-05-27T06:21:36","date_gmt":"2025-05-27T06:21:36","guid":{"rendered":"https:\/\/www.hydraulic-cylinders.net\/product\/micro-digging-side-hydraulic-cylinders\/"},"modified":"2025-05-27T06:21:41","modified_gmt":"2025-05-27T06:21:41","slug":"micro-digging-side-hydraulic-cylinders","status":"publish","type":"product","link":"https:\/\/www.hydraulic-cylinders.net\/cs\/produkt\/micro-digging-side-hydraulic-cylinders\/","title":{"rendered":"Bo\u010dn\u00ed hydraulick\u00e9 v\u00e1lce pro mikrokop\u00e1n\u00ed"},"content":{"rendered":"<h1>Bo\u010dn\u00ed hydraulick\u00e9 v\u00e1lce pro mikrokop\u00e1n\u00ed<\/h1>\n<h2>P\u0159ehled produktu<\/h2>\n<p>Hydraulick\u00fd v\u00e1lec Micro Digging Side je specializovan\u00fd hydraulick\u00fd pohon ur\u010den\u00fd pro p\u0159esn\u00e9 ovl\u00e1d\u00e1n\u00ed a vysok\u00fd v\u00fdkon v kompaktn\u00edch aplikac\u00edch. Tyto v\u00e1lce jsou nezbytn\u00fdmi sou\u010d\u00e1stmi v r\u016fzn\u00fdch stroj\u00edch a umo\u017e\u0148uj\u00ed obsluze prov\u00e1d\u011bt \u00fakoly s pozoruhodnou p\u0159esnost\u00ed a efektivitou. Jsou navr\u017eeny tak, aby dod\u00e1valy optim\u00e1ln\u00ed s\u00edlu ve st\u00edsn\u011bn\u00fdch prostorech, a nach\u00e1zej\u00ed sv\u00e9 uplatn\u011bn\u00ed ve stavebnictv\u00ed, v\u00fdkopov\u00fdch prac\u00edch a dal\u0161\u00edch t\u011b\u017ek\u00fdch aplikac\u00edch. Kompaktn\u00ed konstrukce umo\u017e\u0148uje snadnou integraci do r\u016fzn\u00fdch syst\u00e9m\u016f, co\u017e zaji\u0161\u0165uje, \u017ee obsluha m\u016f\u017ee dos\u00e1hnout vynikaj\u00edc\u00edho v\u00fdkonu bez ob\u011btov\u00e1n\u00ed prostoru nebo mobility.<\/p>\n<h2>Specifikace produktu<\/h2>\n<p>N\u00e1sleduj\u00ed kl\u00ed\u010dov\u00e9 specifikace hydraulick\u00e9ho v\u00e1lce Micro Digging Side:<\/p>\n<ul>\n<li>Pr\u016fm\u011br v\u00e1lce: 50 mm<\/li>\n<li>Pr\u016fm\u011br ty\u010de: 30 mm<\/li>\n<li>Zdvih: 430 mm<\/li>\n<li>Instala\u010dn\u00ed vzd\u00e1lenost: 670 mm<\/li>\n<\/ul>\n<p>Tyto rozm\u011bry jsou kl\u00ed\u010dov\u00e9 pro ur\u010den\u00ed \u00fa\u010dinnosti v\u00e1lce a jeho kompatibility s r\u016fzn\u00fdmi stroji. Pr\u016fm\u011br v\u00e1lce zaji\u0161\u0165uje dostate\u010dnou pevnost, zat\u00edmco pr\u016fm\u011br p\u00edstnice ovliv\u0148uje nosnost. D\u00e9lka zdvihu je kritick\u00e1 pro rozsah pohybu a mont\u00e1\u017en\u00ed vzd\u00e1lenost usnad\u0148uje spr\u00e1vnou mont\u00e1\u017e.<\/p>\n<h2>Kl\u00ed\u010dov\u00e9 vlastnosti<\/h2>\n<p>Na\u0161e bo\u010dn\u00ed hydraulick\u00e9 v\u00e1lce Micro Digging jsou navr\u017eeny s n\u011bkolika vynikaj\u00edc\u00edmi vlastnostmi:<\/p>\n<ul>\n<li><strong>Trvanlivost:<\/strong> Vyrobeno z vysoce kvalitn\u00edch materi\u00e1l\u016f, aby odolalo n\u00e1ro\u010dn\u00fdm podm\u00ednk\u00e1m.<\/li>\n<li><strong>Kompaktn\u00ed velikost:<\/strong> Ide\u00e1ln\u00ed pro aplikace s omezen\u00fdm prostorem.<\/li>\n<li><strong>Vysok\u00e1 \u00fa\u010dinnost:<\/strong> Poskytuje siln\u00fd v\u00fdkon p\u0159i ni\u017e\u0161\u00ed spot\u0159eb\u011b energie.<\/li>\n<li><strong>P\u0159izp\u016fsobiteln\u00e9 mo\u017enosti:<\/strong> M\u016f\u017eeme p\u0159izp\u016fsobit specifikace tak, aby spl\u0148ovaly specifick\u00e9 pot\u0159eby.<\/li>\n<li><strong>Spolehliv\u00e9 ut\u011bsn\u011bn\u00ed:<\/strong> Navr\u017eeno tak, aby zabr\u00e1nilo \u00fanik\u016fm a prodlou\u017eilo \u017eivotnost.<\/li>\n<\/ul>\n<p>Jsme hrd\u00ed na na\u0161i schopnost vyr\u00e1b\u011bt tyto hydraulick\u00e9 v\u00e1lce a zajistit, aby dokonale nahradily st\u00e1vaj\u00edc\u00ed modely ve va\u0161ich stroj\u00edch.<\/p>\n<h2>Aplikace<\/h2>\n<p>Hydraulick\u00fd v\u00e1lec Micro Digging Bo\u010dn\u00ed je v\u0161estrann\u00fd a lze jej pou\u017e\u00edt v r\u016fzn\u00fdch aplikac\u00edch:<\/p>\n<h3>1. V\u00fdkopov\u00e9 za\u0159\u00edzen\u00ed<\/h3>\n<p>V rypadlech tyto hydraulick\u00e9 v\u00e1lce poskytuj\u00ed pot\u0159ebnou s\u00edlu pro kop\u00e1n\u00ed a zved\u00e1n\u00ed zeminy nebo suti. Jejich kompaktn\u00ed konstrukce umo\u017e\u0148uje jejich instalaci v t\u011bsn\u00fdch prostorech, co\u017e je \u010din\u00ed ide\u00e1ln\u00edmi pro minibagry. P\u0159esn\u00e9 ovl\u00e1d\u00e1n\u00ed, kter\u00e9 tyto hydraulick\u00e9 v\u00e1lce nab\u00edzej\u00ed, zaji\u0161\u0165uje, \u017ee obsluha m\u016f\u017ee plynule man\u00e9vrovat se za\u0159\u00edzen\u00edm, \u010d\u00edm\u017e se sni\u017euje riziko po\u0161kozen\u00ed okoln\u00edch konstrukc\u00ed. Tato efektivita p\u0159i rypadlech v\u00fdrazn\u011b zvy\u0161uje produktivitu na m\u00edst\u011b.<\/p>\n<h3>2. Zem\u011bd\u011blsk\u00e9 stroje<\/h3>\n<p>V zem\u011bd\u011blstv\u00ed se tyto hydraulick\u00e9 v\u00e1lce pou\u017e\u00edvaj\u00ed v za\u0159\u00edzen\u00edch, jako jsou pluhy a skl\u00edzec\u00ed stroje. Jejich schopnost udr\u017eovat konzistentn\u00ed s\u00edlu zaji\u0161\u0165uje rovnom\u011brn\u00e9 zpracov\u00e1n\u00ed p\u016fdy a set\u00ed, co\u017e je z\u00e1sadn\u00ed pro v\u00fdnosy plodin. Robustn\u00ed konstrukce t\u011bchto v\u00e1lc\u016f jim umo\u017e\u0148uje efektivn\u011b fungovat za r\u016fzn\u00fdch pov\u011btrnostn\u00edch podm\u00ednek, co\u017e p\u0159isp\u00edv\u00e1 ke spolehlivosti zem\u011bd\u011blsk\u00fdch operac\u00ed. P\u0159esnost, kterou nab\u00edzej\u00ed, umo\u017e\u0148uje zem\u011bd\u011blc\u016fm optimalizovat sv\u00e9 stroje pro dosa\u017een\u00ed lep\u0161\u00edch v\u00fdsledk\u016f.<\/p>\n<h3>3. Manipulace s materi\u00e1lem<\/h3>\n<p>V syst\u00e9mech manipulace s materi\u00e1lem tyto hydraulick\u00e9 v\u00e1lce usnad\u0148uj\u00ed pohyb t\u011b\u017ek\u00fdch b\u0159emen. \u010casto jsou integrov\u00e1ny do vysokozdvi\u017en\u00fdch voz\u00edk\u016f a dopravn\u00edk\u016f, kde zaji\u0161\u0165uj\u00ed pot\u0159ebn\u00e9 pohyby zved\u00e1n\u00ed a spou\u0161t\u011bn\u00ed. Jejich \u00fa\u010dinnost pom\u00e1h\u00e1 sni\u017eovat provozn\u00ed n\u00e1klady, proto\u017ee k prov\u00e1d\u011bn\u00ed stejn\u00fdch \u00fakol\u016f vy\u017eaduj\u00ed m\u00e9n\u011b energie ve srovn\u00e1n\u00ed s v\u011bt\u0161\u00edmi modely. D\u00edky tomu jsou cenn\u00fdm n\u00e1strojem ve skladech a distribu\u010dn\u00edch centrech.<\/p>\n<h2>\u00davahy o designu<\/h2>\n<p>P\u0159i n\u00e1vrhu hydraulick\u00fdch v\u00e1lc\u016f se zohled\u0148uje n\u011bkolik kl\u00ed\u010dov\u00fdch faktor\u016f:<\/p>\n<h3>Nosnost<\/h3>\n<p>Pochopen\u00ed nosnosti je pro hydraulick\u00e9 v\u00e1lce z\u00e1sadn\u00ed. Konstrukce mus\u00ed zvl\u00e1dnout maxim\u00e1ln\u00ed hmotnost, kterou v\u00e1lec zvedne nebo tla\u010d\u00ed. To zahrnuje v\u00fdb\u011br vhodn\u00fdch materi\u00e1l\u016f a rozm\u011br\u016f, aby se zabr\u00e1nilo selh\u00e1n\u00ed pod tlakem. Nosnost mus\u00ed nav\u00edc odpov\u00eddat po\u017eadavk\u016fm strojn\u00edho za\u0159\u00edzen\u00ed, aby byla zaji\u0161t\u011bna bezpe\u010dnost a v\u00fdkon.<\/p>\n<h3>\u00da\u010dinnost t\u011bsn\u011bn\u00ed<\/h3>\n<p>T\u011bsn\u011bn\u00ed je v hydraulick\u00fdch syst\u00e9mech nezbytn\u00e9 pro prevenci \u00fanik\u016f a udr\u017een\u00ed tlaku. Volba t\u011bsnic\u00edch materi\u00e1l\u016f a proveden\u00ed p\u0159\u00edmo ovliv\u0148uje \u017eivotnost a spolehlivost hydraulick\u00e9ho v\u00e1lce. Pro zaji\u0161t\u011bn\u00ed \u00fa\u010dinn\u00e9ho ut\u011bsn\u011bn\u00ed a z\u00e1rove\u0148 zachov\u00e1n\u00ed flexibility a trvanlivosti se pou\u017e\u00edvaj\u00ed pokro\u010dil\u00e1 t\u011bsnic\u00ed \u0159e\u0161en\u00ed, jako je polyuretan a nitrilov\u00e1 pry\u017e. Pravideln\u00e9 kontroly a v\u00fdm\u011bny t\u011bsn\u011bn\u00ed jsou nezbytn\u00e9 pro p\u0159edch\u00e1zen\u00ed probl\u00e9m\u016fm s v\u00fdkonem.<\/p>\n<h3>Trvanlivost<\/h3>\n<p>Trvanlivost je z\u00e1kladn\u00edm aspektem konstrukce hydraulick\u00fdch v\u00e1lc\u016f. Tyto komponenty mus\u00ed odol\u00e1vat extr\u00e9mn\u00edm podm\u00ednk\u00e1m, jako jsou teplotn\u00ed v\u00fdkyvy a vystaven\u00ed agresivn\u00edm chemik\u00e1li\u00edm. Pou\u017eit\u00ed vysoce pevn\u00fdch materi\u00e1l\u016f a korozivzdorn\u00fdch povlak\u016f m\u016f\u017ee v\u00fdrazn\u011b prodlou\u017eit \u017eivotnost v\u00e1lc\u016f. Pravideln\u00e1 \u00fadr\u017eba hraje kl\u00ed\u010dovou roli v udr\u017een\u00ed jejich trvanlivosti v pr\u016fb\u011bhu \u010dasu.<\/p>\n<h3>Bezpe\u010dnostn\u00ed prvky<\/h3>\n<p>Bezpe\u010dnost je p\u0159i n\u00e1vrhu hydraulick\u00e9ho syst\u00e9mu prvo\u0159ad\u00e1. Za\u010dlen\u011bn\u00ed prvk\u016f, jako jsou p\u0159etlakov\u00e9 ventily a bezpe\u010dnostn\u00ed mechanismy, zaji\u0161\u0165uje, \u017ee syst\u00e9m pracuje v r\u00e1mci bezpe\u010dn\u00fdch parametr\u016f. Pravideln\u00e9 bezpe\u010dnostn\u00ed kontroly a dodr\u017eov\u00e1n\u00ed pr\u016fmyslov\u00fdch norem jsou z\u00e1sadn\u00ed pro prevenci nehod a zaji\u0161t\u011bn\u00ed bezpe\u010dnosti obsluhy b\u011bhem provozu.<\/p>\n<h3>P\u0159\u00edstupnost \u00fadr\u017eby<\/h3>\n<p>Navrhov\u00e1n\u00ed hydraulick\u00fdch v\u00e1lc\u016f s ohledem na \u00fadr\u017ebu pom\u00e1h\u00e1 prodlou\u017eit jejich provozn\u00ed \u017eivotnost. Funkce, jako je snadn\u00fd p\u0159\u00edstup pro pravideln\u00e9 kontroly a servisn\u00ed body pro maz\u00e1n\u00ed, mohou v\u00fdznamn\u011b ovlivnit efektivitu \u00fadr\u017eby. Dob\u0159e promy\u0161len\u00e1 konstrukce minimalizuje prostoje a zaji\u0161\u0165uje, \u017ee v\u00e1lce z\u016fstanou v optim\u00e1ln\u00edm provozn\u00edm stavu.<\/p>\n<h2>T\u011bsn\u011bn\u00ed a maz\u00e1n\u00ed<\/h2>\n<p>\u00da\u010dinn\u00e9 t\u011bsn\u011bn\u00ed je z\u00e1sadn\u00ed pro v\u00fdkon hydraulick\u00fdch v\u00e1lc\u016f. R\u016fzn\u00e1 t\u011bsn\u011bn\u00ed, v\u010detn\u011b t\u011bsn\u011bn\u00ed p\u00edst\u016f a t\u011bsn\u011bn\u00ed p\u00edstnic, hraj\u00ed v\u00fdznamnou roli v udr\u017eov\u00e1n\u00ed hydraulick\u00e9ho tlaku. T\u011bsn\u011bn\u00ed jsou \u010dasto vyrobena z odoln\u00fdch materi\u00e1l\u016f, jako je polyuretan a nitrilov\u00e1 pry\u017e, kter\u00e9 jsou navr\u017eeny tak, aby odol\u00e1valy opot\u0159eben\u00ed. T\u011bleso v\u00e1lce a z\u00e1vitov\u00e9 konce proch\u00e1zej\u00ed p\u0159esn\u00fdm obr\u00e1b\u011bn\u00edm, aby se zv\u00fd\u0161ila jeho trvanlivost a odolnost proti od\u011bru.<\/p>\n<p>Pravideln\u00e9 maz\u00e1n\u00ed je dal\u0161\u00edm kl\u00ed\u010dov\u00fdm aspektem \u00fadr\u017eby. Pro hladk\u00fd provoz je nezbytn\u00e9 zajistit dostate\u010dn\u00fd p\u0159\u00edsun hydraulick\u00e9ho oleje. Obsluha by si m\u011bla zav\u00e9st rutinu pro kontrolu hladiny oleje a jeho dopl\u0148ov\u00e1n\u00ed v p\u0159\u00edpad\u011b pot\u0159eby, proto\u017ee spr\u00e1vn\u00e9 maz\u00e1n\u00ed sni\u017euje t\u0159en\u00ed mezi pohybliv\u00fdmi \u010d\u00e1stmi, co\u017e vede ke zlep\u0161en\u00ed \u00fa\u010dinnosti a del\u0161\u00ed \u017eivotnosti hydraulick\u00fdch komponent\u016f.<\/p>\n<h2>Preventivn\u00ed \u00fadr\u017ebov\u00e1 opat\u0159en\u00ed<\/h2>\n<p>Pravideln\u00e1 \u00fadr\u017eba je nezbytn\u00e1 pro zaji\u0161t\u011bn\u00ed dlouh\u00e9 \u017eivotnosti a \u00fa\u010dinnosti hydraulick\u00fdch v\u00e1lc\u016f. Zde je n\u011bkolik preventivn\u00edch opat\u0159en\u00ed:<\/p>\n<ul>\n<li><strong>Pravideln\u00e9 kontroly:<\/strong> \u010cast\u00e1 kontrola zn\u00e1mek opot\u0159eben\u00ed, net\u011bsnost\u00ed a dal\u0161\u00edch probl\u00e9m\u016f m\u016f\u017ee pomoci identifikovat probl\u00e9my d\u0159\u00edve, ne\u017e se zhor\u0161\u00ed.<\/li>\n<li><strong>Mazac\u00ed postupy:<\/strong> Stanoven\u00ed pl\u00e1nu maz\u00e1n\u00ed m\u016f\u017ee zabr\u00e1nit zbyte\u010dn\u00e9mu opot\u0159eben\u00ed pohybliv\u00fdch \u010d\u00e1st\u00ed.<\/li>\n<li><strong>V\u00fdm\u011bna t\u011bsn\u011bn\u00ed:<\/strong> Monitorov\u00e1n\u00ed a v\u010dasn\u00e1 v\u00fdm\u011bna opot\u0159ebovan\u00fdch t\u011bsn\u011bn\u00ed m\u016f\u017ee zabr\u00e1nit \u00fanik\u016fm a udr\u017eet tlak v syst\u00e9mu.<\/li>\n<\/ul>\n<h2>Pokyny k instalaci<\/h2>\n<p>Spr\u00e1vn\u00e1 instalace hydraulick\u00fdch v\u00e1lc\u016f je z\u00e1sadn\u00ed pro optim\u00e1ln\u00ed v\u00fdkon. Dodr\u017eujte tyto pokyny:<\/p>\n<ol>\n<li><strong>Zarovnejte v\u00e1lec:<\/strong> Ujist\u011bte se, \u017ee je v\u00e1lec spr\u00e1vn\u011b zarovn\u00e1n s mont\u00e1\u017en\u00edmi body, aby se zabr\u00e1nilo nadm\u011brn\u00e9mu nam\u00e1h\u00e1n\u00ed sou\u010d\u00e1st\u00ed.<\/li>\n<li><strong>Pou\u017eijte vhodn\u00e9 mont\u00e1\u017en\u00ed konzoly:<\/strong> Zajist\u011bte v\u00e1lec vhodn\u00fdmi konzolami, aby se zabr\u00e1nilo jeho pohybu b\u011bhem provozu.<\/li>\n<li><strong>Zkontrolujte hydraulick\u00e9 p\u0159ipojen\u00ed:<\/strong> Ujist\u011bte se, \u017ee jsou v\u0161echna hydraulick\u00e1 potrub\u00ed bezpe\u010dn\u011b p\u0159ipojena, aby se zabr\u00e1nilo \u00fanik\u016fm.<\/li>\n<li><strong>Otestujte syst\u00e9m:<\/strong> P\u0159ed pln\u00fdm provozem prove\u010fte test, abyste se ujistili, \u017ee v\u0161e funguje spr\u00e1vn\u011b.<\/li>\n<\/ol>\n<h2>B\u011b\u017en\u00e9 \u00fakoly \u00fadr\u017eby<\/h2>\n<p>Mezi z\u00e1kladn\u00ed \u00fakoly \u00fadr\u017eby pat\u0159\u00ed:<\/p>\n<h3>1. Pravideln\u00e9 kontroly<\/h3>\n<p>Pravideln\u00e9 kontroly pom\u00e1haj\u00ed v\u010das odhalit zn\u00e1mky opot\u0159eben\u00ed a potenci\u00e1ln\u00ed probl\u00e9my. Tento proaktivn\u00ed p\u0159\u00edstup m\u016f\u017ee zabr\u00e1nit n\u00e1kladn\u00fdm oprav\u00e1m a prostoj\u016fm. Kontrola t\u011bsn\u011bn\u00ed, hadic a armatur m\u016f\u017ee zajistit, \u017ee syst\u00e9m z\u016fstane bez \u00fanik\u016f a bude fungovat hladce. Z\u00e1znamy o \u00fadr\u017eb\u011b by m\u011bly b\u00fdt vedeny pro sledov\u00e1n\u00ed stavu v pr\u016fb\u011bhu \u010dasu.<\/p>\n<h3>2. Vhodn\u00e9 maz\u00e1n\u00ed<\/h3>\n<p>Maz\u00e1n\u00ed hydraulick\u00fdch sou\u010d\u00e1st\u00ed podle pokyn\u016f v\u00fdrobce je z\u00e1sadn\u00ed pro prevenci opot\u0159eben\u00ed a prodlou\u017een\u00ed \u017eivotnosti. Pou\u017eit\u00ed spr\u00e1vn\u00e9ho typu hydraulick\u00e9ho oleje a zaji\u0161t\u011bn\u00ed jeho spr\u00e1vn\u00e9 hladiny m\u016f\u017ee v\u00fdznamn\u011b ovlivnit v\u00fdkon a \u00fa\u010dinnost syst\u00e9mu. Pravideln\u00e9 kontroly a se\u0159izov\u00e1n\u00ed by m\u011bly b\u00fdt sou\u010d\u00e1st\u00ed \u00fadr\u017eby, aby syst\u00e9m fungoval optim\u00e1ln\u011b.<\/p>\n<h3>3. V\u00fdm\u011bna t\u011bsn\u011bn\u00ed<\/h3>\n<p>V\u00fdm\u011bna t\u011bsn\u011bn\u00ed je z\u00e1sadn\u00ed pro udr\u017een\u00ed hydraulick\u00e9 integrity. Mezi p\u0159\u00edznaky, \u017ee je nutn\u00e9 t\u011bsn\u011bn\u00ed vym\u011bnit, pat\u0159\u00ed viditeln\u00e9 net\u011bsnosti nebo kol\u00eds\u00e1n\u00ed tlaku. Pravideln\u00e1 v\u00fdm\u011bna t\u011bsn\u011bn\u00ed podle pou\u017e\u00edv\u00e1n\u00ed m\u016f\u017ee pomoci udr\u017eet \u00fa\u010dinnost hydraulick\u00e9ho syst\u00e9mu a p\u0159edch\u00e1zet neo\u010dek\u00e1van\u00fdm poruch\u00e1m.<\/p>\n<h2>Bezpe\u010dnostn\u00ed a environment\u00e1ln\u00ed aspekty<\/h2>\n<p>Bezpe\u010dnostn\u00ed opat\u0159en\u00ed jsou p\u0159i pr\u00e1ci s hydraulick\u00fdmi syst\u00e9my prvo\u0159ad\u00e1. Obsluha by m\u011bla b\u00fdt pro\u0161kolena v rozpozn\u00e1v\u00e1n\u00ed potenci\u00e1ln\u00edch nebezpe\u010d\u00ed, jako jsou \u00faniky kapalin a n\u00e1r\u016fst tlaku. P\u0159i pou\u017e\u00edv\u00e1n\u00ed hydraulick\u00fdch v\u00e1lc\u016f je nezbytn\u00e9 dodr\u017eovat bezpe\u010dnostn\u00ed protokoly, v\u010detn\u011b no\u0161en\u00ed ochrann\u00fdch pom\u016fcek a dodr\u017eov\u00e1n\u00ed provozn\u00edch pokyn\u016f. Krom\u011b toho by m\u011bly b\u00fdt dodr\u017eov\u00e1ny spr\u00e1vn\u00e9 metody likvidace hydraulick\u00fdch kapalin, aby byl zaji\u0161t\u011bn minim\u00e1ln\u00ed dopad na \u017eivotn\u00ed prost\u0159ed\u00ed.<\/p>\n<h2>Odstra\u0148ov\u00e1n\u00ed probl\u00e9m\u016f a b\u011b\u017en\u00e9 probl\u00e9my<\/h2>\n<p>Pochopen\u00ed potenci\u00e1ln\u00edch probl\u00e9m\u016f s hydraulick\u00fdmi v\u00e1lci m\u016f\u017ee pomoci efektivn\u011b je \u0159e\u0161it:<\/p>\n<ul>\n<li><strong>\u00danik:<\/strong> \u010casto zp\u016fsobeno opot\u0159ebovan\u00fdmi t\u011bsn\u011bn\u00edmi nebo nespr\u00e1vnou mont\u00e1\u017e\u00ed. Zkontrolujte t\u011bsn\u011bn\u00ed a spoje, zda nejsou po\u0161kozen\u00e9.<\/li>\n<li><strong>Tlakov\u00e9 poklesy:<\/strong> M\u016f\u017ee znamenat ucp\u00e1n\u00ed hydraulick\u00e9ho potrub\u00ed nebo n\u00edzkou hladinu kapaliny. Zkontrolujte, zda nejsou ucpan\u00e9, a v p\u0159\u00edpad\u011b pot\u0159eby kapalinu dopl\u0148te.<\/li>\n<li><strong>Nereaguj\u00edc\u00ed v\u00e1lec:<\/strong> M\u016f\u017ee k tomu doj\u00edt v d\u016fsledku vzduchu zachycen\u00e9ho v syst\u00e9mu nebo nedostate\u010dn\u00e9ho tlaku kapaliny. Doporu\u010duje se odvzdu\u0161nit syst\u00e9m a zkontrolovat hladinu kapalin.<\/li>\n<\/ul>\n<h2>Tipy pro \u0159e\u0161en\u00ed probl\u00e9m\u016f<\/h2>\n<p>Pokud se vyskytnou n\u011bjak\u00e9 probl\u00e9my, zva\u017ete n\u00e1sleduj\u00edc\u00ed tipy:<\/p>\n<ul>\n<li><strong>Pravideln\u011b sledujte v\u00fdkon:<\/strong> Sledov\u00e1n\u00ed v\u00fdkonu v\u00e1lce m\u016f\u017ee v\u010das odhalit probl\u00e9my.<\/li>\n<li><strong>Viz pokyny v\u00fdrobce:<\/strong> Dokumentace v\u00fdrobce \u010dasto poskytuje kroky pro \u0159e\u0161en\u00ed probl\u00e9m\u016f a \u0159e\u0161en\u00ed konkr\u00e9tn\u00edch probl\u00e9m\u016f.<\/li>\n<li><strong>Zav\u00e9st preventivn\u00ed opat\u0159en\u00ed:<\/strong> Stanoven\u00ed pravidel pro kontroly a \u00fadr\u017ebu m\u016f\u017ee minimalizovat pravd\u011bpodobnost vzniku probl\u00e9m\u016f.<\/li>\n<\/ul>\n<p><img decoding=\"async\" src=\"https:\/\/www.hydraulic-cylinders.net\/wp-content\/uploads\/2025\/05\/hydraulic-cylinder-all-2.webp\" alt=\"Obr\u00e1zek hydraulick\u00e9ho v\u00e1lce\"><\/p>\n<h2>O na\u0161\u00ed spole\u010dnosti<\/h2>\n<p>Jako p\u0159edn\u00ed v\u00fdrobce hydraulick\u00fdch v\u00e1lc\u016f jsme hrd\u00ed na na\u0161i komplexn\u00ed produktovou \u0159adu, kter\u00e1 uspokojuje dom\u00e1c\u00ed i mezin\u00e1rodn\u00ed trhy. N\u00e1\u0161 z\u00e1vazek ke kvalit\u011b a inovac\u00edm n\u00e1s \u0159ad\u00ed mezi p\u0159edn\u00ed v\u00fdrobce a velkoobchodn\u00edky hydraulick\u00fdch v\u00e1lc\u016f v oboru. Nab\u00edz\u00edme:<\/p>\n<ul>\n<li><strong>Odborn\u00e9 znalosti:<\/strong> N\u00e1\u0161 t\u00fdm se skl\u00e1d\u00e1 ze zku\u0161en\u00fdch profesion\u00e1l\u016f, kte\u0159\u00ed se v\u011bnuj\u00ed poskytov\u00e1n\u00ed \u0161pi\u010dkov\u00fdch produkt\u016f.<\/li>\n<li><strong>Mezin\u00e1rodn\u00ed certifikace:<\/strong> Na\u0161e v\u00fdrobky spl\u0148uj\u00ed p\u0159\u00edsn\u00e9 mezin\u00e1rodn\u00ed standardy, co\u017e zaru\u010duje spolehlivost a bezpe\u010dnost.<\/li>\n<li><strong>\u0158e\u0161en\u00ed na m\u00edru:<\/strong> Poskytujeme slu\u017eby \u0161it\u00e9 na m\u00edru specifick\u00fdm po\u017eadavk\u016fm a zaji\u0161\u0165ujeme spokojenost z\u00e1kazn\u00edk\u016f.<\/li>\n<li><strong>Pokro\u010dil\u00e9 v\u00fdrobn\u00ed za\u0159\u00edzen\u00ed:<\/strong> Na\u0161e nejmodern\u011bj\u0161\u00ed v\u00fdrobn\u00ed za\u0159\u00edzen\u00ed zaru\u010duj\u00ed vysoce kvalitn\u00ed v\u00fdstupy.<\/li>\n<li><strong>Komplexn\u00ed poprodejn\u00ed podpora:<\/strong> Na\u0161im z\u00e1kazn\u00edk\u016fm nab\u00edz\u00edme robustn\u00ed podporu a zaji\u0161\u0165ujeme jim pomoc, kdykoli ji pot\u0159ebuj\u00ed.<\/li>\n<\/ul>\n<p><img decoding=\"async\" src=\"https:\/\/www.hydraulic-cylinders.net\/wp-content\/uploads\/2025\/05\/xinxin-hydraulic-cylinder-factory-1.webp\" alt=\"Obr\u00e1zek tov\u00e1rny na hydraulick\u00e9 v\u00e1lce\"><\/p>\n<p>Autor: lyl<\/p>\n<p><img decoding=\"async\" src=\"https:\/\/hzpt.com\/wp-content\/uploads\/2024\/11\/songte-company-1.webp\" alt=\"Image spole\u010dnosti\"><\/p>","protected":false},"excerpt":{"rendered":"<p>Micro Digging Side Hydraulic Cylinders Product Overview The Micro Digging Side Hydraulic Cylinder is a specialized hydraulic actuator designed for precise control and powerful performance in compact applications. These cylinders are essential components in various machinery, enabling operators to execute tasks with remarkable accuracy and efficiency. Engineered to deliver optimal force in confined spaces, they [&hellip;]<\/p>","protected":false},"featured_media":20629,"comment_status":"open","ping_status":"closed","template":"","meta":{"_et_pb_use_builder":"","_et_pb_old_content":"","_et_gb_content_width":""},"product_brand":[],"product_cat":[1483,1557],"product_tag":[],"class_list":{"0":"post-20703","1":"product","2":"type-product","3":"status-publish","4":"has-post-thumbnail","6":"product_cat-construction-machinery-hydraulic-cylinders","7":"product_cat-micro-digging-side-hydraulic-cylinders","9":"first","10":"instock","11":"shipping-taxable","12":"product-type-simple"},"amp_enabled":true,"_links":{"self":[{"href":"https:\/\/www.hydraulic-cylinders.net\/cs\/wp-json\/wp\/v2\/product\/20703","targetHints":{"allow":["GET"]}}],"collection":[{"href":"https:\/\/www.hydraulic-cylinders.net\/cs\/wp-json\/wp\/v2\/product"}],"about":[{"href":"https:\/\/www.hydraulic-cylinders.net\/cs\/wp-json\/wp\/v2\/types\/product"}],"replies":[{"embeddable":true,"href":"https:\/\/www.hydraulic-cylinders.net\/cs\/wp-json\/wp\/v2\/comments?post=20703"}],"wp:featuredmedia":[{"embeddable":true,"href":"https:\/\/www.hydraulic-cylinders.net\/cs\/wp-json\/wp\/v2\/media\/20629"}],"wp:attachment":[{"href":"https:\/\/www.hydraulic-cylinders.net\/cs\/wp-json\/wp\/v2\/media?parent=20703"}],"wp:term":[{"taxonomy":"product_brand","embeddable":true,"href":"https:\/\/www.hydraulic-cylinders.net\/cs\/wp-json\/wp\/v2\/product_brand?post=20703"},{"taxonomy":"product_cat","embeddable":true,"href":"https:\/\/www.hydraulic-cylinders.net\/cs\/wp-json\/wp\/v2\/product_cat?post=20703"},{"taxonomy":"product_tag","embeddable":true,"href":"https:\/\/www.hydraulic-cylinders.net\/cs\/wp-json\/wp\/v2\/product_tag?post=20703"}],"curies":[{"name":"wp","href":"https:\/\/api.w.org\/{rel}","templated":true}]}}