{"id":20704,"date":"2025-05-27T06:21:44","date_gmt":"2025-05-27T06:21:44","guid":{"rendered":"https:\/\/www.hydraulic-cylinders.net\/product\/csyg2075b-micro-digging-bucket-arm-cylinder\/"},"modified":"2025-05-27T06:21:46","modified_gmt":"2025-05-27T06:21:46","slug":"csyg2075b-micro-digging-bucket-arm-cylinder","status":"publish","type":"product","link":"https:\/\/www.hydraulic-cylinders.net\/cs\/produkt\/csyg2075b-micro-digging-bucket-arm-cylinder\/","title":{"rendered":"V\u00e1lec ramene mikrokopac\u00ed lopaty CSYG2075B"},"content":{"rendered":"<h1>V\u00e1lec ramene mikrokopac\u00ed lopaty CSYG2075B<\/h1>\n<h2>P\u0159ehled produktu<\/h2>\n<p>Mikrohydraulick\u00fd v\u00e1lec ramene l\u017e\u00edce CSYG2075B je nezbytnou hydraulickou sou\u010d\u00e1st\u00ed ur\u010denou pro r\u016fzn\u00e9 rypadlov\u00e9 aplikace. Tento hydraulick\u00fd v\u00e1lec pracuje s p\u0159esnost\u00ed a \u00fa\u010dinnost\u00ed a umo\u017e\u0148uje obsluze snadnou manipulaci s l\u017e\u00edcemi. Je speci\u00e1ln\u011b navr\u017een pro usnadn\u011bn\u00ed rypac\u00edch operac\u00ed ve st\u00edsn\u011bn\u00fdch prostorech, tak\u017ee je ide\u00e1ln\u00ed pro minibagry a dal\u0161\u00ed kompaktn\u00ed stroje. V\u00e1lec se py\u0161n\u00ed robustn\u00ed konstrukc\u00ed, kter\u00e1 zaji\u0161\u0165uje odolnost a dlouhodob\u00fd v\u00fdkon, co\u017e z n\u011bj \u010din\u00ed spolehlivou volbu pro stavebn\u00ed a v\u00fdkopov\u00e9 projekty.<\/p>\n<h2>Specifikace produktu<\/h2>\n<ul>\n<li><strong>Pr\u016fm\u011br v\u00e1lce:<\/strong> 50mm<\/li>\n<li><strong>Pr\u016fm\u011br ty\u010de:<\/strong> 30mm<\/li>\n<li><strong>Cestovat:<\/strong> 325 mm<\/li>\n<li><strong>Instala\u010dn\u00ed vzd\u00e1lenost:<\/strong> 535 mm<\/li>\n<\/ul>\n<p>Tyto specifikace zd\u016fraz\u0148uj\u00ed kompaktn\u00ed rozm\u011bry a provozn\u00ed schopnosti v\u00e1lce, d\u00edky \u010demu\u017e je vhodn\u00fd pro \u0159adu aplikac\u00ed, kde je prostor a v\u00fdkon kl\u00ed\u010dov\u00fd.<\/p>\n<h2>Kl\u00ed\u010dov\u00e9 vlastnosti<\/h2>\n<ul>\n<li>Vysok\u00e1 odolnost d\u00edky v\u00fdb\u011bru kvalitn\u00edch materi\u00e1l\u016f<\/li>\n<li>Kompaktn\u00ed design umo\u017e\u0148uj\u00edc\u00ed pou\u017eit\u00ed ve st\u00edsn\u011bn\u00fdch prostorech<\/li>\n<li>Spolehliv\u00e1 technologie t\u011bsn\u011bn\u00ed, kter\u00e1 zabra\u0148uje \u00fanik\u016fm<\/li>\n<li>Snadn\u00e1 instalace se standardizovan\u00fdmi kov\u00e1n\u00edmi<\/li>\n<li>V\u0161estrann\u00e9 pou\u017eit\u00ed nap\u0159\u00ed\u010d r\u016fzn\u00fdmi stroji<\/li>\n<\/ul>\n<p>Tento produkt vyr\u00e1b\u00edme tak, aby dokonale nahradil st\u00e1vaj\u00edc\u00ed hydraulick\u00e9 v\u00e1lce ve va\u0161ich stroj\u00edch a zajistil tak bezprobl\u00e9movou integraci a optim\u00e1ln\u00ed v\u00fdkon.<\/p>\n<h2>Sc\u00e9n\u00e1\u0159e aplikac\u00ed<\/h2>\n<h3>Staveni\u0161t\u011b<\/h3>\n<p>Na staveni\u0161t\u00edch se v minibagrech pou\u017e\u00edv\u00e1 mikrov\u00e1lec s ramenem l\u017e\u00edce CSYG2075B pro \u00fakoly, jako jsou hlouben\u00ed v\u00fdkop\u016f a z\u00e1kladov\u00e9 pr\u00e1ce. Jeho kompaktn\u00ed konstrukce umo\u017e\u0148uje obsluze man\u00e9vrovat v t\u011bsn\u00fdch prostor\u00e1ch a prov\u00e1d\u011bt p\u0159esn\u00e9 kopac\u00ed operace. Spolehlivost v\u00e1lce zaji\u0161\u0165uje, \u017ee dok\u00e1\u017ee konzistentn\u011b zvl\u00e1dat n\u00e1ro\u010dn\u00e9 \u00fakoly a z\u00e1rove\u0148 minimalizovat prostoje, co\u017e z n\u011bj \u010din\u00ed nezbytn\u00fd n\u00e1stroj pro dodavatele.<\/p>\n<h3>Krajinn\u00e9 \u00fapravy<\/h3>\n<p>Zahradn\u00edci t\u011b\u017e\u00ed z tohoto hydraulick\u00e9ho v\u00e1lce, kter\u00fd je pou\u017e\u00edv\u00e1n v mal\u00fdch bagrech pro s\u00e1zen\u00ed strom\u016f, kop\u00e1n\u00ed rybn\u00edk\u016f nebo tvarov\u00e1n\u00ed krajiny. Jeho zdvih 325 mm poskytuje dostate\u010dn\u00fd dosah pro r\u016fzn\u00e9 \u00fakoly, zat\u00edmco jeho robustnost zaji\u0161\u0165uje, \u017ee odol\u00e1 tlaku kop\u00e1n\u00ed v r\u016fzn\u00fdch p\u016fdn\u00edch podm\u00ednk\u00e1ch.<\/p>\n<h3>\u00dadr\u017eba silnic<\/h3>\n<p>Pro \u00fadr\u017ebu silnic tento hydraulick\u00fd v\u00e1lec pom\u00e1h\u00e1 s opravami infrastruktury ovl\u00e1d\u00e1n\u00edm p\u0159\u00edslu\u0161enstv\u00ed, kter\u00e9 odstra\u0148uje asfalt nebo zeminu. Jeho \u00fa\u010dinnost v mal\u00fdch prostorech umo\u017e\u0148uje rychl\u00e9 opravy, co\u017e zvy\u0161uje bezpe\u010dnost silni\u010dn\u00edho provozu a \u017eivotnost.<\/p>\n<h2>Konstruk\u010dn\u00ed aspekty a krit\u00e9ria v\u00fdb\u011bru<\/h2>\n<h3>Nosnost<\/h3>\n<p>Nosnost v\u00e1lce CSYG2075B je kl\u00ed\u010dov\u00e1 pro zaji\u0161t\u011bn\u00ed jeho efektivn\u00edho provozu za r\u016fzn\u00fdch podm\u00ednek. Je navr\u017een tak, aby zvl\u00e1dal zna\u010dn\u00e9 zat\u00ed\u017een\u00ed, tak\u017ee je spolehliv\u00fd i pro n\u00e1ro\u010dn\u00e9 aplikace. P\u0159i v\u00fdb\u011bru hydraulick\u00e9ho v\u00e1lce je d\u016fle\u017eit\u00e9 posoudit po\u017eadavky na zat\u00ed\u017een\u00ed strojn\u00edho za\u0159\u00edzen\u00ed, se kter\u00fdm bude pou\u017eit, aby byla zaji\u0161t\u011bna kompatibilita a bezpe\u010dnost.<\/p>\n<h3>Integrita t\u011bsn\u011bn\u00ed<\/h3>\n<p>T\u011bsn\u011bn\u00ed je kl\u00ed\u010dov\u00fdm faktorem p\u0159i konstrukci hydraulick\u00fdch v\u00e1lc\u016f. CSYG2075B se vyzna\u010duje pokro\u010dilou technologi\u00ed t\u011bsn\u011bn\u00ed, kter\u00e1 minimalizuje \u00faniky a udr\u017euje hydraulick\u00fd tlak, \u010d\u00edm\u017e zaji\u0161\u0165uje efektivn\u00ed provoz. Spr\u00e1vn\u00e9 t\u011bsn\u011bn\u00ed prodlu\u017euje \u017eivotnost v\u00e1lce a sni\u017euje n\u00e1klady na \u00fadr\u017ebu. Pravideln\u00e1 kontrola t\u011bsn\u011bn\u00ed je nezbytn\u00e1 pro prevenci probl\u00e9m\u016f s v\u00fdkonem.<\/p>\n<h3>Trvanlivost a dlouh\u00e1 \u017eivotnost<\/h3>\n<p>Odolnost je kl\u00ed\u010dov\u00fdm krit\u00e9riem p\u0159i konstrukci v\u00e1lce CSYG2075B. Je vyroben z vysoce kvalitn\u00edch materi\u00e1l\u016f, kter\u00e9 odol\u00e1vaj\u00ed opot\u0159eben\u00ed. To zaji\u0161\u0165uje del\u0161\u00ed \u017eivotnost i za n\u00e1ro\u010dn\u00fdch podm\u00ednek pou\u017e\u00edv\u00e1n\u00ed. P\u0159i v\u00fdb\u011bru hydraulick\u00fdch v\u00e1lc\u016f by m\u011bla b\u00fdt prioritou odolnost, aby se p\u0159ede\u0161lo \u010dast\u00fdm v\u00fdm\u011bn\u00e1m a souvisej\u00edc\u00edm n\u00e1klad\u016fm.<\/p>\n<h3>Bezpe\u010dnostn\u00ed prvky<\/h3>\n<p>Za\u010dlen\u011bn\u00ed bezpe\u010dnostn\u00edch prvk\u016f do konstrukce hydraulick\u00fdch v\u00e1lc\u016f je z\u00e1sadn\u00ed. CSYG2075B obsahuje mechanismy, kter\u00e9 zabra\u0148uj\u00ed nadm\u011brn\u00e9mu nata\u017een\u00ed a zaji\u0161\u0165uj\u00ed stabiln\u00ed provoz. Obsluha by m\u011bla v\u017edy up\u0159ednost\u0148ovat bezpe\u010dnost dodr\u017eov\u00e1n\u00edm pokyn\u016f a zaji\u0161t\u011bn\u00edm \u0159\u00e1dn\u00e9ho provozuschopn\u00e9ho za\u0159\u00edzen\u00ed p\u0159ed pou\u017eit\u00edm.<\/p>\n<h3>\u00dadr\u017eba a provozuschopnost<\/h3>\n<p>Dal\u0161\u00edm d\u016fle\u017eit\u00fdm aspektem je konstrukce s ohledem na \u00fadr\u017ebu. CSYG2075B je navr\u017een pro snadn\u00fd p\u0159\u00edstup b\u011bhem \u00fadr\u017eby, co\u017e umo\u017e\u0148uje rychl\u00e9 kontroly a opravy. Pravideln\u00e1 \u00fadr\u017eba je nezbytn\u00e1 pro zaji\u0161t\u011bn\u00ed trval\u00e9ho v\u00fdkonu a bezpe\u010dnosti, co\u017e z t\u00e9to vlastnosti \u010din\u00ed v\u00fdznamnou v\u00fdhodu.<\/p>\n<h2>T\u011bsn\u011bn\u00ed a maz\u00e1n\u00ed<\/h2>\n<p>\u00da\u010dinn\u00e9 t\u011bsn\u011bn\u00ed a maz\u00e1n\u00ed jsou z\u00e1sadn\u00ed pro v\u00fdkon a dlouhou \u017eivotnost hydraulick\u00fdch v\u00e1lc\u016f. CSYG2075B vyu\u017e\u00edv\u00e1 r\u016fzn\u00e9 t\u011bsnic\u00ed komponenty, jako jsou t\u011bsn\u011bn\u00ed p\u00edst\u016f a p\u00edstnic, vyroben\u00e9 z materi\u00e1l\u016f odoln\u00fdch proti opot\u0159eben\u00ed, jako je polyuretan a nitrilov\u00e1 pry\u017e. Tyto materi\u00e1ly poskytuj\u00ed vynikaj\u00edc\u00ed odolnost v n\u00e1ro\u010dn\u00fdch provozn\u00edch podm\u00ednk\u00e1ch. T\u011bleso v\u00e1lce a z\u00e1vitov\u00e9 konce proch\u00e1zej\u00ed p\u0159esn\u00fdm o\u0161et\u0159en\u00edm pro zv\u00fd\u0161en\u00ed odolnosti proti opot\u0159eben\u00ed a zaji\u0161t\u011bn\u00ed plynul\u00e9ho chodu.<\/p>\n<p>Pravideln\u00e9 maz\u00e1n\u00ed vhodn\u00fdm hydraulick\u00fdm olejem je nezbytn\u00e9 pro udr\u017een\u00ed v\u00fdkonu. Doporu\u010duje se pravideln\u011b kontrolovat a dopl\u0148ovat hydraulick\u00fd olej, aby se zabr\u00e1nilo t\u0159en\u00ed a opot\u0159eben\u00ed, kter\u00e9 m\u016f\u017ee v\u00e9st k p\u0159ed\u010dasn\u00e9mu selh\u00e1n\u00ed.<\/p>\n<h2>Preventivn\u00ed \u00fadr\u017ebov\u00e1 opat\u0159en\u00ed<\/h2>\n<ul>\n<li>Pravideln\u00e1 kontrola t\u011bsn\u011bn\u00ed, zda nejsou opot\u0159ebov\u00e1na nebo po\u0161kozena<\/li>\n<li>Pravideln\u00e9 kontroly hladiny a kvality hydraulick\u00e9 kapaliny<\/li>\n<li>Sledov\u00e1n\u00ed jak\u00fdchkoli zn\u00e1mek \u00faniku v okol\u00ed spoj\u016f<\/li>\n<\/ul>\n<p>Zaveden\u00ed t\u011bchto preventivn\u00edch opat\u0159en\u00ed \u00fadr\u017eby m\u016f\u017ee v\u00fdrazn\u011b sn\u00ed\u017eit riziko poruchy a prodlou\u017eit \u017eivotnost hydraulick\u00e9ho v\u00e1lce.<\/p>\n<h2>Instala\u010dn\u00ed p\u0159\u00edru\u010dka<\/h2>\n<p>Instalace v\u00e1lce ramene mikror\u00fdpadla CSYG2075B vy\u017eaduje pe\u010dlivou pozornost k detail\u016fm, aby byl zaji\u0161t\u011bn optim\u00e1ln\u00ed v\u00fdkon:<\/p>\n<ul>\n<li>P\u0159ed instalac\u00ed se ujist\u011bte, \u017ee v\u0161echny sou\u010d\u00e1sti jsou \u010dist\u00e9 a bez ne\u010distot.<\/li>\n<li>Spr\u00e1vn\u011b vyrovnejte v\u00e1lec s upev\u0148ovac\u00edmi body, abyste zabr\u00e1nili jeho nespr\u00e1vn\u00e9mu vyrovn\u00e1n\u00ed.<\/li>\n<li>K upevn\u011bn\u00ed v\u00e1lce na m\u00edst\u011b pou\u017eijte vhodn\u00e9 mont\u00e1\u017en\u00ed konzoly.<\/li>\n<li>Ut\u00e1hn\u011bte \u0161rouby na utahovac\u00ed moment stanoven\u00fd v\u00fdrobcem, abyste zajistili bezpe\u010dn\u00e9 uchycen\u00ed.<\/li>\n<li>P\u0159ed pln\u00fdm provozem otestujte syst\u00e9m pod n\u00edzk\u00fdm tlakem, abyste zkontrolovali t\u011bsnost.<\/li>\n<\/ul>\n<p>Spr\u00e1vn\u00e1 instalace je z\u00e1sadn\u00ed pro v\u00fdkon a bezpe\u010dnost hydraulick\u00e9ho syst\u00e9mu.<\/p>\n<h2>B\u011b\u017en\u00e9 \u00fakoly \u00fadr\u017eby<\/h2>\n<h3>Pravideln\u00e9 kontroly<\/h3>\n<p>Pravideln\u00e9 kontroly jsou nezbytn\u00e9 pro identifikaci potenci\u00e1ln\u00edch probl\u00e9m\u016f d\u0159\u00edve, ne\u017e se stanou z\u00e1va\u017en\u00fdmi. Kontrolujte opot\u0159eben\u00ed t\u011bsn\u011bn\u00ed, zn\u00e1mky net\u011bsnost\u00ed a hladinu hydraulick\u00e9 kapaliny. Tento proaktivn\u00ed p\u0159\u00edstup pom\u00e1h\u00e1 udr\u017eovat integritu a v\u00fdkon syst\u00e9mu.<\/p>\n<h3>Spr\u00e1vn\u00e9 maz\u00e1n\u00ed<\/h3>\n<p>Maz\u00e1n\u00ed je nezbytn\u00e9 pro prevenci opot\u0159eben\u00ed pohybliv\u00fdch \u010d\u00e1st\u00ed. Zajist\u011bte, aby byl v\u00e1lec maz\u00e1n podle specifikac\u00ed v\u00fdrobce a aby byla hydraulick\u00e1 kapalina \u010dist\u00e1. T\u00edm se zv\u00fd\u0161\u00ed v\u00fdkon a prodlou\u017e\u00ed \u017eivotnost v\u00e1lce.<\/p>\n<h3>V\u00fdm\u011bna t\u011bsn\u011bn\u00ed a kontrola kalibrace<\/h3>\n<p>Postupem \u010dasu se t\u011bsn\u011bn\u00ed mohou opot\u0159ebovat, co\u017e vede k net\u011bsnostem a sn\u00ed\u017een\u00e9mu v\u00fdkonu. Pravideln\u011b kontrolujte t\u011bsn\u011bn\u00ed a v p\u0159\u00edpad\u011b pot\u0159eby je vym\u011b\u0148ujte. Kalibra\u010dn\u00ed kontroly nav\u00edc zaji\u0161\u0165uj\u00ed, aby v\u00e1lec fungoval v r\u00e1mci specifikovan\u00fdch parametr\u016f tlaku a zdvihu.<\/p>\n<h2>Bezpe\u010dnostn\u00ed aspekty a faktory prost\u0159ed\u00ed<\/h2>\n<p>P\u0159i pou\u017e\u00edv\u00e1n\u00ed CSYG2075B jsou bezpe\u010dnostn\u00ed opat\u0159en\u00ed prvo\u0159ad\u00e1. Obsluha mus\u00ed dodr\u017eovat bezpe\u010dnostn\u00ed protokoly, aby se p\u0159ede\u0161lo nehod\u00e1m a zran\u011bn\u00edm. To zahrnuje zaji\u0161t\u011bn\u00ed toho, aby se v\u00e1lec pou\u017e\u00edval v r\u00e1mci sv\u00e9 nosnosti a aby v\u0161echny bezpe\u010dnostn\u00ed prvky fungovaly spr\u00e1vn\u011b. V provozn\u00edm prost\u0159ed\u00ed je t\u0159eba zohlednit tak\u00e9 faktory prost\u0159ed\u00ed, proto\u017ee vystaven\u00ed extr\u00e9mn\u00edm podm\u00ednk\u00e1m m\u016f\u017ee ovlivnit v\u00fdkon v\u00e1lec.<\/p>\n<h2>Diagnostika z\u00e1vad a b\u011b\u017en\u00e9 probl\u00e9my<\/h2>\n<ul>\n<li><strong>Hydraulick\u00e9 net\u011bsnosti:<\/strong> Zkontrolujte t\u011bsn\u011bn\u00ed a spoje, zda nejsou opot\u0159ebovan\u00e9.<\/li>\n<li><strong>Sn\u00ed\u017een\u00fd v\u00fdkon:<\/strong> Zajist\u011bte spr\u00e1vn\u00e9 maz\u00e1n\u00ed a hladinu provozn\u00edch kapalin.<\/li>\n<li><strong>Nespr\u00e1vn\u00e9 zarovn\u00e1n\u00ed:<\/strong> Pravideln\u011b kontrolujte instalaci, abyste p\u0159ede\u0161li provozn\u00edm probl\u00e9m\u016fm.<\/li>\n<\/ul>\n<p>V\u010dasn\u00e1 identifikace t\u011bchto b\u011b\u017en\u00fdch probl\u00e9m\u016f m\u016f\u017ee zabr\u00e1nit dal\u0161\u00edm komplikac\u00edm a zajistit nep\u0159etr\u017eit\u00fd provoz stroj\u016f.<\/p>\n<h3>Tipy pro \u0159e\u0161en\u00ed probl\u00e9m\u016f<\/h3>\n<p>Pokud naraz\u00edte na probl\u00e9my s CSYG2075B, zva\u017ete n\u00e1sleduj\u00edc\u00ed tipy pro \u0159e\u0161en\u00ed probl\u00e9m\u016f:<\/p>\n<ul>\n<li>Zkontrolujte hladinu a kvalitu hydraulick\u00e9 kapaliny.<\/li>\n<li>Zkontrolujte t\u011bsn\u011bn\u00ed, zda nevykazuj\u00ed zn\u00e1mky opot\u0159eben\u00ed, a v p\u0159\u00edpad\u011b pot\u0159eby je vym\u011b\u0148te.<\/li>\n<li>Ujist\u011bte se, \u017ee v\u0161echna spojen\u00ed jsou t\u011bsn\u00e1 a bez \u00fanik\u016f.<\/li>\n<\/ul>\n<p>Dodr\u017een\u00ed t\u011bchto preventivn\u00edch opat\u0159en\u00ed m\u016f\u017ee minimalizovat potenci\u00e1ln\u00ed probl\u00e9my a zajistit efektivn\u00ed provoz.<\/p>\n<p><img decoding=\"async\" src=\"https:\/\/www.hydraulic-cylinders.net\/wp-content\/uploads\/2025\/05\/hydraulic-cylinder-all-2.webp\" alt=\"Hydraulick\u00fd v\u00e1lec\"><\/p>\n<h2>O na\u0161\u00ed spole\u010dnosti<\/h2>\n<p>Jsme p\u0159edn\u00edm v\u00fdrobcem hydraulick\u00fdch v\u00e1lc\u016f a nab\u00edz\u00edme \u0161irokou \u0161k\u00e1lu produkt\u016f, kter\u00e9 spl\u0148uj\u00ed pot\u0159eby dom\u00e1c\u00edho i mezin\u00e1rodn\u00edho trhu. Na\u0161e odborn\u00e9 znalosti v oblasti hydraulick\u00e9 technologie n\u00e1s \u0159ad\u00ed mezi p\u0159edn\u00edch velkoobchodn\u00edch distributor\u016f a v\u00fdrobce v oboru.<\/p>\n<p>N\u00e1\u0161 z\u00e1vazek k profesionalit\u011b je patrn\u00fd z mezin\u00e1rodn\u011b uzn\u00e1van\u00fdch certifikac\u00ed, kter\u00e9 zaru\u010duj\u00ed, \u017ee na\u0161e produkty spl\u0148uj\u00ed p\u0159\u00edsn\u00e9 standardy kvality. Nab\u00edz\u00edme tak\u00e9 zak\u00e1zkov\u00e9 slu\u017eby p\u0159izp\u016fsoben\u00e9 specifick\u00fdm po\u017eadavk\u016fm klient\u016f, podporovan\u00e9 nejmodern\u011bj\u0161\u00edm v\u00fdrobn\u00edm za\u0159\u00edzen\u00edm, kter\u00e9 roz\u0161i\u0159uje na\u0161e v\u00fdrobn\u00ed kapacity.<\/p>\n<p>N\u00e1\u0161 poprodejn\u00ed servis se zam\u011b\u0159uje na poskytov\u00e1n\u00ed pr\u016fb\u011b\u017en\u00e9 podpory a \u00fadr\u017eby, co\u017e zaji\u0161\u0165uje spokojenost z\u00e1kazn\u00edk\u016f a dlouhodob\u00e1 partnerstv\u00ed.<\/p>\n<p><img decoding=\"async\" src=\"https:\/\/www.hydraulic-cylinders.net\/wp-content\/uploads\/2025\/05\/xinxin-hydraulic-cylinder-factory-1.webp\" alt=\"Tov\u00e1rna na hydraulick\u00e9 v\u00e1lce\"><\/p>\n<p>Autor: lyl<\/p>","protected":false},"excerpt":{"rendered":"<p>CSYG2075B Micro Digging Bucket Arm Cylinder Product Overview The CSYG2075B Micro Digging Bucket Arm Cylinder is an essential hydraulic component designed for various digging applications. This hydraulic cylinder operates with precision and efficiency, allowing operators to maneuver digging buckets with ease. It is specifically engineered to facilitate digging operations in tight spaces, making it ideal [&hellip;]<\/p>","protected":false},"featured_media":20603,"comment_status":"open","ping_status":"closed","template":"","meta":{"_et_pb_use_builder":"","_et_pb_old_content":"","_et_gb_content_width":""},"product_brand":[],"product_cat":[1483,1557],"product_tag":[],"class_list":{"0":"post-20704","1":"product","2":"type-product","3":"status-publish","4":"has-post-thumbnail","6":"product_cat-construction-machinery-hydraulic-cylinders","7":"product_cat-micro-digging-side-hydraulic-cylinders","9":"first","10":"instock","11":"shipping-taxable","12":"product-type-simple"},"amp_enabled":true,"_links":{"self":[{"href":"https:\/\/www.hydraulic-cylinders.net\/cs\/wp-json\/wp\/v2\/product\/20704","targetHints":{"allow":["GET"]}}],"collection":[{"href":"https:\/\/www.hydraulic-cylinders.net\/cs\/wp-json\/wp\/v2\/product"}],"about":[{"href":"https:\/\/www.hydraulic-cylinders.net\/cs\/wp-json\/wp\/v2\/types\/product"}],"replies":[{"embeddable":true,"href":"https:\/\/www.hydraulic-cylinders.net\/cs\/wp-json\/wp\/v2\/comments?post=20704"}],"wp:featuredmedia":[{"embeddable":true,"href":"https:\/\/www.hydraulic-cylinders.net\/cs\/wp-json\/wp\/v2\/media\/20603"}],"wp:attachment":[{"href":"https:\/\/www.hydraulic-cylinders.net\/cs\/wp-json\/wp\/v2\/media?parent=20704"}],"wp:term":[{"taxonomy":"product_brand","embeddable":true,"href":"https:\/\/www.hydraulic-cylinders.net\/cs\/wp-json\/wp\/v2\/product_brand?post=20704"},{"taxonomy":"product_cat","embeddable":true,"href":"https:\/\/www.hydraulic-cylinders.net\/cs\/wp-json\/wp\/v2\/product_cat?post=20704"},{"taxonomy":"product_tag","embeddable":true,"href":"https:\/\/www.hydraulic-cylinders.net\/cs\/wp-json\/wp\/v2\/product_tag?post=20704"}],"curies":[{"name":"wp","href":"https:\/\/api.w.org\/{rel}","templated":true}]}}