{"id":20707,"date":"2025-05-27T06:21:51","date_gmt":"2025-05-27T06:21:51","guid":{"rendered":"https:\/\/www.hydraulic-cylinders.net\/product\/csyg2074-micro-digging-boom-cylinder\/"},"modified":"2025-05-27T06:21:53","modified_gmt":"2025-05-27T06:21:53","slug":"csyg2074-micro-digging-boom-cylinder","status":"publish","type":"product","link":"https:\/\/www.hydraulic-cylinders.net\/cs\/produkt\/csyg2074-micro-digging-boom-cylinder\/","title":{"rendered":"V\u00e1lec mikrokopac\u00edho v\u00fdlo\u017en\u00edku CSYG2074"},"content":{"rendered":"<h1>V\u00e1lec mikrokopac\u00edho v\u00fdlo\u017en\u00edku CSYG2074<\/h1>\n<h2>\u00davod k v\u00e1lci mikrokopac\u00edho v\u00fdlo\u017en\u00edku CSYG2074<\/h2>\n<p>Mikro hydraulick\u00fd v\u00e1lec v\u00fdlo\u017en\u00edku CSYG2074 je z\u00e1sadn\u00ed sou\u010d\u00e1st\u00ed hydraulick\u00fdch syst\u00e9m\u016f, zejm\u00e9na v aplikac\u00edch vy\u017eaduj\u00edc\u00edch p\u0159esn\u00e9 kop\u00e1n\u00ed a zved\u00e1n\u00ed. Tento hydraulick\u00fd v\u00e1lec je ur\u010den pro mikro rypadla a podobn\u00e9 stroje a umo\u017e\u0148uje plynul\u00fd a efektivn\u00ed provoz. Hydraulick\u00e9 v\u00e1lce p\u0159em\u011b\u0148uj\u00ed s\u00edlu kapaliny na line\u00e1rn\u00ed mechanick\u00fd pohyb, co\u017e umo\u017e\u0148uje obsluze prov\u00e1d\u011bt \u00fakoly, jako je kop\u00e1n\u00ed, zved\u00e1n\u00ed a p\u0159emis\u0165ov\u00e1n\u00ed t\u011b\u017ek\u00fdch b\u0159emen, s minim\u00e1ln\u00edm \u00fasil\u00edm. CSYG2074 se py\u0161n\u00ed p\u016fsobiv\u00fdmi specifikacemi, kter\u00e9 zvy\u0161uj\u00ed jeho v\u00fdkon, a proto je nezbytnou sou\u010d\u00e1st\u00ed modern\u00edch v\u00fdkopov\u00fdch za\u0159\u00edzen\u00ed.<\/p>\n<h2>Specifikace produktu<\/h2>\n<h3>Kl\u00ed\u010dov\u00e9 parametry<\/h3>\n<ul>\n<li>Pr\u016fm\u011br v\u00e1lce: 63 mm<\/li>\n<li>Pr\u016fm\u011br ty\u010de: 35 mm<\/li>\n<li>Zdvih: 280 mm<\/li>\n<li>Instala\u010dn\u00ed vzd\u00e1lenost: 595 mm<\/li>\n<\/ul>\n<h3>Roz\u0161\u00ed\u0159en\u00e9 specifikace<\/h3>\n<p>Pr\u016fm\u011br v\u00e1lce 63 mm poskytuje robustn\u00ed konstrukci vhodnou pro n\u00e1ro\u010dn\u00e9 \u00fakoly a zaji\u0161\u0165uje stabilitu pod tlakem. Pr\u016fm\u011br p\u00edstnice 35 mm zvy\u0161uje pevnost v\u00e1lce a umo\u017e\u0148uje mu odol\u00e1vat zna\u010dn\u00fdm sil\u00e1m b\u011bhem provozu. D\u00e9lka zdvihu 280 mm umo\u017e\u0148uje v\u0161estrann\u00fd pohyb, co\u017e je nezbytn\u00e9 pro r\u016fzn\u00e9 pot\u0159eby kop\u00e1n\u00ed. D\u00edky instala\u010dn\u00ed vzd\u00e1lenosti 595 mm je CSYG2074 navr\u017een pro snadnou integraci do st\u00e1vaj\u00edc\u00edch stroj\u016f, co\u017e z n\u011bj \u010din\u00ed praktickou volbu pro v\u00fdrobce i provozovatele.<\/p>\n<h2>Vlastnosti CSYG2074<\/h2>\n<ul>\n<li>Vysok\u00e1 odolnost a pevnost pro n\u00e1ro\u010dn\u00e9 prost\u0159ed\u00ed.<\/li>\n<li>Precizn\u00ed in\u017een\u00fdrstv\u00ed pro p\u0159esn\u00fd v\u00fdkon.<\/li>\n<li>Snadn\u00e1 instalace pro rychlou integraci.<\/li>\n<li>Kompatibiln\u00ed s r\u016fzn\u00fdmi hydraulick\u00fdmi syst\u00e9my.<\/li>\n<li>K dispozici jsou p\u0159izp\u016fsobiteln\u00e9 mo\u017enosti pro spln\u011bn\u00ed specifick\u00fdch pot\u0159eb.<\/li>\n<\/ul>\n<p>Tento produkt dok\u00e1\u017eeme vyrobit s vysokou p\u0159esnost\u00ed, co\u017e zaji\u0161\u0165uje, \u017ee na\u0161e v\u00e1lce mohou dokonale nahradit st\u00e1vaj\u00edc\u00ed hydraulick\u00e9 v\u00e1lce bez kompromis\u016f v oblasti v\u00fdkonu nebo bezpe\u010dnosti.<\/p>\n<h2>Aplikace CSYG2074<\/h2>\n<h3>1. Staveni\u0161t\u011b<\/h3>\n<p>Model CSYG2074 se \u0161iroce pou\u017e\u00edv\u00e1 na stavb\u00e1ch pro \u00fakoly, jako je hlouben\u00ed z\u00e1klad\u016f, zved\u00e1n\u00ed materi\u00e1l\u016f a prov\u00e1d\u011bn\u00ed zemn\u00edch prac\u00ed. Jeho schopnost poskytovat zna\u010dnou zvedac\u00ed s\u00edlu p\u0159i zachov\u00e1n\u00ed p\u0159esnosti z n\u011bj \u010din\u00ed p\u0159\u00ednos pro stavebn\u00ed \u010dety. A\u0165 u\u017e se jedn\u00e1 o v\u00fdkopov\u00e9 pr\u00e1ce pro nov\u00e9 stavby nebo pomoc s \u00fapravou krajiny, mikrov\u00e1lec v\u00fdlo\u017en\u00edku hraje kl\u00ed\u010dovou roli ve zvy\u0161ov\u00e1n\u00ed celkov\u00e9 produktivity.<\/p>\n<h3>2. Zem\u011bd\u011blstv\u00ed<\/h3>\n<p>Zem\u011bd\u011blsk\u00e9 stroje vyu\u017e\u00edvaj\u00ed CSYG2074 pro r\u016fzn\u00e9 \u00fakoly, v\u010detn\u011b orby, zpracov\u00e1n\u00ed p\u016fdy a set\u00ed. Efektivn\u00ed provoz v\u00e1lce umo\u017e\u0148uje zem\u011bd\u011blc\u016fm prov\u00e1d\u011bt tyto \u00fakoly efektivn\u011bji, co\u017e p\u0159isp\u00edv\u00e1 ke zv\u00fd\u0161en\u00ed v\u00fdnosu a efektivity. Integrac\u00ed t\u00e9to hydraulick\u00e9 komponenty do sv\u00e9ho vybaven\u00ed mohou zem\u011bd\u011blci optimalizovat sv\u016fj pracovn\u00ed postup, co\u017e usnad\u0148uje manipulaci s plodinami a hospoda\u0159en\u00ed s p\u016fdou.<\/p>\n<h3>3. Krajinn\u00e9 \u00fapravy<\/h3>\n<p>V krajin\u00e1\u0159sk\u00fdch projektech se CSYG2074 pou\u017e\u00edv\u00e1 k \u00fakol\u016fm, jako je kop\u00e1n\u00ed p\u0159\u00edkop\u016f, p\u0159emis\u0165ov\u00e1n\u00ed zeminy a tvarov\u00e1n\u00ed ter\u00e9nu. Jeho kompaktn\u00ed velikost mu umo\u017e\u0148uje pohyb v \u00fazk\u00fdch prostorech a z\u00e1rove\u0148 poskytuje vysok\u00fd v\u00fdkon. Zahradn\u00edci t\u011b\u017e\u00ed z p\u0159esnosti a spolehlivosti v\u00e1lce, co\u017e zaji\u0161\u0165uje efektivn\u00ed a vysoce kvalitn\u00ed dokon\u010den\u00ed projekt\u016f.<\/p>\n<h2>Konstruk\u010dn\u00ed aspekty a krit\u00e9ria v\u00fdb\u011bru<\/h2>\n<h3>Nosnost<\/h3>\n<p>Nosnost v\u00e1lce CSYG2074 je kritick\u00fdm konstruk\u010dn\u00edm hlediskem, proto\u017ee ur\u010duje maxim\u00e1ln\u00ed hmotnost, kterou v\u00e1lec zvl\u00e1dne b\u011bhem provozu. Zaji\u0161t\u011bn\u00ed toho, aby v\u00e1lec mohl bezpe\u010dn\u011b zvedat a pohybovat t\u011b\u017ek\u00fdmi b\u0159emeny bez poruchy, je nezbytn\u00e9 jak pro bezpe\u010dnost, tak pro \u00fa\u010dinnost. V\u00fdrobci obvykle prov\u00e1d\u011bj\u00ed rozs\u00e1hl\u00e9 testov\u00e1n\u00ed, aby ov\u011b\u0159ili tyto nosnosti, kter\u00e9 mus\u00ed b\u00fdt v souladu s po\u017eadavky zam\u00fd\u0161len\u00e9 aplikace.<\/p>\n<h3>T\u011bsnic\u00ed v\u00fdkon<\/h3>\n<p>T\u011bsn\u011bn\u00ed je dal\u0161\u00edm d\u016fle\u017eit\u00fdm aspektem konstrukce hydraulick\u00e9ho v\u00e1lce. T\u011bsn\u011bn\u00ed mus\u00ed zabr\u00e1nit \u00faniku hydraulick\u00e9 kapaliny, co\u017e by mohlo ohrozit v\u00fdkon a bezpe\u010dnost. CSYG2074 vyu\u017e\u00edv\u00e1 vysoce kvalitn\u00ed t\u011bsnic\u00ed materi\u00e1ly navr\u017een\u00e9 tak, aby odolaly extr\u00e9mn\u00edm podm\u00ednk\u00e1m a z\u00e1rove\u0148 zajistily optim\u00e1ln\u00ed v\u00fdkon. Dob\u0159e ut\u011bsn\u011bn\u00fd v\u00e1lec minimalizuje riziko kontaminace a sni\u017euje pot\u0159ebu \u00fadr\u017eby, \u010d\u00edm\u017e zvy\u0161uje celkovou spolehlivost.<\/p>\n<h3>Trvanlivost<\/h3>\n<p>Trvanlivost je kl\u00ed\u010dov\u00e1 pro jakoukoli hydraulickou sou\u010d\u00e1st, zejm\u00e9na v n\u00e1ro\u010dn\u00e9m prost\u0159ed\u00ed. Materi\u00e1ly pou\u017eit\u00e9 v modelu CSYG2074 jsou vybr\u00e1ny pro svou pevnost a odolnost proti opot\u0159eben\u00ed. Tato trvanlivost zaji\u0161\u0165uje del\u0161\u00ed \u017eivotnost a ni\u017e\u0161\u00ed n\u00e1klady na \u00fadr\u017ebu, co\u017e u\u017eivatel\u016fm v pr\u016fb\u011bhu \u010dasu poskytuje vynikaj\u00edc\u00ed hodnotu. Pravideln\u00e9 kontroly integrity materi\u00e1lu jsou nezbytn\u00e9 pro zaji\u0161t\u011bn\u00ed konzistentn\u00edho v\u00fdkonu.<\/p>\n<h3>Bezpe\u010dnostn\u00ed prvky<\/h3>\n<p>Bezpe\u010dnostn\u00ed prvky jsou p\u0159i konstrukci hydraulick\u00fdch v\u00e1lc\u016f prvo\u0159ad\u00e9. Model CSYG2074 obsahuje r\u016fzn\u00e1 bezpe\u010dnostn\u00ed opat\u0159en\u00ed, kter\u00e1 zabra\u0148uj\u00ed poruch\u00e1m, je\u017e by mohly v\u00e9st k nehod\u00e1m. Pat\u0159\u00ed mezi n\u011b p\u0159etlakov\u00e9 ventily a mo\u017enosti bezpe\u010dn\u00e9 mont\u00e1\u017ee pro zaji\u0161t\u011bn\u00ed stability b\u011bhem provozu. Up\u0159ednostn\u011bn\u00edm bezpe\u010dnosti mohou v\u00fdrobci chr\u00e1nit obsluhu i za\u0159\u00edzen\u00ed p\u0159ed potenci\u00e1ln\u00edmi nebezpe\u010d\u00edmi.<\/p>\n<h3>P\u0159\u00edstupnost \u00fadr\u017eby<\/h3>\n<p>Navr\u017een\u00ed pro snadnou \u00fadr\u017ebu je nezbytn\u00e9 pro zaji\u0161t\u011bn\u00ed dlouhodob\u00e9 funk\u010dnosti. CSYG2074 je navr\u017een s ohledem na \u00fadr\u017ebu a umo\u017e\u0148uje snadn\u00fd p\u0159\u00edstup k t\u011bsn\u011bn\u00edm a dal\u0161\u00edm sou\u010d\u00e1stem, kter\u00e9 mohou vy\u017eadovat pravidelnou pozornost. To usnad\u0148uje rychl\u00e9 kontroly a opravy, minimalizuje prostoje a zlep\u0161uje celkovou provozn\u00ed efektivitu.<\/p>\n<h2>T\u011bsn\u011bn\u00ed a maz\u00e1n\u00ed<\/h2>\n<p>Spr\u00e1vn\u00e9 t\u011bsn\u011bn\u00ed a maz\u00e1n\u00ed jsou kl\u00ed\u010dov\u00e9 pro efektivn\u00ed provoz v\u00e1lce CSYG2074. Tento v\u00e1lec vyu\u017e\u00edv\u00e1 r\u016fzn\u00e9 t\u011bsnic\u00ed komponenty, v\u010detn\u011b t\u011bsn\u011bn\u00ed p\u00edstu a t\u011bsn\u011bn\u00ed p\u00edstnice, k udr\u017een\u00ed integrity kapaliny. V\u00fdb\u011br odoln\u00fdch materi\u00e1l\u016f, jako je polyuretan a nitrilov\u00e1 pry\u017e, zvy\u0161uje odolnost proti opot\u0159eben\u00ed a prodlu\u017euje \u017eivotnost t\u011bsn\u011bn\u00ed. T\u011bleso v\u00e1lce a z\u00e1vitov\u00e9 konce jsou nav\u00edc jemn\u011b povrchov\u011b upraveny pro zv\u00fd\u0161en\u00ed trvanlivosti a odolnosti proti opot\u0159eben\u00ed.<\/p>\n<p>Pravideln\u00e9 maz\u00e1n\u00ed hydraulick\u00fdm olejem je nezbytn\u00e9 pro udr\u017een\u00ed optim\u00e1ln\u00edho v\u00fdkonu. Obsluha by m\u011bla zajistit, aby byl v\u00e1lec dostate\u010dn\u011b maz\u00e1n, aby se sn\u00ed\u017eilo t\u0159en\u00ed a opot\u0159eben\u00ed pohybliv\u00fdch \u010d\u00e1st\u00ed. Pro prodlou\u017een\u00ed \u017eivotnosti v\u00e1lce se doporu\u010duje pl\u00e1n \u00fadr\u017eby, kter\u00fd zahrnuje kontrolu a dopl\u0148ov\u00e1n\u00ed hydraulick\u00e9ho oleje.<\/p>\n<h2>Preventivn\u00ed \u00fadr\u017ebov\u00e1 opat\u0159en\u00ed<\/h2>\n<ul>\n<li>Pravideln\u00e9 kontroly, zda nedoch\u00e1z\u00ed k opot\u0159eben\u00ed nebo po\u0161kozen\u00ed.<\/li>\n<li>Konzistentn\u00ed maz\u00e1n\u00ed pro zaji\u0161t\u011bn\u00ed hladk\u00e9ho provozu.<\/li>\n<li>Pl\u00e1novan\u00e1 v\u00fdm\u011bna t\u011bsn\u011bn\u00ed, aby se zabr\u00e1nilo \u00fanik\u016fm.<\/li>\n<\/ul>\n<p>Zaveden\u00ed pl\u00e1nu preventivn\u00ed \u00fadr\u017eby pom\u00e1h\u00e1 identifikovat probl\u00e9my d\u0159\u00edve, ne\u017e se vyhrot\u00ed, a zaji\u0161\u0165uje tak, aby CSYG2074 z\u016fstal ve vynikaj\u00edc\u00edm provozn\u00edm stavu. Pravideln\u00e9 kontroly a v\u010dasn\u00e9 z\u00e1sahy mohou v\u00fdrazn\u011b sn\u00ed\u017eit n\u00e1klady na opravy a prodlou\u017eit \u017eivotnost hydraulick\u00e9ho v\u00e1lce.<\/p>\n<h2>Pokyny k instalaci<\/h2>\n<p>Spr\u00e1vn\u00e1 instalace za\u0159\u00edzen\u00ed CSYG2074 je z\u00e1sadn\u00ed pro optim\u00e1ln\u00ed v\u00fdkon. Za\u010dn\u011bte t\u00edm, \u017ee si prostudujete pokyny v\u00fdrobce pro konkr\u00e9tn\u00ed instala\u010dn\u00ed proces p\u0159izp\u016fsoben\u00fd va\u0161emu stroji. P\u0159ed zah\u00e1jen\u00edm instalace se ujist\u011bte, \u017ee v\u0161echny sou\u010d\u00e1sti jsou \u010dist\u00e9 a bez ne\u010distot. K zaji\u0161t\u011bn\u00ed v\u00e1lce na m\u00edst\u011b a zaji\u0161t\u011bn\u00ed stability b\u011bhem provozu pou\u017eijte vhodn\u00e9 mont\u00e1\u017en\u00ed konzoly. Spr\u00e1vn\u00e9 vyrovn\u00e1n\u00ed je nezbytn\u00e9; nespr\u00e1vn\u00e9 vyrovn\u00e1n\u00ed m\u016f\u017ee v\u00e9st k p\u0159ed\u010dasn\u00e9mu opot\u0159eben\u00ed nebo selh\u00e1n\u00ed. Pe\u010dliv\u011b upravte polohu v\u00e1lce, abyste zachovali jeho p\u0159\u00edmost a zabr\u00e1nili nadm\u011brn\u00e9mu nam\u00e1h\u00e1n\u00ed t\u011bsn\u011bn\u00ed a p\u00edstnic. Po instalaci prove\u010fte zku\u0161ebn\u00ed provoz p\u0159i n\u00edzk\u00e9m tlaku, abyste ov\u011b\u0159ili instalaci. P\u0159ed spu\u0161t\u011bn\u00edm na pln\u00fd provozn\u00ed tlak zkontrolujte t\u011bsnost a zajist\u011bte hladk\u00fd chod. Pravideln\u00e1 kontrola integrity instalace v r\u00e1mci \u00fadr\u017eby zaji\u0161\u0165uje, \u017ee v\u00e1lec z\u016fstane bezpe\u010dn\u011b namontov\u00e1n.<\/p>\n<h2>B\u011b\u017en\u00e9 \u00fakoly \u00fadr\u017eby<\/h2>\n<h3>Pravideln\u00e9 kontroly<\/h3>\n<p>\u010cast\u00e9 kontroly pom\u00e1haj\u00ed v\u010das odhalit potenci\u00e1ln\u00ed probl\u00e9my. Hledejte zn\u00e1mky net\u011bsnost\u00ed, koroze nebo jak\u00e9hokoli fyzick\u00e9ho po\u0161kozen\u00ed. V\u010dasn\u00e9 \u0159e\u0161en\u00ed t\u011bchto probl\u00e9m\u016f m\u016f\u017ee zabr\u00e1nit n\u00e1kladn\u00fdm oprav\u00e1m a provozn\u00edm prostoj\u016fm.<\/p>\n<h3>Spr\u00e1vn\u00e9 maz\u00e1n\u00ed<\/h3>\n<p>Maz\u00e1n\u00ed je z\u00e1sadn\u00ed pro hladk\u00fd chod v\u00e1lce CSYG2074. Zajist\u011bte udr\u017eov\u00e1n\u00ed hladiny hydraulick\u00e9ho oleje a nan\u00e1\u0161ejte mazivo na v\u0161echny pohybliv\u00e9 \u010d\u00e1sti podle doporu\u010den\u00ed v\u00fdrobce. Spr\u00e1vn\u00e9 maz\u00e1n\u00ed sni\u017euje t\u0159en\u00ed a opot\u0159eben\u00ed, a t\u00edm v kone\u010dn\u00e9m d\u016fsledku prodlu\u017euje \u017eivotnost v\u00e1lce.<\/p>\n<h3>V\u00fdm\u011bna t\u011bsn\u011bn\u00ed a kontroly kalibrace<\/h3>\n<p>Pravideln\u00e1 v\u00fdm\u011bna t\u011bsn\u011bn\u00ed je nezbytn\u00e1 pro prevenci net\u011bsnost\u00ed a udr\u017een\u00ed v\u00fdkonu. B\u011bhem kontrol \u00fadr\u017eby vyhodno\u0165te stav t\u011bsn\u011bn\u00ed a v p\u0159\u00edpad\u011b pot\u0159eby je vym\u011b\u0148te. Pravideln\u011b by se m\u011bly prov\u00e1d\u011bt i kalibra\u010dn\u00ed kontroly, aby se zajistilo, \u017ee v\u00e1lec pracuje v r\u00e1mci stanoven\u00fdch parametr\u016f, co\u017e zvy\u0161uje p\u0159esnost a \u00fa\u010dinnost.<\/p>\n<h2>Bezpe\u010dnostn\u00ed aspekty a faktory prost\u0159ed\u00ed<\/h2>\n<p>P\u0159i pou\u017e\u00edv\u00e1n\u00ed mikrohydraulick\u00e9ho v\u00e1lce v\u00fdlo\u017en\u00edku CSYG2074 jsou bezpe\u010dnostn\u00ed opat\u0159en\u00ed z\u00e1sadn\u00ed. Obsluha by m\u011bla v\u017edy nosit vhodn\u00e9 osobn\u00ed ochrann\u00e9 prost\u0159edky (OOP) a dodr\u017eovat bezpe\u010dnostn\u00ed protokoly ke zm\u00edrn\u011bn\u00ed rizik. Zaji\u0161t\u011bn\u00ed net\u011bsnost\u00ed hydraulick\u00e9ho syst\u00e9mu nejen zvy\u0161uje bezpe\u010dnost, ale tak\u00e9 minimalizuje dopad na \u017eivotn\u00ed prost\u0159ed\u00ed. Spr\u00e1vn\u00e1 likvidace hydraulick\u00fdch kapalin a v\u0161ech vym\u011bn\u011bn\u00fdch sou\u010d\u00e1st\u00ed je nezbytn\u00e1 pro ochranu \u017eivotn\u00edho prost\u0159ed\u00ed, co\u017e zd\u016fraz\u0148uje d\u016fle\u017eitost zodpov\u011bdn\u00fdch postup\u016f v hydraulick\u00e9m provozu.<\/p>\n<h2>Diagnostika z\u00e1vad a b\u011b\u017en\u00e9 probl\u00e9my<\/h2>\n<ul>\n<li>\u00daniky hydraulick\u00e9 kapaliny: Zkontrolujte t\u011bsn\u011bn\u00ed a spoje, zda nejsou opot\u0159ebovan\u00e9.<\/li>\n<li>\u0160patn\u00fd v\u00fdkon: Zkontrolujte, zda nedo\u0161lo k ucp\u00e1n\u00ed nebo zda nen\u00ed n\u00edzk\u00e1 hladina provozn\u00edch kapalin.<\/li>\n<li>Neobvykl\u00e9 zvuky: Prov\u011b\u0159te, zda nejsou uvoln\u011bn\u00e9 sou\u010d\u00e1sti nebo zda nedo\u0161lo k vnit\u0159n\u00edmu po\u0161kozen\u00ed.<\/li>\n<\/ul>\n<p>Diagnostika z\u00e1vad v CSYG2074 zahrnuje systematick\u00fd p\u0159\u00edstup. V p\u0159\u00edpad\u011b \u00fanik\u016f hydraulick\u00e9 kapaliny zkontrolujte t\u011bsn\u011bn\u00ed a armatury, zda nevykazuj\u00ed zn\u00e1mky opot\u0159eben\u00ed. Pokud se objev\u00ed probl\u00e9my s v\u00fdkonem, ujist\u011bte se, \u017ee hladina hydraulick\u00e9 kapaliny je dostate\u010dn\u00e1 a neobsahuje ne\u010distoty. Neobvykl\u00e9 zvuky b\u011bhem provozu mohou nazna\u010dovat uvoln\u011bn\u00e9 sou\u010d\u00e1sti nebo vnit\u0159n\u00ed po\u0161kozen\u00ed, co\u017e vy\u017eaduje okam\u017eitou kontrolu, aby se p\u0159ede\u0161lo dal\u0161\u00edm komplikac\u00edm.<\/p>\n<h2>Tipy pro \u0159e\u0161en\u00ed probl\u00e9m\u016f<\/h2>\n<p>Pokud se zjist\u00ed probl\u00e9my, je nezbytn\u00e9 je urychlen\u011b \u0159e\u0161it. V p\u0159\u00edpad\u011b net\u011bsnost\u00ed vym\u011b\u0148te opot\u0159ebovan\u00e1 t\u011bsn\u011bn\u00ed a zajist\u011bte, aby v\u0161echny armatury byly bezpe\u010dn\u00e9. V p\u0159\u00edpad\u011b \u0161patn\u00e9ho v\u00fdkonu ov\u011b\u0159te, zda je hydraulick\u00e1 kapalina napln\u011bna na spr\u00e1vnou hladinu a zda v syst\u00e9mu nejsou \u017e\u00e1dn\u00e9 ucp\u00e1n\u00ed. Pravideln\u00e1 \u00fadr\u017eba je nejlep\u0161\u00edm preventivn\u00edm opat\u0159en\u00edm proti t\u011bmto b\u011b\u017en\u00fdm probl\u00e9m\u016fm a zaji\u0161\u0165uje, \u017ee CSYG2074 z\u016fstane funk\u010dn\u00ed a efektivn\u00ed.<\/p>\n<p><img decoding=\"async\" src=\"https:\/\/www.hydraulic-cylinders.net\/wp-content\/uploads\/2025\/05\/hydraulic-cylinder-all-2.webp\" alt=\"Obr\u00e1zek hydraulick\u00e9ho v\u00e1lce\"><\/p>\n<h2>O na\u0161\u00ed spole\u010dnosti<\/h2>\n<p>Jsme p\u0159edn\u00edm v\u00fdrobcem hydraulick\u00fdch v\u00e1lc\u016f, uzn\u00e1van\u00fdm v tuzemsku i v zahrani\u010d\u00ed pro na\u0161i komplexn\u00ed \u0159adu produkt\u016f. Na\u0161e odborn\u00e9 znalosti v oblasti hydraulick\u00fdch technologi\u00ed n\u00e1s etablovaly jako p\u0159edn\u00edho hr\u00e1\u010de na trhu. Jsme hrd\u00ed na na\u0161e profesion\u00e1ln\u00ed v\u00fdrobn\u00ed postupy a udr\u017eujeme si mezin\u00e1rodn\u00ed certifikace, kter\u00e9 zaji\u0161\u0165uj\u00ed kvalitu a spolehlivost ka\u017ed\u00e9ho produktu, kter\u00fd dod\u00e1v\u00e1me.<\/p>\n<p>Na\u0161e nejmodern\u011bj\u0161\u00ed v\u00fdrobn\u00ed za\u0159\u00edzen\u00ed n\u00e1m umo\u017e\u0148uje nab\u00edzet \u0159e\u0161en\u00ed na m\u00edru p\u0159izp\u016fsoben\u00e1 specifick\u00fdm pot\u0159eb\u00e1m na\u0161ich klient\u016f. Klademe d\u016fraz tak\u00e9 na v\u00fdjime\u010dn\u00fd poprodejn\u00ed servis, abychom na\u0161im z\u00e1kazn\u00edk\u016fm zajistili pot\u0159ebnou podporu po celou dobu \u017eivotn\u00edho cyklu na\u0161ich produkt\u016f.<\/p>\n<p><img decoding=\"async\" src=\"https:\/\/www.hydraulic-cylinders.net\/wp-content\/uploads\/2025\/05\/xinxin-hydraulic-cylinder-factory-1.webp\" alt=\"Tov\u00e1rna na hydraulick\u00e9 v\u00e1lce\"><\/p>\n<p>Autor: lyl<\/p>","protected":false},"excerpt":{"rendered":"<p>CSYG2074 Micro Digging Boom Cylinder Introduction to the CSYG2074 Micro Digging Boom Cylinder The CSYG2074 Micro Digging Boom Cylinder is a vital component in hydraulic systems, particularly in applications requiring precise digging and lifting capabilities. This hydraulic cylinder is designed for micro excavators and similar machinery, facilitating smooth and efficient operation. Hydraulic cylinders convert fluid [&hellip;]<\/p>","protected":false},"featured_media":20602,"comment_status":"open","ping_status":"closed","template":"","meta":{"_et_pb_use_builder":"","_et_pb_old_content":"","_et_gb_content_width":""},"product_brand":[],"product_cat":[1483,1557],"product_tag":[],"class_list":{"0":"post-20707","1":"product","2":"type-product","3":"status-publish","4":"has-post-thumbnail","6":"product_cat-construction-machinery-hydraulic-cylinders","7":"product_cat-micro-digging-side-hydraulic-cylinders","9":"first","10":"instock","11":"shipping-taxable","12":"product-type-simple"},"amp_enabled":true,"_links":{"self":[{"href":"https:\/\/www.hydraulic-cylinders.net\/cs\/wp-json\/wp\/v2\/product\/20707","targetHints":{"allow":["GET"]}}],"collection":[{"href":"https:\/\/www.hydraulic-cylinders.net\/cs\/wp-json\/wp\/v2\/product"}],"about":[{"href":"https:\/\/www.hydraulic-cylinders.net\/cs\/wp-json\/wp\/v2\/types\/product"}],"replies":[{"embeddable":true,"href":"https:\/\/www.hydraulic-cylinders.net\/cs\/wp-json\/wp\/v2\/comments?post=20707"}],"wp:featuredmedia":[{"embeddable":true,"href":"https:\/\/www.hydraulic-cylinders.net\/cs\/wp-json\/wp\/v2\/media\/20602"}],"wp:attachment":[{"href":"https:\/\/www.hydraulic-cylinders.net\/cs\/wp-json\/wp\/v2\/media?parent=20707"}],"wp:term":[{"taxonomy":"product_brand","embeddable":true,"href":"https:\/\/www.hydraulic-cylinders.net\/cs\/wp-json\/wp\/v2\/product_brand?post=20707"},{"taxonomy":"product_cat","embeddable":true,"href":"https:\/\/www.hydraulic-cylinders.net\/cs\/wp-json\/wp\/v2\/product_cat?post=20707"},{"taxonomy":"product_tag","embeddable":true,"href":"https:\/\/www.hydraulic-cylinders.net\/cs\/wp-json\/wp\/v2\/product_tag?post=20707"}],"curies":[{"name":"wp","href":"https:\/\/api.w.org\/{rel}","templated":true}]}}