{"id":20712,"date":"2025-05-27T06:22:02","date_gmt":"2025-05-27T06:22:02","guid":{"rendered":"https:\/\/www.hydraulic-cylinders.net\/product\/sanitation-vehicle-front-sweep-disc-hydraulic-cylinder\/"},"modified":"2025-05-27T06:22:05","modified_gmt":"2025-05-27T06:22:05","slug":"sanitation-vehicle-front-sweep-disc-hydraulic-cylinder","status":"publish","type":"product","link":"https:\/\/www.hydraulic-cylinders.net\/cs\/produkt\/sanitation-vehicle-front-sweep-disc-hydraulic-cylinder\/","title":{"rendered":"Hydraulick\u00fd v\u00e1lec pro p\u0159edn\u00ed zametac\u00ed kotou\u010d sanit\u00e1rn\u00edho vozidla"},"content":{"rendered":"<h1>Hydraulick\u00fd v\u00e1lec pro p\u0159edn\u00ed zametac\u00ed kotou\u010d sanit\u00e1rn\u00edho vozidla<\/h1>\n<h2>\u00davod do hydraulick\u00e9ho v\u00e1lce<\/h2>\n<p>Hydraulick\u00fd v\u00e1lec s p\u0159edn\u00edm zametac\u00edm kotou\u010dem pro sanit\u00e1rn\u00ed vozidla je nezbytnou sou\u010d\u00e1st\u00ed navr\u017eenou speci\u00e1ln\u011b pro sanit\u00e1rn\u00ed vozidla, kter\u00e1 usnad\u0148uje efektivn\u00ed provoz syst\u00e9m\u016f p\u0159edn\u00edho zamet\u00e1n\u00ed. Tento hydraulick\u00fd v\u00e1lec hraje kl\u00ed\u010dovou roli v \u0159\u00edzen\u00ed zametac\u00edho mechanismu a umo\u017e\u0148uje plynul\u00e9 a p\u0159esn\u00e9 pohyby pot\u0159ebn\u00e9 pro optim\u00e1ln\u00ed \u010di\u0161t\u011bn\u00ed ulic. D\u00edky sv\u00e9 robustn\u00ed konstrukci a efektivn\u00edmu v\u00fdkonu zaji\u0161\u0165uje tento hydraulick\u00fd v\u00e1lec efektivn\u00ed provoz sanit\u00e1rn\u00edch vozidel a udr\u017euje m\u011bstsk\u00e9 prost\u0159ed\u00ed \u010dist\u00e9 a bezpe\u010dn\u00e9. Hydraulick\u00fd syst\u00e9m p\u0159em\u011b\u0148uje hydraulickou energii na mechanickou energii a poskytuje pot\u0159ebnou s\u00edlu pro zved\u00e1n\u00ed, spou\u0161t\u011bn\u00ed a man\u00e9vrov\u00e1n\u00ed zametac\u00edho kotou\u010de, co\u017e z n\u011bj \u010din\u00ed kl\u00ed\u010dovou sou\u010d\u00e1st sanita\u010dn\u00edho procesu.<\/p>\n<h2>P\u0159ehled specifikac\u00ed<\/h2>\n<p>Pochopen\u00ed specifikac\u00ed hydraulick\u00e9ho v\u00e1lce pro p\u0159edn\u00ed zametac\u00ed kotou\u010d pro sanit\u00e1rn\u00ed vozidla je kl\u00ed\u010dem k pochopen\u00ed jeho funk\u010dnosti. N\u00ed\u017ee jsou uvedeny podrobn\u00e9 specifikace:<\/p>\n<ul>\n<li><strong>Pr\u016fm\u011br v\u00e1lce:<\/strong> 40mm<\/li>\n<li><strong>Pr\u016fm\u011br ty\u010de:<\/strong> 22mm<\/li>\n<li><strong>Cestovat:<\/strong> 60mm<\/li>\n<li><strong>Instala\u010dn\u00ed vzd\u00e1lenost:<\/strong> 260 mm<\/li>\n<\/ul>\n<h3>Roz\u0161\u00ed\u0159en\u00e9 specifikace<\/h3>\n<p>Pr\u016fm\u011br v\u00e1lce 40 mm nab\u00edz\u00ed rovnov\u00e1hu mezi pevnost\u00ed a velikost\u00ed, co\u017e umo\u017e\u0148uje aplikaci zna\u010dn\u00e9 s\u00edly bez nadm\u011brn\u00e9ho objemu. Pr\u016fm\u011br p\u00edstnice 22 mm zaji\u0161\u0165uje odolnost a odolnost proti ohybu p\u0159i zat\u00ed\u017een\u00ed. D\u00edky zdvihu 60 mm umo\u017e\u0148uje v\u00e1lec dostate\u010dn\u00fd pohyb pro spln\u011bn\u00ed r\u016fzn\u00fdch provozn\u00edch po\u017eadavk\u016f. Instala\u010dn\u00ed vzd\u00e1lenost 260 mm poskytuje flexibilitu p\u0159i instalaci a umo\u017e\u0148uje kompatibilitu s r\u016fzn\u00fdmi modely vozidel.<\/p>\n<h2>Vlastnosti hydraulick\u00e9ho v\u00e1lce<\/h2>\n<p>Hydraulick\u00fd v\u00e1lec pro p\u0159edn\u00ed zametac\u00ed kotou\u010d pro sanit\u00e1rn\u00ed vozidla se m\u016f\u017ee pochlubit n\u011bkolika vynikaj\u00edc\u00edmi vlastnostmi:<\/p>\n<ul>\n<li>Vysok\u00e1 odolnost d\u00edky kvalitn\u00edm materi\u00e1l\u016fm pou\u017eit\u00fdm p\u0159i stavb\u011b.<\/li>\n<li>Efektivn\u00ed v\u00fdkon s minim\u00e1ln\u00ed spot\u0159ebou energie.<\/li>\n<li>P\u0159izp\u016fsobiteln\u00fd design pro r\u016fzn\u00e9 modely sanit\u00e1rn\u00edch vozidel.<\/li>\n<li>Snadn\u00e9 postupy instalace a \u00fadr\u017eby.<\/li>\n<li>Robustn\u00ed technologie t\u011bsn\u011bn\u00ed, kter\u00e1 zabra\u0148uje \u00faniku a zaji\u0161\u0165uje dlouhou \u017eivotnost.<\/li>\n<\/ul>\n<h2>Sc\u00e9n\u00e1\u0159e aplikac\u00ed<\/h2>\n<p>Pou\u017eit\u00ed hydraulick\u00e9ho v\u00e1lce s kotou\u010dov\u00fdm pohonem pro p\u0159edn\u00ed zametac\u00ed kotou\u010d pro sanit\u00e1rn\u00ed vozidla je rozmanit\u00e9:<\/p>\n<ul>\n<li><strong>\u010ci\u0161t\u011bn\u00ed m\u011bstsk\u00fdch ulic:<\/strong> Tento hydraulick\u00fd v\u00e1lec je ned\u00edlnou sou\u010d\u00e1st\u00ed \u010di\u0161t\u011bn\u00ed ulic a umo\u017e\u0148uje efektivn\u00ed fungov\u00e1n\u00ed zametac\u00edho mechanismu. V m\u011bstsk\u00e9m prost\u0159ed\u00ed je udr\u017eov\u00e1n\u00ed \u010distoty z\u00e1sadn\u00ed pro ve\u0159ejn\u00e9 zdrav\u00ed. Hydraulick\u00fd v\u00e1lec poskytuje pot\u0159ebn\u00fd v\u00fdkon k zaji\u0161t\u011bn\u00ed d\u016fkladn\u00e9ho \u010di\u0161t\u011bn\u00ed a efektivn\u00edho odstra\u0148ov\u00e1n\u00ed ne\u010distot a zne\u010di\u0161\u0165uj\u00edc\u00edch l\u00e1tek z vozovek.<\/li>\n<li><strong>\u00dadr\u017eba parkovi\u0161t\u011b:<\/strong> V parkovi\u0161t\u00edch umo\u017e\u0148uje v\u00e1lec \u010di\u0161t\u011bn\u00ed velk\u00fdch ploch a zaji\u0161\u0165uje efektivn\u00ed odstra\u0148ov\u00e1n\u00ed odpadk\u016f a list\u00ed. Pravideln\u00e1 \u00fadr\u017eba parkovi\u0161\u0165 zvy\u0161uje celkovou estetiku a bezpe\u010dnost, co\u017e z hydraulick\u00e9ho v\u00e1lce \u010din\u00ed nepostradateln\u00fd n\u00e1stroj pro spr\u00e1vu za\u0159\u00edzen\u00ed.<\/li>\n<li><strong>\u00daklid ud\u00e1losti:<\/strong> Pro akce, kde se shroma\u017e\u010fuje velk\u00e9 mno\u017estv\u00ed lid\u00ed, mohou sanita\u010dn\u00ed vozidla vybaven\u00e1 t\u011bmito v\u00e1lci rychle uklidit po akc\u00edch a zajistit, aby m\u00edsta kon\u00e1n\u00ed z\u016fstala bezvadn\u011b \u010dist\u00e1. Rychl\u00e1 reakce a efektivn\u00ed \u00faklid jsou kl\u00ed\u010dov\u00e9 pro dodr\u017eov\u00e1n\u00ed standard\u016f a bezpe\u010dnosti komunity.<\/li>\n<li><strong>\u00daklid staveni\u0161t\u011b:<\/strong> Hydraulick\u00fd v\u00e1lec usnad\u0148uje odstra\u0148ov\u00e1n\u00ed suti ze staveni\u0161\u0165 a pom\u00e1h\u00e1 udr\u017eovat staveni\u0161t\u011b v bezpe\u010d\u00ed a po\u0159\u00e1dku. Tato aplikace je nezbytn\u00e1 pro zaji\u0161t\u011bn\u00ed bezprobl\u00e9mov\u00e9ho pr\u016fb\u011bhu stavebn\u00edch prac\u00ed.<\/li>\n<li><strong>Provoz na odkl\u00edzen\u00ed sn\u011bhu:<\/strong> P\u0159i zimn\u00ed \u00fadr\u017eb\u011b lze v\u00e1lec upravit tak\u00e9 pro odkl\u00edzen\u00ed sn\u011bhu, \u010d\u00edm\u017e se zajist\u00ed, \u017ee silnice z\u016fstanou voln\u00e9 a bezpe\u010dn\u00e9 pro j\u00edzdu. Tato v\u0161estrannost je kl\u00ed\u010dov\u00e1 v oblastech s hust\u00fdm sn\u011b\u017een\u00edm.<\/li>\n<\/ul>\n<h2>Konstruk\u010dn\u00ed aspekty a krit\u00e9ria v\u00fdb\u011bru<\/h2>\n<p>P\u0159i v\u00fdb\u011bru hydraulick\u00e9ho v\u00e1lce je t\u0159eba zv\u00e1\u017eit n\u011bkolik konstruk\u010dn\u00edch aspekt\u016f:<\/p>\n<ul>\n<li><strong>Nosnost:<\/strong> Nosnost hydraulick\u00e9ho v\u00e1lce mus\u00ed odpov\u00eddat provozn\u00edm po\u017eadavk\u016fm vozidla, kter\u00e9mu slou\u017e\u00ed. Pro zaji\u0161t\u011bn\u00ed bezpe\u010dn\u00e9ho a efektivn\u00edho provozu je nezbytn\u00e9 posoudit hmotnost a typ manipulovan\u00fdch materi\u00e1l\u016f. V\u00e1lec, kter\u00fd zvl\u00e1dne v\u011bt\u0161\u00ed zat\u00ed\u017een\u00ed, prodlou\u017e\u00ed jeho \u017eivotnost a sn\u00ed\u017e\u00ed riziko poruchy, tak\u017ee je nezbytn\u00fd pro n\u00e1ro\u010dn\u00e1 prost\u0159ed\u00ed.<\/li>\n<li><strong>T\u011bsnic\u00ed v\u00fdkon:<\/strong> \u00da\u010dinn\u00e9 t\u011bsn\u011bn\u00ed je z\u00e1sadn\u00ed pro prevenci \u00faniku hydraulick\u00e9 kapaliny, kter\u00fd m\u016f\u017ee sn\u00ed\u017eit \u00fa\u010dinnost a po\u0161kodit sou\u010d\u00e1sti. Mus\u00ed b\u00fdt zvolena vysoce kvalitn\u00ed t\u011bsn\u011bn\u00ed vyroben\u00e1 z odoln\u00fdch materi\u00e1l\u016f, aby odolala n\u00e1ro\u010dn\u00fdm podm\u00ednk\u00e1m a dlouhodob\u011b si zachovala v\u00fdkon. Konstrukce mus\u00ed zajistit snadnou v\u00fdm\u011bnu t\u011bsn\u011bn\u00ed pro usnadn\u011bn\u00ed \u00fadr\u017eby.<\/li>\n<li><strong>Trvanlivost:<\/strong> Materi\u00e1ly pou\u017eit\u00e9 p\u0159i v\u00fdrob\u011b hydraulick\u00e9ho v\u00e1lce by m\u011bly b\u00fdt odoln\u00e9 proti opot\u0159eben\u00ed a korozi. Tato odolnost je z\u00e1sadn\u00ed pro provoz v r\u016fzn\u00fdch prost\u0159ed\u00edch, od m\u011bstsk\u00fdch ulic a\u017e po staveni\u0161t\u011b. D\u016fraz na pou\u017eit\u00ed vysoce pevn\u00fdch materi\u00e1l\u016f povede k del\u0161\u00ed \u017eivotnosti a sn\u00ed\u017e\u00ed pot\u0159ebu \u010dast\u00fdch v\u00fdm\u011bn.<\/li>\n<li><strong>Bezpe\u010dnostn\u00ed prvky:<\/strong> Bezpe\u010dnost je u hydraulick\u00fdch syst\u00e9m\u016f prvo\u0159ad\u00e1. Konstrukce by m\u011bla zahrnovat prvky, kter\u00e9 zabra\u0148uj\u00ed n\u00e1hodn\u00e9mu ovl\u00e1d\u00e1n\u00ed a umo\u017e\u0148uj\u00ed kontrolovan\u00e9 vypnut\u00ed v p\u0159\u00edpad\u011b nouze. To m\u016f\u017ee zahrnovat p\u0159etlakov\u00e9 ventily a robustn\u00ed mont\u00e1\u017en\u00ed syst\u00e9my, kter\u00e9 b\u011bhem provozu zaji\u0161\u0165uj\u00ed v\u00e1lec na m\u00edst\u011b.<\/li>\n<li><strong>P\u0159\u00edstupnost \u00fadr\u017eby:<\/strong> Dob\u0159e navr\u017een\u00fd hydraulick\u00fd v\u00e1lec by m\u011bl umo\u017e\u0148ovat snadnou \u00fadr\u017ebu a opravy. To zahrnuje p\u0159\u00edstup k t\u011bsn\u011bn\u00edm a mazac\u00edm bod\u016fm, kter\u00e9 nejen zlep\u0161uj\u00ed v\u00fdkon, ale tak\u00e9 zvy\u0161uj\u00ed bezpe\u010dnost a spolehlivost hydraulick\u00e9ho syst\u00e9mu.<\/li>\n<\/ul>\n<h2>T\u011bsn\u011bn\u00ed a maz\u00e1n\u00ed<\/h2>\n<p>T\u011bsn\u011bn\u00ed a maz\u00e1n\u00ed hraj\u00ed kl\u00ed\u010dovou roli ve v\u00fdkonu a \u017eivotnosti hydraulick\u00fdch v\u00e1lc\u016f:<\/p>\n<ul>\n<li>Pou\u017eit\u00ed r\u016fzn\u00fdch t\u011bsnic\u00edch komponent\u016f, jako jsou t\u011bsn\u011bn\u00ed p\u00edst\u016f a p\u00edstnic, je nezbytn\u00e9 pro udr\u017een\u00ed hydraulick\u00e9ho tlaku a zabr\u00e1n\u011bn\u00ed \u00faniku kapaliny. V\u00fdb\u011br t\u011bsn\u011bn\u00ed vyroben\u00fdch z materi\u00e1l\u016f, jako je polyuretan a nitrilov\u00e1 pry\u017e, zaji\u0161\u0165uje odolnost proti opot\u0159eben\u00ed a degradaci vlivy prost\u0159ed\u00ed.<\/li>\n<li>Povrchov\u00e1 \u00faprava t\u011blesa v\u00e1lce a z\u00e1vitov\u00fdch konc\u016f v\u00fdznamn\u011b ovliv\u0148uje interakci mezi t\u011bsn\u011bn\u00edmi a povrchy. P\u0159esn\u00e9 obr\u00e1b\u011bn\u00ed a le\u0161t\u011bn\u00ed sni\u017euj\u00ed t\u0159en\u00ed, \u010d\u00edm\u017e zvy\u0161uj\u00ed \u00fa\u010dinnost t\u011bsn\u011bn\u00ed a prodlu\u017euj\u00ed \u017eivotnost v\u00e1lce.<\/li>\n<li>Pravideln\u00e9 maz\u00e1n\u00ed vhodn\u00fdm hydraulick\u00fdm olejem je nezbytn\u00e9 pro zaji\u0161t\u011bn\u00ed plynul\u00e9ho provozu a prevenci opot\u0159eben\u00ed. Obsluha by si m\u011bla zav\u00e9st rutinu pro kontrolu a dopl\u0148ov\u00e1n\u00ed hladiny hydraulick\u00e9ho oleje, aby zajistila optim\u00e1ln\u00ed funkci v\u00e1lce.<\/li>\n<\/ul>\n<h2>Pravideln\u00e1 kontrola a preventivn\u00ed \u00fadr\u017eba<\/h2>\n<p>Pro zachov\u00e1n\u00ed funk\u010dnosti hydraulick\u00e9ho v\u00e1lce jsou nezbytn\u00e9 pravideln\u00e9 kontroly a preventivn\u00ed \u00fadr\u017eba:<\/p>\n<ul>\n<li>Prov\u00e1d\u011bjte pravideln\u00e9 vizu\u00e1ln\u00ed kontroly v\u00e1lce, zda nevykazuje zn\u00e1mky opot\u0159eben\u00ed nebo po\u0161kozen\u00ed. Jak\u00e9koli net\u011bsnosti nebo neobvykl\u00e9 zvuky by m\u011bly b\u00fdt okam\u017eit\u011b \u0159e\u0161eny, aby se zabr\u00e1nilo dal\u0161\u00edmu po\u0161kozen\u00ed. Pravideln\u00e9 kontroly mohou pomoci identifikovat probl\u00e9my d\u0159\u00edve, ne\u017e se stanou z\u00e1va\u017en\u00fdmi, a zajistit tak provozn\u00ed integritu.<\/li>\n<li>Zajist\u011bte, aby bylo maz\u00e1n\u00ed aplikov\u00e1no podle specifikac\u00ed v\u00fdrobce. Nadm\u011brn\u00e9 nebo nedostate\u010dn\u00e9 maz\u00e1n\u00ed m\u016f\u017ee v\u00e9st k probl\u00e9m\u016fm s v\u00fdkonem v\u00e1lce. Stanoven\u00ed jasn\u00e9ho pl\u00e1nu maz\u00e1n\u00ed pom\u016f\u017ee udr\u017eet \u00fa\u010dinnost a \u017eivotnost v\u00e1lce.<\/li>\n<li>Pravideln\u011b kontrolujte t\u011bsn\u011bn\u00ed, zda nejsou opot\u0159ebovan\u00e1 nebo po\u0161kozen\u00e1. V\u00fdm\u011bna t\u011bsn\u011bn\u00ed v pravideln\u00fdch intervalech zabra\u0148uje net\u011bsnostem a udr\u017euje hydraulick\u00fd tlak, co\u017e je z\u00e1sadn\u00ed pro optim\u00e1ln\u00ed v\u00fdkon. Vypracov\u00e1n\u00ed pl\u00e1nu v\u00fdm\u011bny t\u011bsn\u011bn\u00ed na z\u00e1klad\u011b pou\u017e\u00edv\u00e1n\u00ed m\u016f\u017ee zm\u00edrnit potenci\u00e1ln\u00ed poruchy.<\/li>\n<\/ul>\n<h2>Pokyny k instalaci<\/h2>\n<p>Spr\u00e1vn\u00e1 instalace hydraulick\u00e9ho v\u00e1lce je z\u00e1sadn\u00ed pro optim\u00e1ln\u00ed v\u00fdkon:<\/p>\n<ul>\n<li>Begin by ensuring that all components are clean and free from debris. Contaminants can cause damage during installation and affect the cylinder&#8217;s performance.<\/li>\n<li>Pro zaji\u0161t\u011bn\u00ed hladk\u00e9ho provozu spr\u00e1vn\u011b vyrovnejte v\u00e1lec s mont\u00e1\u017en\u00edmi konzolami. Nespr\u00e1vn\u00e9 vyrovn\u00e1n\u00ed m\u016f\u017ee v\u00e9st k p\u0159ed\u010dasn\u00e9mu opot\u0159eben\u00ed a poru\u0161e. V p\u0159\u00edpad\u011b pot\u0159eby pou\u017eijte vyrovn\u00e1vac\u00ed n\u00e1stroje k dosa\u017een\u00ed p\u0159esn\u00e9ho um\u00edst\u011bn\u00ed.<\/li>\n<li>Secure the hydraulic cylinder using appropriate mounting brackets. It is recommended to use brackets that fit the cylinder dimensions and provide adequate support during operation. Ensure that all fasteners are tightened to the manufacturer&#8217;s specifications.<\/li>\n<li>P\u0159ipojte hydraulick\u00e9 potrub\u00ed podle sch\u00e9matu poskytnut\u00e9ho v\u00fdrobcem. Ujist\u011bte se, \u017ee jsou spojky pevn\u011b uta\u017een\u00e9 a net\u011bsn\u00ed, proto\u017ee nespr\u00e1vn\u00e9 p\u0159ipojen\u00ed m\u016f\u017ee v\u00e9st k \u00faniku hydraulick\u00e9 kapaliny a mo\u017en\u00e9mu selh\u00e1n\u00ed syst\u00e9mu.<\/li>\n<li>Po instalaci prove\u010fte zku\u0161ebn\u00ed provoz, abyste ov\u011b\u0159ili, zda v\u00e1lec funguje hladce bez neobvykl\u00fdch zvuk\u016f nebo vibrac\u00ed. Sledujte syst\u00e9m, zda nedoch\u00e1z\u00ed k \u00fanik\u016fm, a ujist\u011bte se, \u017ee v\u0161echna bezpe\u010dnostn\u00ed za\u0159\u00edzen\u00ed funguj\u00ed spr\u00e1vn\u011b.<\/li>\n<\/ul>\n<h2>B\u011b\u017en\u00e9 \u00fakoly \u00fadr\u017eby<\/h2>\n<p>Pro udr\u017een\u00ed hydraulick\u00e9ho v\u00e1lce v dobr\u00e9m stavu je nezbytn\u00fdch n\u011bkolik \u00fadr\u017eb\u00e1\u0159sk\u00fdch \u00fakon\u016f:<\/p>\n<ul>\n<li><strong>Pravideln\u00e9 kontroly:<\/strong> Je t\u0159eba prov\u00e1d\u011bt pravideln\u00e9 kontroly stavu hydraulick\u00e9ho v\u00e1lce, v\u010detn\u011b vizu\u00e1ln\u00edch kontrol net\u011bsnost\u00ed, opot\u0159eben\u00ed nebo po\u0161kozen\u00ed. V\u010dasn\u00e9 odhalen\u00ed probl\u00e9m\u016f m\u016f\u017ee v\u00fdrazn\u011b sn\u00ed\u017eit n\u00e1klady na opravy a sn\u00ed\u017eit prostoje.<\/li>\n<li><strong>Vhodn\u00e9 maz\u00e1n\u00ed:<\/strong> Following the manufacturer&#8217;s guidelines for lubrication is essential. Regularly check oil levels and quality, and replace it as needed to ensure optimal performance. Proper lubrication minimizes friction and wear on moving parts.<\/li>\n<li><strong>V\u00fdm\u011bna t\u011bsn\u011bn\u00ed:<\/strong> Napl\u00e1nujte pravidelnou v\u00fdm\u011bnu t\u011bsn\u011bn\u00ed, abyste zabr\u00e1nili net\u011bsnostem a udr\u017eeli hydraulick\u00fd tlak. Zkontrolujte t\u011bsn\u011bn\u00ed, zda nevykazuj\u00ed zn\u00e1mky opot\u0159eben\u00ed, a vym\u011b\u0148te je podle provozn\u00edho prost\u0159ed\u00ed a \u010detnosti pou\u017e\u00edv\u00e1n\u00ed.<\/li>\n<\/ul>\n<p>During installation, ensuring correct alignment of the cylinder is paramount. Utilize mounting brackets that provide stability and support, and always follow the manufacturer&#8217;s recommendations for secure attachments. Regular checks, repairs, and replacements will significantly enhance the lifespan of the hydraulic cylinder.<\/p>\n<h2>Bezpe\u010dnostn\u00ed aspekty a faktory prost\u0159ed\u00ed<\/h2>\n<p>P\u0159i provozu hydraulick\u00fdch v\u00e1lc\u016f jsou bezpe\u010dnostn\u00ed opat\u0159en\u00ed z\u00e1sadn\u00ed:<\/p>\n<ul>\n<li>Zav\u00e1d\u011bjte bezpe\u010dnostn\u00ed protokoly, kter\u00e9 chr\u00e1n\u00ed obsluhu b\u011bhem instalace a \u00fadr\u017eby. To zahrnuje \u0161kolen\u00ed person\u00e1lu v oblasti bezpe\u010dn\u00e9 manipulace a nouzov\u00fdch postup\u016f.<\/li>\n<li>Zajist\u011bte, aby byly instalov\u00e1ny bezpe\u010dnostn\u00ed z\u00e1brany a bari\u00e9ry, aby se zabr\u00e1nilo nehod\u00e1m b\u011bhem provozu. Spr\u00e1vn\u00e9 zna\u010den\u00ed a pov\u011bdom\u00ed mohou pomoci zm\u00edrnit rizika spojen\u00e1 s hydraulick\u00fdmi syst\u00e9my.<\/li>\n<li>Pravideln\u011b vyhodnocujte dopad hydraulick\u00fdch kapalin na \u017eivotn\u00ed prost\u0159ed\u00ed a zajist\u011bte, aby byly zavedeny spr\u00e1vn\u00e9 metody likvidace. Pou\u017e\u00edv\u00e1n\u00ed biologicky odbourateln\u00fdch hydraulick\u00fdch kapalin m\u016f\u017ee minimalizovat ekologick\u00e9 \u0161kody a z\u00e1rove\u0148 zachovat v\u00fdkon.<\/li>\n<\/ul>\n<h2>Odstra\u0148ov\u00e1n\u00ed probl\u00e9m\u016f a b\u011b\u017en\u00e9 probl\u00e9my<\/h2>\n<p>Efektivn\u00ed odstra\u0148ov\u00e1n\u00ed probl\u00e9m\u016f je nezbytn\u00e9 pro \u00fadr\u017ebu hydraulick\u00e9ho v\u00e1lce:<\/p>\n<ul>\n<li>Identifikujte p\u0159\u00edznaky poruchy, jako jsou abnorm\u00e1ln\u00ed zvuky, net\u011bsnosti nebo nekonzistentn\u00ed provoz. Dokumentace t\u011bchto p\u0159\u00edznak\u016f m\u016f\u017ee pomoci p\u0159esn\u011b ur\u010dit p\u0159\u00ed\u010dinu probl\u00e9mu.<\/li>\n<li>Mezi b\u011b\u017en\u00e9 probl\u00e9my pat\u0159\u00ed selh\u00e1n\u00ed t\u011bsn\u011bn\u00ed, kter\u00e9 m\u016f\u017ee v\u00e9st k net\u011bsnostem. Kontrola t\u011bsn\u011bn\u00ed b\u011bhem b\u011b\u017en\u00e9 \u00fadr\u017eby m\u016f\u017ee pomoci odhalit opot\u0159eben\u00ed d\u0159\u00edve, ne\u017e se stane z\u00e1va\u017en\u00fdm probl\u00e9mem.<\/li>\n<li>Pravideln\u011b kontrolujte hladinu a kvalitu hydraulick\u00e9 kapaliny. N\u00edzk\u00e1 hladina nebo kontaminace kapaliny m\u016f\u017ee zp\u016fsobit probl\u00e9my s v\u00fdkonem a m\u011bla by b\u00fdt neprodlen\u011b \u0159e\u0161ena.<\/li>\n<\/ul>\n<p>Pro efektivn\u00ed \u0159e\u0161en\u00ed probl\u00e9m\u016f pou\u017e\u00edvejte systematick\u00fd p\u0159\u00edstup k diagnostice. Analyzujte p\u0159\u00edznaky, \u0159i\u010fte se pr\u016fvodci \u0159e\u0161en\u00edm probl\u00e9m\u016f a dodr\u017eujte zaveden\u00e9 postupy oprav. Preventivn\u00ed opat\u0159en\u00ed, jako jsou pravideln\u00e9 kontroly a \u00fadr\u017eba, mohou v\u00fdrazn\u011b sn\u00ed\u017eit v\u00fdskyt probl\u00e9m\u016f a prodlou\u017eit \u017eivotnost hydraulick\u00e9ho v\u00e1lce.<\/p>\n<p><img decoding=\"async\" src=\"https:\/\/www.hydraulic-cylinders.net\/wp-content\/uploads\/2025\/05\/hydraulic-cylinder-all-2.webp\" alt=\"Obr\u00e1zek hydraulick\u00e9ho v\u00e1lce\"><\/p>\n<h2>O na\u0161\u00ed spole\u010dnosti<\/h2>\n<p>Jsme p\u0159edn\u00edm v\u00fdrobcem hydraulick\u00fdch v\u00e1lc\u016f s komplexn\u00ed nab\u00eddkou produkt\u016f pro dom\u00e1c\u00ed i mezin\u00e1rodn\u00ed trhy. Na\u0161e odborn\u00e9 znalosti v oblasti hydraulick\u00fdch technologi\u00ed n\u00e1s \u0159ad\u00ed mezi p\u0159edn\u00edch hr\u00e1\u010d\u016f v oboru, zn\u00e1m\u00fdch pro na\u0161e vysoce kvalitn\u00ed v\u00fdrobn\u00ed standardy a inovativn\u00ed designy. Specializujeme se na zak\u00e1zkov\u00e1 \u0159e\u0161en\u00ed hydraulick\u00fdch v\u00e1lc\u016f a poskytujeme produkty na m\u00edru, kter\u00e9 spl\u0148uj\u00ed specifick\u00e9 po\u017eadavky klient\u016f.<\/p>\n<p>Na\u0161e v\u00fdrobn\u00ed za\u0159\u00edzen\u00ed jsou vybavena nejmodern\u011bj\u0161\u00edmi stroji, kter\u00e9 zaji\u0161\u0165uj\u00ed p\u0159esnost a efektivitu ka\u017ed\u00e9 vyroben\u00e9 lahve. Dodr\u017eujeme mezin\u00e1rodn\u00ed certifikace kvality, kter\u00e9 odr\u00e1\u017eej\u00ed n\u00e1\u0161 z\u00e1vazek k dokonalosti a bezpe\u010dnosti. N\u00e1\u0161 specializovan\u00fd t\u00fdm z\u00e1kaznick\u00fdch slu\u017eeb je v\u017edy p\u0159ipraven pomoci s dotazy a poskytnout podporu, \u010d\u00edm\u017e zaji\u0161\u0165uje bezprobl\u00e9mov\u00fd pr\u016fb\u011bh od objedn\u00e1vky a\u017e po dod\u00e1n\u00ed.<\/p>\n<p><img decoding=\"async\" src=\"https:\/\/www.hydraulic-cylinders.net\/wp-content\/uploads\/2025\/05\/xinxin-hydraulic-cylinder-factory-1.webp\" alt=\"Obr\u00e1zek tov\u00e1rny na hydraulick\u00e9 v\u00e1lce\"><\/p>\n<p>Autor: lyl<\/p>","protected":false},"excerpt":{"rendered":"<p>Sanitation Vehicle Front Sweep Disc Hydraulic Cylinder Introduction to the Hydraulic Cylinder The Sanitation Vehicle Front Sweep Disc Hydraulic Cylinder is an essential component designed specifically for sanitation vehicles, facilitating the effective operation of front sweeping systems. This hydraulic cylinder plays a pivotal role in controlling the sweeping mechanism, allowing for smooth and precise movements [&hellip;]<\/p>","protected":false},"featured_media":20612,"comment_status":"open","ping_status":"closed","template":"","meta":{"_et_pb_use_builder":"","_et_pb_old_content":"","_et_gb_content_width":""},"product_brand":[],"product_cat":[1483,1558],"product_tag":[],"class_list":{"0":"post-20712","1":"product","2":"type-product","3":"status-publish","4":"has-post-thumbnail","6":"product_cat-construction-machinery-hydraulic-cylinders","7":"product_cat-sanitation-machinery-hydraulic-cylinders-2","9":"first","10":"instock","11":"shipping-taxable","12":"product-type-simple"},"amp_enabled":true,"_links":{"self":[{"href":"https:\/\/www.hydraulic-cylinders.net\/cs\/wp-json\/wp\/v2\/product\/20712","targetHints":{"allow":["GET"]}}],"collection":[{"href":"https:\/\/www.hydraulic-cylinders.net\/cs\/wp-json\/wp\/v2\/product"}],"about":[{"href":"https:\/\/www.hydraulic-cylinders.net\/cs\/wp-json\/wp\/v2\/types\/product"}],"replies":[{"embeddable":true,"href":"https:\/\/www.hydraulic-cylinders.net\/cs\/wp-json\/wp\/v2\/comments?post=20712"}],"wp:featuredmedia":[{"embeddable":true,"href":"https:\/\/www.hydraulic-cylinders.net\/cs\/wp-json\/wp\/v2\/media\/20612"}],"wp:attachment":[{"href":"https:\/\/www.hydraulic-cylinders.net\/cs\/wp-json\/wp\/v2\/media?parent=20712"}],"wp:term":[{"taxonomy":"product_brand","embeddable":true,"href":"https:\/\/www.hydraulic-cylinders.net\/cs\/wp-json\/wp\/v2\/product_brand?post=20712"},{"taxonomy":"product_cat","embeddable":true,"href":"https:\/\/www.hydraulic-cylinders.net\/cs\/wp-json\/wp\/v2\/product_cat?post=20712"},{"taxonomy":"product_tag","embeddable":true,"href":"https:\/\/www.hydraulic-cylinders.net\/cs\/wp-json\/wp\/v2\/product_tag?post=20712"}],"curies":[{"name":"wp","href":"https:\/\/api.w.org\/{rel}","templated":true}]}}