{"id":20773,"date":"2025-05-28T05:32:13","date_gmt":"2025-05-28T05:32:13","guid":{"rendered":"https:\/\/www.hydraulic-cylinders.net\/product\/qj1254-31-021-steering-cylinder\/"},"modified":"2025-05-28T05:32:16","modified_gmt":"2025-05-28T05:32:16","slug":"qj1254-31-021-steering-cylinder","status":"publish","type":"product","link":"https:\/\/www.hydraulic-cylinders.net\/cs\/produkt\/qj1254-31-021-steering-cylinder\/","title":{"rendered":"QJ1254 31 021 V\u00e1lec \u0159\u00edzen\u00ed"},"content":{"rendered":"<h1>ZY254 31F 019A \u0158\u00eddic\u00ed v\u00e1lec<\/h1>\n<p><img decoding=\"async\" src=\"https:\/\/www.hydraulic-cylinders.net\/wp-content\/uploads\/2025\/05\/zy254-31f-019a-hydraulic-cylinder-1.webp\" alt=\"ZY254 31F 019A \u0158\u00eddic\u00ed v\u00e1lec\" \/><\/p>\n<h2><strong>\u00davod k v\u00e1lci \u0159\u00edzen\u00ed<\/strong><\/h2>\n<p>V\u00e1lec \u0159\u00edzen\u00ed ZY254 31F 019A je z\u00e1kladn\u00ed sou\u010d\u00e1st\u00ed hydraulick\u00fdch syst\u00e9m\u016f \u0159\u00edzen\u00ed, navr\u017een\u00fdch pro zv\u00fd\u0161en\u00ed \u00fa\u010dinnosti a odezvy vozidel. Tento hydraulick\u00fd v\u00e1lec \u0159\u00edzen\u00ed poskytuje spolehliv\u00e9 \u0159e\u0161en\u00ed pro mechanismy \u0159\u00edzen\u00ed automobil\u016f a nab\u00edz\u00ed vynikaj\u00edc\u00ed kontrolu a p\u0159esnost. S pr\u016fm\u011brem v\u00e1lce 40 mm, pr\u016fm\u011brem p\u00edstnice 25 mm, zdvihem 140 mm a mont\u00e1\u017en\u00ed vzd\u00e1lenost\u00ed 385 mm zaji\u0161\u0165uje optim\u00e1ln\u00ed v\u00fdkon v r\u016fzn\u00fdch aplikac\u00edch. Mezi v\u00fdhody pou\u017eit\u00ed tohoto v\u00e1le \u0159\u00edzen\u00ed pat\u0159\u00ed zlep\u0161en\u00e1 man\u00e9vrovatelnost, sn\u00ed\u017een\u00e1 n\u00e1maha p\u0159i \u0159\u00edzen\u00ed a zv\u00fd\u0161en\u00e1 bezpe\u010dnost \u0159idi\u010d\u016f, co\u017e z n\u011bj \u010din\u00ed nezbytnou sou\u010d\u00e1st ka\u017ed\u00e9ho syst\u00e9mu \u0159\u00edzen\u00ed.<\/p>\n<h2><strong>Vlastnosti v\u00e1lce \u0159\u00edzen\u00ed ZY254 31F 019A<\/strong><\/h2>\n<ul>\n<li><strong>Vysok\u00e1 \u00fa\u010dinnost:<\/strong> Tento hydraulick\u00fd v\u00e1lec \u0159\u00edzen\u00ed optimalizuje odezvu \u0159\u00edzen\u00ed, d\u00edky \u010demu\u017e je ovl\u00e1d\u00e1n\u00ed vozidla plynulej\u0161\u00ed a p\u0159esn\u011bj\u0161\u00ed.<\/li>\n<li><strong>Odoln\u00e1 konstrukce:<\/strong> Vyrobeno z vysoce kvalitn\u00edch materi\u00e1l\u016f, zaru\u010duje dlouhodob\u00fd v\u00fdkon v n\u00e1ro\u010dn\u00fdch podm\u00ednk\u00e1ch.<\/li>\n<li><strong>Kompaktn\u00ed design:<\/strong> D\u00edky kompaktn\u00ed instala\u010dn\u00ed vzd\u00e1lenosti se perfektn\u011b hod\u00ed do r\u016fzn\u00fdch automobilov\u00fdch design\u016f a zachov\u00e1v\u00e1 tak prostorovou efektivitu.<\/li>\n<li><strong>V\u0161estrann\u00e9 aplikace:<\/strong> Ide\u00e1ln\u00ed pro syst\u00e9my \u0159\u00edzen\u00ed automobil\u016f, zem\u011bd\u011blsk\u00e9 stroje a pr\u016fmyslov\u00e1 za\u0159\u00edzen\u00ed.<\/li>\n<li><strong>Zv\u00fd\u0161en\u00e1 bezpe\u010dnost:<\/strong> Poskytuje spolehliv\u00e9 ovl\u00e1d\u00e1n\u00ed \u0159\u00edzen\u00ed a v\u00fdrazn\u011b sni\u017euje riziko nehod zp\u016fsoben\u00fdch poruchami \u0159\u00edzen\u00ed.<\/li>\n<\/ul>\n<h2><strong>Aplikace v r\u016fzn\u00fdch pr\u016fmyslov\u00fdch odv\u011btv\u00edch<\/strong><\/h2>\n<p>\u0158\u00eddic\u00ed v\u00e1lec ZY254 31F 019A nach\u00e1z\u00ed uplatn\u011bn\u00ed v mnoha odv\u011btv\u00edch, v\u010detn\u011b:<\/p>\n<ul>\n<li><strong>Zem\u011bd\u011blstv\u00ed:<\/strong> Pou\u017e\u00edv\u00e1 se v traktorech a dal\u0161\u00edch stroj\u00edch a umo\u017e\u0148uje p\u0159esn\u00e9 \u0159\u00edzen\u00ed pro lep\u0161\u00ed man\u00e9vrovatelnost na poli.<\/li>\n<li><strong>Automobilov\u00fd pr\u016fmysl:<\/strong> Nezbytn\u00fd v osobn\u00edch a n\u00e1kladn\u00edch automobilech pro efektivn\u00ed syst\u00e9my \u0159\u00edzen\u00ed a zlep\u0161en\u00ed celkov\u00e9 funk\u010dnosti vozidla.<\/li>\n<li><strong>Pr\u016fmyslov\u00e9 stroje:<\/strong> Podporuje r\u016fzn\u00e9 typy stroj\u016f, kde je vy\u017eadov\u00e1no p\u0159esn\u00e9 ovl\u00e1d\u00e1n\u00ed a v\u00fdkon.<\/li>\n<\/ul>\n<p><img decoding=\"async\" src=\"https:\/\/www.hydraulic-cylinders.net\/wp-content\/uploads\/2025\/05\/steering-cylinder-application.webp\" alt=\"Pou\u017eit\u00ed v\u00e1lce \u0159\u00edzen\u00ed\" \/><\/p>\n<h2><strong>Konstruk\u010dn\u00ed aspekty a krit\u00e9ria v\u00fdb\u011bru<\/strong><\/h2>\n<h3>Nosnost<\/h3>\n<p>P\u0159i v\u00fdb\u011bru hydraulick\u00e9ho v\u00e1lce \u0159\u00edzen\u00ed je kl\u00ed\u010dov\u00e9 pochopen\u00ed nosnosti. Model ZY254 31F 019A je navr\u017een tak, aby zvl\u00e1dl zna\u010dn\u00e9 zat\u00ed\u017een\u00ed, a zaji\u0161\u0165uje tak, \u017ee zvl\u00e1dne s\u00edly vyv\u00edjen\u00e9 b\u011bhem provozu bez kompromis\u016f ve v\u00fdkonu. Robustn\u00ed konstrukce umo\u017e\u0148uje bezpe\u010dn\u00fd provoz za podm\u00ednek vysok\u00e9ho zat\u00ed\u017een\u00ed, tak\u017ee je vhodn\u00fd pro n\u00e1ro\u010dn\u00e9 aplikace.<\/p>\n<h3>T\u011bsnic\u00ed mechanismy<\/h3>\n<p>\u00da\u010dinn\u00e9 t\u011bsn\u011bn\u00ed je z\u00e1sadn\u00ed pro prevenci \u00faniku hydraulick\u00e9 kapaliny, kter\u00fd m\u016f\u017ee v\u00e9st ke sn\u00ed\u017een\u00ed v\u00fdkonu a potenci\u00e1ln\u00edm poruch\u00e1m. ZY254 vyu\u017e\u00edv\u00e1 pokro\u010dil\u00e9 technologie t\u011bsn\u011bn\u00ed s vyu\u017eit\u00edm materi\u00e1l\u016f, jako je polyuretan a nitrilov\u00e1 pry\u017e, co\u017e zaji\u0161\u0165uje trvanlivost a odolnost proti opot\u0159eben\u00ed. Toto konstruk\u010dn\u00ed hledisko prodlu\u017euje \u017eivotnost v\u00e1lce a sni\u017euje n\u00e1klady na \u00fadr\u017ebu.<\/p>\n<h3>Trvanlivost<\/h3>\n<p>Odolnost v\u00e1le \u0159\u00edzen\u00ed je v\u00fdznamn\u00fdm faktorem v jeho konstrukci. Model ZY254 je vyroben z vysoce pevn\u00fdch materi\u00e1l\u016f, kter\u00e9 odol\u00e1vaj\u00ed vliv\u016fm prost\u0159ed\u00ed, v\u010detn\u011b teplotn\u00edch v\u00fdkyv\u016f, vlhkosti a prachu. Tato odolnost je d\u016fle\u017eit\u00e1 pro udr\u017een\u00ed konzistentn\u00edho v\u00fdkonu v r\u016fzn\u00fdch provozn\u00edch podm\u00ednk\u00e1ch.<\/p>\n<h3>Bezpe\u010dnostn\u00ed prvky<\/h3>\n<p>Bezpe\u010dnost je u hydraulick\u00fdch syst\u00e9m\u016f prvo\u0159ad\u00e1. \u0158\u00eddic\u00ed v\u00e1lec ZY254 je vybaven bezpe\u010dnostn\u00edmi prvky, kter\u00e9 zabra\u0148uj\u00ed p\u0159etlaku a zaji\u0161\u0165uj\u00ed spolehliv\u00fd provoz. Toto konstruk\u010dn\u00ed hledisko zaji\u0161\u0165uje, \u017ee syst\u00e9m z\u016fstane bezpe\u010dn\u00fd pro ka\u017edodenn\u00ed pou\u017e\u00edv\u00e1n\u00ed a sni\u017euje potenci\u00e1ln\u00ed rizika spojen\u00e1 s hydraulick\u00fdmi poruchami.<\/p>\n<h3>\u00dadr\u017eba a opravitelnost<\/h3>\n<p>A kone\u010dn\u011b, pro dlouhodobou funk\u010dnost v\u00e1lce \u0159\u00edzen\u00ed jsou z\u00e1sadn\u00ed aspekty \u00fadr\u017eby. ZY254 je navr\u017een pro snadn\u00fd p\u0159\u00edstup ke komponent\u016fm, kter\u00e9 mohou vy\u017eadovat pravideln\u00e9 kontroly nebo opravy, co\u017e usnad\u0148uje efektivn\u00ed postupy \u00fadr\u017eby a minimalizuje prostoje.<\/p>\n<h2><strong>T\u011bsn\u011bn\u00ed a maz\u00e1n\u00ed v\u00e1lce \u0159\u00edzen\u00ed<\/strong><\/h2>\n<p>T\u011bsn\u011bn\u00ed a maz\u00e1n\u00ed jsou nezbytn\u00e9 pro optim\u00e1ln\u00ed v\u00fdkon v\u00e1lce \u0159\u00edzen\u00ed ZY254 31F 019A. Pou\u017eit\u00ed r\u016fzn\u00fdch t\u011bsnic\u00edch komponent\u016f, v\u010detn\u011b t\u011bsn\u011bn\u00ed p\u00edst\u016f a t\u011bsn\u011bn\u00ed ty\u010d\u00ed, zaji\u0161\u0165uje, \u017ee hydraulick\u00e1 kapalina z\u016fst\u00e1v\u00e1 uvnit\u0159 v\u00e1lce a zabra\u0148uje \u00fanik\u016fm. V\u00fdb\u011br vysoce kvalitn\u00edch materi\u00e1l\u016f, jako je polyuretan a nitrilov\u00e1 pry\u017e, zvy\u0161uje odolnost t\u011bchto t\u011bsn\u011bn\u00ed a umo\u017e\u0148uje jim odol\u00e1vat n\u00e1ro\u010dn\u00fdm podm\u00ednk\u00e1m hydraulick\u00e9ho tlaku a vliv\u016fm prost\u0159ed\u00ed.<\/p>\n<p>Povrchov\u00e1 \u00faprava t\u011blesa v\u00e1lce a z\u00e1vitov\u00fdch konc\u016f je provedena pe\u010dliv\u011b pro zlep\u0161en\u00ed odolnosti proti opot\u0159eben\u00ed. Pravideln\u00e9 maz\u00e1n\u00ed vhodnou hydraulickou kapalinou je nezbytn\u00e9 pro udr\u017een\u00ed v\u00fdkonu t\u011bsn\u011bn\u00ed a plynul\u00e9ho chodu v\u00e1lce. Tato \u00fadr\u017eba pom\u00e1h\u00e1 sni\u017eovat t\u0159en\u00ed a opot\u0159eben\u00ed a prodlu\u017euje \u017eivotnost p\u00edstu \u0159\u00edzen\u00ed.<\/p>\n<h2><strong>Preventivn\u00ed \u00fadr\u017ebov\u00e1 opat\u0159en\u00ed<\/strong><\/h2>\n<ul>\n<li><strong>Pravideln\u00e9 kontroly:<\/strong> Prov\u00e1d\u011bjte pravideln\u00e9 kontroly, abyste zkontrolovali zn\u00e1mky opot\u0159eben\u00ed nebo po\u0161kozen\u00ed. To zahrnuje hled\u00e1n\u00ed net\u011bsnost\u00ed kolem t\u011bsn\u011bn\u00ed a zaji\u0161t\u011bn\u00ed bezpe\u010dnosti v\u0161ech spoj\u016f.<\/li>\n<li><strong>Maz\u00e1n\u00ed:<\/strong> Zajist\u011bte, aby byl v\u00e1lec dostate\u010dn\u011b promaz\u00e1n doporu\u010den\u00fdm hydraulick\u00fdm olejem. Pravideln\u00e9 maz\u00e1n\u00ed je z\u00e1sadn\u00ed pro prevenci vnit\u0159n\u00edho t\u0159en\u00ed a opot\u0159eben\u00ed.<\/li>\n<li><strong>V\u00fdm\u011bna t\u011bsn\u011bn\u00ed:<\/strong> Vym\u011b\u0148ujte t\u011bsn\u011bn\u00ed podle pot\u0159eby, aby byla zachov\u00e1na hydraulick\u00e1 integrita. Pravideln\u00e9 kontroly mohou pomoci v\u010das odhalit opot\u0159eben\u00ed t\u011bsn\u011bn\u00ed a zabr\u00e1nit \u00fanik\u016fm kapaliny.<\/li>\n<\/ul>\n<h2><strong>Pokyny k instalaci v\u00e1lce \u0159\u00edzen\u00ed ZY254 31F 019A<\/strong><\/h2>\n<p>Spr\u00e1vn\u00e1 instalace v\u00e1lce \u0159\u00edzen\u00ed ZY254 31F 019A je z\u00e1sadn\u00ed pro zaji\u0161t\u011bn\u00ed jeho funk\u010dnosti a dlouh\u00e9 \u017eivotnosti. Za\u010dn\u011bte t\u00edm, \u017ee se ujist\u00edte, \u017ee mont\u00e1\u017en\u00ed povrchy jsou \u010dist\u00e9 a bez ne\u010distot. V\u00e1lec spr\u00e1vn\u011b vyrovnejte s \u0159\u00eddic\u00edm syst\u00e9mem a ujist\u011bte se, \u017ee je um\u00edst\u011bn ve spr\u00e1vn\u00e9m \u00fahlu, aby se zabr\u00e1nilo nam\u00e1h\u00e1n\u00ed b\u011bhem provozu. K zaji\u0161t\u011bn\u00ed v\u00e1lce pou\u017eijte vhodn\u00e9 mont\u00e1\u017en\u00ed konzoly.<\/p>\n<p>Po zarovn\u00e1n\u00ed ut\u00e1hn\u011bte v\u0161echny upev\u0148ovac\u00ed prvky podle specifikac\u00ed v\u00fdrobce a zajist\u011bte pevn\u00e9 spojen\u00ed. Je nezbytn\u00e9 vyhnout se nadm\u011brn\u00e9mu uta\u017een\u00ed, kter\u00e9 m\u016f\u017ee v\u00e9st k po\u0161kozen\u00ed. Po instalaci zkontrolujte p\u0159\u00edpadn\u00e9 net\u011bsnosti testov\u00e1n\u00edm syst\u00e9mu pod tlakem. Nakonec ov\u011b\u0159te pohyb a odezvu v\u00e1lce, abyste se ujistili, \u017ee v syst\u00e9mu funguje hladce.<\/p>\n<h2><strong>\u00dadr\u017eba v\u00e1lce \u0159\u00edzen\u00ed<\/strong><\/h2>\n<ul>\n<li><strong>Pravideln\u00e9 kontroly:<\/strong> Prov\u00e1d\u011bn\u00ed pravideln\u00fdch kontrol je z\u00e1sadn\u00ed pro identifikaci potenci\u00e1ln\u00edch probl\u00e9m\u016f d\u0159\u00edve, ne\u017e se vyhrot\u00ed. Pro udr\u017een\u00ed optim\u00e1ln\u00edho v\u00fdkonu kontrolujte net\u011bsnosti, opot\u0159eben\u00ed a bezpe\u010dn\u00e9 spoje.<\/li>\n<li><strong>Spr\u00e1vn\u00e9 maz\u00e1n\u00ed:<\/strong> Dostate\u010dn\u00e9 maz\u00e1n\u00ed v\u00e1lce \u0159\u00edzen\u00ed zabra\u0148uje opot\u0159eben\u00ed. Pou\u017e\u00edvejte spr\u00e1vn\u00fd hydraulick\u00fd olej podle pokyn\u016f v\u00fdrobce a dodr\u017eujte pravideln\u00fd pl\u00e1n maz\u00e1n\u00ed.<\/li>\n<li><strong>V\u00fdm\u011bna t\u011bsn\u011bn\u00ed:<\/strong> Postupem \u010dasu se t\u011bsn\u011bn\u00ed mohou opot\u0159ebovat, co\u017e vede k \u00fanik\u016fm kapaliny. Pravideln\u011b kontrolujte t\u011bsn\u011bn\u00ed a v p\u0159\u00edpad\u011b pot\u0159eby je vym\u011b\u0148ujte, aby byla zachov\u00e1na celistvost v\u00e1lce.<\/li>\n<\/ul>\n<h2><strong>Bezpe\u010dnostn\u00ed aspekty a faktory prost\u0159ed\u00ed<\/strong><\/h2>\n<p>P\u0159i provozu hydraulick\u00fdch syst\u00e9m\u016f \u0159\u00edzen\u00ed jsou bezpe\u010dnostn\u00ed opat\u0159en\u00ed prvo\u0159ad\u00e1. U\u017eivatel\u00e9 by m\u011bli v\u017edy dodr\u017eovat bezpe\u010dnostn\u00ed protokoly, aby minimalizovali rizika. To zahrnuje zaji\u0161t\u011bn\u00ed toho, aby v\u0161echny komponenty byly v dobr\u00e9m stavu a aby byl syst\u00e9m pravideln\u011b udr\u017eov\u00e1n. Faktory prost\u0159ed\u00ed, jako jsou teplotn\u00ed v\u00fdkyvy a vystaven\u00ed drsn\u00fdm podm\u00ednk\u00e1m, mohou ovlivnit v\u00fdkon v\u00e1lce \u0159\u00edzen\u00ed. Je d\u016fle\u017eit\u00e9 tyto faktory zv\u00e1\u017eit b\u011bhem provozu a \u00fadr\u017eby, aby byl zaji\u0161t\u011bn optim\u00e1ln\u00ed a bezpe\u010dn\u00fd provoz v\u00e1lce.<\/p>\n<h2><strong>Diagnostika z\u00e1vad a b\u011b\u017en\u00e9 probl\u00e9my<\/strong><\/h2>\n<ul>\n<li><strong>Net\u011bsn\u00edc\u00ed t\u011bsn\u011bn\u00ed:<\/strong> Jedn\u00edm z b\u011b\u017en\u00fdch probl\u00e9m\u016f s hydraulick\u00fdmi v\u00e1lci jsou net\u011bsn\u00e1 t\u011bsn\u011bn\u00ed. Pokud si v\u0161imnete poklesu hladiny hydraulick\u00e9 kapaliny, zkontrolujte t\u011bsn\u011bn\u00ed, zda nejsou po\u0161kozen\u00e1 nebo opot\u0159ebovan\u00e1. V mnoha p\u0159\u00edpadech m\u016f\u017ee tento probl\u00e9m vy\u0159e\u0161it v\u00fdm\u011bna t\u011bsn\u011bn\u00ed.<\/li>\n<li><strong>Sn\u00ed\u017een\u00fd v\u00fdkon:<\/strong> Pokud je odezva \u0159\u00edzen\u00ed pomal\u00e1, m\u016f\u017ee to znamenat vnit\u0159n\u00ed opot\u0159eben\u00ed nebo nedostate\u010dn\u00e9 maz\u00e1n\u00ed. Zkontrolujte hladinu maziva a zva\u017ete proveden\u00ed d\u016fkladn\u00e9 kontroly, abyste odhalili p\u0159\u00edpadn\u00e9 vnit\u0159n\u00ed po\u0161kozen\u00ed.<\/li>\n<li><strong>Nespr\u00e1vn\u00e9 zarovn\u00e1n\u00ed:<\/strong> Nespr\u00e1vn\u00e9 vyrovn\u00e1n\u00ed b\u011bhem instalace m\u016f\u017ee v\u00e9st k nerovnom\u011brn\u00e9mu opot\u0159eben\u00ed a potenci\u00e1ln\u00edm poruch\u00e1m. Abyste tomuto probl\u00e9mu p\u0159ede\u0161li, ujist\u011bte se, \u017ee je v\u00e1lec spr\u00e1vn\u011b vyrovn\u00e1n a bezpe\u010dn\u011b namontov\u00e1n.<\/li>\n<\/ul>\n<h2><strong>Tipy pro \u0159e\u0161en\u00ed probl\u00e9m\u016f<\/strong><\/h2>\n<p>Pro efektivn\u00ed diagnostiku a \u0159e\u0161en\u00ed probl\u00e9m\u016f s v\u00e1lcem \u0159\u00edzen\u00ed ZY254 dodr\u017eujte tyto tipy pro \u0159e\u0161en\u00ed probl\u00e9m\u016f: Zaprv\u00e9, pravideln\u011b sledujte syst\u00e9m, zda nevykazuje zn\u00e1mky net\u011bsnost\u00ed nebo probl\u00e9m\u016f s v\u00fdkonem. Jejich v\u010dasn\u00e9 \u0159e\u0161en\u00ed m\u016f\u017ee p\u0159edej\u00edt z\u00e1va\u017en\u011bj\u0161\u00edm probl\u00e9m\u016fm. Zadruh\u00e9, ve\u010fte jasnou dokumentaci o \u00fadr\u017eb\u011b a oprav\u00e1ch; to m\u016f\u017ee pomoci identifikovat vzorce, kter\u00e9 mohou nazna\u010dovat opakuj\u00edc\u00ed se probl\u00e9my. A kone\u010dn\u011b, pokud probl\u00e9my p\u0159etrv\u00e1vaj\u00ed, pora\u010fte se s odborn\u00edkem, aby posoudil v\u00e1lec a doporu\u010dil vhodn\u00e9 opravy nebo v\u00fdm\u011bny.<\/p>\n<h2><strong>O na\u0161\u00ed spole\u010dnosti<\/strong><\/h2>\n<p>Jsme p\u0159edn\u00edm v\u00fdrobcem a velkoobchodn\u00edm distributorem alternativn\u00edch hydraulick\u00fdch v\u00e1lc\u016f a nab\u00edz\u00edme \u0161irokou \u0161k\u00e1lu produkt\u016f, kter\u00e9 uspokojuj\u00ed pot\u0159eby dom\u00e1c\u00edho i mezin\u00e1rodn\u00edho trhu. N\u00e1\u0161 z\u00e1vazek k dokonalosti se odr\u00e1\u017e\u00ed v na\u0161ich nejmodern\u011bj\u0161\u00edch v\u00fdrobn\u00edch procesech, kter\u00e9 vyu\u017e\u00edvaj\u00ed pokro\u010dil\u00e9 technologie a p\u0159esn\u00e9 stroj\u00edrenstv\u00ed.<\/p>\n<p>Na\u0161e tov\u00e1rna je vybavena \u0161pi\u010dkov\u00fdm digit\u00e1ln\u00edm v\u00fdrobn\u00edm za\u0159\u00edzen\u00edm a profesion\u00e1ln\u00edm testovac\u00edm syst\u00e9mem, co\u017e zaji\u0161\u0165uje, \u017ee konzistentn\u011b vyr\u00e1b\u00edme vysoce kvalitn\u00ed hydraulick\u00e9 v\u00e1lce. S d\u016frazem na inovace neust\u00e1le vylep\u0161ujeme na\u0161e v\u00fdrobn\u00ed kapacity, abychom splnili rozmanit\u00e9 po\u017eadavky na\u0161ich z\u00e1kazn\u00edk\u016f.<\/p>\n<p>Prioritou je spokojenost z\u00e1kazn\u00edk\u016f, nab\u00edz\u00edme slu\u017eby na m\u00edru a mezin\u00e1rodn\u00ed certifikace, abychom zajistili, \u017ee na\u0161e produkty spl\u0148uj\u00ed glob\u00e1ln\u00ed standardy. N\u00e1\u0161 specializovan\u00fd t\u00fdm poprodejn\u00edch slu\u017eeb je v\u017edy p\u0159ipraven klient\u016fm pomoci a poskytnout jim podporu a poradenstv\u00ed pro maximalizaci \u017eivotnosti a v\u00fdkonu produkt\u016f.<\/p>\n<p><img decoding=\"async\" src=\"https:\/\/www.hydraulic-cylinders.net\/wp-content\/uploads\/2025\/05\/xinxin-hydraulic-cylinder-factory-1.webp\" alt=\"Tov\u00e1rna na hydraulick\u00e9 v\u00e1lce\" \/><\/p>","protected":false},"excerpt":{"rendered":"<p>ZY254 31F 019A Steering Cylinder Introduction to the Steering Cylinder The ZY254 31F 019A steering cylinder is an essential component in hydraulic steering systems, designed to enhance the efficiency and responsiveness of vehicles. This hydraulic steering cylinder provides a reliable solution for automotive steering mechanisms, offering superior control and precision. With a cylinder diameter of [&hellip;]<\/p>","protected":false},"featured_media":20638,"comment_status":"open","ping_status":"closed","template":"","meta":{"_et_pb_use_builder":"","_et_pb_old_content":"","_et_gb_content_width":""},"product_brand":[],"product_cat":[1561],"product_tag":[1563,1562],"class_list":{"0":"post-20773","1":"product","2":"type-product","3":"status-publish","4":"has-post-thumbnail","6":"product_cat-steering-hydraulic-cylinders","7":"product_tag-steering-cylinders","8":"product_tag-steering-hydraulic-cylinders","10":"first","11":"instock","12":"shipping-taxable","13":"product-type-simple"},"amp_enabled":true,"_links":{"self":[{"href":"https:\/\/www.hydraulic-cylinders.net\/cs\/wp-json\/wp\/v2\/product\/20773","targetHints":{"allow":["GET"]}}],"collection":[{"href":"https:\/\/www.hydraulic-cylinders.net\/cs\/wp-json\/wp\/v2\/product"}],"about":[{"href":"https:\/\/www.hydraulic-cylinders.net\/cs\/wp-json\/wp\/v2\/types\/product"}],"replies":[{"embeddable":true,"href":"https:\/\/www.hydraulic-cylinders.net\/cs\/wp-json\/wp\/v2\/comments?post=20773"}],"wp:featuredmedia":[{"embeddable":true,"href":"https:\/\/www.hydraulic-cylinders.net\/cs\/wp-json\/wp\/v2\/media\/20638"}],"wp:attachment":[{"href":"https:\/\/www.hydraulic-cylinders.net\/cs\/wp-json\/wp\/v2\/media?parent=20773"}],"wp:term":[{"taxonomy":"product_brand","embeddable":true,"href":"https:\/\/www.hydraulic-cylinders.net\/cs\/wp-json\/wp\/v2\/product_brand?post=20773"},{"taxonomy":"product_cat","embeddable":true,"href":"https:\/\/www.hydraulic-cylinders.net\/cs\/wp-json\/wp\/v2\/product_cat?post=20773"},{"taxonomy":"product_tag","embeddable":true,"href":"https:\/\/www.hydraulic-cylinders.net\/cs\/wp-json\/wp\/v2\/product_tag?post=20773"}],"curies":[{"name":"wp","href":"https:\/\/api.w.org\/{rel}","templated":true}]}}