{"id":652,"date":"2023-08-21T02:56:38","date_gmt":"2023-08-21T02:56:38","guid":{"rendered":"https:\/\/hydraulic-cylinders.net\/?post_type=product&#038;p=652"},"modified":"2025-04-11T01:45:01","modified_gmt":"2025-04-11T01:45:01","slug":"forklift-short-lifting-hydraulic-cylinder","status":"publish","type":"product","link":"https:\/\/www.hydraulic-cylinders.net\/cs\/produkt\/forklift-short-lifting-hydraulic-cylinder\/","title":{"rendered":"Kr\u00e1tk\u00fd hydraulick\u00fd v\u00e1lec pro vysokozdvi\u017en\u00fd voz\u00edk"},"content":{"rendered":"<h1 style=\"text-align: center;\"><strong>Kr\u00e1tk\u00fd hydraulick\u00fd v\u00e1lec pro vysokozdvi\u017en\u00fd voz\u00edk<\/strong><\/h1>\n<p><img loading=\"lazy\" decoding=\"async\" class=\"aligncenter wp-image-653\" src=\"https:\/\/hydraulic-cylinders.net\/wp-content\/uploads\/2023\/08\/short-lifting-hydraulic-cylinder-product-2-300x300.webp\" alt=\"kr\u00e1tk\u00fd-zvedac\u00ed-hydraulick\u00fd-v\u00e1lec-produkt\" width=\"400\" height=\"400\" \/><\/p>\n<p>Ten\/Ta\/To <strong>Kr\u00e1tk\u00fd zvedac\u00ed v\u00e1lec vysokozdvi\u017en\u00e9ho voz\u00edku<\/strong> je navr\u017een tak, aby bez n\u00e1mahy zvl\u00e1dal kr\u00e1tk\u00e9 zdvihac\u00ed \u00fakoly a poskytoval v\u00fdkon a p\u0159esnost pot\u0159ebn\u00e9 k optimalizaci va\u0161ich manipula\u010dn\u00edch operac\u00ed s materi\u00e1lem.<\/p>\n<p>D\u00edky robustn\u00ed konstrukci tento hydraulick\u00fd v\u00e1lec odol\u00e1 velk\u00e9mu zat\u00ed\u017een\u00ed, \u010dast\u00e9mu pou\u017e\u00edv\u00e1n\u00ed a n\u00e1ro\u010dn\u00fdm provozn\u00edm podm\u00ednk\u00e1m. Je vyroben s ohledem na dlouhou \u017eivotnost, zaji\u0161\u0165uje spolehliv\u00fd v\u00fdkon a z\u00e1rove\u0148 minimalizuje prostoje spojen\u00e9 s \u00fadr\u017ebou nebo opravami.<\/p>\n<p>D\u00edky v\u00fdjime\u010dn\u00e9 odolnosti proti opot\u0159eben\u00ed, korozi a zne\u010di\u0161t\u011bn\u00ed <strong>Kr\u00e1tk\u00fd zvedac\u00ed v\u00e1lec vysokozdvi\u017en\u00e9ho voz\u00edku<\/strong> Udr\u017euje si \u0161pi\u010dkov\u00fd v\u00fdkon po celou dobu sv\u00e9 \u017eivotnosti. Je navr\u017een tak, aby odolal drsn\u00fdm pov\u011btrnostn\u00edm vliv\u016fm, a \u00fa\u010dinn\u011b se chr\u00e1n\u00ed p\u0159ed vlhkost\u00ed, ne\u010distotami a dal\u0161\u00edmi ne\u010distotami, kter\u00e9 by mohly ohrozit jeho funk\u010dnost.<\/p>\n<p>Pro ty, kte\u0159\u00ed hledaj\u00ed spolehliv\u00e9 \u0159e\u0161en\u00ed pro zved\u00e1n\u00ed, je tento hydraulick\u00fd v\u00e1lec ide\u00e1ln\u00ed volbou, kter\u00e1 zajist\u00ed efektivitu a dlouhou \u017eivotnost p\u0159i ka\u017ed\u00e9 operaci.<\/p>\n<h2><strong>Parametr hydraulick\u00e9ho v\u00e1lce pro kr\u00e1tk\u00e9 zved\u00e1n\u00ed vysokozdvi\u017en\u00e9ho voz\u00edku:<\/strong><\/h2>\n<table>\n<tbody>\n<tr>\n<td><img loading=\"lazy\" decoding=\"async\" class=\"alignnone wp-image-654 size-full\" src=\"https:\/\/hydraulic-cylinders.net\/wp-content\/uploads\/2023\/08\/short-lifting-hydraulic-cylinder-product-1.png\" alt=\"\" width=\"457\" height=\"315\" srcset=\"https:\/\/www.hydraulic-cylinders.net\/wp-content\/uploads\/2023\/08\/short-lifting-hydraulic-cylinder-product-1.png 457w, https:\/\/www.hydraulic-cylinders.net\/wp-content\/uploads\/2023\/08\/short-lifting-hydraulic-cylinder-product-1-300x207.png 300w\" sizes=\"(max-width: 457px) 100vw, 457px\" \/><\/td>\n<td><img loading=\"lazy\" decoding=\"async\" class=\"alignnone wp-image-655 size-full\" src=\"https:\/\/hydraulic-cylinders.net\/wp-content\/uploads\/2023\/08\/short-lifting-hydraulic-cylinder-product-1-1.png\" alt=\"\" width=\"475\" height=\"137\" srcset=\"https:\/\/www.hydraulic-cylinders.net\/wp-content\/uploads\/2023\/08\/short-lifting-hydraulic-cylinder-product-1-1.png 475w, https:\/\/www.hydraulic-cylinders.net\/wp-content\/uploads\/2023\/08\/short-lifting-hydraulic-cylinder-product-1-1-300x87.png 300w\" sizes=\"(max-width: 475px) 100vw, 475px\" \/><\/td>\n<\/tr>\n<\/tbody>\n<\/table>\n<table style=\"height: 95px; width: 931px;\" border=\"1\" cellspacing=\"0\" cellpadding=\"0\">\n<tbody>\n<tr style=\"height: 47px;\">\n<td style=\"height: 47px; width: 124.137px;\">N\u00e1zev v\u00e1lce<\/td>\n<td style=\"height: 47px; width: 182.712px;\">\u010d\u00edslo v\u00fdkresu<\/td>\n<td style=\"height: 47px; width: 74.2125px;\">pr\u016fm\u011br otvoru (D)<\/td>\n<td style=\"height: 47px; width: 63.6375px;\">pr\u016fm\u011br ty\u010de (d)<\/td>\n<td style=\"height: 47px; width: 69.75px;\">zdvih (S)<\/td>\n<td style=\"height: 47px; width: 90.0875px;\">Instala\u010dn\u00ed vzd\u00e1lenost (L)<\/td>\n<td style=\"height: 47px; width: 92.5625px;\">pracovn\u00ed tlak<\/td>\n<td style=\"height: 47px; width: 148.925px;\">Rozm\u011bry rozhran\u00ed (M)<\/td>\n<td style=\"height: 47px; width: 68.975px;\">hmotnost<\/td>\n<\/tr>\n<tr style=\"height: 48px;\">\n<td class=\"et3\" style=\"height: 48px; width: 124.137px;\" height=\"325\">Kr\u00e1tk\u00fd zvedac\u00ed v\u00e1lec<\/td>\n<td style=\"width: 182.712px;\">RC25N480-800000-000A<\/td>\n<td style=\"width: 74.2125px;\">\u03a675<\/td>\n<td style=\"width: 63.6375px;\">\u03a660<\/td>\n<td style=\"width: 69.75px;\">800<\/td>\n<td style=\"width: 90.0875px;\">1065<\/td>\n<td style=\"width: 92.5625px;\">18,1 MPa<\/td>\n<td style=\"width: 148.925px;\">M22*1,5<\/td>\n<td style=\"width: 68.975px;\">36 kg<\/td>\n<\/tr>\n<tr>\n<td style=\"width: 124.137px;\">Kr\u00e1tk\u00fd zvedac\u00ed v\u00e1lec<\/td>\n<td style=\"width: 182.712px;\">X35N480-800000-001A<\/td>\n<td style=\"width: 74.2125px;\">\u03a695<\/td>\n<td style=\"width: 63.6375px;\">\u03a680<\/td>\n<td style=\"width: 69.75px;\">800<\/td>\n<td style=\"width: 90.0875px;\">1065<\/td>\n<td style=\"width: 92.5625px;\">18,1 MPa<\/td>\n<td style=\"width: 148.925px;\">M22*1,5<\/td>\n<td style=\"width: 68.975px;\">48,7 kg<\/td>\n<\/tr>\n<\/tbody>\n<\/table>\n<table>\n<tbody>\n<tr>\n<td><img loading=\"lazy\" decoding=\"async\" class=\"alignnone wp-image-656 size-full\" src=\"https:\/\/hydraulic-cylinders.net\/wp-content\/uploads\/2023\/08\/short-lifting-hydraulic-cylinder-product-2-1.webp\" alt=\"\" width=\"451\" height=\"358\" srcset=\"https:\/\/www.hydraulic-cylinders.net\/wp-content\/uploads\/2023\/08\/short-lifting-hydraulic-cylinder-product-2-1.webp 451w, https:\/\/www.hydraulic-cylinders.net\/wp-content\/uploads\/2023\/08\/short-lifting-hydraulic-cylinder-product-2-1-300x238.webp 300w\" sizes=\"(max-width: 451px) 100vw, 451px\" \/><\/td>\n<td><img loading=\"lazy\" decoding=\"async\" class=\"alignnone wp-image-657 size-full\" src=\"https:\/\/hydraulic-cylinders.net\/wp-content\/uploads\/2023\/08\/short-lifting-hydraulic-cylinder-product-2-1-1.webp\" alt=\"\" width=\"475\" height=\"223\" srcset=\"https:\/\/www.hydraulic-cylinders.net\/wp-content\/uploads\/2023\/08\/short-lifting-hydraulic-cylinder-product-2-1-1.webp 475w, https:\/\/www.hydraulic-cylinders.net\/wp-content\/uploads\/2023\/08\/short-lifting-hydraulic-cylinder-product-2-1-1-300x141.webp 300w\" sizes=\"(max-width: 475px) 100vw, 475px\" \/><\/td>\n<\/tr>\n<\/tbody>\n<\/table>\n<table style=\"height: 101px; width: 938px;\" border=\"1\" cellspacing=\"0\" cellpadding=\"0\">\n<tbody>\n<tr style=\"height: 47px;\">\n<td style=\"height: 47px; width: 122px;\">N\u00e1zev v\u00e1lce<\/td>\n<td style=\"height: 47px; width: 155px;\">\u010d\u00edslo v\u00fdkresu<\/td>\n<td style=\"height: 47px; width: 80px;\">pr\u016fm\u011br otvoru (D)<\/td>\n<td style=\"height: 47px; width: 79px;\">pr\u016fm\u011br ty\u010de (d)<\/td>\n<td style=\"height: 47px; width: 65px;\">zdvih (S)<\/td>\n<td style=\"height: 47px; width: 104px;\">Instala\u010dn\u00ed vzd\u00e1lenost (L)<\/td>\n<td style=\"height: 47px; width: 96px;\">pracovn\u00ed tlak<\/td>\n<td style=\"height: 47px; width: 177px;\">Rozm\u011bry rozhran\u00ed (M)<\/td>\n<td style=\"height: 47px; width: 60px;\">hmotnost<\/td>\n<\/tr>\n<tr style=\"height: 54px;\">\n<td class=\"et3\" style=\"height: 54px; width: 122px;\" height=\"325\">Kr\u00e1tk\u00fd zvedac\u00ed v\u00e1lec<\/td>\n<td style=\"width: 155px;\" width=\"270\">N30N450-800000-002A<\/td>\n<td style=\"width: 80px;\" width=\"102\">\u03a685<\/td>\n<td style=\"width: 79px;\" width=\"99\">\u03a670<\/td>\n<td style=\"width: 65px;\" width=\"91\">777<\/td>\n<td style=\"width: 104px;\" width=\"136\">1015<\/td>\n<td style=\"width: 96px;\" width=\"138\">18,1 MPa<\/td>\n<td style=\"width: 177px;\" width=\"294\">M22*1,5<\/td>\n<td style=\"width: 60px;\" width=\"78\">45,5 kg<\/td>\n<\/tr>\n<tr>\n<td style=\"width: 122px;\">Kr\u00e1tk\u00fd zvedac\u00ed v\u00e1lec<\/td>\n<td style=\"width: 155px;\">3U3H-800000-001A<\/td>\n<td style=\"width: 80px;\">\u03a685<\/td>\n<td style=\"width: 79px;\">\u03a670<\/td>\n<td style=\"width: 65px;\">777<\/td>\n<td style=\"width: 104px;\">1015<\/td>\n<td style=\"width: 96px;\">18,1 MPa<\/td>\n<td style=\"width: 177px;\">M22*1,5<\/td>\n<td style=\"width: 60px;\">45,5 kg<\/td>\n<\/tr>\n<tr>\n<td style=\"width: 122px;\">Kr\u00e1tk\u00fd zvedac\u00ed v\u00e1lec<\/td>\n<td style=\"width: 155px;\">N35N450-800000-003A<\/td>\n<td style=\"width: 80px;\">\u03a695<\/td>\n<td style=\"width: 79px;\">\u03a680<\/td>\n<td style=\"width: 65px;\">775<\/td>\n<td style=\"width: 104px;\">1013<\/td>\n<td style=\"width: 96px;\">18,1 MPa<\/td>\n<td style=\"width: 177px;\">M22*1,5<\/td>\n<td style=\"width: 60px;\">54 kg<\/td>\n<\/tr>\n<\/tbody>\n<\/table>\n<h2><strong>Odemkn\u011bte efektivitu a p\u0159esnost s hydraulick\u00fdm v\u00e1lcem:<\/strong><\/h2>\n<p>Za\u017eijte skute\u010dnou s\u00edlu hydraulick\u00e9 technologie s hydraulick\u00fdm v\u00e1lcem. Toto pozoruhodn\u00e9 za\u0159\u00edzen\u00ed je navr\u017eeno tak, aby poskytovalo p\u0159esnost a spolehlivost v \u0161irok\u00e9 \u0161k\u00e1le aplikac\u00ed. Od pr\u016fmyslov\u00fdch stroj\u016f a\u017e po stavebn\u00ed za\u0159\u00edzen\u00ed je hydraulick\u00fd v\u00e1lec kl\u00ed\u010dem k optimalizaci v\u00fdkonu a dosa\u017een\u00ed vynikaj\u00edc\u00edch v\u00fdsledk\u016f. Objevte, jak tento v\u00fdkonn\u00fd n\u00e1stroj m\u016f\u017ee zp\u016fsobit revoluci ve va\u0161em provozu.<\/p>\n<ul>\n<li><strong>P\u0159esn\u00e9 stroj\u00edrenstv\u00ed<\/strong>Hydraulick\u00fd v\u00e1lec je pe\u010dliv\u011b navr\u017een tak, aby poskytoval p\u0159esn\u00e9 ovl\u00e1d\u00e1n\u00ed pohybu a s\u00edly. D\u00edky pokro\u010dil\u00e9 konstrukci a vysoce kvalitn\u00ed konstrukci zaji\u0161\u0165uje p\u0159esn\u00fd a opakovateln\u00fd v\u00fdkon, co\u017e v\u00e1m umo\u017e\u0148uje dos\u00e1hnout po\u017eadovan\u00fdch v\u00fdsledk\u016f s v\u00fdjime\u010dnou p\u0159esnost\u00ed.<\/li>\n<li><strong>Zv\u00fd\u0161en\u00e1 efektivita<\/strong>Rozlu\u010dte se s neefektivitou a nerovnom\u011brn\u00fdm v\u00fdkonem. Hydraulick\u00fd v\u00e1lec optimalizuje vyu\u017eit\u00ed hydraulick\u00e9 s\u00edly a maximalizuje \u00fa\u010dinnost a produktivitu. Za\u017eijte plynul\u00e9 a kontrolovan\u00e9 pohyby, kter\u00e9 sni\u017euj\u00ed pl\u00fdtv\u00e1n\u00ed energi\u00ed a zvy\u0161uj\u00ed celkov\u00fd v\u00fdkon syst\u00e9mu.<\/li>\n<\/ul>\n<h2><strong>Schopnosti a kapacita tov\u00e1rny:<\/strong><\/h2>\n<h3><strong>(1) Mont\u00e1\u017e<\/strong><\/h3>\n<p>Na\u0161e za\u0159\u00edzen\u00ed se py\u0161n\u00ed \u0161pi\u010dkovou nez\u00e1vislou v\u00fdzkumnou a v\u00fdvojovou mont\u00e1\u017en\u00ed platformou zam\u011b\u0159enou na v\u00fdrobu hydraulick\u00fdch v\u00e1lc\u016f. Provozujeme \u010dty\u0159i poloautomatick\u00e9 mont\u00e1\u017en\u00ed linky pro zdvihac\u00ed v\u00e1lce a jednu pln\u011b automatickou mont\u00e1\u017en\u00ed linku pro nakl\u00e1p\u011bc\u00ed v\u00e1lce s p\u016fsobivou ro\u010dn\u00ed v\u00fdrobn\u00ed kapacitou 1 milionu v\u00e1lc\u016f.<img loading=\"lazy\" decoding=\"async\" class=\"aligncenter wp-image-626\" src=\"https:\/\/hydraulic-cylinders.net\/wp-content\/uploads\/2023\/08\/hydraulic-cylinder-product-1-300x158.webp\" alt=\"\" width=\"500\" height=\"263\" srcset=\"https:\/\/hydraulic-cylinders.net\/wp-content\/uploads\/2023\/08\/hydraulic-cylinder-product-1-300x158.webp 500w, https:\/\/hydraulic-cylinders.net\/wp-content\/uploads\/2023\/08\/hydraulic-cylinder-product-1-480x252.webp 480w\" sizes=\"(min-width: 0px) and (max-width: 480px) 480px, (min-width: 481px) 500px, 100vw\" \/><\/p>\n<p>V na\u0161\u00ed specializovan\u00e9 d\u00edln\u011b na v\u00fdrobu lahv\u00ed vyu\u017e\u00edv\u00e1me poloautomatick\u00fd syst\u00e9m \u010di\u0161t\u011bn\u00ed a mont\u00e1\u017ee, navr\u017een\u00fd pro r\u016fzn\u00e9 specifikace, kter\u00fd je schopen vyrobit 200 000 lahv\u00ed ro\u010dn\u011b. Na\u0161e d\u00edlna je vybavena modern\u00edm CNC obr\u00e1b\u011bc\u00edm za\u0159\u00edzen\u00edm, obr\u00e1b\u011bc\u00edm centrem, vysoce p\u0159esn\u00fdmi n\u00e1stroji pro zpracov\u00e1n\u00ed lahv\u00ed, robotick\u00fdmi sva\u0159ovac\u00edmi stroji, automatick\u00fdmi \u010distic\u00edmi syst\u00e9my a automatizovanou linkou na mont\u00e1\u017e lahv\u00ed. Krom\u011b toho m\u00e1me pln\u011b automatizovanou v\u00fdrobn\u00ed linku pro lakov\u00e1n\u00ed.<\/p>\n<p>S v\u00edce ne\u017e 300 kusy kritick\u00e9ho vybaven\u00ed zaji\u0161\u0165uje na\u0161e optim\u00e1ln\u00ed alokace zdroj\u016f spln\u011bn\u00ed p\u0159\u00edsn\u00fdch standard\u016f p\u0159esnosti a kvality po\u017eadovan\u00fdch na\u0161imi klienty. Tento z\u00e1vazek k efektivit\u011b a p\u0159esnosti n\u00e1s \u0159ad\u00ed mezi l\u00eddry v odv\u011btv\u00ed hydraulick\u00fdch v\u00e1lc\u016f.<\/p>\n<p><img loading=\"lazy\" decoding=\"async\" class=\"aligncenter wp-image-627\" src=\"https:\/\/hydraulic-cylinders.net\/wp-content\/uploads\/2023\/08\/hydraulic-cylinder-product-2-300x189.webp\" alt=\"\" width=\"500\" height=\"315\" srcset=\"https:\/\/hydraulic-cylinders.net\/wp-content\/uploads\/2023\/08\/hydraulic-cylinder-product-2-300x189.webp 500w, https:\/\/hydraulic-cylinders.net\/wp-content\/uploads\/2023\/08\/hydraulic-cylinder-product-2-480x302.webp 480w\" sizes=\"(min-width: 0px) and (max-width: 480px) 480px, (min-width: 481px) 500px, 100vw\" \/><\/p>\n<h3><strong>(2) Obr\u00e1b\u011bn\u00ed<\/strong><\/h3>\n<p>Na\u0161e obr\u00e1b\u011bc\u00ed d\u00edlna je vybavena nejmodern\u011bj\u0161\u00edm vybaven\u00edm, v\u010detn\u011b zak\u00e1zkov\u00e9ho soustru\u017enick\u00e9ho centra pro \u0161ikm\u00e9 kolejnice, p\u0159esn\u00e9ho obr\u00e1b\u011bc\u00edho centra, vysokorychlostn\u00edho honovac\u00edho stroje a pokro\u010dil\u00fdch sva\u0159ovac\u00edch robot\u016f. Toto sofistikovan\u00e9 nastaven\u00ed n\u00e1m umo\u017e\u0148uje efektivn\u011b zpracov\u00e1vat v\u00e1lcov\u00e9 trubky s maxim\u00e1ln\u00edm vnit\u0159n\u00edm pr\u016fm\u011brem 400 mm a d\u00e9lkou a\u017e 6 metr\u016f.<\/p>\n<p><img loading=\"lazy\" decoding=\"async\" class=\"wp-image-628 size-large aligncenter\" src=\"https:\/\/hydraulic-cylinders.net\/wp-content\/uploads\/2023\/08\/hydraulic-cylinder-product-3-1024x391.webp\" alt=\"\" width=\"1024\" height=\"391\" srcset=\"https:\/\/hydraulic-cylinders.net\/wp-content\/uploads\/2023\/08\/hydraulic-cylinder-product-3-980x374.webp 980w, https:\/\/hydraulic-cylinders.net\/wp-content\/uploads\/2023\/08\/hydraulic-cylinder-product-3-480x183.webp 480w\" sizes=\"(min-width: 0px) and (max-width: 480px) 480px, (min-width: 481px) and (max-width: 980px) 980px, (min-width: 981px) 1024px, 100vw\" \/><\/p>\n<p>D\u00edky na\u0161\u00ed \u0161pi\u010dkov\u00e9 technologii zaji\u0161\u0165ujeme vysoce kvalitn\u00ed obr\u00e1b\u011bn\u00ed, kter\u00e9 spl\u0148uje rozmanit\u00e9 pot\u0159eby v\u00fdroby hydraulick\u00fdch v\u00e1lc\u016f.<\/p>\n<h3><strong>(3) Sva\u0159ov\u00e1n\u00ed<\/strong><\/h3>\n<p><img loading=\"lazy\" decoding=\"async\" class=\"wp-image-629 size-large aligncenter\" src=\"https:\/\/hydraulic-cylinders.net\/wp-content\/uploads\/2023\/08\/hydraulic-cylinder-product-4-1024x510.webp\" alt=\"\" width=\"1024\" height=\"510\" srcset=\"https:\/\/hydraulic-cylinders.net\/wp-content\/uploads\/2023\/08\/hydraulic-cylinder-product-4-980x488.webp 980w, https:\/\/hydraulic-cylinders.net\/wp-content\/uploads\/2023\/08\/hydraulic-cylinder-product-4-480x239.webp 480w\" sizes=\"(min-width: 0px) and (max-width: 480px) 480px, (min-width: 481px) and (max-width: 980px) 980px, (min-width: 981px) 1024px, 100vw\" \/><\/p>\n<h3><strong>(4) Lakov\u00e1n\u00ed a n\u00e1t\u011bry<\/strong><\/h3>\n<p><img loading=\"lazy\" decoding=\"async\" class=\"wp-image-630 aligncenter\" src=\"https:\/\/hydraulic-cylinders.net\/wp-content\/uploads\/2023\/08\/hydraulic-cylinder-product-5-300x213.webp\" alt=\"\" width=\"500\" height=\"355\" \/><\/p>\n<p>Na\u0161e za\u0159\u00edzen\u00ed je vybaveno pokro\u010dil\u00fdmi automatick\u00fdmi linkami na nan\u00e1\u0161en\u00ed barev na vodn\u00ed b\u00e1zi, kter\u00e9 jsou speci\u00e1ln\u011b navr\u017eeny pro mal\u00e9 a st\u0159edn\u00ed v\u00e1lce. Tyto linky vyu\u017e\u00edvaj\u00ed robotickou technologii pro efektivn\u00ed nakl\u00e1d\u00e1n\u00ed, vykl\u00e1d\u00e1n\u00ed a st\u0159\u00edk\u00e1n\u00ed, \u010d\u00edm\u017e dosahuj\u00ed pozoruhodn\u00e9 v\u00fdrobn\u00ed kapacity 4 000 kus\u016f za sm\u011bnu.<\/p>\n<p><img loading=\"lazy\" decoding=\"async\" class=\"wp-image-631 aligncenter\" src=\"https:\/\/hydraulic-cylinders.net\/wp-content\/uploads\/2023\/08\/hydraulic-cylinder-product-6-300x225.webp\" alt=\"\" width=\"500\" height=\"375\" srcset=\"https:\/\/hydraulic-cylinders.net\/wp-content\/uploads\/2023\/08\/hydraulic-cylinder-product-6-300x225.webp 500w, https:\/\/hydraulic-cylinders.net\/wp-content\/uploads\/2023\/08\/hydraulic-cylinder-product-6-480x360.webp 480w\" sizes=\"(min-width: 0px) and (max-width: 480px) 480px, (min-width: 481px) 500px, 100vw\" \/><\/p>\n<p>Krom\u011b toho provozujeme poloautomatickou linku na v\u00fdrobu lak\u016f pro velk\u00e9 v\u00e1lce, poh\u00e1n\u011bnou robustn\u00edm hnac\u00edm \u0159et\u011bzem, s projektovanou kapacitou 60 lahv\u00ed za sm\u011bnu. Tato kombinace automatizace a efektivity zaji\u0161\u0165uje vysoce kvalitn\u00ed povrchovou \u00fapravu v\u0161ech na\u0161ich hydraulick\u00fdch v\u00e1lc\u016f.<\/p>\n<h3><strong>(5) Testov\u00e1n\u00ed<\/strong><\/h3>\n<p>Disponujeme prvot\u0159\u00eddn\u00edmi inspek\u010dn\u00edmi za\u0159\u00edzen\u00edmi a zku\u0161ebn\u00edmi laborato\u0159emi, abychom zajistili, \u017ee v\u00fdkon v\u00e1lce spl\u0148uje po\u017eadavky.<\/p>\n<p><img loading=\"lazy\" decoding=\"async\" class=\"wp-image-632 aligncenter\" src=\"https:\/\/hydraulic-cylinders.net\/wp-content\/uploads\/2023\/08\/hydraulic-cylinder-product-8-300x200.webp\" alt=\"\" width=\"389\" height=\"260\" \/><\/p>\n<p>Jsme renomovan\u00fd v\u00fdrobce <a href=\"https:\/\/hzpt.com\/mobile-machinery-hydraulic-cylinder\/\" target=\"_blank\" rel=\"noopener\">hydraulick\u00e9 v\u00e1lce<\/a>, uzn\u00e1van\u00e1 jako jedna z nejlep\u0161\u00edch v oboru. Na\u0161e rozs\u00e1hl\u00e1 produktov\u00e1 \u0159ada zahrnuje \u0161irokou \u0161k\u00e1lu hydraulick\u00fdch v\u00e1lc\u016f p\u0159izp\u016fsoben\u00fdch r\u016fzn\u00fdm aplikac\u00edm. Krom\u011b hydraulick\u00fdch v\u00e1lc\u016f dod\u00e1v\u00e1me tak\u00e9 vysoce kvalitn\u00ed zem\u011bd\u011blsk\u00e9 p\u0159evodovky, co\u017e na\u0161im z\u00e1kazn\u00edk\u016fm zaji\u0161\u0165uje p\u0159\u00edstup ke komplexn\u00edm \u0159e\u0161en\u00edm pro jejich strojn\u00ed pot\u0159eby.<\/p>\n<p>D\u00edky z\u00e1vazku k dokonalosti jsme \u00fasp\u011b\u0161n\u011b exportovali na\u0161e produkty klient\u016fm po cel\u00e9m sv\u011bt\u011b a z\u00edskali si silnou pov\u011bst d\u00edky vynikaj\u00edc\u00ed kvalit\u011b produkt\u016f a v\u00fdjime\u010dn\u00e9mu poprodejn\u00edmu servisu. Na\u0161e oddanost spokojenosti z\u00e1kazn\u00edk\u016f n\u00e1s pozicionovala jako d\u016fv\u011bryhodn\u00e9ho partnera na dom\u00e1c\u00edm i mezin\u00e1rodn\u00edm trhu.<\/p>\n<h2><strong>Pro\u010d si vybrat n\u00e1s?<\/strong><\/h2>\n<p><img loading=\"lazy\" decoding=\"async\" class=\"size-full wp-image-7201 aligncenter\" src=\"https:\/\/www.hydraulic-cylinders.net\/wp-content\/uploads\/2024\/09\/mining-dump-steering-cylinder-hydraulics-on-trucks-8.webp\" alt=\"\" width=\"1110\" height=\"735\" srcset=\"https:\/\/www.hydraulic-cylinders.net\/wp-content\/uploads\/2024\/09\/mining-dump-steering-cylinder-hydraulics-on-trucks-8.webp 1110w, https:\/\/www.hydraulic-cylinders.net\/wp-content\/uploads\/2024\/09\/mining-dump-steering-cylinder-hydraulics-on-trucks-8-980x649.webp 980w, https:\/\/www.hydraulic-cylinders.net\/wp-content\/uploads\/2024\/09\/mining-dump-steering-cylinder-hydraulics-on-trucks-8-480x318.webp 480w\" sizes=\"(min-width: 0px) and (max-width: 480px) 480px, (min-width: 481px) and (max-width: 980px) 980px, (min-width: 981px) 1110px, 100vw\" \/><\/p>\n<p><strong>Odborn\u00e9 znalosti:<\/strong> N\u00e1\u0161 t\u00fdm se skl\u00e1d\u00e1 z odborn\u00edk\u016f z oboru s rozs\u00e1hl\u00fdmi znalostmi a zku\u0161enostmi v oblasti hydraulick\u00fdch syst\u00e9m\u016f, co\u017e zaru\u010duje, \u017ee dod\u00e1v\u00e1me \u0161pi\u010dkov\u00e9 produkty a slu\u017eby.<\/p>\n<p><strong>Mezin\u00e1rodn\u00ed certifikace:<\/strong> Dodr\u017eujeme p\u0159\u00edsn\u00e9 standardy kvality a jsme dr\u017eiteli r\u016fzn\u00fdch mezin\u00e1rodn\u00edch certifikac\u00ed, co\u017e dokazuje n\u00e1\u0161 z\u00e1vazek dod\u00e1vat spolehliv\u00e1 a bezpe\u010dn\u00e1 hydraulick\u00e1 \u0159e\u0161en\u00ed.<\/p>\n<p><strong>\u0158e\u0161en\u00ed na m\u00edru:<\/strong> Ch\u00e1peme, \u017ee pot\u0159eby ka\u017ed\u00e9ho z\u00e1kazn\u00edka jsou jedine\u010dn\u00e9. Proto nab\u00edz\u00edme hydraulick\u00e9 v\u00e1lce a p\u0159evodovky na m\u00edru, kter\u00e9 jsou p\u0159izp\u016fsobeny specifick\u00fdm po\u017eadavk\u016fm.<\/p>\n<p><strong>Pokro\u010dil\u00e9 v\u00fdrobn\u00ed za\u0159\u00edzen\u00ed:<\/strong> Na\u0161e nejmodern\u011bj\u0161\u00ed v\u00fdrobn\u00ed za\u0159\u00edzen\u00ed vyu\u017e\u00edvaj\u00ed nejmodern\u011bj\u0161\u00ed technologie a vybaven\u00ed, co\u017e n\u00e1m umo\u017e\u0148uje efektivn\u011b vyr\u00e1b\u011bt vysoce kvalitn\u00ed produkty.<\/p>\n<p><strong>Komplexn\u00ed poprodejn\u00ed podpora:<\/strong> N\u00e1\u0161 z\u00e1vazek v\u016f\u010di z\u00e1kazn\u00edk\u016fm sah\u00e1 i za hranice prodeje. Poskytujeme pr\u016fb\u011b\u017enou podporu a \u00fadr\u017ebu, abychom zajistili optim\u00e1ln\u00ed v\u00fdkon na\u0161ich produkt\u016f.<\/p>\n<p>Zveme z\u00e1kazn\u00edky z cel\u00e9ho sv\u011bta, aby se na n\u00e1s obr\u00e1tili s \u017e\u00e1dost\u00ed o obchodn\u00ed jedn\u00e1n\u00ed, v\u00fdm\u011bnu informac\u00ed a spolupr\u00e1ci. Spole\u010dn\u011b m\u016f\u017eeme dos\u00e1hnout v\u011bt\u0161\u00edho \u00fasp\u011bchu v hydraulick\u00e9m pr\u016fmyslu!<\/p>","protected":false},"excerpt":{"rendered":"<p>Forklift Short Lifting Hydraulic Cylinder The Short Forklift Lift Cylinder is designed to tackle short lifting tasks effortlessly, delivering the power and precision needed to optimize your material handling operations. Featuring a robust design, this hydraulic cylinder can withstand heavy loads, frequent use, and challenging operating conditions. Built for durability, it ensures reliable performance while [&hellip;]<\/p>","protected":false},"featured_media":658,"comment_status":"open","ping_status":"closed","template":"","meta":{"_et_pb_use_builder":"","_et_pb_old_content":"","_et_gb_content_width":""},"product_brand":[],"product_cat":[1484,1549],"product_tag":[1380],"class_list":{"0":"post-652","1":"product","2":"type-product","3":"status-publish","4":"has-post-thumbnail","6":"product_cat-forklift-hydraulic-cylinders","7":"product_cat-single-acting-hydraulic-cylinder","8":"product_tag-hydraulic-cylinder","10":"first","11":"instock","12":"shipping-taxable","13":"product-type-simple"},"amp_enabled":true,"_links":{"self":[{"href":"https:\/\/www.hydraulic-cylinders.net\/cs\/wp-json\/wp\/v2\/product\/652","targetHints":{"allow":["GET"]}}],"collection":[{"href":"https:\/\/www.hydraulic-cylinders.net\/cs\/wp-json\/wp\/v2\/product"}],"about":[{"href":"https:\/\/www.hydraulic-cylinders.net\/cs\/wp-json\/wp\/v2\/types\/product"}],"replies":[{"embeddable":true,"href":"https:\/\/www.hydraulic-cylinders.net\/cs\/wp-json\/wp\/v2\/comments?post=652"}],"wp:featuredmedia":[{"embeddable":true,"href":"https:\/\/www.hydraulic-cylinders.net\/cs\/wp-json\/wp\/v2\/media\/658"}],"wp:attachment":[{"href":"https:\/\/www.hydraulic-cylinders.net\/cs\/wp-json\/wp\/v2\/media?parent=652"}],"wp:term":[{"taxonomy":"product_brand","embeddable":true,"href":"https:\/\/www.hydraulic-cylinders.net\/cs\/wp-json\/wp\/v2\/product_brand?post=652"},{"taxonomy":"product_cat","embeddable":true,"href":"https:\/\/www.hydraulic-cylinders.net\/cs\/wp-json\/wp\/v2\/product_cat?post=652"},{"taxonomy":"product_tag","embeddable":true,"href":"https:\/\/www.hydraulic-cylinders.net\/cs\/wp-json\/wp\/v2\/product_tag?post=652"}],"curies":[{"name":"wp","href":"https:\/\/api.w.org\/{rel}","templated":true}]}}