{"id":759,"date":"2023-08-23T01:42:36","date_gmt":"2023-08-23T01:42:36","guid":{"rendered":"https:\/\/hydraulic-cylinders.net\/?post_type=product&#038;p=759"},"modified":"2025-03-27T01:13:04","modified_gmt":"2025-03-27T01:13:04","slug":"low-pressure-hydraulic-cylinder-rear-flange","status":"publish","type":"product","link":"https:\/\/www.hydraulic-cylinders.net\/cs\/produkt\/low-pressure-hydraulic-cylinder-rear-flange\/","title":{"rendered":"Zadn\u00ed p\u0159\u00edruba n\u00edzkotlak\u00e9ho hydraulick\u00e9ho v\u00e1lce"},"content":{"rendered":"<h1 style=\"text-align: center;\"><strong>Zadn\u00ed p\u0159\u00edruba n\u00edzkotlak\u00e9ho hydraulick\u00e9ho v\u00e1lce<\/strong><\/h1>\n<p><img loading=\"lazy\" decoding=\"async\" class=\"wp-image-762 size-full aligncenter\" src=\"https:\/\/hydraulic-cylinders.net\/wp-content\/uploads\/2023\/08\/low-pressure-pull-rod-hydraulic-cylinder-back-flange-1-1.webp\" alt=\"\" width=\"488\" height=\"237\" srcset=\"https:\/\/hydraulic-cylinders.net\/wp-content\/uploads\/2023\/08\/low-pressure-pull-rod-hydraulic-cylinder-back-flange-1-1.webp 488w, https:\/\/hydraulic-cylinders.net\/wp-content\/uploads\/2023\/08\/low-pressure-pull-rod-hydraulic-cylinder-back-flange-1-1-480x233.webp 480w\" sizes=\"(min-width: 0px) and (max-width: 480px) 480px, (min-width: 481px) 488px, 100vw\" \/><\/p>\n<p>N\u00edzkotlak\u00fd hydraulick\u00fd v\u00e1lec se zadn\u00ed p\u0159\u00edrubou ozna\u010duje speci\u00e1ln\u00ed typ hydraulick\u00e9ho v\u00e1lce s p\u0159\u00edrubou na zadn\u00edm konci. Tato p\u0159\u00edruba je mont\u00e1\u017en\u00ed bod nebo spojovac\u00ed otvor pou\u017e\u00edvan\u00fd k p\u0159ipojen\u00ed v\u00e1lce k jin\u00fdm \u010d\u00e1stem nebo za\u0159\u00edzen\u00edm. N\u00ed\u017ee je uveden p\u0159ehled n\u00edzkotlak\u00fdch hydraulick\u00fdch v\u00e1lc\u016f se zadn\u00edmi p\u0159\u00edrubami:<\/p>\n<p>N\u00e1vrh a konstrukce n\u00edzkotlak\u00e9ho hydraulick\u00e9ho v\u00e1lce<\/p>\n<p>Blok v\u00e1lc\u016f: Blok v\u00e1lc\u016f je obvykle vyroben z vysokopevnostn\u00ed oceli nebo jin\u00e9ho odoln\u00e9ho materi\u00e1lu, kter\u00fd odol\u00e1v\u00e1 hydraulick\u00e9mu tlaku a vn\u011bj\u0161\u00edm sil\u00e1m. Obsahuje p\u00edst a dal\u0161\u00ed vnit\u0159n\u00ed sou\u010d\u00e1sti.<br \/>\nP\u00edst a ty\u010d: P\u00edst je v\u00e1lcov\u00e1 sou\u010d\u00e1st, kter\u00e1 se pohybuje tam a zp\u011bt v bubnu. Je spojena s ty\u010d\u00ed, kter\u00e1 proch\u00e1z\u00ed zadn\u00edm koncem v\u00e1lce a p\u0159en\u00e1\u0161\u00ed tlak kapaliny.<br \/>\nZadn\u00ed p\u0159\u00edruba: Zadn\u00ed p\u0159\u00edruba je ploch\u00e1 nebo kulat\u00e1 deska um\u00edst\u011bn\u00e1 na zadn\u00edm konci v\u00e1lce. Je navr\u017eena s mont\u00e1\u017en\u00edmi otvory nebo jin\u00fdmi spojovac\u00edmi mechanismy, kter\u00e9 umo\u017e\u0148uj\u00ed snadn\u00e9 p\u0159ipojen\u00ed k jin\u00fdm za\u0159\u00edzen\u00edm nebo komponent\u00e1m.<\/p>\n<h2><strong>Parametr zadn\u00ed p\u0159\u00edruby n\u00edzkotlak\u00e9ho hydraulick\u00e9ho v\u00e1lce:<\/strong><\/h2>\n<p><img loading=\"lazy\" decoding=\"async\" class=\"alignnone wp-image-763 size-large\" src=\"https:\/\/hydraulic-cylinders.net\/wp-content\/uploads\/2023\/08\/low-pressure-pull-rod-hydraulic-cylinder-back-flange-2-1-1024x556.webp\" alt=\"\" width=\"1024\" height=\"556\" srcset=\"https:\/\/hydraulic-cylinders.net\/wp-content\/uploads\/2023\/08\/low-pressure-pull-rod-hydraulic-cylinder-back-flange-2-1-980x532.webp 980w, https:\/\/hydraulic-cylinders.net\/wp-content\/uploads\/2023\/08\/low-pressure-pull-rod-hydraulic-cylinder-back-flange-2-1-480x261.webp 480w\" sizes=\"(min-width: 0px) and (max-width: 480px) 480px, (min-width: 481px) and (max-width: 980px) 980px, (min-width: 981px) 1024px, 100vw\" \/><\/p>\n<h2><strong>Aplikace <\/strong><strong>Zadn\u00ed p\u0159\u00edruba n\u00edzkotlak\u00e9ho hydraulick\u00e9ho v\u00e1lce<\/strong><strong>:<\/strong><\/h2>\n<ul>\n<li>N\u00edzkotlak\u00e9 hydraulick\u00e9 v\u00e1lce se zadn\u00edmi p\u0159\u00edrubami jsou vhodn\u00e9 pro r\u016fzn\u00e1 pr\u016fmyslov\u00e1 odv\u011btv\u00ed a syst\u00e9my pracuj\u00edc\u00ed s ni\u017e\u0161\u00edmi hydraulick\u00fdmi tlaky.<\/li>\n<li>B\u011b\u017en\u011b se pou\u017e\u00edvaj\u00ed v pr\u016fmyslov\u00fdch stroj\u00edch, mobiln\u00edch za\u0159\u00edzen\u00edch a dal\u0161\u00edch syst\u00e9mech, kde existuj\u00ed prostorov\u00e1 omezen\u00ed nebo specifick\u00e9 po\u017eadavky na instalaci.<\/li>\n<li>Tyto v\u00e1lce jsou vhodn\u00e9 pro manipulaci s materi\u00e1lem, zdvihac\u00ed mechanismy, dopravn\u00edkov\u00e9 syst\u00e9my a dal\u0161\u00ed za\u0159\u00edzen\u00ed, kter\u00e1 vy\u017eaduj\u00ed line\u00e1rn\u00ed s\u00edlu nebo pohyb.<\/li>\n<\/ul>\n<h2><strong>Mont\u00e1\u017e a p\u0159ipojen\u00ed <\/strong><strong>Zadn\u00ed p\u0159\u00edruba n\u00edzkotlak\u00e9ho hydraulick\u00e9ho v\u00e1lce<\/strong><strong>:<\/strong><\/h2>\n<ul>\n<li>Zadn\u00ed p\u0159\u00edruba n\u00edzkotlak\u00e9ho hydraulick\u00e9ho v\u00e1lce poskytuje pohodln\u00fd a bezpe\u010dn\u00fd zp\u016fsob mont\u00e1\u017ee a p\u0159ipojen\u00ed v\u00e1lce. Umo\u017e\u0148uje p\u0159\u00edm\u00e9 p\u0159ipevn\u011bn\u00ed k jin\u00e9mu za\u0159\u00edzen\u00ed nebo konstruk\u010dn\u00edm prvk\u016fm.<\/li>\n<li>Mont\u00e1\u017en\u00ed otvory nebo spojovac\u00ed body na zadn\u00ed p\u0159\u00edrub\u011b jsou obvykle zarovn\u00e1ny s odpov\u00eddaj\u00edc\u00edmi otvory nebo spojovac\u00edmi body na za\u0159\u00edzen\u00ed nebo konstrukci, ke kter\u00e9 je p\u0159ipevn\u011bna.<\/li>\n<li>Spojovac\u00ed prvky, jako jsou \u0161rouby nebo vruty, se pou\u017e\u00edvaj\u00ed k upevn\u011bn\u00ed zadn\u00ed p\u0159\u00edruby v\u00e1lce k dosedac\u00ed plo\u0161e, \u010d\u00edm\u017e se zaji\u0161\u0165uje stabiln\u00ed a pevn\u00e9 spojen\u00ed.<\/li>\n<\/ul>\n<h2><strong>Jak rozebrat hydraulick\u00fd v\u00e1lec?<\/strong><\/h2>\n<p>Demont\u00e1\u017e hydraulick\u00e9ho v\u00e1lce vy\u017eaduje opatrn\u00e9 zach\u00e1zen\u00ed a znalost jeho sou\u010d\u00e1st\u00ed. Zde je obecn\u00fd n\u00e1vod, jak hydraulick\u00fd v\u00e1lec rozebrat:<\/p>\n<ol>\n<li><strong>Bezpe\u010dnostn\u00ed opat\u0159en\u00ed<\/strong>:\n<ul>\n<li>Ujist\u011bte se, \u017ee je hydraulick\u00fd syst\u00e9m bez tlaku a \u017ee ve v\u00e1lci nen\u00ed \u017e\u00e1dn\u00fd zbytkov\u00fd tlak. Dodr\u017eujte spr\u00e1vn\u00e9 postupy blokov\u00e1n\u00ed\/ozna\u010dov\u00e1n\u00ed, abyste zabr\u00e1nili n\u00e1hodn\u00e9 aktivaci syst\u00e9mu.<\/li>\n<li>Pou\u017e\u00edvejte vhodn\u00e9 osobn\u00ed ochrann\u00e9 prost\u0159edky (OOP), jako jsou rukavice a ochrann\u00e9 br\u00fdle, abyste se chr\u00e1nili p\u0159ed hydraulickou kapalinou a potenci\u00e1ln\u00edm nebezpe\u010d\u00edm.<\/li>\n<\/ul>\n<\/li>\n<li><strong>Demont\u00e1\u017e v\u00e1lce<\/strong>:\n<ul>\n<li>Odpojte hydraulick\u00e9 potrub\u00ed p\u0159ipojen\u00e9 k v\u00e1lci a ujist\u011bte se, \u017ee je ve\u0161ker\u00e1 zbytkov\u00e1 kapalina \u0159\u00e1dn\u011b zachycena.<\/li>\n<li>Pokud je v\u00e1lec namontov\u00e1n nebo upevn\u011bn k jin\u00fdm sou\u010d\u00e1stem, odstra\u0148te v\u0161echny upev\u0148ovac\u00ed prvky nebo mont\u00e1\u017en\u00ed konzoly, abyste v\u00e1lec uvolnili.<\/li>\n<li>Opatrn\u011b zvedn\u011bte a vyjm\u011bte v\u00e1lec z jeho mont\u00e1\u017en\u00ed polohy a dbejte na to, abyste nepo\u0161kodili nebo nenapnuli \u017e\u00e1dn\u00e9 p\u0159ipojen\u00e9 hadice nebo armatury.<\/li>\n<\/ul>\n<\/li>\n<li><strong>Inspekce a dokumentace<\/strong>:\n<ul>\n<li>D\u016fkladn\u011b prohl\u00e9dn\u011bte vn\u011bj\u0161\u00ed povrch v\u00e1lce, zda nevykazuje zn\u00e1mky po\u0161kozen\u00ed, net\u011bsnost\u00ed nebo nadm\u011brn\u00e9ho opot\u0159eben\u00ed. Ve\u0161ker\u00e1 pozorov\u00e1n\u00ed nebo probl\u00e9my si zaznamenejte pro budouc\u00ed pou\u017eit\u00ed.<\/li>\n<li>P\u0159ed demont\u00e1\u017e\u00ed si poznamenejte orientaci v\u00e1lce a polohu t\u011bsn\u011bn\u00ed, lo\u017eisek a dal\u0161\u00edch sou\u010d\u00e1st\u00ed. To v\u00e1m pom\u016f\u017ee p\u0159i op\u011btovn\u00e9 mont\u00e1\u017ei.<\/li>\n<\/ul>\n<\/li>\n<li><strong>Demont\u00e1\u017e v\u00e1lce<\/strong>:\n<ul>\n<li>Na obou konc\u00edch v\u00e1lce najd\u011bte koncov\u00e9 v\u00ed\u010dka nebo pojistn\u00e9 krou\u017eky. Tyto sou\u010d\u00e1sti dr\u017e\u00ed pohromad\u011b v\u00e1lec v\u00e1lce a sestavu p\u00edstu.<\/li>\n<li>Pomoc\u00ed vhodn\u00e9ho n\u00e1\u0159ad\u00ed opatrn\u011b odstra\u0148te koncov\u00e9 krytky nebo pojistn\u00e9 krou\u017eky a dbejte na to, abyste nepo\u0161kodili \u017e\u00e1dn\u00e9 povrchy ani sou\u010d\u00e1sti.<\/li>\n<li>Po odstran\u011bn\u00ed koncov\u00fdch v\u00ed\u010dek nebo pojistn\u00fdch krou\u017ek\u016f by se m\u011bla sestava v\u00e1lce a p\u00edstu voln\u011b odd\u011blit.<\/li>\n<\/ul>\n<\/li>\n<li><strong>Demont\u00e1\u017e komponenty<\/strong>:\n<ul>\n<li>Vyjm\u011bte p\u00edst z v\u00e1lce a v\u0161imn\u011bte si v\u0161ech t\u011bsn\u011bn\u00ed, lo\u017eisek nebo jin\u00fdch sou\u010d\u00e1st\u00ed, kter\u00e9 k n\u011bmu mohou b\u00fdt p\u0159ipevn\u011bny.<\/li>\n<li>Zkontrolujte a zdokumentujte stav v\u0161ech demontovan\u00fdch sou\u010d\u00e1st\u00ed, zda nejsou opot\u0159ebovan\u00e9, po\u0161kozen\u00e9 nebo net\u011bsn\u00e9. V p\u0159\u00edpad\u011b pot\u0159eby vym\u011b\u0148te v\u0161echny opot\u0159ebovan\u00e9 nebo po\u0161kozen\u00e9 d\u00edly.<\/li>\n<\/ul>\n<\/li>\n<li><strong>\u010ci\u0161t\u011bn\u00ed a skladov\u00e1n\u00ed sou\u010d\u00e1st\u00ed<\/strong>:\n<ul>\n<li>V\u0161echny demontovan\u00e9 sou\u010d\u00e1sti d\u016fkladn\u011b o\u010dist\u011bte vhodn\u00fdm \u010distic\u00edm prost\u0159edkem, abyste odstranili ve\u0161ker\u00e9 ne\u010distoty, \u00falomky nebo hydraulickou kapalinu.<\/li>\n<li>Sou\u010d\u00e1sti skladujte \u010dist\u011b a uspo\u0159\u00e1dan\u011b a chra\u0148te je p\u0159ed kontaminac\u00ed a po\u0161kozen\u00edm.<\/li>\n<\/ul>\n<\/li>\n<\/ol>\n<h2><strong>Schopnosti a kapacita tov\u00e1rny:<\/strong><\/h2>\n<h3>(1) Mont\u00e1\u017e<\/h3>\n<p>Disponujeme prvot\u0159\u00eddn\u00ed nez\u00e1vislou v\u00fdzkumnou a v\u00fdvojovou mont\u00e1\u017en\u00ed platformou. D\u00edlna na v\u00fdrobu v\u00e1lc\u016f pro vysokozdvi\u017en\u00e9 voz\u00edky m\u00e1 \u010dty\u0159i poloautomatick\u00e9 mont\u00e1\u017en\u00ed linky pro zvedac\u00ed v\u00e1lce a jednu automatickou mont\u00e1\u017en\u00ed linku pro nakl\u00e1p\u011bc\u00ed v\u00e1lce s projektovanou ro\u010dn\u00ed v\u00fdrobn\u00ed kapacitou 1 milion kus\u016f. D\u00edlna na speci\u00e1ln\u00ed v\u00e1lce je vybavena poloautomatick\u00fdm \u010distic\u00edm a mont\u00e1\u017en\u00edm syst\u00e9mem s r\u016fzn\u00fdmi specifikacemi a projektovanou ro\u010dn\u00ed v\u00fdrobn\u00ed kapacitou 200 000 kus\u016f. Je vybavena zn\u00e1m\u00fdm CNC obr\u00e1b\u011bc\u00edm za\u0159\u00edzen\u00edm, obr\u00e1b\u011bc\u00edm centrem, vysoce p\u0159esn\u00fdm speci\u00e1ln\u00edm za\u0159\u00edzen\u00edm pro zpracov\u00e1n\u00ed v\u00e1lc\u016f, robotick\u00fdm sva\u0159ovac\u00edm strojem, automatick\u00fdm \u010distic\u00edm strojem, automatick\u00fdm mont\u00e1\u017en\u00edm strojem pro v\u00e1lce a automatickou lakovac\u00ed v\u00fdrobn\u00ed linkou. St\u00e1vaj\u00edc\u00ed kl\u00ed\u010dov\u00e9 vybaven\u00ed m\u00e1 v\u00edce ne\u017e 300 sad. Optim\u00e1ln\u00ed alokace a efektivn\u00ed vyu\u017eit\u00ed zdroj\u016f za\u0159\u00edzen\u00ed zaji\u0161\u0165uje po\u017eadavky na p\u0159esnost v\u00fdrobk\u016f a spl\u0148uje po\u017eadavky na vysokou kvalitu v\u00fdrobk\u016f.<\/p>\n<p><img loading=\"lazy\" decoding=\"async\" class=\"alignnone wp-image-626\" src=\"https:\/\/hydraulic-cylinders.net\/wp-content\/uploads\/2023\/08\/hydraulic-cylinder-product-1-300x158.webp\" alt=\"\" width=\"495\" height=\"260\" srcset=\"https:\/\/hydraulic-cylinders.net\/wp-content\/uploads\/2023\/08\/hydraulic-cylinder-product-1-300x158.webp 495w, https:\/\/hydraulic-cylinders.net\/wp-content\/uploads\/2023\/08\/hydraulic-cylinder-product-1-480x252.webp 480w\" sizes=\"(min-width: 0px) and (max-width: 480px) 480px, (min-width: 481px) 495px, 100vw\" \/> <img loading=\"lazy\" decoding=\"async\" class=\"alignnone wp-image-627\" src=\"https:\/\/hydraulic-cylinders.net\/wp-content\/uploads\/2023\/08\/hydraulic-cylinder-product-2-300x189.webp\" alt=\"\" width=\"413\" height=\"260\" \/><\/p>\n<h3>(2) Obr\u00e1b\u011bn\u00ed<\/h3>\n<p>Obrobna je vybavena zak\u00e1zkov\u00fdm soustru\u017enick\u00fdm centrem pro \u0161ikm\u00e9 kolejnice, obr\u00e1b\u011bc\u00edm centrem, vysokorychlostn\u00edm honovac\u00edm strojem, sva\u0159ovac\u00edm robotem a dal\u0161\u00edm souvisej\u00edc\u00edm za\u0159\u00edzen\u00edm, kter\u00e9 zvl\u00e1dne obr\u00e1b\u011bn\u00ed v\u00e1lcov\u00fdch trubek s maxim\u00e1ln\u00edm vnit\u0159n\u00edm pr\u016fm\u011brem 400 mm a maxim\u00e1ln\u00ed d\u00e9lkou 6 metr\u016f.<\/p>\n<p><img loading=\"lazy\" decoding=\"async\" class=\"alignnone wp-image-628 size-large\" src=\"https:\/\/hydraulic-cylinders.net\/wp-content\/uploads\/2023\/08\/hydraulic-cylinder-product-3-1024x391.webp\" alt=\"\" width=\"1024\" height=\"391\" srcset=\"https:\/\/hydraulic-cylinders.net\/wp-content\/uploads\/2023\/08\/hydraulic-cylinder-product-3-980x374.webp 980w, https:\/\/hydraulic-cylinders.net\/wp-content\/uploads\/2023\/08\/hydraulic-cylinder-product-3-480x183.webp 480w\" sizes=\"(min-width: 0px) and (max-width: 480px) 480px, (min-width: 481px) and (max-width: 980px) 980px, (min-width: 981px) 1024px, 100vw\" \/><\/p>\n<h3>(3) Sva\u0159ov\u00e1n\u00ed<\/h3>\n<p><img loading=\"lazy\" decoding=\"async\" class=\"alignnone wp-image-629 size-large\" src=\"https:\/\/hydraulic-cylinders.net\/wp-content\/uploads\/2023\/08\/hydraulic-cylinder-product-4-1024x510.webp\" alt=\"\" width=\"1024\" height=\"510\" srcset=\"https:\/\/hydraulic-cylinders.net\/wp-content\/uploads\/2023\/08\/hydraulic-cylinder-product-4-980x488.webp 980w, https:\/\/hydraulic-cylinders.net\/wp-content\/uploads\/2023\/08\/hydraulic-cylinder-product-4-480x239.webp 480w\" sizes=\"(min-width: 0px) and (max-width: 480px) 480px, (min-width: 481px) and (max-width: 980px) 980px, (min-width: 981px) 1024px, 100vw\" \/><\/p>\n<h3>(4) Lakov\u00e1n\u00ed a n\u00e1t\u011bry<\/h3>\n<p>S malou a st\u0159edn\u00ed v\u00e1lcovou automatickou linkou na nan\u00e1\u0161en\u00ed barev na vodn\u00ed b\u00e1zi, pro dosa\u017een\u00ed automatick\u00e9ho robotick\u00e9ho nakl\u00e1d\u00e1n\u00ed a vykl\u00e1d\u00e1n\u00ed a automatick\u00e9ho st\u0159\u00edk\u00e1n\u00ed, je konstruk\u010dn\u00ed kapacita 4000 kus\u016f za sm\u011bnu;<br \/>\nM\u00e1me tak\u00e9 poloautomatickou linku na v\u00fdrobu barev pro velk\u00e9 tlakov\u00e9 lahve, poh\u00e1n\u011bnou \u0159et\u011bzem, s konstruk\u010dn\u00ed kapacitou 60 lahv\u00ed za sm\u011bnu.<\/p>\n<p><img loading=\"lazy\" decoding=\"async\" class=\"alignnone wp-image-630\" src=\"https:\/\/hydraulic-cylinders.net\/wp-content\/uploads\/2023\/08\/hydraulic-cylinder-product-5-300x213.webp\" alt=\"\" width=\"366\" height=\"260\" \/> <img loading=\"lazy\" decoding=\"async\" class=\"alignnone wp-image-631\" src=\"https:\/\/hydraulic-cylinders.net\/wp-content\/uploads\/2023\/08\/hydraulic-cylinder-product-6-300x225.webp\" alt=\"\" width=\"347\" height=\"260\" \/><\/p>\n<h3>(5) Testov\u00e1n\u00ed<\/h3>\n<p>Disponujeme prvot\u0159\u00eddn\u00edmi inspek\u010dn\u00edmi za\u0159\u00edzen\u00edmi a zku\u0161ebn\u00edmi laborato\u0159emi, abychom zajistili, \u017ee v\u00fdkon v\u00e1lce spl\u0148uje po\u017eadavky.<\/p>\n<p><img loading=\"lazy\" decoding=\"async\" class=\"alignnone wp-image-632\" src=\"https:\/\/hydraulic-cylinders.net\/wp-content\/uploads\/2023\/08\/hydraulic-cylinder-product-8-300x200.webp\" alt=\"\" width=\"389\" height=\"260\" \/><\/p>\n<p>&nbsp;<\/p>\n<p>&nbsp;<\/p>\n<p>Jsme jedn\u00edm z nejlep\u0161\u00edch v\u00fdrobc\u016f n\u00edzkotlak\u00fdch hydraulick\u00fdch v\u00e1lc\u016f. Nab\u00edz\u00edme \u0161irok\u00fd sortiment n\u00edzkotlak\u00fdch hydraulick\u00fdch v\u00e1lc\u016f. Dod\u00e1v\u00e1me tak\u00e9 odpov\u00eddaj\u00edc\u00ed <a href=\"https:\/\/hzpt.com\/agricultural-pto-gearbox\/\" target=\"_blank\" rel=\"noopener\">zem\u011bd\u011blsk\u00e9 p\u0159evodovky<\/a>Na\u0161e v\u00fdrobky jsme exportovali klient\u016fm po cel\u00e9m sv\u011bt\u011b a d\u00edky vynikaj\u00edc\u00ed kvalit\u011b v\u00fdrobk\u016f a poprodejn\u00edmu servisu jsme si z\u00edskali dobrou pov\u011bst. Srde\u010dn\u011b v\u00edt\u00e1me z\u00e1kazn\u00edky doma i v zahrani\u010d\u00ed, kte\u0159\u00ed n\u00e1s kontaktuj\u00ed za \u00fa\u010delem vyjedn\u00e1v\u00e1n\u00ed obchodn\u00edch p\u0159\u00edle\u017eitost\u00ed, v\u00fdm\u011bny informac\u00ed a\u00a0<a href=\"https:\/\/www.hydraulic-cylinders.net\/cs\/contact-us\/\">spolupracujte s n\u00e1mi<\/a>!<\/p>\n<p>&nbsp;<\/p>","protected":false},"excerpt":{"rendered":"<p>Low-Pressure Hydraulic Cylinder Rear Flange Rear flange low-pressure hydraulic cylinder refers to a special type of hydraulic cylinder with a flange at the back end. This flange is a mounting point or connection port used to connect the cylinder to other parts or equipment. Below is an overview of low-pressure hydraulic cylinders with rear flanges: [&hellip;]<\/p>","protected":false},"featured_media":764,"comment_status":"open","ping_status":"closed","template":"","meta":{"_et_pb_use_builder":"","_et_pb_old_content":"","_et_gb_content_width":""},"product_brand":[],"product_cat":[1376,1388],"product_tag":[1380],"class_list":{"0":"post-759","1":"product","2":"type-product","3":"status-publish","4":"has-post-thumbnail","6":"product_cat-hydraulic-cylinder","7":"product_cat-low-pressure-hydraulic-cylinder","8":"product_tag-hydraulic-cylinder","10":"first","11":"instock","12":"shipping-taxable","13":"product-type-simple"},"amp_enabled":true,"_links":{"self":[{"href":"https:\/\/www.hydraulic-cylinders.net\/cs\/wp-json\/wp\/v2\/product\/759","targetHints":{"allow":["GET"]}}],"collection":[{"href":"https:\/\/www.hydraulic-cylinders.net\/cs\/wp-json\/wp\/v2\/product"}],"about":[{"href":"https:\/\/www.hydraulic-cylinders.net\/cs\/wp-json\/wp\/v2\/types\/product"}],"replies":[{"embeddable":true,"href":"https:\/\/www.hydraulic-cylinders.net\/cs\/wp-json\/wp\/v2\/comments?post=759"}],"wp:featuredmedia":[{"embeddable":true,"href":"https:\/\/www.hydraulic-cylinders.net\/cs\/wp-json\/wp\/v2\/media\/764"}],"wp:attachment":[{"href":"https:\/\/www.hydraulic-cylinders.net\/cs\/wp-json\/wp\/v2\/media?parent=759"}],"wp:term":[{"taxonomy":"product_brand","embeddable":true,"href":"https:\/\/www.hydraulic-cylinders.net\/cs\/wp-json\/wp\/v2\/product_brand?post=759"},{"taxonomy":"product_cat","embeddable":true,"href":"https:\/\/www.hydraulic-cylinders.net\/cs\/wp-json\/wp\/v2\/product_cat?post=759"},{"taxonomy":"product_tag","embeddable":true,"href":"https:\/\/www.hydraulic-cylinders.net\/cs\/wp-json\/wp\/v2\/product_tag?post=759"}],"curies":[{"name":"wp","href":"https:\/\/api.w.org\/{rel}","templated":true}]}}