{"id":773,"date":"2023-08-23T02:33:49","date_gmt":"2023-08-23T02:33:49","guid":{"rendered":"https:\/\/hydraulic-cylinders.net\/?post_type=product&#038;p=773"},"modified":"2025-03-27T01:12:58","modified_gmt":"2025-03-27T01:12:58","slug":"low-pressure-hydraulic-cylinder-intermediate-pin","status":"publish","type":"product","link":"https:\/\/www.hydraulic-cylinders.net\/cs\/produkt\/low-pressure-hydraulic-cylinder-intermediate-pin\/","title":{"rendered":"N\u00edzkotlak\u00fd hydraulick\u00fd v\u00e1lec Mezikol\u00edk"},"content":{"rendered":"<h1 style=\"text-align: center;\"><strong>N\u00edzkotlak\u00fd hydraulick\u00fd v\u00e1lec Mezikol\u00edk<\/strong><\/h1>\n<p><img loading=\"lazy\" decoding=\"async\" class=\"aligncenter wp-image-774 size-full\" src=\"https:\/\/hydraulic-cylinders.net\/wp-content\/uploads\/2023\/08\/low-pressure-pull-rod-hydraulic-cylinder-middle-hinge-pin-1.webp\" alt=\"\" width=\"375\" height=\"175\" srcset=\"https:\/\/www.hydraulic-cylinders.net\/wp-content\/uploads\/2023\/08\/low-pressure-pull-rod-hydraulic-cylinder-middle-hinge-pin-1.webp 375w, https:\/\/www.hydraulic-cylinders.net\/wp-content\/uploads\/2023\/08\/low-pressure-pull-rod-hydraulic-cylinder-middle-hinge-pin-1-300x140.webp 300w\" sizes=\"(max-width: 375px) 100vw, 375px\" \/><\/p>\n<p>V n\u00edzkotlak\u00e9m hydraulick\u00e9m v\u00e1lci se mezilehl\u00fd \u010dep vztahuje na h\u0159eb\u00edk nebo h\u0159\u00eddel mezi p\u00edstem a p\u00edstn\u00ed ty\u010d\u00ed. Spojovac\u00ed prvek p\u0159en\u00e1\u0161\u00ed s\u00edlu z p\u00edstu na p\u00edstnici, co\u017e umo\u017e\u0148uje line\u00e1rn\u00ed pohyb.<\/p>\n<p>N\u00e1vrh a konstrukce n\u00edzkotlak\u00e9ho hydraulick\u00e9ho v\u00e1lce<\/p>\n<p>Mezilehl\u00e9 \u010depy jsou obvykle pln\u00e9 kovov\u00e9 \u010depy nebo h\u0159\u00eddele uvnit\u0159 v\u00e1lce.<br \/>\nSpojuje dv\u011b \u010d\u00e1sti mezi p\u00edstem a ojnic\u00ed.<br \/>\n\u00dalohou mezilehl\u00e9ho \u010depu je p\u0159en\u00e9st tlak kapaliny generovan\u00fd p\u00edstem na p\u00edstn\u00ed ty\u010d, \u010d\u00edm\u017e se dos\u00e1hne line\u00e1rn\u00edho pohybu po\u017eadovan\u00e9ho v\u00e1lcem.<\/p>\n<h2><strong>Parametr mezilehl\u00e9ho \u010depu n\u00edzkotlak\u00e9ho hydraulick\u00e9ho v\u00e1lce:<\/strong><\/h2>\n<p><img loading=\"lazy\" decoding=\"async\" class=\"alignnone wp-image-775 size-full\" src=\"https:\/\/hydraulic-cylinders.net\/wp-content\/uploads\/2023\/08\/low-pressure-pull-rod-hydraulic-cylinder-intermediate-pin-2.webp\" alt=\"\" width=\"690\" height=\"315\" srcset=\"https:\/\/hydraulic-cylinders.net\/wp-content\/uploads\/2023\/08\/low-pressure-pull-rod-hydraulic-cylinder-intermediate-pin-2.webp 690w, https:\/\/hydraulic-cylinders.net\/wp-content\/uploads\/2023\/08\/low-pressure-pull-rod-hydraulic-cylinder-intermediate-pin-2-480x219.webp 480w\" sizes=\"(min-width: 0px) and (max-width: 480px) 480px, (min-width: 481px) 690px, 100vw\" \/><\/p>\n<h2><strong>Funkce a provoz <\/strong><strong>N\u00edzkotlak\u00fd hydraulick\u00fd v\u00e1lec Mezikol\u00edk<\/strong><strong>:<\/strong><\/h2>\n<ul>\n<li>Kdy\u017e na p\u00edst p\u016fsob\u00ed hydraulick\u00fd tlak, vyv\u00edj\u00ed s\u00edlu na st\u0159edn\u00ed \u010dep, co\u017e zp\u016fsobuje jeho pohyb.<\/li>\n<li>Pohyb mezilehl\u00e9ho \u010depu p\u0159en\u00e1\u0161\u00ed s\u00edlu na p\u00edstn\u00ed ty\u010d, co\u017e zp\u016fsobuje natahov\u00e1n\u00ed nebo smr\u0161\u0165ov\u00e1n\u00ed hydraulick\u00e9ho v\u00e1lce.<\/li>\n<li>Mezilehl\u00fd \u010dep zaji\u0161\u0165uje, \u017ee hydraulicky generovan\u00e1 s\u00edla je efektivn\u011b p\u0159en\u00e1\u0161ena na p\u00edstn\u00ed ty\u010d, \u010d\u00edm\u017e se dos\u00e1hne po\u017eadovan\u00e9ho pohybu v\u00e1lce.<\/li>\n<\/ul>\n<h2><strong>\u00dadr\u017eba a v\u00fdm\u011bna mezilehl\u00e9ho \u010depu n\u00edzkotlak\u00e9ho hydraulick\u00e9ho v\u00e1lce<\/strong><strong>:<\/strong><\/h2>\n<ul>\n<li>P\u0159i oprav\u011b nebo \u00faprav\u011b n\u00edzkotlak\u00e9ho hydraulick\u00e9ho v\u00e1lce je t\u0159eba zkontrolovat stav st\u0159edn\u00edho \u010depu.<\/li>\n<li>Pokud se objev\u00ed jak\u00e9koli zn\u00e1mky opot\u0159eben\u00ed, po\u0161kozen\u00ed nebo nadm\u011brn\u00e9 v\u016fle, je t\u0159eba vym\u011bnit nov\u00fd mezilehl\u00fd \u010dep, aby byla zaji\u0161t\u011bna norm\u00e1ln\u00ed funkce v\u00e1lce.<\/li>\n<li>P\u0159i v\u00fdm\u011bn\u011b prost\u0159edn\u00edho \u010depu je nutn\u00e9 dodr\u017eovat pokyny a specifikace v\u00fdrobce, aby byla zaji\u0161t\u011bna kompatibilita a optim\u00e1ln\u00ed v\u00fdkon.<\/li>\n<\/ul>\n<h2><strong>Jak zm\u011b\u0159it hydraulick\u00fd v\u00e1lec?<\/strong><\/h2>\n<ol>\n<li><strong>Pr\u016fm\u011br otvoru<\/strong>:\n<ul>\n<li>Zm\u011b\u0159te vnit\u0159n\u00ed pr\u016fm\u011br v\u00e1lce. Tento pr\u016fm\u011br se naz\u00fdv\u00e1 \u201epr\u016fm\u011br vrt\u00e1n\u00ed\u201c.<\/li>\n<li>Um\u00edst\u011bte t\u0159meny dovnit\u0159 v\u00e1lce a vysu\u0148te \u010delisti, dokud se nedotknou vnit\u0159n\u00edch st\u011bn.<\/li>\n<li>Poznamenejte si m\u011b\u0159en\u00ed zobrazen\u00e9 na posuvn\u00fdch m\u011b\u0159\u00edtk\u00e1ch.<\/li>\n<\/ul>\n<\/li>\n<li><strong>Pr\u016fm\u011br ty\u010de<\/strong>:\n<ul>\n<li>Zm\u011b\u0159te vn\u011bj\u0161\u00ed pr\u016fm\u011br p\u00edstn\u00ed ty\u010de. Tento \u00fadaj se naz\u00fdv\u00e1 \u201epr\u016fm\u011br ty\u010de\u201c.<\/li>\n<li>Um\u00edst\u011bte t\u0159meny kolem p\u00edstn\u00ed ty\u010de a nastavte \u010delisti, dokud lehce nebudou sev\u0159eny povrch ty\u010de.<\/li>\n<li>Poznamenejte si m\u011b\u0159en\u00ed zobrazen\u00e9 na posuvn\u00fdch m\u011b\u0159\u00edtk\u00e1ch.<\/li>\n<\/ul>\n<\/li>\n<li><strong>D\u00e9lka zdvihu<\/strong>:\n<ul>\n<li>Ur\u010dete d\u00e9lku zdvihu, co\u017e je maxim\u00e1ln\u00ed vzd\u00e1lenost, kterou m\u016f\u017ee p\u00edst urazit uvnit\u0159 v\u00e1lce.<\/li>\n<li>Vysu\u0148te p\u00edstn\u00ed ty\u010d do pln\u011b vysunut\u00e9 polohy a zm\u011b\u0159te vzd\u00e1lenost od p\u0159edn\u00ed plochy v\u00e1lce ke konci p\u00edstn\u00ed ty\u010de.<\/li>\n<li>Poznamenejte si m\u011b\u0159en\u00ed jako d\u00e9lku zdvihu.<\/li>\n<\/ul>\n<\/li>\n<li><strong>Mont\u00e1\u017en\u00ed rozm\u011bry<\/strong>:\n<ul>\n<li>Zm\u011b\u0159te mont\u00e1\u017en\u00ed rozm\u011bry, abyste ur\u010dili, jak bude hydraulick\u00fd v\u00e1lec p\u0159ipevn\u011bn k za\u0159\u00edzen\u00ed nebo konstrukci.<\/li>\n<li>Zm\u011b\u0159te vzd\u00e1lenost mezi mont\u00e1\u017en\u00edmi otvory nebo konzolami na mont\u00e1\u017en\u00ed p\u0159\u00edrub\u011b v\u00e1lce.<\/li>\n<li>Zm\u011b\u0159te pr\u016fm\u011br otvoru, pokud je to mo\u017en\u00e9.<\/li>\n<\/ul>\n<\/li>\n<li><strong>Celkov\u00e1 d\u00e9lka<\/strong>:\n<ul>\n<li>Zm\u011b\u0159te celkovou d\u00e9lku hydraulick\u00e9ho v\u00e1lce, kter\u00e1 zahrnuje d\u00e9lku v\u00e1lce, p\u00edstn\u00ed ty\u010de a v\u0161ech dal\u0161\u00edch vy\u010dn\u00edvaj\u00edc\u00edch sou\u010d\u00e1st\u00ed.<\/li>\n<li>Um\u00edst\u011bte prav\u00edtko p\u0159es p\u0159edn\u00ed plochu v\u00e1lce a zm\u011b\u0159te vzd\u00e1lenost od p\u0159edn\u00ed plochy k nejvzd\u00e1len\u011bj\u0161\u00edmu bodu na opa\u010dn\u00e9m konci.<\/li>\n<\/ul>\n<\/li>\n<li><strong>Dal\u0161\u00ed m\u011b\u0159en\u00ed<\/strong>:\n<ul>\n<li>V z\u00e1vislosti na specifick\u00fdch po\u017eadavc\u00edch va\u0161\u00ed aplikace m\u016f\u017ee b\u00fdt nutn\u00e9 zm\u011b\u0159it dal\u0161\u00ed podrobnosti, jako je d\u00e9lka p\u00edstu, tlou\u0161\u0165ka koncov\u00fdch uz\u00e1v\u011br\u016f nebo rozm\u011bry p\u0159\u00edpadn\u00fdch otvor\u016f nebo armatur.<\/li>\n<\/ul>\n<\/li>\n<\/ol>\n<h2><strong>Schopnosti a kapacita tov\u00e1rny:<\/strong><\/h2>\n<h3>(1) Mont\u00e1\u017e<\/h3>\n<p>Disponujeme prvot\u0159\u00eddn\u00ed nez\u00e1vislou v\u00fdzkumnou a v\u00fdvojovou mont\u00e1\u017en\u00ed platformou. D\u00edlna na v\u00fdrobu v\u00e1lc\u016f pro vysokozdvi\u017en\u00e9 voz\u00edky m\u00e1 \u010dty\u0159i poloautomatick\u00e9 mont\u00e1\u017en\u00ed linky pro zvedac\u00ed v\u00e1lce a jednu automatickou mont\u00e1\u017en\u00ed linku pro nakl\u00e1p\u011bc\u00ed v\u00e1lce s projektovanou ro\u010dn\u00ed v\u00fdrobn\u00ed kapacitou 1 milion kus\u016f. D\u00edlna na speci\u00e1ln\u00ed v\u00e1lce je vybavena poloautomatick\u00fdm \u010distic\u00edm a mont\u00e1\u017en\u00edm syst\u00e9mem s r\u016fzn\u00fdmi specifikacemi a projektovanou ro\u010dn\u00ed v\u00fdrobn\u00ed kapacitou 200 000 kus\u016f. Je vybavena zn\u00e1m\u00fdm CNC obr\u00e1b\u011bc\u00edm za\u0159\u00edzen\u00edm, obr\u00e1b\u011bc\u00edm centrem, vysoce p\u0159esn\u00fdm speci\u00e1ln\u00edm za\u0159\u00edzen\u00edm pro zpracov\u00e1n\u00ed v\u00e1lc\u016f, robotick\u00fdm sva\u0159ovac\u00edm strojem, automatick\u00fdm \u010distic\u00edm strojem, automatick\u00fdm mont\u00e1\u017en\u00edm strojem pro v\u00e1lce a automatickou lakovac\u00ed v\u00fdrobn\u00ed linkou. St\u00e1vaj\u00edc\u00ed kl\u00ed\u010dov\u00e9 vybaven\u00ed m\u00e1 v\u00edce ne\u017e 300 sad. Optim\u00e1ln\u00ed alokace a efektivn\u00ed vyu\u017eit\u00ed zdroj\u016f za\u0159\u00edzen\u00ed zaji\u0161\u0165uje po\u017eadavky na p\u0159esnost v\u00fdrobk\u016f a spl\u0148uje po\u017eadavky na vysokou kvalitu v\u00fdrobk\u016f.<\/p>\n<p><img loading=\"lazy\" decoding=\"async\" class=\"alignnone wp-image-626\" src=\"https:\/\/hydraulic-cylinders.net\/wp-content\/uploads\/2023\/08\/hydraulic-cylinder-product-1-300x158.webp\" alt=\"\" width=\"495\" height=\"260\" srcset=\"https:\/\/hydraulic-cylinders.net\/wp-content\/uploads\/2023\/08\/hydraulic-cylinder-product-1-300x158.webp 495w, https:\/\/hydraulic-cylinders.net\/wp-content\/uploads\/2023\/08\/hydraulic-cylinder-product-1-480x252.webp 480w\" sizes=\"(min-width: 0px) and (max-width: 480px) 480px, (min-width: 481px) 495px, 100vw\" \/> <img loading=\"lazy\" decoding=\"async\" class=\"alignnone wp-image-627\" src=\"https:\/\/hydraulic-cylinders.net\/wp-content\/uploads\/2023\/08\/hydraulic-cylinder-product-2-300x189.webp\" alt=\"\" width=\"413\" height=\"260\" \/><\/p>\n<h3>(2) Obr\u00e1b\u011bn\u00ed<\/h3>\n<p>Obrobna je vybavena zak\u00e1zkov\u00fdm soustru\u017enick\u00fdm centrem pro \u0161ikm\u00e9 kolejnice, obr\u00e1b\u011bc\u00edm centrem, vysokorychlostn\u00edm honovac\u00edm strojem, sva\u0159ovac\u00edm robotem a dal\u0161\u00edm souvisej\u00edc\u00edm za\u0159\u00edzen\u00edm, kter\u00e9 zvl\u00e1dne obr\u00e1b\u011bn\u00ed v\u00e1lcov\u00fdch trubek s maxim\u00e1ln\u00edm vnit\u0159n\u00edm pr\u016fm\u011brem 400 mm a maxim\u00e1ln\u00ed d\u00e9lkou 6 metr\u016f.<\/p>\n<p><img loading=\"lazy\" decoding=\"async\" class=\"alignnone wp-image-628 size-large\" src=\"https:\/\/hydraulic-cylinders.net\/wp-content\/uploads\/2023\/08\/hydraulic-cylinder-product-3-1024x391.webp\" alt=\"\" width=\"1024\" height=\"391\" srcset=\"https:\/\/hydraulic-cylinders.net\/wp-content\/uploads\/2023\/08\/hydraulic-cylinder-product-3-980x374.webp 980w, https:\/\/hydraulic-cylinders.net\/wp-content\/uploads\/2023\/08\/hydraulic-cylinder-product-3-480x183.webp 480w\" sizes=\"(min-width: 0px) and (max-width: 480px) 480px, (min-width: 481px) and (max-width: 980px) 980px, (min-width: 981px) 1024px, 100vw\" \/><\/p>\n<h3>(3) Sva\u0159ov\u00e1n\u00ed<\/h3>\n<p><img loading=\"lazy\" decoding=\"async\" class=\"alignnone wp-image-629 size-large\" src=\"https:\/\/hydraulic-cylinders.net\/wp-content\/uploads\/2023\/08\/hydraulic-cylinder-product-4-1024x510.webp\" alt=\"\" width=\"1024\" height=\"510\" srcset=\"https:\/\/hydraulic-cylinders.net\/wp-content\/uploads\/2023\/08\/hydraulic-cylinder-product-4-980x488.webp 980w, https:\/\/hydraulic-cylinders.net\/wp-content\/uploads\/2023\/08\/hydraulic-cylinder-product-4-480x239.webp 480w\" sizes=\"(min-width: 0px) and (max-width: 480px) 480px, (min-width: 481px) and (max-width: 980px) 980px, (min-width: 981px) 1024px, 100vw\" \/><\/p>\n<h3>(4) Lakov\u00e1n\u00ed a n\u00e1t\u011bry<\/h3>\n<p>S malou a st\u0159edn\u00ed v\u00e1lcovou automatickou linkou na nan\u00e1\u0161en\u00ed barev na vodn\u00ed b\u00e1zi, pro dosa\u017een\u00ed automatick\u00e9ho robotick\u00e9ho nakl\u00e1d\u00e1n\u00ed a vykl\u00e1d\u00e1n\u00ed a automatick\u00e9ho st\u0159\u00edk\u00e1n\u00ed, je konstruk\u010dn\u00ed kapacita 4000 kus\u016f za sm\u011bnu;<br \/>\nM\u00e1me tak\u00e9 poloautomatickou linku na v\u00fdrobu barev pro velk\u00e9 tlakov\u00e9 lahve, poh\u00e1n\u011bnou \u0159et\u011bzem, s konstruk\u010dn\u00ed kapacitou 60 lahv\u00ed za sm\u011bnu.<\/p>\n<p><img loading=\"lazy\" decoding=\"async\" class=\"alignnone wp-image-630\" src=\"https:\/\/hydraulic-cylinders.net\/wp-content\/uploads\/2023\/08\/hydraulic-cylinder-product-5-300x213.webp\" alt=\"\" width=\"366\" height=\"260\" \/> <img loading=\"lazy\" decoding=\"async\" class=\"alignnone wp-image-631\" src=\"https:\/\/hydraulic-cylinders.net\/wp-content\/uploads\/2023\/08\/hydraulic-cylinder-product-6-300x225.webp\" alt=\"\" width=\"347\" height=\"260\" \/><\/p>\n<h3>(5) Testov\u00e1n\u00ed<\/h3>\n<p>Disponujeme prvot\u0159\u00eddn\u00edmi inspek\u010dn\u00edmi za\u0159\u00edzen\u00edmi a zku\u0161ebn\u00edmi laborato\u0159emi, abychom zajistili, \u017ee v\u00fdkon v\u00e1lce spl\u0148uje po\u017eadavky.<\/p>\n<p><img loading=\"lazy\" decoding=\"async\" class=\"alignnone wp-image-632\" src=\"https:\/\/hydraulic-cylinders.net\/wp-content\/uploads\/2023\/08\/hydraulic-cylinder-product-8-300x200.webp\" alt=\"\" width=\"389\" height=\"260\" \/><\/p>\n<p>&nbsp;<\/p>\n<p>&nbsp;<\/p>\n<p>Jsme jedn\u00edm z nejlep\u0161\u00edch v\u00fdrobc\u016f n\u00edzkotlak\u00fdch hydraulick\u00fdch v\u00e1lc\u016f. Nab\u00edz\u00edme \u0161irok\u00fd sortiment n\u00edzkotlak\u00fdch hydraulick\u00fdch v\u00e1lc\u016f. Dod\u00e1v\u00e1me tak\u00e9 odpov\u00eddaj\u00edc\u00ed <a href=\"https:\/\/hzpt.com\/agricultural-pto-gearbox\/\" target=\"_blank\" rel=\"noopener\">zem\u011bd\u011blsk\u00e9 p\u0159evodovky<\/a>Na\u0161e v\u00fdrobky jsme exportovali klient\u016fm po cel\u00e9m sv\u011bt\u011b a d\u00edky vynikaj\u00edc\u00ed kvalit\u011b v\u00fdrobk\u016f a poprodejn\u00edmu servisu jsme si z\u00edskali dobrou pov\u011bst. Srde\u010dn\u011b v\u00edt\u00e1me z\u00e1kazn\u00edky doma i v zahrani\u010d\u00ed, kte\u0159\u00ed n\u00e1s kontaktuj\u00ed za \u00fa\u010delem vyjedn\u00e1v\u00e1n\u00ed obchodn\u00edch p\u0159\u00edle\u017eitost\u00ed, v\u00fdm\u011bny informac\u00ed a\u00a0<a href=\"https:\/\/www.hydraulic-cylinders.net\/cs\/contact-us\/\">spolupracujte s n\u00e1mi<\/a>!<\/p>\n<p>&nbsp;<\/p>","protected":false},"excerpt":{"rendered":"<p>Low-Pressure Hydraulic Cylinder Intermediate Pin In a low-pressure hydraulic cylinder, the intermediate pin refers to the nail or shaft between the piston and the piston rod. A connecting element transfers force from the piston to the rod, allowing for linear motion. Design and construction of the low-pressure hydraulic cylinder Intermediate pins are usually solid metal [&hellip;]<\/p>","protected":false},"featured_media":776,"comment_status":"open","ping_status":"closed","template":"","meta":{"_et_pb_use_builder":"","_et_pb_old_content":"","_et_gb_content_width":""},"product_brand":[],"product_cat":[1376,1388],"product_tag":[1380],"class_list":{"0":"post-773","1":"product","2":"type-product","3":"status-publish","4":"has-post-thumbnail","6":"product_cat-hydraulic-cylinder","7":"product_cat-low-pressure-hydraulic-cylinder","8":"product_tag-hydraulic-cylinder","10":"first","11":"instock","12":"shipping-taxable","13":"product-type-simple"},"amp_enabled":true,"_links":{"self":[{"href":"https:\/\/www.hydraulic-cylinders.net\/cs\/wp-json\/wp\/v2\/product\/773","targetHints":{"allow":["GET"]}}],"collection":[{"href":"https:\/\/www.hydraulic-cylinders.net\/cs\/wp-json\/wp\/v2\/product"}],"about":[{"href":"https:\/\/www.hydraulic-cylinders.net\/cs\/wp-json\/wp\/v2\/types\/product"}],"replies":[{"embeddable":true,"href":"https:\/\/www.hydraulic-cylinders.net\/cs\/wp-json\/wp\/v2\/comments?post=773"}],"wp:featuredmedia":[{"embeddable":true,"href":"https:\/\/www.hydraulic-cylinders.net\/cs\/wp-json\/wp\/v2\/media\/776"}],"wp:attachment":[{"href":"https:\/\/www.hydraulic-cylinders.net\/cs\/wp-json\/wp\/v2\/media?parent=773"}],"wp:term":[{"taxonomy":"product_brand","embeddable":true,"href":"https:\/\/www.hydraulic-cylinders.net\/cs\/wp-json\/wp\/v2\/product_brand?post=773"},{"taxonomy":"product_cat","embeddable":true,"href":"https:\/\/www.hydraulic-cylinders.net\/cs\/wp-json\/wp\/v2\/product_cat?post=773"},{"taxonomy":"product_tag","embeddable":true,"href":"https:\/\/www.hydraulic-cylinders.net\/cs\/wp-json\/wp\/v2\/product_tag?post=773"}],"curies":[{"name":"wp","href":"https:\/\/api.w.org\/{rel}","templated":true}]}}