{"id":778,"date":"2023-08-23T02:56:01","date_gmt":"2023-08-23T02:56:01","guid":{"rendered":"https:\/\/hydraulic-cylinders.net\/?post_type=product&#038;p=778"},"modified":"2025-03-27T01:12:56","modified_gmt":"2025-03-27T01:12:56","slug":"low-pressure-hydraulic-cylinder-footstand","status":"publish","type":"product","link":"https:\/\/www.hydraulic-cylinders.net\/cs\/produkt\/low-pressure-hydraulic-cylinder-footstand\/","title":{"rendered":"N\u00edzkotlak\u00fd hydraulick\u00fd v\u00e1lec Stojan na nohy"},"content":{"rendered":"<h1 style=\"text-align: center;\"><strong>N\u00edzkotlak\u00fd hydraulick\u00fd v\u00e1lec Stojan na nohy<\/strong><\/h1>\n<p><img loading=\"lazy\" decoding=\"async\" class=\"aligncenter wp-image-779 size-full\" src=\"https:\/\/hydraulic-cylinders.net\/wp-content\/uploads\/2023\/08\/low-pressure-pull-rod-hydraulic-cylinder-footstand-1.webp\" alt=\"\" width=\"394\" height=\"164\" srcset=\"https:\/\/www.hydraulic-cylinders.net\/wp-content\/uploads\/2023\/08\/low-pressure-pull-rod-hydraulic-cylinder-footstand-1.webp 394w, https:\/\/www.hydraulic-cylinders.net\/wp-content\/uploads\/2023\/08\/low-pressure-pull-rod-hydraulic-cylinder-footstand-1-300x125.webp 300w\" sizes=\"(max-width: 394px) 100vw, 394px\" \/><\/p>\n<p>V n\u00edzkotlak\u00e9m hydraulick\u00e9m v\u00e1lci je stativ sou\u010d\u00e1st\u00ed, kter\u00e1 zaji\u0161\u0165uje stabilitu a oporu v\u00e1lce. Obvykle se jedn\u00e1 o kovovou desku nebo konzolu p\u0159ipevn\u011bnou ke dnu nebo z\u00e1kladn\u011b v\u00e1lce. Stativy maj\u00ed n\u011bkolik vyu\u017eit\u00ed, v\u010detn\u011b:<\/p>\n<p>Stabilita: Patka pom\u00e1h\u00e1 stabilizovat hydraulick\u00fd v\u00e1lec a zabra\u0148uje jeho p\u0159evr\u00e1cen\u00ed nebo p\u0159evr\u00e1cen\u00ed b\u011bhem provozu nebo p\u0159i p\u016fsoben\u00ed vn\u011bj\u0161\u00edch sil.<\/p>\n<p>Podp\u011bra: Trojno\u017eka poskytuje bezpe\u010dnou z\u00e1kladnu pro v\u00e1lec a zaji\u0161\u0165uje spr\u00e1vn\u00e9 vyrovn\u00e1n\u00ed a rozlo\u017een\u00ed hmotnosti v\u00e1lce. Pom\u00e1h\u00e1 udr\u017eovat celistvost konstrukce v\u00e1lce a zabra\u0148uje nadm\u011brn\u00e9mu nam\u00e1h\u00e1n\u00ed mont\u00e1\u017en\u00edho bodu.<\/p>\n<p>Mont\u00e1\u017e: Stativ obvykle obsahuje otvory nebo dr\u00e1\u017eky pro mont\u00e1\u017e nebo p\u0159ipevn\u011bn\u00ed v\u00e1lce k za\u0159\u00edzen\u00ed, stroj\u016fm nebo konstrukci. Tyto mont\u00e1\u017en\u00ed body umo\u017e\u0148uj\u00ed bezpe\u010dnou a spolehlivou instalaci v\u00e1lce.<\/p>\n<p>Vyrovn\u00e1n\u00ed: V n\u011bkter\u00fdch p\u0159\u00edpadech mohou stativy obsahovat nastaviteln\u00e9 prvky, jako jsou z\u00e1vitov\u00e9 no\u017ei\u010dky nebo vyrovn\u00e1vac\u00ed \u0161rouby. Ty umo\u017e\u0148uj\u00ed jemn\u00e9 dolad\u011bn\u00ed a vyrovn\u00e1n\u00ed v\u00e1lce, aby se zajistila spr\u00e1vn\u00e1 funkce a zarovn\u00e1n\u00ed s ostatn\u00edmi komponenty.<\/p>\n<h2><strong>Parametr podno\u017eky n\u00edzkotlak\u00e9ho hydraulick\u00e9ho v\u00e1lce:<\/strong><\/h2>\n<p><img loading=\"lazy\" decoding=\"async\" class=\"alignnone wp-image-780 size-full\" src=\"https:\/\/hydraulic-cylinders.net\/wp-content\/uploads\/2023\/08\/low-pressure-pull-rod-hydraulic-cylinder-footstand-2.webp\" alt=\"\" width=\"703\" height=\"314\" srcset=\"https:\/\/hydraulic-cylinders.net\/wp-content\/uploads\/2023\/08\/low-pressure-pull-rod-hydraulic-cylinder-footstand-2.webp 703w, https:\/\/hydraulic-cylinders.net\/wp-content\/uploads\/2023\/08\/low-pressure-pull-rod-hydraulic-cylinder-footstand-2-480x214.webp 480w\" sizes=\"(min-width: 0px) and (max-width: 480px) 480px, (min-width: 481px) 703px, 100vw\" \/><\/p>\n<h2><strong>V\u00fdstavba <\/strong><strong>N\u00edzkotlak\u00fd hydraulick\u00fd v\u00e1lec Stojan na nohy<\/strong><strong>:<\/strong><\/h2>\n<p>Je d\u016fle\u017eit\u00e9 si uv\u011bdomit, \u017ee konstrukce a proveden\u00ed stativu se m\u016f\u017ee li\u0161it v z\u00e1vislosti na konkr\u00e9tn\u00edm modelu v\u00e1lce a jeho pou\u017eit\u00ed. N\u011bkter\u00e9 hydraulick\u00e9 v\u00e1lce mohou m\u00edt integrovan\u00e9 stativy jako sou\u010d\u00e1st sv\u00e9 konstrukce, zat\u00edmco jin\u00e9 mohou pro stabilitu a oporu vy\u017eadovat samostatn\u00e9 upevn\u011bn\u00ed stativu.<\/p>\n<p>P\u0159i v\u00fdb\u011bru nebo instalaci konzole pro n\u00edzkotlak\u00fd hydraulick\u00fd v\u00e1lec se doporu\u010duje prostudovat dokumentaci nebo pokyny v\u00fdrobce, abyste zajistili kompatibilitu a spr\u00e1vn\u00e9 postupy instalace. Krom\u011b toho zohledn\u011bn\u00ed specifick\u00fdch provozn\u00edch podm\u00ednek a po\u017eadavk\u016f aplikace pom\u016f\u017ee ur\u010dit vhodnou konstrukci a funk\u010dnost konzoly pot\u0159ebnou pro optim\u00e1ln\u00ed v\u00fdkon a bezpe\u010dnost.<\/p>\n<h2><strong>Jak naj\u00edt sadu t\u011bsn\u011bn\u00ed pro hydraulick\u00fd v\u00e1lec?<\/strong><\/h2>\n<p>Chcete-li naj\u00edt sadu t\u011bsn\u011bn\u00ed pro hydraulick\u00fd v\u00e1lec, postupujte takto:<\/p>\n<ol>\n<li><strong>Shrom\u00e1\u017edit informace<\/strong>Shrom\u00e1\u017ed\u011bte co nejv\u00edce informac\u00ed o hydraulick\u00e9m v\u00e1lci, pro kter\u00fd pot\u0159ebujete sadu t\u011bsn\u011bn\u00ed. Pat\u0159\u00ed sem zna\u010dka a model v\u00e1lce, rozm\u011bry v\u00e1lce (velikost otvoru, pr\u016fm\u011br p\u00edstnice, d\u00e9lka zdvihu) a ve\u0161ker\u00e9 dal\u0161\u00ed relevantn\u00ed specifikace.<\/li>\n<li><strong>Identifikujte v\u00fdrobce<\/strong>Ur\u010dete v\u00fdrobce hydraulick\u00e9ho v\u00e1lce. Tyto informace obvykle naleznete na samotn\u00e9m v\u00e1lci nebo v dokumentaci k za\u0159\u00edzen\u00ed. Znalost v\u00fdrobce v\u00e1m pom\u016f\u017ee naj\u00edt vhodnou sadu t\u011bsn\u011bn\u00ed.<\/li>\n<li><strong>Zdroje v\u00fdrobce<\/strong>Nav\u0161tivte webov\u00e9 str\u00e1nky v\u00fdrobce nebo kontaktujte jeho z\u00e1kaznickou podporu a informujte se o sad\u00e1ch t\u011bsn\u011bn\u00ed pro jejich hydraulick\u00e9 v\u00e1lce. Mnoho v\u00fdrobc\u016f nab\u00edz\u00ed sady t\u011bsn\u011bn\u00ed speci\u00e1ln\u011b navr\u017een\u00e9 pro jejich v\u00e1lce a m\u016f\u017ee v\u00e1m poskytnout rady s v\u00fdb\u011brem spr\u00e1vn\u00e9 sady.<\/li>\n<li><strong>Distributo\u0159i a prodejci<\/strong>Ov\u011b\u0159te si to u autorizovan\u00fdch distributor\u016f nebo prodejc\u016f v\u00fdrobce hydraulick\u00fdch v\u00e1lc\u016f. Tito dodavatel\u00e9 \u010dasto prod\u00e1vaj\u00ed sady t\u011bsn\u011bn\u00ed pro v\u00e1lce, kter\u00e9 prod\u00e1vaj\u00ed. Mohou v\u00e1m poskytnout spr\u00e1vnou sadu na z\u00e1klad\u011b zna\u010dky a modelu v\u00e1lce.<\/li>\n<li><strong>Online dodavatel\u00e9<\/strong>Vyhledejte online dodavatele sad hydraulick\u00fdch t\u011bsn\u011bn\u00ed nebo hydraulick\u00fdch komponent\u016f. Existuje mnoho webov\u00fdch str\u00e1nek a online tr\u017ei\u0161\u0165, kter\u00e9 se specializuj\u00ed na hydraulick\u00e1 t\u011bsn\u011bn\u00ed a sady. Zadejte p\u0159\u00edslu\u0161n\u00e9 informace o sv\u00e9m hydraulick\u00e9m v\u00e1lci a vyhledejte kompatibiln\u00ed sady t\u011bsn\u011bn\u00ed.<\/li>\n<li><strong>Rozm\u011bry a specifikace<\/strong>Porovnejte rozm\u011bry a specifikace dostupn\u00fdch sad t\u011bsn\u011bn\u00ed s po\u017eadavky va\u0161eho hydraulick\u00e9ho v\u00e1lce. Ujist\u011bte se, \u017ee sada odpov\u00edd\u00e1 velikosti otvoru v\u00e1lce, pr\u016fm\u011bru p\u00edstnice a dal\u0161\u00edm d\u016fle\u017eit\u00fdm parametr\u016fm.<\/li>\n<li><strong>Kvalita a kompatibilita<\/strong>Zva\u017ete kvalitu a kompatibilitu sady t\u011bsn\u011bn\u00ed. Je d\u016fle\u017eit\u00e9 vybrat si renomovan\u00e9ho dodavatele, kter\u00fd dod\u00e1v\u00e1 vysoce kvalitn\u00ed t\u011bsn\u011bn\u00ed, aby byla zaji\u0161t\u011bna spr\u00e1vn\u00e1 funkce a \u017eivotnost hydraulick\u00e9ho v\u00e1lce.<\/li>\n<li><strong>N\u00e1kup a instalace<\/strong>Jakmile si vyberete vhodnou sadu t\u011bsn\u011bn\u00ed, pokra\u010dujte v n\u00e1kupu od vybran\u00e9ho dodavatele. \u0158i\u010fte se pokyny v\u00fdrobce k instalaci nebo se v p\u0159\u00edpad\u011b nejasnost\u00ed ohledn\u011b postupu v\u00fdm\u011bny pora\u010fte s odborn\u00edkem na hydraulick\u00e9 syst\u00e9my.<\/li>\n<\/ol>\n<h2><strong>Schopnosti a kapacita tov\u00e1rny:<\/strong><\/h2>\n<h3>(1) Mont\u00e1\u017e<\/h3>\n<p>Disponujeme prvot\u0159\u00eddn\u00ed nez\u00e1vislou v\u00fdzkumnou a v\u00fdvojovou mont\u00e1\u017en\u00ed platformou. D\u00edlna na v\u00fdrobu v\u00e1lc\u016f pro vysokozdvi\u017en\u00e9 voz\u00edky m\u00e1 \u010dty\u0159i poloautomatick\u00e9 mont\u00e1\u017en\u00ed linky pro zvedac\u00ed v\u00e1lce a jednu automatickou mont\u00e1\u017en\u00ed linku pro nakl\u00e1p\u011bc\u00ed v\u00e1lce s projektovanou ro\u010dn\u00ed v\u00fdrobn\u00ed kapacitou 1 milion kus\u016f. D\u00edlna na speci\u00e1ln\u00ed v\u00e1lce je vybavena poloautomatick\u00fdm \u010distic\u00edm a mont\u00e1\u017en\u00edm syst\u00e9mem s r\u016fzn\u00fdmi specifikacemi a projektovanou ro\u010dn\u00ed v\u00fdrobn\u00ed kapacitou 200 000 kus\u016f. Je vybavena zn\u00e1m\u00fdm CNC obr\u00e1b\u011bc\u00edm za\u0159\u00edzen\u00edm, obr\u00e1b\u011bc\u00edm centrem, vysoce p\u0159esn\u00fdm speci\u00e1ln\u00edm za\u0159\u00edzen\u00edm pro zpracov\u00e1n\u00ed v\u00e1lc\u016f, robotick\u00fdm sva\u0159ovac\u00edm strojem, automatick\u00fdm \u010distic\u00edm strojem, automatick\u00fdm mont\u00e1\u017en\u00edm strojem pro v\u00e1lce a automatickou lakovac\u00ed v\u00fdrobn\u00ed linkou. St\u00e1vaj\u00edc\u00ed kl\u00ed\u010dov\u00e9 vybaven\u00ed m\u00e1 v\u00edce ne\u017e 300 sad. Optim\u00e1ln\u00ed alokace a efektivn\u00ed vyu\u017eit\u00ed zdroj\u016f za\u0159\u00edzen\u00ed zaji\u0161\u0165uje po\u017eadavky na p\u0159esnost v\u00fdrobk\u016f a spl\u0148uje po\u017eadavky na vysokou kvalitu v\u00fdrobk\u016f.<\/p>\n<p><img loading=\"lazy\" decoding=\"async\" class=\"alignnone wp-image-626\" src=\"https:\/\/hydraulic-cylinders.net\/wp-content\/uploads\/2023\/08\/hydraulic-cylinder-product-1-300x158.webp\" alt=\"\" width=\"495\" height=\"260\" srcset=\"https:\/\/hydraulic-cylinders.net\/wp-content\/uploads\/2023\/08\/hydraulic-cylinder-product-1-300x158.webp 495w, https:\/\/hydraulic-cylinders.net\/wp-content\/uploads\/2023\/08\/hydraulic-cylinder-product-1-480x252.webp 480w\" sizes=\"(min-width: 0px) and (max-width: 480px) 480px, (min-width: 481px) 495px, 100vw\" \/> <img loading=\"lazy\" decoding=\"async\" class=\"alignnone wp-image-627\" src=\"https:\/\/hydraulic-cylinders.net\/wp-content\/uploads\/2023\/08\/hydraulic-cylinder-product-2-300x189.webp\" alt=\"\" width=\"413\" height=\"260\" \/><\/p>\n<h3>(2) Obr\u00e1b\u011bn\u00ed<\/h3>\n<p>Obrobna je vybavena zak\u00e1zkov\u00fdm soustru\u017enick\u00fdm centrem pro \u0161ikm\u00e9 kolejnice, obr\u00e1b\u011bc\u00edm centrem, vysokorychlostn\u00edm honovac\u00edm strojem, sva\u0159ovac\u00edm robotem a dal\u0161\u00edm souvisej\u00edc\u00edm za\u0159\u00edzen\u00edm, kter\u00e9 zvl\u00e1dne obr\u00e1b\u011bn\u00ed v\u00e1lcov\u00fdch trubek s maxim\u00e1ln\u00edm vnit\u0159n\u00edm pr\u016fm\u011brem 400 mm a maxim\u00e1ln\u00ed d\u00e9lkou 6 metr\u016f.<\/p>\n<p><img loading=\"lazy\" decoding=\"async\" class=\"alignnone wp-image-628 size-large\" src=\"https:\/\/hydraulic-cylinders.net\/wp-content\/uploads\/2023\/08\/hydraulic-cylinder-product-3-1024x391.webp\" alt=\"\" width=\"1024\" height=\"391\" srcset=\"https:\/\/hydraulic-cylinders.net\/wp-content\/uploads\/2023\/08\/hydraulic-cylinder-product-3-980x374.webp 980w, https:\/\/hydraulic-cylinders.net\/wp-content\/uploads\/2023\/08\/hydraulic-cylinder-product-3-480x183.webp 480w\" sizes=\"(min-width: 0px) and (max-width: 480px) 480px, (min-width: 481px) and (max-width: 980px) 980px, (min-width: 981px) 1024px, 100vw\" \/><\/p>\n<h3>(3) Sva\u0159ov\u00e1n\u00ed<\/h3>\n<p><img loading=\"lazy\" decoding=\"async\" class=\"alignnone wp-image-629 size-large\" src=\"https:\/\/hydraulic-cylinders.net\/wp-content\/uploads\/2023\/08\/hydraulic-cylinder-product-4-1024x510.webp\" alt=\"\" width=\"1024\" height=\"510\" srcset=\"https:\/\/hydraulic-cylinders.net\/wp-content\/uploads\/2023\/08\/hydraulic-cylinder-product-4-980x488.webp 980w, https:\/\/hydraulic-cylinders.net\/wp-content\/uploads\/2023\/08\/hydraulic-cylinder-product-4-480x239.webp 480w\" sizes=\"(min-width: 0px) and (max-width: 480px) 480px, (min-width: 481px) and (max-width: 980px) 980px, (min-width: 981px) 1024px, 100vw\" \/><\/p>\n<h3>(4) Lakov\u00e1n\u00ed a n\u00e1t\u011bry<\/h3>\n<p>S malou a st\u0159edn\u00ed v\u00e1lcovou automatickou linkou na nan\u00e1\u0161en\u00ed barev na vodn\u00ed b\u00e1zi, pro dosa\u017een\u00ed automatick\u00e9ho robotick\u00e9ho nakl\u00e1d\u00e1n\u00ed a vykl\u00e1d\u00e1n\u00ed a automatick\u00e9ho st\u0159\u00edk\u00e1n\u00ed, je konstruk\u010dn\u00ed kapacita 4000 kus\u016f za sm\u011bnu;<br \/>\nM\u00e1me tak\u00e9 poloautomatickou linku na v\u00fdrobu barev pro velk\u00e9 tlakov\u00e9 lahve, poh\u00e1n\u011bnou \u0159et\u011bzem, s konstruk\u010dn\u00ed kapacitou 60 lahv\u00ed za sm\u011bnu.<\/p>\n<p><img loading=\"lazy\" decoding=\"async\" class=\"alignnone wp-image-630\" src=\"https:\/\/hydraulic-cylinders.net\/wp-content\/uploads\/2023\/08\/hydraulic-cylinder-product-5-300x213.webp\" alt=\"\" width=\"366\" height=\"260\" \/> <img loading=\"lazy\" decoding=\"async\" class=\"alignnone wp-image-631\" src=\"https:\/\/hydraulic-cylinders.net\/wp-content\/uploads\/2023\/08\/hydraulic-cylinder-product-6-300x225.webp\" alt=\"\" width=\"347\" height=\"260\" \/><\/p>\n<h3>(5) Testov\u00e1n\u00ed<\/h3>\n<p>Disponujeme prvot\u0159\u00eddn\u00edmi inspek\u010dn\u00edmi za\u0159\u00edzen\u00edmi a zku\u0161ebn\u00edmi laborato\u0159emi, abychom zajistili, \u017ee v\u00fdkon v\u00e1lce spl\u0148uje po\u017eadavky.<\/p>\n<p><img loading=\"lazy\" decoding=\"async\" class=\"alignnone wp-image-632\" src=\"https:\/\/hydraulic-cylinders.net\/wp-content\/uploads\/2023\/08\/hydraulic-cylinder-product-8-300x200.webp\" alt=\"\" width=\"389\" height=\"260\" \/><\/p>\n<p>&nbsp;<\/p>\n<p>&nbsp;<\/p>\n<p>Jsme jedn\u00edm z nejlep\u0161\u00edch v\u00fdrobc\u016f n\u00edzkotlak\u00fdch hydraulick\u00fdch v\u00e1lc\u016f. Nab\u00edz\u00edme \u0161irok\u00fd sortiment n\u00edzkotlak\u00fdch hydraulick\u00fdch v\u00e1lc\u016f. Dod\u00e1v\u00e1me tak\u00e9 odpov\u00eddaj\u00edc\u00ed <a href=\"https:\/\/hzpt.com\/agricultural-pto-gearbox\/\" target=\"_blank\" rel=\"noopener\">zem\u011bd\u011blsk\u00e9 p\u0159evodovky<\/a>Na\u0161e v\u00fdrobky jsme exportovali klient\u016fm po cel\u00e9m sv\u011bt\u011b a d\u00edky vynikaj\u00edc\u00ed kvalit\u011b v\u00fdrobk\u016f a poprodejn\u00edmu servisu jsme si z\u00edskali dobrou pov\u011bst. Srde\u010dn\u011b v\u00edt\u00e1me z\u00e1kazn\u00edky doma i v zahrani\u010d\u00ed, kte\u0159\u00ed n\u00e1s kontaktuj\u00ed za \u00fa\u010delem vyjedn\u00e1v\u00e1n\u00ed obchodn\u00edch p\u0159\u00edle\u017eitost\u00ed, v\u00fdm\u011bny informac\u00ed a\u00a0<a href=\"https:\/\/www.hydraulic-cylinders.net\/cs\/contact-us\/\">spolupracujte s n\u00e1mi<\/a>!<\/p>\n<p>&nbsp;<\/p>","protected":false},"excerpt":{"rendered":"<p>Low-Pressure Hydraulic Cylinder Footstand In a low-pressure hydraulic cylinder, the tripod is the component that provides stability and support for the cylinder. It is usually a metal plate or bracket attached to the cylinder&#8217;s bottom or base. Tripods have several uses, including: Stability: The foot base helps to stabilize the hydraulic cylinder and prevent it [&hellip;]<\/p>","protected":false},"featured_media":891,"comment_status":"open","ping_status":"closed","template":"","meta":{"_et_pb_use_builder":"","_et_pb_old_content":"","_et_gb_content_width":""},"product_brand":[],"product_cat":[1376,1388],"product_tag":[1380],"class_list":{"0":"post-778","1":"product","2":"type-product","3":"status-publish","4":"has-post-thumbnail","6":"product_cat-hydraulic-cylinder","7":"product_cat-low-pressure-hydraulic-cylinder","8":"product_tag-hydraulic-cylinder","10":"first","11":"instock","12":"shipping-taxable","13":"product-type-simple"},"amp_enabled":true,"_links":{"self":[{"href":"https:\/\/www.hydraulic-cylinders.net\/cs\/wp-json\/wp\/v2\/product\/778","targetHints":{"allow":["GET"]}}],"collection":[{"href":"https:\/\/www.hydraulic-cylinders.net\/cs\/wp-json\/wp\/v2\/product"}],"about":[{"href":"https:\/\/www.hydraulic-cylinders.net\/cs\/wp-json\/wp\/v2\/types\/product"}],"replies":[{"embeddable":true,"href":"https:\/\/www.hydraulic-cylinders.net\/cs\/wp-json\/wp\/v2\/comments?post=778"}],"wp:featuredmedia":[{"embeddable":true,"href":"https:\/\/www.hydraulic-cylinders.net\/cs\/wp-json\/wp\/v2\/media\/891"}],"wp:attachment":[{"href":"https:\/\/www.hydraulic-cylinders.net\/cs\/wp-json\/wp\/v2\/media?parent=778"}],"wp:term":[{"taxonomy":"product_brand","embeddable":true,"href":"https:\/\/www.hydraulic-cylinders.net\/cs\/wp-json\/wp\/v2\/product_brand?post=778"},{"taxonomy":"product_cat","embeddable":true,"href":"https:\/\/www.hydraulic-cylinders.net\/cs\/wp-json\/wp\/v2\/product_cat?post=778"},{"taxonomy":"product_tag","embeddable":true,"href":"https:\/\/www.hydraulic-cylinders.net\/cs\/wp-json\/wp\/v2\/product_tag?post=778"}],"curies":[{"name":"wp","href":"https:\/\/api.w.org\/{rel}","templated":true}]}}