{"id":794,"date":"2023-08-23T08:00:52","date_gmt":"2023-08-23T08:00:52","guid":{"rendered":"https:\/\/hydraulic-cylinders.net\/?post_type=product&#038;p=794"},"modified":"2025-04-16T02:22:59","modified_gmt":"2025-04-16T02:22:59","slug":"standard-mob-light-rod-hydraulic-cylinder","status":"publish","type":"product","link":"https:\/\/www.hydraulic-cylinders.net\/cs\/produkt\/standard-mob-light-rod-hydraulic-cylinder\/","title":{"rendered":"Standardn\u00ed hydraulick\u00fd v\u00e1lec MOB Light Rod"},"content":{"rendered":"<h1 style=\"text-align: center;\"><strong>Standardn\u00ed hydraulick\u00fd v\u00e1lec MOB Light Rod<\/strong><\/h1>\n<p>Hydraulick\u00fd v\u00e1lec s lehkou ty\u010d\u00ed MOB se skl\u00e1d\u00e1 z p\u0159edn\u00ed hlavy v\u00e1lc\u016f, zadn\u00ed hlavy v\u00e1lc\u016f, p\u00edstu, v\u00e1lce, p\u00edstn\u00ed ty\u010de, \u010dty\u0159 \u0161roubov\u00fdch ty\u010d\u00ed, osmi pojistn\u00fdch matic a t\u011bsn\u011bn\u00ed, pojistn\u00e9 matice p\u00edstu s t\u011bsn\u011bn\u00edm, odpov\u00eddaj\u00edc\u00ed pojistn\u00e9 matice konce p\u00edstn\u00ed ty\u010de, sady t\u011bsn\u011bn\u00ed, ochrann\u00e9ho pouzdra konce p\u00edstnice a olejov\u00e9 z\u00e1tky. Vzhledem k tomu, \u017ee v\u00e1lec t\u00e9to \u0159ady m\u00e1 tlak pouze 7 MPa, p\u0159edn\u00ed a zadn\u00ed kryty jsou odlity z oceli HT200, p\u00edstn\u00ed ty\u010d je vyrobena z chromovan\u00e9 oceli \u010d. 45 s tlou\u0161\u0165kou vrstvy 2-3 dr\u00e1t\u016f, v\u00e1lec je vyroben z trubky \u010d. 20 a materi\u00e1l p\u00edstnice je A3.<\/p>\n<p>\u201eHydraulick\u00fd v\u00e1lec s lampovou ty\u010d\u00ed\u201c se obvykle vztahuje na speci\u00e1ln\u00ed typ hydraulick\u00e9ho v\u00e1lce, kter\u00fd je navr\u017een tak, aby byl lehk\u00fd a kompaktn\u00ed. Tyto v\u00e1lce se \u010dasto pou\u017e\u00edvaj\u00ed v aplikac\u00edch s omezen\u00fdm prostorem nebo hmotnost\u00ed.<\/p>\n<p><img loading=\"lazy\" decoding=\"async\" class=\"wp-image-795 size-full aligncenter\" src=\"https:\/\/hydraulic-cylinders.net\/wp-content\/uploads\/2023\/08\/standard-mob-light-pull-rod-hydraulic-cylinder-1.webp\" alt=\"\" width=\"790\" height=\"200\" srcset=\"https:\/\/hydraulic-cylinders.net\/wp-content\/uploads\/2023\/08\/standard-mob-light-pull-rod-hydraulic-cylinder-1.webp 790w, https:\/\/hydraulic-cylinders.net\/wp-content\/uploads\/2023\/08\/standard-mob-light-pull-rod-hydraulic-cylinder-1-480x122.webp 480w\" sizes=\"(min-width: 0px) and (max-width: 480px) 480px, (min-width: 481px) 790px, 100vw\" \/><\/p>\n<h2><strong>Standardn\u00ed parametr hydraulick\u00e9ho v\u00e1lce MOB Light Rod:<\/strong><\/h2>\n<p><img loading=\"lazy\" decoding=\"async\" class=\"alignnone wp-image-796 size-full\" src=\"https:\/\/hydraulic-cylinders.net\/wp-content\/uploads\/2023\/08\/standard-mob-light-pull-rod-hydraulic-cylinder-2.webp\" alt=\"\" width=\"790\" height=\"369\" srcset=\"https:\/\/hydraulic-cylinders.net\/wp-content\/uploads\/2023\/08\/standard-mob-light-pull-rod-hydraulic-cylinder-2.webp 790w, https:\/\/hydraulic-cylinders.net\/wp-content\/uploads\/2023\/08\/standard-mob-light-pull-rod-hydraulic-cylinder-2-480x224.webp 480w\" sizes=\"(min-width: 0px) and (max-width: 480px) 480px, (min-width: 481px) 790px, 100vw\" \/><\/p>\n<h2><strong>Lehk\u00fd ty\u010dov\u00fd hydraulick\u00fd v\u00e1lec <\/strong><strong>Charakteristiky<\/strong><strong>:<\/strong><\/h2>\n<p>Mezi hlavn\u00ed vlastnosti a charakteristiky hydraulick\u00e9ho v\u00e1lce pro sloup lampy mohou pat\u0159it:<\/p>\n<p><strong>Kompaktn\u00ed design<\/strong>Hydraulick\u00fd v\u00e1lec s lehkou ty\u010d\u00ed m\u00e1 mal\u00fd p\u016fdorys a \u0161t\u00edhl\u00fd tvar, d\u00edky \u010demu\u017e je vhodn\u00fd pro \u00fazk\u00e9 prostory nebo aplikace s omezen\u00fdm prostorem.<\/p>\n<p><strong>Lehk\u00e1 konstrukce<\/strong>Tyto v\u00e1lce jsou vyrobeny z lehk\u00fdch materi\u00e1l\u016f, jako je hlin\u00edk nebo kompozitn\u00ed materi\u00e1ly, aby se sn\u00ed\u017eila celkov\u00e1 hmotnost. D\u00edky tomu jsou vhodn\u00e9 pro aplikace, kde je hmotnost kl\u00ed\u010dov\u00fdm faktorem, jako jsou mobiln\u00ed za\u0159\u00edzen\u00ed nebo leteck\u00e9 a kosmick\u00e9 aplikace.<\/p>\n<p><strong>Vysok\u00fd pom\u011br pevnosti k hmotnosti<\/strong>Navzdory lehk\u00e9 konstrukci jsou hydraulick\u00e9 v\u00e1lce s lehkou ty\u010d\u00ed navr\u017eeny pro vysokou pevnost a odolnost. Jsou navr\u017eeny tak, aby odolaly sil\u00e1m a tlak\u016fm spojen\u00fdm s hydraulick\u00fdm provozem a z\u00e1rove\u0148 si zachovaly struktur\u00e1ln\u00ed integritu.<\/p>\n<p><strong>Plynul\u00fd provoz<\/strong>Tyto v\u00e1lce obvykle vyu\u017e\u00edvaj\u00ed pokro\u010dilou technologii t\u011bsn\u011bn\u00ed a p\u0159esn\u00e9 obr\u00e1b\u011bn\u00ed, aby byl zaji\u0161t\u011bn hladk\u00fd a spolehliv\u00fd provoz. To pom\u00e1h\u00e1 sn\u00ed\u017eit t\u0159en\u00ed a zv\u00fd\u0161it \u00fa\u010dinnost.<\/p>\n<p><strong>Vlastn\u00ed mo\u017enosti<\/strong>Hydraulick\u00e9 v\u00e1lce s lehkou ty\u010d\u00ed lze \u010dasto p\u0159izp\u016fsobit tak, aby spl\u0148ovaly specifick\u00e9 po\u017eadavky aplikace. To zahrnuje mo\u017enosti d\u00e9lky zdvihu, mont\u00e1\u017en\u00ed konfigurace a hydraulick\u00fdch p\u0159ipojen\u00ed.<\/p>\n<h2><strong>Jak rozebrat hydraulick\u00fd v\u00e1lec?<\/strong><\/h2>\n<p>Demont\u00e1\u017e hydraulick\u00e9ho v\u00e1lce vy\u017eaduje opatrnost a dodr\u017eov\u00e1n\u00ed spr\u00e1vn\u00fdch bezpe\u010dnostn\u00edch postup\u016f. Zde je obecn\u00fd podrobn\u00fd n\u00e1vod, jak hydraulick\u00fd v\u00e1lec rozebrat:<\/p>\n<ol>\n<li><strong>Bezpe\u010dnostn\u00ed opat\u0159en\u00ed<\/strong>:\n<ul>\n<li>Ujist\u011bte se, \u017ee hydraulick\u00fd syst\u00e9m je bez tlaku a v\u00e1lec nen\u00ed zat\u00ed\u017een.<\/li>\n<li>Pou\u017e\u00edvejte osobn\u00ed ochrann\u00e9 prost\u0159edky, jako jsou rukavice a ochrann\u00e9 br\u00fdle.<\/li>\n<li>M\u011bjte \u010dist\u00e9 pracovn\u00ed m\u00edsto a snadno dostupn\u00e9 pot\u0159ebn\u00e9 n\u00e1stroje.<\/li>\n<\/ul>\n<\/li>\n<li><strong>Odstran\u011bn\u00ed ze syst\u00e9mu<\/strong>:\n<ul>\n<li>Odpojte hydraulick\u00e9 hadice nebo armatury od v\u00e1lce a ujist\u011bte se, \u017ee je syst\u00e9m bez tlaku a \u017ee v n\u011bm nen\u00ed \u017e\u00e1dn\u00fd zbytkov\u00fd tlak.<\/li>\n<li>Odstra\u0148te ve\u0161ker\u00e9 mont\u00e1\u017en\u00ed konzoly nebo p\u0159\u00edslu\u0161enstv\u00ed, kter\u00e9 upev\u0148uje v\u00e1lec k za\u0159\u00edzen\u00ed nebo stroji.<\/li>\n<\/ul>\n<\/li>\n<li><strong>Zajist\u011bte v\u00e1lec<\/strong>:\n<ul>\n<li>Um\u00edst\u011bte hydraulick\u00fd v\u00e1lec na bezpe\u010dn\u00e9 m\u00edsto, nap\u0159\u00edklad do sv\u011br\u00e1ku nebo \u00fachytu v\u00e1lce, aby se b\u011bhem demont\u00e1\u017ee nemohl kut\u00e1let ani pohybovat.<\/li>\n<\/ul>\n<\/li>\n<li><strong>Sejm\u011bte krytku t\u00e1hla<\/strong>:\n<ul>\n<li>Vyhledejte koncovku p\u00edstnice, kter\u00e1 se obvykle nach\u00e1z\u00ed na opa\u010dn\u00e9m konci p\u00edstn\u00ed ty\u010de.<\/li>\n<li>Pokud jsou tam \u0161rouby nebo spojovac\u00ed prvky, opatrn\u011b je odstra\u0148te pomoc\u00ed vhodn\u00e9ho n\u00e1\u0159ad\u00ed.<\/li>\n<li>Jemn\u011b poklepejte na koncovku m\u011bkk\u00fdm klad\u00edvkem nebo pou\u017eijte gumov\u00e9 klad\u00edvko k jej\u00edmu uvoln\u011bn\u00ed. Nepou\u017e\u00edvejte nadm\u011brnou s\u00edlu, abyste p\u0159ede\u0161li po\u0161kozen\u00ed.<\/li>\n<\/ul>\n<\/li>\n<li><strong>Vyjmut\u00ed p\u00edstn\u00ed sestavy<\/strong>:\n<ul>\n<li>Po odstran\u011bn\u00ed v\u00ed\u010dka koncovky p\u00edstnice by m\u011bla b\u00fdt sestava p\u00edstu p\u0159\u00edstupn\u00e1.<\/li>\n<li>Pomoc\u00ed d\u0159ev\u011bn\u00e9ho kol\u00edku nebo klad\u00edvka s m\u011bkkou plochou vysu\u0148te nebo jemn\u011b poklepejte sestavu p\u00edstu z v\u00e1lce. D\u00e1vejte pozor, abyste nepo\u0161kodili povrch p\u00edstu nebo v\u00e1lce.<\/li>\n<\/ul>\n<\/li>\n<li><strong>Demont\u00e1\u017e p\u00edstn\u00ed ty\u010de<\/strong>:\n<ul>\n<li>Po vyjmut\u00ed p\u00edstn\u00ed sestavy bude p\u00edstn\u00ed ty\u010d odkryt\u00e1.<\/li>\n<li>Zkontrolujte p\u00edstn\u00ed ty\u010d, zda na n\u00ed nejsou pojistn\u00e9 spony, pojistn\u00e9 krou\u017eky nebo jin\u00e9 zaji\u0161\u0165ovac\u00ed mechanismy, kter\u00e9 by ji mohly dr\u017eet na m\u00edst\u011b.<\/li>\n<li>Pokud jsou p\u0159\u00edtomny, opatrn\u011b odstra\u0148te upev\u0148ovac\u00ed prvky pomoc\u00ed vhodn\u00e9ho n\u00e1\u0159ad\u00ed.<\/li>\n<li>Jemn\u011b vysu\u0148te nebo poklepejte p\u00edstn\u00ed ty\u010d z v\u00e1lce. B\u011bhem demont\u00e1\u017ee dbejte na to, abyste p\u00edstnici neohnuli nebo nepo\u0161kodili.<\/li>\n<\/ul>\n<\/li>\n<li><strong>Demont\u00e1\u017e dal\u0161\u00edch komponent\u016f<\/strong>:\n<ul>\n<li>V z\u00e1vislosti na konkr\u00e9tn\u00ed konstrukci hydraulick\u00e9ho v\u00e1lce mohou b\u00fdt p\u0159\u00edtomny dal\u0161\u00ed komponenty, jako jsou t\u011bsn\u011bn\u00ed, lo\u017eiska nebo opot\u0159ebiteln\u00e9 krou\u017eky.<\/li>\n<li>V p\u0159\u00edpad\u011b pot\u0159eby tyto sou\u010d\u00e1sti demontujte pro \u00fa\u010dely kontroly, v\u00fdm\u011bny nebo \u00fadr\u017eby. Pokyny k demont\u00e1\u017ei konkr\u00e9tn\u00edch sou\u010d\u00e1st\u00ed naleznete v dokumentaci nebo specifikac\u00edch v\u00fdrobce.<\/li>\n<\/ul>\n<\/li>\n<\/ol>\n<h2><strong>Schopnosti a kapacita tov\u00e1rny:<\/strong><\/h2>\n<h3>(1) Mont\u00e1\u017e<\/h3>\n<p>Disponujeme prvot\u0159\u00eddn\u00ed nez\u00e1vislou v\u00fdzkumnou a v\u00fdvojovou mont\u00e1\u017en\u00ed platformou. D\u00edlna na v\u00fdrobu v\u00e1lc\u016f pro vysokozdvi\u017en\u00e9 voz\u00edky m\u00e1 \u010dty\u0159i poloautomatick\u00e9 mont\u00e1\u017en\u00ed linky pro zvedac\u00ed v\u00e1lce a jednu automatickou mont\u00e1\u017en\u00ed linku pro nakl\u00e1p\u011bc\u00ed v\u00e1lce s projektovanou ro\u010dn\u00ed v\u00fdrobn\u00ed kapacitou 1 milion kus\u016f. D\u00edlna na speci\u00e1ln\u00ed v\u00e1lce je vybavena poloautomatick\u00fdm \u010distic\u00edm a mont\u00e1\u017en\u00edm syst\u00e9mem s r\u016fzn\u00fdmi specifikacemi a projektovanou ro\u010dn\u00ed v\u00fdrobn\u00ed kapacitou 200 000 kus\u016f. Je vybavena zn\u00e1m\u00fdm CNC obr\u00e1b\u011bc\u00edm za\u0159\u00edzen\u00edm, obr\u00e1b\u011bc\u00edm centrem, vysoce p\u0159esn\u00fdm speci\u00e1ln\u00edm za\u0159\u00edzen\u00edm pro zpracov\u00e1n\u00ed v\u00e1lc\u016f, robotick\u00fdm sva\u0159ovac\u00edm strojem, automatick\u00fdm \u010distic\u00edm strojem, automatick\u00fdm mont\u00e1\u017en\u00edm strojem pro v\u00e1lce a automatickou lakovac\u00ed v\u00fdrobn\u00ed linkou. St\u00e1vaj\u00edc\u00ed kl\u00ed\u010dov\u00e9 vybaven\u00ed m\u00e1 v\u00edce ne\u017e 300 sad. Optim\u00e1ln\u00ed alokace a efektivn\u00ed vyu\u017eit\u00ed zdroj\u016f za\u0159\u00edzen\u00ed zaji\u0161\u0165uje po\u017eadavky na p\u0159esnost v\u00fdrobk\u016f a spl\u0148uje po\u017eadavky na vysokou kvalitu v\u00fdrobk\u016f.<\/p>\n<p><img loading=\"lazy\" decoding=\"async\" class=\"alignnone wp-image-626\" src=\"https:\/\/hydraulic-cylinders.net\/wp-content\/uploads\/2023\/08\/hydraulic-cylinder-product-1-300x158.webp\" alt=\"\" width=\"495\" height=\"260\" srcset=\"https:\/\/hydraulic-cylinders.net\/wp-content\/uploads\/2023\/08\/hydraulic-cylinder-product-1-300x158.webp 495w, https:\/\/hydraulic-cylinders.net\/wp-content\/uploads\/2023\/08\/hydraulic-cylinder-product-1-480x252.webp 480w\" sizes=\"(min-width: 0px) and (max-width: 480px) 480px, (min-width: 481px) 495px, 100vw\" \/> <img loading=\"lazy\" decoding=\"async\" class=\"alignnone wp-image-627\" src=\"https:\/\/hydraulic-cylinders.net\/wp-content\/uploads\/2023\/08\/hydraulic-cylinder-product-2-300x189.webp\" alt=\"\" width=\"413\" height=\"260\" \/><\/p>\n<h3>(2) Obr\u00e1b\u011bn\u00ed<\/h3>\n<p>Obrobna je vybavena zak\u00e1zkov\u00fdm soustru\u017enick\u00fdm centrem pro \u0161ikm\u00e9 kolejnice, obr\u00e1b\u011bc\u00edm centrem, vysokorychlostn\u00edm honovac\u00edm strojem, sva\u0159ovac\u00edm robotem a dal\u0161\u00edm souvisej\u00edc\u00edm za\u0159\u00edzen\u00edm, kter\u00e9 zvl\u00e1dne obr\u00e1b\u011bn\u00ed v\u00e1lcov\u00fdch trubek s maxim\u00e1ln\u00edm vnit\u0159n\u00edm pr\u016fm\u011brem 400 mm a maxim\u00e1ln\u00ed d\u00e9lkou 6 metr\u016f.<\/p>\n<p><img loading=\"lazy\" decoding=\"async\" class=\"alignnone wp-image-628 size-large\" src=\"https:\/\/hydraulic-cylinders.net\/wp-content\/uploads\/2023\/08\/hydraulic-cylinder-product-3-1024x391.webp\" alt=\"\" width=\"1024\" height=\"391\" srcset=\"https:\/\/hydraulic-cylinders.net\/wp-content\/uploads\/2023\/08\/hydraulic-cylinder-product-3-980x374.webp 980w, https:\/\/hydraulic-cylinders.net\/wp-content\/uploads\/2023\/08\/hydraulic-cylinder-product-3-480x183.webp 480w\" sizes=\"(min-width: 0px) and (max-width: 480px) 480px, (min-width: 481px) and (max-width: 980px) 980px, (min-width: 981px) 1024px, 100vw\" \/><\/p>\n<h3>(3) Sva\u0159ov\u00e1n\u00ed<\/h3>\n<p><img loading=\"lazy\" decoding=\"async\" class=\"alignnone wp-image-629 size-large\" src=\"https:\/\/hydraulic-cylinders.net\/wp-content\/uploads\/2023\/08\/hydraulic-cylinder-product-4-1024x510.webp\" alt=\"\" width=\"1024\" height=\"510\" srcset=\"https:\/\/hydraulic-cylinders.net\/wp-content\/uploads\/2023\/08\/hydraulic-cylinder-product-4-980x488.webp 980w, https:\/\/hydraulic-cylinders.net\/wp-content\/uploads\/2023\/08\/hydraulic-cylinder-product-4-480x239.webp 480w\" sizes=\"(min-width: 0px) and (max-width: 480px) 480px, (min-width: 481px) and (max-width: 980px) 980px, (min-width: 981px) 1024px, 100vw\" \/><\/p>\n<h3>(4) Lakov\u00e1n\u00ed a n\u00e1t\u011bry<\/h3>\n<p>S malou a st\u0159edn\u00ed v\u00e1lcovou automatickou linkou na nan\u00e1\u0161en\u00ed barev na vodn\u00ed b\u00e1zi, pro dosa\u017een\u00ed automatick\u00e9ho robotick\u00e9ho nakl\u00e1d\u00e1n\u00ed a vykl\u00e1d\u00e1n\u00ed a automatick\u00e9ho st\u0159\u00edk\u00e1n\u00ed, je konstruk\u010dn\u00ed kapacita 4000 kus\u016f za sm\u011bnu;<br \/>\nM\u00e1me tak\u00e9 poloautomatickou linku na v\u00fdrobu barev pro velk\u00e9 tlakov\u00e9 lahve, poh\u00e1n\u011bnou \u0159et\u011bzem, s konstruk\u010dn\u00ed kapacitou 60 lahv\u00ed za sm\u011bnu.<\/p>\n<p><img loading=\"lazy\" decoding=\"async\" class=\"alignnone wp-image-630\" src=\"https:\/\/hydraulic-cylinders.net\/wp-content\/uploads\/2023\/08\/hydraulic-cylinder-product-5-300x213.webp\" alt=\"\" width=\"366\" height=\"260\" \/> <img loading=\"lazy\" decoding=\"async\" class=\"alignnone wp-image-631\" src=\"https:\/\/hydraulic-cylinders.net\/wp-content\/uploads\/2023\/08\/hydraulic-cylinder-product-6-300x225.webp\" alt=\"\" width=\"347\" height=\"260\" \/><\/p>\n<h3>(5) Testov\u00e1n\u00ed<\/h3>\n<p>Disponujeme prvot\u0159\u00eddn\u00edmi inspek\u010dn\u00edmi za\u0159\u00edzen\u00edmi a zku\u0161ebn\u00edmi laborato\u0159emi, abychom zajistili, \u017ee v\u00fdkon v\u00e1lce spl\u0148uje po\u017eadavky.<\/p>\n<p><img loading=\"lazy\" decoding=\"async\" class=\"alignnone wp-image-632\" src=\"https:\/\/hydraulic-cylinders.net\/wp-content\/uploads\/2023\/08\/hydraulic-cylinder-product-8-300x200.webp\" alt=\"\" width=\"389\" height=\"260\" \/><\/p>\n<p>&nbsp;<\/p>\n<p>&nbsp;<\/p>\n<p>Jsme jedn\u00edm z nejlep\u0161\u00edch v\u00fdrobc\u016f n\u00edzkotlak\u00fdch hydraulick\u00fdch v\u00e1lc\u016f. Nab\u00edz\u00edme \u0161irok\u00fd sortiment n\u00edzkotlak\u00fdch hydraulick\u00fdch v\u00e1lc\u016f. Dod\u00e1v\u00e1me tak\u00e9 odpov\u00eddaj\u00edc\u00ed <a href=\"https:\/\/hzpt.com\/agricultural-pto-gearbox\/\" target=\"_blank\" rel=\"noopener\">zem\u011bd\u011blsk\u00e9 p\u0159evodovky<\/a>Na\u0161e v\u00fdrobky jsme exportovali klient\u016fm po cel\u00e9m sv\u011bt\u011b a d\u00edky vynikaj\u00edc\u00ed kvalit\u011b v\u00fdrobk\u016f a poprodejn\u00edmu servisu jsme si z\u00edskali dobrou pov\u011bst. Srde\u010dn\u011b v\u00edt\u00e1me z\u00e1kazn\u00edky doma i v zahrani\u010d\u00ed, kte\u0159\u00ed n\u00e1s kontaktuj\u00ed za \u00fa\u010delem vyjedn\u00e1v\u00e1n\u00ed obchodn\u00edch p\u0159\u00edle\u017eitost\u00ed, v\u00fdm\u011bny informac\u00ed a\u00a0<a href=\"https:\/\/www.hydraulic-cylinders.net\/cs\/contact-us\/\">spolupracujte s n\u00e1mi<\/a>!<\/p>\n<p>&nbsp;<\/p>","protected":false},"excerpt":{"rendered":"<p>Standard MOB Light Rod Hydraulic Cylinder MOB light rod hydraulic cylinder is composed of a front cylinder head, rear cylinder head, piston, cylinder, piston rod, four screw rods, eight locking nuts and gaskets, a piston locking nut, with the gasket, a piston rod end matching locking nut, a set of seals, rod end protective sleeve, [&hellip;]<\/p>","protected":false},"featured_media":888,"comment_status":"open","ping_status":"closed","template":"","meta":{"_et_pb_use_builder":"","_et_pb_old_content":"","_et_gb_content_width":""},"product_brand":[],"product_cat":[1550,1525,1509,1376,1387],"product_tag":[1380],"class_list":{"0":"post-794","1":"product","2":"type-product","3":"status-publish","4":"has-post-thumbnail","6":"product_cat-double-acting-hydraulic-cylinder","7":"product_cat-machine-tool-hydraulic-cylinders","8":"product_cat-tie-rod-hydraulic-cylinder","9":"product_cat-hydraulic-cylinder","10":"product_cat-light-rod-hydraulic-cylinder","11":"product_tag-hydraulic-cylinder","13":"first","14":"instock","15":"shipping-taxable","16":"product-type-simple"},"amp_enabled":true,"_links":{"self":[{"href":"https:\/\/www.hydraulic-cylinders.net\/cs\/wp-json\/wp\/v2\/product\/794","targetHints":{"allow":["GET"]}}],"collection":[{"href":"https:\/\/www.hydraulic-cylinders.net\/cs\/wp-json\/wp\/v2\/product"}],"about":[{"href":"https:\/\/www.hydraulic-cylinders.net\/cs\/wp-json\/wp\/v2\/types\/product"}],"replies":[{"embeddable":true,"href":"https:\/\/www.hydraulic-cylinders.net\/cs\/wp-json\/wp\/v2\/comments?post=794"}],"wp:featuredmedia":[{"embeddable":true,"href":"https:\/\/www.hydraulic-cylinders.net\/cs\/wp-json\/wp\/v2\/media\/888"}],"wp:attachment":[{"href":"https:\/\/www.hydraulic-cylinders.net\/cs\/wp-json\/wp\/v2\/media?parent=794"}],"wp:term":[{"taxonomy":"product_brand","embeddable":true,"href":"https:\/\/www.hydraulic-cylinders.net\/cs\/wp-json\/wp\/v2\/product_brand?post=794"},{"taxonomy":"product_cat","embeddable":true,"href":"https:\/\/www.hydraulic-cylinders.net\/cs\/wp-json\/wp\/v2\/product_cat?post=794"},{"taxonomy":"product_tag","embeddable":true,"href":"https:\/\/www.hydraulic-cylinders.net\/cs\/wp-json\/wp\/v2\/product_tag?post=794"}],"curies":[{"name":"wp","href":"https:\/\/api.w.org\/{rel}","templated":true}]}}