{"id":849,"date":"2023-08-30T07:50:40","date_gmt":"2023-08-30T07:50:40","guid":{"rendered":"https:\/\/hydraulic-cylinders.net\/?post_type=product&#038;p=849"},"modified":"2025-04-16T02:22:32","modified_gmt":"2025-04-16T02:22:32","slug":"standard-biaxial-type-light-rod-hydraulic-cylinder","status":"publish","type":"product","link":"https:\/\/www.hydraulic-cylinders.net\/cs\/produkt\/standard-biaxial-type-light-rod-hydraulic-cylinder\/","title":{"rendered":"Standardn\u00ed dvouos\u00fd hydraulick\u00fd v\u00e1lec typu Light Rod"},"content":{"rendered":"<h1 style=\"text-align: center;\"><strong>Standardn\u00ed dvouos\u00fd hydraulick\u00fd v\u00e1lec typu Light Rod<\/strong><\/h1>\n<p><img loading=\"lazy\" decoding=\"async\" class=\"wp-image-318408 size-full aligncenter\" src=\"https:\/\/hzpt.com\/wp-content\/uploads\/2023\/08\/standard-biaxial-type-light-pull-rod-hydraulic-cylinder-2.webp\" alt=\"\" width=\"292\" height=\"164\" \/><\/p>\n<p>Standardn\u00ed dvouh\u0159\u00eddelov\u00fd hydraulick\u00fd v\u00e1lec s lehkou ty\u010d\u00ed je efektivn\u00ed a v\u0161estrann\u00fd hydraulick\u00fd v\u00e1lec navr\u017een\u00fd tak, aby spl\u0148oval pot\u0159eby r\u016fzn\u00fdch pr\u016fmyslov\u00fdch aplikac\u00ed. D\u00edky \u0161pi\u010dkov\u00e9 technologii a p\u0159esn\u00e9 konstrukci nab\u00edz\u00ed tento v\u00e1lec vynikaj\u00edc\u00ed v\u00fdkon, odolnost a snadn\u00e9 pou\u017eit\u00ed. A\u0165 u\u017e se pou\u017e\u00edv\u00e1 ve v\u00fdrobn\u00edch za\u0159\u00edzen\u00edch, stavebn\u00edch stroj\u00edch nebo syst\u00e9mech pro manipulaci s materi\u00e1lem, standardn\u00ed dvouh\u0159\u00eddelov\u00e9 hydraulick\u00e9 v\u00e1lce s lehkou ty\u010d\u00ed poskytuj\u00ed spolehliv\u00fd a efektivn\u00ed provoz, co\u017e je \u010din\u00ed cenn\u00fdmi pro optimalizaci produktivity.<\/p>\n<p>Z\u00e1kladn\u00ed vlastnosti hydraulick\u00e9ho v\u00e1lce s lehkou ty\u010d\u00ed:<\/p>\n<p><strong>Konstrukce s dvojit\u00fdm h\u0159\u00eddelem: <\/strong>V\u00e1lec m\u00e1 konstrukci s dvojitou h\u0159\u00eddel\u00ed, kter\u00e1 zlep\u0161uje flexibilitu a v\u0161estrannost provozu. Umo\u017e\u0148uje v\u00e1lci aplikovat s\u00edlu v obou sm\u011brech, co\u017e poskytuje vynikaj\u00edc\u00ed kontrolu a p\u0159izp\u016fsobivost v r\u016fzn\u00fdch aplikac\u00edch.<\/p>\n<p><strong>Struktura sv\u011bteln\u00e9 ty\u010de:<\/strong> Lehk\u00e1 konstrukce p\u00edstn\u00edch ty\u010d\u00ed vyu\u017e\u00edv\u00e1 lehk\u00e9 materi\u00e1ly, jako jsou hlin\u00edkov\u00e9 nebo kompozitn\u00ed p\u00edstn\u00ed ty\u010de. Tato konstrukce sni\u017euje celkovou hmotnost v\u00e1lce, co\u017e vede k rychlej\u0161\u00edmu pohybu, lep\u0161\u00ed energetick\u00e9 \u00fa\u010dinnosti a ni\u017e\u0161\u00edm provozn\u00edm n\u00e1klad\u016fm.<\/p>\n<p><strong>Vysok\u00e1 p\u0159esnost a stabilita:<\/strong> Standardn\u00ed dvouos\u00fd hydraulick\u00fd v\u00e1lec s lehkou ty\u010d\u00ed je navr\u017een tak, aby poskytoval vysokou p\u0159esnost a stabilitu p\u0159i line\u00e1rn\u00edm pohybu. Zaji\u0161\u0165uje p\u0159esn\u00e9 polohov\u00e1n\u00ed, plynul\u00fd pohyb a vynikaj\u00edc\u00ed opakovatelnost, d\u00edky \u010demu\u017e je ide\u00e1ln\u00ed pro aplikace vy\u017eaduj\u00edc\u00ed p\u0159esn\u00e9 ovl\u00e1d\u00e1n\u00ed a spolehlivost.<\/p>\n<h2><strong>Standardn\u00ed biaxi\u00e1ln\u00ed typ hydraulick\u00e9ho v\u00e1lce s lehkou ty\u010d\u00ed Parametr:<\/strong><\/h2>\n<p><img loading=\"lazy\" decoding=\"async\" class=\"alignnone wp-image-851 size-full\" src=\"https:\/\/hydraulic-cylinders.net\/wp-content\/uploads\/2023\/08\/standard-biaxial-type-light-pull-rod-hydraulic-cylinder-3.webp\" alt=\"\" width=\"790\" height=\"320\" srcset=\"https:\/\/hydraulic-cylinders.net\/wp-content\/uploads\/2023\/08\/standard-biaxial-type-light-pull-rod-hydraulic-cylinder-3.webp 790w, https:\/\/hydraulic-cylinders.net\/wp-content\/uploads\/2023\/08\/standard-biaxial-type-light-pull-rod-hydraulic-cylinder-3-480x194.webp 480w\" sizes=\"(min-width: 0px) and (max-width: 480px) 480px, (min-width: 481px) 790px, 100vw\" \/><\/p>\n<h2><strong>Standardn\u00ed dvouos\u00fd hydraulick\u00fd v\u00e1lec typu Light Rod <\/strong><strong>Zp\u016fsob pou\u017eit\u00ed<\/strong><strong>:<\/strong><\/h2>\n<p><strong>Instalace a p\u0159ipojen\u00ed:<\/strong> Bezpe\u010dn\u011b nainstalujte v\u00e1lec na m\u00edsto pomoc\u00ed p\u0159edepsan\u00fdch mont\u00e1\u017en\u00edch konzol nebo upev\u0148ovac\u00edch prvk\u016f. Zajist\u011bte stabiln\u00ed instalaci a spr\u00e1vn\u00e9 vyrovn\u00e1n\u00ed. Pro p\u0159ipojen\u00ed hydraulick\u00fdch potrub\u00ed k otvor\u016fm v\u00e1lce dodr\u017eujte pokyny a pokyny v\u00fdrobce.<\/p>\n<p><strong>Integrace hydraulick\u00e9ho syst\u00e9mu:<\/strong> V\u00e1lec se integruje do hydraulick\u00e9ho syst\u00e9mu p\u0159ipojen\u00edm k vhodn\u00e9mu hydraulick\u00e9mu \u010derpadlu nebo pohonn\u00e9 jednotce. Zajist\u011bte spln\u011bn\u00ed specifikac\u00ed v\u00e1lce a provozn\u00edch po\u017eadavk\u016f.<\/p>\n<p><strong>Ovl\u00e1d\u00e1n\u00ed a provoz:<\/strong> Pomoc\u00ed regula\u010dn\u00edho ventilu upravte pr\u016ftok hydraulick\u00e9ho oleje do a z v\u00e1lce. Upravte nastaven\u00ed ovl\u00e1d\u00e1n\u00ed tak, abyste dos\u00e1hli po\u017eadovan\u00e9ho line\u00e1rn\u00edho pohybu a v\u00fdstupn\u00ed s\u00edly. Otestujte pohyb v\u00e1lce, abyste ov\u011b\u0159ili jeho funkci a citlivost.<\/p>\n<h2><strong>Standardn\u00ed dvouos\u00fd hydraulick\u00fd v\u00e1lec typu Light Rod <\/strong><strong>\u00dadr\u017eba<\/strong><strong>:<\/strong><\/h2>\n<p>Pravideln\u00e1 \u00fadr\u017eba je nezbytn\u00e1 pro zaji\u0161t\u011bn\u00ed optim\u00e1ln\u00edho v\u00fdkonu a prodlou\u017een\u00ed \u017eivotnosti standardn\u00edho biaxi\u00e1ln\u00edho hydraulick\u00e9ho v\u00e1lce s lehkou ty\u010d\u00ed. Zde je n\u011bkolik pokyn\u016f pro \u00fadr\u017ebu:<\/p>\n<ol>\n<li><strong>Rutinn\u00ed kontrola<\/strong>Prov\u00e1d\u011bjte pravideln\u00e9 kontroly, abyste identifikovali zn\u00e1mky opot\u0159eben\u00ed, po\u0161kozen\u00ed nebo net\u011bsnost\u00ed. Zkontrolujte t\u011bleso v\u00e1lce, p\u00edstnici, t\u011bsn\u011bn\u00ed a dal\u0161\u00ed sou\u010d\u00e1sti, zda nevykazuj\u00ed abnormality. Ve\u0161ker\u00e9 probl\u00e9my \u0159e\u0161te neprodlen\u011b, abyste p\u0159ede\u0161li dal\u0161\u00edm zran\u011bn\u00edm nebo provozn\u00ed neefektivnosti.<\/li>\n<li><strong>Maz\u00e1n\u00ed<\/strong>Naneste doporu\u010den\u00e9 mazivo na pohybliv\u00e9 \u010d\u00e1sti v\u00e1lce, v\u010detn\u011b p\u00edstnice a t\u011bsn\u011bn\u00ed. Pravideln\u00e9 maz\u00e1n\u00ed minimalizuje t\u0159en\u00ed, sni\u017euje opot\u0159eben\u00ed a zaji\u0161\u0165uje hladk\u00fd chod. Dodr\u017eujte pokyny v\u00fdrobce ohledn\u011b vhodn\u00fdch interval\u016f maz\u00e1n\u00ed a typu maziva.<\/li>\n<li>V\u00fdm\u011bna t\u011bsn\u011bn\u00ed: Pokud si v\u0161imnete po\u0161kozen\u00ed t\u011bsn\u011bn\u00ed nebo net\u011bsnosti, vym\u011b\u0148te t\u011bsn\u011bn\u00ed za origin\u00e1ln\u00ed d\u00edly schv\u00e1len\u00e9 v\u00fdrobcem. Nespr\u00e1vn\u00e1 nebo opot\u0159ebovan\u00e1 t\u011bsn\u011bn\u00ed mohou ohrozit v\u00fdkon v\u00e1lce a v\u00e9st k \u00faniku hydraulick\u00e9 kapaliny.<\/li>\n<li><strong>\u010ci\u0161t\u011bn\u00ed<\/strong>Vy\u010dist\u011bte v\u00e1lec odstran\u011bn\u00edm ne\u010distot, \u00falomk\u016f a dal\u0161\u00edch kontaminant\u016f. Pou\u017eijte neabrazivn\u00ed \u010distic\u00ed prost\u0159edek a p\u0159ed op\u011btovnou mont\u00e1\u017e\u00ed se ujist\u011bte, \u017ee v\u0161echny sou\u010d\u00e1sti jsou d\u016fkladn\u011b vysu\u0161en\u00e9. \u010cist\u00fd v\u00e1lec podporuje optim\u00e1ln\u00ed v\u00fdkon a zabra\u0148uje p\u0159ed\u010dasn\u00e9mu opot\u0159eben\u00ed nebo po\u0161kozen\u00ed.<\/li>\n<\/ol>\n<h2><strong>Jak opravit hydraulick\u00fd v\u00e1lec?<\/strong><\/h2>\n<p>Oprava hydraulick\u00e9ho v\u00e1lce vy\u017eaduje pe\u010dlivou pozornost a znalost jeho sou\u010d\u00e1st\u00ed a hydraulick\u00fdch syst\u00e9m\u016f. Zde je obecn\u00fd n\u00e1vod, jak opravit hydraulick\u00fd v\u00e1lec:<\/p>\n<ol>\n<li><strong>Bezpe\u010dnost p\u0159edev\u0161\u00edm:<\/strong> P\u0159ed zah\u00e1jen\u00edm jak\u00fdchkoli oprav se ujist\u011bte, \u017ee je hydraulick\u00fd syst\u00e9m bez tlaku a za\u0159\u00edzen\u00ed je bezpe\u010dn\u011b zaji\u0161t\u011bno, aby se zabr\u00e1nilo n\u00e1hodn\u00e9mu pohybu nebo zran\u011bn\u00ed.<\/li>\n<li><strong>Identifikujte probl\u00e9m:<\/strong> Ur\u010dete konkr\u00e9tn\u00ed probl\u00e9m s hydraulick\u00fdm v\u00e1lcem. Mezi typick\u00e9 probl\u00e9my mohou pat\u0159it net\u011bsn\u00e1 t\u011bsn\u011bn\u00ed, po\u0161kozen\u00e9 ty\u010de, ohnut\u00e9 trubky nebo opot\u0159ebovan\u00e9 sou\u010d\u00e1sti.<\/li>\n<li><strong>Demont\u00e1\u017e:<\/strong> Hydraulick\u00fd v\u00e1lec opatrn\u011b rozeberte podle pokyn\u016f nebo pokyn\u016f v\u00fdrobce. Pro spr\u00e1vnou op\u011btovnou mont\u00e1\u017e si poznamenejte po\u0159ad\u00ed demontovan\u00fdch sou\u010d\u00e1st\u00ed.<\/li>\n<li><strong>Inspekce:<\/strong> D\u016fkladn\u011b zkontrolujte v\u0161echny sou\u010d\u00e1sti, zda nevykazuj\u00ed zn\u00e1mky po\u0161kozen\u00ed, opot\u0159eben\u00ed nebo poruchy. V\u011bnujte zvl\u00e1\u0161tn\u00ed pozornost t\u011bsn\u011bn\u00edm, ojnic\u00edm, p\u00edst\u016fm a v\u00e1lc\u016fm. Vym\u011b\u0148te v\u0161echny d\u00edly, kter\u00e9 jsou opot\u0159ebovan\u00e9, po\u0161kozen\u00e9 nebo net\u011bsn\u00ed.<\/li>\n<li><strong>V\u00fdm\u011bna t\u011bsn\u011bn\u00ed:<\/strong> Pokud v\u00e1lec net\u011bsn\u00ed, vym\u011b\u0148te t\u011bsn\u011bn\u00ed za nov\u00e1 t\u011bsn\u011bn\u00ed schv\u00e1len\u00e1 v\u00fdrobcem. Zajist\u011bte spr\u00e1vnou instalaci a maz\u00e1n\u00ed t\u011bsn\u011bn\u00ed.<\/li>\n<li><strong>Oprava nebo v\u00fdm\u011bna ty\u010de:<\/strong> Pokud je p\u00edstn\u00ed ty\u010d po\u0161kozen\u00e1 nebo ohnut\u00e1, m\u016f\u017ee b\u00fdt nutn\u00e9 ji opravit nebo vym\u011bnit. Drobn\u00e9 po\u0161kozen\u00ed povrchu lze \u010dasto opravit brou\u0161en\u00edm nebo le\u0161t\u011bn\u00edm. V\u00e1\u017en\u011bj\u0161\u00ed po\u0161kozen\u00ed v\u0161ak m\u016f\u017ee vy\u017eadovat v\u00fdm\u011bnu p\u00edstn\u00ed ty\u010de.<\/li>\n<li><strong>Oprava nebo v\u00fdm\u011bna hlavn\u011b:<\/strong> Pokud je v\u00e1lec po\u0161kozen\u00fd nebo opot\u0159ebovan\u00fd, m\u016f\u017ee b\u00fdt nutn\u00e9 jej opravit nebo vym\u011bnit. Pora\u010fte se s odborn\u00edkem nebo v\u00fdrobcem, abyste ur\u010dili nejlep\u0161\u00ed postup.<\/li>\n<li><strong>\u010ci\u0161t\u011bn\u00ed:<\/strong> D\u016fkladn\u011b o\u010dist\u011bte v\u0161echny sou\u010d\u00e1sti a odstra\u0148te ve\u0161ker\u00e9 ne\u010distoty, \u00falomky nebo kontaminanty, kter\u00e9 by mohly naru\u0161it funkci v\u00e1lce.<\/li>\n<li><strong>Znovusemont\u00e1\u017e:<\/strong> Hydraulick\u00fd v\u00e1lec opatrn\u011b sestavte zp\u011bt a ujist\u011bte se, \u017ee v\u0161echny sou\u010d\u00e1sti jsou spr\u00e1vn\u011b vyrovn\u00e1ny a uta\u017eeny dle specifikac\u00ed v\u00fdrobce. Pou\u017eijte vhodn\u00e9 nastaven\u00ed utahovac\u00edho momentu pro spojovac\u00ed prvky.<\/li>\n<li><strong>Testov\u00e1n\u00ed a inspekce:<\/strong> Po op\u011btovn\u00e9 mont\u00e1\u017ei hydraulick\u00e9ho v\u00e1lce vyzkou\u0161ejte jeho funkci. Zkontrolujte plynul\u00fd pohyb, spr\u00e1vn\u00e9 ut\u011bsn\u011bn\u00ed a p\u0159\u00edpadn\u00e9 zn\u00e1mky net\u011bsnosti. B\u011bhem prvn\u00edho pou\u017eit\u00ed sledujte v\u00fdkon v\u00e1lce, abyste se ujistili, \u017ee oprava prob\u011bhla \u00fasp\u011b\u0161n\u011b.<\/li>\n<\/ol>\n<h2><strong>Schopnosti a kapacita tov\u00e1rny:<\/strong><\/h2>\n<h3>(1) Mont\u00e1\u017e<\/h3>\n<p>Disponujeme prvot\u0159\u00eddn\u00ed nez\u00e1vislou v\u00fdzkumnou a v\u00fdvojovou mont\u00e1\u017en\u00ed platformou. D\u00edlna na v\u00fdrobu hydraulick\u00fdch v\u00e1lc\u016f m\u00e1 \u010dty\u0159i poloautomatick\u00e9 mont\u00e1\u017en\u00ed linky pro zvedac\u00ed v\u00e1lce a jednu automatickou mont\u00e1\u017en\u00ed linku pro nakl\u00e1p\u011bc\u00ed v\u00e1lce s projektovanou ro\u010dn\u00ed v\u00fdrobn\u00ed kapacitou 1 milion kus\u016f. D\u00edlna na speci\u00e1ln\u00ed v\u00e1lce je vybavena poloautomatick\u00fdm \u010distic\u00edm mont\u00e1\u017en\u00edm syst\u00e9mem s r\u016fzn\u00fdmi specifikacemi a projektovanou ro\u010dn\u00ed v\u00fdrobn\u00ed kapacitou 200 000 kus\u016f a je vybavena zn\u00e1m\u00fdm CNC obr\u00e1b\u011bc\u00edm za\u0159\u00edzen\u00edm, obr\u00e1b\u011bc\u00edm centrem, vysoce p\u0159esn\u00fdm speci\u00e1ln\u00edm za\u0159\u00edzen\u00edm pro zpracov\u00e1n\u00ed v\u00e1lc\u016f, robotick\u00fdm sva\u0159ovac\u00edm strojem, automatick\u00fdm \u010distic\u00edm strojem, automatick\u00fdm mont\u00e1\u017en\u00edm strojem pro v\u00e1lce a automatickou lakovac\u00ed v\u00fdrobn\u00ed linkou. St\u00e1vaj\u00edc\u00ed kritick\u00e9 vybaven\u00ed m\u00e1 v\u00edce ne\u017e 300 sad. Optim\u00e1ln\u00ed alokace a efektivn\u00ed vyu\u017eit\u00ed zdroj\u016f za\u0159\u00edzen\u00ed zaji\u0161\u0165uje po\u017eadavky na p\u0159esnost v\u00fdrobk\u016f a spl\u0148uje po\u017eadavky na vysokou kvalitu v\u00fdrobk\u016f.<\/p>\n<p><img loading=\"lazy\" decoding=\"async\" class=\"alignnone wp-image-626\" src=\"https:\/\/hydraulic-cylinders.net\/wp-content\/uploads\/2023\/08\/hydraulic-cylinder-product-1-300x158.webp\" alt=\"\" width=\"495\" height=\"260\" srcset=\"https:\/\/hydraulic-cylinders.net\/wp-content\/uploads\/2023\/08\/hydraulic-cylinder-product-1-300x158.webp 495w, https:\/\/hydraulic-cylinders.net\/wp-content\/uploads\/2023\/08\/hydraulic-cylinder-product-1-480x252.webp 480w\" sizes=\"(min-width: 0px) and (max-width: 480px) 480px, (min-width: 481px) 495px, 100vw\" \/> <img loading=\"lazy\" decoding=\"async\" class=\"alignnone wp-image-627\" src=\"https:\/\/hydraulic-cylinders.net\/wp-content\/uploads\/2023\/08\/hydraulic-cylinder-product-2-300x189.webp\" alt=\"\" width=\"413\" height=\"260\" \/><\/p>\n<h3>(2) Obr\u00e1b\u011bn\u00ed<\/h3>\n<p>Obrobna je vybavena zak\u00e1zkov\u00fdm soustru\u017enick\u00fdm centrem pro \u0161ikm\u00e9 kolejnice, obr\u00e1b\u011bc\u00edm centrem, vysokorychlostn\u00edm honovac\u00edm strojem, sva\u0159ovac\u00edm robotem a dal\u0161\u00edm souvisej\u00edc\u00edm za\u0159\u00edzen\u00edm, kter\u00e9 zvl\u00e1dne obr\u00e1b\u011bn\u00ed v\u00e1lcov\u00fdch trubek s maxim\u00e1ln\u00edm vnit\u0159n\u00edm pr\u016fm\u011brem 400 mm a maxim\u00e1ln\u00ed d\u00e9lkou 6 metr\u016f.<\/p>\n<p><img loading=\"lazy\" decoding=\"async\" class=\"alignnone wp-image-628 size-large\" src=\"https:\/\/hydraulic-cylinders.net\/wp-content\/uploads\/2023\/08\/hydraulic-cylinder-product-3-1024x391.webp\" alt=\"\" width=\"1024\" height=\"391\" srcset=\"https:\/\/hydraulic-cylinders.net\/wp-content\/uploads\/2023\/08\/hydraulic-cylinder-product-3-980x374.webp 980w, https:\/\/hydraulic-cylinders.net\/wp-content\/uploads\/2023\/08\/hydraulic-cylinder-product-3-480x183.webp 480w\" sizes=\"(min-width: 0px) and (max-width: 480px) 480px, (min-width: 481px) and (max-width: 980px) 980px, (min-width: 981px) 1024px, 100vw\" \/><\/p>\n<h3>(3) Sva\u0159ov\u00e1n\u00ed<\/h3>\n<p><img loading=\"lazy\" decoding=\"async\" class=\"alignnone wp-image-629 size-large\" src=\"https:\/\/hydraulic-cylinders.net\/wp-content\/uploads\/2023\/08\/hydraulic-cylinder-product-4-1024x510.webp\" alt=\"\" width=\"1024\" height=\"510\" srcset=\"https:\/\/hydraulic-cylinders.net\/wp-content\/uploads\/2023\/08\/hydraulic-cylinder-product-4-980x488.webp 980w, https:\/\/hydraulic-cylinders.net\/wp-content\/uploads\/2023\/08\/hydraulic-cylinder-product-4-480x239.webp 480w\" sizes=\"(min-width: 0px) and (max-width: 480px) 480px, (min-width: 481px) and (max-width: 980px) 980px, (min-width: 981px) 1024px, 100vw\" \/><\/p>\n<h3>(4) Lakov\u00e1n\u00ed a n\u00e1t\u011bry<\/h3>\n<p>S mal\u00fdmi a st\u0159edn\u00edmi v\u00e1lcov\u00fdmi automatick\u00fdmi linkami na nan\u00e1\u0161en\u00ed barev na vodn\u00ed b\u00e1zi, pro dosa\u017een\u00ed automatick\u00e9ho robotick\u00e9ho nakl\u00e1d\u00e1n\u00ed a vykl\u00e1d\u00e1n\u00ed a automatick\u00e9ho st\u0159\u00edk\u00e1n\u00ed, je konstruk\u010dn\u00ed kapacita 4000 kus\u016f za sm\u011bnu;<br \/>\nM\u00e1me tak\u00e9 poloautomatickou linku na v\u00fdrobu barev pro velk\u00e9 tlakov\u00e9 lahve poh\u00e1n\u011bn\u00e9 \u0159et\u011bzem s konstruk\u010dn\u00ed kapacitou 60 lahv\u00ed za sm\u011bnu.<\/p>\n<p><img loading=\"lazy\" decoding=\"async\" class=\"alignnone wp-image-630\" src=\"https:\/\/hydraulic-cylinders.net\/wp-content\/uploads\/2023\/08\/hydraulic-cylinder-product-5-300x213.webp\" alt=\"\" width=\"366\" height=\"260\" \/> <img loading=\"lazy\" decoding=\"async\" class=\"alignnone wp-image-631\" src=\"https:\/\/hydraulic-cylinders.net\/wp-content\/uploads\/2023\/08\/hydraulic-cylinder-product-6-300x225.webp\" alt=\"\" width=\"347\" height=\"260\" \/><\/p>\n<h3>(5) Testov\u00e1n\u00ed<\/h3>\n<p>Disponujeme prvot\u0159\u00eddn\u00edmi inspek\u010dn\u00edmi za\u0159\u00edzen\u00edmi a zku\u0161ebn\u00edmi laborato\u0159emi, abychom zajistili, \u017ee v\u00fdkon v\u00e1lce spl\u0148uje po\u017eadavky.<\/p>\n<p><img loading=\"lazy\" decoding=\"async\" class=\"alignnone wp-image-632\" src=\"https:\/\/hydraulic-cylinders.net\/wp-content\/uploads\/2023\/08\/hydraulic-cylinder-product-8-300x200.webp\" alt=\"\" width=\"389\" height=\"260\" \/><\/p>\n<p>&nbsp;<\/p>\n<p>&nbsp;<\/p>\n<p>Jsme jedn\u00edm z nejlep\u0161\u00edch v\u00fdrobc\u016f hydraulick\u00fdch v\u00e1lc\u016f s lehk\u00fdmi ty\u010demi. Nab\u00edz\u00edme \u0161irok\u00fd sortiment hydraulick\u00fdch v\u00e1lc\u016f s lehk\u00fdmi ty\u010demi. Dod\u00e1v\u00e1me tak\u00e9 odpov\u00eddaj\u00edc\u00ed <a href=\"https:\/\/hzpt.com\/agricultural-pto-gearbox\/\" target=\"_blank\" rel=\"noopener\">zem\u011bd\u011blsk\u00e9 p\u0159evodovky<\/a>Na\u0161e v\u00fdrobky jsme exportovali klient\u016fm po cel\u00e9m sv\u011bt\u011b a d\u00edky vynikaj\u00edc\u00ed kvalit\u011b v\u00fdrobk\u016f a poprodejn\u00edmu servisu jsme si z\u00edskali dobrou pov\u011bst. V\u00edt\u00e1me z\u00e1kazn\u00edky doma i v zahrani\u010d\u00ed, kte\u0159\u00ed n\u00e1s kontaktuj\u00ed za \u00fa\u010delem vyjedn\u00e1v\u00e1n\u00ed obchodn\u00edch p\u0159\u00edle\u017eitost\u00ed, v\u00fdm\u011bny informac\u00ed a <a href=\"https:\/\/www.hydraulic-cylinders.net\/cs\/contact-us\/\">spolupracujte s n\u00e1mi<\/a>!<\/p>\n<p>&nbsp;<\/p>\n<h2><\/h2>","protected":false},"excerpt":{"rendered":"<p>Standard Biaxial Type Light Rod Hydraulic Cylinder The standard two-shaft light rod hydraulic cylinder is an efficient, versatile hydraulic cylinder designed to meet the needs of various industrial applications. Using cutting-edge technology and precision design, this cylinder offers superior performance, durability, and ease of use. Whether used in manufacturing equipment, construction machinery, or material handling [&hellip;]<\/p>","protected":false},"featured_media":879,"comment_status":"open","ping_status":"closed","template":"","meta":{"_et_pb_use_builder":"","_et_pb_old_content":"","_et_gb_content_width":""},"product_brand":[],"product_cat":[1550,1525,1509,1376,1387],"product_tag":[1380],"class_list":{"0":"post-849","1":"product","2":"type-product","3":"status-publish","4":"has-post-thumbnail","6":"product_cat-double-acting-hydraulic-cylinder","7":"product_cat-machine-tool-hydraulic-cylinders","8":"product_cat-tie-rod-hydraulic-cylinder","9":"product_cat-hydraulic-cylinder","10":"product_cat-light-rod-hydraulic-cylinder","11":"product_tag-hydraulic-cylinder","13":"first","14":"instock","15":"shipping-taxable","16":"product-type-simple"},"amp_enabled":true,"_links":{"self":[{"href":"https:\/\/www.hydraulic-cylinders.net\/cs\/wp-json\/wp\/v2\/product\/849","targetHints":{"allow":["GET"]}}],"collection":[{"href":"https:\/\/www.hydraulic-cylinders.net\/cs\/wp-json\/wp\/v2\/product"}],"about":[{"href":"https:\/\/www.hydraulic-cylinders.net\/cs\/wp-json\/wp\/v2\/types\/product"}],"replies":[{"embeddable":true,"href":"https:\/\/www.hydraulic-cylinders.net\/cs\/wp-json\/wp\/v2\/comments?post=849"}],"wp:featuredmedia":[{"embeddable":true,"href":"https:\/\/www.hydraulic-cylinders.net\/cs\/wp-json\/wp\/v2\/media\/879"}],"wp:attachment":[{"href":"https:\/\/www.hydraulic-cylinders.net\/cs\/wp-json\/wp\/v2\/media?parent=849"}],"wp:term":[{"taxonomy":"product_brand","embeddable":true,"href":"https:\/\/www.hydraulic-cylinders.net\/cs\/wp-json\/wp\/v2\/product_brand?post=849"},{"taxonomy":"product_cat","embeddable":true,"href":"https:\/\/www.hydraulic-cylinders.net\/cs\/wp-json\/wp\/v2\/product_cat?post=849"},{"taxonomy":"product_tag","embeddable":true,"href":"https:\/\/www.hydraulic-cylinders.net\/cs\/wp-json\/wp\/v2\/product_tag?post=849"}],"curies":[{"name":"wp","href":"https:\/\/api.w.org\/{rel}","templated":true}]}}