{"id":988,"date":"2023-09-06T07:32:37","date_gmt":"2023-09-06T07:32:37","guid":{"rendered":"https:\/\/hydraulic-cylinders.net\/?post_type=product&#038;p=988"},"modified":"2023-09-19T01:39:34","modified_gmt":"2023-09-19T01:39:34","slug":"rear-cover-rectangular-flange-four-rod-hydraulic-cylinder","status":"publish","type":"product","link":"https:\/\/www.hydraulic-cylinders.net\/cs\/produkt\/rear-cover-rectangular-flange-four-rod-hydraulic-cylinder\/","title":{"rendered":"Zadn\u00ed kryt Obd\u00e9ln\u00edkov\u00e1 p\u0159\u00edruba Hydraulick\u00fd v\u00e1lec se \u010dty\u0159mi ty\u010demi"},"content":{"rendered":"<h1 style=\"text-align: center;\"><strong>Zadn\u00ed kryt Obd\u00e9ln\u00edkov\u00e1 p\u0159\u00edruba Hydraulick\u00fd v\u00e1lec se \u010dty\u0159mi ty\u010demi<\/strong><\/h1>\n<p><img loading=\"lazy\" decoding=\"async\" class=\"size-full wp-image-989 aligncenter\" src=\"https:\/\/hydraulic-cylinders.net\/wp-content\/uploads\/2023\/09\/rear-cover-rectangular-flange-four-rod-hydraulic-cylinder-1.webp\" alt=\"\" width=\"229\" height=\"229\" srcset=\"https:\/\/www.hydraulic-cylinders.net\/wp-content\/uploads\/2023\/09\/rear-cover-rectangular-flange-four-rod-hydraulic-cylinder-1.webp 229w, https:\/\/www.hydraulic-cylinders.net\/wp-content\/uploads\/2023\/09\/rear-cover-rectangular-flange-four-rod-hydraulic-cylinder-1-100x100.webp 100w, https:\/\/www.hydraulic-cylinders.net\/wp-content\/uploads\/2023\/09\/rear-cover-rectangular-flange-four-rod-hydraulic-cylinder-1-150x150.webp 150w, https:\/\/www.hydraulic-cylinders.net\/wp-content\/uploads\/2023\/09\/rear-cover-rectangular-flange-four-rod-hydraulic-cylinder-1-12x12.webp 12w\" sizes=\"(max-width: 229px) 100vw, 229px\" \/><\/p>\n<p>\u010cty\u0159p\u00edstn\u00ed hydraulick\u00fd v\u00e1lec s obd\u00e9ln\u00edkovou p\u0159\u00edrubou a zadn\u00edm krytem je v\u0161estrann\u00fd a robustn\u00ed \u010dty\u0159p\u00edstn\u00ed hydraulick\u00fd v\u00e1lec navr\u017een\u00fd pro spolehliv\u00fd a efektivn\u00ed line\u00e1rn\u00ed pohyb v r\u016fzn\u00fdch pr\u016fmyslov\u00fdch aplikac\u00edch. D\u00edky sv\u00e9 jedine\u010dn\u00e9 konstrukci a v\u00fdjime\u010dn\u00e9mu v\u00fdkonu nab\u00edz\u00ed tento \u010dty\u0159p\u00edstn\u00ed hydraulick\u00fd v\u00e1lec vynikaj\u00edc\u00ed v\u00fdkon a p\u0159esnost, co\u017e z n\u011bj \u010din\u00ed ide\u00e1ln\u00ed volbu pro n\u00e1ro\u010dn\u00e9 hydraulick\u00e9 syst\u00e9my.<\/p>\n<p>Z\u00e1kladn\u00ed vlastnosti \u010dty\u0159ty\u010dov\u00e9ho hydraulick\u00e9ho v\u00e1lce:<\/p>\n<p><strong>Vysokopevnostn\u00ed konstrukce:<\/strong><\/p>\n<ol>\n<li style=\"list-style-type: none;\">\n<ul>\n<li>\u010cty\u0159p\u00edstn\u00ed hydraulick\u00fd v\u00e1lec m\u00e1 robustn\u00ed konstrukci a pou\u017e\u00edv\u00e1 vysoce kvalitn\u00ed materi\u00e1ly pro zaji\u0161t\u011bn\u00ed odoln\u00e9ho a dlouhotrvaj\u00edc\u00edho v\u00fdkonu.<\/li>\n<li>Odol\u00e1v\u00e1 vysok\u00e9mu zat\u00ed\u017een\u00ed a drsn\u00fdm provozn\u00edm podm\u00ednk\u00e1m a je vhodn\u00fd pro n\u00e1ro\u010dn\u00e9 pr\u016fmyslov\u00e9 aplikace.<\/li>\n<\/ul>\n<\/li>\n<\/ol>\n<p><strong>Konstrukce obd\u00e9ln\u00edkov\u00e9 p\u0159\u00edruby:<\/strong><\/p>\n<ol>\n<li style=\"list-style-type: none;\">\n<ul>\n<li>Zadn\u00ed kryt tohoto \u010dty\u0159p\u00edstov\u00e9ho hydraulick\u00e9ho v\u00e1lce je opat\u0159en obd\u00e9ln\u00edkovou p\u0159\u00edrubou, co\u017e umo\u017e\u0148uje bezpe\u010dnou a stabiln\u00ed instalaci.<\/li>\n<li>P\u0159\u00edruby jsou navr\u017eeny pro snadnou instalaci a kalibraci, co\u017e zaji\u0161\u0165uje p\u0159esn\u00e9 usazen\u00ed v hydraulick\u00e9m syst\u00e9mu.<\/li>\n<\/ul>\n<\/li>\n<\/ol>\n<p><strong>Konfigurace se \u010dty\u0159mi ty\u010demi:<\/strong><\/p>\n<ol>\n<li style=\"list-style-type: none;\">\n<ul>\n<li>\u010cty\u0159p\u00edstn\u00ed hydraulick\u00fd v\u00e1lec m\u00e1 \u010dty\u0159ty\u010dovou konstrukci pro zlep\u0161en\u00ed stability a nosnosti.<\/li>\n<li>\u010cty\u0159i ty\u010de rovnom\u011brn\u011b rozkl\u00e1daj\u00ed zat\u00ed\u017een\u00ed, \u010d\u00edm\u017e sni\u017euj\u00ed nam\u00e1h\u00e1n\u00ed jednotliv\u00fdch sou\u010d\u00e1st\u00ed a zaji\u0161\u0165uj\u00ed plynul\u00fd a vyv\u00e1\u017een\u00fd provoz.<\/li>\n<\/ul>\n<\/li>\n<\/ol>\n<p><strong>V\u00fdjime\u010dn\u00fd v\u00fdkon:<\/strong><\/p>\n<ul>\n<li style=\"list-style-type: none;\">\n<ul>\n<li>V\u00e1lce nab\u00edzej\u00ed vysok\u00fd v\u00fdkon a poskytuj\u00ed p\u0159esn\u00e9 a spolehliv\u00e9 line\u00e1rn\u00ed \u0159\u00edzen\u00ed pohybu.<\/li>\n<li>Poskytuje vynikaj\u00edc\u00ed v\u00fdkon a d\u00e9lku zdvihu, co\u017e umo\u017e\u0148uje efektivn\u00ed provoz v r\u016fzn\u00fdch aplikac\u00edch.<\/li>\n<\/ul>\n<\/li>\n<\/ul>\n<h2><strong>Parametr hydraulick\u00e9ho v\u00e1lce se \u010dty\u0159mi ty\u010demi a obd\u00e9ln\u00edkovou p\u0159\u00edrubou zadn\u00edho krytu:<\/strong><\/h2>\n<p><img loading=\"lazy\" decoding=\"async\" class=\"alignnone wp-image-990 size-full\" src=\"https:\/\/hydraulic-cylinders.net\/wp-content\/uploads\/2023\/09\/rear-cover-rectangular-flange-four-rod-hydraulic-cylinder.webp\" alt=\"\" width=\"655\" height=\"197\" srcset=\"https:\/\/hydraulic-cylinders.net\/wp-content\/uploads\/2023\/09\/rear-cover-rectangular-flange-four-rod-hydraulic-cylinder.webp 655w, https:\/\/hydraulic-cylinders.net\/wp-content\/uploads\/2023\/09\/rear-cover-rectangular-flange-four-rod-hydraulic-cylinder-480x144.webp 480w\" sizes=\"(min-width: 0px) and (max-width: 480px) 480px, (min-width: 481px) 655px, 100vw\" \/><\/p>\n<p><img loading=\"lazy\" decoding=\"async\" class=\"alignnone size-full wp-image-320248\" src=\"https:\/\/hzpt.com\/wp-content\/uploads\/2023\/09\/jj-hh-c-four-rod-hydraulic-cylinder.webp\" alt=\"\" width=\"655\" height=\"218\" \/><\/p>\n<h2><strong>Zadn\u00ed kryt Obd\u00e9ln\u00edkov\u00e1 p\u0159\u00edruba Hydraulick\u00fd v\u00e1lec se \u010dty\u0159mi ty\u010demi <\/strong><strong>Zp\u016fsob pou\u017eit\u00ed<\/strong><strong>:<\/strong><\/h2>\n<p><strong>Mont\u00e1\u017e:<\/strong><\/p>\n<ol>\n<li style=\"list-style-type: none;\">\n<ul>\n<li>Ur\u010dete spr\u00e1vnou polohu hydraulick\u00e9ho v\u00e1lce v hydraulick\u00e9m syst\u00e9mu.<\/li>\n<li>Ujist\u011bte se, \u017ee mont\u00e1\u017en\u00ed povrch je \u010dist\u00fd a bez jak\u00fdchkoli ne\u010distot nebo kontaminant\u016f.<\/li>\n<li>Um\u00edst\u011bte obd\u00e9ln\u00edkovou p\u0159\u00edrubu v jedn\u00e9 rovin\u011b s mont\u00e1\u017en\u00ed plochou a zajist\u011bte ji vhodn\u00fdmi \u0161rouby nebo spojovac\u00edmi prvky.<\/li>\n<\/ul>\n<\/li>\n<\/ol>\n<p><strong>Hydraulick\u00e9 p\u0159ipojen\u00ed:<\/strong><\/p>\n<ol>\n<li style=\"list-style-type: none;\">\n<ul>\n<li>P\u0159ipojte hydraulick\u00e9 p\u0159\u00edvodn\u00ed potrub\u00ed k otvoru v\u00e1lce, abyste zajistili spr\u00e1vn\u00e9 ut\u011bsn\u011bn\u00ed a zabr\u00e1nili \u00faniku.<\/li>\n<li>Dodr\u017eujte doporu\u010den\u00ed v\u00fdrobce ohledn\u011b typu hydraulick\u00e9ho oleje a syst\u00e9m odpov\u00eddaj\u00edc\u00edm zp\u016fsobem napl\u0148te.<\/li>\n<\/ul>\n<\/li>\n<\/ol>\n<p><strong>Operace:<\/strong><\/p>\n<ul>\n<li style=\"list-style-type: none;\">\n<ul>\n<li>Spus\u0165te hydraulick\u00fd syst\u00e9m a pomoc\u00ed hydraulick\u00e9ho regula\u010dn\u00edho ventilu ovl\u00e1dejte pohyb v\u00e1lce.<\/li>\n<li>Upravte nastaven\u00ed pr\u016ftoku a tlaku pro dosa\u017een\u00ed po\u017eadovan\u00e9 rychlosti a v\u00fdstupn\u00ed s\u00edly.<\/li>\n<li>Sledujte provoz \u010dty\u0159ty\u010dov\u00e9ho hydraulick\u00e9ho v\u00e1lce, zda nevykazuje anom\u00e1lie nebo zn\u00e1mky poruchy.<\/li>\n<\/ul>\n<\/li>\n<\/ul>\n<h2><strong>Zadn\u00ed kryt Obd\u00e9ln\u00edkov\u00e1 p\u0159\u00edruba Hydraulick\u00fd v\u00e1lec se \u010dty\u0159mi ty\u010demi <\/strong><strong>\u00dadr\u017eba<\/strong><strong>:<\/strong><\/h2>\n<p><strong>Pravideln\u00e1 kontrola:<\/strong><\/p>\n<ol>\n<li style=\"list-style-type: none;\">\n<ul>\n<li>Prov\u00e1d\u011bjte pravidelnou vizu\u00e1ln\u00ed kontrolu, zda nevykazuje zn\u00e1mky opot\u0159eben\u00ed, net\u011bsnosti nebo po\u0161kozen\u00ed.<\/li>\n<li>Zkontrolujte t\u011bsn\u011bn\u00ed, t\u00e1hla \u0159\u00edzen\u00ed a bloky v\u00e1lc\u016f, zda nevykazuj\u00ed abnormality, a opot\u0159ebovan\u00e9 nebo po\u0161kozen\u00e9 d\u00edly neprodlen\u011b vym\u011b\u0148te.<\/li>\n<\/ul>\n<\/li>\n<\/ol>\n<p><strong>Maz\u00e1n\u00ed:<\/strong><\/p>\n<ol>\n<li style=\"list-style-type: none;\">\n<ul>\n<li>Dodr\u017eujte pokyny v\u00fdrobce ohledn\u011b interval\u016f maz\u00e1n\u00ed a pou\u017e\u00edvejte doporu\u010den\u00e9 mazivo pro zaji\u0161t\u011bn\u00ed hladk\u00e9ho provozu.<\/li>\n<li>Proma\u017ete p\u00edstnice a t\u011bsn\u011bn\u00ed, abyste zabr\u00e1nili t\u0159en\u00ed a prodlou\u017eili \u017eivotnost v\u00e1lc\u016f.<\/li>\n<\/ul>\n<\/li>\n<\/ol>\n<p><strong>V\u00fdm\u011bna t\u011bsn\u011bn\u00ed:<\/strong><\/p>\n<ul>\n<li style=\"list-style-type: none;\">\n<ul>\n<li>Postupem \u010dasu se t\u011bsn\u011bn\u00ed mohou opot\u0159ebovat a je nutn\u00e9 je vym\u011bnit.<\/li>\n<li>P\u0159i v\u00fdm\u011bn\u011b t\u011bsn\u011bn\u00ed se ujist\u011bte, \u017ee maj\u00ed spr\u00e1vnou velikost a typ doporu\u010den\u00fd v\u00fdrobcem.<\/li>\n<li>P\u0159i v\u00fdm\u011bn\u011b t\u011bsn\u011bn\u00ed demontujte a znovu sestavte v\u00e1lec podle spr\u00e1vn\u00e9ho postupu.<\/li>\n<\/ul>\n<\/li>\n<\/ul>\n<h2><strong>Jak ovl\u00e1dat rychlost hydraulick\u00e9ho v\u00e1lce\uff1f<\/strong><\/h2>\n<p>\u0158\u00edzen\u00ed rychlosti hydraulick\u00e9ho v\u00e1lce je nezbytn\u00e9 pro zaji\u0161t\u011bn\u00ed bezpe\u010dn\u00e9ho a efektivn\u00edho provozu v r\u016fzn\u00fdch aplikac\u00edch. Zde je n\u011bkolik metod, jak regulovat rychlost hydraulick\u00e9ho v\u00e1lce:<\/p>\n<ol>\n<li><strong>Regula\u010dn\u00ed ventil pr\u016ftoku:<\/strong><\/li>\n<\/ol>\n<ul>\n<li>Nejb\u011b\u017en\u011bj\u0161\u00ed metodou pro \u0159\u00edzen\u00ed rychlosti hydraulick\u00e9ho v\u00e1lce je pou\u017eit\u00ed regula\u010dn\u00edho ventilu pr\u016ftoku.<\/li>\n<li>Regula\u010dn\u00ed ventil pr\u016ftoku reguluje mno\u017estv\u00ed hydraulick\u00e9 kapaliny proud\u00edc\u00ed do a z v\u00e1lce, a t\u00edm \u0159\u00edd\u00ed rychlost pohybu v\u00e1lce.<\/li>\n<li>Regula\u010dn\u00ed ventily pr\u016ftoku jsou k dispozici v r\u016fzn\u00fdch typech, v\u010detn\u011b jehlov\u00fdch ventil\u016f, ventil\u016f s nastavitelnou clonou a \u0161krtic\u00edch ventil\u016f.<\/li>\n<li>Nastaven\u00edm otev\u0159en\u00ed regula\u010dn\u00edho ventilu pr\u016ftoku m\u016f\u017eete regulovat pr\u016ftok hydraulick\u00e9 kapaliny a v d\u016fsledku toho i rychlost v\u00e1lce.<\/li>\n<\/ul>\n<ol start=\"2\">\n<li><strong>Proporcion\u00e1ln\u00ed regula\u010dn\u00ed ventily:<\/strong><\/li>\n<\/ol>\n<ul>\n<li>Proporcion\u00e1ln\u00ed regula\u010dn\u00ed ventily poskytuj\u00ed p\u0159esn\u011bj\u0161\u00ed regulaci ot\u00e1\u010dek ne\u017e standardn\u00ed regula\u010dn\u00ed ventily pr\u016ftoku.<\/li>\n<li>Tyto ventily umo\u017e\u0148uj\u00ed plynul\u00e9 nastaven\u00ed pr\u016ftoku a poskytuj\u00ed jemn\u011bj\u0161\u00ed kontrolu nad rychlost\u00ed v\u00e1lce.<\/li>\n<li>Proporcion\u00e1ln\u00ed regula\u010dn\u00ed ventily se \u010dasto pou\u017e\u00edvaj\u00ed v aplikac\u00edch, kde je p\u0159esn\u00e9 polohov\u00e1n\u00ed a regulace rychlosti kritick\u00e1, nap\u0159\u00edklad v robotice nebo automatiza\u010dn\u00edch syst\u00e9mech.<\/li>\n<\/ul>\n<ol start=\"3\">\n<li><strong>Regulace tlaku:<\/strong><\/li>\n<\/ol>\n<ul>\n<li>Rychlost hydraulick\u00e9ho v\u00e1lce lze tak\u00e9 nep\u0159\u00edmo \u0159\u00eddit \u00fapravou tlaku v syst\u00e9mu.<\/li>\n<li>Zv\u00fd\u0161en\u00ed tlaku povede k rychlej\u0161\u00edmu pohybu v\u00e1lce, zat\u00edmco sn\u00ed\u017een\u00ed tlaku jej zpomal\u00ed.<\/li>\n<li>Regulace tlaku m\u016f\u017ee b\u00fdt dosa\u017eena pou\u017eit\u00edm p\u0159etlakov\u00e9ho ventilu nebo tlakov\u011b kompenzovan\u00e9ho regula\u010dn\u00edho ventilu pr\u016ftoku v hydraulick\u00e9m syst\u00e9mu.<\/li>\n<\/ul>\n<ol start=\"4\">\n<li><strong>\u0158\u00edzen\u00ed z\u00e1t\u011b\u017ee:<\/strong><\/li>\n<\/ol>\n<ul>\n<li>Zat\u00ed\u017een\u00ed hydraulick\u00e9ho v\u00e1lce m\u016f\u017ee ovlivnit jeho rychlost provozu.<\/li>\n<li>Zv\u00fd\u0161en\u00ed zat\u00ed\u017een\u00ed obecn\u011b zpomal\u00ed v\u00e1lec kv\u016fli zv\u00fd\u0161en\u00e9mu odporu.<\/li>\n<li>Pro \u0159\u00edzen\u00ed rychlosti za r\u016fzn\u00fdch podm\u00ednek zat\u00ed\u017een\u00ed m\u016f\u017eete do hydraulick\u00e9ho syst\u00e9mu za\u010dlenit ventily s detekc\u00ed zat\u00ed\u017een\u00ed nebo regula\u010dn\u00ed ventily pr\u016ftoku s kompenzac\u00ed zat\u00ed\u017een\u00ed.<\/li>\n<li>Tyto ventily upravuj\u00ed pr\u016ftok na z\u00e1klad\u011b zat\u00ed\u017een\u00ed, \u010d\u00edm\u017e zaji\u0161\u0165uj\u00ed konzistentn\u00ed rychlost bez ohledu na kol\u00eds\u00e1n\u00ed zat\u00ed\u017een\u00ed.<\/li>\n<\/ul>\n<ol start=\"5\">\n<li><strong>Velikost a proveden\u00ed v\u00e1lce:<\/strong><\/li>\n<\/ol>\n<ul>\n<li>Velikost a konstrukce samotn\u00e9ho hydraulick\u00e9ho v\u00e1lce mohou ovlivnit jeho rychlostn\u00ed charakteristiky.<\/li>\n<li>V\u011bt\u0161\u00ed pr\u016fm\u011br v\u00e1lce obecn\u011b zaji\u0161\u0165uje vy\u0161\u0161\u00ed rychlost d\u00edky v\u011bt\u0161\u00ed plo\u0161e p\u00edstu, zat\u00edmco men\u0161\u00ed pr\u016fm\u011br v\u00e1lce bude m\u00edt za n\u00e1sledek ni\u017e\u0161\u00ed rychlost.<\/li>\n<li>Konstrukce v\u00e1lce, v\u010detn\u011b pr\u016fm\u011bru otvor\u016f a vnit\u0159n\u00edch pr\u016fchod\u016f, m\u016f\u017ee tak\u00e9 ovlivnit rychlost pohybu v\u00e1lce.<\/li>\n<li>P\u0159i v\u00fdb\u011bru hydraulick\u00e9ho v\u00e1lce zva\u017ete po\u017eadovan\u00e9 rychlostn\u00ed po\u017eadavky a prostudujte si specifikace v\u00fdrobce, abyste zvolili vhodnou velikost a konstrukci.<\/li>\n<\/ul>\n<h2><strong>Schopnosti a kapacita tov\u00e1rny:<\/strong><\/h2>\n<h3>(1) Mont\u00e1\u017e<\/h3>\n<p>Disponujeme prvot\u0159\u00eddn\u00ed nez\u00e1vislou v\u00fdzkumnou a v\u00fdvojovou mont\u00e1\u017en\u00ed platformou. D\u00edlna na v\u00fdrobu hydraulick\u00fdch v\u00e1lc\u016f m\u00e1 \u010dty\u0159i poloautomatick\u00e9 mont\u00e1\u017en\u00ed linky pro zvedac\u00ed v\u00e1lce a jednu automatickou mont\u00e1\u017en\u00ed linku pro nakl\u00e1p\u011bc\u00ed v\u00e1lce s projektovanou ro\u010dn\u00ed v\u00fdrobn\u00ed kapacitou 1 milion kus\u016f. D\u00edlna na speci\u00e1ln\u00ed v\u00e1lce je vybavena poloautomatick\u00fdm \u010distic\u00edm mont\u00e1\u017en\u00edm syst\u00e9mem s r\u016fzn\u00fdmi specifikacemi a projektovanou ro\u010dn\u00ed v\u00fdrobn\u00ed kapacitou 200 000 kus\u016f a je vybavena zn\u00e1m\u00fdm CNC obr\u00e1b\u011bc\u00edm za\u0159\u00edzen\u00edm, obr\u00e1b\u011bc\u00edm centrem, vysoce p\u0159esn\u00fdm speci\u00e1ln\u00edm za\u0159\u00edzen\u00edm pro zpracov\u00e1n\u00ed v\u00e1lc\u016f, robotick\u00fdm sva\u0159ovac\u00edm strojem, automatick\u00fdm \u010distic\u00edm strojem, automatick\u00fdm mont\u00e1\u017en\u00edm strojem pro v\u00e1lce a automatickou lakovac\u00ed v\u00fdrobn\u00ed linkou. St\u00e1vaj\u00edc\u00ed kritick\u00e9 vybaven\u00ed m\u00e1 v\u00edce ne\u017e 300 sad. Optim\u00e1ln\u00ed alokace a efektivn\u00ed vyu\u017eit\u00ed zdroj\u016f za\u0159\u00edzen\u00ed zaji\u0161\u0165uje po\u017eadavky na p\u0159esnost v\u00fdrobk\u016f a spl\u0148uje po\u017eadavky na vysokou kvalitu v\u00fdrobk\u016f.<\/p>\n<p><img loading=\"lazy\" decoding=\"async\" class=\"alignnone wp-image-626\" src=\"https:\/\/hydraulic-cylinders.net\/wp-content\/uploads\/2023\/08\/hydraulic-cylinder-product-1-300x158.webp\" alt=\"\" width=\"495\" height=\"260\" srcset=\"https:\/\/hydraulic-cylinders.net\/wp-content\/uploads\/2023\/08\/hydraulic-cylinder-product-1-300x158.webp 495w, https:\/\/hydraulic-cylinders.net\/wp-content\/uploads\/2023\/08\/hydraulic-cylinder-product-1-480x252.webp 480w\" sizes=\"(min-width: 0px) and (max-width: 480px) 480px, (min-width: 481px) 495px, 100vw\" \/> <img loading=\"lazy\" decoding=\"async\" class=\"alignnone wp-image-627\" src=\"https:\/\/hydraulic-cylinders.net\/wp-content\/uploads\/2023\/08\/hydraulic-cylinder-product-2-300x189.webp\" alt=\"\" width=\"413\" height=\"260\" \/><\/p>\n<h3>(2) Obr\u00e1b\u011bn\u00ed<\/h3>\n<p>Obrobna je vybavena zak\u00e1zkov\u00fdm soustru\u017enick\u00fdm centrem pro \u0161ikm\u00e9 kolejnice, obr\u00e1b\u011bc\u00edm centrem, vysokorychlostn\u00edm honovac\u00edm strojem, sva\u0159ovac\u00edm robotem a dal\u0161\u00edm souvisej\u00edc\u00edm za\u0159\u00edzen\u00edm, kter\u00e9 zvl\u00e1dne obr\u00e1b\u011bn\u00ed v\u00e1lcov\u00fdch trubek s maxim\u00e1ln\u00edm vnit\u0159n\u00edm pr\u016fm\u011brem 400 mm a maxim\u00e1ln\u00ed d\u00e9lkou 6 metr\u016f.<\/p>\n<p><img loading=\"lazy\" decoding=\"async\" class=\"alignnone wp-image-628 size-large\" src=\"https:\/\/hydraulic-cylinders.net\/wp-content\/uploads\/2023\/08\/hydraulic-cylinder-product-3-1024x391.webp\" alt=\"\" width=\"1024\" height=\"391\" srcset=\"https:\/\/hydraulic-cylinders.net\/wp-content\/uploads\/2023\/08\/hydraulic-cylinder-product-3-980x374.webp 980w, https:\/\/hydraulic-cylinders.net\/wp-content\/uploads\/2023\/08\/hydraulic-cylinder-product-3-480x183.webp 480w\" sizes=\"(min-width: 0px) and (max-width: 480px) 480px, (min-width: 481px) and (max-width: 980px) 980px, (min-width: 981px) 1024px, 100vw\" \/><\/p>\n<h3>(3) Sva\u0159ov\u00e1n\u00ed<\/h3>\n<p><img loading=\"lazy\" decoding=\"async\" class=\"alignnone wp-image-629 size-large\" src=\"https:\/\/hydraulic-cylinders.net\/wp-content\/uploads\/2023\/08\/hydraulic-cylinder-product-4-1024x510.webp\" alt=\"\" width=\"1024\" height=\"510\" srcset=\"https:\/\/hydraulic-cylinders.net\/wp-content\/uploads\/2023\/08\/hydraulic-cylinder-product-4-980x488.webp 980w, https:\/\/hydraulic-cylinders.net\/wp-content\/uploads\/2023\/08\/hydraulic-cylinder-product-4-480x239.webp 480w\" sizes=\"(min-width: 0px) and (max-width: 480px) 480px, (min-width: 481px) and (max-width: 980px) 980px, (min-width: 981px) 1024px, 100vw\" \/><\/p>\n<h3>(4) Lakov\u00e1n\u00ed a n\u00e1t\u011bry<\/h3>\n<p>S mal\u00fdmi a st\u0159edn\u00edmi v\u00e1lcov\u00fdmi automatick\u00fdmi linkami na nan\u00e1\u0161en\u00ed barev na vodn\u00ed b\u00e1zi, pro dosa\u017een\u00ed automatick\u00e9ho robotick\u00e9ho nakl\u00e1d\u00e1n\u00ed a vykl\u00e1d\u00e1n\u00ed a automatick\u00e9ho st\u0159\u00edk\u00e1n\u00ed, je konstruk\u010dn\u00ed kapacita 4000 kus\u016f za sm\u011bnu;<br \/>\nM\u00e1me tak\u00e9 poloautomatickou linku na v\u00fdrobu barev pro velk\u00e9 tlakov\u00e9 lahve poh\u00e1n\u011bn\u00e9 \u0159et\u011bzem s konstruk\u010dn\u00ed kapacitou 60 lahv\u00ed za sm\u011bnu.<\/p>\n<p><img loading=\"lazy\" decoding=\"async\" class=\"alignnone wp-image-630\" src=\"https:\/\/hydraulic-cylinders.net\/wp-content\/uploads\/2023\/08\/hydraulic-cylinder-product-5-300x213.webp\" alt=\"\" width=\"366\" height=\"260\" \/> <img loading=\"lazy\" decoding=\"async\" class=\"alignnone wp-image-631\" src=\"https:\/\/hydraulic-cylinders.net\/wp-content\/uploads\/2023\/08\/hydraulic-cylinder-product-6-300x225.webp\" alt=\"\" width=\"347\" height=\"260\" \/><\/p>\n<h3>(5) Testov\u00e1n\u00ed<\/h3>\n<p>Disponujeme prvot\u0159\u00eddn\u00edmi inspek\u010dn\u00edmi za\u0159\u00edzen\u00edmi a zku\u0161ebn\u00edmi laborato\u0159emi, abychom zajistili, \u017ee v\u00fdkon v\u00e1lce spl\u0148uje po\u017eadavky.<\/p>\n<p><img loading=\"lazy\" decoding=\"async\" class=\"alignnone wp-image-632\" src=\"https:\/\/hydraulic-cylinders.net\/wp-content\/uploads\/2023\/08\/hydraulic-cylinder-product-8-300x200.webp\" alt=\"\" width=\"389\" height=\"260\" \/><\/p>\n<p>&nbsp;<\/p>\n<p>&nbsp;<\/p>\n<p>Jsme jedn\u00edm z nejlep\u0161\u00edch v\u00fdrobc\u016f lehk\u00fdch \u010dty\u0159ty\u010dov\u00fdch hydraulick\u00fdch v\u00e1lc\u016f. Nab\u00edz\u00edme komplexn\u00ed sortiment lehk\u00fdch \u010dty\u0159ty\u010dov\u00fdch hydraulick\u00fdch v\u00e1lc\u016f. Dod\u00e1v\u00e1me tak\u00e9 odpov\u00eddaj\u00edc\u00ed <a href=\"https:\/\/hzpt.com\/agricultural-pto-gearbox\/\" target=\"_blank\" rel=\"noopener\">zem\u011bd\u011blsk\u00e9 p\u0159evodovky<\/a>Na\u0161e v\u00fdrobky jsme exportovali klient\u016fm po cel\u00e9m sv\u011bt\u011b a d\u00edky vynikaj\u00edc\u00ed kvalit\u011b v\u00fdrobk\u016f a poprodejn\u00edmu servisu jsme si z\u00edskali dobrou pov\u011bst. Srde\u010dn\u011b v\u00edt\u00e1me z\u00e1kazn\u00edky doma i v zahrani\u010d\u00ed, kte\u0159\u00ed n\u00e1s kontaktuj\u00ed za \u00fa\u010delem vyjedn\u00e1v\u00e1n\u00ed obchodn\u00edch p\u0159\u00edle\u017eitost\u00ed, v\u00fdm\u011bny informac\u00ed a\u00a0<a href=\"https:\/\/www.hydraulic-cylinders.net\/cs\/contact-us\/\">spolupracujte s n\u00e1mi<\/a>!<\/p>\n<h2><\/h2>\n<h2><\/h2>","protected":false},"excerpt":{"rendered":"<p>Rear Cover Rectangular Flange Four Rod Hydraulic Cylinder The rear cover rectangular flange four rod hydraulic cylinder is a versatile and robust four rod hydraulic cylinder designed to provide reliable and efficient linear motion in various industrial applications. With its unique design and exceptional performance, this four rod hydraulic cylinder offers outstanding power and precision, [&hellip;]<\/p>","protected":false},"featured_media":991,"comment_status":"open","ping_status":"closed","template":"","meta":{"_et_pb_use_builder":"","_et_pb_old_content":"","_et_gb_content_width":""},"product_brand":[],"product_cat":[1376,1386],"product_tag":[1380],"class_list":{"0":"post-988","1":"product","2":"type-product","3":"status-publish","4":"has-post-thumbnail","6":"product_cat-hydraulic-cylinder","7":"product_cat-four-rod-hydraulic-cylinder","8":"product_tag-hydraulic-cylinder","10":"first","11":"instock","12":"shipping-taxable","13":"product-type-simple"},"amp_enabled":true,"_links":{"self":[{"href":"https:\/\/www.hydraulic-cylinders.net\/cs\/wp-json\/wp\/v2\/product\/988","targetHints":{"allow":["GET"]}}],"collection":[{"href":"https:\/\/www.hydraulic-cylinders.net\/cs\/wp-json\/wp\/v2\/product"}],"about":[{"href":"https:\/\/www.hydraulic-cylinders.net\/cs\/wp-json\/wp\/v2\/types\/product"}],"replies":[{"embeddable":true,"href":"https:\/\/www.hydraulic-cylinders.net\/cs\/wp-json\/wp\/v2\/comments?post=988"}],"wp:featuredmedia":[{"embeddable":true,"href":"https:\/\/www.hydraulic-cylinders.net\/cs\/wp-json\/wp\/v2\/media\/991"}],"wp:attachment":[{"href":"https:\/\/www.hydraulic-cylinders.net\/cs\/wp-json\/wp\/v2\/media?parent=988"}],"wp:term":[{"taxonomy":"product_brand","embeddable":true,"href":"https:\/\/www.hydraulic-cylinders.net\/cs\/wp-json\/wp\/v2\/product_brand?post=988"},{"taxonomy":"product_cat","embeddable":true,"href":"https:\/\/www.hydraulic-cylinders.net\/cs\/wp-json\/wp\/v2\/product_cat?post=988"},{"taxonomy":"product_tag","embeddable":true,"href":"https:\/\/www.hydraulic-cylinders.net\/cs\/wp-json\/wp\/v2\/product_tag?post=988"}],"curies":[{"name":"wp","href":"https:\/\/api.w.org\/{rel}","templated":true}]}}