{"id":1019,"date":"2023-09-07T03:16:54","date_gmt":"2023-09-07T03:16:54","guid":{"rendered":"https:\/\/hydraulic-cylinders.net\/?post_type=product&#038;p=1019"},"modified":"2023-09-19T01:36:32","modified_gmt":"2023-09-19T01:36:32","slug":"double-pistion-rod-hydraulic-cylinder","status":"publish","type":"product","link":"https:\/\/www.hydraulic-cylinders.net\/da\/vare\/double-pistion-rod-hydraulic-cylinder\/","title":{"rendered":"Hydraulisk cylinder med dobbelt stempelstang"},"content":{"rendered":"<h1 style=\"text-align: center;\"><strong>Hydraulisk cylinder med dobbelt stempelstang<\/strong><\/h1>\n<p><img loading=\"lazy\" decoding=\"async\" class=\"size-full wp-image-1022 aligncenter\" src=\"https:\/\/hydraulic-cylinders.net\/wp-content\/uploads\/2023\/09\/double-piston-rod-hydraulic-cylinder-1-1.webp\" alt=\"\" width=\"281\" height=\"281\" srcset=\"https:\/\/www.hydraulic-cylinders.net\/wp-content\/uploads\/2023\/09\/double-piston-rod-hydraulic-cylinder-1-1.webp 281w, https:\/\/www.hydraulic-cylinders.net\/wp-content\/uploads\/2023\/09\/double-piston-rod-hydraulic-cylinder-1-1-100x100.webp 100w, https:\/\/www.hydraulic-cylinders.net\/wp-content\/uploads\/2023\/09\/double-piston-rod-hydraulic-cylinder-1-1-150x150.webp 150w, https:\/\/www.hydraulic-cylinders.net\/wp-content\/uploads\/2023\/09\/double-piston-rod-hydraulic-cylinder-1-1-12x12.webp 12w\" sizes=\"(max-width: 281px) 100vw, 281px\" \/><\/p>\n<p>Den hydrauliske cylinder med dobbelt stempelstang er et banebrydende hydraulisk element designet til at give overlegen kraft, stabilitet og alsidighed til en bred vifte af industrielle applikationer. Med sin unikke dobbelte stempelstangskonfiguration tilbyder denne hydrauliske cylinder forbedret b\u00e6reevne, pr\u00e6cis kontrol og p\u00e5lidelig ydeevne, hvilket g\u00f8r den til et uundv\u00e6rligt aktiv i kr\u00e6vende hydrauliske systemer.<\/p>\n<p>V\u00e6sentlige egenskaber ved firestangs hydraulisk cylinder:<\/p>\n<p><strong>Dobbelt stempelstangkonfiguration:<\/strong><\/p>\n<ol>\n<li style=\"list-style-type: none;\">\n<ul>\n<li>Den dobbelte stempelstangskonfiguration g\u00f8r den hydrauliske cylinder anderledes end det traditionelle design, med h\u00f8jere stabilitet, lasteevne og sidebelastningsmodstand.<\/li>\n<li>Det giver en symmetrisk fordeling af kr\u00e6fter, hvilket sikrer en afbalanceret og pr\u00e6cis bev\u00e6gelse under drift.<\/li>\n<\/ul>\n<\/li>\n<\/ol>\n<p><strong>H\u00f8j effekt:<\/strong><\/p>\n<ol>\n<li style=\"list-style-type: none;\">\n<ul>\n<li>Denne hydrauliske cylinder har en imponerende effekt, hvilket g\u00f8r den velegnet til applikationer, der kr\u00e6ver meget kraft og l\u00f8ftekapacitet.<\/li>\n<li>Den giver en s\u00e6rlig fremdrift, der g\u00f8r det muligt for den nemt at h\u00e5ndtere tunge belastninger.<\/li>\n<\/ul>\n<\/li>\n<\/ol>\n<p><strong>Pr\u00e6cis kontrol og positionering:<\/strong><\/p>\n<ol>\n<li style=\"list-style-type: none;\">\n<ul>\n<li>Dobbelte hydrauliske cylindre med stempelstang giver pr\u00e6cis kontrol over line\u00e6r bev\u00e6gelse, hvilket sikrer pr\u00e6cis positionering og j\u00e6vn drift.<\/li>\n<li>Den giver fremragende slagkontrol, hvilket g\u00f8r det muligt for operat\u00f8rer at opn\u00e5 den hastighed og pr\u00e6cision, der kr\u00e6ves til specifikke opgaver.<\/li>\n<\/ul>\n<\/li>\n<\/ol>\n<p><strong>Alsidig anvendelse:<\/strong><\/p>\n<ul>\n<li style=\"list-style-type: none;\">\n<ul>\n<li>Dens robuste konstruktion og alsidige design g\u00f8r denne hydrauliske cylinder velegnet til forskellige brancher og anvendelser.<\/li>\n<li>Det kan bruges i tunge maskiner, entrepren\u00f8rudstyr, materialeh\u00e5ndteringssystemer, landbrugsmaskiner osv.<\/li>\n<\/ul>\n<\/li>\n<\/ul>\n<h2><strong>Dobbelt stempelstang hydraulisk cylinderparameter:<\/strong><\/h2>\n<p><img loading=\"lazy\" decoding=\"async\" class=\"alignnone wp-image-1023 size-full\" src=\"https:\/\/hydraulic-cylinders.net\/wp-content\/uploads\/2023\/09\/double-piston-rod-hydraulic-cylinder-2.webp\" alt=\"\" width=\"654\" height=\"388\" srcset=\"https:\/\/hydraulic-cylinders.net\/wp-content\/uploads\/2023\/09\/double-piston-rod-hydraulic-cylinder-2.webp 654w, https:\/\/hydraulic-cylinders.net\/wp-content\/uploads\/2023\/09\/double-piston-rod-hydraulic-cylinder-2-480x285.webp 480w\" sizes=\"(min-width: 0px) and (max-width: 480px) 480px, (min-width: 481px) 654px, 100vw\" \/><\/p>\n<h2><strong>Hydraulisk cylinder med dobbelt stempelstang <\/strong><strong>Brugsmetode<\/strong><strong>:<\/strong><\/h2>\n<p><strong>Montering og installation:<\/strong><\/p>\n<ol>\n<li style=\"list-style-type: none;\">\n<ul>\n<li>Overvej belastningskrav og pladsbegr\u00e6nsninger for at bestemme den passende installationsplacering af den hydrauliske cylinder i systemet eller udstyret.<\/li>\n<li>S\u00f8rg for, at monteringsfladen er ren, plan og i stand til at b\u00e6re cylinderens v\u00e6gt.<\/li>\n<li>Fastg\u00f8r cylindrene med anbefalede bolte eller fastg\u00f8relseselementer i overensstemmelse med producentens retningslinjer.<\/li>\n<\/ul>\n<\/li>\n<\/ol>\n<p><strong>Hydrauliske forbindelser:<\/strong><\/p>\n<ol>\n<li style=\"list-style-type: none;\">\n<ul>\n<li>Tilslut den hydrauliske forsyningsledning til cylinderporten, og s\u00f8rg for korrekt t\u00e6tning for at forhindre l\u00e6kage.<\/li>\n<li>F\u00f8lg producentens anbefalinger for typen af \u200b\u200bhydraulikolie, og fyld systemet op til det anbefalede niveau.<\/li>\n<\/ul>\n<\/li>\n<\/ol>\n<p><strong>Operation:<\/strong><\/p>\n<ul>\n<li style=\"list-style-type: none;\">\n<ul>\n<li>Aktiver det hydrauliske system, og styr cylinderens bev\u00e6gelse ved hj\u00e6lp af en hydraulisk styreventil eller en anden passende styremekanisme.<\/li>\n<li>Juster flow- og trykindstillingerne for at opn\u00e5 den \u00f8nskede hastighed og kraftudgang.<\/li>\n<li>Overv\u00e5g regelm\u00e6ssigt cylinderens drift for unormal adf\u00e6rd, s\u00e5som l\u00e6kage, overophedning eller us\u00e6dvanlig st\u00f8j.<\/li>\n<\/ul>\n<\/li>\n<\/ul>\n<h2><strong>Hydraulisk cylinder med dobbelt stempelstang <\/strong><strong>Opretholdelse<\/strong><strong>:<\/strong><\/h2>\n<p><strong>Regelm\u00e6ssig inspektion:<\/strong><\/p>\n<ol>\n<li style=\"list-style-type: none;\">\n<ul>\n<li>Udf\u00f8r rutinem\u00e6ssige visuelle inspektioner for at kontrollere for tegn p\u00e5 slid, l\u00e6kage eller skader.<\/li>\n<li>Kontroller stempelstangen, pakningerne og monteringsforbindelserne for unormaliteter, og ret eventuelle problemer omg\u00e5ende.<\/li>\n<\/ul>\n<\/li>\n<\/ol>\n<p><strong>Sm\u00f8ring:<\/strong><\/p>\n<ol>\n<li style=\"list-style-type: none;\">\n<ul>\n<li>F\u00f8lg producentens retningslinjer for sm\u00f8reintervaller, og brug det anbefalede sm\u00f8remiddel for at sikre problemfri drift.<\/li>\n<li>Sm\u00f8r stempelst\u00e6nger, pakninger og andre bev\u00e6gelige dele for at minimere friktion og forl\u00e6nge cylinderens levetid.<\/li>\n<\/ul>\n<\/li>\n<\/ol>\n<p><strong>Udskiftning af pakning:<\/strong><\/p>\n<ul>\n<li style=\"list-style-type: none;\">\n<ul>\n<li>Med tiden kan pakninger slides op og skal udskiftes. Hvis der opdages en l\u00e6kage, skal den gamle pakning forsigtigt fjernes, og den nye pakning skal monteres i henhold til producentens specifikationer.<\/li>\n<\/ul>\n<\/li>\n<\/ul>\n<h2><strong>TB-type hydraulisk cylinder med fire st\u00e6nger <\/strong><strong>Opretholdelse<\/strong><strong>:<\/strong><\/h2>\n<ol>\n<li><strong>Regelm\u00e6ssig inspektion:<\/strong><\/li>\n<\/ol>\n<ul>\n<li>Inspicer cylinderen regelm\u00e6ssigt for l\u00e6kage, skader eller overdreven slitage.<\/li>\n<li>Kontroller tilstanden af \u200b\u200bt\u00e6tninger, st\u00e6nger og monteringskomponenter, og udskift eventuelle slidte eller beskadigede dele.<\/li>\n<\/ul>\n<ol start=\"2\">\n<li><strong>Sm\u00f8ring:<\/strong><\/li>\n<\/ol>\n<ul>\n<li>F\u00f8lg producentens anbefalinger for sm\u00f8reintervaller, og brug hydraulikolie eller fedt af h\u00f8j kvalitet, der er egnet til cylinderens specifikationer.<\/li>\n<li>P\u00e5f\u00f8r sm\u00f8ring p\u00e5 stangen, pakningerne og andre bev\u00e6gelige dele for at minimere friktion og sikre j\u00e6vn drift.<\/li>\n<\/ul>\n<ol start=\"3\">\n<li><strong>Rensning:<\/strong><\/li>\n<\/ol>\n<ul>\n<li>Hold cylinderen og dens omkringliggende omr\u00e5de rent og fri for snavs, st\u00f8v eller forurenende stoffer, der p\u00e5virker dens ydeevne.<\/li>\n<li>Brug et mildt reng\u00f8ringsmiddel og en bl\u00f8d klud til at t\u00f8rre cylinderens udvendige overflader af.<\/li>\n<\/ul>\n<h2><strong>Fabrikkens kapacitet og kapacitet:<\/strong><\/h2>\n<h3>(1) Samling<\/h3>\n<p>Vi har en f\u00f8rsteklasses uafh\u00e6ngig forsknings- og udviklingsplatform til montering. V\u00e6rkstedet for produktion af hydrauliske cylindre har fire halvautomatiske l\u00f8ftecylindermonteringslinjer og en automatisk vippecylindermonteringslinje med en designm\u00e6ssig \u00e5rlig produktionskapacitet p\u00e5 1 million enheder. Det specielle cylinderv\u00e6rksted er udstyret med forskellige specifikationer for et halvautomatisk reng\u00f8ringsmonteringssystem med en designm\u00e6ssig \u00e5rlig produktionskapacitet p\u00e5 200.000 og udstyret med ber\u00f8mt CNC-bearbejdningsudstyr, et bearbejdningscenter, et specialudstyr til h\u00f8jpr\u00e6cisionscylinderbearbejdning, en robotsvejsemaskine, en automatisk reng\u00f8ringsmaskine, en automatisk cylindermonteringsmaskine og en automatisk malingslinje. Eksisterende kritisk udstyr p\u00e5 mere end 300 s\u00e6t (s\u00e6t). Optimal allokering og effektiv udnyttelse af udstyrsressourcer sikrer produkternes n\u00f8jagtighedskrav og opfylder produkternes h\u00f8je kvalitetsbehov.<\/p>\n<p><img loading=\"lazy\" decoding=\"async\" class=\"alignnone wp-image-626\" src=\"https:\/\/hydraulic-cylinders.net\/wp-content\/uploads\/2023\/08\/hydraulic-cylinder-product-1-300x158.webp\" alt=\"\" width=\"495\" height=\"260\" srcset=\"https:\/\/hydraulic-cylinders.net\/wp-content\/uploads\/2023\/08\/hydraulic-cylinder-product-1-300x158.webp 495w, https:\/\/hydraulic-cylinders.net\/wp-content\/uploads\/2023\/08\/hydraulic-cylinder-product-1-480x252.webp 480w\" sizes=\"(min-width: 0px) and (max-width: 480px) 480px, (min-width: 481px) 495px, 100vw\" \/> <img loading=\"lazy\" decoding=\"async\" class=\"alignnone wp-image-627\" src=\"https:\/\/hydraulic-cylinders.net\/wp-content\/uploads\/2023\/08\/hydraulic-cylinder-product-2-300x189.webp\" alt=\"\" width=\"413\" height=\"260\" \/><\/p>\n<h3>(2) Maskinbearbejdning<\/h3>\n<p>Bearbejdningsv\u00e6rkstedet er udstyret med et specialfremstillet drejecenter til skr\u00e5 skinner, bearbejdningscenter, h\u00f8jhastigheds-honemaskine, svejserobot og andet relateret udstyr, der kan h\u00e5ndtere bearbejdning af cylinderr\u00f8r med en maksimal indre diameter p\u00e5 400 mm og en maksimal l\u00e6ngde p\u00e5 6 meter.<\/p>\n<p><img loading=\"lazy\" decoding=\"async\" class=\"alignnone wp-image-628 size-large\" src=\"https:\/\/hydraulic-cylinders.net\/wp-content\/uploads\/2023\/08\/hydraulic-cylinder-product-3-1024x391.webp\" alt=\"\" width=\"1024\" height=\"391\" srcset=\"https:\/\/hydraulic-cylinders.net\/wp-content\/uploads\/2023\/08\/hydraulic-cylinder-product-3-980x374.webp 980w, https:\/\/hydraulic-cylinders.net\/wp-content\/uploads\/2023\/08\/hydraulic-cylinder-product-3-480x183.webp 480w\" sizes=\"(min-width: 0px) and (max-width: 480px) 480px, (min-width: 481px) and (max-width: 980px) 980px, (min-width: 981px) 1024px, 100vw\" \/><\/p>\n<h3>(3) Svejsning<\/h3>\n<p><img loading=\"lazy\" decoding=\"async\" class=\"alignnone wp-image-629 size-large\" src=\"https:\/\/hydraulic-cylinders.net\/wp-content\/uploads\/2023\/08\/hydraulic-cylinder-product-4-1024x510.webp\" alt=\"\" width=\"1024\" height=\"510\" srcset=\"https:\/\/hydraulic-cylinders.net\/wp-content\/uploads\/2023\/08\/hydraulic-cylinder-product-4-980x488.webp 980w, https:\/\/hydraulic-cylinders.net\/wp-content\/uploads\/2023\/08\/hydraulic-cylinder-product-4-480x239.webp 480w\" sizes=\"(min-width: 0px) and (max-width: 480px) 480px, (min-width: 481px) and (max-width: 980px) 980px, (min-width: 981px) 1024px, 100vw\" \/><\/p>\n<h3>(4) Maling og overfladebehandling<\/h3>\n<p>Med sm\u00e5 og mellemstore cylindriske automatiske vandbaserede malingsbel\u00e6gningslinjer, for at opn\u00e5 automatisk robotp\u00e5fyldning og -afl\u00e6sning samt automatisk spr\u00f8jtning, er den designm\u00e6ssige kapacitet p\u00e5 4000 stykker pr. skift;<br \/>\nVi har ogs\u00e5 en halvautomatisk malingsproduktionslinje til store cylindre drevet af en kabelk\u00e6de med en designkapacitet p\u00e5 60 kasser pr. skift.<\/p>\n<p><img loading=\"lazy\" decoding=\"async\" class=\"alignnone wp-image-630\" src=\"https:\/\/hydraulic-cylinders.net\/wp-content\/uploads\/2023\/08\/hydraulic-cylinder-product-5-300x213.webp\" alt=\"\" width=\"366\" height=\"260\" \/> <img loading=\"lazy\" decoding=\"async\" class=\"alignnone wp-image-631\" src=\"https:\/\/hydraulic-cylinders.net\/wp-content\/uploads\/2023\/08\/hydraulic-cylinder-product-6-300x225.webp\" alt=\"\" width=\"347\" height=\"260\" \/><\/p>\n<h3>(5) Testning<\/h3>\n<p>Vi har f\u00f8rsteklasses inspektionsfaciliteter og testb\u00e6nke for at sikre, at cylinderens ydeevne opfylder kravene.<\/p>\n<p><img loading=\"lazy\" decoding=\"async\" class=\"alignnone wp-image-632\" src=\"https:\/\/hydraulic-cylinders.net\/wp-content\/uploads\/2023\/08\/hydraulic-cylinder-product-8-300x200.webp\" alt=\"\" width=\"389\" height=\"260\" \/><\/p>\n<p>&nbsp;<\/p>\n<p>&nbsp;<\/p>\n<p>Vi er en af \u200b\u200bde bedste producenter af lette firestangs hydrauliske cylindre. Vi kan tilbyde et omfattende lager af lette firestangs hydrauliske cylindre. Vi leverer ogs\u00e5 tilsvarende <a href=\"https:\/\/hzpt.com\/agricultural-pto-gearbox\/\" target=\"_blank\" rel=\"noopener\">landbrugsgearkasser<\/a>Vi har eksporteret vores produkter til kunder over hele verden og har opn\u00e5et et godt ry p\u00e5 grund af vores overlegne produktkvalitet og eftersalgsservice. Vi byder kunder i b\u00e5de ind- og udland varmt velkommen til at kontakte os for at forhandle forretninger, udveksle information og\u00a0<a href=\"https:\/\/www.hydraulic-cylinders.net\/da\/contact-us\/\">samarbejde med os<\/a>!<\/p>\n<h2><\/h2>\n<h2><\/h2>","protected":false},"excerpt":{"rendered":"<p>Double Piston Rod Hydraulic Cylinder The double piston rod hydraulic cylinder is a cutting-edge hydraulic element designed to provide superior power, stability, and versatility for a wide range of industrial applications. With its unique dual piston rod configuration, this hydraulic cylinder offers enhanced load-carrying capacity, precise control, and reliable performance, making it an indispensable asset [&hellip;]<\/p>","protected":false},"featured_media":1024,"comment_status":"open","ping_status":"closed","template":"","meta":{"_et_pb_use_builder":"","_et_pb_old_content":"","_et_gb_content_width":""},"product_brand":[],"product_cat":[1376,1386],"product_tag":[1380],"class_list":{"0":"post-1019","1":"product","2":"type-product","3":"status-publish","4":"has-post-thumbnail","6":"product_cat-hydraulic-cylinder","7":"product_cat-four-rod-hydraulic-cylinder","8":"product_tag-hydraulic-cylinder","10":"first","11":"instock","12":"shipping-taxable","13":"product-type-simple"},"amp_enabled":true,"_links":{"self":[{"href":"https:\/\/www.hydraulic-cylinders.net\/da\/wp-json\/wp\/v2\/product\/1019","targetHints":{"allow":["GET"]}}],"collection":[{"href":"https:\/\/www.hydraulic-cylinders.net\/da\/wp-json\/wp\/v2\/product"}],"about":[{"href":"https:\/\/www.hydraulic-cylinders.net\/da\/wp-json\/wp\/v2\/types\/product"}],"replies":[{"embeddable":true,"href":"https:\/\/www.hydraulic-cylinders.net\/da\/wp-json\/wp\/v2\/comments?post=1019"}],"wp:featuredmedia":[{"embeddable":true,"href":"https:\/\/www.hydraulic-cylinders.net\/da\/wp-json\/wp\/v2\/media\/1024"}],"wp:attachment":[{"href":"https:\/\/www.hydraulic-cylinders.net\/da\/wp-json\/wp\/v2\/media?parent=1019"}],"wp:term":[{"taxonomy":"product_brand","embeddable":true,"href":"https:\/\/www.hydraulic-cylinders.net\/da\/wp-json\/wp\/v2\/product_brand?post=1019"},{"taxonomy":"product_cat","embeddable":true,"href":"https:\/\/www.hydraulic-cylinders.net\/da\/wp-json\/wp\/v2\/product_cat?post=1019"},{"taxonomy":"product_tag","embeddable":true,"href":"https:\/\/www.hydraulic-cylinders.net\/da\/wp-json\/wp\/v2\/product_tag?post=1019"}],"curies":[{"name":"wp","href":"https:\/\/api.w.org\/{rel}","templated":true}]}}