{"id":1111,"date":"2023-09-11T08:12:31","date_gmt":"2023-09-11T08:12:31","guid":{"rendered":"https:\/\/hydraulic-cylinders.net\/?post_type=product&#038;p=1111"},"modified":"2023-09-19T02:17:35","modified_gmt":"2023-09-19T02:17:35","slug":"pistion-rod-end-is-external-threaded-rod-head-earring-connection-engineering-hydraulic-cylinder","status":"publish","type":"product","link":"https:\/\/www.hydraulic-cylinders.net\/da\/vare\/pistion-rod-end-is-external-threaded-rod-head-earring-connection-engineering-hydraulic-cylinder\/","title":{"rendered":"Pistion Rod End er ekstern gevindstang hoved \u00f8rering forbindelse teknik hydraulisk cylinder"},"content":{"rendered":"<h1 style=\"text-align: center;\"><strong>Pistion Rod End er ekstern gevindstang hoved \u00f8rering forbindelse teknik hydraulisk cylinder<\/strong><\/h1>\n<p>Stempelstangenden har en udvendigt gevindsk\u00e5ret stanghovedforbindelse, normalt best\u00e5ende af et gevindsk\u00e5ret stanghoved i enden af \u200b\u200bstempelstangen. Stanghovedet har udvendigt gevind og kan forbindes til eksterne komponenter eller b\u00e6rende strukturer.<\/p>\n<p>HSG-serien af \u200b\u200bhydrauliske cylindere til ingeni\u00f8rarbejde er en dobbeltvirkende hydraulisk cylinder med stempelstang. Installationsm\u00e5den anvender \u00f8reringtypen. Afh\u00e6ngigt af forbindelsen mellem cylinderhovedet og cylinderblokken er der tre typer: udvendig gevindforbindelse, intern kortkrydsforbindelse og flangeforbindelse. Hydraulikcylindere til ingeni\u00f8rarbejde anvendes hovedsageligt i byggeri, l\u00f8ft, minedrift og andre hydrauliske systemer.<\/p>\n<p><img loading=\"lazy\" decoding=\"async\" class=\"aligncenter wp-image-1112\" src=\"https:\/\/hydraulic-cylinders.net\/wp-content\/uploads\/2023\/09\/hsg-hydraulic-cylinder-4-1-300x300.webp\" alt=\"\" width=\"400\" height=\"400\" \/><\/p>\n<h2><strong>HSG Engineering hydraulisk cylinderparameter<\/strong><strong>:<\/strong><\/h2>\n<p><img loading=\"lazy\" decoding=\"async\" class=\"alignnone wp-image-1113 size-full\" src=\"https:\/\/hydraulic-cylinders.net\/wp-content\/uploads\/2023\/09\/hsg-engineering-hydraulic-cylinder-parameter-1-1-scaled.webp\" alt=\"\" width=\"2560\" height=\"1848\" srcset=\"https:\/\/hydraulic-cylinders.net\/wp-content\/uploads\/2023\/09\/hsg-engineering-hydraulic-cylinder-parameter-1-1-scaled.webp 2560w, https:\/\/hydraulic-cylinders.net\/wp-content\/uploads\/2023\/09\/hsg-engineering-hydraulic-cylinder-parameter-1-1-1280x924.webp 1280w, https:\/\/hydraulic-cylinders.net\/wp-content\/uploads\/2023\/09\/hsg-engineering-hydraulic-cylinder-parameter-1-1-980x707.webp 980w, https:\/\/hydraulic-cylinders.net\/wp-content\/uploads\/2023\/09\/hsg-engineering-hydraulic-cylinder-parameter-1-1-480x347.webp 480w\" sizes=\"(min-width: 0px) and (max-width: 480px) 480px, (min-width: 481px) and (max-width: 980px) 980px, (min-width: 981px) and (max-width: 1280px) 1280px, (min-width: 1281px) 2560px, 100vw\" \/> <img loading=\"lazy\" decoding=\"async\" class=\"alignnone wp-image-1114 size-full\" src=\"https:\/\/hydraulic-cylinders.net\/wp-content\/uploads\/2023\/09\/hsg-engineering-hydraulic-cylinder-parameter-4-scaled.webp\" alt=\"\" width=\"1767\" height=\"2560\" srcset=\"https:\/\/hydraulic-cylinders.net\/wp-content\/uploads\/2023\/09\/hsg-engineering-hydraulic-cylinder-parameter-4-scaled.webp 1767w, https:\/\/hydraulic-cylinders.net\/wp-content\/uploads\/2023\/09\/hsg-engineering-hydraulic-cylinder-parameter-4-1280x1854.webp 1280w, https:\/\/hydraulic-cylinders.net\/wp-content\/uploads\/2023\/09\/hsg-engineering-hydraulic-cylinder-parameter-4-980x1420.webp 980w, https:\/\/hydraulic-cylinders.net\/wp-content\/uploads\/2023\/09\/hsg-engineering-hydraulic-cylinder-parameter-4-480x695.webp 480w\" sizes=\"(min-width: 0px) and (max-width: 480px) 480px, (min-width: 481px) and (max-width: 980px) 980px, (min-width: 981px) and (max-width: 1280px) 1280px, (min-width: 1281px) 1767px, 100vw\" \/> <img loading=\"lazy\" decoding=\"async\" class=\"alignnone wp-image-1115 size-full\" src=\"https:\/\/hydraulic-cylinders.net\/wp-content\/uploads\/2023\/09\/hsg-engineering-hydraulic-cylinder-parameter-5-scaled.webp\" alt=\"\" width=\"2002\" height=\"2560\" srcset=\"https:\/\/hydraulic-cylinders.net\/wp-content\/uploads\/2023\/09\/hsg-engineering-hydraulic-cylinder-parameter-5-scaled.webp 2002w, https:\/\/hydraulic-cylinders.net\/wp-content\/uploads\/2023\/09\/hsg-engineering-hydraulic-cylinder-parameter-5-1280x1637.webp 1280w, https:\/\/hydraulic-cylinders.net\/wp-content\/uploads\/2023\/09\/hsg-engineering-hydraulic-cylinder-parameter-5-980x1253.webp 980w, https:\/\/hydraulic-cylinders.net\/wp-content\/uploads\/2023\/09\/hsg-engineering-hydraulic-cylinder-parameter-5-480x614.webp 480w\" sizes=\"(min-width: 0px) and (max-width: 480px) 480px, (min-width: 481px) and (max-width: 980px) 980px, (min-width: 981px) and (max-width: 1280px) 1280px, (min-width: 1281px) 2002px, 100vw\" \/><\/p>\n<h2><strong>HSG Engineering hydraulisk cylinder <\/strong><strong>Fordele<\/strong><strong>:<\/strong><\/h2>\n<p>Stempelstangenden med udvendig gevindforbindelse giver adskillige fordele ved konstruktion af hydrauliske cylindre:<\/p>\n<ol>\n<li><strong>Sikker fastg\u00f8relse:<\/strong>\n<ul>\n<li>Gevindstangshovedforbindelsen giver en sikker og p\u00e5lidelig forbindelse, der minimerer risikoen for l\u00f8sning eller frakobling under drift.<\/li>\n<li>Dette forbedrer sikkerheden og stabiliteten af \u200b\u200bhydrauliske cylinderaggregater, is\u00e6r i applikationer med h\u00f8je belastninger eller vibrationer.<\/li>\n<\/ul>\n<\/li>\n<li><strong>Nem installation og udskiftning:<\/strong>\n<ul>\n<li>Udvendigt gevindsk\u00e5rne forbindelser forenkler installation og udskiftning af komponenter eller b\u00e6rende konstruktioner.<\/li>\n<li>Det muligg\u00f8r hurtig afmontering og genmontering ved hj\u00e6lp af gevindsk\u00e5rne fastg\u00f8relseselementer for nem vedligeholdelse, reparation eller udskiftning.<\/li>\n<\/ul>\n<\/li>\n<li><strong>Tilpasningsevne:<\/strong>\n<ul>\n<li>Gevindstangshovedforbindelser kan tilpasses forskellige applikationskrav.<\/li>\n<li>Det muligg\u00f8r tilslutning af forskellige komponenter eller b\u00e6rende strukturer ved hj\u00e6lp af kompatible gevindsk\u00e5rne fastg\u00f8relseselementer, hvilket giver alsidighed og tilpasningsmuligheder.<\/li>\n<\/ul>\n<\/li>\n<\/ol>\n<h2><strong>HSG Engineering hydraulisk cylinder<\/strong><strong> Anvendelser:<\/strong><\/h2>\n<ol>\n<li><strong>Gevindfastg\u00f8relse:<\/strong>\n<ul>\n<li>Udvendigt gevindsk\u00e5rne stanghoveder kan direkte stramme komponenter eller b\u00e6rende strukturer ved hj\u00e6lp af m\u00f8trikker, bolte eller andre gevindfastg\u00f8relseselementer.<\/li>\n<li>Denne gevindforbindelse muligg\u00f8r en sikker og p\u00e5lidelig forbindelse, der sikrer stabiliteten og integriteten af \u200b\u200bden hydrauliske cylinderenhed.<\/li>\n<\/ul>\n<\/li>\n<li><strong>Tilpasning og justering:<\/strong>\n<ul>\n<li>Gevindstangshovedforbindelsen giver fleksibilitet ved fastg\u00f8relse af forskellige komponenter eller b\u00e6rende strukturer.<\/li>\n<li>Det muligg\u00f8r tilpasning og justering ved at v\u00e6lge passende gevindfastg\u00f8relseselementer, der passer til specifikke applikationskrav.<\/li>\n<\/ul>\n<\/li>\n<li><strong>B\u00e6rende konstruktioner:<\/strong>\n<ul>\n<li>Gevindstangshovedforbindelser kan forbindes direkte til b\u00e6rende konstruktioner s\u00e5som beslag, plader eller andre st\u00f8tteelementer.<\/li>\n<li>Denne konfiguration g\u00f8r det muligt for den hydrauliske cylinder at p\u00e5f\u00f8re kraft og underst\u00f8tte v\u00e6gten af \u200b\u200beksterne genstande eller maskiner, hvilket g\u00f8r den velegnet til applikationer, der kr\u00e6ver b\u00e6reevne.<\/li>\n<\/ul>\n<\/li>\n<\/ol>\n<h2><strong>Hvordan udlufter man en dobbeltvirkende hydraulisk cylinder?<\/strong><\/h2>\n<p>Udluftning af en dobbeltvirkende hydraulisk cylinder involverer fjernelse af luft eller indesp\u00e6rrede gasser fra systemet for at sikre korrekt funktion og forhindre svampet eller uj\u00e6vn bev\u00e6gelse. Her er en trinvis vejledning i, hvordan man udlufter en dobbeltvirkende hydraulisk cylinder:<\/p>\n<ol>\n<li><strong>Forberedelse:<\/strong>\n<ul>\n<li>S\u00f8rg for, at det hydrauliske system er trykl\u00f8st, og at cylinderen er trukket tilbage.<\/li>\n<li>Identific\u00e9r udluftningsventilerne eller fittingsene p\u00e5 cylinderen. Disse er typisk placeret ved ended\u00e6kslet eller i n\u00e6rheden af \u200b\u200bcylinderportene.<\/li>\n<\/ul>\n<\/li>\n<li><strong>Placer cylinderen:<\/strong>\n<ul>\n<li>Hvis det er muligt, skal cylinderen placeres lodret med stangenden opad. Dette hj\u00e6lper luftbobler med at stige opad for at lette udluftningen.<\/li>\n<\/ul>\n<\/li>\n<li><strong>\u00c5bn udluftningsventilerne:<\/strong>\n<ul>\n<li>Find udluftningsventilerne eller fittingsene p\u00e5 cylinderen.<\/li>\n<li>Brug en passende skruen\u00f8gle eller et passende v\u00e6rkt\u00f8j til langsomt at \u00e5bne udluftningsventilerne eller fittingerne. Start med den, der er t\u00e6ttest p\u00e5 cylinderens stangende.<\/li>\n<\/ul>\n<\/li>\n<li><strong>P\u00e5f\u00f8r tryk:<\/strong>\n<ul>\n<li>Aktiver det hydrauliske system ved at betjene pumpen eller aktuatoren.<\/li>\n<li>\u00d8g gradvist trykket til et moderat niveau. Dette hj\u00e6lper med at presse den indesp\u00e6rrede luft ud af cylinderen gennem de \u00e5bne udluftningsventiler.<\/li>\n<\/ul>\n<\/li>\n<li><strong>Udluft luften:<\/strong>\n<ul>\n<li>N\u00e5r det hydrauliske system s\u00e6ttes under tryk, kan du bem\u00e6rke luftbobler, der slipper ud gennem de \u00e5bne udluftningsventiler.<\/li>\n<li>Lad luften slippe ud af systemet, indtil der observeres en j\u00e6vn str\u00f8m af hydraulikv\u00e6ske uden luftbobler. Dette indikerer, at cylinderen er korrekt udluftet.<\/li>\n<\/ul>\n<\/li>\n<li><strong>Luk udluftningsventilerne:<\/strong>\n<ul>\n<li>N\u00e5r al luften er udst\u00f8dt, skal du lukke udluftningsventilerne eller fittingsene p\u00e5 cylinderen.<\/li>\n<li>S\u00f8rg for, at de er forsvarligt strammet, men undg\u00e5 at oversp\u00e6nde.<\/li>\n<\/ul>\n<\/li>\n<li><strong>Tr\u00e6k cylinderen ind og ud:<\/strong>\n<ul>\n<li>Betjen det hydrauliske system for at tr\u00e6kke cylinderen helt ind og ud et par gange.<\/li>\n<li>Dette hj\u00e6lper med at udrense eventuelle resterende luftlommer yderligere og sikre en j\u00e6vn og ensartet cylinderbev\u00e6gelse.<\/li>\n<\/ul>\n<\/li>\n<li><strong>Tjek for l\u00e6kager:<\/strong>\n<ul>\n<li>Efter udluftning og cylinderdrift skal hele det hydrauliske system inspiceres for l\u00e6kager eller unormal adf\u00e6rd.<\/li>\n<li>H\u00e5ndter eventuelle l\u00e6kager eller problemer omg\u00e5ende for at forhindre yderligere problemer.<\/li>\n<\/ul>\n<\/li>\n<\/ol>\n<h2><strong>Fabrikkens kapacitet og kapacitet:<\/strong><\/h2>\n<h3>(1) Samling<\/h3>\n<p>Vi har en f\u00f8rsteklasses uafh\u00e6ngig forsknings- og udviklingsplatform til montering. V\u00e6rkstedet for produktion af hydrauliske cylindre har fire halvautomatiske l\u00f8ftecylindermonteringslinjer og en automatisk vippecylindermonteringslinje med en designm\u00e6ssig \u00e5rlig produktionskapacitet p\u00e5 1 million enheder. Det specielle cylinderv\u00e6rksted er udstyret med forskellige specifikationer for et halvautomatisk reng\u00f8ringsmonteringssystem med en designm\u00e6ssig \u00e5rlig produktionskapacitet p\u00e5 200.000 og udstyret med ber\u00f8mt CNC-bearbejdningsudstyr, et bearbejdningscenter, et specialudstyr til h\u00f8jpr\u00e6cisionscylinderbearbejdning, en robotsvejsemaskine, en automatisk reng\u00f8ringsmaskine, en automatisk cylindermonteringsmaskine og en automatisk malingslinje. Eksisterende kritisk udstyr p\u00e5 mere end 300 s\u00e6t (s\u00e6t). Optimal allokering og effektiv udnyttelse af udstyrsressourcer sikrer produkternes n\u00f8jagtighedskrav og opfylder produkternes h\u00f8je kvalitetsbehov.<\/p>\n<p><img loading=\"lazy\" decoding=\"async\" class=\"alignnone wp-image-626\" src=\"https:\/\/hydraulic-cylinders.net\/wp-content\/uploads\/2023\/08\/hydraulic-cylinder-product-1-300x158.webp\" alt=\"\" width=\"495\" height=\"260\" srcset=\"https:\/\/hydraulic-cylinders.net\/wp-content\/uploads\/2023\/08\/hydraulic-cylinder-product-1-300x158.webp 495w, https:\/\/hydraulic-cylinders.net\/wp-content\/uploads\/2023\/08\/hydraulic-cylinder-product-1-480x252.webp 480w\" sizes=\"(min-width: 0px) and (max-width: 480px) 480px, (min-width: 481px) 495px, 100vw\" \/> <img loading=\"lazy\" decoding=\"async\" class=\"alignnone wp-image-627\" src=\"https:\/\/hydraulic-cylinders.net\/wp-content\/uploads\/2023\/08\/hydraulic-cylinder-product-2-300x189.webp\" alt=\"\" width=\"413\" height=\"260\" \/><\/p>\n<h3>(2) Maskinbearbejdning<\/h3>\n<p>Bearbejdningsv\u00e6rkstedet er udstyret med et specialfremstillet drejecenter til skr\u00e5 skinner, bearbejdningscenter, h\u00f8jhastigheds-honemaskine, svejserobot og andet relateret udstyr, der kan h\u00e5ndtere bearbejdning af cylinderr\u00f8r med en maksimal indre diameter p\u00e5 400 mm og en maksimal l\u00e6ngde p\u00e5 6 meter.<\/p>\n<p><img loading=\"lazy\" decoding=\"async\" class=\"alignnone wp-image-628 size-large\" src=\"https:\/\/hydraulic-cylinders.net\/wp-content\/uploads\/2023\/08\/hydraulic-cylinder-product-3-1024x391.webp\" alt=\"\" width=\"1024\" height=\"391\" srcset=\"https:\/\/hydraulic-cylinders.net\/wp-content\/uploads\/2023\/08\/hydraulic-cylinder-product-3-980x374.webp 980w, https:\/\/hydraulic-cylinders.net\/wp-content\/uploads\/2023\/08\/hydraulic-cylinder-product-3-480x183.webp 480w\" sizes=\"(min-width: 0px) and (max-width: 480px) 480px, (min-width: 481px) and (max-width: 980px) 980px, (min-width: 981px) 1024px, 100vw\" \/><\/p>\n<h3>(3) Svejsning<\/h3>\n<p><img loading=\"lazy\" decoding=\"async\" class=\"alignnone wp-image-629 size-large\" src=\"https:\/\/hydraulic-cylinders.net\/wp-content\/uploads\/2023\/08\/hydraulic-cylinder-product-4-1024x510.webp\" alt=\"\" width=\"1024\" height=\"510\" srcset=\"https:\/\/hydraulic-cylinders.net\/wp-content\/uploads\/2023\/08\/hydraulic-cylinder-product-4-980x488.webp 980w, https:\/\/hydraulic-cylinders.net\/wp-content\/uploads\/2023\/08\/hydraulic-cylinder-product-4-480x239.webp 480w\" sizes=\"(min-width: 0px) and (max-width: 480px) 480px, (min-width: 481px) and (max-width: 980px) 980px, (min-width: 981px) 1024px, 100vw\" \/><\/p>\n<h3>(4) Maling og overfladebehandling<\/h3>\n<p>Med sm\u00e5 og mellemstore cylindriske automatiske vandbaserede malingsbel\u00e6gningslinjer, for at opn\u00e5 automatisk robotp\u00e5fyldning og -afl\u00e6sning samt automatisk spr\u00f8jtning, er den designm\u00e6ssige kapacitet p\u00e5 4000 stykker pr. skift;<br \/>\nVi har ogs\u00e5 en halvautomatisk malingsproduktionslinje til store cylindre drevet af en kabelk\u00e6de med en designkapacitet p\u00e5 60 kasser pr. skift.<\/p>\n<p><img loading=\"lazy\" decoding=\"async\" class=\"alignnone wp-image-630\" src=\"https:\/\/hydraulic-cylinders.net\/wp-content\/uploads\/2023\/08\/hydraulic-cylinder-product-5-300x213.webp\" alt=\"\" width=\"366\" height=\"260\" \/> <img loading=\"lazy\" decoding=\"async\" class=\"alignnone wp-image-631\" src=\"https:\/\/hydraulic-cylinders.net\/wp-content\/uploads\/2023\/08\/hydraulic-cylinder-product-6-300x225.webp\" alt=\"\" width=\"347\" height=\"260\" \/><\/p>\n<h3>(5) Testning<\/h3>\n<p>Vi har f\u00f8rsteklasses inspektionsfaciliteter og testb\u00e6nke for at sikre, at cylinderens ydeevne opfylder kravene.<\/p>\n<p><img loading=\"lazy\" decoding=\"async\" class=\"alignnone wp-image-632\" src=\"https:\/\/hydraulic-cylinders.net\/wp-content\/uploads\/2023\/08\/hydraulic-cylinder-product-8-300x200.webp\" alt=\"\" width=\"389\" height=\"260\" \/><\/p>\n<p>&nbsp;<\/p>\n<p>&nbsp;<\/p>\n<p>Vi er en af \u200b\u200bde bedste producenter af hydrauliske cylindre til tekniske form\u00e5l. Vi kan tilbyde et omfattende lager af hydrauliske cylindre til tekniske form\u00e5l. Vi leverer ogs\u00e5 tilsvarende <a href=\"https:\/\/hzpt.com\/agricultural-pto-gearbox\/\" target=\"_blank\" rel=\"noopener\">landbrugsgearkasser<\/a>Vi har eksporteret vores produkter til kunder over hele verden og har opn\u00e5et et godt ry p\u00e5 grund af vores overlegne produktkvalitet og eftersalgsservice. Vi byder kunder i b\u00e5de ind- og udland varmt velkommen til at kontakte os for at forhandle forretninger, udveksle information og\u00a0<a href=\"https:\/\/www.hydraulic-cylinders.net\/da\/contact-us\/\">samarbejde med os<\/a>!<\/p>\n<h2><\/h2>\n<h2><\/h2>\n<h2><\/h2>","protected":false},"excerpt":{"rendered":"<p>Pistion Rod End Is External Threaded Rod Head Earring Connection Engineering Hydraulic Cylinder The piston rod end has an externally threaded rod head earring connection, usually consisting of a threaded rod head at the end of the piston rod. The rod head has external threads and can be connected to external components or load-bearing structures. [&hellip;]<\/p>","protected":false},"featured_media":1116,"comment_status":"open","ping_status":"closed","template":"","meta":{"_et_pb_use_builder":"","_et_pb_old_content":"","_et_gb_content_width":""},"product_brand":[],"product_cat":[1376],"product_tag":[1380],"class_list":{"0":"post-1111","1":"product","2":"type-product","3":"status-publish","4":"has-post-thumbnail","6":"product_cat-hydraulic-cylinder","7":"product_tag-hydraulic-cylinder","9":"first","10":"instock","11":"shipping-taxable","12":"product-type-simple"},"amp_enabled":true,"_links":{"self":[{"href":"https:\/\/www.hydraulic-cylinders.net\/da\/wp-json\/wp\/v2\/product\/1111","targetHints":{"allow":["GET"]}}],"collection":[{"href":"https:\/\/www.hydraulic-cylinders.net\/da\/wp-json\/wp\/v2\/product"}],"about":[{"href":"https:\/\/www.hydraulic-cylinders.net\/da\/wp-json\/wp\/v2\/types\/product"}],"replies":[{"embeddable":true,"href":"https:\/\/www.hydraulic-cylinders.net\/da\/wp-json\/wp\/v2\/comments?post=1111"}],"wp:featuredmedia":[{"embeddable":true,"href":"https:\/\/www.hydraulic-cylinders.net\/da\/wp-json\/wp\/v2\/media\/1116"}],"wp:attachment":[{"href":"https:\/\/www.hydraulic-cylinders.net\/da\/wp-json\/wp\/v2\/media?parent=1111"}],"wp:term":[{"taxonomy":"product_brand","embeddable":true,"href":"https:\/\/www.hydraulic-cylinders.net\/da\/wp-json\/wp\/v2\/product_brand?post=1111"},{"taxonomy":"product_cat","embeddable":true,"href":"https:\/\/www.hydraulic-cylinders.net\/da\/wp-json\/wp\/v2\/product_cat?post=1111"},{"taxonomy":"product_tag","embeddable":true,"href":"https:\/\/www.hydraulic-cylinders.net\/da\/wp-json\/wp\/v2\/product_tag?post=1111"}],"curies":[{"name":"wp","href":"https:\/\/api.w.org\/{rel}","templated":true}]}}