{"id":1117,"date":"2023-09-11T08:28:18","date_gmt":"2023-09-11T08:28:18","guid":{"rendered":"https:\/\/hydraulic-cylinders.net\/?post_type=product&#038;p=1117"},"modified":"2023-09-19T02:17:40","modified_gmt":"2023-09-19T02:17:40","slug":"pistion-rod-end-is-internal-threaded-rod-head-earring-connection-engineering-hydraulic-cylinder","status":"publish","type":"product","link":"https:\/\/www.hydraulic-cylinders.net\/da\/vare\/pistion-rod-end-is-internal-threaded-rod-head-earring-connection-engineering-hydraulic-cylinder\/","title":{"rendered":"Pistion Rod End er indvendigt gevind stanghoved \u00f8rering tilslutning teknik hydraulisk cylinder"},"content":{"rendered":"<h1 style=\"text-align: center;\"><strong>Pistion Rod End er indvendigt gevind stanghoved \u00f8rering tilslutning teknik hydraulisk cylinder<\/strong><\/h1>\n<p>Stempelstangende \u2013 Gevindkobling til stanghoved. Den hydrauliske cylinder til ingeni\u00f8rarbejde er en h\u00f8jtydende hydraulisk komponent til p\u00e5lidelig og effektiv drift i forskellige tekniske applikationer. Dette produkt giver en sikker og p\u00e5lidelig forbindelse mellem stempelstangenden og den eksterne b\u00e6rende struktur, hvilket sikrer optimal ydeevne og problemfri drift af den hydrauliske cylinder.<\/p>\n<p>HSG-serien af \u200b\u200bhydrauliske cylindere til ingeni\u00f8rbrug er en dobbeltvirkende hydraulisk cylinder med stempelstang. Installationsm\u00e5den anvender \u00f8reringtypen. Afh\u00e6ngigt af forbindelsen mellem cylinderhovedet og cylinderblokken er der tre typer: udvendig gevindforbindelse, indvendig kortkrydsforbindelse og flangeforbindelse. Hydraulikcylindere til ingeni\u00f8rbrug anvendes hovedsageligt i byggeri, l\u00f8ft, minedrift og andre hydrauliske systemer.<\/p>\n<p><img loading=\"lazy\" decoding=\"async\" class=\"aligncenter wp-image-1133\" src=\"https:\/\/hydraulic-cylinders.net\/wp-content\/uploads\/2023\/09\/hsg-hydraulic-cylinder-5-1-300x300.webp\" alt=\"\" width=\"400\" height=\"400\" \/><\/p>\n<h2><strong>HSG Engineering hydraulisk cylinderparameter<\/strong><strong>:<img loading=\"lazy\" decoding=\"async\" class=\"alignnone wp-image-1120 size-large\" src=\"https:\/\/hydraulic-cylinders.net\/wp-content\/uploads\/2023\/09\/hsg-engineering-hydraulic-cylinder-parameter-1-2-1024x739.webp\" alt=\"\" width=\"1024\" height=\"739\" srcset=\"https:\/\/hydraulic-cylinders.net\/wp-content\/uploads\/2023\/09\/hsg-engineering-hydraulic-cylinder-parameter-1-2-980x707.webp 980w, https:\/\/hydraulic-cylinders.net\/wp-content\/uploads\/2023\/09\/hsg-engineering-hydraulic-cylinder-parameter-1-2-480x347.webp 480w\" sizes=\"(min-width: 0px) and (max-width: 480px) 480px, (min-width: 481px) and (max-width: 980px) 980px, (min-width: 981px) 1024px, 100vw\" \/> <img loading=\"lazy\" decoding=\"async\" class=\"alignnone wp-image-1121 size-large\" src=\"https:\/\/hydraulic-cylinders.net\/wp-content\/uploads\/2023\/09\/hsg-engineering-hydraulic-cylinder-parameter-6-628x1024.webp\" alt=\"\" width=\"628\" height=\"1024\" \/> <img loading=\"lazy\" decoding=\"async\" class=\"alignnone wp-image-1122 size-large\" src=\"https:\/\/hydraulic-cylinders.net\/wp-content\/uploads\/2023\/09\/hsg-engineering-hydraulic-cylinder-parameter-7-844x1024.webp\" alt=\"\" width=\"844\" height=\"1024\" \/><\/strong><\/h2>\n<h2><strong>HSG Engineering hydraulisk cylinder <\/strong><strong>Brugsmetode<\/strong><strong>:<\/strong><\/h2>\n<ol>\n<li><strong>Identific\u00e9r den indvendige tr\u00e5d:<\/strong>\n<ul>\n<li>Bestem specifikationerne for det indvendige gevind, herunder dimensioner, stigning og type som angivet af producenten.<\/li>\n<li>Brug gevindm\u00e5lere eller skydel\u00e6re til at m\u00e5le de indvendige gevinddimensioner n\u00f8jagtigt.<\/li>\n<\/ul>\n<\/li>\n<li><strong>V\u00e6lg kompatible komponenter:<\/strong>\n<ul>\n<li>V\u00e6lg en b\u00e6rende konstruktion eller komponent med udvendigt gevind, der matcher stempelstangens specifikationer for indvendigt gevind.<\/li>\n<li>S\u00f8rg for, at de valgte komponenter er rene, ikke-destruktive og overholder kravene til det hydrauliske system.<\/li>\n<\/ul>\n<\/li>\n<li><strong>Tr\u00e5dforbindelse:<\/strong>\n<ul>\n<li>Juster den udvendige gevinddel af enheden med det indvendige gevindhul\/muffe for enden af \u200b\u200bstempelstangen.<\/li>\n<li>Drej komponenten med uret for at gribe gevindene ind.<\/li>\n<li>Sp\u00e6nd forbindelsen med h\u00e5nden, indtil den sidder t\u00e6t.<\/li>\n<\/ul>\n<\/li>\n<li><strong>Sikr forbindelsen:<\/strong>\n<ul>\n<li>Brug et passende v\u00e6rkt\u00f8j, s\u00e5som en skruen\u00f8gle eller et n\u00f8gle, til at stramme forbindelsen yderligere og sikre, at den er sikkert fastgjort.<\/li>\n<li>Sp\u00e6nd ikke for h\u00e5rdt, da det kan beskadige gevind eller komponenter.<\/li>\n<\/ul>\n<\/li>\n<\/ol>\n<h2><strong>HSG Engineering hydraulisk cylinder <\/strong><strong>Karakteristika<\/strong><strong>:<\/strong><\/h2>\n<ul>\n<li style=\"list-style-type: none;\">\n<ul>\n<li><strong>Robust konstruktion:<\/strong> Den hydrauliske cylinder er robust og holdbar, hvilket g\u00f8r den i stand til at modst\u00e5 kr\u00e6vende tekniske applikationer.<\/li>\n<li>Sikker forbindelse: Den indvendige gevindforbindelse til stanghovedet sikrer en p\u00e5lidelig og sikker fastg\u00f8relse, hvilket giver stabilitet og forhindrer utilsigtet afbrydelse.<\/li>\n<li><strong>Kompatibilitet:<\/strong> Produktet er designet til kompatibilitet med forskellige b\u00e6rende strukturer og komponenter, hvilket giver alsidighed i ingeni\u00f8rprojekter.<\/li>\n<li><strong>Glat betjening:<\/strong> Den pr\u00e6cise konstruktion af stempelstangenden og det indvendige gevind sikrer j\u00e6vn og effektiv bev\u00e6gelse af den hydrauliske cylinder, hvilket reducerer friktion og forbedrer den samlede ydeevne.<\/li>\n<li><strong>Nem vedligeholdelse:<\/strong> Gevindforbindelsen letter inspektion, sm\u00f8ring og udskiftning af komponenter, hvilket forenkler vedligeholdelsesopgaver.<\/li>\n<\/ul>\n<\/li>\n<\/ul>\n<h2><strong>Hvordan adskiller man en John Deere hydraulisk cylinder?<\/strong><\/h2>\n<p>For at adskille en John Deere hydraulisk cylinder skal du f\u00f8lge disse generelle trin:<\/p>\n<ol>\n<li><strong>Forberedelse:<\/strong>\n<ul>\n<li>S\u00f8rg for, at det hydrauliske system er trykl\u00f8st, og at cylinderen er trukket tilbage.<\/li>\n<li>Saml de n\u00f8dvendige v\u00e6rkt\u00f8jer til adskillelse, s\u00e5som skruen\u00f8gler, t\u00e6nger og en gummihammer.<\/li>\n<li>Placer et rent arbejdsomr\u00e5de eller en b\u00e6nk med tilstr\u00e6kkelig plads til at organisere og h\u00e5ndtere cylinderkomponenterne.<\/li>\n<\/ul>\n<\/li>\n<li>Fjern eksterne forbindelser:\n<ul>\n<li>Identific\u00e9r de hydrauliske slanger, fittings eller andre eksterne forbindelser, der er fastgjort til cylinderen.<\/li>\n<li>Brug det rigtige v\u00e6rkt\u00f8j til at l\u00f8sne og frakoble disse forbindelser for at forhindre l\u00e6kage af hydraulikv\u00e6ske.<\/li>\n<li>S\u00e6t l\u00e5g p\u00e5 eller prop de \u00e5bne ender af hydraulikslangerne for at forhindre kontaminering.<\/li>\n<\/ul>\n<\/li>\n<li><strong>Fastg\u00f8r cylinderen:<\/strong>\n<ul>\n<li>Placer cylinderen sikkert i en skruestik eller lignende holdeanordning, s\u00e5 cylinderhuset eller stangen ikke beskadiges.<\/li>\n<\/ul>\n<\/li>\n<li><strong>Fjern stangendekappen:<\/strong>\n<ul>\n<li>Find stangens ended\u00e6ksel, typisk i enden af \u200b\u200bcylinderen modsat stemplet.<\/li>\n<li>Brug den passende skruen\u00f8gle eller topn\u00f8gle til at l\u00f8sne og fjerne boltene, der fastg\u00f8r stangens ended\u00e6ksel.<\/li>\n<li>Bank forsigtigt p\u00e5 ended\u00e6kslet med en gummihammer for at bryde enhver forsegling eller kl\u00e6bemiddelforbindelse.<\/li>\n<\/ul>\n<\/li>\n<li><strong>Adskil stang- og stempelenheden:<\/strong>\n<ul>\n<li>N\u00e5r stangended\u00e6kslet er fjernet, skubbes stang- og stempelenheden forsigtigt ud af cylinderhuset.<\/li>\n<li>Underst\u00f8t enhedens v\u00e6gt for at forhindre den i at falde ned eller for\u00e5rsage skade.<\/li>\n<\/ul>\n<\/li>\n<li><strong>Afmontering af stang- og stempelenheden:<\/strong>\n<ul>\n<li>Unders\u00f8g stang- og stempelenheden for fastholdelsesringe, l\u00e5seringe eller andre styreenheder.<\/li>\n<li>Brug passende v\u00e6rkt\u00f8j, s\u00e5som en tang eller en l\u00e5seringtang, til at fjerne disse fastholdelsesanordninger, s\u00e5 enheden kan skilles ad i sine komponenter.<\/li>\n<li>V\u00e6r opm\u00e6rksom p\u00e5 r\u00e6kkef\u00f8lgen og retningen af \u200b\u200bhver komponent ved genmontering.<\/li>\n<\/ul>\n<\/li>\n<li><strong>Inspicer og reng\u00f8r:<\/strong>\n<ul>\n<li>Unders\u00f8g alle de adskilte komponenter for slid, skader eller tegn p\u00e5 l\u00e6kage.<\/li>\n<li>Reng\u00f8r hver komponent grundigt med et passende opl\u00f8sningsmiddel eller reng\u00f8ringsmiddel for at fjerne snavs, affald og rester af hydraulikv\u00e6ske.<\/li>\n<li>T\u00f8r komponenterne helt, inden de samles igen.<\/li>\n<\/ul>\n<\/li>\n<li><strong>Genmontering:<\/strong>\n<ul>\n<li>Udf\u00f8r demonteringstrinnene i omvendt r\u00e6kkef\u00f8lge, og f\u00f8lg komponenternes korrekte retning.<\/li>\n<li>P\u00e5f\u00f8r et tyndt lag ren hydraulikv\u00e6ske eller anbefalet sm\u00f8remiddel p\u00e5 t\u00e6tninger og bev\u00e6gelige dele under genmontering.<\/li>\n<li>S\u00f8rg for, at alle komponenter passer korrekt sammen og er sp\u00e6ndt i henhold til producentens specifikationer.<\/li>\n<\/ul>\n<\/li>\n<\/ol>\n<h2><strong>Fabrikkens kapacitet og kapacitet:<\/strong><\/h2>\n<h3>(1) Samling<\/h3>\n<p>Vi har en f\u00f8rsteklasses uafh\u00e6ngig forsknings- og udviklingsplatform til montering. V\u00e6rkstedet for produktion af hydrauliske cylindre har fire halvautomatiske l\u00f8ftecylindermonteringslinjer og en automatisk vippecylindermonteringslinje med en designm\u00e6ssig \u00e5rlig produktionskapacitet p\u00e5 1 million enheder. Det specielle cylinderv\u00e6rksted er udstyret med forskellige specifikationer for et halvautomatisk reng\u00f8ringsmonteringssystem med en designm\u00e6ssig \u00e5rlig produktionskapacitet p\u00e5 200.000 og udstyret med ber\u00f8mt CNC-bearbejdningsudstyr, et bearbejdningscenter, et specialudstyr til h\u00f8jpr\u00e6cisionscylinderbearbejdning, en robotsvejsemaskine, en automatisk reng\u00f8ringsmaskine, en automatisk cylindermonteringsmaskine og en automatisk malingslinje. Eksisterende kritisk udstyr p\u00e5 mere end 300 s\u00e6t (s\u00e6t). Optimal allokering og effektiv udnyttelse af udstyrsressourcer sikrer produkternes n\u00f8jagtighedskrav og opfylder produkternes h\u00f8je kvalitetsbehov.<\/p>\n<p><img loading=\"lazy\" decoding=\"async\" class=\"alignnone wp-image-626\" src=\"https:\/\/hydraulic-cylinders.net\/wp-content\/uploads\/2023\/08\/hydraulic-cylinder-product-1-300x158.webp\" alt=\"\" width=\"495\" height=\"260\" srcset=\"https:\/\/hydraulic-cylinders.net\/wp-content\/uploads\/2023\/08\/hydraulic-cylinder-product-1-300x158.webp 495w, https:\/\/hydraulic-cylinders.net\/wp-content\/uploads\/2023\/08\/hydraulic-cylinder-product-1-480x252.webp 480w\" sizes=\"(min-width: 0px) and (max-width: 480px) 480px, (min-width: 481px) 495px, 100vw\" \/> <img loading=\"lazy\" decoding=\"async\" class=\"alignnone wp-image-627\" src=\"https:\/\/hydraulic-cylinders.net\/wp-content\/uploads\/2023\/08\/hydraulic-cylinder-product-2-300x189.webp\" alt=\"\" width=\"413\" height=\"260\" \/><\/p>\n<h3>(2) Maskinbearbejdning<\/h3>\n<p>Bearbejdningsv\u00e6rkstedet er udstyret med et specialfremstillet drejecenter til skr\u00e5 skinner, bearbejdningscenter, h\u00f8jhastigheds-honemaskine, svejserobot og andet relateret udstyr, der kan h\u00e5ndtere bearbejdning af cylinderr\u00f8r med en maksimal indre diameter p\u00e5 400 mm og en maksimal l\u00e6ngde p\u00e5 6 meter.<\/p>\n<p><img loading=\"lazy\" decoding=\"async\" class=\"alignnone wp-image-628 size-large\" src=\"https:\/\/hydraulic-cylinders.net\/wp-content\/uploads\/2023\/08\/hydraulic-cylinder-product-3-1024x391.webp\" alt=\"\" width=\"1024\" height=\"391\" srcset=\"https:\/\/hydraulic-cylinders.net\/wp-content\/uploads\/2023\/08\/hydraulic-cylinder-product-3-980x374.webp 980w, https:\/\/hydraulic-cylinders.net\/wp-content\/uploads\/2023\/08\/hydraulic-cylinder-product-3-480x183.webp 480w\" sizes=\"(min-width: 0px) and (max-width: 480px) 480px, (min-width: 481px) and (max-width: 980px) 980px, (min-width: 981px) 1024px, 100vw\" \/><\/p>\n<h3>(3) Svejsning<\/h3>\n<p><img loading=\"lazy\" decoding=\"async\" class=\"alignnone wp-image-629 size-large\" src=\"https:\/\/hydraulic-cylinders.net\/wp-content\/uploads\/2023\/08\/hydraulic-cylinder-product-4-1024x510.webp\" alt=\"\" width=\"1024\" height=\"510\" srcset=\"https:\/\/hydraulic-cylinders.net\/wp-content\/uploads\/2023\/08\/hydraulic-cylinder-product-4-980x488.webp 980w, https:\/\/hydraulic-cylinders.net\/wp-content\/uploads\/2023\/08\/hydraulic-cylinder-product-4-480x239.webp 480w\" sizes=\"(min-width: 0px) and (max-width: 480px) 480px, (min-width: 481px) and (max-width: 980px) 980px, (min-width: 981px) 1024px, 100vw\" \/><\/p>\n<h3>(4) Maling og overfladebehandling<\/h3>\n<p>Med sm\u00e5 og mellemstore cylindriske automatiske vandbaserede malingsbel\u00e6gningslinjer, for at opn\u00e5 automatisk robotp\u00e5fyldning og -afl\u00e6sning samt automatisk spr\u00f8jtning, er den designm\u00e6ssige kapacitet p\u00e5 4000 stykker pr. skift;<br \/>\nVi har ogs\u00e5 en halvautomatisk malingsproduktionslinje til store cylindre drevet af en kabelk\u00e6de med en designkapacitet p\u00e5 60 kasser pr. skift.<\/p>\n<p><img loading=\"lazy\" decoding=\"async\" class=\"alignnone wp-image-630\" src=\"https:\/\/hydraulic-cylinders.net\/wp-content\/uploads\/2023\/08\/hydraulic-cylinder-product-5-300x213.webp\" alt=\"\" width=\"366\" height=\"260\" \/> <img loading=\"lazy\" decoding=\"async\" class=\"alignnone wp-image-631\" src=\"https:\/\/hydraulic-cylinders.net\/wp-content\/uploads\/2023\/08\/hydraulic-cylinder-product-6-300x225.webp\" alt=\"\" width=\"347\" height=\"260\" \/><\/p>\n<h3>(5) Testning<\/h3>\n<p>Vi har f\u00f8rsteklasses inspektionsfaciliteter og testb\u00e6nke for at sikre, at cylinderens ydeevne opfylder kravene.<\/p>\n<p><img loading=\"lazy\" decoding=\"async\" class=\"alignnone wp-image-632\" src=\"https:\/\/hydraulic-cylinders.net\/wp-content\/uploads\/2023\/08\/hydraulic-cylinder-product-8-300x200.webp\" alt=\"\" width=\"389\" height=\"260\" \/><\/p>\n<p>&nbsp;<\/p>\n<p>&nbsp;<\/p>\n<p>Vi er en af \u200b\u200bde bedste producenter af hydrauliske cylindre til tekniske form\u00e5l. Vi kan tilbyde et omfattende lager af hydrauliske cylindre til tekniske form\u00e5l. Vi leverer ogs\u00e5 tilsvarende <a href=\"https:\/\/hzpt.com\/agricultural-pto-gearbox\/\" target=\"_blank\" rel=\"noopener\">landbrugsgearkasser<\/a>Vi har eksporteret vores produkter til kunder over hele verden og har opn\u00e5et et godt ry p\u00e5 grund af vores overlegne produktkvalitet og eftersalgsservice. Vi byder kunder i b\u00e5de ind- og udland varmt velkommen til at kontakte os for at forhandle forretninger, udveksle information og\u00a0<a href=\"https:\/\/www.hydraulic-cylinders.net\/da\/contact-us\/\">samarbejde med os<\/a>!<\/p>\n<h2><\/h2>\n<h2><\/h2>","protected":false},"excerpt":{"rendered":"<p>Pistion Rod End Is Internal Threaded Rod Head Earring Connection Engineering Hydraulic Cylinder Piston rod end &#8211; Threaded rod head earring connection Engineering hydraulic cylinder is a high-performance hydraulic component for reliable and efficient operation in various engineering applications. This product provides a safe and reliable connection between the piston rod end and the external [&hellip;]<\/p>","protected":false},"featured_media":1134,"comment_status":"open","ping_status":"closed","template":"","meta":{"_et_pb_use_builder":"","_et_pb_old_content":"","_et_gb_content_width":""},"product_brand":[],"product_cat":[1376],"product_tag":[1380],"class_list":{"0":"post-1117","1":"product","2":"type-product","3":"status-publish","4":"has-post-thumbnail","6":"product_cat-hydraulic-cylinder","7":"product_tag-hydraulic-cylinder","9":"first","10":"instock","11":"shipping-taxable","12":"product-type-simple"},"amp_enabled":true,"_links":{"self":[{"href":"https:\/\/www.hydraulic-cylinders.net\/da\/wp-json\/wp\/v2\/product\/1117","targetHints":{"allow":["GET"]}}],"collection":[{"href":"https:\/\/www.hydraulic-cylinders.net\/da\/wp-json\/wp\/v2\/product"}],"about":[{"href":"https:\/\/www.hydraulic-cylinders.net\/da\/wp-json\/wp\/v2\/types\/product"}],"replies":[{"embeddable":true,"href":"https:\/\/www.hydraulic-cylinders.net\/da\/wp-json\/wp\/v2\/comments?post=1117"}],"wp:featuredmedia":[{"embeddable":true,"href":"https:\/\/www.hydraulic-cylinders.net\/da\/wp-json\/wp\/v2\/media\/1134"}],"wp:attachment":[{"href":"https:\/\/www.hydraulic-cylinders.net\/da\/wp-json\/wp\/v2\/media?parent=1117"}],"wp:term":[{"taxonomy":"product_brand","embeddable":true,"href":"https:\/\/www.hydraulic-cylinders.net\/da\/wp-json\/wp\/v2\/product_brand?post=1117"},{"taxonomy":"product_cat","embeddable":true,"href":"https:\/\/www.hydraulic-cylinders.net\/da\/wp-json\/wp\/v2\/product_cat?post=1117"},{"taxonomy":"product_tag","embeddable":true,"href":"https:\/\/www.hydraulic-cylinders.net\/da\/wp-json\/wp\/v2\/product_tag?post=1117"}],"curies":[{"name":"wp","href":"https:\/\/api.w.org\/{rel}","templated":true}]}}