{"id":1141,"date":"2023-09-12T02:01:38","date_gmt":"2023-09-12T02:01:38","guid":{"rendered":"https:\/\/hydraulic-cylinders.net\/?post_type=product&#038;p=1141"},"modified":"2023-09-19T02:17:50","modified_gmt":"2023-09-19T02:17:50","slug":"hsg-engineering-hydraulic-cylinder","status":"publish","type":"product","link":"https:\/\/www.hydraulic-cylinders.net\/da\/vare\/hsg-engineering-hydraulic-cylinder\/","title":{"rendered":"HSG Engineering hydraulisk cylinder"},"content":{"rendered":"<h1 style=\"text-align: center;\"><strong>HSG Engineering hydraulisk cylinder<\/strong><\/h1>\n<p>HSG-serien af \u200b\u200bhydrauliske cylindere til ingeni\u00f8rbrug er en dobbeltvirkende hydraulisk cylinder med stempelstang. Installationsm\u00e5den anvender \u00f8reringtypen. Afh\u00e6ngigt af forbindelsen mellem cylinderhovedet og cylinderblokken er der tre typer: udvendig gevindforbindelse, indvendig kortkrydsforbindelse og flangeforbindelse. Hydraulikcylindere til ingeni\u00f8rbrug anvendes hovedsageligt i byggeri, l\u00f8ft, minedrift og andre hydrauliske systemer.<\/p>\n<p>Funktioner til montering af \u00f8reringe for og bag:<\/p>\n<p>Installationen af \u200b\u200bden enkelte l\u00f8ftering i halen er egnet til at sikre, at endedelen bev\u00e6ger sig langs den samme plane kurve under stempelstangens arbejdsproces. Begge sider af stempelstangen overstiger ikke 3\u00b0, hvilket i realiteten opfylder planbanebetingelserne eller de strukturelle designkrav for installationsbetingelserne for den enkelte l\u00f8ftering. P\u00e5 nuv\u00e6rende tidspunkt kan de sf\u00e6riske lejer i hale- og stangenden installeres, men der skal tages hensyn til den trykbelastning, der tillades ved installation af de sf\u00e6riske lejer.<\/p>\n<p><img loading=\"lazy\" decoding=\"async\" class=\"aligncenter wp-image-1142\" src=\"https:\/\/hydraulic-cylinders.net\/wp-content\/uploads\/2023\/09\/hsg-hydraulic-cylinder-1-1-300x300.webp\" alt=\"\" width=\"400\" height=\"400\" srcset=\"https:\/\/www.hydraulic-cylinders.net\/wp-content\/uploads\/2023\/09\/hsg-hydraulic-cylinder-1-1-300x300.webp 300w, https:\/\/www.hydraulic-cylinders.net\/wp-content\/uploads\/2023\/09\/hsg-hydraulic-cylinder-1-1-100x100.webp 100w, https:\/\/www.hydraulic-cylinders.net\/wp-content\/uploads\/2023\/09\/hsg-hydraulic-cylinder-1-1-150x150.webp 150w, https:\/\/www.hydraulic-cylinders.net\/wp-content\/uploads\/2023\/09\/hsg-hydraulic-cylinder-1-1-12x12.webp 12w, https:\/\/www.hydraulic-cylinders.net\/wp-content\/uploads\/2023\/09\/hsg-hydraulic-cylinder-1-1.webp 369w\" sizes=\"(max-width: 400px) 100vw, 400px\" \/><\/p>\n<h2><strong>HSG Engineering hydraulisk cylinder <\/strong><strong>Anvendelsesomr\u00e5de<\/strong><strong>:<\/strong><\/h2>\n<p>Primarily used in construction, heavy lifting, mining, and other hydraulic systems in the engineering hydraulic cylinder, but not limited to the above aspects &#8211; pressure class 16Mpa.<br \/>\nN\u00e5r cylinderens kraft er relativt stor (f.eks. 20 tons) og slagl\u00e6ngden er ret lang (f.eks. 2 meter), er tr\u00e6kstangcylinderen uegnet til brug p\u00e5 grund af skruens kraftbegr\u00e6nsning, og ingeni\u00f8rcylinderen kan anvendes i stedet.<br \/>\nDue to the engineering hydraulic cylinder&#8217;s enormous pressure and manufacturing process, its material cost and processing costs are higher than those of the tie rod cylinder.<\/p>\n<h2><strong>HSG Engineering hydraulisk cylinderparameter<\/strong><strong>:<img loading=\"lazy\" decoding=\"async\" class=\"alignnone wp-image-1144 size-large\" src=\"https:\/\/hydraulic-cylinders.net\/wp-content\/uploads\/2023\/09\/hsg-engineering-hydraulic-cylinder-parameter-1-4-1024x739.webp\" alt=\"\" width=\"1024\" height=\"739\" srcset=\"https:\/\/hydraulic-cylinders.net\/wp-content\/uploads\/2023\/09\/hsg-engineering-hydraulic-cylinder-parameter-1-4-980x707.webp 980w, https:\/\/hydraulic-cylinders.net\/wp-content\/uploads\/2023\/09\/hsg-engineering-hydraulic-cylinder-parameter-1-4-480x347.webp 480w\" sizes=\"(min-width: 0px) and (max-width: 480px) 480px, (min-width: 481px) and (max-width: 980px) 980px, (min-width: 981px) 1024px, 100vw\" \/> <img loading=\"lazy\" decoding=\"async\" class=\"alignnone wp-image-1145 size-large\" src=\"https:\/\/hydraulic-cylinders.net\/wp-content\/uploads\/2023\/09\/hsg-engineering-hydraulic-cylinder-parameter-2-1-908x1024.webp\" alt=\"\" width=\"908\" height=\"1024\" \/> <img loading=\"lazy\" decoding=\"async\" class=\"alignnone wp-image-1146 size-large\" src=\"https:\/\/hydraulic-cylinders.net\/wp-content\/uploads\/2023\/09\/hsg-engineering-hydraulic-cylinder-parameter-3-1-845x1024.webp\" alt=\"\" width=\"845\" height=\"1024\" \/> <img loading=\"lazy\" decoding=\"async\" class=\"alignnone wp-image-1147 size-large\" src=\"https:\/\/hydraulic-cylinders.net\/wp-content\/uploads\/2023\/09\/hsg-engineering-hydraulic-cylinder-parameter-4-1-707x1024.webp\" alt=\"\" width=\"707\" height=\"1024\" \/> <img loading=\"lazy\" decoding=\"async\" class=\"alignnone wp-image-1148 size-large\" src=\"https:\/\/hydraulic-cylinders.net\/wp-content\/uploads\/2023\/09\/hsg-engineering-hydraulic-cylinder-parameter-5-1-801x1024.webp\" alt=\"\" width=\"801\" height=\"1024\" \/> <img loading=\"lazy\" decoding=\"async\" class=\"alignnone wp-image-1149 size-large\" src=\"https:\/\/hydraulic-cylinders.net\/wp-content\/uploads\/2023\/09\/hsg-engineering-hydraulic-cylinder-parameter-6-1-628x1024.webp\" alt=\"\" width=\"628\" height=\"1024\" \/> <img loading=\"lazy\" decoding=\"async\" class=\"alignnone wp-image-1150 size-large\" src=\"https:\/\/hydraulic-cylinders.net\/wp-content\/uploads\/2023\/09\/hsg-engineering-hydraulic-cylinder-parameter-7-1-844x1024.webp\" alt=\"\" width=\"844\" height=\"1024\" \/> <img loading=\"lazy\" decoding=\"async\" class=\"alignnone size-medium wp-image-1151\" src=\"https:\/\/hydraulic-cylinders.net\/wp-content\/uploads\/2023\/09\/hsg-engineering-hydraulic-cylinder-parameter-8-1-181x300.webp\" alt=\"\" width=\"181\" height=\"300\" \/> <img loading=\"lazy\" decoding=\"async\" class=\"alignnone size-medium wp-image-1152\" src=\"https:\/\/hydraulic-cylinders.net\/wp-content\/uploads\/2023\/09\/hsg-engineering-hydraulic-cylinder-parameter-9-1-249x300.webp\" alt=\"\" width=\"249\" height=\"300\" \/><\/strong><\/h2>\n<h2><strong>Modelvalg af <\/strong><strong>HSG Engineering hydraulisk cylinder<\/strong><strong>:<\/strong><\/h2>\n<p>HG-L-01-D\/DX100-E2501<br \/>\nHG-Dobbeltvirkende hydraulisk cylinder<br \/>\nL-topstykketilslutningsmetode: L= gevindtype (cylinderdiameter 080)<br \/>\n01- Design nr.<br \/>\nD\/d cylinderdiameter mm\/ stempelstang mm<br \/>\n100- hydraulisk cylinders slagl\u00e6ngde<br \/>\nE-tryksgrad: E=16MPa G=21MPa<br \/>\n2- cylinderhoved, cylindertilslutning:<br \/>\n1= topstykke\u00f8rring med b\u00f8sning; 2= topstykke\u00f8rring med ledleje; 3= h\u00e6ngselsaksel (til cylinderdiameter &gt;\u03a680 kortn\u00f8gletilslutning); 4= endeflange (til cylinderdiameter &gt;\u03a680 kortn\u00f8gletilslutning) 5= midterflange (til cylinderdiameter &gt;\u03a680 kortn\u00f8gletilslutning)<br \/>\n5- stempelstangsendeforbindelse:<br \/>\n1= udvendigt gevind p\u00e5 stempelstangende; 2= indvendigt gevind p\u00e5 stempelstangende (cylinderdiameter &gt;\u03a663); 3= udvendigt gevind p\u00e5 stempelstangende, stanghoved\u00f8rering med b\u00f8sning; 4= indvendigt gevind p\u00e5 stempelstangende, stanghoved\u00f8rering med b\u00f8sning (cylinderdiameter &gt;\u03a663); 5= udvendigt gevind p\u00e5 stempelstangende, stanghoved\u00f8rering med ledleje; 6= indvendigt gevind p\u00e5 stempelstangende, stanghoved\u00f8rering med ledleje (cylinderdiameter &gt;\u03a663); 7= integreret stempelstang\u00f8rering med b\u00f8sning (kun ved cylinderdiameter =\u03a640, diameter 50); 8= integreret stempelstang\u00f8rering med ledleje (kun ved cylinderdiameter = 40, med 50)<br \/>\n0- bufferdel:<br \/>\n0= ingen buffer; 1= buffer i begge ender; 2= topstykke med buffer; 3= stangtopstykke med buffer 1- olietilslutningsmetode: 1= metrisk indvendig gevind; 2= engelsk indvendig gevind<br \/>\nL1 - tilslutningsmetode for stempelstangende: L1 = udvendigt gevind for stangende; L2 = indvendigt gevind for stangende<br \/>\n0- arbejdsmedium: 0= olie, hydraulikolie; W= H\u00f8j vandbase (emulsion). Bem\u00e6rk: Dem, der er markeret med A i modelbeskrivelsen, behandles som ikke-standard.<\/p>\n<h2><strong>HSG Engineering hydraulisk cylinder <\/strong><strong>Teknisk parameter:<\/strong><\/h2>\n<p>Du kan bruge f\u00f8lgende modelnotation til at v\u00e6lge det \u00f8nskede produkt. Modeleksempel: HG-L-50\/40 *100-2501<\/p>\n<p><img loading=\"lazy\" decoding=\"async\" class=\"alignnone size-large wp-image-320903\" src=\"https:\/\/hzpt.com\/wp-content\/uploads\/2023\/09\/hsg-hydraulic-cylinder-2-467x1024.webp\" alt=\"\" width=\"467\" height=\"1024\" \/><\/p>\n<p>Grundparametre for HSG-seriens tekniske hydrauliske cylindre, herunder cylinderdiameter, stangdiameter og maksimal slagl\u00e6ngde.<\/p>\n<p>1, hastighedsforholdet er forholdet mellem det effektive areal af stempelhulrummet og den passende st\u00f8rrelse af stempelstanghulrummet.<br \/>\n2, den maksimale slagl\u00e6ngde er i princippet: n\u00e5r hastighedsforholdet = 1,33, S = 8D; n\u00e5r forholdet = 1,45, S = 10D; n\u00e5r balancen er lig med 2, er S lig med 12D<\/p>\n<h2><strong>Hvordan finder man t\u00e6tningss\u00e6t til hydraulisk cylinder?<\/strong><\/h2>\n<p>Det er afg\u00f8rende at finde det rigtige t\u00e6tningss\u00e6t til en hydraulisk cylinder for at sikre korrekt pasform, funktionalitet og ydeevne. Her er nogle trin, der kan hj\u00e6lpe dig med at finde det passende t\u00e6tningss\u00e6t:<\/p>\n<ol>\n<li><strong>Identific\u00e9r cylinderproducenten og -modellen:<\/strong>\n<ul>\n<li>Bestem producenten af \u200b\u200bden hydrauliske cylinder. Disse oplysninger er ofte stemplet eller indgraveret p\u00e5 cylinderhuset.<\/li>\n<li>Hvis det er muligt, noter modelnummeret eller andre identificerende markeringer p\u00e5 cylinderen.<\/li>\n<\/ul>\n<\/li>\n<li><strong>Specifikationer for Gather-cylinderen:<\/strong>\n<ul>\n<li>M\u00e5l cylinderens dimensioner, inklusive boringsdiameter, stangdiameter og slagl\u00e6ngde.<\/li>\n<li>Bem\u00e6rk eventuelle specifikke funktioner eller konfigurationer, der er unikke for cylinderen, s\u00e5som flanger, porte eller monteringsstile.<\/li>\n<\/ul>\n<\/li>\n<li><strong>Research the Manufacturer&#8217;s Resources:<\/strong>\n<ul>\n<li>Visit the manufacturer&#8217;s website or contact customer support to inquire about available seal kits for your specific cylinder model.<\/li>\n<li>Giv producenten cylinderspecifikationerne og alle identificerende oplysninger, du har indsamlet.<\/li>\n<\/ul>\n<\/li>\n<li><strong>Udforsk online leverand\u00f8rer af hydrauliske t\u00e6tninger:<\/strong>\n<ul>\n<li>S\u00f8g efter velrenommerede online leverand\u00f8rer eller distribut\u00f8rer af hydrauliske t\u00e6tninger.<\/li>\n<li>Brug s\u00f8gefiltre eller navigationsmenuer p\u00e5 deres websteder til at indsn\u00e6vre udvalget baseret p\u00e5 cylinderspecifikationer eller producent.<\/li>\n<\/ul>\n<\/li>\n<li><strong>Brug krydsreferencev\u00e6rkt\u00f8jer til t\u00e6tningss\u00e6ttet:<\/strong>\n<ul>\n<li>Nogle leverand\u00f8rer af t\u00e6tningss\u00e6t tilbyder krydsreferencev\u00e6rkt\u00f8jer eller databaser, der hj\u00e6lper med at matche cylindermodeller med kompatible t\u00e6tningss\u00e6t.<\/li>\n<li>Indtast cylinderproducenten, modellen eller andre specifikationer i krydsreferencev\u00e6rkt\u00f8jet for at finde passende t\u00e6tningss\u00e6t.<\/li>\n<\/ul>\n<\/li>\n<li><strong>Se vedligeholdelsesmanualerne for det hydrauliske system:<\/strong>\n<ul>\n<li>Kontroller, om det udstyr eller maskineri, der bruger den hydrauliske cylinder, har en vedligeholdelsesmanual.<\/li>\n<li>Manualen kan indeholde oplysninger om anbefalede t\u00e6tningss\u00e6t eller delnumre.<\/li>\n<\/ul>\n<\/li>\n<li><strong>S\u00f8g hj\u00e6lp fra hydrauliske eksperter:<\/strong>\n<ul>\n<li>Kontakt specialister i hydrauliske systemer, vedligeholdelsespersonale eller ingeni\u00f8rer med ekspertise inden for hydrauliske systemer.<\/li>\n<li>De kan vejlede og anbefale at finde det rigtige t\u00e6tningss\u00e6t til din hydrauliske cylinder.<\/li>\n<\/ul>\n<\/li>\n<li><strong>Overvej specialfremstillede t\u00e6tningss\u00e6t:<\/strong>\n<ul>\n<li>Hvis du ikke kan finde et t\u00e6tningss\u00e6t, der er specifikt designet til din cylindermodel, kan du overveje at kontakte en producent eller leverand\u00f8r, der tilbyder specialfremstillede t\u00e6tningss\u00e6t.<\/li>\n<li>S\u00f8rg for n\u00f8jagtige m\u00e5l og cylinderspecifikationer til et t\u00e6tningss\u00e6t, der er skr\u00e6ddersyet til dine behov.<\/li>\n<\/ul>\n<\/li>\n<li><strong>K\u00f8b og monter t\u00e6tningss\u00e6ttet:<\/strong>\n<ul>\n<li>N\u00e5r du har fundet det passende t\u00e6tningss\u00e6t, skal du afgive en ordre hos leverand\u00f8ren eller producenten.<\/li>\n<li>F\u00f8lg installationsvejledningen til t\u00e6tningss\u00e6ttet omhyggeligt for at sikre korrekt installation og optimal ydeevne.<\/li>\n<\/ul>\n<\/li>\n<\/ol>\n<h2><strong>Fabrikkens kapacitet og kapacitet:<\/strong><\/h2>\n<h3>(1) Samling<\/h3>\n<p>Vi har en f\u00f8rsteklasses uafh\u00e6ngig forsknings- og udviklingsplatform til montering. V\u00e6rkstedet for produktion af hydrauliske cylindre har fire halvautomatiske l\u00f8ftecylindermonteringslinjer og en automatisk vippecylindermonteringslinje med en designm\u00e6ssig \u00e5rlig produktionskapacitet p\u00e5 1 million enheder. Det specielle cylinderv\u00e6rksted er udstyret med forskellige specifikationer for et halvautomatisk reng\u00f8ringsmonteringssystem med en designm\u00e6ssig \u00e5rlig produktionskapacitet p\u00e5 200.000 og udstyret med ber\u00f8mt CNC-bearbejdningsudstyr, et bearbejdningscenter, et specialudstyr til h\u00f8jpr\u00e6cisionscylinderbearbejdning, en robotsvejsemaskine, en automatisk reng\u00f8ringsmaskine, en automatisk cylindermonteringsmaskine og en automatisk malingslinje. Eksisterende kritisk udstyr p\u00e5 mere end 300 s\u00e6t (s\u00e6t). Optimal allokering og effektiv udnyttelse af udstyrsressourcer sikrer produkternes n\u00f8jagtighedskrav og opfylder produkternes h\u00f8je kvalitetsbehov.<\/p>\n<p><img loading=\"lazy\" decoding=\"async\" class=\"alignnone wp-image-626\" src=\"https:\/\/hydraulic-cylinders.net\/wp-content\/uploads\/2023\/08\/hydraulic-cylinder-product-1-300x158.webp\" alt=\"\" width=\"495\" height=\"260\" srcset=\"https:\/\/hydraulic-cylinders.net\/wp-content\/uploads\/2023\/08\/hydraulic-cylinder-product-1-300x158.webp 495w, https:\/\/hydraulic-cylinders.net\/wp-content\/uploads\/2023\/08\/hydraulic-cylinder-product-1-480x252.webp 480w\" sizes=\"(min-width: 0px) and (max-width: 480px) 480px, (min-width: 481px) 495px, 100vw\" \/> <img loading=\"lazy\" decoding=\"async\" class=\"alignnone wp-image-627\" src=\"https:\/\/hydraulic-cylinders.net\/wp-content\/uploads\/2023\/08\/hydraulic-cylinder-product-2-300x189.webp\" alt=\"\" width=\"413\" height=\"260\" \/><\/p>\n<h3>(2) Maskinbearbejdning<\/h3>\n<p>Bearbejdningsv\u00e6rkstedet er udstyret med et specialfremstillet drejecenter til skr\u00e5 skinner, bearbejdningscenter, h\u00f8jhastigheds-honemaskine, svejserobot og andet relateret udstyr, der kan h\u00e5ndtere bearbejdning af cylinderr\u00f8r med en maksimal indre diameter p\u00e5 400 mm og en maksimal l\u00e6ngde p\u00e5 6 meter.<\/p>\n<p><img loading=\"lazy\" decoding=\"async\" class=\"alignnone wp-image-628 size-large\" src=\"https:\/\/hydraulic-cylinders.net\/wp-content\/uploads\/2023\/08\/hydraulic-cylinder-product-3-1024x391.webp\" alt=\"\" width=\"1024\" height=\"391\" srcset=\"https:\/\/hydraulic-cylinders.net\/wp-content\/uploads\/2023\/08\/hydraulic-cylinder-product-3-980x374.webp 980w, https:\/\/hydraulic-cylinders.net\/wp-content\/uploads\/2023\/08\/hydraulic-cylinder-product-3-480x183.webp 480w\" sizes=\"(min-width: 0px) and (max-width: 480px) 480px, (min-width: 481px) and (max-width: 980px) 980px, (min-width: 981px) 1024px, 100vw\" \/><\/p>\n<h3>(3) Svejsning<\/h3>\n<p><img loading=\"lazy\" decoding=\"async\" class=\"alignnone wp-image-629 size-large\" src=\"https:\/\/hydraulic-cylinders.net\/wp-content\/uploads\/2023\/08\/hydraulic-cylinder-product-4-1024x510.webp\" alt=\"\" width=\"1024\" height=\"510\" srcset=\"https:\/\/hydraulic-cylinders.net\/wp-content\/uploads\/2023\/08\/hydraulic-cylinder-product-4-980x488.webp 980w, https:\/\/hydraulic-cylinders.net\/wp-content\/uploads\/2023\/08\/hydraulic-cylinder-product-4-480x239.webp 480w\" sizes=\"(min-width: 0px) and (max-width: 480px) 480px, (min-width: 481px) and (max-width: 980px) 980px, (min-width: 981px) 1024px, 100vw\" \/><\/p>\n<h3>(4) Maling og overfladebehandling<\/h3>\n<p>Med sm\u00e5 og mellemstore cylindriske automatiske vandbaserede malingsbel\u00e6gningslinjer, for at opn\u00e5 automatisk robotp\u00e5fyldning og -afl\u00e6sning samt automatisk spr\u00f8jtning, er den designm\u00e6ssige kapacitet p\u00e5 4000 stykker pr. skift;<br \/>\nVi har ogs\u00e5 en halvautomatisk malingsproduktionslinje til store cylindre drevet af en kabelk\u00e6de med en designkapacitet p\u00e5 60 kasser pr. skift.<\/p>\n<p><img loading=\"lazy\" decoding=\"async\" class=\"alignnone wp-image-630\" src=\"https:\/\/hydraulic-cylinders.net\/wp-content\/uploads\/2023\/08\/hydraulic-cylinder-product-5-300x213.webp\" alt=\"\" width=\"366\" height=\"260\" \/> <img loading=\"lazy\" decoding=\"async\" class=\"alignnone wp-image-631\" src=\"https:\/\/hydraulic-cylinders.net\/wp-content\/uploads\/2023\/08\/hydraulic-cylinder-product-6-300x225.webp\" alt=\"\" width=\"347\" height=\"260\" \/><\/p>\n<h3>(5) Testning<\/h3>\n<p>Vi har f\u00f8rsteklasses inspektionsfaciliteter og testb\u00e6nke for at sikre, at cylinderens ydeevne opfylder kravene.<\/p>\n<p><img loading=\"lazy\" decoding=\"async\" class=\"alignnone wp-image-632\" src=\"https:\/\/hydraulic-cylinders.net\/wp-content\/uploads\/2023\/08\/hydraulic-cylinder-product-8-300x200.webp\" alt=\"\" width=\"389\" height=\"260\" \/><\/p>\n<p>&nbsp;<\/p>\n<p>&nbsp;<\/p>\n<p>Vi er en af \u200b\u200bde bedste producenter af hydrauliske cylindre til tekniske form\u00e5l. Vi kan tilbyde et omfattende lager af hydrauliske cylindre til tekniske form\u00e5l. Vi leverer ogs\u00e5 tilsvarende <a href=\"https:\/\/hzpt.com\/agricultural-pto-gearbox\/\" target=\"_blank\" rel=\"noopener\">landbrugsgearkasser<\/a>Vi har eksporteret vores produkter til kunder over hele verden og har opn\u00e5et et godt omd\u00f8mme p\u00e5 grund af vores overlegne produktkvalitet og eftersalgsservice. Vi byder kunder i ind- og udland velkommen til at kontakte os for at forhandle forretninger, udveksle information og <a href=\"https:\/\/www.hydraulic-cylinders.net\/da\/contact-us\/\">samarbejde med os<\/a>!<\/p>\n<h2><\/h2>\n<h2><\/h2>","protected":false},"excerpt":{"rendered":"<p>HSG Engineering Hydraulic Cylinder HSG series engineering hydraulic cylinder is a double-acting piston rod hydraulic cylinder. Installation mode adopts earring type. According to the connection between the cylinder head and the cylinder block, there are three kinds of external thread connection, internal card critical connection, and flange connection. Engineering hydraulic cylinder is mainly used in [&hellip;]<\/p>","protected":false},"featured_media":1143,"comment_status":"open","ping_status":"closed","template":"","meta":{"_et_pb_use_builder":"","_et_pb_old_content":"","_et_gb_content_width":""},"product_brand":[],"product_cat":[1376],"product_tag":[1380],"class_list":{"0":"post-1141","1":"product","2":"type-product","3":"status-publish","4":"has-post-thumbnail","6":"product_cat-hydraulic-cylinder","7":"product_tag-hydraulic-cylinder","9":"first","10":"instock","11":"shipping-taxable","12":"product-type-simple"},"amp_enabled":true,"_links":{"self":[{"href":"https:\/\/www.hydraulic-cylinders.net\/da\/wp-json\/wp\/v2\/product\/1141","targetHints":{"allow":["GET"]}}],"collection":[{"href":"https:\/\/www.hydraulic-cylinders.net\/da\/wp-json\/wp\/v2\/product"}],"about":[{"href":"https:\/\/www.hydraulic-cylinders.net\/da\/wp-json\/wp\/v2\/types\/product"}],"replies":[{"embeddable":true,"href":"https:\/\/www.hydraulic-cylinders.net\/da\/wp-json\/wp\/v2\/comments?post=1141"}],"wp:featuredmedia":[{"embeddable":true,"href":"https:\/\/www.hydraulic-cylinders.net\/da\/wp-json\/wp\/v2\/media\/1143"}],"wp:attachment":[{"href":"https:\/\/www.hydraulic-cylinders.net\/da\/wp-json\/wp\/v2\/media?parent=1141"}],"wp:term":[{"taxonomy":"product_brand","embeddable":true,"href":"https:\/\/www.hydraulic-cylinders.net\/da\/wp-json\/wp\/v2\/product_brand?post=1141"},{"taxonomy":"product_cat","embeddable":true,"href":"https:\/\/www.hydraulic-cylinders.net\/da\/wp-json\/wp\/v2\/product_cat?post=1141"},{"taxonomy":"product_tag","embeddable":true,"href":"https:\/\/www.hydraulic-cylinders.net\/da\/wp-json\/wp\/v2\/product_tag?post=1141"}],"curies":[{"name":"wp","href":"https:\/\/api.w.org\/{rel}","templated":true}]}}