{"id":1181,"date":"2023-09-12T06:46:47","date_gmt":"2023-09-12T06:46:47","guid":{"rendered":"https:\/\/hydraulic-cylinders.net\/?post_type=product&#038;p=1181"},"modified":"2025-04-11T05:07:04","modified_gmt":"2025-04-11T05:07:04","slug":"middle-pin-type-metallurgical-hydraulic-cylinder","status":"publish","type":"product","link":"https:\/\/www.hydraulic-cylinders.net\/da\/vare\/middle-pin-type-metallurgical-hydraulic-cylinder\/","title":{"rendered":"Metalurgisk hydraulisk cylinder med midterste stifttype"},"content":{"rendered":"<h1 style=\"text-align: center;\"><strong>Metalurgisk hydraulisk cylinder med midterste stifttype<\/strong><\/h1>\n<p>Den mellemstore metallurgiske hydrauliske cylinder med stift er en banebrydende hydraulisk komponent, der er designet til at opfylde de strenge krav inden for metallurgiske applikationer. Med overlegen ydeevne, robust konstruktion og innovativt design giver denne hydrauliske cylinder pr\u00e6cis kontrol, holdbarhed og effektivitet i kr\u00e6vende industrielle milj\u00f8er. Uanset om den anvendes i st\u00e5lv\u00e6rker, st\u00f8berier eller andre metallurgiske processer, giver mellemstore stiftcylindre enest\u00e5ende resultater.<\/p>\n<p>Y-HG1-serien af \u200b\u200bhydrauliske cylindere til metallurgisk udstyr er beregnet til dobbeltvirkende stempelcylindere. Cylinderdiameteren er generelt i omr\u00e5det 40 ~ 320 mm, arbejdstrykket &lt;= 16MPA. Det hydrauliske oliesystem kan bruges til at fjerne emulsion og andre arbejdsmedier fra mekaniske systemer. Der kan monteres flange, \u00f8reringe, stifter, aftr\u00e6kkere (base) og forskellige typer.<\/p>\n<p>H\u00f8jpr\u00e6cisions CNC-honemaskine, automatisk svejsemaskine, vertikalt, horisontalt bearbejdningscenter, gantry-bearbejdningscenter, CNC-drejeb\u00e6nk og andet forarbejdningsudstyr, produktkvaliteten er stabil og garanteret.<\/p>\n<p><img loading=\"lazy\" decoding=\"async\" class=\"wp-image-1178 aligncenter\" src=\"https:\/\/hydraulic-cylinders.net\/wp-content\/uploads\/2023\/09\/middle-pin-type-metallurgical-hydraulic-cylinder-2-300x300.webp\" alt=\"\" width=\"400\" height=\"400\" \/><\/p>\n<h2><strong>Parameter for metallurgisk hydraulisk cylinder med midterste pind:<\/strong><\/h2>\n<p><img loading=\"lazy\" decoding=\"async\" class=\"alignnone wp-image-1179 size-large\" src=\"https:\/\/hydraulic-cylinders.net\/wp-content\/uploads\/2023\/09\/middle-pin-type-metallurgical-hydraulic-cylinder-1-1024x694.webp\" alt=\"\" width=\"1024\" height=\"694\" srcset=\"https:\/\/hydraulic-cylinders.net\/wp-content\/uploads\/2023\/09\/middle-pin-type-metallurgical-hydraulic-cylinder-1-980x664.webp 980w, https:\/\/hydraulic-cylinders.net\/wp-content\/uploads\/2023\/09\/middle-pin-type-metallurgical-hydraulic-cylinder-1-480x325.webp 480w\" sizes=\"(min-width: 0px) and (max-width: 480px) 480px, (min-width: 481px) and (max-width: 980px) 980px, (min-width: 981px) 1024px, 100vw\" \/><\/p>\n<h2><strong>Metalurgisk hydraulisk cylinder med midterste stifttype <\/strong><strong>Brugsmetode<\/strong><strong>:<\/strong><\/h2>\n<ol>\n<li><strong>Montering og installation:<\/strong>\n<ul>\n<li>I henhold til de specifikke krav til metallurgisk udstyr skal den passende installationsposition for den hydrauliske cylinder bestemmes.<\/li>\n<li>S\u00f8rg for, at monteringsfladen er ren, plan og i stand til at modst\u00e5 cylinderens v\u00e6gt og belastning.<\/li>\n<\/ul>\n<\/li>\n<li><strong>Tilslutning til hydraulisk system:<\/strong>\n<ul>\n<li>Tilslut den hydrauliske cylinder til det hydrauliske system ved hj\u00e6lp af en kompatibel hydraulisk slange eller et r\u00f8r.<\/li>\n<li>S\u00f8rg for korrekt justering og sikre forbindelser for at forhindre l\u00e6kager og sikre optimal ydeevne.<\/li>\n<\/ul>\n<\/li>\n<li><strong>Systemintegration og kalibrering:<\/strong>\n<ul>\n<li>Integrer hydrauliske cylindre i metallurgisk udstyr eller systemer i henhold til producentens retningslinjer.<\/li>\n<li>Kalibrer systemet for at opn\u00e5 de \u00f8nskede driftsparametre og sikre problemfri funktion.<\/li>\n<\/ul>\n<\/li>\n<li><strong>Betjening af cylinderen:<\/strong>\n<ul>\n<li>Start det hydrauliske system. Tryk for at starte bev\u00e6gelsen af \u200b\u200bden hydrauliske cylinder.<\/li>\n<li>Det hydrauliske styresystem styrer cylinderens udskydning, sammentr\u00e6kning og positionering for effektive metallurgiske operationer.<\/li>\n<\/ul>\n<\/li>\n<\/ol>\n<h2><strong>Metalurgisk hydraulisk cylinder med midterste stifttype <\/strong><strong>Karakteristika<\/strong><strong>:<\/strong><\/h2>\n<ul>\n<li><strong>Midterste pin design:<\/strong> Det unikke centerstiftdesign giver forbedret stabilitet, pr\u00e6cis justering og forbedret belastningsfordeling under drift, hvilket sikrer optimal ydeevne i metallurgiske processer.<\/li>\n<li><strong>Fokus p\u00e5 metallurgisk anvendelse:<\/strong> Cylindrene er pr\u00e6cist designet til at opfylde de strenge krav inden for metallurgiske applikationer, hvilket giver p\u00e5lidelighed og holdbarhed under ekstreme forhold.<\/li>\n<li><strong>Overlegen ydeevne:<\/strong>\u00a0 Cylindre yder fremragende ydeevne, hvilket muligg\u00f8r pr\u00e6cis positionering, j\u00e6vn drift og \u00f8get produktivitet i metallurgiske processer.<\/li>\n<li><strong>Robust konstruktion:<\/strong>\u00a0 Cylindrene er fremstillet af materialer af h\u00f8j kvalitet og kan modst\u00e5 tunge belastninger og barske driftsforhold, hvilket sikrer langvarig holdbarhed og p\u00e5lidelig ydeevne.<\/li>\n<li><strong>Sikkerhedsfunktioner:<\/strong>\u00a0 Designet kombinerer overbelastningsbeskyttelse og en n\u00f8dafbrydelsesmekanisme, der prioriterer operat\u00f8rsikkerhed i den metallurgiske proces.<\/li>\n<\/ul>\n<h2><strong>Hvordan m\u00e5ler man en hydraulisk cylinder?<\/strong><\/h2>\n<p>M\u00e5ling af en hydraulisk cylinder er en ligetil proces, der kr\u00e6ver et par vigtige v\u00e6rkt\u00f8jer. Her er en trinvis vejledning i, hvordan man m\u00e5ler en hydraulisk cylinder pr\u00e6cist:<\/p>\n<ol>\n<li><strong>Saml de n\u00f8dvendige v\u00e6rkt\u00f8jer:<\/strong>\n<ul>\n<li>M\u00e5leb\u00e5nd eller skydel\u00e6re: Brug et p\u00e5lideligt m\u00e5lev\u00e6rkt\u00f8j til at opn\u00e5 pr\u00e6cise m\u00e5linger.<\/li>\n<li>Sikkerhedsudstyr: Brug passende personlige v\u00e6rnemidler, s\u00e5som handsker og sikkerhedsbriller, for at beskytte mod potentielle farer.<\/li>\n<\/ul>\n<\/li>\n<li><strong>Bestem m\u00e5lepunkterne:<\/strong>\n<ul>\n<li>Identific\u00e9r de vigtigste m\u00e5lepunkter p\u00e5 den hydrauliske cylinder, der vil give de n\u00f8dvendige oplysninger til n\u00f8jagtig m\u00e5ling.<\/li>\n<li>De vigtigste m\u00e5lepunkter omfatter typisk cylinderens slagl\u00e6ngde, boringsdiameter og stangdiameter.<\/li>\n<\/ul>\n<\/li>\n<li><strong>M\u00e5l slagl\u00e6ngden:<\/strong>\n<ul>\n<li>Tr\u00e6k den hydrauliske cylinder helt ud til dens maksimale l\u00e6ngde.<\/li>\n<li>Placer m\u00e5leb\u00e5ndet eller skydel\u00e6ret i den ene ende af cylinderen, og juster det med referencepunktet.<\/li>\n<li>M\u00e5l fra referencepunktet til den modsatte ende af cylinderen.<\/li>\n<li>Registrer st\u00f8rrelsen som stregl\u00e6ngden.<\/li>\n<\/ul>\n<\/li>\n<li><strong>M\u00e5l borediameteren:<\/strong>\n<ul>\n<li>Find cylinderens boring, som er den indre diameter af cylinderr\u00f8ret.<\/li>\n<li>Placer m\u00e5leb\u00e5ndet eller skydel\u00e6ret p\u00e5 tv\u00e6rs af boringen, og s\u00f8rg for, at det er vinkelret p\u00e5 cylinderens akse.<\/li>\n<li>M\u00e5l den ene side af hullet fra den indre v\u00e6g til den modsatte indre v\u00e6g.<\/li>\n<li>Registrer m\u00e5lingen som boringsdiameteren.<\/li>\n<\/ul>\n<\/li>\n<li><strong>M\u00e5l stangdiameteren:<\/strong>\n<ul>\n<li>Identific\u00e9r stempelstangen, som er den stempelstang, der str\u00e6kker sig fra den hydrauliske cylinder.<\/li>\n<li>Placer m\u00e5leb\u00e5ndet eller skydel\u00e6ret p\u00e5 tv\u00e6rs af stangens diameter, vinkelret p\u00e5 dens akse.<\/li>\n<li>M\u00e5l den ene side af stangen, fra den ydre overflade til den modsatte ydre overflade.<\/li>\n<li>Registrer m\u00e5lingen som stangdiameteren.<\/li>\n<\/ul>\n<\/li>\n<li><strong>Yderligere m\u00e5linger:<\/strong>\n<ul>\n<li>Afh\u00e6ngigt af de specifikke krav eller anvendelser kan det v\u00e6re n\u00f8dvendigt at m\u00e5le yderligere parametre, s\u00e5som cylinderens samlede l\u00e6ngde, afstanden mellem monteringspunkter eller stangens gevindst\u00f8rrelse.<\/li>\n<\/ul>\n<\/li>\n<li><strong>Dokument\u00e9r og verific\u00e9r m\u00e5linger:<\/strong>\n<ul>\n<li>Dobbelttjek alle registrerede m\u00e5linger for at sikre n\u00f8jagtighed.<\/li>\n<li>Dokument\u00e9r m\u00e5lingerne tydeligt, og organiser dem til senere brug eller bestilling.<\/li>\n<\/ul>\n<\/li>\n<\/ol>\n<h2><strong>Fabrikkens kapacitet og kapacitet:<\/strong><\/h2>\n<h3>(1) Samling<\/h3>\n<p>Vi har en f\u00f8rsteklasses uafh\u00e6ngig forsknings- og udviklingsplatform til montering. V\u00e6rkstedet for produktion af hydrauliske cylindre har fire halvautomatiske l\u00f8ftecylindermonteringslinjer og en automatisk vippecylindermonteringslinje med en designm\u00e6ssig \u00e5rlig produktionskapacitet p\u00e5 1 million enheder. Det specielle cylinderv\u00e6rksted er udstyret med forskellige specifikationer for et halvautomatisk reng\u00f8ringsmonteringssystem med en designm\u00e6ssig \u00e5rlig produktionskapacitet p\u00e5 200.000 og udstyret med ber\u00f8mt CNC-bearbejdningsudstyr, et bearbejdningscenter, et specialudstyr til h\u00f8jpr\u00e6cisionscylinderbearbejdning, en robotsvejsemaskine, en automatisk reng\u00f8ringsmaskine, en automatisk cylindermonteringsmaskine og en automatisk malingslinje. Eksisterende kritisk udstyr p\u00e5 mere end 300 s\u00e6t (s\u00e6t). Optimal allokering og effektiv udnyttelse af udstyrsressourcer sikrer produkternes n\u00f8jagtighedskrav og opfylder produkternes h\u00f8je kvalitetsbehov.<\/p>\n<p><img loading=\"lazy\" decoding=\"async\" class=\"alignnone wp-image-626\" src=\"https:\/\/hydraulic-cylinders.net\/wp-content\/uploads\/2023\/08\/hydraulic-cylinder-product-1-300x158.webp\" alt=\"\" width=\"495\" height=\"260\" srcset=\"https:\/\/hydraulic-cylinders.net\/wp-content\/uploads\/2023\/08\/hydraulic-cylinder-product-1-300x158.webp 495w, https:\/\/hydraulic-cylinders.net\/wp-content\/uploads\/2023\/08\/hydraulic-cylinder-product-1-480x252.webp 480w\" sizes=\"(min-width: 0px) and (max-width: 480px) 480px, (min-width: 481px) 495px, 100vw\" \/> <img loading=\"lazy\" decoding=\"async\" class=\"alignnone wp-image-627\" src=\"https:\/\/hydraulic-cylinders.net\/wp-content\/uploads\/2023\/08\/hydraulic-cylinder-product-2-300x189.webp\" alt=\"\" width=\"413\" height=\"260\" \/><\/p>\n<h3>(2) Maskinbearbejdning<\/h3>\n<p>Bearbejdningsv\u00e6rkstedet er udstyret med et specialfremstillet drejecenter til skr\u00e5 skinner, bearbejdningscenter, h\u00f8jhastigheds-honemaskine, svejserobot og andet relateret udstyr, der kan h\u00e5ndtere bearbejdning af cylinderr\u00f8r med en maksimal indre diameter p\u00e5 400 mm og en maksimal l\u00e6ngde p\u00e5 6 meter.<\/p>\n<p><img loading=\"lazy\" decoding=\"async\" class=\"alignnone wp-image-628 size-large\" src=\"https:\/\/hydraulic-cylinders.net\/wp-content\/uploads\/2023\/08\/hydraulic-cylinder-product-3-1024x391.webp\" alt=\"\" width=\"1024\" height=\"391\" srcset=\"https:\/\/hydraulic-cylinders.net\/wp-content\/uploads\/2023\/08\/hydraulic-cylinder-product-3-980x374.webp 980w, https:\/\/hydraulic-cylinders.net\/wp-content\/uploads\/2023\/08\/hydraulic-cylinder-product-3-480x183.webp 480w\" sizes=\"(min-width: 0px) and (max-width: 480px) 480px, (min-width: 481px) and (max-width: 980px) 980px, (min-width: 981px) 1024px, 100vw\" \/><\/p>\n<h3>(3) Svejsning<\/h3>\n<p><img loading=\"lazy\" decoding=\"async\" class=\"alignnone wp-image-629 size-large\" src=\"https:\/\/hydraulic-cylinders.net\/wp-content\/uploads\/2023\/08\/hydraulic-cylinder-product-4-1024x510.webp\" alt=\"\" width=\"1024\" height=\"510\" srcset=\"https:\/\/hydraulic-cylinders.net\/wp-content\/uploads\/2023\/08\/hydraulic-cylinder-product-4-980x488.webp 980w, https:\/\/hydraulic-cylinders.net\/wp-content\/uploads\/2023\/08\/hydraulic-cylinder-product-4-480x239.webp 480w\" sizes=\"(min-width: 0px) and (max-width: 480px) 480px, (min-width: 481px) and (max-width: 980px) 980px, (min-width: 981px) 1024px, 100vw\" \/><\/p>\n<h3>(4) Maling og overfladebehandling<\/h3>\n<p>Med sm\u00e5 og mellemstore cylindriske automatiske vandbaserede malingsbel\u00e6gningslinjer, for at opn\u00e5 automatisk robotp\u00e5fyldning og -afl\u00e6sning samt automatisk spr\u00f8jtning, er den designm\u00e6ssige kapacitet p\u00e5 4000 stykker pr. skift;<br \/>\nVi har ogs\u00e5 en halvautomatisk malingsproduktionslinje til store cylindre drevet af en kabelk\u00e6de med en designkapacitet p\u00e5 60 kasser pr. skift.<\/p>\n<p><img loading=\"lazy\" decoding=\"async\" class=\"alignnone wp-image-630\" src=\"https:\/\/hydraulic-cylinders.net\/wp-content\/uploads\/2023\/08\/hydraulic-cylinder-product-5-300x213.webp\" alt=\"\" width=\"366\" height=\"260\" \/> <img loading=\"lazy\" decoding=\"async\" class=\"alignnone wp-image-631\" src=\"https:\/\/hydraulic-cylinders.net\/wp-content\/uploads\/2023\/08\/hydraulic-cylinder-product-6-300x225.webp\" alt=\"\" width=\"347\" height=\"260\" \/><\/p>\n<h3>(5) Testning<\/h3>\n<p>Vi har f\u00f8rsteklasses inspektionsfaciliteter og testb\u00e6nke for at sikre, at cylinderens ydeevne opfylder kravene.<\/p>\n<p><img loading=\"lazy\" decoding=\"async\" class=\"alignnone wp-image-632\" src=\"https:\/\/hydraulic-cylinders.net\/wp-content\/uploads\/2023\/08\/hydraulic-cylinder-product-8-300x200.webp\" alt=\"\" width=\"389\" height=\"260\" \/><\/p>\n<p>&nbsp;<\/p>\n<p>&nbsp;<\/p>\n<p>Vi er en af \u200b\u200bde bedste producenter af metallurgiske hydrauliske cylindre. Vi kan tilbyde et omfattende lager af metallurgiske hydrauliske cylindre. Vi leverer ogs\u00e5 tilsvarende <a href=\"https:\/\/hzpt.com\/agricultural-pto-gearbox\/\" target=\"_blank\" rel=\"noopener\">landbrugsgearkasser<\/a>Vi har eksporteret vores produkter til kunder over hele verden og har opn\u00e5et et godt omd\u00f8mme p\u00e5 grund af vores overlegne produktkvalitet og eftersalgsservice. Vi byder kunder i ind- og udland velkommen til at kontakte os for at forhandle forretninger, udveksle information og <a href=\"https:\/\/www.hydraulic-cylinders.net\/da\/contact-us\/\">samarbejde med os<\/a>!<\/p>\n<h2><\/h2>\n<h2><\/h2>\n<h2><\/h2>","protected":false},"excerpt":{"rendered":"<p>Middle Pin Type Metallurgical Hydraulic Cylinder Medium pin type metallurgical hydraulic cylinder is a cutting-edge hydraulic component designed to meet the strict requirements of metallurgical applications. With superior performance, rugged construction, and innovative design, this hydraulic cylinder provides precise control, durability and efficiency in demanding industrial environments. Whether used in steel mills, foundries, or other [&hellip;]<\/p>","protected":false},"featured_media":1180,"comment_status":"open","ping_status":"closed","template":"","meta":{"_et_pb_use_builder":"","_et_pb_old_content":"","_et_gb_content_width":""},"product_brand":[],"product_cat":[1376,1550,1524],"product_tag":[1380],"class_list":{"0":"post-1181","1":"product","2":"type-product","3":"status-publish","4":"has-post-thumbnail","6":"product_cat-hydraulic-cylinder","7":"product_cat-double-acting-hydraulic-cylinder","8":"product_cat-steel-mill-hydraulic-cylinders","9":"product_tag-hydraulic-cylinder","11":"first","12":"instock","13":"shipping-taxable","14":"product-type-simple"},"amp_enabled":true,"_links":{"self":[{"href":"https:\/\/www.hydraulic-cylinders.net\/da\/wp-json\/wp\/v2\/product\/1181","targetHints":{"allow":["GET"]}}],"collection":[{"href":"https:\/\/www.hydraulic-cylinders.net\/da\/wp-json\/wp\/v2\/product"}],"about":[{"href":"https:\/\/www.hydraulic-cylinders.net\/da\/wp-json\/wp\/v2\/types\/product"}],"replies":[{"embeddable":true,"href":"https:\/\/www.hydraulic-cylinders.net\/da\/wp-json\/wp\/v2\/comments?post=1181"}],"wp:featuredmedia":[{"embeddable":true,"href":"https:\/\/www.hydraulic-cylinders.net\/da\/wp-json\/wp\/v2\/media\/1180"}],"wp:attachment":[{"href":"https:\/\/www.hydraulic-cylinders.net\/da\/wp-json\/wp\/v2\/media?parent=1181"}],"wp:term":[{"taxonomy":"product_brand","embeddable":true,"href":"https:\/\/www.hydraulic-cylinders.net\/da\/wp-json\/wp\/v2\/product_brand?post=1181"},{"taxonomy":"product_cat","embeddable":true,"href":"https:\/\/www.hydraulic-cylinders.net\/da\/wp-json\/wp\/v2\/product_cat?post=1181"},{"taxonomy":"product_tag","embeddable":true,"href":"https:\/\/www.hydraulic-cylinders.net\/da\/wp-json\/wp\/v2\/product_tag?post=1181"}],"curies":[{"name":"wp","href":"https:\/\/api.w.org\/{rel}","templated":true}]}}