{"id":1213,"date":"2023-09-13T07:59:01","date_gmt":"2023-09-13T07:59:01","guid":{"rendered":"https:\/\/hydraulic-cylinders.net\/?post_type=product&#038;p=1213"},"modified":"2025-04-11T05:06:52","modified_gmt":"2025-04-11T05:06:52","slug":"y-hg1-noraml-metallurgical-hydraulic-cylinder","status":"publish","type":"product","link":"https:\/\/www.hydraulic-cylinders.net\/da\/vare\/y-hg1-noraml-metallurgical-hydraulic-cylinder\/","title":{"rendered":"Y-HG1 Noraml metallurgisk hydraulisk cylinder"},"content":{"rendered":"<h1 style=\"text-align: center;\"><strong>Y-HG1 Noraml metallurgisk hydraulisk cylinder<\/strong><\/h1>\n<p>The Y-HG1 metallurgical hydraulic cylinder is a state-of-the-art hydraulic component specifically designed to meet the demanding requirements of metallurgical applications. With its advanced features, robust construction, and exceptional performance, the Y-HG1 metallurgical hydraulic cylinder offers precise control, durability, and reliability in the rigorous environments of steel mills, foundries, and other metallurgical processes. Whether for heavy-duty lifting, pressing, or positioning, the Y-HG1 cylinder sets new standards in hydraulic technology, making it the ideal choice for the metallurgical industry.<\/p>\n<p>Y-HG1-serien af \u200b\u200bhydrauliske cylindere til metallurgisk udstyr er beregnet til dobbeltvirkende stempelcylindere. Cylinderdiameteren er generelt i omr\u00e5det 40 ~ 320 mm, arbejdstrykket &lt;= 16MPA. Det hydrauliske oliesystem kan bruges til at fjerne emulsion og andre arbejdsmedier fra mekaniske systemer. Der kan monteres flange, \u00f8reringe, stifter, aftr\u00e6kkere (base) og forskellige typer.<\/p>\n<p>H\u00f8jpr\u00e6cisions CNC-honemaskine, automatisk svejsemaskine, vertikalt, horisontalt bearbejdningscenter, gantry-bearbejdningscenter, CNC-drejeb\u00e6nk og andet forarbejdningsudstyr, produktkvaliteten er stabil og garanteret.<\/p>\n<p><img loading=\"lazy\" decoding=\"async\" class=\"aligncenter wp-image-1214\" src=\"https:\/\/hydraulic-cylinders.net\/wp-content\/uploads\/2023\/09\/y-hg-1-noraml-metallurgical-hydraulic-cylinder-3-300x300.webp\" alt=\"\" width=\"400\" height=\"400\" \/><\/p>\n<h2><strong>Y-HG1 Noraml Metallurgical Hydraulic Cylinder Parameter:<img loading=\"lazy\" decoding=\"async\" class=\"alignnone wp-image-1215 size-large\" src=\"https:\/\/hydraulic-cylinders.net\/wp-content\/uploads\/2023\/09\/y-hg-1-noraml-metallurgical-hydraulic-cylinder-1-1024x307.webp\" alt=\"\" width=\"1024\" height=\"307\" srcset=\"https:\/\/hydraulic-cylinders.net\/wp-content\/uploads\/2023\/09\/y-hg-1-noraml-metallurgical-hydraulic-cylinder-1-980x293.webp 980w, https:\/\/hydraulic-cylinders.net\/wp-content\/uploads\/2023\/09\/y-hg-1-noraml-metallurgical-hydraulic-cylinder-1-480x144.webp 480w\" sizes=\"(min-width: 0px) and (max-width: 480px) 480px, (min-width: 481px) and (max-width: 980px) 980px, (min-width: 981px) 1024px, 100vw\" \/> <img loading=\"lazy\" decoding=\"async\" class=\"alignnone wp-image-1216 size-large\" src=\"https:\/\/hydraulic-cylinders.net\/wp-content\/uploads\/2023\/09\/y-hg-1-noraml-metallurgical-hydraulic-cylinder-2-1024x553.webp\" alt=\"\" width=\"1024\" height=\"553\" srcset=\"https:\/\/hydraulic-cylinders.net\/wp-content\/uploads\/2023\/09\/y-hg-1-noraml-metallurgical-hydraulic-cylinder-2-980x530.webp 980w, https:\/\/hydraulic-cylinders.net\/wp-content\/uploads\/2023\/09\/y-hg-1-noraml-metallurgical-hydraulic-cylinder-2-480x259.webp 480w\" sizes=\"(min-width: 0px) and (max-width: 480px) 480px, (min-width: 481px) and (max-width: 980px) 980px, (min-width: 981px) 1024px, 100vw\" \/><\/strong><\/h2>\n<h2><strong>Y-HG1 Noraml metallurgisk hydraulisk cylinder <\/strong><strong>Brugsmetode<\/strong><strong>:<\/strong><\/h2>\n<ol>\n<li><strong>Montering og installation:<\/strong>\n<ul>\n<li>Determine the appropriate location for installing Y-HG1 cylinders based on the specific requirements of your metallurgical equipment.<\/li>\n<li>S\u00f8rg for, at monteringsfladen er ren, plan og i stand til at b\u00e6re cylinderens v\u00e6gt og belastning.<\/li>\n<\/ul>\n<\/li>\n<li><strong>Tilslutning til hydraulisk system:<\/strong>\n<ul>\n<li>Connect the Y-HG1 metallurgical hydraulic cylinder using a compatible hydraulic hose or pipe to the hydraulic system.<\/li>\n<li>S\u00f8rg for korrekt justering og sikre forbindelser for at forhindre l\u00e6kager og sikre optimal ydeevne.<\/li>\n<\/ul>\n<\/li>\n<li><strong>Systemintegration og kalibrering:<\/strong>\n<ul>\n<li>Integrate Y-HG1 metallurgical hydraulic cylinders into metallurgical equipment or systems by the manufacturer&#8217;s guidelines.<\/li>\n<li>Calibrate the system to achieve the required operating parameters and ensure precise control of cylinder movement.<\/li>\n<\/ul>\n<\/li>\n<li><strong>Betjening af cylinderen:<\/strong>\n<ul>\n<li>Activate the hydraulic system to apply pressure and initiate the movement of the Y-HG1 cylinder.<\/li>\n<li>The hydraulic control system precisely controls cylinder extension, contraction and positioning for efficient metallurgical operations.<\/li>\n<\/ul>\n<\/li>\n<\/ol>\n<h2><strong>Y-HG1 Noraml metallurgisk hydraulisk cylinder <\/strong><strong>Karakteristika<\/strong><strong>:<\/strong><\/h2>\n<ul>\n<li><strong>Robust konstruktion:<\/strong> The Y-HG1 cylinder is built with high-quality materials, ensuring durability and longevity in the demanding metallurgical environment.<\/li>\n<li><strong>Pr\u00e6cis kontrol:<\/strong>\u00a0 The metallurgical hydraulic cylinder provides superior control and positioning accuracy, allowing operators to achieve exact movement for optimal metallurgical processes.<\/li>\n<li><strong>H\u00f8j lasteevne:<\/strong>\u00a0 Y-HG1 metallurgical hydraulic cylinders are designed to handle heavy loads standard in metallurgical applications, providing reliable lifting and pressing capabilities.<\/li>\n<li><strong>Korrosionsbestandighed:<\/strong>\u00a0 The cylinder&#8217;s corrosion-resistant coating protects it from harsh chemicals and the extreme temperatures often found in metallurgical environments.<\/li>\n<li><strong>Alsidige monteringsmuligheder:<\/strong> Y-HG1 cylinders are available in various mounting options and can be easily integrated into multiple metallurgical equipment and systems.<\/li>\n<\/ul>\n<h2><strong>ow Does A One-Way Hydraulic Cylinder Work?<\/strong><\/h2>\n<p>En envejs, enkeltvirkende hydraulisk cylinder bruger et hydraulisk system til at generere line\u00e6r bev\u00e6gelse i \u00e9n retning. Den best\u00e5r af en cylindercylinder, et stempel, en stempelstang og en hydraulisk v\u00e6ske. S\u00e5dan fungerer det:<\/p>\n<ol>\n<li><strong>Hydraulikv\u00e6skeforsyning:<\/strong>\n<ul>\n<li>Det hydrauliske system forsyner tryksat v\u00e6ske, typisk olie, til cylinderen via en hydraulisk pumpe eller str\u00f8mkilde.<\/li>\n<\/ul>\n<\/li>\n<li><strong>Cylinderforl\u00e6ngelse:<\/strong>\n<ul>\n<li>N\u00e5r hydraulikv\u00e6ske tilf\u00f8res cylinderen, kommer den ind i cylindercylinderen gennem en indl\u00f8bsport.<\/li>\n<li>Den tryksatte v\u00e6ske skubber mod stemplet, hvilket f\u00e5r det til at bev\u00e6ge sig i den \u00f8nskede retning (typisk forl\u00e6ngelse af stempelstangen).<\/li>\n<li>N\u00e5r v\u00e6sketrykket stiger, overvinder det modstanden eller belastningen p\u00e5 stemplet, hvilket resulterer i forl\u00e6ngelse af stempelstangen.<\/li>\n<\/ul>\n<\/li>\n<li><strong>Forseglingsmekanisme:<\/strong>\n<ul>\n<li>Cylindercylinderen er forseglet for at forhindre v\u00e6skel\u00e6kage. Den har typisk t\u00e6tninger omkring stemplet og stempelstangen, s\u00e5som O-ringe eller l\u00e6bet\u00e6tninger.<\/li>\n<li>Disse t\u00e6tninger sikrer, at trykv\u00e6sken kun virker p\u00e5 den ene side af stemplet, hvilket skaber en trykubalance, der driver stemplet i den \u00f8nskede retning.<\/li>\n<\/ul>\n<\/li>\n<li><strong>Returslag:<\/strong>\n<ul>\n<li>Efter forl\u00e6ngerslaget frigives eller udluftes hydraulikv\u00e6sken fra cylinderen.<\/li>\n<li>Det hydrauliske system kan bruge tyngdekraften, en fjeder eller en ekstern kraft til at tr\u00e6kke stemplet og stempelstangen tilbage til deres udgangspositioner.<\/li>\n<li>Under returslaget str\u00f8mmer hydraulikv\u00e6sken ud af cylinderen gennem en udl\u00f8bsport.<\/li>\n<\/ul>\n<\/li>\n<li><strong>Belastningsst\u00f8tte:<\/strong>\n<ul>\n<li>Stempelstangen p\u00e5 den hydrauliske cylinder er ofte forbundet med en last eller mekanisme, der kr\u00e6ver line\u00e6r bev\u00e6gelse eller kraft.<\/li>\n<li>N\u00e5r stemplet forl\u00e6nges eller tr\u00e6kkes tilbage, yder det den n\u00f8dvendige kraft til at bev\u00e6ge eller underst\u00f8tte lasten.<\/li>\n<\/ul>\n<\/li>\n<li><strong>Styring og ventiler:<\/strong>\n<ul>\n<li>For at styre ud- og indtr\u00e6kningen af \u200b\u200bden envejshydrauliske cylinder indeholder det hydrauliske system ventiler, s\u00e5som kontraventiler eller retningsventiler.<\/li>\n<li>Disse ventiler regulerer str\u00f8mmen af \u200b\u200bhydraulisk v\u00e6ske, s\u00e5 den kan komme ind og ud af cylinderen i den \u00f8nskede retning.<\/li>\n<\/ul>\n<\/li>\n<li><strong>Applikationsspecifikationer:<\/strong>\n<ul>\n<li>Envejs hydrauliske cylindre bruges almindeligvis i applikationer, hvor kraft eller bev\u00e6gelse kun kr\u00e6ves i \u00e9n retning, s\u00e5som l\u00f8ft, skub eller fastsp\u00e6nding.<\/li>\n<li>De findes ofte i hydrauliske donkrafte, hydrauliske presser, dumpere og forskellige andre industrielt og mobilt udstyr.<\/li>\n<\/ul>\n<\/li>\n<\/ol>\n<h2><strong>Fabrikkens kapacitet og kapacitet:<\/strong><\/h2>\n<h3>(1) Samling<\/h3>\n<p>Vi har en f\u00f8rsteklasses uafh\u00e6ngig forsknings- og udviklingsplatform til montering. V\u00e6rkstedet for produktion af hydrauliske cylindre har fire halvautomatiske l\u00f8ftecylindermonteringslinjer og en automatisk vippecylindermonteringslinje med en designm\u00e6ssig \u00e5rlig produktionskapacitet p\u00e5 1 million enheder. Det specielle cylinderv\u00e6rksted er udstyret med forskellige specifikationer for et halvautomatisk reng\u00f8ringsmonteringssystem med en designm\u00e6ssig \u00e5rlig produktionskapacitet p\u00e5 200.000 og udstyret med ber\u00f8mt CNC-bearbejdningsudstyr, et bearbejdningscenter, et specialudstyr til h\u00f8jpr\u00e6cisionscylinderbearbejdning, en robotsvejsemaskine, en automatisk reng\u00f8ringsmaskine, en automatisk cylindermonteringsmaskine og en automatisk malingslinje. Eksisterende kritisk udstyr p\u00e5 mere end 300 s\u00e6t (s\u00e6t). Optimal allokering og effektiv udnyttelse af udstyrsressourcer sikrer produkternes n\u00f8jagtighedskrav og opfylder produkternes h\u00f8je kvalitetsbehov.<\/p>\n<p><img loading=\"lazy\" decoding=\"async\" class=\"alignnone wp-image-626\" src=\"https:\/\/hydraulic-cylinders.net\/wp-content\/uploads\/2023\/08\/hydraulic-cylinder-product-1-300x158.webp\" alt=\"\" width=\"495\" height=\"260\" srcset=\"https:\/\/hydraulic-cylinders.net\/wp-content\/uploads\/2023\/08\/hydraulic-cylinder-product-1-300x158.webp 495w, https:\/\/hydraulic-cylinders.net\/wp-content\/uploads\/2023\/08\/hydraulic-cylinder-product-1-480x252.webp 480w\" sizes=\"(min-width: 0px) and (max-width: 480px) 480px, (min-width: 481px) 495px, 100vw\" \/> <img loading=\"lazy\" decoding=\"async\" class=\"alignnone wp-image-627\" src=\"https:\/\/hydraulic-cylinders.net\/wp-content\/uploads\/2023\/08\/hydraulic-cylinder-product-2-300x189.webp\" alt=\"\" width=\"413\" height=\"260\" \/><\/p>\n<h3>(2) Maskinbearbejdning<\/h3>\n<p>Bearbejdningsv\u00e6rkstedet er udstyret med et specialfremstillet drejecenter til skr\u00e5 skinner, bearbejdningscenter, h\u00f8jhastigheds-honemaskine, svejserobot og andet relateret udstyr, der kan h\u00e5ndtere bearbejdning af cylinderr\u00f8r med en maksimal indre diameter p\u00e5 400 mm og en maksimal l\u00e6ngde p\u00e5 6 meter.<\/p>\n<p><img loading=\"lazy\" decoding=\"async\" class=\"alignnone wp-image-628 size-large\" src=\"https:\/\/hydraulic-cylinders.net\/wp-content\/uploads\/2023\/08\/hydraulic-cylinder-product-3-1024x391.webp\" alt=\"\" width=\"1024\" height=\"391\" srcset=\"https:\/\/hydraulic-cylinders.net\/wp-content\/uploads\/2023\/08\/hydraulic-cylinder-product-3-980x374.webp 980w, https:\/\/hydraulic-cylinders.net\/wp-content\/uploads\/2023\/08\/hydraulic-cylinder-product-3-480x183.webp 480w\" sizes=\"(min-width: 0px) and (max-width: 480px) 480px, (min-width: 481px) and (max-width: 980px) 980px, (min-width: 981px) 1024px, 100vw\" \/><\/p>\n<h3>(3) Svejsning<\/h3>\n<p><img loading=\"lazy\" decoding=\"async\" class=\"alignnone wp-image-629 size-large\" src=\"https:\/\/hydraulic-cylinders.net\/wp-content\/uploads\/2023\/08\/hydraulic-cylinder-product-4-1024x510.webp\" alt=\"\" width=\"1024\" height=\"510\" srcset=\"https:\/\/hydraulic-cylinders.net\/wp-content\/uploads\/2023\/08\/hydraulic-cylinder-product-4-980x488.webp 980w, https:\/\/hydraulic-cylinders.net\/wp-content\/uploads\/2023\/08\/hydraulic-cylinder-product-4-480x239.webp 480w\" sizes=\"(min-width: 0px) and (max-width: 480px) 480px, (min-width: 481px) and (max-width: 980px) 980px, (min-width: 981px) 1024px, 100vw\" \/><\/p>\n<h3>(4) Maling og overfladebehandling<\/h3>\n<p>Med sm\u00e5 og mellemstore cylindriske automatiske vandbaserede malingsbel\u00e6gningslinjer, for at opn\u00e5 automatisk robotp\u00e5fyldning og -afl\u00e6sning samt automatisk spr\u00f8jtning, er den designm\u00e6ssige kapacitet p\u00e5 4000 stykker pr. skift;<br \/>\nVi har ogs\u00e5 en halvautomatisk malingsproduktionslinje til store cylindre drevet af en kabelk\u00e6de med en designkapacitet p\u00e5 60 kasser pr. skift.<\/p>\n<p><img loading=\"lazy\" decoding=\"async\" class=\"alignnone wp-image-630\" src=\"https:\/\/hydraulic-cylinders.net\/wp-content\/uploads\/2023\/08\/hydraulic-cylinder-product-5-300x213.webp\" alt=\"\" width=\"366\" height=\"260\" \/> <img loading=\"lazy\" decoding=\"async\" class=\"alignnone wp-image-631\" src=\"https:\/\/hydraulic-cylinders.net\/wp-content\/uploads\/2023\/08\/hydraulic-cylinder-product-6-300x225.webp\" alt=\"\" width=\"347\" height=\"260\" \/><\/p>\n<h3>(5) Testning<\/h3>\n<p>Vi har f\u00f8rsteklasses inspektionsfaciliteter og testb\u00e6nke for at sikre, at cylinderens ydeevne opfylder kravene.<\/p>\n<p><img loading=\"lazy\" decoding=\"async\" class=\"alignnone wp-image-632\" src=\"https:\/\/hydraulic-cylinders.net\/wp-content\/uploads\/2023\/08\/hydraulic-cylinder-product-8-300x200.webp\" alt=\"\" width=\"389\" height=\"260\" \/><\/p>\n<p>&nbsp;<\/p>\n<p>&nbsp;<\/p>\n<p>Vi er en af \u200b\u200bde bedste producenter af metallurgiske hydrauliske cylindre. Vi kan tilbyde et omfattende lager af metallurgiske hydrauliske cylindre. Vi leverer ogs\u00e5 tilsvarende <a href=\"https:\/\/hzpt.com\/agricultural-pto-gearbox\/\" target=\"_blank\" rel=\"noopener\">landbrugsgearkasser<\/a>Vi har eksporteret vores produkter til kunder over hele verden og har opn\u00e5et et godt omd\u00f8mme p\u00e5 grund af vores overlegne produktkvalitet og eftersalgsservice. Vi byder kunder i ind- og udland velkommen til at kontakte os for at forhandle forretninger, udveksle information og <a href=\"https:\/\/www.hydraulic-cylinders.net\/da\/contact-us\/\">samarbejde med os<\/a>!<\/p>\n<h2><\/h2>\n<h2><\/h2>","protected":false},"excerpt":{"rendered":"<p>Y-HG1 Noraml Metallurgical Hydraulic Cylinder The Y-HG1 metallurgical hydraulic cylinder is a state-of-the-art hydraulic component specifically designed to meet the demanding requirements of metallurgical applications. With its advanced features, robust construction, and exceptional performance, the Y-HG1 metallurgical hydraulic cylinder offers precise control, durability, and reliability in the rigorous environments of steel mills, foundries, and other [&hellip;]<\/p>","protected":false},"featured_media":1217,"comment_status":"open","ping_status":"closed","template":"","meta":{"_et_pb_use_builder":"","_et_pb_old_content":"","_et_gb_content_width":""},"product_brand":[],"product_cat":[1376,1550,1524],"product_tag":[1380],"class_list":{"0":"post-1213","1":"product","2":"type-product","3":"status-publish","4":"has-post-thumbnail","6":"product_cat-hydraulic-cylinder","7":"product_cat-double-acting-hydraulic-cylinder","8":"product_cat-steel-mill-hydraulic-cylinders","9":"product_tag-hydraulic-cylinder","11":"first","12":"instock","13":"shipping-taxable","14":"product-type-simple"},"amp_enabled":true,"_links":{"self":[{"href":"https:\/\/www.hydraulic-cylinders.net\/da\/wp-json\/wp\/v2\/product\/1213","targetHints":{"allow":["GET"]}}],"collection":[{"href":"https:\/\/www.hydraulic-cylinders.net\/da\/wp-json\/wp\/v2\/product"}],"about":[{"href":"https:\/\/www.hydraulic-cylinders.net\/da\/wp-json\/wp\/v2\/types\/product"}],"replies":[{"embeddable":true,"href":"https:\/\/www.hydraulic-cylinders.net\/da\/wp-json\/wp\/v2\/comments?post=1213"}],"wp:featuredmedia":[{"embeddable":true,"href":"https:\/\/www.hydraulic-cylinders.net\/da\/wp-json\/wp\/v2\/media\/1217"}],"wp:attachment":[{"href":"https:\/\/www.hydraulic-cylinders.net\/da\/wp-json\/wp\/v2\/media?parent=1213"}],"wp:term":[{"taxonomy":"product_brand","embeddable":true,"href":"https:\/\/www.hydraulic-cylinders.net\/da\/wp-json\/wp\/v2\/product_brand?post=1213"},{"taxonomy":"product_cat","embeddable":true,"href":"https:\/\/www.hydraulic-cylinders.net\/da\/wp-json\/wp\/v2\/product_cat?post=1213"},{"taxonomy":"product_tag","embeddable":true,"href":"https:\/\/www.hydraulic-cylinders.net\/da\/wp-json\/wp\/v2\/product_tag?post=1213"}],"curies":[{"name":"wp","href":"https:\/\/api.w.org\/{rel}","templated":true}]}}