{"id":1238,"date":"2023-09-14T08:14:17","date_gmt":"2023-09-14T08:14:17","guid":{"rendered":"https:\/\/hydraulic-cylinders.net\/?post_type=product&#038;p=1238"},"modified":"2025-04-11T05:26:15","modified_gmt":"2025-04-11T05:26:15","slug":"hrob-type-standard-b-type-circular-hydraulic-cylinder","status":"publish","type":"product","link":"https:\/\/www.hydraulic-cylinders.net\/da\/vare\/hrob-type-standard-b-type-circular-hydraulic-cylinder\/","title":{"rendered":"HROB Type Standard B Type Cirkul\u00e6r Hydraulisk Cylinder"},"content":{"rendered":"<h1 style=\"text-align: center;\"><strong>HROB Type Standard B Type Cirkul\u00e6r Hydraulisk Cylinder<\/strong><\/h1>\n<p>The HROB standard Type B circular hydraulic cylinder is a versatile and reliable hydraulic element that provides efficient power and precise control in various industrial applications. Using advanced technology and high-quality standards, this hydraulic cylinder offers superior performance and durability. Whether in manufacturing, construction, or material handling, HROB standard b cylinders ensure smooth and efficient hydraulic operation.<\/p>\n<p>HRO-serien rund cylinder er sikker og stabil, har en effektiv, nem vedligeholdelse, smukt udseende, h\u00f8j kvalitet og er velegnet til alle former for presser.<\/p>\n<p><img loading=\"lazy\" decoding=\"async\" class=\"wp-image-1239 aligncenter\" src=\"https:\/\/hydraulic-cylinders.net\/wp-content\/uploads\/2023\/09\/hro-circular-hydraulic-cylinder-5-1-300x300.webp\" alt=\"\" width=\"400\" height=\"400\" \/><\/p>\n<h2><strong>HROA-type cirkul\u00e6r hydraulisk cylinder, karakteristiske data:<\/strong><\/h2>\n<p><img loading=\"lazy\" decoding=\"async\" class=\"alignnone wp-image-1234 size-full\" src=\"https:\/\/hydraulic-cylinders.net\/wp-content\/uploads\/2023\/09\/hro-circular-hydraulic-cylinder-1-1-1.webp\" alt=\"\" width=\"1428\" height=\"436\" srcset=\"https:\/\/hydraulic-cylinders.net\/wp-content\/uploads\/2023\/09\/hro-circular-hydraulic-cylinder-1-1-1.webp 1428w, https:\/\/hydraulic-cylinders.net\/wp-content\/uploads\/2023\/09\/hro-circular-hydraulic-cylinder-1-1-1-1280x391.webp 1280w, https:\/\/hydraulic-cylinders.net\/wp-content\/uploads\/2023\/09\/hro-circular-hydraulic-cylinder-1-1-1-980x299.webp 980w, https:\/\/hydraulic-cylinders.net\/wp-content\/uploads\/2023\/09\/hro-circular-hydraulic-cylinder-1-1-1-480x147.webp 480w\" sizes=\"(min-width: 0px) and (max-width: 480px) 480px, (min-width: 481px) and (max-width: 980px) 980px, (min-width: 981px) and (max-width: 1280px) 1280px, (min-width: 1281px) 1428px, 100vw\" \/><\/p>\n<h2><strong>HROA-type cirkul\u00e6r hydraulisk cylinder strukturdiagram:<\/strong><\/h2>\n<p><img loading=\"lazy\" decoding=\"async\" class=\"alignnone wp-image-1235 size-full\" src=\"https:\/\/hydraulic-cylinders.net\/wp-content\/uploads\/2023\/09\/hro-circular-hydraulic-cylinder-2-1.webp\" alt=\"\" width=\"1404\" height=\"889\" srcset=\"https:\/\/hydraulic-cylinders.net\/wp-content\/uploads\/2023\/09\/hro-circular-hydraulic-cylinder-2-1.webp 1404w, https:\/\/hydraulic-cylinders.net\/wp-content\/uploads\/2023\/09\/hro-circular-hydraulic-cylinder-2-1-1280x810.webp 1280w, https:\/\/hydraulic-cylinders.net\/wp-content\/uploads\/2023\/09\/hro-circular-hydraulic-cylinder-2-1-980x621.webp 980w, https:\/\/hydraulic-cylinders.net\/wp-content\/uploads\/2023\/09\/hro-circular-hydraulic-cylinder-2-1-480x304.webp 480w\" sizes=\"(min-width: 0px) and (max-width: 480px) 480px, (min-width: 481px) and (max-width: 980px) 980px, (min-width: 981px) and (max-width: 1280px) 1280px, (min-width: 1281px) 1404px, 100vw\" \/><\/p>\n<h2><strong>HROB Type Standard B Type Circular Hydraulic Cylinder Parameter:<img loading=\"lazy\" decoding=\"async\" class=\"alignnone wp-image-1240 size-full\" src=\"https:\/\/hydraulic-cylinders.net\/wp-content\/uploads\/2023\/09\/hro-circular-hydraulic-cylinder-5.webp\" alt=\"\" width=\"1439\" height=\"1119\" srcset=\"https:\/\/hydraulic-cylinders.net\/wp-content\/uploads\/2023\/09\/hro-circular-hydraulic-cylinder-5.webp 1439w, https:\/\/hydraulic-cylinders.net\/wp-content\/uploads\/2023\/09\/hro-circular-hydraulic-cylinder-5-1280x995.webp 1280w, https:\/\/hydraulic-cylinders.net\/wp-content\/uploads\/2023\/09\/hro-circular-hydraulic-cylinder-5-980x762.webp 980w, https:\/\/hydraulic-cylinders.net\/wp-content\/uploads\/2023\/09\/hro-circular-hydraulic-cylinder-5-480x373.webp 480w\" sizes=\"(min-width: 0px) and (max-width: 480px) 480px, (min-width: 481px) and (max-width: 980px) 980px, (min-width: 981px) and (max-width: 1280px) 1280px, (min-width: 1281px) 1439px, 100vw\" \/> <\/strong><strong>HROB Type Standard B Type Cirkul\u00e6r Hydraulisk Cylinder <\/strong><strong>Specifikationsark for udvendig tandtype:<\/strong><\/h2>\n<h2><strong><img loading=\"lazy\" decoding=\"async\" class=\"alignnone wp-image-1241 size-full\" src=\"https:\/\/hydraulic-cylinders.net\/wp-content\/uploads\/2023\/09\/hro-circular-hydraulic-cylinder-6.webp\" alt=\"\" width=\"1426\" height=\"514\" srcset=\"https:\/\/hydraulic-cylinders.net\/wp-content\/uploads\/2023\/09\/hro-circular-hydraulic-cylinder-6.webp 1426w, https:\/\/hydraulic-cylinders.net\/wp-content\/uploads\/2023\/09\/hro-circular-hydraulic-cylinder-6-1280x461.webp 1280w, https:\/\/hydraulic-cylinders.net\/wp-content\/uploads\/2023\/09\/hro-circular-hydraulic-cylinder-6-980x353.webp 980w, https:\/\/hydraulic-cylinders.net\/wp-content\/uploads\/2023\/09\/hro-circular-hydraulic-cylinder-6-480x173.webp 480w\" sizes=\"(min-width: 0px) and (max-width: 480px) 480px, (min-width: 481px) and (max-width: 980px) 980px, (min-width: 981px) and (max-width: 1280px) 1280px, (min-width: 1281px) 1426px, 100vw\" \/><\/strong><\/h2>\n<h2><strong>HROB Type Standard B Type Cirkul\u00e6r Hydraulisk Cylinder <\/strong><strong>Brugsmetode<\/strong><strong>:<\/strong><\/h2>\n<ol>\n<li><strong>Montering og installation:<\/strong>\n<ul>\n<li>Determine the appropriate installation location for the HROB type standard B cylinder based on your equipment or mechanical requirements.<\/li>\n<li>S\u00f8rg for, at monteringsfladen er ren, plan og i stand til at modst\u00e5 cylinderens v\u00e6gt og belastning.<\/li>\n<\/ul>\n<\/li>\n<li><strong>Tilslutning til hydraulisk system:<\/strong>\n<ul>\n<li>Tilslut den hydrauliske cylinder til det hydrauliske system ved hj\u00e6lp af en kompatibel hydraulisk slange eller et r\u00f8r.<\/li>\n<li>S\u00f8rg for korrekt justering og sikre forbindelser for at forhindre l\u00e6kager og optimere ydeevnen.<\/li>\n<\/ul>\n<\/li>\n<li><strong>Betjening af cylinderen:<\/strong>\n<ul>\n<li>The starting hydraulic system applies pressure to initiate the movement of the HROB standard B cylinder.<\/li>\n<li>The hydraulic control system is used to precisely control the cylinder extension, retraction and positioning to achieve efficient operation.<\/li>\n<\/ul>\n<\/li>\n<\/ol>\n<h2><strong>HROB Type Standard B Type Cirkul\u00e6r Hydraulisk Cylinder <\/strong><strong>Karakteristika<\/strong><strong>:<\/strong><\/h2>\n<ul>\n<li><strong>Robust konstruktion:<\/strong> HROB Type standard B cylinders are manufactured with high-quality materials to ensure durability and longevity in demanding industrial environments.<\/li>\n<li><strong>Pr\u00e6cision og kontrol:<\/strong> This hydraulic cylinder provides precise motion and positioning control, allowing for accurate and efficient operation.<\/li>\n<li><strong>Alsidige anvendelser:<\/strong> HROB standard Type B cylinders are suitable for manufacturing, construction, material handling and other industries.<\/li>\n<li><strong>Effektiv kraftoverf\u00f8rsel:<\/strong> The cylinders efficiently convert hydraulic energy into mechanical force, providing reliable and consistent power output.<\/li>\n<li><strong>Glat betjening:<\/strong> The HROB standard Type B cylinder ensures smooth and reliable operation and minimizes vibration and noise during hydraulic movement.<\/li>\n<\/ul>\n<h2><strong>Hvor sv\u00e6rt er det at renovere en hydraulisk cylinder?<\/strong><\/h2>\n<p>Genopbygning af en hydraulisk cylinder kan v\u00e6re en kompleks opgave, der kr\u00e6ver mekanisk viden, erfaring og det rigtige v\u00e6rkt\u00f8j. Sv\u00e6rhedsgraden i processen kan variere afh\u00e6ngigt af cylinderens specifikke design og tilstand. Her er nogle faktorer, du skal overveje:<\/p>\n<ol>\n<li><strong>Ekspertise og erfaring:<\/strong><br \/>\nGenopbygning af en hydraulisk cylinder kr\u00e6ver en god forst\u00e5else af dens komponenter, funktionalitet og samling. Processen kan v\u00e6re mere h\u00e5ndterbar, hvis du har erfaring med at arbejde med hydrauliske systemer eller tidligere har renoveret hydrauliske cylindre. Men hvis du er nybegynder inden for hydrauliske systemer, anbefales det at s\u00f8ge professionel hj\u00e6lp eller vejledning.<\/li>\n<li><strong>Cylinderdesign:<\/strong><br \/>\nKompleksiteten ved at genopbygge en hydraulisk cylinder kan afh\u00e6nge af dens design. Nogle cylindre har en mere ligetil konstruktion med f\u00e6rre interne komponenter, hvilket g\u00f8r dem relativt nemmere at genopbygge. Mere avancerede teknikker, s\u00e5som dem med flere trin eller integrerede funktioner, kan dog v\u00e6re mere komplicerede og udfordrende at adskille, forsegle og samle korrekt.<\/li>\n<li><strong>Cylinderens tilstand:<\/strong><br \/>\nDen hydrauliske cylinders generelle tilstand p\u00e5virker ogs\u00e5 genopbygningsprocessen. Hvis cylinderen har alvorlige skader, omfattende slid eller korrosion, kan det kr\u00e6ve yderligere reparationer eller udskiftning af dele, hvilket kan g\u00f8re genopbygningen mere kompleks. En vurdering af cylinderens tilstand p\u00e5 forh\u00e5nd vil hj\u00e6lpe med at bestemme det n\u00f8dvendige arbejde.<\/li>\n<li><strong>V\u00e6rkt\u00f8j og udstyr:<\/strong><br \/>\nGenopbygning af en hydraulisk cylinder kr\u00e6ver ofte specialv\u00e6rkt\u00f8j og -udstyr. Disse omfatter hydrauliske presser, v\u00e6rkt\u00f8j til montering af pakninger, l\u00e5seringst\u00e6nger og momentn\u00f8gler. Det er afg\u00f8rende for en vellykket genopbygning at have de n\u00f8dvendige v\u00e6rkt\u00f8jer og vide, hvordan man bruger dem korrekt.<\/li>\n<li><strong>Udskiftning og montering af pakning:<\/strong><br \/>\nEt af de kritiske trin i genopbygningen af \u200b\u200ben hydraulisk cylinder er udskiftning af pakningerne. Det er afg\u00f8rende at sikre korrekt valg og montering af pakninger for korrekt funktion og forebyggelse af l\u00e6kager. Det kr\u00e6ver pr\u00e6cision og sans for detaljer. Derudover er det afg\u00f8rende at samle cylinderkomponenterne i den korrekte r\u00e6kkef\u00f8lge og justering for optimal ydeevne.<\/li>\n<li><strong>Test og verifikation:<\/strong><br \/>\nEfter genopbygning af den hydrauliske cylinder er det vigtigt at udf\u00f8re grundige test for at sikre, at den fungerer som tilsigtet. Dette kan omfatte trykpr\u00f8vning, kontrol for l\u00e6kager og verifikation af cylinderens bev\u00e6gelsesomr\u00e5de og ydeevne. Korrekt test hj\u00e6lper med at identificere problemer og sikrer, at cylinderen er sikker og p\u00e5lidelig.<\/li>\n<\/ol>\n<h2><strong>Fabrikkens kapacitet og kapacitet:<\/strong><\/h2>\n<h3>(1) Samling<\/h3>\n<p>Vi har en f\u00f8rsteklasses uafh\u00e6ngig forsknings- og udviklingsplatform til montering. V\u00e6rkstedet for produktion af hydrauliske cylindre har fire halvautomatiske l\u00f8ftecylindermonteringslinjer og en automatisk vippecylindermonteringslinje med en designm\u00e6ssig \u00e5rlig produktionskapacitet p\u00e5 1 million enheder. Det specielle cylinderv\u00e6rksted er udstyret med forskellige specifikationer for et halvautomatisk reng\u00f8ringsmonteringssystem med en designm\u00e6ssig \u00e5rlig produktionskapacitet p\u00e5 200.000 og udstyret med ber\u00f8mt CNC-bearbejdningsudstyr, et bearbejdningscenter, et specialudstyr til h\u00f8jpr\u00e6cisionscylinderbearbejdning, en robotsvejsemaskine, en automatisk reng\u00f8ringsmaskine, en automatisk cylindermonteringsmaskine og en automatisk malingslinje. Eksisterende kritisk udstyr p\u00e5 mere end 300 s\u00e6t (s\u00e6t). Optimal allokering og effektiv udnyttelse af udstyrsressourcer sikrer produkternes n\u00f8jagtighedskrav og opfylder produkternes h\u00f8je kvalitetsbehov.<\/p>\n<p><img loading=\"lazy\" decoding=\"async\" class=\"alignnone wp-image-626\" src=\"https:\/\/hydraulic-cylinders.net\/wp-content\/uploads\/2023\/08\/hydraulic-cylinder-product-1-300x158.webp\" alt=\"\" width=\"495\" height=\"260\" srcset=\"https:\/\/hydraulic-cylinders.net\/wp-content\/uploads\/2023\/08\/hydraulic-cylinder-product-1-300x158.webp 495w, https:\/\/hydraulic-cylinders.net\/wp-content\/uploads\/2023\/08\/hydraulic-cylinder-product-1-480x252.webp 480w\" sizes=\"(min-width: 0px) and (max-width: 480px) 480px, (min-width: 481px) 495px, 100vw\" \/> <img loading=\"lazy\" decoding=\"async\" class=\"alignnone wp-image-627\" src=\"https:\/\/hydraulic-cylinders.net\/wp-content\/uploads\/2023\/08\/hydraulic-cylinder-product-2-300x189.webp\" alt=\"\" width=\"413\" height=\"260\" \/><\/p>\n<h3>(2) Maskinbearbejdning<\/h3>\n<p>Bearbejdningsv\u00e6rkstedet er udstyret med et specialfremstillet drejecenter til skr\u00e5 skinner, bearbejdningscenter, h\u00f8jhastigheds-honemaskine, svejserobot og andet relateret udstyr, der kan h\u00e5ndtere bearbejdning af cylinderr\u00f8r med en maksimal indre diameter p\u00e5 400 mm og en maksimal l\u00e6ngde p\u00e5 6 meter.<\/p>\n<p><img loading=\"lazy\" decoding=\"async\" class=\"alignnone wp-image-628 size-large\" src=\"https:\/\/hydraulic-cylinders.net\/wp-content\/uploads\/2023\/08\/hydraulic-cylinder-product-3-1024x391.webp\" alt=\"\" width=\"1024\" height=\"391\" srcset=\"https:\/\/hydraulic-cylinders.net\/wp-content\/uploads\/2023\/08\/hydraulic-cylinder-product-3-980x374.webp 980w, https:\/\/hydraulic-cylinders.net\/wp-content\/uploads\/2023\/08\/hydraulic-cylinder-product-3-480x183.webp 480w\" sizes=\"(min-width: 0px) and (max-width: 480px) 480px, (min-width: 481px) and (max-width: 980px) 980px, (min-width: 981px) 1024px, 100vw\" \/><\/p>\n<h3>(3) Svejsning<\/h3>\n<p><img loading=\"lazy\" decoding=\"async\" class=\"alignnone wp-image-629 size-large\" src=\"https:\/\/hydraulic-cylinders.net\/wp-content\/uploads\/2023\/08\/hydraulic-cylinder-product-4-1024x510.webp\" alt=\"\" width=\"1024\" height=\"510\" srcset=\"https:\/\/hydraulic-cylinders.net\/wp-content\/uploads\/2023\/08\/hydraulic-cylinder-product-4-980x488.webp 980w, https:\/\/hydraulic-cylinders.net\/wp-content\/uploads\/2023\/08\/hydraulic-cylinder-product-4-480x239.webp 480w\" sizes=\"(min-width: 0px) and (max-width: 480px) 480px, (min-width: 481px) and (max-width: 980px) 980px, (min-width: 981px) 1024px, 100vw\" \/><\/p>\n<h3>(4) Maling og overfladebehandling<\/h3>\n<p>Med sm\u00e5 og mellemstore cylindriske automatiske vandbaserede malingsbel\u00e6gningslinjer, for at opn\u00e5 automatisk robotp\u00e5fyldning og -afl\u00e6sning samt automatisk spr\u00f8jtning, er den designm\u00e6ssige kapacitet p\u00e5 4000 stykker pr. skift;<br \/>\nVi har ogs\u00e5 en halvautomatisk malingsproduktionslinje til store cylindre drevet af en kabelk\u00e6de med en designkapacitet p\u00e5 60 kasser pr. skift.<\/p>\n<p><img loading=\"lazy\" decoding=\"async\" class=\"alignnone wp-image-630\" src=\"https:\/\/hydraulic-cylinders.net\/wp-content\/uploads\/2023\/08\/hydraulic-cylinder-product-5-300x213.webp\" alt=\"\" width=\"366\" height=\"260\" \/> <img loading=\"lazy\" decoding=\"async\" class=\"alignnone wp-image-631\" src=\"https:\/\/hydraulic-cylinders.net\/wp-content\/uploads\/2023\/08\/hydraulic-cylinder-product-6-300x225.webp\" alt=\"\" width=\"347\" height=\"260\" \/><\/p>\n<h3>(5) Testning<\/h3>\n<p>Vi har f\u00f8rsteklasses inspektionsfaciliteter og testb\u00e6nke for at sikre, at cylinderens ydeevne opfylder kravene.<\/p>\n<p><img loading=\"lazy\" decoding=\"async\" class=\"alignnone wp-image-632\" src=\"https:\/\/hydraulic-cylinders.net\/wp-content\/uploads\/2023\/08\/hydraulic-cylinder-product-8-300x200.webp\" alt=\"\" width=\"389\" height=\"260\" \/><\/p>\n<p>&nbsp;<\/p>\n<p>&nbsp;<\/p>\n<p>Vi er en af \u200b\u200bde bedste producenter af metallurgiske hydrauliske cylindre. Vi kan tilbyde et omfattende lager af metallurgiske hydrauliske cylindre. Vi leverer ogs\u00e5 tilsvarende <a href=\"https:\/\/hzpt.com\/agricultural-pto-gearbox\/\" target=\"_blank\" rel=\"noopener\">landbrugsgearkasser<\/a>Vi har eksporteret vores produkter til kunder over hele verden og har opn\u00e5et et godt omd\u00f8mme p\u00e5 grund af vores overlegne produktkvalitet og eftersalgsservice. Vi byder kunder i ind- og udland velkommen til at kontakte os for at forhandle forretninger, udveksle information og <a href=\"https:\/\/www.hydraulic-cylinders.net\/da\/contact-us\/\">samarbejde med os<\/a>!<\/p>\n<h2><\/h2>","protected":false},"excerpt":{"rendered":"<p>HROB Type Standard B Type Circular Hydraulic Cylinder The HROB standard Type B circular hydraulic cylinder is a versatile and reliable hydraulic element that provides efficient power and precise control in various industrial applications. Using advanced technology and high-quality standards, this hydraulic cylinder offers superior performance and durability. Whether in manufacturing, construction, or material handling, [&hellip;]<\/p>","protected":false},"featured_media":1259,"comment_status":"open","ping_status":"closed","template":"","meta":{"_et_pb_use_builder":"","_et_pb_old_content":"","_et_gb_content_width":""},"product_brand":[],"product_cat":[1526,1550,1376],"product_tag":[1380],"class_list":{"0":"post-1238","1":"product","2":"type-product","3":"status-publish","4":"has-post-thumbnail","6":"product_cat-assembly-line-hydraulic-cylinders","7":"product_cat-double-acting-hydraulic-cylinder","8":"product_cat-hydraulic-cylinder","9":"product_tag-hydraulic-cylinder","11":"first","12":"instock","13":"shipping-taxable","14":"product-type-simple"},"amp_enabled":true,"_links":{"self":[{"href":"https:\/\/www.hydraulic-cylinders.net\/da\/wp-json\/wp\/v2\/product\/1238","targetHints":{"allow":["GET"]}}],"collection":[{"href":"https:\/\/www.hydraulic-cylinders.net\/da\/wp-json\/wp\/v2\/product"}],"about":[{"href":"https:\/\/www.hydraulic-cylinders.net\/da\/wp-json\/wp\/v2\/types\/product"}],"replies":[{"embeddable":true,"href":"https:\/\/www.hydraulic-cylinders.net\/da\/wp-json\/wp\/v2\/comments?post=1238"}],"wp:featuredmedia":[{"embeddable":true,"href":"https:\/\/www.hydraulic-cylinders.net\/da\/wp-json\/wp\/v2\/media\/1259"}],"wp:attachment":[{"href":"https:\/\/www.hydraulic-cylinders.net\/da\/wp-json\/wp\/v2\/media?parent=1238"}],"wp:term":[{"taxonomy":"product_brand","embeddable":true,"href":"https:\/\/www.hydraulic-cylinders.net\/da\/wp-json\/wp\/v2\/product_brand?post=1238"},{"taxonomy":"product_cat","embeddable":true,"href":"https:\/\/www.hydraulic-cylinders.net\/da\/wp-json\/wp\/v2\/product_cat?post=1238"},{"taxonomy":"product_tag","embeddable":true,"href":"https:\/\/www.hydraulic-cylinders.net\/da\/wp-json\/wp\/v2\/product_tag?post=1238"}],"curies":[{"name":"wp","href":"https:\/\/api.w.org\/{rel}","templated":true}]}}