{"id":1420,"date":"2023-09-18T08:30:35","date_gmt":"2023-09-18T08:30:35","guid":{"rendered":"https:\/\/hydraulic-cylinders.net\/?post_type=product&#038;p=1420"},"modified":"2025-04-11T02:57:08","modified_gmt":"2025-04-11T02:57:08","slug":"32-mdc-series-compact-mold-cylinder","status":"publish","type":"product","link":"https:\/\/www.hydraulic-cylinders.net\/da\/vare\/32-mdc-series-compact-mold-cylinder\/","title":{"rendered":"32 MDC-seriens kompakte st\u00f8becylinder"},"content":{"rendered":"<h1 style=\"text-align: center;\"><strong>32 MDC-seriens kompakte st\u00f8becylinder<\/strong><\/h1>\n<p>32 MDC-seriens kompakte st\u00f8becylinder er en effektiv og alsidig hydraulisk cylinder, der er specielt designet til st\u00f8beapplikationer. Med sit kompakte design, overlegne ydeevne og holdbare konstruktion giver denne cylinder p\u00e5lidelig og pr\u00e6cis drift i forskellige industrielle milj\u00f8er. Uanset om den bruges i spr\u00f8jtest\u00f8bemaskiner, st\u00f8beudstyr eller andre st\u00f8berelaterede applikationer, leverer 32 MDC-seriens kompakte st\u00f8becylinder enest\u00e5ende funktionalitet og produktivitet.<\/p>\n<p>\u00b7 MDC er en kompakt hydraulisk cylinder (cx) med en el-boks og stempelstang til pr\u00e6cist at styre formens neutronposition.<br \/>\n\u00b7 Hydraulisk cylinder egnet til brug i plastforme.<\/p>\n<p><img loading=\"lazy\" decoding=\"async\" class=\"wp-image-323230 aligncenter\" src=\"https:\/\/hzpt.com\/wp-content\/uploads\/2023\/09\/mdc-compact-hydraulic-cylinder-7.webp\" alt=\"\" width=\"400\" height=\"400\" \/><\/p>\n<h2><strong>Beskrivelse af kompakt cylindermodel:<\/strong><\/h2>\n<p><img loading=\"lazy\" decoding=\"async\" class=\"alignnone size-full wp-image-323234\" src=\"https:\/\/hzpt.com\/wp-content\/uploads\/2023\/09\/mdc-compact-hydraulic-cylinder-2.webp\" alt=\"\" width=\"966\" height=\"882\" \/><\/p>\n<h2><strong>Kompakt formcylinders karakteristiske data:<\/strong><\/h2>\n<p><img loading=\"lazy\" decoding=\"async\" class=\"alignnone size-full wp-image-323236\" src=\"https:\/\/hzpt.com\/wp-content\/uploads\/2023\/09\/mdc-compact-hydraulic-cylinder-3-1.webp\" alt=\"\" width=\"899\" height=\"262\" \/><\/p>\n<h2><strong>Strukturdiagram for kompakt formcylinder:<\/strong><\/h2>\n<p><img loading=\"lazy\" decoding=\"async\" class=\"alignnone size-full wp-image-323250\" src=\"https:\/\/hzpt.com\/wp-content\/uploads\/2023\/09\/mdc-compact-hydraulic-cylinder-4-1.webp\" alt=\"\" width=\"737\" height=\"808\" \/><\/p>\n<h2><strong>St\u00f8rrelsesdiagram for stempelstangforbindelse:<\/strong><\/h2>\n<p><img loading=\"lazy\" decoding=\"async\" class=\"alignnone size-large wp-image-323239\" src=\"https:\/\/hzpt.com\/wp-content\/uploads\/2023\/09\/mdc-compact-hydraulic-cylinder-5-787x1024.webp\" alt=\"\" width=\"787\" height=\"1024\" \/><\/p>\n<h2><strong>El-boksens sp\u00e6ndeposition, olieportens position og fordelingsudtagsposition:<\/strong><\/h2>\n<p><img loading=\"lazy\" decoding=\"async\" class=\"alignnone size-large wp-image-323241\" src=\"https:\/\/hzpt.com\/wp-content\/uploads\/2023\/09\/mdc-compact-hydraulic-cylinder-6-616x1024.webp\" alt=\"\" width=\"616\" height=\"1024\" \/><\/p>\n<h2><strong>32 MDC-seriens kompakte st\u00f8becylinderparameter:<\/strong><\/h2>\n<p><img loading=\"lazy\" decoding=\"async\" class=\"alignnone size-large wp-image-323240\" src=\"https:\/\/hzpt.com\/wp-content\/uploads\/2023\/09\/mdc-compact-hydraulic-cylinder-7-1-903x1024.webp\" alt=\"\" width=\"903\" height=\"1024\" \/><\/p>\n<h2><strong>N\u00f8glefunktioner og fordele ved 32 MDC-seriens kompakte st\u00f8becylinder:<\/strong><\/h2>\n<ol>\n<li><strong>Kompakt design:<\/strong>\n<ul>\n<li>De 32 MDC-serie kompakte st\u00f8becylindere har et kompakt design, der nemt kan integreres i trange rum og st\u00f8beapplikationer med begr\u00e6nset frih\u00f8jde.<\/li>\n<li>Det pladsbesparende design sikrer optimal udnyttelse af den tilg\u00e6ngelige arbejdsplads, samtidig med at den h\u00f8je ydeevne opretholdes.<\/li>\n<\/ul>\n<\/li>\n<li><strong>H\u00f8j pr\u00e6cision og n\u00f8jagtighed:<\/strong>\n<ul>\n<li>Cylinderen er designet til at give pr\u00e6cis og n\u00f8jagtig bev\u00e6gelse, hvilket sikrer ensartede og gentagelige resultater i formdriften.<\/li>\n<li>Det giver fremragende kontrol over formens \u00e5bnings-, lukning- og fastsp\u00e6ndingsfunktioner, hvilket muligg\u00f8r produktion af h\u00f8j kvalitet.<\/li>\n<\/ul>\n<\/li>\n<li><strong>Robust konstruktion:<\/strong>\n<ul>\n<li>De 32 MDC-serie kompakte st\u00f8becylindere er fremstillet af materialer og komponenter af h\u00f8j kvalitet, der modst\u00e5r kr\u00e6vende driftsforhold.<\/li>\n<li>Den har fremragende holdbarhed, slidstyrke og forl\u00e6nget levetid, hvilket minimerer nedetid og vedligeholdelsesomkostninger.<\/li>\n<\/ul>\n<\/li>\n<li><strong>Hurtig responstid:<\/strong>\n<ul>\n<li>Med sit effektive hydrauliske system og optimerede design giver cylinderen hurtige responstider og reducerer cyklustiderne for st\u00f8beformoperationer.<\/li>\n<li>Hurtig reaktion kan forbedre produktiviteten og \u00f8ge outputtet.<\/li>\n<\/ul>\n<\/li>\n<\/ol>\n<h2><strong>Hvordan adskiller man en hydraulisk cylinder?<\/strong><\/h2>\n<p>For at adskille en hydraulisk cylinder skal du f\u00f8lge disse generelle trin:<\/p>\n<ol>\n<li><strong>Sikkerhedsforanstaltninger:<\/strong>\n<ul>\n<li>F\u00f8r start skal det sikres, at det hydrauliske system er trykl\u00f8st, og at str\u00f8mkilden er frakoblet.<\/li>\n<li>Brug passende personlige v\u00e6rnemidler, s\u00e5som handsker og sikkerhedsbriller, for at beskytte dig selv mod potentielle farer.<\/li>\n<\/ul>\n<\/li>\n<li><strong>Positionering og st\u00f8tte:<\/strong>\n<ul>\n<li>Placer den hydrauliske cylinder p\u00e5 en stabil arbejdsflade, og s\u00f8rg for, at den er tilstr\u00e6kkeligt underst\u00f8ttet for at forhindre utilsigtet bev\u00e6gelse eller beskadigelse.<\/li>\n<\/ul>\n<\/li>\n<li><strong>Fjern eksterne komponenter:<\/strong>\n<ul>\n<li>Frakobl alle eksterne komponenter, der er fastgjort til cylinderen, s\u00e5som slanger, fittings eller monteringsbeslag.<\/li>\n<li>Brug egnede v\u00e6rkt\u00f8jer, s\u00e5som skruen\u00f8gler eller t\u00e6nger, til forsigtigt at l\u00f8sne og fjerne disse komponenter.<\/li>\n<\/ul>\n<\/li>\n<li><strong>Aftapning af hydraulisk v\u00e6ske:<\/strong>\n<ul>\n<li>Find aftapningsproppen eller ventilen p\u00e5 cylinderen, og fjern den, s\u00e5 hydraulikv\u00e6sken kan l\u00f8be ud i en passende beholder.<\/li>\n<li>Placer cylinderen p\u00e5 en m\u00e5de, der muligg\u00f8r fuldst\u00e6ndig dr\u00e6ning.<\/li>\n<\/ul>\n<\/li>\n<li><strong>Afmonter endekapper:<\/strong>\n<ul>\n<li>Identific\u00e9r endekapperne p\u00e5 den hydrauliske cylinder. De er normalt placeret i hver ende af cylindercylinderen.<\/li>\n<li>Fjern bolte, skruer eller fastg\u00f8relseselementer, og fastg\u00f8r endekapperne med det relevante v\u00e6rkt\u00f8j.<\/li>\n<li>Bank om n\u00f8dvendigt forsigtigt p\u00e5 endekapperne med en gummihammer for at bryde enhver forsegling eller kl\u00e6bemiddelforbindelse.<\/li>\n<\/ul>\n<\/li>\n<li><strong>Separate cylinderkomponenter:<\/strong>\n<ul>\n<li>N\u00e5r ended\u00e6kslerne er fjernet, skubbes stemplet og stempelstangen forsigtigt ud af cylindercylinderen.<\/li>\n<li>V\u00e6r opm\u00e6rksom p\u00e5 eventuelle pakninger, lejer eller b\u00f8sninger, og fjern dem efter behov.<\/li>\n<li>V\u00e6r opm\u00e6rksom p\u00e5 r\u00e6kkef\u00f8lgen og retningen af \u200b\u200bkomponenterne for at lette genmonteringen.<\/li>\n<\/ul>\n<\/li>\n<li><strong>Inspicer og reng\u00f8r komponenter:<\/strong>\n<ul>\n<li>Unders\u00f8g hver adskilt komponent for tegn p\u00e5 slid, skader eller kontaminering.<\/li>\n<li>Reng\u00f8r alle komponenter med et passende opl\u00f8sningsmiddel eller reng\u00f8ringsmiddel for at fjerne snavs, affald eller gammelt sm\u00f8remiddel.<\/li>\n<li>Brug en bl\u00f8d klud eller b\u00f8rste til forsigtigt at reng\u00f8re overfladerne uden at for\u00e5rsage skader.<\/li>\n<\/ul>\n<\/li>\n<li><strong>Udskift eller reparer komponenter:<\/strong>\n<ul>\n<li>Hvis nogen komponenter viser betydelig slitage eller skader, b\u00f8r de udskiftes med nye.<\/li>\n<li>Repar\u00e9r eller renov\u00e9r komponenter, f.eks. udskiftning af pakninger eller renovering af stempelstangen.<\/li>\n<\/ul>\n<\/li>\n<li><strong>Genmontering:<\/strong>\n<ul>\n<li>F\u00f8lg den omvendte r\u00e6kkef\u00f8lge af demonteringen for at samle den hydrauliske cylinder igen, og s\u00f8rg for korrekt justering og retning af komponenterne.<\/li>\n<li>Sm\u00f8r de relevante dele med den anbefalede hydrauliske v\u00e6ske eller sm\u00f8remiddel under genmontering.<\/li>\n<li>Sp\u00e6nd alle fastg\u00f8relseselementer i henhold til producentens specifikationer, brug om n\u00f8dvendigt en momentn\u00f8gle.<\/li>\n<\/ul>\n<\/li>\n<li><strong>Test og inspektion:<\/strong><\/li>\n<\/ol>\n<ul>\n<li>N\u00e5r den er samlet igen, skal du udf\u00f8re en grundig inspektion for at sikre, at alle komponenter er korrekt justeret og fastgjort.<\/li>\n<li>Test den hydrauliske cylinder p\u00e5 en kontrolleret m\u00e5de for at verificere dens funktionalitet og kontrollere for eventuelle l\u00e6kager eller unormal drift.<\/li>\n<\/ul>\n<h2><strong>Fabrikkens kapacitet og kapacitet:<\/strong><\/h2>\n<h3>(1) Samling<\/h3>\n<p>Vi har en f\u00f8rsteklasses uafh\u00e6ngig forsknings- og udviklingsplatform til montering. V\u00e6rkstedet for produktion af hydrauliske cylindre har fire halvautomatiske l\u00f8ftecylindermonteringslinjer og en automatisk vippecylindermonteringslinje med en designm\u00e6ssig \u00e5rlig produktionskapacitet p\u00e5 1 million enheder. Det specielle cylinderv\u00e6rksted er udstyret med forskellige specifikationer for et halvautomatisk reng\u00f8ringsmonteringssystem med en designm\u00e6ssig \u00e5rlig produktionskapacitet p\u00e5 200.000 og udstyret med ber\u00f8mt CNC-bearbejdningsudstyr, et bearbejdningscenter, et specialudstyr til h\u00f8jpr\u00e6cisionscylinderbearbejdning, en robotsvejsemaskine, en automatisk reng\u00f8ringsmaskine, en automatisk cylindermonteringsmaskine og en automatisk malingslinje. Eksisterende kritisk udstyr p\u00e5 mere end 300 s\u00e6t (s\u00e6t). Optimal allokering og effektiv udnyttelse af udstyrsressourcer sikrer produkternes n\u00f8jagtighedskrav og opfylder produkternes h\u00f8je kvalitetsbehov.<\/p>\n<p><img loading=\"lazy\" decoding=\"async\" class=\"alignnone wp-image-626\" src=\"https:\/\/hydraulic-cylinders.net\/wp-content\/uploads\/2023\/08\/hydraulic-cylinder-product-1-300x158.webp\" alt=\"\" width=\"495\" height=\"260\" srcset=\"https:\/\/hydraulic-cylinders.net\/wp-content\/uploads\/2023\/08\/hydraulic-cylinder-product-1-300x158.webp 495w, https:\/\/hydraulic-cylinders.net\/wp-content\/uploads\/2023\/08\/hydraulic-cylinder-product-1-480x252.webp 480w\" sizes=\"(min-width: 0px) and (max-width: 480px) 480px, (min-width: 481px) 495px, 100vw\" \/> <img loading=\"lazy\" decoding=\"async\" class=\"alignnone wp-image-627\" src=\"https:\/\/hydraulic-cylinders.net\/wp-content\/uploads\/2023\/08\/hydraulic-cylinder-product-2-300x189.webp\" alt=\"\" width=\"413\" height=\"260\" \/><\/p>\n<h3>(2) Maskinbearbejdning<\/h3>\n<p>Bearbejdningsv\u00e6rkstedet er udstyret med et specialfremstillet drejecenter til skr\u00e5 skinner, bearbejdningscenter, h\u00f8jhastigheds-honemaskine, svejserobot og andet relateret udstyr, der kan h\u00e5ndtere bearbejdning af cylinderr\u00f8r med en maksimal indre diameter p\u00e5 400 mm og en maksimal l\u00e6ngde p\u00e5 6 meter.<\/p>\n<p><img loading=\"lazy\" decoding=\"async\" class=\"alignnone wp-image-628 size-large\" src=\"https:\/\/hydraulic-cylinders.net\/wp-content\/uploads\/2023\/08\/hydraulic-cylinder-product-3-1024x391.webp\" alt=\"\" width=\"1024\" height=\"391\" srcset=\"https:\/\/hydraulic-cylinders.net\/wp-content\/uploads\/2023\/08\/hydraulic-cylinder-product-3-980x374.webp 980w, https:\/\/hydraulic-cylinders.net\/wp-content\/uploads\/2023\/08\/hydraulic-cylinder-product-3-480x183.webp 480w\" sizes=\"(min-width: 0px) and (max-width: 480px) 480px, (min-width: 481px) and (max-width: 980px) 980px, (min-width: 981px) 1024px, 100vw\" \/><\/p>\n<h3>(3) Svejsning<\/h3>\n<p><img loading=\"lazy\" decoding=\"async\" class=\"alignnone wp-image-629 size-large\" src=\"https:\/\/hydraulic-cylinders.net\/wp-content\/uploads\/2023\/08\/hydraulic-cylinder-product-4-1024x510.webp\" alt=\"\" width=\"1024\" height=\"510\" srcset=\"https:\/\/hydraulic-cylinders.net\/wp-content\/uploads\/2023\/08\/hydraulic-cylinder-product-4-980x488.webp 980w, https:\/\/hydraulic-cylinders.net\/wp-content\/uploads\/2023\/08\/hydraulic-cylinder-product-4-480x239.webp 480w\" sizes=\"(min-width: 0px) and (max-width: 480px) 480px, (min-width: 481px) and (max-width: 980px) 980px, (min-width: 981px) 1024px, 100vw\" \/><\/p>\n<h3>(4) Maling og overfladebehandling<\/h3>\n<p>Med sm\u00e5 og mellemstore cylindriske automatiske vandbaserede malingsbel\u00e6gningslinjer, for at opn\u00e5 automatisk robotp\u00e5fyldning og -afl\u00e6sning samt automatisk spr\u00f8jtning, er den designm\u00e6ssige kapacitet p\u00e5 4000 stykker pr. skift;<br \/>\nVi har ogs\u00e5 en halvautomatisk malingsproduktionslinje til store cylindre drevet af en kabelk\u00e6de med en designkapacitet p\u00e5 60 kasser pr. skift.<\/p>\n<p><img loading=\"lazy\" decoding=\"async\" class=\"alignnone wp-image-630\" src=\"https:\/\/hydraulic-cylinders.net\/wp-content\/uploads\/2023\/08\/hydraulic-cylinder-product-5-300x213.webp\" alt=\"\" width=\"366\" height=\"260\" \/> <img loading=\"lazy\" decoding=\"async\" class=\"alignnone wp-image-631\" src=\"https:\/\/hydraulic-cylinders.net\/wp-content\/uploads\/2023\/08\/hydraulic-cylinder-product-6-300x225.webp\" alt=\"\" width=\"347\" height=\"260\" \/><\/p>\n<h3>(5) Testning<\/h3>\n<p>Vi har f\u00f8rsteklasses inspektionsfaciliteter og testb\u00e6nke for at sikre, at cylinderens ydeevne opfylder kravene.<\/p>\n<p><img loading=\"lazy\" decoding=\"async\" class=\"alignnone wp-image-632\" src=\"https:\/\/hydraulic-cylinders.net\/wp-content\/uploads\/2023\/08\/hydraulic-cylinder-product-8-300x200.webp\" alt=\"\" width=\"389\" height=\"260\" \/><\/p>\n<p>&nbsp;<\/p>\n<p>&nbsp;<\/p>\n<p>Vi er en af \u200b\u200bde bedste producenter af kompakte hydrauliske cylindre. Vi kan tilbyde et omfattende lager af kompakte hydrauliske cylindre. Vi leverer ogs\u00e5 tilsvarende <a href=\"https:\/\/hzpt.com\/agricultural-pto-gearbox\/\" target=\"_blank\" rel=\"noopener\">landbrugsgearkasser<\/a>Vi har eksporteret vores produkter til kunder over hele verden og har opn\u00e5et et godt omd\u00f8mme p\u00e5 grund af vores overlegne produktkvalitet og eftersalgsservice. Vi byder kunder i ind- og udland velkommen til at kontakte os for at forhandle forretninger, udveksle information og <a href=\"https:\/\/www.hydraulic-cylinders.net\/da\/contact-us\/\">samarbejde med os<\/a>!<\/p>\n<h2><\/h2>","protected":false},"excerpt":{"rendered":"<p>32 MDC Series Compact Mold Cylinder The 32 MDC Series compact mold cylinder is an efficient and versatile hydraulic cylinder designed specifically for die applications. With its compact design, superior performance, and durable construction, this cylinder provides reliable and precise operation in various industrial environments. Whether used in injection molding machines, die-casting equipment, or other [&hellip;]<\/p>","protected":false},"featured_media":1421,"comment_status":"open","ping_status":"closed","template":"","meta":{"_et_pb_use_builder":"","_et_pb_old_content":"","_et_gb_content_width":""},"product_brand":[],"product_cat":[1523,1549,1376],"product_tag":[1380],"class_list":{"0":"post-1420","1":"product","2":"type-product","3":"status-publish","4":"has-post-thumbnail","6":"product_cat-injection-molding-hydraulic-cylinders","7":"product_cat-single-acting-hydraulic-cylinder","8":"product_cat-hydraulic-cylinder","9":"product_tag-hydraulic-cylinder","11":"first","12":"instock","13":"shipping-taxable","14":"product-type-simple"},"amp_enabled":true,"_links":{"self":[{"href":"https:\/\/www.hydraulic-cylinders.net\/da\/wp-json\/wp\/v2\/product\/1420","targetHints":{"allow":["GET"]}}],"collection":[{"href":"https:\/\/www.hydraulic-cylinders.net\/da\/wp-json\/wp\/v2\/product"}],"about":[{"href":"https:\/\/www.hydraulic-cylinders.net\/da\/wp-json\/wp\/v2\/types\/product"}],"replies":[{"embeddable":true,"href":"https:\/\/www.hydraulic-cylinders.net\/da\/wp-json\/wp\/v2\/comments?post=1420"}],"wp:featuredmedia":[{"embeddable":true,"href":"https:\/\/www.hydraulic-cylinders.net\/da\/wp-json\/wp\/v2\/media\/1421"}],"wp:attachment":[{"href":"https:\/\/www.hydraulic-cylinders.net\/da\/wp-json\/wp\/v2\/media?parent=1420"}],"wp:term":[{"taxonomy":"product_brand","embeddable":true,"href":"https:\/\/www.hydraulic-cylinders.net\/da\/wp-json\/wp\/v2\/product_brand?post=1420"},{"taxonomy":"product_cat","embeddable":true,"href":"https:\/\/www.hydraulic-cylinders.net\/da\/wp-json\/wp\/v2\/product_cat?post=1420"},{"taxonomy":"product_tag","embeddable":true,"href":"https:\/\/www.hydraulic-cylinders.net\/da\/wp-json\/wp\/v2\/product_tag?post=1420"}],"curies":[{"name":"wp","href":"https:\/\/api.w.org\/{rel}","templated":true}]}}