{"id":14491,"date":"2024-12-12T08:48:26","date_gmt":"2024-12-12T08:48:26","guid":{"rendered":"https:\/\/www.hydraulic-cylinders.net\/product\/replacement-of-an302777-cylinder\/"},"modified":"2024-12-12T08:48:28","modified_gmt":"2024-12-12T08:48:28","slug":"replacement-of-an302777-cylinder","status":"publish","type":"product","link":"https:\/\/www.hydraulic-cylinders.net\/da\/vare\/replacement-of-an302777-cylinder\/","title":{"rendered":"Udskiftning af AN302777 cylinder"},"content":{"rendered":"<h2>Udskiftning af AN302777 cylinder<\/h2>\n<p>Udskiftningscylinderen AN302777 er en hydraulisk cylinder, der bruges i forskellige maskinmodeller s\u00e5som 40I, 50I og 5430I. Denne cylinder spiller en afg\u00f8rende rolle for, at det udstyr, den bruges i, fungerer korrekt.<\/p>\n<h3>Specifikationer og modeller<\/h3>\n<p>Udskiftningen af \u200b\u200bAN302777 cylinderen leveres med f\u00f8lgende specifikationer:<\/p>\n<ul>\n<li>Model: 40I, 50I, 5430I<\/li>\n<\/ul>\n<h3>Funktioner<\/h3>\n<p>Udskiftningen af \u200b\u200bAN302777-cylinderen tilbyder flere n\u00f8glefunktioner:<\/p>\n<ol>\n<li>Forbedret udstyrsydelse: Udskiftning af beskadigede eller slidte hydrauliske cylindre kan genoprette udstyrets normale driftsevne og sikre optimal ydeevne i forskellige anvendelser.<\/li>\n<li>Forbedret sikkerhed: Regelm\u00e6ssig udskiftning af hydrauliske cylindre reducerer sikkerhedsrisici for\u00e5rsaget af cylinderfejl og sikrer dermed operat\u00f8rers og udstyrs sikkerhed.<\/li>\n<li>Overbelastningsbeskyttelse: Nye cylinderdesigns har ofte bedre overbelastningsbeskyttelsesmekanismer, hvilket forbedrer sikkerheden.<\/li>\n<li>Hurtig installation: Moderne hydrauliske cylindre er designet til nem installation og udskiftning, hvilket minimerer nedetid.<\/li>\n<li>Standardiserede komponenter: Mange hydrauliske cylindre er standardiserede, hvilket g\u00f8r det nemmere at f\u00e5 fat i reservedele p\u00e5 markedet.<\/li>\n<\/ol>\n<p>Vores virksomhed har specialiseret sig i produktionen af \u200b\u200bdette produkt og tilbyder perfekte udskiftninger til disse hydrauliske cylindre.<\/p>\n<h3>Applikationer<\/h3>\n<p>Udskiftning af AN302777 cylinder bruges almindeligvis i forskellige applikationer, herunder:<\/p>\n<ol>\n<li>Gravemaskiner: Hydrauliske cylindre p\u00e5 gravemaskinens arme eller skovle kan blive beskadiget p\u00e5 grund af langvarig brug eller overbelastning, hvilket kr\u00e6ver udskiftning for at genoprette normal drift.<\/li>\n<li>Kraner: Hydrauliske cylindre i kranbomarme er tilb\u00f8jelige til at blive slidt under hyppige l\u00f8fte- og s\u00e6nkningsprocesser, hvilket n\u00f8dvendigg\u00f8r regelm\u00e6ssig udskiftning af sikkerhedsm\u00e6ssige \u00e5rsager.<\/li>\n<li>Traktorer: Hydrauliske cylindre p\u00e5 frontl\u00e6ssere p\u00e5 traktorer kan opleve l\u00e6kager eller forringelse af ydeevnen under kontinuerlig l\u00f8fte- og vippeoperationer, hvilket kan kr\u00e6ve udskiftning.<\/li>\n<li>H\u00f8stmaskiner: Hydrauliske systemer i h\u00f8stmaskiner uds\u00e6ttes for h\u00f8jt tryk under h\u00f8stprocessen, og cylindre kan blive beskadiget p\u00e5 grund af tr\u00e6thed, hvilket n\u00f8dvendigg\u00f8r rettidig udskiftning for at opretholde arbejdseffektiviteten.<\/li>\n<li>Automatiserede produktionslinjer: Hydrauliske cylindre bruges til at styre robotarme og andet automatiseret udstyr. Cylinderfejl kan have betydelig indflydelse p\u00e5 produktionseffektiviteten og kr\u00e6ve \u00f8jeblikkelig udskiftning.<\/li>\n<li>Trykst\u00f8bemaskiner: Hydraulikcylindre i trykst\u00f8bemaskiner kan opleve forringelse af ydeevnen under h\u00f8jtryks- og temperaturforhold. Regelm\u00e6ssig udskiftning sikrer produktkvaliteten.<\/li>\n<li>Mineudstyr: Hydrauliske cylindre bruges til at l\u00f8fte og flytte tunge belastninger i mineudstyr. P\u00e5 grund af barske arbejdsforhold er regelm\u00e6ssig inspektion og udskiftning n\u00f8dvendig for at undg\u00e5 udstyrsfejl.<\/li>\n<li>Bulldozere: Slid p\u00e5 hydrauliske cylindre i bulldozerbladarme kan resultere i nedsat skubbekapacitet. Rettidig udskiftning er n\u00f8dvendig for at opretholde driftseffektiviteten.<\/li>\n<\/ol>\n<h3>Vedligeholdelsesopgaver<\/h3>\n<p>Regelm\u00e6ssige vedligeholdelsesopgaver til udskiftning af AN302777-cylinderen omfatter:<\/p>\n<ol>\n<li>Periodiske inspektioner: Inspicer regelm\u00e6ssigt cylinderen for tegn p\u00e5 skader eller slid.<\/li>\n<li>Korrekt sm\u00f8ring: S\u00f8rg for korrekt sm\u00f8ring af cylinderen med den anbefalede hydraulikolie.<\/li>\n<li>Udskiftning af pakninger og kalibreringskontroller: Udskift slidte pakninger og udf\u00f8r kalibreringskontroller for at opretholde optimal ydeevne.<\/li>\n<\/ol>\n<p>Korrekt installation, sm\u00f8ring og justering er afg\u00f8rende for den hydrauliske cylinders levetid. Under installationen skal du s\u00f8rge for korrekt justeringsvejledning og anbefale brug af passende monteringsbeslag til at fastg\u00f8re cylinderen. Vi tilbyder ogs\u00e5 inspektion, reparation og udskiftningsprocedurer samt ombygningstjenester for at forl\u00e6nge cylinderens levetid.<\/p>\n<h3>Sikkerhedshensyn og milj\u00f8faktorer<\/h3>\n<p>N\u00e5r man bruger udskiftningscylinderen AN302777, er det vigtigt at f\u00f8lge sikkerhedsforanstaltninger og tage hensyn til milj\u00f8faktorer. Brug af korrekte sikkerhedsforanstaltninger under h\u00e5ndtering af hydrauliske cylindre sikrer operat\u00f8rernes velbefindende og forhindrer ulykker. Derudover hj\u00e6lper overholdelse af milj\u00f8forskrifter ved bortskaffelse af gamle cylindre med at beskytte milj\u00f8et.<\/p>\n<h3>Fejlfinding og almindelige problemer<\/h3>\n<p>N\u00e5r du st\u00f8der p\u00e5 problemer med udskiftning af AN302777-cylinderen, kan f\u00f8lgende fejlfindingstrin v\u00e6re nyttige:<\/p>\n<ol>\n<li>Problem 1: Cylinderl\u00e6kage<\/li>\n<p>Mulig l\u00f8sning: Kontroller pakningerne for skader, og udskift dem om n\u00f8dvendigt. S\u00f8rg for korrekt sm\u00f8ring og kalibrering.<\/p>\n<li>Problem 2: Cylinderen sidder fast eller rykker<\/li>\n<p>Mulig l\u00f8sning: Unders\u00f8g hydraulikv\u00e6sken for forurenende stoffer, og udskift den om n\u00f8dvendigt. Kontroller for sk\u00e6v justering eller beskadigede komponenter.<\/p>\n<li>Problem 3: Cylinderen k\u00f8rer langsomt<\/li>\n<p>Mulig l\u00f8sning: Kontroller hydraulikv\u00e6skens niveau og tilstand. Kontroller for tilstoppede eller begr\u00e6nsede hydraulikledninger.<\/p>\n<\/ol>\n<p>Ved at give tips til fejlfinding og probleml\u00f8sningsmetoder hj\u00e6lper du l\u00e6serne med effektivt at diagnosticere og l\u00f8se problemer. Ved at tilbyde forebyggende foranstaltninger kan potentielle problemer minimeres og dermed sikres problemfri drift.<\/p>\n<p><img decoding=\"async\" src=\"https:\/\/www.hydraulic-cylinders.net\/wp-content\/uploads\/2024\/12\/Replacement-Of-John-Deere-Hydraulic-Cylinder-7.webp\" alt=\"Billede af hydraulisk cylinder\"\/><\/p>\n<h3>Designovervejelser og udv\u00e6lgelseskriterier<\/h3>\n<p>N\u00e5r man overvejer designet til udskiftningen af \u200b\u200bAN302777-cylinderen, skal flere faktorer tages i betragtning:<\/p>\n<ol>\n<li>B\u00e6reevne: Cylinderen skal v\u00e6re konstrueret til at h\u00e5ndtere udstyrets specifikke belastningskrav.<\/li>\n<li>T\u00e6tning: Forskellige t\u00e6tningskomponenter, s\u00e5som stempelt\u00e6tninger og stangt\u00e6tninger, b\u00f8r anvendes for at sikre korrekt t\u00e6tning. Holdbare materialer som polyurethan og nitrilgummi kan v\u00e6lges til t\u00e6tninger.<\/li>\n<li>Holdbarhed: Cylinderhuset og gevindfladerne b\u00f8r gennemg\u00e5 en finbehandling for at forbedre slidstyrken.<\/li>\n<li>Sikkerhed: Design med sikkerhedsfunktioner, s\u00e5som overbelastningsbeskyttelsesmekanismer, kan forbedre cylinderens sikkerhed.<\/li>\n<li>Vedligeholdelsesvenlighed: Der b\u00f8r tages hensyn til nem installation, sm\u00f8ring og justering for at lette vedligeholdelsen.<\/li>\n<\/ol>\n<h3>T\u00e6tning og sm\u00f8ring<\/h3>\n<p>Udskiftningen af \u200b\u200bAN302777-cylinderen omfatter forskellige t\u00e6tningsforanstaltninger for at sikre optimal ydeevne. Disse omfatter brug af stempelt\u00e6tninger, stangt\u00e6tninger og andre n\u00f8dvendige t\u00e6tningskomponenter. T\u00e6tningerne er lavet af slidst\u00e6rke materialer s\u00e5som polyurethan og nitrilgummi. Cylinderhuset og gevindfladerne er fint behandlet for at forbedre slidstyrken. Regelm\u00e6ssig sm\u00f8ring med den passende m\u00e6ngde hydraulikolie er afg\u00f8rende for korrekt funktion.<\/p>\n<h3>Regelm\u00e6ssig inspektion og forebyggende vedligeholdelse<\/h3>\n<p>Regelm\u00e6ssig inspektion og forebyggende vedligeholdelsesforanstaltninger til udskiftning af AN302777-cylinderen omfatter:<\/p>\n<ol>\n<li>Periodiske inspektioner: Inspicer regelm\u00e6ssigt cylinderen for tegn p\u00e5 skader eller slid.<\/li>\n<li>Korrekt sm\u00f8ring: S\u00f8rg for korrekt sm\u00f8ring af cylinderen med den anbefalede hydraulikolie.<\/li>\n<li>Udskiftning af pakninger og kalibreringskontroller: Udskift slidte pakninger og udf\u00f8r kalibreringskontroller for at opretholde optimal ydeevne.<\/li>\n<\/ol>\n<p>Korrekt installation, sm\u00f8ring og justering er afg\u00f8rende for den hydrauliske cylinders levetid. Under installationen skal du s\u00f8rge for korrekt justeringsvejledning og anbefale brug af passende monteringsbeslag til at fastg\u00f8re cylinderen. Vi tilbyder ogs\u00e5 inspektion, reparation og udskiftningsprocedurer samt ombygningstjenester for at forl\u00e6nge cylinderens levetid.<\/p>\n<h3>Produktinstallationsvejledning<\/h3>\n<p>For korrekt installation af udskiftningscylinderen AN302777 skal du f\u00f8lge disse retningslinjer:<\/p>\n<ol>\n<li>S\u00f8rg for, at monteringsfladen er ren og fri for snavs.<\/li>\n<p>  <\n<\/p>","protected":false},"excerpt":{"rendered":"<p>Replacement Of AN302777 Cylinder The Replacement Of AN302777 Cylinder is a hydraulic cylinder used in various machinery models such as 40I, 50I, and 5430I. This cylinder plays a crucial role in the proper functioning of the equipment it is used in. Specifications and Models The Replacement Of AN302777 Cylinder comes with the following specifications: Model: [&hellip;]<\/p>","protected":false},"featured_media":12023,"comment_status":"open","ping_status":"closed","template":"","meta":{"_et_pb_use_builder":"","_et_pb_old_content":"","_et_gb_content_width":""},"product_brand":[],"product_cat":[1489],"product_tag":[1380,1490,1491],"class_list":{"0":"post-14491","1":"product","2":"type-product","3":"status-publish","4":"has-post-thumbnail","6":"product_cat-replacement-of-john-deere-hydraulic-cylinder","7":"product_tag-hydraulic-cylinder","8":"product_tag-replacement-of-hydraulic-cylinder","9":"product_tag-replacemet-of-john-deere-hydraulic-cylinder","11":"first","12":"instock","13":"shipping-taxable","14":"product-type-simple"},"amp_enabled":true,"_links":{"self":[{"href":"https:\/\/www.hydraulic-cylinders.net\/da\/wp-json\/wp\/v2\/product\/14491","targetHints":{"allow":["GET"]}}],"collection":[{"href":"https:\/\/www.hydraulic-cylinders.net\/da\/wp-json\/wp\/v2\/product"}],"about":[{"href":"https:\/\/www.hydraulic-cylinders.net\/da\/wp-json\/wp\/v2\/types\/product"}],"replies":[{"embeddable":true,"href":"https:\/\/www.hydraulic-cylinders.net\/da\/wp-json\/wp\/v2\/comments?post=14491"}],"wp:featuredmedia":[{"embeddable":true,"href":"https:\/\/www.hydraulic-cylinders.net\/da\/wp-json\/wp\/v2\/media\/12023"}],"wp:attachment":[{"href":"https:\/\/www.hydraulic-cylinders.net\/da\/wp-json\/wp\/v2\/media?parent=14491"}],"wp:term":[{"taxonomy":"product_brand","embeddable":true,"href":"https:\/\/www.hydraulic-cylinders.net\/da\/wp-json\/wp\/v2\/product_brand?post=14491"},{"taxonomy":"product_cat","embeddable":true,"href":"https:\/\/www.hydraulic-cylinders.net\/da\/wp-json\/wp\/v2\/product_cat?post=14491"},{"taxonomy":"product_tag","embeddable":true,"href":"https:\/\/www.hydraulic-cylinders.net\/da\/wp-json\/wp\/v2\/product_tag?post=14491"}],"curies":[{"name":"wp","href":"https:\/\/api.w.org\/{rel}","templated":true}]}}