{"id":15118,"date":"2025-01-19T14:07:43","date_gmt":"2025-01-19T14:07:43","guid":{"rendered":"https:\/\/www.hydraulic-cylinders.net\/product\/bucket-cylinder-for-komatsu-small-excavator-pc40\/"},"modified":"2025-01-19T14:07:45","modified_gmt":"2025-01-19T14:07:45","slug":"bucket-cylinder-for-komatsu-small-excavator-pc40","status":"publish","type":"product","link":"https:\/\/www.hydraulic-cylinders.net\/da\/vare\/bucket-cylinder-for-komatsu-small-excavator-pc40\/","title":{"rendered":"Skovlcylinder til Komatsu lille gravemaskine PC40"},"content":{"rendered":"<h2>Indledning<\/h2>\n<h3>Hvad er en skovlcylinder til en Komatsu lille gravemaskine PC40?<\/h3>\n<p>Skovlcylinder til Komatsu lille gravemaskine PC40 er en specialdesignet hydraulisk cylinder, der bruges til at styre bev\u00e6gelsen af \u200b\u200bskovle i tunge maskiner s\u00e5som gravemaskiner, rendegravere og frontl\u00e6ssere. Dens hovedfunktion er at g\u00f8re det muligt for skovlen at l\u00f8fte, s\u00e6nke og vippe, hvilket letter forskellige materialeh\u00e5ndteringsopgaver. I det hydrauliske system opn\u00e5r skovlcylinderen pr\u00e6cis kontrol over skovlens bev\u00e6gelse gennem \u00e6ndringer i hydraulikolietrykket, hvilket g\u00f8r det muligt for operat\u00f8rer effektivt at h\u00e5ndtere tunge l\u00e6s og tilpasse sig komplekse arbejdsmilj\u00f8er og forskellige driftskrav.<\/p>\n<p><img decoding=\"async\" src=\"https:\/\/www.hydraulic-cylinders.net\/wp-content\/uploads\/2025\/01\/songte-company-2.webp\" alt=\"Skovlcylinder til Komatsu lille gravemaskine PC40\"><\/p>\n<h2>Funktioner<\/h2>\n<ul>\n<li><strong>H\u00f8j styrke og holdbarhed:<\/strong> Den er normalt lavet af h\u00f8jstyrkest\u00e5l eller aluminium og kan modst\u00e5 h\u00f8jt tryk og tunge belastninger og tilpasse sig barske arbejdsmilj\u00f8er. Dens design tager h\u00f8jde for slidstyrke og korrosionsbestandighed, hvilket forl\u00e6nger dens levetid.<\/li>\n<li><strong>Effektiv hydraulisk drift:<\/strong> J\u00e6vn teleskopfunktion opn\u00e5s ved at udnytte hydraulisk olietryk, hvilket muligg\u00f8r hurtig reaktion p\u00e5 styrekommandoer, giver en kraftig tr\u00e6k- og trykkraft og er egnet til h\u00e5ndtering af tunge belastninger og komplekse driftsopgaver.<\/li>\n<li><strong>Forskellige typer:<\/strong> Enkeltvirkende (hydraulisk kun anvendt i \u00e9n retning) eller dobbeltvirkende (hydraulisk anvendt i begge retninger) cylindre kan v\u00e6lges efter driftskrav. Nogle modeller er teleskopiske, hvilket giver mulighed for st\u00f8rre udtr\u00e6k uden at \u00f8ge de udvendige dimensioner og er velegnede til applikationer med begr\u00e6nset plads.<\/li>\n<li><strong>Tilpasset produktion:<\/strong> Vi kan producere dette produkt, som perfekt kan erstatte disse hydrauliske cylindre.<\/li>\n<\/ul>\n<p><img decoding=\"async\" src=\"https:\/\/www.hydraulic-cylinders.net\/wp-content\/uploads\/2025\/01\/songte-cylinder-head-with-all-kinds-excavator-models.webp\" alt=\"Skovlcylinder til Komatsu lille gravemaskine PC40\"><\/p>\n<h2>Anvendelse<\/h2>\n<p>Skovlcylinder til Komatsu lille gravemaskine PC40 bruges i vid udstr\u00e6kning i forskellige industrier s\u00e5som entrepren\u00f8rudstyr, landbrugsmaskiner, gravemaskiner og l\u00e6ssere. <\/p>\n<h3>Entrepren\u00f8rudstyr:<\/h3>\n<ul>\n<li>I gravemaskiner er det vigtigt for udgravning, l\u00e6sning og flytning af jord eller affald.<\/li>\n<li> I gravemaskiner med rendegravering hj\u00e6lper skovlcylinderen med b\u00e5de at grave og l\u00f8fte.<\/li>\n<li> I frontl\u00e6ssere hj\u00e6lper det med effektivt at l\u00f8fte og vippe gods.<\/li>\n<\/ul>\n<h3>Landbrugsmaskiner:<\/h3>\n<p>Den bruges til frontl\u00e6ssere, til opgravning, l\u00f8ft og transport af jord, h\u00f8 og andre materialer.<\/p>\n<h3>Gravemaskiner:<\/h3>\n<p>Skovlcylinderen muligg\u00f8r udgravningen ved at lade skovlen tr\u00e6nge ned i jorden. <\/p>\n<p><img decoding=\"async\" src=\"https:\/\/www.hydraulic-cylinders.net\/wp-content\/uploads\/2025\/01\/songte-bushings-with-all-kinds-of-excavator-models.webp\" alt=\"Skovlcylinder til Komatsu lille gravemaskine PC40\"><\/p>\n<h2>Designovervejelser og udv\u00e6lgelsesstandarder<\/h2>\n<ul>\n<li><strong>B\u00e6reevne:<\/strong> Skovlcylinderen skal kunne modst\u00e5 h\u00f8je trykbelastninger.<\/li>\n<li><strong>Forsegling:<\/strong> Forskellige t\u00e6tninger, s\u00e5som stempelt\u00e6tninger og stangt\u00e6tninger, b\u00f8r v\u00e6re lavet af slidst\u00e6rke materialer som polyurethan og nitrilgummi for at sikre t\u00e6tningsevne.<\/li>\n<li><strong>Holdbarhed:<\/strong> Cylinderens hus og gevindende overflade b\u00f8r finbearbejdes for at forbedre slidstyrken.<\/li>\n<li><strong>Sikkerhed:<\/strong> Designet b\u00f8r tage hensyn til cylinderens driftssikkerhed.<\/li>\n<li><strong>Opretholdelse:<\/strong> Cylinderen skal v\u00e6re nem at reparere og vedligeholde.<\/li>\n<\/ul>\n<p><img decoding=\"async\" src=\"https:\/\/www.hydraulic-cylinders.net\/wp-content\/uploads\/2025\/01\/songte-oil-pipes-and-spare-parts.webp\" alt=\"Skovlcylinder til Komatsu lille gravemaskine PC40\"><\/p>\n<h2>T\u00e6tning og sm\u00f8ring<\/h2>\n<p>Diverse t\u00e6tningskomponenter s\u00e5som stempelt\u00e6tninger og stangt\u00e6tninger b\u00f8r v\u00e6re lavet af slidst\u00e6rke materialer s\u00e5som polyurethan og nitrilgummi for at sikre effektiv t\u00e6tning. Cylinderhuset og gevindenden b\u00f8r v\u00e6re fint bearbejdet for at forbedre slidstyrken. Regelm\u00e6ssig tils\u00e6tning af passende hydraulikolie til sm\u00f8ring er n\u00f8dvendig.<\/p>\n<p><img decoding=\"async\" src=\"https:\/\/www.hydraulic-cylinders.net\/wp-content\/uploads\/2025\/01\/songte-chushion-collar.webp\" alt=\"Skovlcylinder til Komatsu lille gravemaskine PC40\"><\/p>\n<h2>Vedligeholdelse og reparation<\/h2>\n<p>Regelm\u00e6ssig inspektion, passende sm\u00f8ring, udskiftning af pakninger og kalibreringskontroller er almindelige vedligeholdelsesopgaver. Korrekt installation, sm\u00f8ring og justering er afg\u00f8rende, og der b\u00f8r gives korrekt vejledning i justering under installationen. Egnede installationsbeslag b\u00f8r anbefales til at fastg\u00f8re cylinderen, og der b\u00f8r s\u00f8rges for kontrol-, reparations- og udskiftningsprocedurer for at forl\u00e6nge cylinderens levetid.<\/p>\n<h2>Sikkerhedshensyn og milj\u00f8faktorer<\/h2>\n<p>Det er vigtigt at f\u00f8lge sikkerhedsforanstaltningerne ved brug af skovlcylindre for at beskytte mod potentielle risici. Milj\u00f8forskrifter skal f\u00f8lges ved h\u00e5ndtering af hydraulikolie og andre materialer.<\/p>\n<h2>Fejldiagnose og almindelige problemer<\/h2>\n<p>Almindelige problemer med skovlcylindre omfatter v\u00e6skel\u00e6kage, utilstr\u00e6kkelig kraft og unormal st\u00f8j. Fejldiagnose b\u00f8r baseres p\u00e5 en grundig inspektion af cylinderen og de omkringliggende komponenter. Korrekt vedligeholdelse og rettidig reparation er n\u00f8dvendig for at forhindre s\u00e5danne problemer.<\/p>\n<h2>Virksomhedsintroduktion<\/h2>\n<p>Vi er en producent af hydrauliske udskiftningscylindre og tilbyder et komplet produktsortiment. Vi er en af \u200b\u200bde f\u00f8rende producenter og engrosdistribut\u00f8rer af hydrauliske cylindre p\u00e5 b\u00e5de indenlandske og internationale markeder. Vi str\u00e6ber efter fremragende kvalitet og bruger industrialiserede produktionsstyringsstrategier i fint fremstillede v\u00e6rksteder, forbedrer l\u00f8bende produktionsplatformen, perfektionerer produktionslinjen af \u200b\u200bproduktkvaliteten og besidder en st\u00e6rk produktionskapacitet. Vi sigter mod at im\u00f8dekomme kundernes krav med h\u00f8j effektivitet, h\u00f8j pr\u00e6cision og principper for h\u00f8j kvalitet.<\/p>\n<p><img decoding=\"async\" src=\"https:\/\/hzpt.com\/wp-content\/uploads\/2024\/11\/songte-company-1.webp\" alt=\"Skovlcylinder til Komatsu lille gravemaskine PC40\"><\/p>\n<h2>Professionalisme og international certificering<\/h2>\n<p>Vores virksomhed er forpligtet til at sikre, at alle medarbejdere har de n\u00f8dvendige kvalifikationer og f\u00e6rdigheder til at yde professionel service til vores kunder. Vi har opn\u00e5et relevante internationale certificeringer, s\u00e5som ISO og CE, for at sikre, at vores produkter opfylder internationale kvalitetsstandarder.<\/p>\n<h2>Tilpassede tjenester og produktionsudstyr<\/h2>\n<p>Vi tilbyder skr\u00e6ddersyede tjenester for at levere skr\u00e6ddersyede hydrauliske cylinderl\u00f8sninger i henhold til hver kundes unikke behov. Vi har avanceret produktionsudstyr s\u00e5som CNC-maskiner og professionelle testsystemer for at sikre, at hvert produkt er kvalificeret og p\u00e5lideligt.<\/p>\n<h2>Eftersalgsservice<\/h2>\n<p>Vores virksomhed tilbyder en komplet r\u00e6kke eftersalgsservices, herunder reparation, udskiftning og genopbygning af de produkter, vi tilbyder. Vi er forpligtet til at give vores kunder tekniske l\u00f8sninger og tjenester af h\u00f8j kvalitet for at sikre, at de f\u00e5r den bedste v\u00e6rdi for deres investering.<\/p>\n<p>Forfatter: lyl<\/p>","protected":false},"excerpt":{"rendered":"<p>Introduction What is Bucket Cylinder for Komatsu Small Excavator PC40? Bucket Cylinder for Komatsu Small Excavator PC40 is a specially designed hydraulic cylinder used for controlling the movement of buckets in heavy machinery such as excavators, backhoe excavators, and front-end loaders. Its main function is to enable the bucket to lift, lower, and tilt, thus [&hellip;]<\/p>","protected":false},"featured_media":14788,"comment_status":"open","ping_status":"closed","template":"","meta":{"_et_pb_use_builder":"","_et_pb_old_content":"","_et_gb_content_width":""},"product_brand":[],"product_cat":[1494],"product_tag":[1495,1496],"class_list":{"0":"post-15118","1":"product","2":"type-product","3":"status-publish","4":"has-post-thumbnail","6":"product_cat-bucket-cylinders","7":"product_tag-bucket-cylinders","8":"product_tag-hydraulic-cylinders","10":"first","11":"instock","12":"shipping-taxable","13":"product-type-simple"},"amp_enabled":true,"_links":{"self":[{"href":"https:\/\/www.hydraulic-cylinders.net\/da\/wp-json\/wp\/v2\/product\/15118","targetHints":{"allow":["GET"]}}],"collection":[{"href":"https:\/\/www.hydraulic-cylinders.net\/da\/wp-json\/wp\/v2\/product"}],"about":[{"href":"https:\/\/www.hydraulic-cylinders.net\/da\/wp-json\/wp\/v2\/types\/product"}],"replies":[{"embeddable":true,"href":"https:\/\/www.hydraulic-cylinders.net\/da\/wp-json\/wp\/v2\/comments?post=15118"}],"wp:featuredmedia":[{"embeddable":true,"href":"https:\/\/www.hydraulic-cylinders.net\/da\/wp-json\/wp\/v2\/media\/14788"}],"wp:attachment":[{"href":"https:\/\/www.hydraulic-cylinders.net\/da\/wp-json\/wp\/v2\/media?parent=15118"}],"wp:term":[{"taxonomy":"product_brand","embeddable":true,"href":"https:\/\/www.hydraulic-cylinders.net\/da\/wp-json\/wp\/v2\/product_brand?post=15118"},{"taxonomy":"product_cat","embeddable":true,"href":"https:\/\/www.hydraulic-cylinders.net\/da\/wp-json\/wp\/v2\/product_cat?post=15118"},{"taxonomy":"product_tag","embeddable":true,"href":"https:\/\/www.hydraulic-cylinders.net\/da\/wp-json\/wp\/v2\/product_tag?post=15118"}],"curies":[{"name":"wp","href":"https:\/\/api.w.org\/{rel}","templated":true}]}}