{"id":15120,"date":"2025-01-19T14:07:52","date_gmt":"2025-01-19T14:07:52","guid":{"rendered":"https:\/\/www.hydraulic-cylinders.net\/product\/bucket-cylinder-for-komatsu-small-excavator-pc75uu\/"},"modified":"2025-01-19T14:07:53","modified_gmt":"2025-01-19T14:07:53","slug":"bucket-cylinder-for-komatsu-small-excavator-pc75uu","status":"publish","type":"product","link":"https:\/\/www.hydraulic-cylinders.net\/da\/vare\/bucket-cylinder-for-komatsu-small-excavator-pc75uu\/","title":{"rendered":"Skovlcylinder til Komatsu lille gravemaskine PC75UU"},"content":{"rendered":"<h1>Skovlcylinder til Komatsu lille gravemaskine PC75UU<\/h1>\n<h2>Indledning<\/h2>\n<p>En skovlcylinder er en specialdesignet hydraulisk cylinder, der bruges til at styre bev\u00e6gelsen af \u200b\u200bskovle i tunge maskiner s\u00e5som gravemaskiner, rendegravere og frontl\u00e6ssere. Dens prim\u00e6re funktion er at tillade skovlen at l\u00f8fte, s\u00e6nke og vippe, hvilket g\u00f8r det lettere at h\u00e5ndtere forskellige materialeh\u00e5ndteringsopgaver. I det hydrauliske system opn\u00e5r skovlcylinderen pr\u00e6cis kontrol over skovlen ved at variere hydraulikolietrykket, hvilket g\u00f8r det muligt for operat\u00f8rer effektivt at h\u00e5ndtere tunge l\u00e6s, tilpasse sig komplekse arbejdsmilj\u00f8er og forskellige jobkrav.<\/p>\n<p><img decoding=\"async\" src=\"https:\/\/www.hydraulic-cylinders.net\/wp-content\/uploads\/2025\/01\/songte-company-2.webp\"><\/p>\n<h2>Funktioner<\/h2>\n<ul>\n<li>H\u00f8j styrke og holdbarhed: Typisk lavet af h\u00f8jstyrkest\u00e5l eller aluminium, i stand til at modst\u00e5 h\u00f8je tryk og tunge belastninger, og designet med slid- og korrosionsbestandighed i tankerne, hvilket forl\u00e6nger dets levetid.<\/li>\n<li>Effektiv hydraulisk drift: bruger hydraulisk olietryk til at opn\u00e5 j\u00e6vn ud- og indtr\u00e6kning, er i stand til hurtigt at reagere p\u00e5 kontrolkommandoer, giver kraftig skubbe- og tr\u00e6kkraft, velegnet til h\u00e5ndtering af tunge belastninger og komplekse arbejdsopgaver.<\/li>\n<li>Forskellige typer: enkeltvirkende (hydraulisk anvendt i kun \u00e9n retning) eller dobbeltvirkende (hydraulisk anvendt i to retninger) cylindre kan v\u00e6lges baseret p\u00e5 krav for at opfylde forskellige driftsbehov. Nogle modeller er teleskopiske, hvilket giver mulighed for st\u00f8rre udtr\u00e6k uden at \u00f8ge de udvendige dimensioner, velegnede til applikationer med begr\u00e6nset plads.<\/li>\n<li>Kan tilpasses: Vores produkt kan perfekt erstatte disse hydrauliske cylindre.<\/li>\n<\/ul>\n<p><img decoding=\"async\" src=\"https:\/\/www.hydraulic-cylinders.net\/wp-content\/uploads\/2025\/01\/songte-cylinder-head-with-all-kinds-excavator-models.webp\"><\/p>\n<h2>Applikationer<\/h2>\n<p>Skovlcylindre er essentielle i entrepren\u00f8rmaskiner, landbrugsmaskiner, gravemaskiner og frontl\u00e6ssere. De hj\u00e6lper med at udgrave, l\u00e6sse og flytte jord eller affald i gravemaskiner, assisterer med gravning og l\u00f8ft i rendegravere, hj\u00e6lper med l\u00f8ft og t\u00f8mning i frontl\u00e6ssere og er essentielle til jord-, h\u00f8- og andre materialeh\u00e5ndteringsopgaver i landbrugsmaskiner.<\/p>\n<h3>Entrepren\u00f8rudstyr:<\/h3>\n<ul>\n<li>Gravemaskiner: Skovlcylindere tillader skovlen at tr\u00e6nge ned i jorden for at opn\u00e5 gravefunktion.<\/li>\n<li>Gravemaskine: Skovlcylinder hj\u00e6lper ikke kun med at grave, men ogs\u00e5 med at l\u00f8fte.<\/li>\n<li>Frontl\u00e6ssere: Skovlcylindere hj\u00e6lper med at l\u00f8fte og t\u00f8mme gods effektivt.<\/li>\n<\/ul>\n<h3>Landbrugsmaskiner:<\/h3>\n<ul>\n<li>Frontl\u00e6ssere: til jord, h\u00f8 og andre materialeh\u00e5ndteringsopgaver.<\/li>\n<\/ul>\n<h3>Gravemaskiner:<\/h3>\n<ul>\n<li>Skovlcylindere g\u00f8r det muligt for skovlen at tr\u00e6nge ned i jorden for at opn\u00e5 gravefunktion.<\/li>\n<\/ul>\n<h2>Designhensyn og udv\u00e6lgelsesstandard<\/h2>\n<p>Designhensyn til en spandcylinder omfatter b\u00e6reevne, t\u00e6tningsevne, holdbarhed, sikkerhed og vedligeholdelse. F\u00f8lgende er n\u00f8gleaspekter for designhensyn og udv\u00e6lgelsesstandarder:<\/p>\n<ul>\n<li>B\u00e6reevne: Skovlcylindere bruger typisk materialer med h\u00f8j styrke til at modst\u00e5 h\u00f8je tryk og tunge belastninger.<\/li>\n<li>T\u00e6tningsevne: Cylinderen bruger forskellige t\u00e6tninger s\u00e5som stempelt\u00e6tninger, stangt\u00e6tninger osv. lavet af slidst\u00e6rke materialer som polyurethan og nitrilgummi for at forbedre t\u00e6tningsevnen, forl\u00e6nge levetiden og reducere oliel\u00e6kager.<\/li>\n<li>Holdbarhed: Cylinderhus og gevindoverflade er pr\u00e6cist forarbejdet for at forbedre slidstyrken og forl\u00e6nge levetiden.<\/li>\n<li>Sikkerhed: Cylinderdesign b\u00f8r tage h\u00f8jde for sikkerhedsfunktioner s\u00e5som trykaflastningsventiler for at reducere risikoen for ulykker.<\/li>\n<li>Vedligeholdelse: Regelm\u00e6ssig vedligeholdelse s\u00e5som olieskift, udskiftning af pakninger og kalibreringstjek kan forl\u00e6nge cylinderens levetid og opretholde dens ydeevne.<\/li>\n<\/ul>\n<p><img decoding=\"async\" src=\"https:\/\/www.hydraulic-cylinders.net\/wp-content\/uploads\/2025\/01\/songte-oil-pipes-and-spare-parts.webp\"><\/p>\n<h2>T\u00e6tning og sm\u00f8ring<\/h2>\n<p>Skovlcylinderen bruger forskellige t\u00e6tninger s\u00e5som stempelt\u00e6tninger, stangt\u00e6tninger osv., der er lavet af slidst\u00e6rke materialer som polyurethan og nitrilgummi for at forbedre t\u00e6tningsevnen, forl\u00e6nge levetiden og reducere oliel\u00e6kager. Regelm\u00e6ssig sm\u00f8ring med hydraulikolie er n\u00f8dvendig for at opretholde cylinderens ydeevne og forl\u00e6nge dens levetid.<\/p>\n<h2>Vedligeholdelse og reparation<\/h2>\n<p>Regelm\u00e6ssig vedligeholdelse og reparation er afg\u00f8rende for at holde skovlcylinderen k\u00f8rende problemfrit og forhindre potentielle problemer. F\u00f8lgende er almindelige vedligeholdelsesopgaver:<\/p>\n<ul>\n<li>Regelm\u00e6ssig inspektion: Kontroll\u00e9r for tegn p\u00e5 slid, oliel\u00e6kager eller andre skader.<\/li>\n<li>Sm\u00f8ring: P\u00e5f\u00f8r sm\u00f8ring p\u00e5 bev\u00e6gelige dele, og kontroll\u00e9r regelm\u00e6ssigt hydraulikolieniveauet.<\/li>\n<li>Udskiftning af pakninger: Udskift slidte eller beskadigede pakninger for at forhindre oliel\u00e6kager.<\/li>\n<li>Kalibreringstjek: Kontroller cylinderens tryk og slagl\u00e6ngde for at sikre, at den opfylder de kr\u00e6vede specifikationer.<\/li>\n<\/ul>\n<p><img decoding=\"async\" src=\"https:\/\/www.hydraulic-cylinders.net\/wp-content\/uploads\/2025\/01\/songte-chushion-collar.webp\"><\/p>\n<h2>Sikkerhedshensyn og milj\u00f8faktorer<\/h2>\n<p>N\u00e5r du bruger skovlcylinderen, er det vigtigt at f\u00f8lge sikkerhedsforanstaltninger, s\u00e5som at b\u00e6re beskyttelsesudstyr og sikre korrekt installation og brug. Derudover er det vigtigt at overveje milj\u00f8m\u00e6ssige faktorer s\u00e5som oliel\u00e6kager eller -spild og korrekt bortskaffelse af brugt hydraulikolie.<\/p>\n<h2>Fejlfinding og almindelige problemer<\/h2>\n<p>Almindelige problemer med skovlcylinderen omfatter oliel\u00e6kager, beskadigede pakninger og manglende ud- eller indtr\u00e6kning. Fejlfindingstrin kan omfatte kontrol af olieniveauer, inspektion af pakninger og kontrol for eventuelle skader eller l\u00f8se forbindelser. Regelm\u00e6ssig vedligeholdelse kan forhindre potentielle problemer.<\/p>\n<h2>Om vores virksomhed<\/h2>\n<p>Vi er en producent af hydrauliske udskiftningscylindre og tilbyder et komplet produktsortiment. Vi er blevet en af \u200b\u200bde f\u00f8rende producenter og engrosdistribut\u00f8rer af hydrauliske cylindre p\u00e5 verdensplan. Vi f\u00f8lger princippet om fremragende kvalitet og bruger industrialiserede produktionsstyringsstrategier baseret p\u00e5 raffinerede produktionsv\u00e6rksteder, tekniske talenter, digitalt avanceret produktionsudstyr og professionelle inspektionssystemer. Vi forbedrer l\u00f8bende v\u00e6rkstedets produktionsplatform, perfektionerer produktionslinjen af \u200b\u200bproduktkvalitet og har en st\u00e6rk kreativitet til at im\u00f8dekomme kundernes forskellige behov. Vi tilbyder blandt andet professionel, international certificering, kundeservice, produktionsudstyr og eftersalgsservice.<\/p>\n<p><img decoding=\"async\" src=\"https:\/\/hzpt.com\/wp-content\/uploads\/2024\/11\/songte-company-1.webp\"><\/p>\n<p>Forfatter: lyl<\/p>","protected":false},"excerpt":{"rendered":"<p>Bucket Cylinder For Komatsu Small Excavator PC75UU Introduction A bucket cylinder is a specially designed hydraulic cylinder used to control the movement of buckets in heavy machinery such as excavators, backhoe excavators, and front-end loaders. Its primary function is to allow the bucket to lift, lower, and tilt, making it easier to handle various material [&hellip;]<\/p>","protected":false},"featured_media":14785,"comment_status":"open","ping_status":"closed","template":"","meta":{"_et_pb_use_builder":"","_et_pb_old_content":"","_et_gb_content_width":""},"product_brand":[],"product_cat":[1494],"product_tag":[1495,1496],"class_list":{"0":"post-15120","1":"product","2":"type-product","3":"status-publish","4":"has-post-thumbnail","6":"product_cat-bucket-cylinders","7":"product_tag-bucket-cylinders","8":"product_tag-hydraulic-cylinders","10":"first","11":"instock","12":"shipping-taxable","13":"product-type-simple"},"amp_enabled":true,"_links":{"self":[{"href":"https:\/\/www.hydraulic-cylinders.net\/da\/wp-json\/wp\/v2\/product\/15120","targetHints":{"allow":["GET"]}}],"collection":[{"href":"https:\/\/www.hydraulic-cylinders.net\/da\/wp-json\/wp\/v2\/product"}],"about":[{"href":"https:\/\/www.hydraulic-cylinders.net\/da\/wp-json\/wp\/v2\/types\/product"}],"replies":[{"embeddable":true,"href":"https:\/\/www.hydraulic-cylinders.net\/da\/wp-json\/wp\/v2\/comments?post=15120"}],"wp:featuredmedia":[{"embeddable":true,"href":"https:\/\/www.hydraulic-cylinders.net\/da\/wp-json\/wp\/v2\/media\/14785"}],"wp:attachment":[{"href":"https:\/\/www.hydraulic-cylinders.net\/da\/wp-json\/wp\/v2\/media?parent=15120"}],"wp:term":[{"taxonomy":"product_brand","embeddable":true,"href":"https:\/\/www.hydraulic-cylinders.net\/da\/wp-json\/wp\/v2\/product_brand?post=15120"},{"taxonomy":"product_cat","embeddable":true,"href":"https:\/\/www.hydraulic-cylinders.net\/da\/wp-json\/wp\/v2\/product_cat?post=15120"},{"taxonomy":"product_tag","embeddable":true,"href":"https:\/\/www.hydraulic-cylinders.net\/da\/wp-json\/wp\/v2\/product_tag?post=15120"}],"curies":[{"name":"wp","href":"https:\/\/api.w.org\/{rel}","templated":true}]}}