{"id":15121,"date":"2025-01-19T14:07:55","date_gmt":"2025-01-19T14:07:55","guid":{"rendered":"https:\/\/www.hydraulic-cylinders.net\/product\/bucket-cylinder-for-komatsu-small-excavator-pc120-3-5-6-6e-7\/"},"modified":"2025-01-19T14:07:57","modified_gmt":"2025-01-19T14:07:57","slug":"bucket-cylinder-for-komatsu-small-excavator-pc120-3-5-6-6e-7","status":"publish","type":"product","link":"https:\/\/www.hydraulic-cylinders.net\/da\/vare\/bucket-cylinder-for-komatsu-small-excavator-pc120-3-5-6-6e-7\/","title":{"rendered":"Skovlcylinder til Komatsu lille gravemaskine PC120-3-5-6-6E-7"},"content":{"rendered":"<h1>Skovlcylinder til Komatsu lille gravemaskine PC120-3-5-6-6E-7<\/h1>\n<h2>Indledning<\/h2>\n<p>En skovlcylinder er en specialdesignet hydraulisk cylinder, der prim\u00e6rt bruges til at styre skovlens bev\u00e6gelse i tunge maskiner, s\u00e5som gravemaskiner, rendegravere og frontl\u00e6ssere. Dens hovedfunktion er at g\u00f8re det muligt at h\u00e6ve, s\u00e6nke og vippe skovlen, hvilket g\u00f8r det lettere at udf\u00f8re forskellige materialeh\u00e5ndteringsopgaver. I det hydrauliske system opn\u00e5r skovlcylinderen pr\u00e6cis kontrol over skovlen gennem \u00e6ndringer i hydraulikolietrykket, hvilket giver f\u00f8reren mulighed for effektivt at h\u00e5ndtere tunge l\u00e6s og tilpasse sig komplekse arbejdsmilj\u00f8er og forskellige jobkrav.<\/p>\n<p><img decoding=\"async\" src=\"https:\/\/www.hydraulic-cylinders.net\/wp-content\/uploads\/2025\/01\/songte-company-2.webp\" alt=\"Billede af spandcylinder\"><\/p>\n<h2>Funktioner<\/h2>\n<ul>\n<li>H\u00f8j styrke og holdbarhed: Typisk fremstillet af h\u00f8jstyrkest\u00e5l eller aluminium, kan den modst\u00e5 h\u00f8jt tryk og tunge belastninger og tilpasse sig barske arbejdsmilj\u00f8er. Designet tager h\u00f8jde for slidstyrke og korrosionsbestandighed for at forl\u00e6nge levetiden.<\/li>\n<li>Effektiv hydraulisk drift: J\u00e6vne forl\u00e6ngelses- og sammentr\u00e6kningsbev\u00e6gelser opn\u00e5s ved hj\u00e6lp af hydraulisk olietryk, som kan reagere hurtigt p\u00e5 styrekommandoer og give en st\u00e6rk skubbe- og tr\u00e6kkraft, der er egnet til h\u00e5ndtering af tunge belastninger og komplekse driftsopgaver.<\/li>\n<li>Forskellige typer: Cylindertyper kan v\u00e6lges efter behov, s\u00e5som enkeltvirkende (hydraulisk anvendt i kun \u00e9n retning) eller dobbeltvirkende (hydraulisk anvendt i to retninger), for at im\u00f8dekomme forskellige driftsbehov. Nogle modeller er teleskopiske, hvilket giver mulighed for st\u00f8rre udtr\u00e6k uden at \u00f8ge de udvendige dimensioner, og er velegnede til applikationer med begr\u00e6nset plads.<\/li>\n<li>Perfekt udskiftning: Vores produkt kan perfekt erstatte disse hydrauliske cylindre.<\/li>\n<\/ul>\n<p><img decoding=\"async\" src=\"https:\/\/www.hydraulic-cylinders.net\/wp-content\/uploads\/2025\/01\/songte-cylinder-head-with-all-kinds-excavator-models.webp\" alt=\"Billede af spandcylinder\"><\/p>\n<h2>Applikationer<\/h2>\n<p>Skovlcylindre bruges almindeligvis i forskellige tunge maskiner, herunder:<\/p>\n<ul>\n<li>Entrepren\u00f8rudstyr: I gravemaskiner er de afg\u00f8rende for at grave, l\u00e6sse og flytte jord eller affald. I rendegravere hj\u00e6lper skovlcylinderen b\u00e5de med at grave og l\u00f8fte. <\/li>\n<li>Landbrugsmaskiner: Bruges i frontl\u00e6ssere til at udgrave, l\u00f8fte og transportere jord, h\u00f8 og andre materialer. <\/li>\n<li>Gravemaskiner: Skovlcylinderen g\u00f8r det muligt for gravemaskinen at grave ved at lade skovlen tr\u00e6nge ned i jorden. <\/li>\n<li>L\u00e6ssere: I frontl\u00e6ssere hj\u00e6lper de med effektivt at l\u00f8fte og vippe laster. <\/li>\n<\/ul>\n<h2>Designovervejelser og udv\u00e6lgelsesstandarder<\/h2>\n<p>Ved design af en spandcylinder skal der tages s\u00e6rligt hensyn til dens b\u00e6reevne, t\u00e6tning, holdbarhed, sikkerhed og vedligeholdelse. Nogle af designovervejelserne er:<\/p>\n<ul>\n<li>B\u00e6reevne: Cylinderen skal kunne modst\u00e5 den maksimale belastning, der forventes under drift.<\/li>\n<li>T\u00e6tning: Brugen af \u200b\u200bforskellige t\u00e6tningsmaterialer, s\u00e5som stempelt\u00e6tninger, stangt\u00e6tninger osv., med slidst\u00e6rke materialer som polyurethan og nitrilgummi, kan forl\u00e6nge cylinderens levetid.<\/li>\n<li>Holdbarhed: Cylinderhuset og gevindenden skal v\u00e6re fint bearbejdet, hvilket \u00f8ger cylinderens slidstyrke.<\/li>\n<li>Sikkerhed: Cylindre b\u00f8r v\u00e6re konstrueret til at forhindre l\u00e6kage, brud eller pludselig trykudl\u00f8sning for at sikre udstyrets og operat\u00f8rernes sikkerhed.<\/li>\n<li>Vedligeholdelse: Regelm\u00e6ssig vedligeholdelse, s\u00e5som kontrol og justering af cylinderen, kan sikre dens korrekte funktion og forl\u00e6nge dens levetid.<\/li>\n<\/ul>\n<p><img decoding=\"async\" src=\"https:\/\/www.hydraulic-cylinders.net\/wp-content\/uploads\/2025\/01\/songte-oil-pipes-and-spare-parts.webp\" alt=\"Billede af spandcylinder\"><\/p>\n<h2>T\u00e6tning og sm\u00f8ring<\/h2>\n<p>Skovlcylindre bruger forskellige t\u00e6tningskomponenter, s\u00e5som stempelt\u00e6tninger og stangt\u00e6tninger, for at forhindre l\u00e6kage af hydraulikolie. De anvendte t\u00e6tningsmaterialer er normalt polyurethan og nitrilgummi, som er slidst\u00e6rke og har fremragende t\u00e6tningsegenskaber. Korrekt sm\u00f8ring er ogs\u00e5 afg\u00f8rende for at sikre cylinderens problemfri drift. Det anbefales at tilf\u00f8je den passende m\u00e6ngde hydraulikolie regelm\u00e6ssigt.<\/p>\n<h2>Forebyggende vedligeholdelse og fejlfinding<\/h2>\n<p>Forebyggende vedligeholdelse er afg\u00f8rende for at sikre skovlcylinderens levetid. Regelm\u00e6ssige kontroller, korrekt sm\u00f8ring, udskiftning af t\u00e6tningskomponenter og kalibreringskontroller er almindelige vedligeholdelsesopgaver. Hvis der opst\u00e5r problemer, kan korrekte fejlfindingsteknikker hj\u00e6lpe med at diagnosticere og l\u00f8se problemet effektivt. Det er ogs\u00e5 vigtigt at tr\u00e6ffe forebyggende foranstaltninger for at minimere potentielle problemer.<\/p>\n<p><img decoding=\"async\" src=\"https:\/\/www.hydraulic-cylinders.net\/wp-content\/uploads\/2025\/01\/songte-chushion-collar.webp\" alt=\"Billede af spandcylinder\"><\/p>\n<h2>Sikkerheds- og milj\u00f8hensyn<\/h2>\n<p>Ved brug af skovlcylindre skal der tr\u00e6ffes sikkerhedsforanstaltninger for at forhindre ulykker og skader. Det er vigtigt at f\u00f8lge sikkerhedsretningslinjer og instruktioner for korrekt installation og betjening af cylinderen. Milj\u00f8m\u00e6ssigt er korrekt bortskaffelse af brugt hydraulikolie og andre cylinderkomponenter afg\u00f8rende for at forhindre forurening af milj\u00f8et.<\/p>\n<h2>Virksomhedsintroduktion<\/h2>\n<p>Vi er en f\u00f8rende producent og engrosdistribut\u00f8r af hydrauliske cylindre p\u00e5 det indenlandske og internationale marked. Vores produktsortiment er omfattende, og vi str\u00e6ber efter fremragende kvalitet. Med industrialiserede produktionsstyringsstrategier underst\u00f8ttet af dygtige talenter, avanceret digitalt produktionsudstyr og professionelle testsystemer forbedrer vi l\u00f8bende vores produktionsplatform, perfektionerer produktionsruten og har st\u00e6rke innovationskapaciteter til at im\u00f8dekomme vores kunders forskellige behov.<\/p>\n<ul>\n<li>Professionalitet: Vi har et team af professionelle ingeni\u00f8rer, der kan levere skr\u00e6ddersyede tjenester i henhold til kundens krav.<\/li>\n<li>International certificering: Vores produkter har best\u00e5et internationale certificeringer som ISO9001 og CE.<\/li>\n<li>Tilpasningsservice: Vi tilbyder tilpasningstjenester til forskellige hydrauliske cylindre i henhold til kundens krav.<\/li>\n<li>Produktionsudstyr: Vi har avanceret produktionsudstyr s\u00e5som CNC-drejeb\u00e6nke, bearbejdningscentre og svejserobotter.<\/li>\n<li>Eftersalgsservice: Vi tilbyder eftersalgsservice af h\u00f8j kvalitet, herunder udskiftning af dele og reparation.<\/li>\n<\/ul>\n<p><img decoding=\"async\" src=\"https:\/\/hzpt.com\/wp-content\/uploads\/2024\/11\/songte-company-1.webp\" alt=\"Billede af spandcylinder\"><\/p>\n<p>Forfatter: lyl<\/p>","protected":false},"excerpt":{"rendered":"<p>Bucket Cylinder For Komatsu Small Excavator PC120-3-5-6-6E-7 Introduction A bucket cylinder is a specially designed hydraulic cylinder that is primarily used to control the movement of the bucket in heavy machinery, such as excavators, backhoes, and front-end loaders. Its main function is to enable the bucket to be raised, lowered, and tilted, making it easier [&hellip;]<\/p>","protected":false},"featured_media":14784,"comment_status":"open","ping_status":"closed","template":"","meta":{"_et_pb_use_builder":"","_et_pb_old_content":"","_et_gb_content_width":""},"product_brand":[],"product_cat":[1494],"product_tag":[1495,1496],"class_list":{"0":"post-15121","1":"product","2":"type-product","3":"status-publish","4":"has-post-thumbnail","6":"product_cat-bucket-cylinders","7":"product_tag-bucket-cylinders","8":"product_tag-hydraulic-cylinders","10":"first","11":"instock","12":"shipping-taxable","13":"product-type-simple"},"amp_enabled":true,"_links":{"self":[{"href":"https:\/\/www.hydraulic-cylinders.net\/da\/wp-json\/wp\/v2\/product\/15121","targetHints":{"allow":["GET"]}}],"collection":[{"href":"https:\/\/www.hydraulic-cylinders.net\/da\/wp-json\/wp\/v2\/product"}],"about":[{"href":"https:\/\/www.hydraulic-cylinders.net\/da\/wp-json\/wp\/v2\/types\/product"}],"replies":[{"embeddable":true,"href":"https:\/\/www.hydraulic-cylinders.net\/da\/wp-json\/wp\/v2\/comments?post=15121"}],"wp:featuredmedia":[{"embeddable":true,"href":"https:\/\/www.hydraulic-cylinders.net\/da\/wp-json\/wp\/v2\/media\/14784"}],"wp:attachment":[{"href":"https:\/\/www.hydraulic-cylinders.net\/da\/wp-json\/wp\/v2\/media?parent=15121"}],"wp:term":[{"taxonomy":"product_brand","embeddable":true,"href":"https:\/\/www.hydraulic-cylinders.net\/da\/wp-json\/wp\/v2\/product_brand?post=15121"},{"taxonomy":"product_cat","embeddable":true,"href":"https:\/\/www.hydraulic-cylinders.net\/da\/wp-json\/wp\/v2\/product_cat?post=15121"},{"taxonomy":"product_tag","embeddable":true,"href":"https:\/\/www.hydraulic-cylinders.net\/da\/wp-json\/wp\/v2\/product_tag?post=15121"}],"curies":[{"name":"wp","href":"https:\/\/api.w.org\/{rel}","templated":true}]}}