{"id":15123,"date":"2025-01-19T14:08:05","date_gmt":"2025-01-19T14:08:05","guid":{"rendered":"https:\/\/www.hydraulic-cylinders.net\/product\/bucket-cylinder-for-komatsu-small-excavator-pc45-1-5-7\/"},"modified":"2025-01-19T14:08:06","modified_gmt":"2025-01-19T14:08:06","slug":"bucket-cylinder-for-komatsu-small-excavator-pc45-1-5-7","status":"publish","type":"product","link":"https:\/\/www.hydraulic-cylinders.net\/da\/vare\/bucket-cylinder-for-komatsu-small-excavator-pc45-1-5-7\/","title":{"rendered":"Skovlcylinder til Komatsu lille gravemaskine PC45-1-5-7"},"content":{"rendered":"<p><!DOCTYPE html><br \/>\n<html><br \/>\n<head><\/p>\n<style>\nh2 {\n  font-size: 24px;\n  font-weight: bold;\n  margin-top: 30px;\n}<\/p>\n<p>h3 {\n  font-size: 20px;\n  font-weight: bold;\n  margin-top: 15px;\n}<\/p>\n<p>ul {\n  list-style-type: disc;\n  margin-top: 15px;\n  margin-bottom: 15px;\n}<\/p>\n<p>img {\n  margin-top: 30px;\n  max-width: 100%;\n  height: auto;\n}\n<\/style>\n<p><\/head><br \/>\n<body><\/p>\n<h2>Skovlcylinder til Komatsu lille gravemaskine PC45-1-5-7<\/h2>\n<h3>Indledning<\/h3>\n<p>\nEn skovlcylinder til Komatsu lille gravemaskine PC45-1-5-7 er en specialiseret hydraulisk cylinder designet til at styre skovlens bev\u00e6gelse i tunge maskiner s\u00e5som gravemaskiner, rendegravere og frontl\u00e6ssere. Dens hovedfunktion er at muligg\u00f8re l\u00f8ft, s\u00e6nkning og vipning af skovlen, hvilket g\u00f8r den velegnet til forskellige materialeh\u00e5ndteringsopgaver. I det hydrauliske system udnytter skovlcylinderen tryk\u00e6ndringerne i hydraulikolien til at opn\u00e5 pr\u00e6cis kontrol over skovlen, hvilket giver operat\u00f8rerne mulighed for at h\u00e5ndtere tunge l\u00e6s effektivt og tilpasse sig komplekse arbejdsmilj\u00f8er og forskellige jobkrav.\n<\/p>\n<p><img decoding=\"async\" src=\"https:\/\/www.hydraulic-cylinders.net\/wp-content\/uploads\/2025\/01\/songte-company-2.webp\" alt=\"Billede af spandcylinder\"><\/p>\n<h3>Funktioner<\/h3>\n<ul>\n<li>H\u00f8j styrke og holdbarhed: Skovlcylinderen er typisk lavet af h\u00f8jstyrkest\u00e5l eller aluminium, kan modst\u00e5 h\u00f8jt tryk og tunge belastninger, tilpasse sig barske arbejdsmilj\u00f8er og er designet med hensyntagen til slidstyrke og korrosionsbestandighed, hvilket forl\u00e6nger dens levetid.<\/li>\n<li>Effektiv hydraulisk drift: Ved at udnytte trykket fra hydraulikolien opn\u00e5r skovlcylinderen j\u00e6vne ud- og indtr\u00e6ksbev\u00e6gelser, reagerer hurtigt p\u00e5 styrekommandoer, leverer kraftige skubbe- og tr\u00e6kkr\u00e6fter og er velegnet til h\u00e5ndtering af tunge belastninger og komplekse arbejdsopgaver.<\/li>\n<li>Alsidige typer: Skovlcylinderen kan v\u00e6lges som enkeltvirkende (hydraulisk tryk anvendes kun i \u00e9n retning) eller dobbeltvirkende (hydraulisk tryk anvendes i begge retninger), afh\u00e6ngigt af de operationelle krav. Nogle modeller er teleskopiske, hvilket giver mulighed for st\u00f8rre udtr\u00e6k uden at \u00f8ge de udvendige dimensioner, hvilket g\u00f8r dem velegnede til applikationer med begr\u00e6nset plads.<\/li>\n<li>Perfekt udskiftning: Vores produkter er i stand til perfekt at erstatte disse hydrauliske cylindre. <\/li>\n<\/ul>\n<p><img decoding=\"async\" src=\"https:\/\/www.hydraulic-cylinders.net\/wp-content\/uploads\/2025\/01\/songte-cylinder-head-with-all-kinds-excavator-models.webp\" alt=\"Billede af hydraulisk cylinder\"><\/p>\n<h3>Applikationer<\/h3>\n<ul>\n<li>Entrepren\u00f8rudstyr: De findes i gravemaskiner og er afg\u00f8rende for udgravning, l\u00e6sning og flytning af jord eller affald. I rendegravere hj\u00e6lper skovlcylinderen med b\u00e5de gravning og l\u00f8ft.<\/li>\n<li>Landbrugsmaskiner: Bruges i frontl\u00e6ssere, og de hj\u00e6lper med at udgrave, l\u00f8fte og transportere jord, h\u00f8 og andre materialer.<\/li>\n<li>Gravemaskiner: Skovlcylinderen muligg\u00f8r gravehandlinger ved at lade skovlen tr\u00e6nge ned i jorden.<\/li>\n<li>L\u00e6ssere: Frontl\u00e6ssere hj\u00e6lper med at l\u00f8fte og vippe gods effektivt.<\/li>\n<\/ul>\n<h3>Designovervejelser og udv\u00e6lgelseskriterier<\/h3>\n<ul>\n<li>B\u00e6reevne: Skovlcylinderen er konstrueret til at modst\u00e5 den specificerede lasteevne.<\/li>\n<li>T\u00e6tning: Forskellige t\u00e6tningskomponenter, s\u00e5som stempelt\u00e6tninger og stangt\u00e6tninger, anvendes til at sikre korrekt t\u00e6tningsevne. Disse t\u00e6tninger er lavet af slidst\u00e6rke materialer s\u00e5som polyurethan og nitrilgummi. Cylinderhuset og gevindenderne er fint forarbejdet for at forbedre slidstyrken.<\/li>\n<li>Holdbarhed: Skovlcylinderen er konstrueret med materialer og bel\u00e6gninger, der forbedrer dens holdbarhed og korrosionsbestandighed, hvilket sikrer en l\u00e6ngere levetid.<\/li>\n<li>Sikkerhed: Designfunktioner er implementeret for at sikre sikker drift og minimere potentielle farer. <\/li>\n<li>Vedligeholdelsesvenlighed: Skovlcylinderen er designet til nem vedligeholdelse og reparation, hvilket muligg\u00f8r effektiv service og reducerer nedetid.<\/li>\n<\/ul>\n<p><img decoding=\"async\" src=\"https:\/\/www.hydraulic-cylinders.net\/wp-content\/uploads\/2025\/01\/songte-oil-pipes-and-spare-parts.webp\" alt=\"Billede af hydrauliske cylinderdele\"><\/p>\n<h3>T\u00e6tning og sm\u00f8ring<\/h3>\n<p>\nSkovlcylinderen anvender forskellige t\u00e6tningskomponenter, s\u00e5som stempelt\u00e6tninger og stangt\u00e6tninger, som er lavet af slidst\u00e6rke materialer som polyurethan og nitrilgummi. Cylinderhuset og gevindenderne gennemg\u00e5r pr\u00e6cis bearbejdning for at forbedre slidstyrken. Regelm\u00e6ssig sm\u00f8ring med den passende m\u00e6ngde hydraulikolie er n\u00f8dvendig for at sikre problemfri drift og sm\u00f8ring af cylinderkomponenterne.\n<\/p>\n<h3>Regelm\u00e6ssig inspektion og forebyggende vedligeholdelse<\/h3>\n<ul>\n<li>Inspicer regelm\u00e6ssigt skovlcylinderen for tegn p\u00e5 skader, l\u00e6kage eller slid.<\/li>\n<li>S\u00f8rg for korrekt sm\u00f8ring af cylinderen, og udskift pakningerne om n\u00f8dvendigt.<\/li>\n<li>Kontroller og kalibrer cylinderen for at opretholde optimal ydeevne.<\/li>\n<\/ul>\n<h3>Korrekt installationsvejledning<\/h3>\n<p>\nFor at installere skovlcylinderen korrekt skal du f\u00f8lge disse retningslinjer:\n<\/p>\n<ul>\n<li>Just\u00e9r cylinderen korrekt under installationen.<\/li>\n<li>Brug passende monteringsbeslag til at fastg\u00f8re cylinderen.<\/li>\n<\/ul>\n<p><img decoding=\"async\" src=\"https:\/\/www.hydraulic-cylinders.net\/wp-content\/uploads\/2025\/01\/songte-chushion-collar.webp\" alt=\"Billede af pudekrave\"><\/p>\n<h3>Vedligeholdelsesopgaver<\/h3>\n<ul>\n<li>Regelm\u00e6ssige inspektioner<\/li>\n<li>Korrekt sm\u00f8ring<\/li>\n<li>Udskiftning af pakning<\/li>\n<li>Kalibreringstjek<\/li>\n<\/ul>\n<p>\nFremh\u00e6v vigtigheden af \u200b\u200bkorrekt installation, sm\u00f8ring og justering. Vejled vejledning i korrekt justering af cylinderen under installationen, og anbefal brug af passende monteringsbeslag til at fastg\u00f8re cylinderen. Anbefal inspektions-, reparations- og udskiftningsprocedurer. Tilbyd reservedele og ombygningstjenester for at forl\u00e6nge spandcylinderens levetid.\n<\/p>\n<p><img decoding=\"async\" src=\"https:\/\/www.hydraulic-cylinders.net\/wp-content\/uploads\/2025\/01\/songte-bushings-with-all-kinds-of-excavator-models.webp\" alt=\"Billede af gravemaskineb\u00f8sninger\"><\/p>\n<h3>Sikkerhedshensyn og milj\u00f8faktorer<\/h3>\n<p>\nN\u00e5r du bruger skovlcylinderen, er det vigtigt at f\u00f8lge sikkerhedsforanstaltninger for at forhindre ulykker og sikre sikker drift. Overvej milj\u00f8faktorer som temperatur og driftsforhold for at optimere cylinderens ydeevne og levetid.\n<\/p>\n<h3>Fejlfinding og almindelige problemer<\/h3>\n<p>\nIdentificer potentielle fejlfindingsomr\u00e5der og almindelige problemer relateret til skovlcylinderen. Giv tips og l\u00f8sninger til effektiv diagnosticering og l\u00f8sning af problemer. Foresl\u00e5 forebyggende foranstaltninger for at minimere potentielle problemer.\n<\/p>\n<p><img decoding=\"async\" src=\"https:\/\/www.hydraulic-cylinders.net\/wp-content\/uploads\/2025\/01\/songte-company-1.webp\" alt=\"Virksomhedens image\"><\/p>\n<h3>Om vores virksomhed<\/h3>\n<p>\nVi er en producent af hydrauliske udskiftningscylindre og en f\u00f8rende producent og grossistdistribut\u00f8r p\u00e5 det indenlandske og internationale marked. Vores virksomhed overholder principperne om ekspertise og s\u00e6tter sin lid til strategier for industriel produktionsstyring i vores avancerede produktionsv\u00e6rksteder. Med vores fokus p\u00e5 teknologisk talent, avanceret digitalt produktionsudstyr og professionelle testsystemer forbedrer vi l\u00f8bende vores produktionsplatform, forbedrer produktkvaliteten og produktionsruterne og har st\u00e6rke kreative evner. Vi str\u00e6ber efter at im\u00f8dekomme vores kunders forskellige behov med h\u00f8j effektivitet, pr\u00e6cision og kvalitet.\n<\/p>\n<p><img decoding=\"async\" src=\"https:\/\/www.hydraulic-cylinders.net\/wp-content\/uploads\/2025\/01\/songte-company-3.webp\" alt=\"Virksomhedens image\"><\/p>\n<h3>Virksomhedens h\u00f8jdepunkter<\/h3>\n<ul>\n<li>Professionalitet<\/li>\n<li>Internationale certificeringer<\/li>\n<li>Tilpasningstjenester<\/li>\n<li>Produktionsudstyr<\/li>\n<li>Eftersalgsservice<\/li>\n<\/ul>\n<p>Forfatter: lyl<\/p>\n<p><\/body><br \/>\n<\/html><\/p>","protected":false},"excerpt":{"rendered":"<p>Bucket Cylinder For Komatsu Small Excavator PC45-1-5-7 Introduction A bucket cylinder for Komatsu small excavator PC45-1-5-7 is a specialized hydraulic cylinder designed to control the movement of the bucket in heavy machinery such as excavators, backhoe loaders, and front-end loaders. Its main function is to enable the lifting, lowering, and tilting of the bucket, making [&hellip;]<\/p>","protected":false},"featured_media":14780,"comment_status":"open","ping_status":"closed","template":"","meta":{"_et_pb_use_builder":"","_et_pb_old_content":"","_et_gb_content_width":""},"product_brand":[],"product_cat":[1494],"product_tag":[1495,1496],"class_list":{"0":"post-15123","1":"product","2":"type-product","3":"status-publish","4":"has-post-thumbnail","6":"product_cat-bucket-cylinders","7":"product_tag-bucket-cylinders","8":"product_tag-hydraulic-cylinders","10":"first","11":"instock","12":"shipping-taxable","13":"product-type-simple"},"amp_enabled":true,"_links":{"self":[{"href":"https:\/\/www.hydraulic-cylinders.net\/da\/wp-json\/wp\/v2\/product\/15123","targetHints":{"allow":["GET"]}}],"collection":[{"href":"https:\/\/www.hydraulic-cylinders.net\/da\/wp-json\/wp\/v2\/product"}],"about":[{"href":"https:\/\/www.hydraulic-cylinders.net\/da\/wp-json\/wp\/v2\/types\/product"}],"replies":[{"embeddable":true,"href":"https:\/\/www.hydraulic-cylinders.net\/da\/wp-json\/wp\/v2\/comments?post=15123"}],"wp:featuredmedia":[{"embeddable":true,"href":"https:\/\/www.hydraulic-cylinders.net\/da\/wp-json\/wp\/v2\/media\/14780"}],"wp:attachment":[{"href":"https:\/\/www.hydraulic-cylinders.net\/da\/wp-json\/wp\/v2\/media?parent=15123"}],"wp:term":[{"taxonomy":"product_brand","embeddable":true,"href":"https:\/\/www.hydraulic-cylinders.net\/da\/wp-json\/wp\/v2\/product_brand?post=15123"},{"taxonomy":"product_cat","embeddable":true,"href":"https:\/\/www.hydraulic-cylinders.net\/da\/wp-json\/wp\/v2\/product_cat?post=15123"},{"taxonomy":"product_tag","embeddable":true,"href":"https:\/\/www.hydraulic-cylinders.net\/da\/wp-json\/wp\/v2\/product_tag?post=15123"}],"curies":[{"name":"wp","href":"https:\/\/api.w.org\/{rel}","templated":true}]}}