{"id":15124,"date":"2025-01-19T14:08:08","date_gmt":"2025-01-19T14:08:08","guid":{"rendered":"https:\/\/www.hydraulic-cylinders.net\/product\/bucket-cylinder-for-komatsu-small-excavator-pc60-2-3-5-6-7-8\/"},"modified":"2025-01-19T14:08:10","modified_gmt":"2025-01-19T14:08:10","slug":"bucket-cylinder-for-komatsu-small-excavator-pc60-2-3-5-6-7-8","status":"publish","type":"product","link":"https:\/\/www.hydraulic-cylinders.net\/da\/vare\/bucket-cylinder-for-komatsu-small-excavator-pc60-2-3-5-6-7-8\/","title":{"rendered":"Skovlcylinder til Komatsu lille gravemaskine PC60-2-3-5-6-7-8"},"content":{"rendered":"<p><!DOCTYPE html><br \/>\n<html><br \/>\n<head><br \/>\n<title>Skovlcylinder til Komatsu lille gravemaskine PC60-2-3-5-6-7-8<\/title><br \/>\n<\/head><br \/>\n<body><\/p>\n<h1>Skovlcylinder til Komatsu lille gravemaskine PC60-2-3-5-6-7-8<\/h1>\n<h2>Indledning<\/h2>\n<p>Skovlcylinderen til Komatsu Small Excavator PC60-2-3-5-6-7-8 er en specialdesignet hydraulisk cylinder, der bruges til at styre skovlens bev\u00e6gelse i tunge maskiner s\u00e5som gravemaskiner, rendegravere og hjull\u00e6ssere. Dens hovedfunktion er at muligg\u00f8re l\u00f8ft, s\u00e6nkning og vipning af skovlen, hvilket g\u00f8r det lettere at udf\u00f8re forskellige materialeh\u00e5ndteringsopgaver. I det hydrauliske system opn\u00e5r skovlcylinderen pr\u00e6cis kontrol over skovlen ved at udnytte tryk\u00e6ndringerne i hydraulikolien, hvilket g\u00f8r det muligt for f\u00f8reren effektivt at h\u00e5ndtere tunge belastninger og tilpasse sig komplekse arbejdsmilj\u00f8er og forskellige driftsbehov.<\/p>\n<p><img decoding=\"async\" src=\"https:\/\/www.hydraulic-cylinders.net\/wp-content\/uploads\/2025\/01\/songte-company-2.webp\" alt=\"Billede af spandcylinder\"><\/p>\n<h2>Funktioner<\/h2>\n<ul>\n<li>H\u00f8j styrke og holdbarhed: Typisk fremstillet af h\u00f8jstyrkest\u00e5l eller aluminium, kan den modst\u00e5 h\u00f8jt tryk og tunge belastninger, hvilket g\u00f8r den i stand til at tilpasse sig barske arbejdsmilj\u00f8er. Designet tager h\u00f8jde for slidstyrke og korrosionsbestandighed, hvilket forl\u00e6nger dens levetid.<\/li>\n<li>Effektiv hydraulisk drift: Den udnytter trykket fra hydraulikolien til at opn\u00e5 j\u00e6vn ud- og indtr\u00e6kning, hvilket giver hurtig respons p\u00e5 kontrolkommandoer og leverer kraftige skubbe- og tr\u00e6kkr\u00e6fter, der er velegnede til h\u00e5ndtering af tunge belastninger og komplekse opgaver.<\/li>\n<li>Forskellige typer: Den f\u00e5s som enkeltvirkende (hydraulisk tryk anvendes kun i \u00e9n retning) eller dobbeltvirkende (hydraulisk tryk anvendes i begge retninger) cylindre for at opfylde forskellige driftskrav. Nogle modeller er teleskopiske, hvilket giver mulighed for st\u00f8rre udtr\u00e6k uden at \u00f8ge de udvendige dimensioner, hvilket g\u00f8r dem velegnede til applikationer med begr\u00e6nset plads.<\/li>\n<\/ul>\n<p><img decoding=\"async\" src=\"https:\/\/www.hydraulic-cylinders.net\/wp-content\/uploads\/2025\/01\/songte-cylinder-head-with-all-kinds-excavator-models.webp\" alt=\"Produktbillede\"><\/p>\n<h2>Applikationer<\/h2>\n<p>Skovlcylinderen til Komatsu lille gravemaskine PC60-2-3-5-6-7-8 bruges i vid udstr\u00e6kning i forskellige brancher, herunder:<\/p>\n<ul>\n<li>Entrepren\u00f8rudstyr: De findes i gravemaskiner og er afg\u00f8rende for udgravning, l\u00e6sning og flytning af jord eller affald. I rendegravere hj\u00e6lper skovlcylinderen med b\u00e5de udgravning og l\u00f8ft.<\/li>\n<li>Landbrugsmaskiner: Bruges i frontl\u00e6ssere til at udgrave, l\u00f8fte og transportere jord, h\u00f8 og andre materialer.<\/li>\n<li>Gravemaskiner: Skovlcylinderen muligg\u00f8r gravehandlinger ved at lade skovlen tr\u00e6nge ned i jorden.<\/li>\n<li>Hjull\u00e6ssere: Frontl\u00e6ssere hj\u00e6lper med at l\u00f8fte og losse gods effektivt.<\/li>\n<\/ul>\n<h2>Designovervejelser og udv\u00e6lgelseskriterier<\/h2>\n<p>N\u00e5r det kommer til designovervejelser og udv\u00e6lgelseskriterier for skovlcylinderen til Komatsu lille gravemaskine PC60-2-3-5-6-7-8, er f\u00f8lgende faktorer vigtige:<\/p>\n<ul>\n<li>B\u00e6reevne: Cylinderen skal kunne modst\u00e5 den tilsigtede belastning uden at svigte.<\/li>\n<li>T\u00e6tning: Forskellige t\u00e6tningskomponenter, s\u00e5som stempelt\u00e6tninger og stangt\u00e6tninger, lavet af slidst\u00e6rke materialer som polyurethan og nitrilgummi, anvendes til at sikre effektiv t\u00e6tning. Cylinderhuset og gevindendefladerne er fint forarbejdet for at forbedre slidstyrken.<\/li>\n<\/ul>\n<p><img decoding=\"async\" src=\"https:\/\/www.hydraulic-cylinders.net\/wp-content\/uploads\/2025\/01\/songte-oil-pipes-and-spare-parts.webp\" alt=\"Produktdele Billede\"><\/p>\n<h2>T\u00e6tning og sm\u00f8ring<\/h2>\n<p>Skovlcylinderen til Komatsu lille gravemaskine PC60-2-3-5-6-7-8 anvender forskellige t\u00e6tninger, s\u00e5som stempelt\u00e6tninger og stangt\u00e6tninger, lavet af slidst\u00e6rke materialer som polyurethan og nitrilgummi. Cylinderhuset og gevindfladerne gennemg\u00e5r fin bearbejdning for at forbedre slidstyrken. Regelm\u00e6ssig sm\u00f8ring med passende hydraulikolie er n\u00f8dvendig for optimal ydeevne.<\/p>\n<h2>Inspektion og forebyggende vedligeholdelse<\/h2>\n<p>Regelm\u00e6ssige inspektioner og forebyggende vedligeholdelsesforanstaltninger er afg\u00f8rende for at sikre levetiden for skovlcylinderen til Komatsu lille gravemaskine PC60-2-3-5-6-7-8. F\u00f8lgende opgaver skal udf\u00f8res:<\/p>\n<ul>\n<li>Regelm\u00e6ssige kontroller<\/li>\n<li>Korrekt sm\u00f8ring<\/li>\n<li>Udskiftning af pakning<\/li>\n<li>Kalibreringstjek<\/li>\n<\/ul>\n<p><img decoding=\"async\" src=\"https:\/\/www.hydraulic-cylinders.net\/wp-content\/uploads\/2025\/01\/songte-chushion-collar.webp\" alt=\"Vedligeholdelsesbillede\"><\/p>\n<h2>Sikkerhedshensyn og milj\u00f8faktorer<\/h2>\n<p>N\u00e5r man bruger skovlcylinderen til Komatsu lille gravemaskine PC60-2-3-5-6-7-8, er det vigtigt at prioritere sikkerhedsforanstaltninger i overensstemmelse med brugen af \u200b\u200bhydraulisk udstyr.<\/p>\n<h2>Fejlfinding og almindelige problemer<\/h2>\n<p>Almindelige problemer, der kan opst\u00e5 med skovlcylinderen til Komatsu lille gravemaskine PC60-2-3-5-6-7-8, omfatter:<\/p>\n<ul>\n<li>L\u00e6kage<\/li>\n<li>Utilstr\u00e6kkelig str\u00f8m<\/li>\n<li>Uregelm\u00e6ssig bev\u00e6gelse<\/li>\n<\/ul>\n<h2>Vedligeholdelsestips og l\u00f8sninger<\/h2>\n<p>For effektivt at diagnosticere og l\u00f8se problemer og minimere potentielle problemer, b\u00f8r du overveje f\u00f8lgende vedligeholdelsestips:<\/p>\n<ul>\n<li>Korrekt installation, sm\u00f8ring og justering<\/li>\n<li>Korrekt justering af cylinderen under installationen<\/li>\n<li>Brug passende monteringsbeslag til at fastg\u00f8re cylinderen<\/li>\n<li>Anbefalede procedurer for inspektion, reparation og udskiftning<\/li>\n<\/ul>\n<p><img decoding=\"async\" src=\"https:\/\/www.hydraulic-cylinders.net\/wp-content\/uploads\/2025\/01\/songte-bushings-with-all-kinds-of-excavator-models.webp\" alt=\"Fejlfindingsbillede\"><\/p>\n<h2>Om vores virksomhed<\/h2>\n<p>Vi er producent af hydrauliske udskiftningscylindre og en af \u200b\u200bde f\u00f8rende producenter og grossister p\u00e5 det indenlandske og internationale marked. Vores produktsortiment er omfattende, og vi overholder principperne om ekspertise og anvender den industrielle produktionsstyringsstrategi i vores raffinerede produktionsv\u00e6rksted. Med fokus p\u00e5 teknologisk talent, digitalt avanceret produktionsudstyr og professionelle testsystemer forbedrer vi l\u00f8bende vores produktionsplatform, optimerer produktionsruten for produktkvalitet og besidder betydelige kreative evner til at im\u00f8dekomme forskellige kundebehov med h\u00f8j effektivitet, pr\u00e6cision og kvalitet.<\/p>\n<p><img decoding=\"async\" src=\"https:\/\/www.hydraulic-cylinders.net\/wp-content\/uploads\/2025\/01\/songte-company-3.webp\" alt=\"Virksomhedens image\"><\/p>\n<h3>Professionalitet<\/h3>\n<p>Vi er stolte af vores professionalisme og str\u00e6ber efter internationale certificeringer for at sikre de h\u00f8jeste standarder i vores produkter.<\/p>\n<h3>Tilpasningstjenester<\/h3>\n<p>Vi tilbyder tilpasningstjenester for at im\u00f8dekomme specifikke krav og leverer skr\u00e6ddersyede l\u00f8sninger.<\/p>\n<h3>Produktionsudstyr<\/h3>\n<p>Vi anvender avanceret produktionsudstyr for at sikre kvaliteten og p\u00e5lideligheden af \u200b\u200bvores hydrauliske cylindre.<\/p>\n<h3>Eftersalgsservice<\/h3>\n<p>Vi tilbyder omfattende eftersalgsservice, herunder udskiftning og ombygning af dele, for at forl\u00e6nge levetiden p\u00e5 vores produkter.<\/p>\n<p>Forfatter: lyl<\/p>\n<p><\/body><br \/>\n<\/html><\/p>","protected":false},"excerpt":{"rendered":"<p>Bucket Cylinder For Komatsu Small Excavator PC60-2-3-5-6-7-8 Bucket Cylinder For Komatsu Small Excavator PC60-2-3-5-6-7-8 Introduction The Bucket Cylinder for Komatsu Small Excavator PC60-2-3-5-6-7-8 is a specially designed hydraulic cylinder used to control the movement of the bucket in heavy machinery such as excavators, backhoe loaders, and wheel loaders. Its main function is to enable the [&hellip;]<\/p>","protected":false},"featured_media":14778,"comment_status":"open","ping_status":"closed","template":"","meta":{"_et_pb_use_builder":"","_et_pb_old_content":"","_et_gb_content_width":""},"product_brand":[],"product_cat":[1494],"product_tag":[1495,1496],"class_list":{"0":"post-15124","1":"product","2":"type-product","3":"status-publish","4":"has-post-thumbnail","6":"product_cat-bucket-cylinders","7":"product_tag-bucket-cylinders","8":"product_tag-hydraulic-cylinders","10":"first","11":"instock","12":"shipping-taxable","13":"product-type-simple"},"amp_enabled":true,"_links":{"self":[{"href":"https:\/\/www.hydraulic-cylinders.net\/da\/wp-json\/wp\/v2\/product\/15124","targetHints":{"allow":["GET"]}}],"collection":[{"href":"https:\/\/www.hydraulic-cylinders.net\/da\/wp-json\/wp\/v2\/product"}],"about":[{"href":"https:\/\/www.hydraulic-cylinders.net\/da\/wp-json\/wp\/v2\/types\/product"}],"replies":[{"embeddable":true,"href":"https:\/\/www.hydraulic-cylinders.net\/da\/wp-json\/wp\/v2\/comments?post=15124"}],"wp:featuredmedia":[{"embeddable":true,"href":"https:\/\/www.hydraulic-cylinders.net\/da\/wp-json\/wp\/v2\/media\/14778"}],"wp:attachment":[{"href":"https:\/\/www.hydraulic-cylinders.net\/da\/wp-json\/wp\/v2\/media?parent=15124"}],"wp:term":[{"taxonomy":"product_brand","embeddable":true,"href":"https:\/\/www.hydraulic-cylinders.net\/da\/wp-json\/wp\/v2\/product_brand?post=15124"},{"taxonomy":"product_cat","embeddable":true,"href":"https:\/\/www.hydraulic-cylinders.net\/da\/wp-json\/wp\/v2\/product_cat?post=15124"},{"taxonomy":"product_tag","embeddable":true,"href":"https:\/\/www.hydraulic-cylinders.net\/da\/wp-json\/wp\/v2\/product_tag?post=15124"}],"curies":[{"name":"wp","href":"https:\/\/api.w.org\/{rel}","templated":true}]}}