{"id":15126,"date":"2025-01-19T14:08:16","date_gmt":"2025-01-19T14:08:16","guid":{"rendered":"https:\/\/www.hydraulic-cylinders.net\/product\/bucket-cylinder-for-komatsu-small-excavator-pc128-130-7\/"},"modified":"2025-01-19T14:08:18","modified_gmt":"2025-01-19T14:08:18","slug":"bucket-cylinder-for-komatsu-small-excavator-pc128-130-7","status":"publish","type":"product","link":"https:\/\/www.hydraulic-cylinders.net\/da\/vare\/bucket-cylinder-for-komatsu-small-excavator-pc128-130-7\/","title":{"rendered":"Skovlcylinder til Komatsu lille gravemaskine PC128\/130-7"},"content":{"rendered":"<h2>Skovlcylinder til Komatsu lille gravemaskine PC128\/130-7<\/h2>\n<h3>Indledning<\/h3>\n<p>Skovlcylinderen til Komatsu lille gravemaskine PC128\/130-7 er en specialdesignet hydraulisk cylinder, der prim\u00e6rt bruges til at styre bev\u00e6gelsen af \u200b\u200bskovle i tunge maskiner s\u00e5som gravemaskiner, rendegravere og frontl\u00e6ssere. Dens hovedfunktion er at g\u00f8re det muligt for skovlen at l\u00f8fte, s\u00e6nke og vippe, hvilket letter forskellige materialeh\u00e5ndteringsopgaver. I det hydrauliske system opn\u00e5r skovlcylinderen pr\u00e6cis kontrol over skovlen gennem \u00e6ndringer i hydraulikolietrykket, hvilket g\u00f8r det muligt for operat\u00f8rer at h\u00e5ndtere tunge l\u00e6s effektivt og tilpasse sig komplekse arbejdsmilj\u00f8er og forskellige driftskrav.<\/p>\n<p><img decoding=\"async\" src=\"https:\/\/www.hydraulic-cylinders.net\/wp-content\/uploads\/2025\/01\/songte-company-2.webp\" alt=\"Skovlcylinder til Komatsu lille gravemaskine PC128\/130-7 billede\"><\/p>\n<h3>Funktioner<\/h3>\n<ul>\n<li>H\u00f8j styrke og holdbarhed: Typisk fremstillet af h\u00f8jstyrkest\u00e5l eller aluminium, i stand til at modst\u00e5 h\u00f8jt tryk og tunge belastninger, egnet til barske arbejdsmilj\u00f8er, designet med slidstyrke og korrosionsbestandighed i tankerne, hvilket forl\u00e6nger levetiden.<\/li>\n<li>Effektiv hydraulisk drift: Udnytter hydraulisk olietryk til at opn\u00e5 j\u00e6vne ud- og tilbagetr\u00e6kningsbev\u00e6gelser, er i stand til at reagere hurtigt p\u00e5 styrekommandoer, giver kraftige skubbe- og tr\u00e6kkr\u00e6fter, er velegnet til h\u00e5ndtering af tunge belastninger og komplekse driftsopgaver.<\/li>\n<li>Forskellige typer: Cylindertyper kan v\u00e6lges efter behov, s\u00e5som enkeltvirkende (hydrauliske cylindre bruges kun i \u00e9n retning) eller dobbeltvirkende (hydrauliske cylindre bruges i begge retninger) for at im\u00f8dekomme forskellige driftsbehov. Nogle modeller er teleskopiske, hvilket giver mulighed for st\u00f8rre udtr\u00e6k uden at \u00f8ge de udvendige dimensioner og er velegnede til applikationer med begr\u00e6nset plads.<\/li>\n<li>Nemme at producere: Vores produkter kan perfekt erstatte disse hydrauliske cylindre.<\/li>\n<\/ul>\n<p><img decoding=\"async\" src=\"https:\/\/www.hydraulic-cylinders.net\/wp-content\/uploads\/2025\/01\/songte-cylinder-head-with-all-kinds-excavator-models.webp\" alt=\"Skovlcylinder til Komatsu lille gravemaskine PC128\/130-7 produktionsbillede\"><\/p>\n<h3>Applikationer<\/h3>\n<p>Skovlcylinderen til Komatsu lille gravemaskine PC128\/130-7 bruges i vid udstr\u00e6kning i forskellige tunge maskiner, s\u00e5som:<\/p>\n<ul>\n<li>Entrepren\u00f8rudstyr: I gravemaskiner er de afg\u00f8rende for at grave, l\u00e6sse og flytte jord eller affald. I rendegravere hj\u00e6lper skovlcylindre med b\u00e5de at grave og l\u00f8fte. <\/li>\n<li>Landbrugsmaskiner: bruges i frontl\u00e6ssere til at skovle, l\u00f8fte og transportere jord, h\u00f8 og andre materialer.<\/li>\n<li>Gravemaskiner: Skovlcylindere muligg\u00f8r gravefunktioner ved at lade skovlen tr\u00e6nge ned i jorden.<\/li>\n<li>L\u00e6ssere: I frontl\u00e6ssere hj\u00e6lper de med at l\u00f8fte og vippe gods effektivt.<\/li>\n<\/ul>\n<h3>Designovervejelser og udv\u00e6lgelseskriterier<\/h3>\n<p>Designhensyn og udv\u00e6lgelseskriterier for skovlcylinderen til Komatsu lille gravemaskine PC128\/130-7 omfatter:<\/p>\n<ul>\n<li>B\u00e6reevne: evnen til at modst\u00e5 h\u00f8jt tryk og tunge belastninger.<\/li>\n<li>T\u00e6tning: evnen til at forhindre l\u00e6kage af hydraulisk olie og opretholde korrekt sm\u00f8ring.<\/li>\n<li>Holdbarhed: evnen til at modst\u00e5 slid og korrosion, is\u00e6r i barske arbejdsmilj\u00f8er.<\/li>\n<li>Sikkerhed: evnen til at forebygge ulykker og skader under drift.<\/li>\n<li>Vedligeholdelsesevne: Evnen til let at vedligeholde og reparere.<\/li>\n<\/ul>\n<p><img decoding=\"async\" src=\"https:\/\/www.hydraulic-cylinders.net\/wp-content\/uploads\/2025\/01\/songte-oil-pipes-and-spare-parts.webp\" alt=\"Billede af reservedel til skovlcylinder til Komatsu lille gravemaskine PC128\/130-7\"><\/p>\n<h3>T\u00e6tning og sm\u00f8ring<\/h3>\n<p>Overvejelser vedr\u00f8rende t\u00e6tning og sm\u00f8ring af skovlcylinderen til Komatsu lille gravemaskine PC128\/130-7 omfatter:<\/p>\n<ul>\n<li>Brug af forskellige t\u00e6tninger s\u00e5som stempelt\u00e6tninger og stangt\u00e6tninger, fremstillet af slidst\u00e6rke materialer som polyurethan og nitrilgummi.<\/li>\n<li>Cylinderhuset og gevindets endeflade er fint forarbejdet for at forbedre slidstyrken.<\/li>\n<li>Regelm\u00e6ssig p\u00e5fyldning af hydraulikolie for at sikre korrekt sm\u00f8ring.<\/li>\n<\/ul>\n<h3>Vedligeholdelse og reparation<\/h3>\n<p>Vedligeholdelses- og reparationsopgaverne for skovlcylinderen til Komatsu lille gravemaskine PC128\/130-7 omfatter:<\/p>\n<ul>\n<li>Regelm\u00e6ssige inspektioner af cylinderen, passende sm\u00f8ring, udskiftning af pakninger og kalibreringskontroller.<\/li>\n<li>Vigtigheden af \u200b\u200bkorrekt installation, sm\u00f8ring og justering.<\/li>\n<li>Vejledning i korrekt justering af cylinderen under installation.<\/li>\n<li>Anbefalinger til brug af korrekte monteringsbeslag til fastg\u00f8relse af cylindre.<\/li>\n<li>Anbefalede procedurer for inspektion, reparation og udskiftning.<\/li>\n<li>Levering af reservedele og ombygningstjenester for at forl\u00e6nge levetiden p\u00e5 skovlcylinderen til Komatsu lille gravemaskine PC128\/130-7.<\/li>\n<\/ul>\n<p><img decoding=\"async\" src=\"https:\/\/www.hydraulic-cylinders.net\/wp-content\/uploads\/2025\/01\/songte-chushion-collar.webp\" alt=\"Skovlcylinder til Komatsu lille gravemaskine PC128\/130-7 kravebillede\"><\/p>\n<h3>Sikkerhedshensyn og milj\u00f8faktorer<\/h3>\n<p>N\u00e5r man bruger en skovlcylinder til Komatsu lille gravemaskine PC128\/130-7, er sikkerhedsforanstaltninger vigtige. Det anbefales at f\u00f8lge alle sikkerhedsprocedurer og retningslinjer for at minimere risici og beskytte operat\u00f8rer og udstyr. Milj\u00f8faktorer som temperatur, fugtighed og forurening b\u00f8r ogs\u00e5 tages i betragtning.<\/p>\n<h3>Fejlfinding og almindelige problemer<\/h3>\n<p>Potentielle problemer med skovlcylinderen til Komatsu lille gravemaskine PC128\/130-7 omfatter oliel\u00e6kage, beskadigede pakninger og utilstr\u00e6kkelig sm\u00f8ring. Hurtig fejlfinding og probleml\u00f8sning er afg\u00f8rende for at forhindre yderligere skader og undg\u00e5 nedetid p\u00e5 udstyret.<\/p>\n<h3>Virksomhedsintroduktion<\/h3>\n<p>Vores virksomhed er en producent af hydrauliske cylindre, der kan erstatte de originale hydrauliske cylindre. Vi tilbyder en bred vifte af produkter og er blevet en af \u200b\u200bde f\u00f8rende producenter og engrosdistribut\u00f8rer af hydrauliske cylindre p\u00e5 indenlandske og internationale markeder. Vi overholder princippet om enest\u00e5ende kvalitet og s\u00e6tter vores lid til industrialiserede produktionsstyringsstrategier i fint fremstillede v\u00e6rksteder. Vores virksomhed forbedrer l\u00f8bende v\u00e6rkstedets produktionsplatform, forbedrer produkternes produktionskvalitet og har en st\u00e6rk kreativ evne. Vores produkter leverer flerdimensionelle l\u00f8sninger, der opfylder kundernes behov med h\u00f8j effektivitet, h\u00f8j pr\u00e6cision og h\u00f8j kvalitet.<\/p>\n<p><img decoding=\"async\" src=\"https:\/\/hzpt.com\/wp-content\/uploads\/2024\/11\/songte-company-1.webp\" alt=\"Virksomhedens image\"><\/p>\n<h3>Firmaprofil<\/h3>\n<ul>\n<li>Professionalitet: Vi har et team af professionelle med mange \u00e5rs erfaring inden for hydrauliske cylinderindustrien, der kan tilbyde dig f\u00f8rsteklasses service og teknisk support.<\/li>\n<li>International certificering: Vores produkter er certificeret i henhold til internationale standarder for at sikre kvalitet og sikkerhed.<\/li>\n<li>Tilpasningstjenester: Vi tilbyder skr\u00e6ddersyede tjenester, der im\u00f8dekommer individuelle kunders behov.<\/li>\n<li>Produktionsudstyr: Vores virksomhed bruger avanceret produktionsudstyr for at sikre produktkvalitet og effektivitet.<\/li>\n<li>Eftersalgsservice: Vi tilbyder omfattende eftersalgsservice, herunder vedligeholdelse, reparation og udskiftning af dele.<\/li>\n<\/ul>\n<p><img decoding=\"async\" src=\"https:\/\/www.hydraulic-cylinders.net\/wp-content\/uploads\/2025\/01\/songte-company-3.webp\" alt=\"Billede af virksomhedsprofil\"><\/p>\n<p>Forfatter: lyl<\/p>","protected":false},"excerpt":{"rendered":"<p>Bucket Cylinder For Komatsu Small Excavator PC128\/130-7 Introduction The Bucket Cylinder For Komatsu Small Excavator PC128\/130-7 is a specially designed hydraulic cylinder primarily used for controlling the movement of buckets in heavy machinery such as excavators, backhoes, and front-end loaders. Its main function is to enable the bucket to lift, lower, and tilt, thereby facilitating [&hellip;]<\/p>","protected":false},"featured_media":14773,"comment_status":"open","ping_status":"closed","template":"","meta":{"_et_pb_use_builder":"","_et_pb_old_content":"","_et_gb_content_width":""},"product_brand":[],"product_cat":[1494],"product_tag":[1495,1496],"class_list":{"0":"post-15126","1":"product","2":"type-product","3":"status-publish","4":"has-post-thumbnail","6":"product_cat-bucket-cylinders","7":"product_tag-bucket-cylinders","8":"product_tag-hydraulic-cylinders","10":"first","11":"instock","12":"shipping-taxable","13":"product-type-simple"},"amp_enabled":true,"_links":{"self":[{"href":"https:\/\/www.hydraulic-cylinders.net\/da\/wp-json\/wp\/v2\/product\/15126","targetHints":{"allow":["GET"]}}],"collection":[{"href":"https:\/\/www.hydraulic-cylinders.net\/da\/wp-json\/wp\/v2\/product"}],"about":[{"href":"https:\/\/www.hydraulic-cylinders.net\/da\/wp-json\/wp\/v2\/types\/product"}],"replies":[{"embeddable":true,"href":"https:\/\/www.hydraulic-cylinders.net\/da\/wp-json\/wp\/v2\/comments?post=15126"}],"wp:featuredmedia":[{"embeddable":true,"href":"https:\/\/www.hydraulic-cylinders.net\/da\/wp-json\/wp\/v2\/media\/14773"}],"wp:attachment":[{"href":"https:\/\/www.hydraulic-cylinders.net\/da\/wp-json\/wp\/v2\/media?parent=15126"}],"wp:term":[{"taxonomy":"product_brand","embeddable":true,"href":"https:\/\/www.hydraulic-cylinders.net\/da\/wp-json\/wp\/v2\/product_brand?post=15126"},{"taxonomy":"product_cat","embeddable":true,"href":"https:\/\/www.hydraulic-cylinders.net\/da\/wp-json\/wp\/v2\/product_cat?post=15126"},{"taxonomy":"product_tag","embeddable":true,"href":"https:\/\/www.hydraulic-cylinders.net\/da\/wp-json\/wp\/v2\/product_tag?post=15126"}],"curies":[{"name":"wp","href":"https:\/\/api.w.org\/{rel}","templated":true}]}}