{"id":15128,"date":"2025-01-19T14:08:23","date_gmt":"2025-01-19T14:08:23","guid":{"rendered":"https:\/\/www.hydraulic-cylinders.net\/product\/bucket-cylinder-for-komatsu-small-excavator-pc55-55uu\/"},"modified":"2025-01-19T14:08:25","modified_gmt":"2025-01-19T14:08:25","slug":"bucket-cylinder-for-komatsu-small-excavator-pc55-55uu","status":"publish","type":"product","link":"https:\/\/www.hydraulic-cylinders.net\/da\/vare\/bucket-cylinder-for-komatsu-small-excavator-pc55-55uu\/","title":{"rendered":"Skovlcylinder til Komatsu lille gravemaskine PC55 55UU"},"content":{"rendered":"<h1>Skovlcylinder til Komatsu lille gravemaskine PC55 55UU<\/h1>\n<h2>Indledning<\/h2>\n<p>Skovlcylinderen til Komatsu lille gravemaskine PC55 55UU er en specialiseret hydraulisk cylinder, der prim\u00e6rt bruges til at styre skovlens bev\u00e6gelse i tunge maskiner, s\u00e5som gravemaskiner, rendegravere og frontl\u00e6ssere. Dens prim\u00e6re funktion er at tillade skovlen at l\u00f8fte, s\u00e6nke og vippe, hvilket g\u00f8r det lettere at udf\u00f8re forskellige materialeh\u00e5ndteringsopgaver. I det hydrauliske system opn\u00e5r skovlcylinderen pr\u00e6cis kontrol over skovlen gennem \u00e6ndringer i hydraulikolietrykket og giver f\u00f8reren mulighed for effektivt at h\u00e5ndtere tunge genstande og tilpasse sig komplekse arbejdsmilj\u00f8er og forskellige driftskrav.<\/p>\n<p><img decoding=\"async\" src=\"https:\/\/www.hydraulic-cylinders.net\/wp-content\/uploads\/2025\/01\/songte-company-2.webp\" alt=\"Billede af spandcylinder\"><\/p>\n<h2>Funktioner<\/h2>\n<ul>\n<li>H\u00f8j styrke og holdbarhed: Typisk fremstillet af h\u00f8jstyrkest\u00e5l eller aluminium, i stand til at modst\u00e5 h\u00f8jt tryk og tunge belastninger, egnet til barske arbejdsmilj\u00f8er, designet med slidstyrke og korrosionsbestandighed i tankerne samt forl\u00e6nget levetid.<\/li>\n<li>Effektiv hydraulisk drift: j\u00e6vne forl\u00e6ngelses- og sammentr\u00e6kningsbev\u00e6gelser opn\u00e5s gennem hydraulisk olietryk, hurtig reaktion p\u00e5 styrekommandoer, giver kraftig skubbe- og tr\u00e6kkraft, velegnet til h\u00e5ndtering af tunge genstande og komplekse driftsopgaver.<\/li>\n<li>Forskellige typer tilg\u00e6ngelige: enkeltvirkende (hydraulisk anvendt i kun \u00e9n retning) eller dobbeltvirkende (hydraulisk anvendt i to retninger) cylindre kan v\u00e6lges efter behov for at opfylde forskellige driftskrav. Nogle modeller er teleskopiske, hvilket giver mulighed for st\u00f8rre udvidelse uden at \u00f8ge de udvendige dimensioner og er velegnede til applikationer med begr\u00e6nset plads.<\/li>\n<li>Perfekt erstatning for hydrauliske cylindere: Vores produkt kan perfekt erstatte disse hydrauliske cylindre.<\/li>\n<\/ul>\n<p><img decoding=\"async\" src=\"https:\/\/www.hydraulic-cylinders.net\/wp-content\/uploads\/2025\/01\/songte-cylinder-head-with-all-kinds-excavator-models.webp\" alt=\"Billede af spandcylinder\"><\/p>\n<h2>Applikationer<\/h2>\n<p>Skovlcylinderen til Komatsu lille gravemaskine PC55 55UU har forskellige anvendelser inden for forskellige omr\u00e5der:<\/p>\n<ul>\n<li>Entrepren\u00f8rudstyr: bruges i vid udstr\u00e6kning i gravemaskiner til at grave, l\u00e6sse og flytte jord eller affald, i rendegravere hj\u00e6lper skovlcylindre med b\u00e5de at grave og l\u00f8fte. <\/li>\n<li>Landbrugsmaskiner: bruges til frontl\u00e6ssere, der opsamler, l\u00f8fter og transporterer jord, h\u00f8 og andre materialer; i gravemaskiner tillader skovlcylindre gravefunktionen ved at lade skovlen tr\u00e6nge ned i jorden. <\/li>\n<li>L\u00e6ssere: I frontl\u00e6ssere hj\u00e6lper de med at l\u00f8fte og vippe godset effektivt. <\/li>\n<\/ul>\n<h2>Designovervejelser og udv\u00e6lgelseskriterier<\/h2>\n<p>Skovlcylinderen til den lille Komatsu gravemaskine PC55 55UU blev designet med f\u00f8lgende overvejelser:<\/p>\n<ul>\n<li>B\u00e6reevne: i stand til at modst\u00e5 belastning og tryk i driftsmilj\u00f8et.<\/li>\n<li>T\u00e6tningseffektivitet: Brug af forskellige t\u00e6tninger, s\u00e5som stempelt\u00e6tninger og stangt\u00e6tninger, med slidst\u00e6rke materialer, brug af avanceret bel\u00e6gningsproces for cylinderhus og gevindende for at forbedre slidstyrken og regelm\u00e6ssig sm\u00f8ring med hydraulikolie for effektiv t\u00e6tning og sm\u00f8ring.<\/li>\n<li>Holdbarhed: Kan modst\u00e5 barske arbejdsforhold, anvendes i materialer med h\u00f8j styrke og er designet med slidstyrke og korrosionsbestandighed i tankerne, hvilket forl\u00e6nger produktets levetid.<\/li>\n<li>Sikkerhed: N\u00f8je overholdelse af sikkerhedsstandarder og -forskrifter, levering af sikkerhedsforanstaltninger og -procedurer til brugerne og sikring af brugersikkerhed under drift.<\/li>\n<li>Vedligeholdelse: Nem vedligeholdelse, brug af komponenter af h\u00f8j kvalitet og regelm\u00e6ssig vedligeholdelse og inspektion for at forl\u00e6nge produktets levetid.<\/li>\n<\/ul>\n<p><img decoding=\"async\" src=\"https:\/\/www.hydraulic-cylinders.net\/wp-content\/uploads\/2025\/01\/songte-oil-pipes-and-spare-parts.webp\" alt=\"Billede af spandcylinder\"><\/p>\n<h2>T\u00e6tning og sm\u00f8ring<\/h2>\n<p>Skovlcylinderen til Komatsu lille gravemaskine PC55 55UU bruger forskellige t\u00e6tninger, s\u00e5som stempelt\u00e6tninger og stangt\u00e6tninger, med slidst\u00e6rke materialer, og cylinderhuset og gevindenden gennemg\u00e5r en finbehandlingsproces for at forbedre slidstyrken. Regelm\u00e6ssig sm\u00f8ring med hydraulikolie kan effektivt sm\u00f8re cylinderen og sikre produktets t\u00e6tningseffektivitet.<\/p>\n<h2>Vedligeholdelse og reparation<\/h2>\n<p>Regelm\u00e6ssig inspektion og forebyggende vedligeholdelse kan medvirke til at forl\u00e6nge skovlcylinderens levetid. Almindelige vedligeholdelsesopgaver omfatter:<\/p>\n<ul>\n<li>Regelm\u00e6ssig inspektion<\/li>\n<li>Korrekt sm\u00f8ring<\/li>\n<li>Udskiftning af pakning<\/li>\n<li>Kalibreringskontrol<\/li>\n<\/ul>\n<p>Korrekt installation af skovlcylinderen er ogs\u00e5 afg\u00f8rende, og vi anbefaler at bruge passende monteringsbeslag til at fastg\u00f8re cylinderen. Korrekt justering af cylinderen er n\u00f8dvendig under installationen. Vi tilbyder anbefalede inspektions-, reparations- og udskiftningsprocedurer, udskiftning af dele og ombygningstjenester for at forl\u00e6nge produktets levetid.<\/p>\n<p><img decoding=\"async\" src=\"https:\/\/www.hydraulic-cylinders.net\/wp-content\/uploads\/2025\/01\/songte-chushion-collar.webp\" alt=\"Billede af spandcylinder\"><\/p>\n<h2>Sikkerheds- og milj\u00f8hensyn<\/h2>\n<p>Ved brug af skovlcylinderen skal sikkerhedsforanstaltninger n\u00f8je f\u00f8lges for at forhindre ulykker og sikre brugerens sikkerhed. Passende beskyttelsesudstyr skal b\u00e6res under driften. Milj\u00f8hensyn omfatter korrekt bortskaffelse af affald og overholdelse af milj\u00f8forskrifter under produktion og brug.<\/p>\n<h2>Fejlfinding og almindelige problemer<\/h2>\n<p>Skovlcylinderen til den lille Komatsu gravemaskine PC55 55UU kan st\u00f8de p\u00e5 nogle almindelige problemer under brug, s\u00e5som l\u00e6kage, slid og reduceret ydeevne. Korrekt diagnose og forebyggende foranstaltninger kan hj\u00e6lpe med at minimere og forhindre disse problemer og sikre produktets korrekte funktion. Vi tilbyder tips til fejlfinding og l\u00f8sninger for at hj\u00e6lpe l\u00e6serne med at diagnosticere og l\u00f8se problemer og foresl\u00e5 forebyggende foranstaltninger.<\/p>\n<p><img decoding=\"async\" src=\"https:\/\/www.hydraulic-cylinders.net\/wp-content\/uploads\/2025\/01\/songte-bushings-with-all-kinds-of-excavator-models.webp\" alt=\"Billede af spandcylinder\"><\/p>\n<h2>Om vores virksomhed<\/h2>\n<p>Vi er en producent af hydrauliske udskiftningscylindre med et komplet produktsortiment og er blevet en af \u200b\u200bde f\u00f8rende producenter og engrosdistribut\u00f8rer af hydrauliske cylindre p\u00e5 b\u00e5de indenlandske og internationale markeder. Vi overholder princippet om fremragende kvalitet, bruger fine produktionsv\u00e6rksteder til industrialiserede produktionsstyringsstrategier og forbedrer l\u00f8bende v\u00e6rkstedets produktionsplatform gennem brug af tekniske talenter, digitalt avanceret produktionsudstyr og professionelle testsystemer. Vi har en st\u00e6rk kreativitet, og med principperne om h\u00f8j effektivitet, h\u00f8j pr\u00e6cision og h\u00f8j kvalitet kan vi im\u00f8dekomme kundernes forskellige behov. <\/p>\n<p><img decoding=\"async\" src=\"https:\/\/hzpt.com\/wp-content\/uploads\/2024\/11\/songte-company-1.webp\" alt=\"Billede af spandcylinder\"><\/p>\n<h3>Professionalitet<\/h3>\n<p>Vi har et professionelt team med omfattende erfaring inden for hydrauliske produkter, der kan tilbyde kunderne l\u00f8sninger og tjenester af h\u00f8j kvalitet.<\/p>\n<h3>International certificering<\/h3>\n<p>Vores produkter har best\u00e5et internationale certificeringer, s\u00e5som CE, ISO9001 og SGS, hvilket sikrer produktkvalitet og -sikkerhed.<\/p>\n<h3>Tilpasningstjenester<\/h3>\n<p>Vi tilbyder skr\u00e6ddersyede tjenester, der im\u00f8dekommer kundernes unikke behov, skr\u00e6ddersyede produkter og l\u00f8sninger, der giver kunderne den bedste oplevelse.<\/p>\n<h3>Produktionsudstyr<\/h3>\n<p>Vi bruger avanceret og h\u00f8jtydende produktionsudstyr for at sikre kvaliteten og ydeevnen af \u200b\u200bvores produkter.<\/p>\n<h3>Eftersalgsservice<\/h3>\n<p>Vi tilbyder omfattende eftersalgsservice, s\u00e5som teknisk support, vedligeholdelse, reparation, udskiftning af dele og ombygning.<\/p>\n<p>Forfatter: lyl<\/p>","protected":false},"excerpt":{"rendered":"<p>Bucket Cylinder For Komatsu Small Excavator PC55 55UU Introduction The bucket cylinder for Komatsu small excavator PC55 55UU is a specialized hydraulic cylinder mainly used to control the movement of the bucket in heavy machinery, such as excavators, backhoe excavators, and front loaders. Its primary function is to allow the bucket to lift, lower, and [&hellip;]<\/p>","protected":false},"featured_media":14769,"comment_status":"open","ping_status":"closed","template":"","meta":{"_et_pb_use_builder":"","_et_pb_old_content":"","_et_gb_content_width":""},"product_brand":[],"product_cat":[1494],"product_tag":[1495,1496],"class_list":{"0":"post-15128","1":"product","2":"type-product","3":"status-publish","4":"has-post-thumbnail","6":"product_cat-bucket-cylinders","7":"product_tag-bucket-cylinders","8":"product_tag-hydraulic-cylinders","10":"first","11":"instock","12":"shipping-taxable","13":"product-type-simple"},"amp_enabled":true,"_links":{"self":[{"href":"https:\/\/www.hydraulic-cylinders.net\/da\/wp-json\/wp\/v2\/product\/15128","targetHints":{"allow":["GET"]}}],"collection":[{"href":"https:\/\/www.hydraulic-cylinders.net\/da\/wp-json\/wp\/v2\/product"}],"about":[{"href":"https:\/\/www.hydraulic-cylinders.net\/da\/wp-json\/wp\/v2\/types\/product"}],"replies":[{"embeddable":true,"href":"https:\/\/www.hydraulic-cylinders.net\/da\/wp-json\/wp\/v2\/comments?post=15128"}],"wp:featuredmedia":[{"embeddable":true,"href":"https:\/\/www.hydraulic-cylinders.net\/da\/wp-json\/wp\/v2\/media\/14769"}],"wp:attachment":[{"href":"https:\/\/www.hydraulic-cylinders.net\/da\/wp-json\/wp\/v2\/media?parent=15128"}],"wp:term":[{"taxonomy":"product_brand","embeddable":true,"href":"https:\/\/www.hydraulic-cylinders.net\/da\/wp-json\/wp\/v2\/product_brand?post=15128"},{"taxonomy":"product_cat","embeddable":true,"href":"https:\/\/www.hydraulic-cylinders.net\/da\/wp-json\/wp\/v2\/product_cat?post=15128"},{"taxonomy":"product_tag","embeddable":true,"href":"https:\/\/www.hydraulic-cylinders.net\/da\/wp-json\/wp\/v2\/product_tag?post=15128"}],"curies":[{"name":"wp","href":"https:\/\/api.w.org\/{rel}","templated":true}]}}