{"id":15129,"date":"2025-01-19T14:08:27","date_gmt":"2025-01-19T14:08:27","guid":{"rendered":"https:\/\/www.hydraulic-cylinders.net\/product\/bucket-cylinder-for-komatsu-small-excavator-pc20-8\/"},"modified":"2025-01-19T14:08:29","modified_gmt":"2025-01-19T14:08:29","slug":"bucket-cylinder-for-komatsu-small-excavator-pc20-8","status":"publish","type":"product","link":"https:\/\/www.hydraulic-cylinders.net\/da\/vare\/bucket-cylinder-for-komatsu-small-excavator-pc20-8\/","title":{"rendered":"Skovlcylinder til Komatsu lille gravemaskine PC20-8"},"content":{"rendered":"<h2>Skovlcylinder til Komatsu lille gravemaskine PC20-8<\/h2>\n<h3>Indledning<\/h3>\n<p>En skovlcylinder til Komatsu lille gravemaskine PC20-8 er en specialiseret hydraulisk cylinder, der bruges til at styre bev\u00e6gelsen af \u200b\u200bskovle i tunge maskiner s\u00e5som gravemaskiner, rendegravere og frontl\u00e6ssere. Dens hovedfunktion er at l\u00f8fte, s\u00e6nke og vippe skovle for at lette forskellige materialeh\u00e5ndteringsopgaver. I det hydrauliske system styrer skovlcylinderen skovlens pr\u00e6cise bev\u00e6gelse gennem tryk\u00e6ndringer i hydraulikolien, hvilket giver operat\u00f8rer mulighed for effektivt at h\u00e5ndtere tunge l\u00e6s og tilpasse sig komplekse arbejdsmilj\u00f8er og forskellige driftsbehov.<\/p>\n<p><img decoding=\"async\" src=\"https:\/\/www.hydraulic-cylinders.net\/wp-content\/uploads\/2025\/01\/songte-company-2.webp\" alt=\"Billede af spandcylinder\"\/><\/p>\n<h3>Funktioner<\/h3>\n<ul>\n<li>H\u00f8j styrke og holdbarhed: Typisk fremstillet af h\u00f8jstyrkest\u00e5l eller aluminium, i stand til at modst\u00e5 h\u00f8jt tryk og tunge belastninger, egnet til barske arbejdsmilj\u00f8er, designet med slidstyrke og korrosionsbestandighed i tankerne, hvilket forl\u00e6nger levetiden.<\/li>\n<li>Effektiv hydraulisk drift: Brug af hydraulikolietrykket til at opn\u00e5 en j\u00e6vn og pr\u00e6cis teleskopbev\u00e6gelse, i stand til at reagere hurtigt p\u00e5 styrekommandoer, give kraftig skubbe- og tr\u00e6kkraft, velegnet til h\u00e5ndtering af tunge belastninger og komplekse driftsopgaver.<\/li>\n<li>Forskellige typer: enkeltvirkende (kun hydraulisk i \u00e9n retning) eller dobbeltvirkende (hydraulisk i begge retninger) cylindre kan v\u00e6lges efter behov for at opfylde forskellige driftskrav. Nogle modeller er teleskopiske, hvilket muligg\u00f8r st\u00f8rre udtr\u00e6k uden at \u00f8ge de ydre dimensioner, og er velegnede til pladsbegr\u00e6nsede anvendelser.<\/li>\n<li>Kan tilpasses: Vi kan producere dette produkt, og vores produkt kan perfekt erstatte disse hydrauliske cylindre.<\/li>\n<\/ul>\n<p><img decoding=\"async\" src=\"https:\/\/www.hydraulic-cylinders.net\/wp-content\/uploads\/2025\/01\/songte-cylinder-head-with-all-kinds-excavator-models.webp\" alt=\"Billede af udskiftning af spandcylinder\"\/><\/p>\n<h3>Applikationer<\/h3>\n<p>Skovlcylinderen til Komatsu lille gravemaskine PC20-8 bruges i vid udstr\u00e6kning i forskellige tunge maskiner, herunder:<\/p>\n<ul>\n<li>Entrepren\u00f8rudstyr: I gravemaskiner er de afg\u00f8rende for at grave, l\u00e6sse og flytte jord eller affald. I rendegravere hj\u00e6lper skovlcylinderen b\u00e5de med at grave og l\u00f8fte. <\/li>\n<li>Landbrugsmaskiner: bruges i frontl\u00e6ssere til at skovle, l\u00f8fte og transportere jord, h\u00f8 og andre materialer. <\/li>\n<li>Gravemaskiner: Skovlcylinderen muligg\u00f8r udgravning ved at lade skovlen tr\u00e6nge ned i jorden. <\/li>\n<li>L\u00e6ssere: I frontl\u00e6ssere hj\u00e6lper de med effektivt at l\u00f8fte og losse gods. <\/li>\n<\/ul>\n<h3>Designovervejelser og udv\u00e6lgelseskriterier<\/h3>\n<p>Designhensynene til skovlcylindre omfatter b\u00e6reevne, t\u00e6tning, holdbarhed, sikkerhed og vedligeholdelsesvenlighed. N\u00f8glepunkter er:<\/p>\n<ul>\n<li>B\u00e6reevne: Cylinderen skal v\u00e6re konstrueret til at modst\u00e5 den maksimale belastning, den vil blive udsat for.<\/li>\n<li>T\u00e6tning: Forskellige t\u00e6tningskomponenter, s\u00e5som stempelt\u00e6tninger og stangt\u00e6tninger, b\u00f8r anvendes for at forhindre l\u00e6kage af hydraulisk olie. T\u00e6tninger lavet af slidst\u00e6rke materialer s\u00e5som polyurethan og nitrilgummi foretr\u00e6kkes.<\/li>\n<li>Holdbarhed: Cylinderens hus og gevindende overflade b\u00f8r behandles fint for at forbedre slidstyrken. <\/li>\n<li>Sikkerhed: Cylinderen b\u00f8r designes med sikkerhed i tankerne for at undg\u00e5 ulykker. <\/li>\n<li>Vedligeholdelsesvenlighed: let adgang til og udskiftning af komponenter og egnet til adskillelse og montering med henblik p\u00e5 reparationer og vedligeholdelse.<\/li>\n<\/ul>\n<p><img decoding=\"async\" src=\"https:\/\/www.hydraulic-cylinders.net\/wp-content\/uploads\/2025\/01\/songte-oil-pipes-and-spare-parts.webp\" alt=\"Billede af reservedele til spandcylinder\"\/><\/p>\n<h3>Forsegling og sm\u00f8ring af produktet<\/h3>\n<p>Forskellige t\u00e6tningskomponenter, s\u00e5som stempelt\u00e6tninger og stangt\u00e6tninger, b\u00f8r anvendes for at forhindre l\u00e6kage af hydraulikolie. T\u00e6tninger lavet af slidst\u00e6rke materialer s\u00e5som polyurethan og nitrilgummi foretr\u00e6kkes. Derudover kr\u00e6ver cylinderen periodisk sm\u00f8ring med den passende m\u00e6ngde hydraulikolie for at sikre problemfri drift.<\/p>\n<h3>Vedligeholdelse og reparation<\/h3>\n<p>Regelm\u00e6ssig inspektion, passende sm\u00f8ring, udskiftning af pakninger og kalibrering er almindelige vedligeholdelsesopgaver. Det er vigtigt at give korrekt justeringsvejledning under installationen og anbefale brug af passende monteringsbeslag til at fastg\u00f8re cylinderen. Vi anbefaler ogs\u00e5 at bruge korrekte inspektions-, reparations- og udskiftningsprocedurer for at forl\u00e6nge cylinderens levetid.<\/p>\n<p><img decoding=\"async\" src=\"https:\/\/www.hydraulic-cylinders.net\/wp-content\/uploads\/2025\/01\/songte-chushion-collar.webp\" alt=\"Billede af spandcylinderpudekrave\"\/><\/p>\n<h3>Sikkerhedshensyn og milj\u00f8faktorer<\/h3>\n<p>N\u00e5r man bruger skovlcylinderen, er sikkerhedsforanstaltninger af st\u00f8rste vigtighed. Derudover b\u00f8r milj\u00f8faktorer tages i betragtning for at sikre, at driften udf\u00f8res b\u00e6redygtigt og med minimal negativ p\u00e5virkning af milj\u00f8et.<\/p>\n<h3>Fejlfinding og almindelige problemer<\/h3>\n<p>Almindelige problemer med skovlcylindre omfatter l\u00e6kage, utilstr\u00e6kkeligt hydraulisk tryk og beskadigede pakninger. Der b\u00f8r gives fejlfindingstips og l\u00f8sninger for at hj\u00e6lpe l\u00e6serne med effektivt at diagnosticere og l\u00f8se problemer, og der b\u00f8r tr\u00e6ffes forebyggende foranstaltninger for at minimere potentielle problemer.<\/p>\n<p><img decoding=\"async\" src=\"https:\/\/www.hydraulic-cylinders.net\/wp-content\/uploads\/2025\/01\/songte-bushings-with-all-kinds-of-excavator-models.webp\" alt=\"Billede af skovlcylinderb\u00f8sninger\"\/><\/p>\n<h2>Om os<\/h2>\n<p>Vi er en f\u00f8rende producent og distribut\u00f8r af hydrauliske cylindre p\u00e5 det nationale og internationale marked. Vi tilbyder en bred vifte af produkter og er forpligtet til at producere produkter af h\u00f8j kvalitet, der opfylder vores kunders forskellige behov. Vores virksomhed f\u00f8lger fremragende kvalitetsstandarder og bruger strategier for industriel produktionsstyring i vores sofistikerede produktionsv\u00e6rksteder. Vi har et team af tekniske talenter, digitalt avanceret produktionsudstyr og professionelle inspektionssystemer til l\u00f8bende at forbedre vores produktionsplatform og perfektionere vores produktionslinjer af h\u00f8j kvalitet, hvilket leverer produkter af h\u00f8j effektivitet, pr\u00e6cision og h\u00f8j kvalitet, der opfylder vores kunders forskellige behov.<\/p>\n<h3>Professionalitet<\/h3>\n<p>Vores virksomhed har et team af erfarne fagfolk, der er dedikeret til at levere produkter og tjenester af h\u00f8j kvalitet, der opfylder vores kunders behov.<\/p>\n<h3>International certificering<\/h3>\n<p>Vi har opn\u00e5et forskellige internationale certificeringer, s\u00e5som ISO 9001, CE og SGS, for at sikre kvaliteten af \u200b\u200bvores produkter.<\/p>\n<h3>Tilpasningstjenester<\/h3>\n<p>Vi tilbyder skr\u00e6ddersyede tjenester, der im\u00f8dekommer vores kunders specifikke behov.<\/p>\n<h3>Produktionsudstyr<\/h3>\n<p>Vi har avanceret produktionsudstyr, s\u00e5som numeriske styrede v\u00e6rkt\u00f8jsmaskiner, produktionslinjer til hydrauliske cylindre og automatiske svejsemaskiner, for at sikre kvaliteten af \u200b\u200bvores produkter.<\/p>\n<h3>Eftersalgsservice<\/h3>\n<p>Vi tilbyder eftersalgsservice s\u00e5som reservedele og ombygningstjenester for at sikre vores produkters levetid.<\/p>\n<p><img decoding=\"async\" src=\"https:\/\/hzpt.com\/wp-content\/uploads\/2024\/11\/songte-company-1.webp\" alt=\"Billede af spandcylinderfirma\"\/><\/p>\n<p>Forfatter: lyl<\/p>","protected":false},"excerpt":{"rendered":"<p>Bucket Cylinder For Komatsu Small Excavator PC20-8 Introduction A bucket cylinder for Komatsu small excavator PC20-8 is a specialized hydraulic cylinder used to control the movement of shovels in heavy machinery such as excavators, backhoe excavators, and front-end loaders. Its main function is to lift, lower, and tilt shovels to facilitate various material handling tasks. [&hellip;]<\/p>","protected":false},"featured_media":14765,"comment_status":"open","ping_status":"closed","template":"","meta":{"_et_pb_use_builder":"","_et_pb_old_content":"","_et_gb_content_width":""},"product_brand":[],"product_cat":[1494],"product_tag":[1495,1496],"class_list":{"0":"post-15129","1":"product","2":"type-product","3":"status-publish","4":"has-post-thumbnail","6":"product_cat-bucket-cylinders","7":"product_tag-bucket-cylinders","8":"product_tag-hydraulic-cylinders","10":"first","11":"instock","12":"shipping-taxable","13":"product-type-simple"},"amp_enabled":true,"_links":{"self":[{"href":"https:\/\/www.hydraulic-cylinders.net\/da\/wp-json\/wp\/v2\/product\/15129","targetHints":{"allow":["GET"]}}],"collection":[{"href":"https:\/\/www.hydraulic-cylinders.net\/da\/wp-json\/wp\/v2\/product"}],"about":[{"href":"https:\/\/www.hydraulic-cylinders.net\/da\/wp-json\/wp\/v2\/types\/product"}],"replies":[{"embeddable":true,"href":"https:\/\/www.hydraulic-cylinders.net\/da\/wp-json\/wp\/v2\/comments?post=15129"}],"wp:featuredmedia":[{"embeddable":true,"href":"https:\/\/www.hydraulic-cylinders.net\/da\/wp-json\/wp\/v2\/media\/14765"}],"wp:attachment":[{"href":"https:\/\/www.hydraulic-cylinders.net\/da\/wp-json\/wp\/v2\/media?parent=15129"}],"wp:term":[{"taxonomy":"product_brand","embeddable":true,"href":"https:\/\/www.hydraulic-cylinders.net\/da\/wp-json\/wp\/v2\/product_brand?post=15129"},{"taxonomy":"product_cat","embeddable":true,"href":"https:\/\/www.hydraulic-cylinders.net\/da\/wp-json\/wp\/v2\/product_cat?post=15129"},{"taxonomy":"product_tag","embeddable":true,"href":"https:\/\/www.hydraulic-cylinders.net\/da\/wp-json\/wp\/v2\/product_tag?post=15129"}],"curies":[{"name":"wp","href":"https:\/\/api.w.org\/{rel}","templated":true}]}}