{"id":15139,"date":"2025-01-19T14:09:15","date_gmt":"2025-01-19T14:09:15","guid":{"rendered":"https:\/\/www.hydraulic-cylinders.net\/product\/bucket-cylinder-for-komatsu-middle-excavator-pc200-3-5-6-7-8-8mo\/"},"modified":"2025-01-19T14:09:17","modified_gmt":"2025-01-19T14:09:17","slug":"bucket-cylinder-for-komatsu-middle-excavator-pc200-3-5-6-7-8-8mo","status":"publish","type":"product","link":"https:\/\/www.hydraulic-cylinders.net\/da\/vare\/bucket-cylinder-for-komatsu-middle-excavator-pc200-3-5-6-7-8-8mo\/","title":{"rendered":"Skovlcylinder til Komatsu mellemgraver PC200-3-5-6-7-8-8MO"},"content":{"rendered":"<h1>Skovlcylinder til Komatsu mellemgraver PC200-3-5-6-7-8-8MO<\/h1>\n<h2>Indledning<\/h2>\n<h3>Definition af spandcylinderen<\/h3>\n<p>Skovlcylinderen til Komatsu mellemgraver PC200-3-5-6-7-8-8MO er en specialiseret hydraulisk cylinder designet til at styre skovlens bev\u00e6gelse i tunge maskiner, s\u00e5som gravemaskiner, rendegravere og frontl\u00e6ssere. Dens prim\u00e6re funktion er at muligg\u00f8re l\u00f8ft, s\u00e6nkning og vipning af skovlen, hvilket g\u00f8r den praktisk til forskellige materialeh\u00e5ndteringsopgaver. I det hydrauliske system udnytter skovlcylinderen \u00e6ndringer i hydraulikolietrykket til at opn\u00e5 pr\u00e6cis kontrol over skovlen, hvilket g\u00f8r det muligt for operat\u00f8rer at h\u00e5ndtere tunge l\u00e6s effektivt og tilpasse sig komplekse arbejdsmilj\u00f8er og forskellige driftskrav.<\/p>\n<p><img decoding=\"async\" src=\"https:\/\/www.hydraulic-cylinders.net\/wp-content\/uploads\/2025\/01\/songte-company-2.webp\"><\/p>\n<h3>Funktioner ved spandcylinderen<\/h3>\n<ul>\n<li><strong>H\u00f8j styrke og holdbarhed:<\/strong> Den er typisk fremstillet af h\u00f8jstyrkest\u00e5l eller aluminium og kan modst\u00e5 h\u00f8jt tryk og tunge belastninger og tilpasse sig barske arbejdsmilj\u00f8er. Designet tager h\u00f8jde for slidstyrke og korrosionsbestandighed, hvilket forl\u00e6nger levetiden.<\/li>\n<li><strong>Effektiv hydraulisk drift:<\/strong> Bruger hydraulisk olietryk til at opn\u00e5 j\u00e6vn ud- og indtr\u00e6kning, reagerer hurtigt p\u00e5 kontrolkommandoer og leverer kraftige skubbe- og tr\u00e6kkr\u00e6fter, velegnet til h\u00e5ndtering af tunge belastninger og komplicerede opgaver.<\/li>\n<li><strong>Forskellige typer:<\/strong> Enkeltvirkende (hydraulik anvendt i kun \u00e9n retning) eller dobbeltvirkende (hydraulik anvendt i to retninger) cylindre kan v\u00e6lges efter behov for at im\u00f8dekomme forskellige driftsbehov. Nogle modeller er teleskopiske, hvilket muligg\u00f8r st\u00f8rre udtr\u00e6k uden at \u00f8ge de udvendige dimensioner og er velegnede til applikationer med begr\u00e6nset plads.<\/li>\n<li><strong>Perfekt erstatning:<\/strong> Vores produkter kan perfekt erstatte disse hydrauliske cylindre.<\/li>\n<\/ul>\n<p><img decoding=\"async\" src=\"https:\/\/www.hydraulic-cylinders.net\/wp-content\/uploads\/2025\/01\/songte-cylinder-head-with-all-kinds-excavator-models.webp\"><\/p>\n<h3>Anvendelser af spandcylinderen<\/h3>\n<ul>\n<li><strong>Entrepren\u00f8rudstyr:<\/strong> I gravemaskiner er de afg\u00f8rende for at grave, l\u00e6sse og flytte jord eller affald. I rendegravere hj\u00e6lper skovlcylinderen med udgravning og l\u00f8ft. <\/li>\n<li><strong>Landbrugsmaskiner:<\/strong> Anvendes i frontl\u00e6ssere til at opgrave, l\u00f8fte og transportere jord, h\u00f8 og andre materialer. <\/li>\n<li><strong>Gravemaskiner:<\/strong> Skovlcylinderen muligg\u00f8r udgravning ved at lade skovlen tr\u00e6nge ned i jorden.<\/li>\n<li><strong>L\u00e6sser:<\/strong> I frontl\u00e6ssere letter det effektiv l\u00f8ft og t\u00f8mning af gods. <\/li>\n<\/ul>\n<h3>Designovervejelser og udv\u00e6lgelseskriterier<\/h3>\n<h4>Designovervejelser<\/h4>\n<ul>\n<li><strong>B\u00e6reevne:<\/strong> Skovlcylinderens b\u00e6reevne er en afg\u00f8rende faktor, da den bestemmer, hvor meget v\u00e6gt den kan h\u00e5ndtere.<\/li>\n<li><strong>Forsegling:<\/strong> Skovlcylinderens t\u00e6tningssystem skal forhindre l\u00e6kage af hydraulikolie og sikre systemets effektive drift. <\/li>\n<li><strong>Holdbarhed:<\/strong> Skovlcylinderens holdbarhed afh\u00e6nger af det anvendte materiale i dens konstruktion og designet af slidst\u00e6rke og korrosionsbestandige komponenter.<\/li>\n<li><strong>Sikkerhed:<\/strong> Skovlcylinderens design skal tage h\u00f8jde for sikkerhedsforanstaltninger, s\u00e5som at forhindre pludselig bev\u00e6gelse og sikre, at cylinderen forbliver stabil under drift.<\/li>\n<li><strong>Opretholdelse:<\/strong> Skovlcylinderen skal v\u00e6re nem at vedligeholde og reparere, med komponenter, der er lette at f\u00e5 adgang til og udskifte.<\/li>\n<\/ul>\n<h4>Udv\u00e6lgelseskriterier<\/h4>\n<ul>\n<li><strong>Belastningsevne:<\/strong> Skovlcylinderens lasteevne skal matche maskineriets driftskrav. <\/li>\n<li><strong>Slagl\u00e6ngde:<\/strong> Slagl\u00e6ngden p\u00e5 skovlcylinderen skal matche maskineriets n\u00f8dvendige bev\u00e6gelsesomr\u00e5de. <\/li>\n<li><strong>Diameter:<\/strong> Diameteren p\u00e5 skovlcylinderen skal passe til det hydrauliske systems arbejdstryk.<\/li>\n<\/ul>\n<p><img decoding=\"async\" src=\"https:\/\/www.hydraulic-cylinders.net\/wp-content\/uploads\/2025\/01\/songte-oil-pipes-and-spare-parts.webp\"><\/p>\n<h3>T\u00e6tning og sm\u00f8ring af skovlcylinderen<\/h3>\n<p>Skovlcylinderen bruger forskellige t\u00e6tninger, s\u00e5som stempelt\u00e6tninger og stangt\u00e6tninger, lavet af slidst\u00e6rke materialer som polyurethan og nitrilgummi. Cylinderens hus og gevindsk\u00e5rne endeflader gennemg\u00e5r fin bearbejdning for at forbedre slidstyrken. Skovlcylinderen kr\u00e6ver regelm\u00e6ssig sm\u00f8ring med den passende m\u00e6ngde hydraulikolie for at sikre problemfri drift.<\/p>\n<h3>Vedligeholdelse og reparation<\/h3>\n<p>Skovlcylinderen kr\u00e6ver regelm\u00e6ssige inspektioner og forebyggende vedligeholdelsesforanstaltninger, s\u00e5som korrekt sm\u00f8ring, udskiftning af pakninger og kalibreringskontroller. Korrekt installation er afg\u00f8rende med korrekt justering af cylinderen og anbefalet brug af installationsbeslag til at fastg\u00f8re cylinderen. Vi anbefaler at f\u00f8lge de angivne inspektions-, reparations- og udskiftningsprocedurer for at forl\u00e6nge skovlcylinderens levetid.<\/p>\n<p><img decoding=\"async\" src=\"https:\/\/www.hydraulic-cylinders.net\/wp-content\/uploads\/2025\/01\/songte-chushion-collar.webp\"><\/p>\n<h3>Sikkerheds- og milj\u00f8hensyn<\/h3>\n<p>Der skal altid f\u00f8lges de korrekte sikkerhedsforanstaltninger, n\u00e5r man bruger spandcylinderen. Det er vigtigt at f\u00f8lge de anbefalede installationsprocedurer og bruge passende sikkerhedsudstyr. Spandcylinderens hydrauliske v\u00e6sker skal bortskaffes korrekt i henhold til milj\u00f8forskrifterne.<\/p>\n<h3>Fejldiagnose og almindelige problemer<\/h3>\n<p>Almindelige problemer, der kan opst\u00e5 med skovlcylinderen, omfatter pakningsfejl, l\u00e6kage og overdreven slitage. Korrekt vedligeholdelse, herunder regelm\u00e6ssig inspektion, sm\u00f8ring og udskiftning af slidte komponenter, kan forhindre disse problemer. I tilf\u00e6lde af en fejl b\u00f8r der udf\u00f8res diagnose og fejlfinding for at identificere den grundl\u00e6ggende \u00e5rsag til problemet og tr\u00e6ffe korrigerende foranstaltninger.<\/p>\n<p><img decoding=\"async\" src=\"https:\/\/www.hydraulic-cylinders.net\/wp-content\/uploads\/2025\/01\/songte-bushings-with-all-kinds-of-excavator-models.webp\"><\/p>\n<h3>Om vores virksomhed<\/h3>\n<p>Vi er en producent af hydrauliske udskiftningscylindre og tilbyder et komplet udvalg af produkter og tjenester. Vi er en af \u200b\u200bde f\u00f8rende producenter og grossister af hydrauliske cylindre p\u00e5 det indenlandske og internationale marked. Vi overholder princippet om fremragende kvalitet og bruger den industrielle produktionsstyringsstrategi, der anvendes i raffinerede v\u00e6rksteder. Vores virksomhed forbedrer l\u00f8bende v\u00e6rkstedets produktionsplatform, perfektionerer produktionsruten for produktkvalitet og har st\u00e6rke kreative evner, der opfylder kundernes forskellige behov med h\u00f8j effektivitet, pr\u00e6cision og principper for h\u00f8j kvalitet.<\/p>\n<p><img decoding=\"async\" src=\"https:\/\/hzpt.com\/wp-content\/uploads\/2024\/11\/songte-company-1.webp\"><\/p>\n<h4>Vores virksomheds professionalisme<\/h4>\n<p>Vores virksomhed har et team af tekniske eksperter og anvender avanceret digitalt produktionsudstyr og professionelle testsystemer til at levere skr\u00e6ddersyede tjenester til vores kunder.<\/p>\n<h4>Vores virksomheds internationale certificeringer<\/h4>\n<p>Vores virksomhed har opn\u00e5et internationale certificeringer, s\u00e5som CE og ISO9001, hvilket demonstrerer vores engagement i at levere produkter og tjenester af h\u00f8j kvalitet.<\/p>\n<h4>Vores virksomheds tilpasningstjenester<\/h4>\n<p>Vores virksomhed tilbyder tilpasningstjenester, der g\u00f8r det muligt for os at skr\u00e6ddersy vores produkter til at im\u00f8dekomme vores kunders unikke behov.<\/p>\n<h4>Vores virksomheds produktionsudstyr<\/h4>\n<p>Vores virksomhed anvender avanceret produktionsudstyr, s\u00e5som CNC-drejeb\u00e6nke, fr\u00e6semaskiner og svejserobotter, for at sikre kvaliteten af \u200b\u200bvores produkter.<\/p>\n<h4>Vores virksomheds eftersalgsservice<\/h4>\n<p>Vores virksomhed tilbyder omfattende eftersalgsservice, herunder udskiftning af komponenter, reparationer og teknisk support.<\/p>\n<p>Forfatter: lyl.<\/p>","protected":false},"excerpt":{"rendered":"<p>Bucket Cylinder For Komatsu Middle Excavator PC200-3-5-6-7-8-8MO Introduction Defining the Bucket Cylinder The Bucket Cylinder for Komatsu Middle Excavator PC200-3-5-6-7-8-8MO is a specialized hydraulic cylinder designed for controlling the movement of the bucket in heavy machinery, such as excavators, backhoes, and front loaders. Its primary function is to enable lifting, lowering, and tilting of the [&hellip;]<\/p>","protected":false},"featured_media":14778,"comment_status":"open","ping_status":"closed","template":"","meta":{"_et_pb_use_builder":"","_et_pb_old_content":"","_et_gb_content_width":""},"product_brand":[],"product_cat":[1494],"product_tag":[1495,1496],"class_list":{"0":"post-15139","1":"product","2":"type-product","3":"status-publish","4":"has-post-thumbnail","6":"product_cat-bucket-cylinders","7":"product_tag-bucket-cylinders","8":"product_tag-hydraulic-cylinders","10":"first","11":"instock","12":"shipping-taxable","13":"product-type-simple"},"amp_enabled":true,"_links":{"self":[{"href":"https:\/\/www.hydraulic-cylinders.net\/da\/wp-json\/wp\/v2\/product\/15139","targetHints":{"allow":["GET"]}}],"collection":[{"href":"https:\/\/www.hydraulic-cylinders.net\/da\/wp-json\/wp\/v2\/product"}],"about":[{"href":"https:\/\/www.hydraulic-cylinders.net\/da\/wp-json\/wp\/v2\/types\/product"}],"replies":[{"embeddable":true,"href":"https:\/\/www.hydraulic-cylinders.net\/da\/wp-json\/wp\/v2\/comments?post=15139"}],"wp:featuredmedia":[{"embeddable":true,"href":"https:\/\/www.hydraulic-cylinders.net\/da\/wp-json\/wp\/v2\/media\/14778"}],"wp:attachment":[{"href":"https:\/\/www.hydraulic-cylinders.net\/da\/wp-json\/wp\/v2\/media?parent=15139"}],"wp:term":[{"taxonomy":"product_brand","embeddable":true,"href":"https:\/\/www.hydraulic-cylinders.net\/da\/wp-json\/wp\/v2\/product_brand?post=15139"},{"taxonomy":"product_cat","embeddable":true,"href":"https:\/\/www.hydraulic-cylinders.net\/da\/wp-json\/wp\/v2\/product_cat?post=15139"},{"taxonomy":"product_tag","embeddable":true,"href":"https:\/\/www.hydraulic-cylinders.net\/da\/wp-json\/wp\/v2\/product_tag?post=15139"}],"curies":[{"name":"wp","href":"https:\/\/api.w.org\/{rel}","templated":true}]}}