{"id":1514,"date":"2023-09-27T09:17:18","date_gmt":"2023-09-27T09:17:18","guid":{"rendered":"https:\/\/hydraulic-cylinders.net\/?post_type=product&#038;p=1514"},"modified":"2025-04-11T01:49:35","modified_gmt":"2025-04-11T01:49:35","slug":"aerial-work-platform-electric-cylinder","status":"publish","type":"product","link":"https:\/\/www.hydraulic-cylinders.net\/da\/vare\/aerial-work-platform-electric-cylinder\/","title":{"rendered":"Elektrisk cylinder til arbejdsplatform"},"content":{"rendered":"<h1 style=\"text-align: center;\"><strong>Elektrisk cylinder til arbejdsplatform<\/strong><\/h1>\n<p><img loading=\"lazy\" decoding=\"async\" class=\"wp-image-1515 aligncenter\" src=\"https:\/\/hydraulic-cylinders.net\/wp-content\/uploads\/2023\/09\/electric-cylinder-1-300x300.webp\" alt=\"\" width=\"400\" height=\"400\" \/><\/p>\n<p>Den elektriske cylinder til arbejdsplatformen er en banebrydende hydraulisk komponent, der er designet til at forbedre effektiviteten og sikkerheden i h\u00e6vede arbejdsmilj\u00f8er. Denne innovative cylinder er afg\u00f8rende for arbejdsplatforme, da den giver pr\u00e6cis og kontrolleret lodret bev\u00e6gelse for arbejdere, v\u00e6rkt\u00f8j og udstyr.<\/p>\n<p>Med de stadig strengere milj\u00f8beskyttelseslove og -regler stiger folks milj\u00f8bevidsthed gradvist, og kravene til entrepren\u00f8rmaskiner vokser. Med sin lave st\u00f8j og andre fordele opfylder den elektriske cylinder uden l\u00e6kage, h\u00f8je effektivitet og lave forurening netop dette behov. Alle former for entrepren\u00f8rmaskiner eller manipulatorer med elektriske cylindere som mekaniske b\u00e6rere er gradvist blevet popul\u00e6re i mange virksomheder.<\/p>\n<p>Som en slags elektrisk aktuator har den elektriske cylinder egenskaber som lav pris, kompakt struktur, nem installation, h\u00f8j kontrolpr\u00e6cision og fleksibel betjening. Som en mekanisk bev\u00e6gelsesb\u00e6rer driver den elektriske cylinder kugleskruens bev\u00e6gelse gennem servomotorens rotation, s\u00e5ledes at vinkelforskydningen omdannes til en line\u00e6r forskydning for at opn\u00e5 pr\u00e6cis hastighedskontrol, positionskontrol og trykkontrol.<\/p>\n<p>Den elektriske cylinder har fordelene ved h\u00f8j effektivitet, stor b\u00e6reevne, hurtig hastighed, pr\u00e6cis og kontrollerbar bev\u00e6gelse osv. Den er meget udbredt inden for luftfartstest, simulering med flere frihedsgrader, dynamisk underholdning med flere frihedsgrader, pr\u00e6cisionsbearbejdning med flere frihedsgrader, robotter, bilproduktion og andre udstyrsomr\u00e5der, st\u00f8bning af st\u00e5lforbindelser, petrokemisk industri, materialeh\u00e5ndtering, spr\u00f8jtest\u00f8bemaskiner, formkontrol, ventilkontrol, pr\u00e6cisionsmaskiner, farmaceutiske maskiner, f\u00f8devareforarbejdning og andre omr\u00e5der.<\/p>\n<p>Elektrisk cylinder til arbejdsplatform, n\u00f8gleegenskaber:<\/p>\n<ol>\n<li>J\u00e6vn og pr\u00e6cis vertikal bev\u00e6gelse:<\/li>\n<\/ol>\n<ul>\n<li>Den elektriske cylinder p\u00e5 arbejdsplatformen tilbyder j\u00e6vn og pr\u00e6cis lodret bev\u00e6gelse, hvilket sikrer pr\u00e6cis positionering i de \u00f8nskede h\u00f8jder.<\/li>\n<li>Det g\u00f8r det nemt for operat\u00f8rer at justere platformh\u00f8jden, hvilket letter effektiv arbejdsudf\u00f8relse og forbedret produktivitet.<\/li>\n<\/ul>\n<ol start=\"2\">\n<li>Eldrevet ydeevne:<\/li>\n<\/ol>\n<ul>\n<li>Denne cylinder fungerer p\u00e5 elektrisk str\u00f8m, hvilket eliminerer behovet for manuel pumpning eller eksterne str\u00f8mkilder.<\/li>\n<li>Den tilbyder st\u00f8jsvag og effektiv drift, hvilket g\u00f8r den velegnet til indend\u00f8rs applikationer, hvor st\u00f8j og emissioner skal minimeres.<\/li>\n<\/ul>\n<ol start=\"3\">\n<li>H\u00f8j lasteevne:<\/li>\n<\/ol>\n<ul>\n<li>Den elektriske cylinder til arbejdsplatformen har en h\u00f8j lastekapacitet, der g\u00f8r det nemt at b\u00e6re arbejdere, v\u00e6rkt\u00f8j og tungt udstyr.<\/li>\n<li>Den er konstrueret til at modst\u00e5 kr\u00e6vende arbejdsmilj\u00f8er og h\u00e5ndtere betydelige belastninger uden at g\u00e5 p\u00e5 kompromis med sikkerhed eller ydeevne.<\/li>\n<\/ul>\n<ol start=\"4\">\n<li>Sikkerhedsfunktioner:<\/li>\n<\/ol>\n<ul>\n<li>Denne cylinder har avancerede sikkerhedsfunktioner s\u00e5som gr\u00e6nseafbrydere, n\u00f8dstopknapper og overbelastningsbeskyttelse.<\/li>\n<li>Disse sikkerhedsmekanismer sikrer f\u00f8rerens sikkerhed ved at forhindre overdreven platformbev\u00e6gelse, overbelastning eller utilsigtet betjening.<\/li>\n<\/ul>\n<h2><strong>Parameter for elektrisk cylinder til arbejdsplatform:<\/strong><\/h2>\n<table border=\"1\" cellspacing=\"0\" cellpadding=\"0\">\n<tbody>\n<tr>\n<td>Produktnavn<\/td>\n<td>Elektrisk cylinder til arbejdsplatform<\/td>\n<\/tr>\n<tr>\n<td>Funktioner:<\/td>\n<td>Realiser teleskopisk funktion<\/td>\n<\/tr>\n<tr>\n<td>Trykkraft:<\/td>\n<td>1-1000KN<\/td>\n<\/tr>\n<tr>\n<td>Sp\u00e6nding:<\/td>\n<td>24V, 48V, 220V, 380V\u2026<\/td>\n<\/tr>\n<tr>\n<td>Elektrisk cylinders funktioner:<\/td>\n<td>H\u00f8j effektivitet, hurtig hastighed,<br \/>\nTung belastning, h\u00f8j pr\u00e6cision<\/td>\n<\/tr>\n<tr>\n<td>Elektriske cylinderapplikationer:<\/td>\n<td>Sakselift, Mastelift,<br \/>\nBrandbil, automatisk produktionslinje osv.<\/td>\n<\/tr>\n<\/tbody>\n<\/table>\n<h2><strong>Diagram over identifikation af arbejdsplatform p\u00e5 luften:<\/strong><\/h2>\n<p><img loading=\"lazy\" decoding=\"async\" class=\"alignnone wp-image-1517 size-full\" src=\"https:\/\/hydraulic-cylinders.net\/wp-content\/uploads\/2023\/09\/aerial-work-platform-cylinder-construct.webp\" alt=\"\" width=\"600\" height=\"400\" srcset=\"https:\/\/hydraulic-cylinders.net\/wp-content\/uploads\/2023\/09\/aerial-work-platform-cylinder-construct.webp 600w, https:\/\/hydraulic-cylinders.net\/wp-content\/uploads\/2023\/09\/aerial-work-platform-cylinder-construct-480x320.webp 480w\" sizes=\"(min-width: 0px) and (max-width: 480px) 480px, (min-width: 481px) 600px, 100vw\" \/><img loading=\"lazy\" decoding=\"async\" class=\"alignnone wp-image-1518\" src=\"https:\/\/hydraulic-cylinders.net\/wp-content\/uploads\/2023\/09\/electric-cylinder-3.webp\" alt=\"\" width=\"600\" height=\"277\" srcset=\"https:\/\/hydraulic-cylinders.net\/wp-content\/uploads\/2023\/09\/electric-cylinder-3.webp 600w, https:\/\/hydraulic-cylinders.net\/wp-content\/uploads\/2023\/09\/electric-cylinder-3-480x222.webp 480w\" sizes=\"(min-width: 0px) and (max-width: 480px) 480px, (min-width: 481px) 600px, 100vw\" \/><\/p>\n<h2><strong>Brugsmetode for elektrisk cylinder til arbejdsplatform:<\/strong><\/h2>\n<ol>\n<li><strong>Platforminstallation:<\/strong><\/li>\n<\/ol>\n<ul>\n<li>F\u00f8lg producentens anvisninger for korrekt installation af den elektriske cylinder p\u00e5 arbejdsplatformen.<\/li>\n<li>S\u00f8rg for, at cylinderen er sikkert monteret p\u00e5 arbejdsplatformens ramme, s\u00e5 der opn\u00e5s en stabil og p\u00e5lidelig forbindelse.<\/li>\n<\/ul>\n<ol start=\"2\">\n<li><strong>Elektrisk tilslutning:<\/strong><\/li>\n<\/ol>\n<ul>\n<li>Tilslut cylinderen til str\u00f8mforsyningen i henhold til de medf\u00f8lgende retningslinjer.<\/li>\n<li>S\u00f8rg for, at alle elektriske forbindelser er sikre og korrekt isolerede for at forhindre elektriske farer.<\/li>\n<\/ul>\n<ol start=\"3\">\n<li><strong>Platformh\u00f8jdejustering:<\/strong><\/li>\n<\/ol>\n<ul>\n<li>Brug kontrolpanelet eller den medf\u00f8lgende gr\u00e6nseflade til at justere platformens h\u00f8jde.<\/li>\n<li>F\u00f8lg de anbefalede driftsprocedurer og sikkerhedsretningslinjer for j\u00e6vn, kontrolleret lodret bev\u00e6gelse.<\/li>\n<\/ul>\n<ol start=\"4\">\n<li><strong>Sikkerhedshensyn:<\/strong><\/li>\n<\/ol>\n<ul>\n<li>F\u00f8r du betjener arbejdsplatformen, skal du g\u00f8re dig bekendt med sikkerhedsfunktionerne og n\u00f8dprocedurerne.<\/li>\n<li>S\u00f8rg for, at alle operat\u00f8rer modtager korrekt tr\u00e6ning i sikker betjening af platformen og den elektriske cylinder p\u00e5 arbejdsplatformen.<\/li>\n<\/ul>\n<h2><strong>Anvendelse af elektrisk cylinder:<\/strong><\/h2>\n<p><img loading=\"lazy\" decoding=\"async\" id=\"thepasted-1\" class=\"alignnone wp-image-1519 size-full\" src=\"https:\/\/hydraulic-cylinders.net\/wp-content\/uploads\/2023\/09\/electric-cylinder-4.webp\" alt=\"\" width=\"968\" height=\"831\" srcset=\"https:\/\/hydraulic-cylinders.net\/wp-content\/uploads\/2023\/09\/electric-cylinder-4.webp 968w, https:\/\/hydraulic-cylinders.net\/wp-content\/uploads\/2023\/09\/electric-cylinder-4-480x412.webp 480w\" sizes=\"(min-width: 0px) and (max-width: 480px) 480px, (min-width: 481px) 968px, 100vw\" \/><\/p>\n<h2><strong>Hvordan fungerer et hydraulisk system?<\/strong><\/h2>\n<p>Et hydraulisk system er et mekanisk kraftoverf\u00f8ringssystem, der bruger v\u00e6skekraften til at generere og overf\u00f8re kraft. Det fungerer baseret p\u00e5 Pascals lov, som siger, at n\u00e5r der p\u00e5f\u00f8res tryk p\u00e5 en indesluttet v\u00e6ske, overf\u00f8res trykket ligeligt i alle retninger.<\/p>\n<p>Her er en forenklet forklaring af, hvordan et hydraulisk system fungerer:<\/p>\n<ol>\n<li><strong>Komponenter i et hydraulisk system:<\/strong>\n<ul>\n<li>Hydraulisk v\u00e6ske: Typisk oliebaseret, det er mediet til at overf\u00f8re kraft.<\/li>\n<li>Hydraulisk pumpe: Den genererer v\u00e6skestr\u00f8m og skaber tryk i systemet.<\/li>\n<li>Hydraulisk cylinder: Omdanner v\u00e6sketryk til line\u00e6r bev\u00e6gelse eller kraft.<\/li>\n<li>Kontrolventiler: Regulerer str\u00f8mmen og retningen af \u200b\u200bhydraulikv\u00e6sken.<\/li>\n<li>Hydraulisk motor: Omdanner v\u00e6sketryk til roterende bev\u00e6gelse.<\/li>\n<\/ul>\n<\/li>\n<li><strong>Pumpev\u00e6ske:<\/strong>\n<ul>\n<li>Hydraulikpumpen tr\u00e6kker hydraulikv\u00e6ske ind fra et reservoir og leverer den under tryk til resten af \u200b\u200bsystemet.<\/li>\n<li>N\u00e5r pumpen arbejder, skaber den et vakuum, der tr\u00e6kker v\u00e6ske ind i dens indl\u00f8bsport.<\/li>\n<\/ul>\n<\/li>\n<li><strong>V\u00e6skefordeling:<\/strong>\n<ul>\n<li>Trykv\u00e6sken str\u00f8mmer gennem hydrauliske ledninger eller slanger for at n\u00e5 forskellige komponenter i systemet.<\/li>\n<li>Disse ledninger er designet til at modst\u00e5 h\u00f8jtryksforhold og overf\u00f8re v\u00e6ske uden l\u00e6kage.<\/li>\n<\/ul>\n<\/li>\n<li><strong>Kontrolventiler:<\/strong>\n<ul>\n<li>Kontrolventiler bestemmer hydraulikv\u00e6skens str\u00f8mningsretning, hastighed og tryk.<\/li>\n<li>De betjenes manuelt eller elektronisk og er ansvarlige for at aktivere eller deaktivere specifikke hydrauliske komponenter.<\/li>\n<\/ul>\n<\/li>\n<li><strong>Hydraulisk cylinder:<\/strong>\n<ul>\n<li>En hydraulisk cylinder best\u00e5r af et cylindrisk r\u00f8r, et stempel og en stang.<\/li>\n<li>N\u00e5r trykv\u00e6ske kommer ind i den ene side af cylinderen, skubber den stemplet, hvilket bev\u00e6ger stangen.<\/li>\n<li>Denne line\u00e6re bev\u00e6gelse kan l\u00f8fte, skubbe eller flytte eksterne belastninger.<\/li>\n<\/ul>\n<\/li>\n<li><strong>Hydraulisk motor:<\/strong>\n<ul>\n<li>En hydraulisk motor omdanner v\u00e6sketryk til roterende bev\u00e6gelse.<\/li>\n<li>Den best\u00e5r af en rotor og en stator, og den tryksatte v\u00e6ske f\u00e5r rotoren til at rotere.<\/li>\n<li>Rotationsoutputtet kan bruges til at drive maskiner eller udf\u00f8re arbejde.<\/li>\n<\/ul>\n<\/li>\n<li><strong>Retur og filtrering:<\/strong>\n<ul>\n<li>Efter at have udf\u00f8rt sin tilsigtede funktion, vender hydraulikv\u00e6sken tilbage til reservoiret til genbrug.<\/li>\n<li>Filtreringssystemer sikrer, at v\u00e6sken er ren og fri for forurenende stoffer, hvilket forhindrer skader p\u00e5 de hydrauliske komponenter.<\/li>\n<\/ul>\n<\/li>\n<li><strong>Kontrol og sikkerhed:<\/strong>\n<ul>\n<li>Hydrauliske systemer inkorporerer forskellige kontrolmekanismer, s\u00e5som trykaflastningsventiler, for at forhindre overdreven trykopbygning og sikre systemsikkerheden.<\/li>\n<li>Sensorer og feedbackenheder kan overv\u00e5ge og regulere systemparametre som tryk, temperatur og flow.<\/li>\n<\/ul>\n<\/li>\n<\/ol>\n<h2><strong>Fabrikkens kapacitet og kapacitet:<\/strong><\/h2>\n<h3>(1) Samling<\/h3>\n<p>Vi har en f\u00f8rsteklasses uafh\u00e6ngig forsknings- og udviklingsplatform til montering. V\u00e6rkstedet for produktion af hydrauliske cylindre har fire halvautomatiske l\u00f8ftecylindermonteringslinjer og en automatisk vippecylindermonteringslinje med en designm\u00e6ssig \u00e5rlig produktionskapacitet p\u00e5 1 million enheder. Det specielle cylinderv\u00e6rksted er udstyret med forskellige specifikationer for et halvautomatisk reng\u00f8ringsmonteringssystem med en designm\u00e6ssig \u00e5rlig produktionskapacitet p\u00e5 200.000 og udstyret med ber\u00f8mt CNC-bearbejdningsudstyr, et bearbejdningscenter, et specialudstyr til h\u00f8jpr\u00e6cisionscylinderbearbejdning, en robotsvejsemaskine, en automatisk reng\u00f8ringsmaskine, en automatisk cylindermonteringsmaskine og en automatisk malingslinje. Eksisterende kritisk udstyr p\u00e5 mere end 300 s\u00e6t (s\u00e6t). Optimal allokering og effektiv udnyttelse af udstyrsressourcer sikrer produkternes n\u00f8jagtighedskrav og opfylder produkternes h\u00f8je kvalitetsbehov.<\/p>\n<p><img loading=\"lazy\" decoding=\"async\" class=\"alignnone wp-image-626\" src=\"https:\/\/hydraulic-cylinders.net\/wp-content\/uploads\/2023\/08\/hydraulic-cylinder-product-1-300x158.webp\" alt=\"\" width=\"495\" height=\"260\" srcset=\"https:\/\/hydraulic-cylinders.net\/wp-content\/uploads\/2023\/08\/hydraulic-cylinder-product-1-300x158.webp 495w, https:\/\/hydraulic-cylinders.net\/wp-content\/uploads\/2023\/08\/hydraulic-cylinder-product-1-480x252.webp 480w\" sizes=\"(min-width: 0px) and (max-width: 480px) 480px, (min-width: 481px) 495px, 100vw\" \/> <img loading=\"lazy\" decoding=\"async\" class=\"alignnone wp-image-627\" src=\"https:\/\/hydraulic-cylinders.net\/wp-content\/uploads\/2023\/08\/hydraulic-cylinder-product-2-300x189.webp\" alt=\"\" width=\"413\" height=\"260\" \/><\/p>\n<h3>(2) Maskinbearbejdning<\/h3>\n<p>Bearbejdningsv\u00e6rkstedet er udstyret med et specialfremstillet drejecenter til skr\u00e5 skinner, bearbejdningscenter, h\u00f8jhastigheds-honemaskine, svejserobot og andet relateret udstyr, der kan h\u00e5ndtere bearbejdning af cylinderr\u00f8r med en maksimal indre diameter p\u00e5 400 mm og en maksimal l\u00e6ngde p\u00e5 6 meter.<\/p>\n<p><img loading=\"lazy\" decoding=\"async\" class=\"alignnone wp-image-628 size-large\" src=\"https:\/\/hydraulic-cylinders.net\/wp-content\/uploads\/2023\/08\/hydraulic-cylinder-product-3-1024x391.webp\" alt=\"\" width=\"1024\" height=\"391\" srcset=\"https:\/\/hydraulic-cylinders.net\/wp-content\/uploads\/2023\/08\/hydraulic-cylinder-product-3-980x374.webp 980w, https:\/\/hydraulic-cylinders.net\/wp-content\/uploads\/2023\/08\/hydraulic-cylinder-product-3-480x183.webp 480w\" sizes=\"(min-width: 0px) and (max-width: 480px) 480px, (min-width: 481px) and (max-width: 980px) 980px, (min-width: 981px) 1024px, 100vw\" \/><\/p>\n<h3>(3) Svejsning<\/h3>\n<p><img loading=\"lazy\" decoding=\"async\" class=\"alignnone wp-image-629 size-large\" src=\"https:\/\/hydraulic-cylinders.net\/wp-content\/uploads\/2023\/08\/hydraulic-cylinder-product-4-1024x510.webp\" alt=\"\" width=\"1024\" height=\"510\" srcset=\"https:\/\/hydraulic-cylinders.net\/wp-content\/uploads\/2023\/08\/hydraulic-cylinder-product-4-980x488.webp 980w, https:\/\/hydraulic-cylinders.net\/wp-content\/uploads\/2023\/08\/hydraulic-cylinder-product-4-480x239.webp 480w\" sizes=\"(min-width: 0px) and (max-width: 480px) 480px, (min-width: 481px) and (max-width: 980px) 980px, (min-width: 981px) 1024px, 100vw\" \/><\/p>\n<h3>(4) Maling og overfladebehandling<\/h3>\n<p>Med sm\u00e5 og mellemstore cylindriske automatiske vandbaserede malingsbel\u00e6gningslinjer, for at opn\u00e5 automatisk robotp\u00e5fyldning og -afl\u00e6sning samt automatisk spr\u00f8jtning, er den designm\u00e6ssige kapacitet p\u00e5 4000 stykker pr. skift;<br \/>\nVi har ogs\u00e5 en halvautomatisk malingsproduktionslinje til store cylindre drevet af en kabelk\u00e6de med en designkapacitet p\u00e5 60 kasser pr. skift.<\/p>\n<p><img loading=\"lazy\" decoding=\"async\" class=\"alignnone wp-image-630\" src=\"https:\/\/hydraulic-cylinders.net\/wp-content\/uploads\/2023\/08\/hydraulic-cylinder-product-5-300x213.webp\" alt=\"\" width=\"366\" height=\"260\" \/> <img loading=\"lazy\" decoding=\"async\" class=\"alignnone wp-image-631\" src=\"https:\/\/hydraulic-cylinders.net\/wp-content\/uploads\/2023\/08\/hydraulic-cylinder-product-6-300x225.webp\" alt=\"\" width=\"347\" height=\"260\" \/><\/p>\n<h3>(5) Testning<\/h3>\n<p>Vi har f\u00f8rsteklasses inspektionsfaciliteter og testb\u00e6nke for at sikre, at cylinderens ydeevne opfylder kravene.<\/p>\n<p><img loading=\"lazy\" decoding=\"async\" class=\"alignnone wp-image-632\" src=\"https:\/\/hydraulic-cylinders.net\/wp-content\/uploads\/2023\/08\/hydraulic-cylinder-product-8-300x200.webp\" alt=\"\" width=\"389\" height=\"260\" \/><\/p>\n<p>&nbsp;<\/p>\n<p>&nbsp;<\/p>\n<p>Vi er en af \u200b\u200bde bedste producenter af hydrauliske cylindre. Vi kan tilbyde et omfattende udvalg af hydrauliske cylindre. Vi leverer ogs\u00e5 tilsvarende <a href=\"https:\/\/hzpt.com\/agricultural-pto-gearbox\/\" target=\"_blank\" rel=\"noopener\">landbrugsgearkasser<\/a>Vi har eksporteret vores produkter til kunder over hele verden og har opn\u00e5et et godt omd\u00f8mme p\u00e5 grund af vores overlegne produktkvalitet og eftersalgsservice. Vi byder kunder i ind- og udland velkommen til at kontakte os for at forhandle forretninger, udveksle information og <a href=\"https:\/\/www.hydraulic-cylinders.net\/da\/contact-us\/\">samarbejde med os<\/a>!<\/p>","protected":false},"excerpt":{"rendered":"<p>Aerial Work Platform Electric Cylinder The aerial work platform electric cylinder is a cutting-edge hydraulic component designed to enhance efficiency and safety in elevated work environments. This innovative cylinder is critical in aerial work platforms, providing precise and controlled vertical movement for workers, tools, and equipment. With the increasingly strict environmental protection laws and regulations, [&hellip;]<\/p>","protected":false},"featured_media":1516,"comment_status":"open","ping_status":"closed","template":"","meta":{"_et_pb_use_builder":"","_et_pb_old_content":"","_et_gb_content_width":""},"product_brand":[],"product_cat":[1500,1549,1376],"product_tag":[1380],"class_list":{"0":"post-1514","1":"product","2":"type-product","3":"status-publish","4":"has-post-thumbnail","6":"product_cat-aerial-work-vehicle-hydraulic-cylinder","7":"product_cat-single-acting-hydraulic-cylinder","8":"product_cat-hydraulic-cylinder","9":"product_tag-hydraulic-cylinder","11":"first","12":"instock","13":"shipping-taxable","14":"product-type-simple"},"amp_enabled":true,"_links":{"self":[{"href":"https:\/\/www.hydraulic-cylinders.net\/da\/wp-json\/wp\/v2\/product\/1514","targetHints":{"allow":["GET"]}}],"collection":[{"href":"https:\/\/www.hydraulic-cylinders.net\/da\/wp-json\/wp\/v2\/product"}],"about":[{"href":"https:\/\/www.hydraulic-cylinders.net\/da\/wp-json\/wp\/v2\/types\/product"}],"replies":[{"embeddable":true,"href":"https:\/\/www.hydraulic-cylinders.net\/da\/wp-json\/wp\/v2\/comments?post=1514"}],"wp:featuredmedia":[{"embeddable":true,"href":"https:\/\/www.hydraulic-cylinders.net\/da\/wp-json\/wp\/v2\/media\/1516"}],"wp:attachment":[{"href":"https:\/\/www.hydraulic-cylinders.net\/da\/wp-json\/wp\/v2\/media?parent=1514"}],"wp:term":[{"taxonomy":"product_brand","embeddable":true,"href":"https:\/\/www.hydraulic-cylinders.net\/da\/wp-json\/wp\/v2\/product_brand?post=1514"},{"taxonomy":"product_cat","embeddable":true,"href":"https:\/\/www.hydraulic-cylinders.net\/da\/wp-json\/wp\/v2\/product_cat?post=1514"},{"taxonomy":"product_tag","embeddable":true,"href":"https:\/\/www.hydraulic-cylinders.net\/da\/wp-json\/wp\/v2\/product_tag?post=1514"}],"curies":[{"name":"wp","href":"https:\/\/api.w.org\/{rel}","templated":true}]}}