{"id":15145,"date":"2025-01-19T14:09:45","date_gmt":"2025-01-19T14:09:45","guid":{"rendered":"https:\/\/www.hydraulic-cylinders.net\/product\/bucket-cylinder-for-komatsu-large-excavator-pc850-8\/"},"modified":"2025-01-19T14:09:47","modified_gmt":"2025-01-19T14:09:47","slug":"bucket-cylinder-for-komatsu-large-excavator-pc850-8","status":"publish","type":"product","link":"https:\/\/www.hydraulic-cylinders.net\/da\/vare\/bucket-cylinder-for-komatsu-large-excavator-pc850-8\/","title":{"rendered":"Skovlcylinder til Komatsu stor gravemaskine PC850-8"},"content":{"rendered":"<h2>Indledning<\/h2>\n<h3>Skovlcylinder til Komatsu stor gravemaskine PC850-8<\/h3>\n<p>En skovlcylinder er en specialdesignet hydraulisk cylinder, der bruges til at styre bev\u00e6gelsen af \u200b\u200bskovle i tunge maskiner s\u00e5som gravemaskiner, rendegravere og frontl\u00e6ssere. Dens hovedfunktion er at g\u00f8re det muligt for skovlen at l\u00f8fte, s\u00e6nke og vippe til forskellige materialeh\u00e5ndteringsopgaver. I det hydrauliske system styrer skovlcylinderen skovlens bev\u00e6gelse pr\u00e6cist, hvilket giver operat\u00f8rerne mulighed for at h\u00e5ndtere tunge l\u00e6s effektivt og tilpasse sig komplekse arbejdsmilj\u00f8er og forskellige jobkrav.<\/p>\n<p><img decoding=\"async\" src=\"https:\/\/www.hydraulic-cylinders.net\/wp-content\/uploads\/2025\/01\/songte-company-2.webp\" alt=\"Billede af spandcylinder\"\/><\/p>\n<h2>Funktioner<\/h2>\n<ul>\n<li>\n<h3>H\u00f8j styrke og holdbarhed<\/h3>\n<p>Skovlcylinderen er typisk lavet af h\u00f8jstyrkest\u00e5l eller aluminium, der er i stand til at modst\u00e5 h\u00f8jt tryk og tunge belastninger, og er designet med hensyntagen til slidstyrke og korrosionsbestandighed for at forl\u00e6nge levetiden.<\/p>\n<\/li>\n<li>\n<h3>Effektiv hydraulisk drift<\/h3>\n<p>Skovlcylinderen anvender trykket fra hydraulikolien til at opn\u00e5 j\u00e6vn ud- og indtr\u00e6kning, hurtig reaktion p\u00e5 styrekommandoer og kraftig skubbe- og tr\u00e6kkraft, der er velegnet til h\u00e5ndtering af tunge belastninger og komplekse operationer.<\/p>\n<\/li>\n<li>\n<h3>Forskellige typer<\/h3>\n<p>Skovlcylinderen kan v\u00e6lges som enkeltvirkende (kun hydraulisk i \u00e9n retning) eller dobbeltvirkende (hydraulisk i to retninger) cylinder efter behov, og nogle modeller er teleskopiske, hvilket muligg\u00f8r st\u00f8rre udtr\u00e6k uden at \u00f8ge de udvendige dimensioner, hvilket er velegnet til applikationer med begr\u00e6nset plads.<\/p>\n<\/li>\n<li>\n<h3>Kan udskiftes med lignende produkter<\/h3>\n<p>Vores skovlcylinder kan perfekt erstatte lignende hydrauliske cylindre og give kunderne en omkostningseffektiv l\u00f8sning.<\/p>\n<\/li>\n<li>\n<h3>Kan tilpasses<\/h3>\n<p>Vi kan tilpasse skovlcylinderen efter specifikke krav.<\/p>\n<\/li>\n<\/ul>\n<p><img decoding=\"async\" src=\"https:\/\/www.hydraulic-cylinders.net\/wp-content\/uploads\/2025\/01\/songte-cylinder-head-with-all-kinds-excavator-models.webp\" alt=\"Billede af spandcylinder\"\/><\/p>\n<h2>Applikationer<\/h2>\n<p>Skovlcylinderen bruges i vid udstr\u00e6kning i forskellige tunge maskiner, s\u00e5som:<\/p>\n<ul>\n<li>\n<h3>Gravemaskiner<\/h3>\n<p>Skovlcylinderen g\u00f8r det muligt for skovlen at tr\u00e6nge ned i jorden under udgravning.<\/p>\n<\/li>\n<li>\n<h3>Rendegravere<\/h3>\n<p>Skovlcylinderen hj\u00e6lper med b\u00e5de udgravning og l\u00f8ft.<\/p>\n<\/li>\n<li>\n<h3>Frontl\u00e6ssere<\/h3>\n<p>Skovlcylinderen bidrager til effektiv l\u00f8ftning og t\u00f8mning af materialer.<\/p>\n<\/li>\n<\/ul>\n<h2>Designovervejelser og udv\u00e6lgelseskriterier<\/h2>\n<ul>\n<li>\n<h3>B\u00e6reevne<\/h3>\n<p>Skovlcylinderen skal have en tilstr\u00e6kkelig b\u00e6reevne til at modst\u00e5 tunge belastninger og h\u00f8jt tryk.<\/p>\n<\/li>\n<li>\n<h3>Forsegling<\/h3>\n<p>Skovlcylinderen kr\u00e6ver forskellige t\u00e6tninger for at forhindre l\u00e6kage og sikre p\u00e5lidelig drift. Det er bedre at v\u00e6lge t\u00e6tninger lavet af slidst\u00e6rke materialer s\u00e5som polyurethan og nitrilgummi.<\/p>\n<\/li>\n<li>\n<h3>Holdbarhed<\/h3>\n<p>Skovlcylinderen b\u00f8r designes med hensyntagen til slidstyrke og korrosionsbestandighed for at sikre en lang levetid. Cylinderhuset og gevindenderne b\u00f8r gennemg\u00e5 en fin bearbejdning for at forbedre slidstyrken.<\/p>\n<\/li>\n<li>\n<h3>Sikkerhed<\/h3>\n<p>Skovlcylinderen skal opfylde sikkerhedsstandarder og installeres og anvendes korrekt for at undg\u00e5 ulykker.<\/p>\n<\/li>\n<li>\n<h3>Opretholdelse<\/h3>\n<p>Skovlcylinderen skal v\u00e6re nem at vedligeholde og reparere, og regelm\u00e6ssig inspektion og sm\u00f8ring er n\u00f8dvendig for langsigtet effektiv drift.<\/p>\n<\/li>\n<\/ul>\n<p><img decoding=\"async\" src=\"https:\/\/www.hydraulic-cylinders.net\/wp-content\/uploads\/2025\/01\/songte-oil-pipes-and-spare-parts.webp\" alt=\"Billede af spandcylinder\"\/><\/p>\n<h2>Vedligeholdelse og reparation<\/h2>\n<p>Regelm\u00e6ssig vedligeholdelse og reparation er afg\u00f8rende for at sikre effektiv og sikker drift af skovlcylinderen. Typiske vedligeholdelsesopgaver omfatter:<\/p>\n<ul>\n<li>\n<h3>Regelm\u00e6ssig inspektion<\/h3>\n<p>Inspicer skovlcylinderen regelm\u00e6ssigt for at opdage slitage og skader og forhindre potentielle problemer.<\/p>\n<\/li>\n<li>\n<h3>Sm\u00f8ring<\/h3>\n<p>P\u00e5f\u00f8r regelm\u00e6ssigt passende hydraulikolie for at sm\u00f8re skovlcylinderen og forhindre slid og l\u00e6kage.<\/p>\n<\/li>\n<li>\n<h3>Udskiftning af pakning<\/h3>\n<p>Udskift pakningerne regelm\u00e6ssigt for at sikre p\u00e5lidelig drift og forhindre l\u00e6kage.<\/p>\n<\/li>\n<li>\n<h3>Justeringskontrol<\/h3>\n<p>Just\u00e9r skovlcylinderen korrekt under monteringen for at undg\u00e5 ulykker og sikre effektiv drift.<\/p>\n<\/li>\n<li>\n<h3>Genopbygningsservice<\/h3>\n<p>Yder reparationsservice til slidte eller beskadigede skovlcylindre for at forl\u00e6nge deres levetid og spare omkostningerne til udskiftning.<\/p>\n<\/li>\n<\/ul>\n<p><img decoding=\"async\" src=\"https:\/\/www.hydraulic-cylinders.net\/wp-content\/uploads\/2025\/01\/songte-chushion-collar.webp\" alt=\"Billede af spandcylinder\"\/><\/p>\n<h2>Sikkerhedshensyn og milj\u00f8faktorer<\/h2>\n<p>When using the bucket cylinder, safety measures such as wearing protective equipment, using appropriate lifting devices, and avoiding overload should be taken to prevent accidents. Environmental factors such as temperature, humidity, and corrosive substances should also be considered to ensure the bucket cylinder&#8217;s reliable operation and long service life.<\/p>\n<p><img decoding=\"async\" src=\"https:\/\/hzpt.com\/wp-content\/uploads\/2024\/11\/songte-company-1.webp\" alt=\"Billede af spandcylinder\"\/><\/p>\n<h2>Almindelige problemer og fejlfinding<\/h2>\n<p>Almindelige problemer med skovlcylinderen omfatter l\u00e6kage, slid og skader. Fejlfindingstips og l\u00f8sninger s\u00e5som kontrol af pakninger, udskiftning af beskadigede dele og reparation kan hj\u00e6lpe med at diagnosticere og l\u00f8se problemer effektivt, og forebyggende foranstaltninger s\u00e5som regelm\u00e6ssig inspektion og sm\u00f8ring kan reducere potentielle problemer.<\/p>\n<p><img decoding=\"async\" src=\"https:\/\/www.hydraulic-cylinders.net\/wp-content\/uploads\/2025\/01\/songte-bushings-with-all-kinds-of-excavator-models.webp\" alt=\"Billede af spandcylinder\"\/><\/p>\n<h2>Om os<\/h2>\n<p>Vi er en producent af hydrauliske cylindre, der tilbyder en bred vifte af produkter og er blevet en af \u200b\u200bde f\u00f8rende producenter og engrosdistribut\u00f8rer af hydrauliske cylindre p\u00e5 indenlandske og internationale markeder. Vi overholder princippet om fremragende kvalitet og bruger industrialiserede produktionsstyringsstrategier i fine produktionsv\u00e6rksteder. Vi forbedrer konstant produktionsplatformen i vores v\u00e6rksteder ved hj\u00e6lp af tekniske talenter, digitalt avanceret produktionsudstyr og professionelle testsystemer, perfektionerer produktionslinjens produktkvalitet og har en st\u00e6rk kreativ evne til at im\u00f8dekomme kundernes forskellige behov med h\u00f8j effektivitet, h\u00f8j pr\u00e6cision og h\u00f8j kvalitet.<\/p>\n<p>Vi er dedikeret til at levere professionelle, internationalt certificerede, skr\u00e6ddersyede produkter og tjenester af h\u00f8j kvalitet, herunder:<\/p>\n<ul>\n<li>\n<h3>Professionalitet<\/h3>\n<p>Vi har et team af erfarne og dygtige fagfolk, der kan yde professionel r\u00e5dgivning og teknisk support.<\/p>\n<\/li>\n<li>\n<h3>International certificering<\/h3>\n<p>Vores produkter har best\u00e5et internationale certificeringer som ISO9001:2015, CE og RoHS, hvilket sikrer deres kvalitet og sikkerhed.<\/p>\n<\/li>\n<li>\n<h3>Tilpasning<\/h3>\n<p>Vi kan tilpasse hydrauliske cylindre efter specifikke krav.<\/p>\n<\/li>\n<li>\n<h3>Avanceret produktionsudstyr<\/h3>\n<p>Vi har avanceret produktionsudstyr s\u00e5som CNC-maskiner, drejeb\u00e6nke og slibemaskiner, der sikrer n\u00f8jagtighed og effektivitet i produktionen.<\/p>\n<\/li>\n<li>\n<h3>Eftersalgsservice<\/h3>\n<p>Vi tilbyder omfattende eftersalgsservice s\u00e5som vedligeholdelse, reparation og udskiftning, hvilket sikrer problemfri og effektiv drift af hydrauliske cylindre.<\/p>\n<\/li>\n<\/ul>\n<p><img decoding=\"async\" src=\"https:\/\/www.hydraulic-cylinders.net\/wp-content\/uploads\/2025\/01\/songte-company-3.webp\" alt=\"Billede af spandcylinder\"\/><\/p>\n<p>Forfatter: lyl<\/p>","protected":false},"excerpt":{"rendered":"<p>Introduction Bucket Cylinder For Komatsu Large Excavator PC850-8 A bucket cylinder is a specially designed hydraulic cylinder used to control the movement of buckets in heavy machinery such as excavators, backhoe loaders, and front-end loaders. Its main function is to enable the bucket to lift, lower, and tilt for various material handling tasks. In the [&hellip;]<\/p>","protected":false},"featured_media":14762,"comment_status":"open","ping_status":"closed","template":"","meta":{"_et_pb_use_builder":"","_et_pb_old_content":"","_et_gb_content_width":""},"product_brand":[],"product_cat":[1494],"product_tag":[1495,1496],"class_list":{"0":"post-15145","1":"product","2":"type-product","3":"status-publish","4":"has-post-thumbnail","6":"product_cat-bucket-cylinders","7":"product_tag-bucket-cylinders","8":"product_tag-hydraulic-cylinders","10":"first","11":"instock","12":"shipping-taxable","13":"product-type-simple"},"amp_enabled":true,"_links":{"self":[{"href":"https:\/\/www.hydraulic-cylinders.net\/da\/wp-json\/wp\/v2\/product\/15145","targetHints":{"allow":["GET"]}}],"collection":[{"href":"https:\/\/www.hydraulic-cylinders.net\/da\/wp-json\/wp\/v2\/product"}],"about":[{"href":"https:\/\/www.hydraulic-cylinders.net\/da\/wp-json\/wp\/v2\/types\/product"}],"replies":[{"embeddable":true,"href":"https:\/\/www.hydraulic-cylinders.net\/da\/wp-json\/wp\/v2\/comments?post=15145"}],"wp:featuredmedia":[{"embeddable":true,"href":"https:\/\/www.hydraulic-cylinders.net\/da\/wp-json\/wp\/v2\/media\/14762"}],"wp:attachment":[{"href":"https:\/\/www.hydraulic-cylinders.net\/da\/wp-json\/wp\/v2\/media?parent=15145"}],"wp:term":[{"taxonomy":"product_brand","embeddable":true,"href":"https:\/\/www.hydraulic-cylinders.net\/da\/wp-json\/wp\/v2\/product_brand?post=15145"},{"taxonomy":"product_cat","embeddable":true,"href":"https:\/\/www.hydraulic-cylinders.net\/da\/wp-json\/wp\/v2\/product_cat?post=15145"},{"taxonomy":"product_tag","embeddable":true,"href":"https:\/\/www.hydraulic-cylinders.net\/da\/wp-json\/wp\/v2\/product_tag?post=15145"}],"curies":[{"name":"wp","href":"https:\/\/api.w.org\/{rel}","templated":true}]}}