{"id":15151,"date":"2025-01-19T14:10:12","date_gmt":"2025-01-19T14:10:12","guid":{"rendered":"https:\/\/www.hydraulic-cylinders.net\/product\/bucket-cylinder-for-komatsu-large-excavator-pc400-3-5-6-7-8\/"},"modified":"2025-01-19T14:10:14","modified_gmt":"2025-01-19T14:10:14","slug":"bucket-cylinder-for-komatsu-large-excavator-pc400-3-5-6-7-8","status":"publish","type":"product","link":"https:\/\/www.hydraulic-cylinders.net\/da\/vare\/bucket-cylinder-for-komatsu-large-excavator-pc400-3-5-6-7-8\/","title":{"rendered":"Skovlcylinder til Komatsu stor gravemaskine PC400-3-5-6-7-8"},"content":{"rendered":"<h1>Skovlcylinder til Komatsu stor gravemaskine PC400-3-5-6-7-8<\/h1>\n<h2>Indledning<\/h2>\n<p>En skovlcylinder er en specialdesignet hydraulisk cylinder, der bruges til at styre bev\u00e6gelsen af \u200b\u200bskovle i tunge maskiner s\u00e5som gravemaskiner, rendegravere og frontl\u00e6ssere. Dens hovedfunktion er at g\u00f8re det muligt for skovlen at l\u00f8fte, s\u00e6nke og vippe, hvilket g\u00f8r det lettere at h\u00e5ndtere forskellige materialeh\u00e5ndteringsopgaver. I det hydrauliske system opn\u00e5r skovlcylinderen pr\u00e6cis kontrol over skovlen gennem tryk\u00e6ndringer i hydraulikolien, hvilket g\u00f8r det muligt for operat\u00f8rer effektivt at h\u00e5ndtere tunge genstande og tilpasse sig komplekse arbejdsmilj\u00f8er og forskellige driftsbehov.<\/p>\n<p><img decoding=\"async\" src=\"https:\/\/www.hydraulic-cylinders.net\/wp-content\/uploads\/2025\/01\/songte-company-2.webp\" alt=\"Billede af spandcylinder\"><\/p>\n<h2>Funktioner<\/h2>\n<ul>\n<li>H\u00f8j styrke og holdbarhed: Typisk lavet af h\u00f8jstyrkest\u00e5l eller aluminium, kan den modst\u00e5 h\u00f8jt tryk og tunge belastninger, tilpasse sig barske arbejdsmilj\u00f8er og er designet med hensyn til slidstyrke og korrosionsbestandighed for at forl\u00e6nge dens levetid.<\/li>\n<li>Effektiv hydraulisk drift: J\u00e6vne forl\u00e6ngelses- og sammentr\u00e6kningsbev\u00e6gelser opn\u00e5s ved at udnytte trykket fra hydraulikolien, hvilket muligg\u00f8r hurtig reaktion p\u00e5 styrekommandoer, giver kraftige skubbe- og tr\u00e6kkr\u00e6fter og er egnet til h\u00e5ndtering af tunge genstande og komplekse driftsopgaver.<\/li>\n<li>Flere typer: Enkeltvirkende (hydraulisk anvendt i kun \u00e9n retning) eller dobbeltvirkende (hydraulisk anvendt i begge retninger) cylindre kan v\u00e6lges efter driftsbehov. Nogle modeller er teleskopiske, hvilket giver mulighed for st\u00f8rre udtr\u00e6k uden at \u00f8ge de udvendige dimensioner, og er velegnede til applikationer med begr\u00e6nset plads.<\/li>\n<li>Nem udskiftning: Vores produkt kan perfekt erstatte disse hydrauliske cylindre.<\/li>\n<\/ul>\n<p><img decoding=\"async\" src=\"https:\/\/www.hydraulic-cylinders.net\/wp-content\/uploads\/2025\/01\/songte-cylinder-head-with-all-kinds-excavator-models.webp\" alt=\"Billede af spandcylinder\"><\/p>\n<h2>Anvendelse<\/h2>\n<p>Skovlcylindre anvendes i vid udstr\u00e6kning i forskellige industrier s\u00e5som entrepren\u00f8rudstyr, landbrugsmaskiner, gravemaskiner og l\u00e6ssere. Nogle af deres anvendelser er:<\/p>\n<ul>\n<li>Entrepren\u00f8rudstyr: I gravemaskiner er de afg\u00f8rende for at grave, l\u00e6sse og flytte jord eller affald. I rendegravere hj\u00e6lper skovlcylindre med b\u00e5de at grave og l\u00f8fte. For frontl\u00e6ssere hj\u00e6lper de med at l\u00f8fte og vippe for effektiv materialeh\u00e5ndtering.<\/li>\n<li>Landbrugsmaskiner: Bruges i frontl\u00e6ssere til at udgrave, l\u00f8fte og transportere jord, h\u00f8 og andre materialer.<\/li>\n<li>Gravemaskiner: Skovlcylindere muligg\u00f8r gravefunktion ved at lade skovlen tr\u00e6nge ned i jorden.<\/li>\n<li>L\u00e6ssere: Frontl\u00e6ssere hj\u00e6lper med at l\u00f8fte og losse last effektivt.<\/li>\n<\/ul>\n<h2>Designovervejelser og udv\u00e6lgelsesstandarder<\/h2>\n<p>Ved design af skovlcylindre er flere overvejelser og udv\u00e6lgelsesstandarder afg\u00f8rende:<\/p>\n<ul>\n<li>B\u00e6reevne: Den skal kunne modst\u00e5 den maksimale belastning, den er beregnet til at b\u00e6re.<\/li>\n<li>T\u00e6tning: Forskellige t\u00e6tningskomponenter s\u00e5som stempelt\u00e6tninger, stangt\u00e6tninger osv. b\u00f8r anvendes. Polyurethan og nitrilgummi er holdbare materialer.<\/li>\n<li>Holdbarhed: Cylinderhuset og gevindfladerne b\u00f8r finbearbejdes for at forbedre slidstyrken.<\/li>\n<li>Sikkerhed: Sikkerhedshensyn, s\u00e5som spr\u00e6ngsikkert design, b\u00f8r tages i betragtning.<\/li>\n<li>Vedligeholdelse: Nem vedligeholdelse og reparation, s\u00e5som nem adgang til komponenter, enkel udskiftning osv.<\/li>\n<\/ul>\n<p><img decoding=\"async\" src=\"https:\/\/www.hydraulic-cylinders.net\/wp-content\/uploads\/2025\/01\/songte-oil-pipes-and-spare-parts.webp\" alt=\"Billede af spandcylinder\"><\/p>\n<h2>T\u00e6tning og sm\u00f8ring<\/h2>\n<p>Forskellige typer t\u00e6tningskomponenter b\u00f8r anvendes i skovlcylindre for at sikre luftt\u00e6thed og forbedre holdbarheden. Polytetrafluorethylen (PTFE) og polyurethan er to popul\u00e6re materialer til t\u00e6tningsringe. Regelm\u00e6ssig sm\u00f8ring med passende hydraulikolie er ogs\u00e5 n\u00f8dvendig for at sikre korrekt drift.<\/p>\n<h2>Vedligeholdelse og reparation<\/h2>\n<p>Regelm\u00e6ssig vedligeholdelse og forebyggende foranstaltninger kan forl\u00e6nge levetiden for skovlcylindre. Nogle foranstaltninger omfatter:<\/p>\n<ul>\n<li>Regelm\u00e6ssig inspektion<\/li>\n<li>Tilstr\u00e6kkelig sm\u00f8ring<\/li>\n<li>Udskiftning af pakning<\/li>\n<li>Kalibreringskontrol<\/li>\n<\/ul>\n<p>Under installationen er det vigtigt at justere cylinderen korrekt og bruge passende monteringsbeslag til at fastg\u00f8re den. Det er ogs\u00e5 vigtigt at f\u00f8lge de anbefalede inspektions-, reparations- og udskiftningsprocedurer for at sikre optimal ydeevne.<\/p>\n<p><img decoding=\"async\" src=\"https:\/\/www.hydraulic-cylinders.net\/wp-content\/uploads\/2025\/01\/songte-chushion-collar.webp\" alt=\"Billede af spandcylinder\"><\/p>\n<h2>Sikkerhedshensyn og milj\u00f8faktorer<\/h2>\n<p>Skovlcylindre skal h\u00e5ndteres med forsigtighed. Sikkerhedsretningslinjer skal f\u00f8lges for at undg\u00e5 ulykker. Milj\u00f8faktorer skal ogs\u00e5 tages i betragtning, s\u00e5som eksponering for ekstreme temperaturer, fugtighed eller \u00e6tsende materialer.<\/p>\n<h2>Fejlfinding og almindelige problemer<\/h2>\n<p>Nogle af de almindelige problemer med skovlcylindre inkluderer:<\/p>\n<ul>\n<li>L\u00e6kage fra cylinderen<\/li>\n<li>Langsom drift eller rykvise bev\u00e6gelser<\/li>\n<li>Cylinderdrift<\/li>\n<li>Cylinderfejl ved ud- eller indk\u00f8ring<\/li>\n<\/ul>\n<p>Korrekt diagnose og fejlfinding af disse problemer kan opn\u00e5s gennem regelm\u00e6ssig inspektion, hurtig behandling af identificerede problemer og overholdelse af anbefalede vedligeholdelses- og reparationsprocedurer.<\/p>\n<p><img decoding=\"async\" src=\"https:\/\/www.hydraulic-cylinders.net\/wp-content\/uploads\/2025\/01\/songte-bushings-with-all-kinds-of-excavator-models.webp\" alt=\"Billede af spandcylinder\"><\/p>\n<h2>Om vores virksomhed<\/h2>\n<p>Vi er en producent af hydrauliske udskiftningscylindre med et komplet produktsortiment. Vi er blevet en af \u200b\u200bde f\u00f8rende producenter og engrosdistribut\u00f8rer af hydrauliske cylindre p\u00e5 det indenlandske og internationale marked. Vi overholder princippet om fremragende kvalitet og bygger p\u00e5 den industrielle produktionsstyringsstrategi fra fine produktionsv\u00e6rksteder. Vi forbedrer l\u00f8bende v\u00e6rkstedernes produktionsplatform, perfektionerer produktionsruten for produktkvalitet og har st\u00e6rke kreative evner til at im\u00f8dekomme kundernes forskellige behov med h\u00f8j effektivitet, h\u00f8j pr\u00e6cision og h\u00f8j kvalitet. <\/p>\n<p>Vi tilbyder skr\u00e6ddersyede tjenester, international certificering og produktionsudstyr af h\u00f8j kvalitet. Vores eftersalgsservice er up\u00e5klagelig og tilbyder udskiftning af dele og reparation for at forl\u00e6nge levetiden p\u00e5 hydrauliske cylindre. <\/p>\n<p><img decoding=\"async\" src=\"https:\/\/hzpt.com\/wp-content\/uploads\/2024\/11\/songte-company-1.webp\" alt=\"Billede af spandcylinder\"><\/p>\n<p>Forfatter: lyl<\/p>","protected":false},"excerpt":{"rendered":"<p>Bucket Cylinder For Komatsu Large Excavator PC400-3-5-6-7-8 Introduction A bucket cylinder is a specially designed hydraulic cylinder used to control the movement of buckets in heavy machinery such as excavators, backhoe excavators, and front-end loaders. Its main function is to enable the bucket to lift, lower, and tilt, making it easier to handle various material [&hellip;]<\/p>","protected":false},"featured_media":14784,"comment_status":"open","ping_status":"closed","template":"","meta":{"_et_pb_use_builder":"","_et_pb_old_content":"","_et_gb_content_width":""},"product_brand":[],"product_cat":[1494],"product_tag":[1495,1496],"class_list":{"0":"post-15151","1":"product","2":"type-product","3":"status-publish","4":"has-post-thumbnail","6":"product_cat-bucket-cylinders","7":"product_tag-bucket-cylinders","8":"product_tag-hydraulic-cylinders","10":"first","11":"instock","12":"shipping-taxable","13":"product-type-simple"},"amp_enabled":true,"_links":{"self":[{"href":"https:\/\/www.hydraulic-cylinders.net\/da\/wp-json\/wp\/v2\/product\/15151","targetHints":{"allow":["GET"]}}],"collection":[{"href":"https:\/\/www.hydraulic-cylinders.net\/da\/wp-json\/wp\/v2\/product"}],"about":[{"href":"https:\/\/www.hydraulic-cylinders.net\/da\/wp-json\/wp\/v2\/types\/product"}],"replies":[{"embeddable":true,"href":"https:\/\/www.hydraulic-cylinders.net\/da\/wp-json\/wp\/v2\/comments?post=15151"}],"wp:featuredmedia":[{"embeddable":true,"href":"https:\/\/www.hydraulic-cylinders.net\/da\/wp-json\/wp\/v2\/media\/14784"}],"wp:attachment":[{"href":"https:\/\/www.hydraulic-cylinders.net\/da\/wp-json\/wp\/v2\/media?parent=15151"}],"wp:term":[{"taxonomy":"product_brand","embeddable":true,"href":"https:\/\/www.hydraulic-cylinders.net\/da\/wp-json\/wp\/v2\/product_brand?post=15151"},{"taxonomy":"product_cat","embeddable":true,"href":"https:\/\/www.hydraulic-cylinders.net\/da\/wp-json\/wp\/v2\/product_cat?post=15151"},{"taxonomy":"product_tag","embeddable":true,"href":"https:\/\/www.hydraulic-cylinders.net\/da\/wp-json\/wp\/v2\/product_tag?post=15151"}],"curies":[{"name":"wp","href":"https:\/\/api.w.org\/{rel}","templated":true}]}}