{"id":15152,"date":"2025-01-19T14:10:16","date_gmt":"2025-01-19T14:10:16","guid":{"rendered":"https:\/\/www.hydraulic-cylinders.net\/product\/bucket-cylinder-for-komatsu-large-excavator-pc70lc-8\/"},"modified":"2025-01-19T14:10:18","modified_gmt":"2025-01-19T14:10:18","slug":"bucket-cylinder-for-komatsu-large-excavator-pc70lc-8","status":"publish","type":"product","link":"https:\/\/www.hydraulic-cylinders.net\/da\/vare\/bucket-cylinder-for-komatsu-large-excavator-pc70lc-8\/","title":{"rendered":"Skovlcylinder til Komatsu stor gravemaskine PC70LC-8"},"content":{"rendered":"<h1>Skovlcylinder til Komatsu stor gravemaskine PC70LC-8<\/h1>\n<h2>Indledning<\/h2>\n<p>Skovlcylinderen til Komatsu storgravemaskine PC70LC-8 er en specielt designet hydraulisk cylinder, der bruges til at styre skovlens bev\u00e6gelse i tunge maskiner s\u00e5som gravemaskiner, rendegravere og frontl\u00e6ssere. Dens hovedfunktion er at g\u00f8re det muligt for skovlen at l\u00f8fte, s\u00e6nke og vippe, hvilket g\u00f8r det lettere at h\u00e5ndtere forskellige materialeh\u00e5ndteringsopgaver. I det hydrauliske system opn\u00e5r skovlcylinderen pr\u00e6cis kontrol over skovlen gennem \u00e6ndringer i hydraulikolietrykket, hvilket g\u00f8r det muligt for f\u00f8reren effektivt at h\u00e5ndtere tunge l\u00e6s og tilpasse sig komplekse arbejdsmilj\u00f8er og forskellige driftskrav.<\/p>\n<p><img decoding=\"async\" src=\"https:\/\/www.hydraulic-cylinders.net\/wp-content\/uploads\/2025\/01\/songte-company-2.webp\"><\/p>\n<h2>Funktioner<\/h2>\n<ul>\n<li>H\u00f8j styrke og holdbarhed: Typisk fremstillet af h\u00f8jstyrkest\u00e5l eller aluminium, kan den modst\u00e5 h\u00f8jt tryk og tunge belastninger, tilpasse sig barske arbejdsmilj\u00f8er og er designet med slidstyrke og korrosionsbestandighed i tankerne, hvilket forl\u00e6nger dens levetid.<\/li>\n<li>Effektiv hydraulisk betjening: J\u00e6vn teleskopfunktion opn\u00e5s ved hj\u00e6lp af hydraulikolietrykket, i stand til at reagere hurtigt p\u00e5 driftskommandoer, give kraftig skubbe- og tr\u00e6kkraft, velegnet til h\u00e5ndtering af tunge belastninger og komplekse driftsopgaver.<\/li>\n<li>Forskellige typer: Enkeltvirkende (hydraulisk kun i \u00e9n retning) eller dobbeltvirkende (hydraulisk i begge retninger) cylindre kan v\u00e6lges efter behov for at opfylde forskellige driftsbehov. Nogle modeller er teleskopiske, hvilket giver mulighed for st\u00f8rre udtr\u00e6k uden at \u00f8ge den udvendige st\u00f8rrelse og er velegnede til applikationer med begr\u00e6nset plads.<\/li>\n<li>Nem at producere: Vores produkt kan perfekt erstatte disse hydrauliske cylindre.<\/li>\n<\/ul>\n<p><img decoding=\"async\" src=\"https:\/\/www.hydraulic-cylinders.net\/wp-content\/uploads\/2025\/01\/songte-cylinder-head-with-all-kinds-excavator-models.webp\"><\/p>\n<h2>Applikationer<\/h2>\n<p>Skovlcylinderen til Komatsu stor gravemaskine PC70LC-8 kan bruges i forskellige brancher, herunder:<\/p>\n<ul>\n<li>Entrepren\u00f8rudstyr: I gravemaskiner er de afg\u00f8rende for at grave, l\u00e6sse og flytte jord eller affald. I rendegravere hj\u00e6lper skovlcylinderen med b\u00e5de gravning og l\u00f8ft. <\/li>\n<li>Landbrugsmaskiner: Anvendes i frontl\u00e6ssere til at skovle, l\u00f8fte og transportere jord, h\u00f8 og andre materialer. Gravemaskiner: Skovlcylindere muligg\u00f8r gravefunktion ved at lade skovlen tr\u00e6nge ned i jorden.<\/li>\n<li>L\u00e6ssere: Frontl\u00e6ssere hj\u00e6lper effektivt med at l\u00f8fte og vippe gods.<\/li>\n<\/ul>\n<h2>Designovervejelser og udv\u00e6lgelseskriterier<\/h2>\n<p>Ved design og valg af skovlcylindre skal n\u00f8glefaktorer som b\u00e6reevne, t\u00e6tning, holdbarhed, sikkerhed og vedligeholdelsesvenlighed tages i betragtning:<\/p>\n<ul>\n<li>B\u00e6reevne: Cylinderen skal kunne modst\u00e5 lastens v\u00e6gt og trykket fra det hydrauliske system.<\/li>\n<li>T\u00e6tning: Forskellige t\u00e6tningskomponenter s\u00e5som stempelt\u00e6tninger og stangt\u00e6tninger skal v\u00e6lges baseret p\u00e5 slidst\u00e6rke materialer s\u00e5som polyurethan og nitrilgummi for at sikre lang levetid.<\/li>\n<li>Holdbarhed: Overfladen p\u00e5 cylinderhuset og gevindenden skal finbehandles for at forbedre slidstyrken.<\/li>\n<li>Sikkerhed: Sikker installation, drift og vedligeholdelse b\u00f8r altid overvejes ved design og valg af skovlcylindre.<\/li>\n<li>Vedligeholdelse: Regelm\u00e6ssig vedligeholdelse skal udf\u00f8res for at sikre cylinderens lange levetid.<\/li>\n<\/ul>\n<p><img decoding=\"async\" src=\"https:\/\/www.hydraulic-cylinders.net\/wp-content\/uploads\/2025\/01\/songte-oil-pipes-and-spare-parts.webp\"><\/p>\n<h2>T\u00e6tning og sm\u00f8ring<\/h2>\n<p>Forskellige t\u00e6tningskomponenter, s\u00e5som stempelt\u00e6tninger og stangt\u00e6tninger, anvendes til at sikre cylinderens t\u00e6tning og sm\u00f8ring. De er lavet af slidst\u00e6rke materialer som polyurethan og nitrilgummi. Cylinderhuset og gevindenden er fint forarbejdet for at forbedre slidstyrken. Det kr\u00e6ver regelm\u00e6ssig tils\u00e6tning af en passende m\u00e6ngde hydraulikolie til sm\u00f8ring.<\/p>\n<p><img decoding=\"async\" src=\"https:\/\/www.hydraulic-cylinders.net\/wp-content\/uploads\/2025\/01\/songte-chushion-collar.webp\"><\/p>\n<h2>Vedligeholdelse og reparation<\/h2>\n<p>Der skal udf\u00f8res regelm\u00e6ssige kontroller og forebyggende vedligeholdelsesforanstaltninger, herunder:<\/p>\n<ul>\n<li>Regelm\u00e6ssige inspektioner og sm\u00f8ring<\/li>\n<li>Udskiftning af pakninger og kalibreringskontroller<\/li>\n<li>Korrekt installation og justering af cylinderen<\/li>\n<li>Brug af passende monteringsbeslag til at fastg\u00f8re cylinderen<\/li>\n<li>Anbefalede procedurer for inspektion, reparation og udskiftning<\/li>\n<li>Udskiftning af dele og ombygningstjenester<\/li>\n<\/ul>\n<h2>Sikkerheds- og milj\u00f8hensyn<\/h2>\n<p>Ved brug af skovlcylindre er sikkerhedsforanstaltninger af st\u00f8rste vigtighed. Milj\u00f8p\u00e5virkningen skal ogs\u00e5 tages i betragtning, og der b\u00f8r tr\u00e6ffes passende foranstaltninger for at minimere den negative p\u00e5virkning.<\/p>\n<h2>Fejldiagnose og almindelige problemer<\/h2>\n<p>Almindelige problemer med skovlcylindre inkluderer:<\/p>\n<ul>\n<li>Utilstr\u00e6kkeligt hydraulisk tryk<\/li>\n<li>Ut\u00e6tte pakninger<\/li>\n<li>B\u00f8jet eller beskadiget stempelstang<\/li>\n<li>Slidt cylindercylinder<\/li>\n<\/ul>\n<p>For at l\u00f8se disse problemer skal der tr\u00e6ffes passende fejldiagnose og fejlfindingsforanstaltninger.<\/p>\n<p><img decoding=\"async\" src=\"https:\/\/www.hydraulic-cylinders.net\/wp-content\/uploads\/2025\/01\/songte-bushings-with-all-kinds-of-excavator-models.webp\"><\/p>\n<h2>Om os<\/h2>\n<p>Vi er en producent af hydrauliske udskiftningscylindre med et komplet produktsortiment. Vi er en af \u200b\u200bde f\u00f8rende producenter og engrosdistribut\u00f8rer af hydrauliske cylindre p\u00e5 indenlandske og internationale markeder. Vi f\u00f8lger princippet om ekspertise og bruger industrialiserede produktionsstyringsstrategier i fine produktionsv\u00e6rksteder, bruger teknologisk talent, digitaliseret avanceret produktionsudstyr og professionelle testsystemer til l\u00f8bende at forbedre v\u00e6rkstedets produktionsplatform, forbedre produktkvaliteten i produktionslinjen og have en st\u00e6rk evne til at skabe h\u00f8jeffektive, h\u00f8jpr\u00e6cisions- og kvalitetsprodukter for at im\u00f8dekomme vores kunders forskellige behov.<\/p>\n<p><img decoding=\"async\" src=\"https:\/\/hzpt.com\/wp-content\/uploads\/2024\/11\/songte-company-1.webp\"><\/p>\n<p>Vi specialiserer os i at levere international certificering, skr\u00e6ddersyede tjenester, produktionsudstyr og eftersalgsservice. Vores m\u00e5l er at levere de bedste produkter og tjenester til vores kunder.<\/p>\n<p>Forfatter: lyl<\/p>","protected":false},"excerpt":{"rendered":"<p>Bucket Cylinder For Komatsu Large Excavator PC70LC-8 Introduction The bucket cylinder for Komatsu large excavator PC70LC-8 is a specifically designed hydraulic cylinder used to control the movement of the bucket in heavy machinery such as excavators, backhoes, and front loaders. Its main function is to enable the bucket to lift, lower and tilt, making it [&hellip;]<\/p>","protected":false},"featured_media":14782,"comment_status":"open","ping_status":"closed","template":"","meta":{"_et_pb_use_builder":"","_et_pb_old_content":"","_et_gb_content_width":""},"product_brand":[],"product_cat":[1494],"product_tag":[1495,1496],"class_list":{"0":"post-15152","1":"product","2":"type-product","3":"status-publish","4":"has-post-thumbnail","6":"product_cat-bucket-cylinders","7":"product_tag-bucket-cylinders","8":"product_tag-hydraulic-cylinders","10":"first","11":"instock","12":"shipping-taxable","13":"product-type-simple"},"amp_enabled":true,"_links":{"self":[{"href":"https:\/\/www.hydraulic-cylinders.net\/da\/wp-json\/wp\/v2\/product\/15152","targetHints":{"allow":["GET"]}}],"collection":[{"href":"https:\/\/www.hydraulic-cylinders.net\/da\/wp-json\/wp\/v2\/product"}],"about":[{"href":"https:\/\/www.hydraulic-cylinders.net\/da\/wp-json\/wp\/v2\/types\/product"}],"replies":[{"embeddable":true,"href":"https:\/\/www.hydraulic-cylinders.net\/da\/wp-json\/wp\/v2\/comments?post=15152"}],"wp:featuredmedia":[{"embeddable":true,"href":"https:\/\/www.hydraulic-cylinders.net\/da\/wp-json\/wp\/v2\/media\/14782"}],"wp:attachment":[{"href":"https:\/\/www.hydraulic-cylinders.net\/da\/wp-json\/wp\/v2\/media?parent=15152"}],"wp:term":[{"taxonomy":"product_brand","embeddable":true,"href":"https:\/\/www.hydraulic-cylinders.net\/da\/wp-json\/wp\/v2\/product_brand?post=15152"},{"taxonomy":"product_cat","embeddable":true,"href":"https:\/\/www.hydraulic-cylinders.net\/da\/wp-json\/wp\/v2\/product_cat?post=15152"},{"taxonomy":"product_tag","embeddable":true,"href":"https:\/\/www.hydraulic-cylinders.net\/da\/wp-json\/wp\/v2\/product_tag?post=15152"}],"curies":[{"name":"wp","href":"https:\/\/api.w.org\/{rel}","templated":true}]}}