{"id":15155,"date":"2025-01-19T14:10:28","date_gmt":"2025-01-19T14:10:28","guid":{"rendered":"https:\/\/www.hydraulic-cylinders.net\/product\/bucket-cylinder-for-komatsu-wheel-excavator-pw150es-6\/"},"modified":"2025-01-19T14:10:29","modified_gmt":"2025-01-19T14:10:29","slug":"bucket-cylinder-for-komatsu-wheel-excavator-pw150es-6","status":"publish","type":"product","link":"https:\/\/www.hydraulic-cylinders.net\/da\/vare\/bucket-cylinder-for-komatsu-wheel-excavator-pw150es-6\/","title":{"rendered":"Skovlcylinder til Komatsu-hjulgraver PW150ES-6"},"content":{"rendered":"<h1>Skovlcylinder til Komatsu-hjulgraver PW150ES-6<\/h1>\n<h2>Indledning<\/h2>\n<p>Skovlcylinderen til Komatsu-hjulgravemaskinen PW150ES-6 er en specialdesignet hydraulisk cylinder, der bruges til at styre skovlens bev\u00e6gelse i tunge maskiner s\u00e5som gravemaskiner, rendegravere og frontl\u00e6ssere. Dens hovedfunktion er at g\u00f8re det muligt for skovlen at l\u00f8fte, s\u00e6nke og vippe, hvilket g\u00f8r den praktisk til forskellige materialeh\u00e5ndteringsopgaver. I det hydrauliske system opn\u00e5r skovlcylinderen pr\u00e6cis kontrol over skovlen gennem tryk\u00e6ndringer i hydraulikolien, hvilket giver operat\u00f8rerne mulighed for effektivt at h\u00e5ndtere tunge belastninger og tilpasse sig komplekse arbejdsmilj\u00f8er og forskellige driftskrav.<\/p>\n<p><img decoding=\"async\" src=\"https:\/\/www.hydraulic-cylinders.net\/wp-content\/uploads\/2025\/01\/songte-company-2.webp\" alt=\"Billede af spandcylinder\"><\/p>\n<h2>Funktioner<\/h2>\n<ul>\n<li>H\u00f8j styrke og holdbarhed: Typisk fremstillet af h\u00f8jstyrkest\u00e5l eller aluminium, kan den modst\u00e5 h\u00f8jt tryk og tunge belastninger og tilpasse sig barske arbejdsmilj\u00f8er. Designet tager h\u00f8jde for slidstyrke og korrosionsbestandighed, hvilket forl\u00e6nger dens levetid.<\/li>\n<li>Effektiv hydraulisk drift: Ved at udnytte trykket fra hydraulikolien opn\u00e5r den j\u00e6vne forl\u00e6ngelses- og sammentr\u00e6kningsbev\u00e6gelser, reagerer hurtigt p\u00e5 styrekommandoer og leverer kraftige skubbe- og tr\u00e6kkr\u00e6fter, der er velegnede til h\u00e5ndtering af tunge belastninger og komplekse driftsopgaver.<\/li>\n<li>Alsidige typer: Enkeltvirkende (hydraulisk anvendt i \u00e9n retning) eller dobbeltvirkende (hydraulisk anvendt i begge retninger) cylindre kan v\u00e6lges efter behov for at opfylde forskellige driftskrav. Nogle modeller er teleskopiske, hvilket giver mulighed for st\u00f8rre udtr\u00e6k uden at \u00f8ge de udvendige dimensioner, og er velegnede til applikationer med begr\u00e6nset plads.<\/li>\n<li>Perfekt udskiftning: Vores produkt kan perfekt erstatte disse hydrauliske cylindre.<\/li>\n<\/ul>\n<p><img decoding=\"async\" src=\"https:\/\/www.hydraulic-cylinders.net\/wp-content\/uploads\/2025\/01\/songte-cylinder-head-with-all-kinds-excavator-models.webp\" alt=\"Billede af hydraulisk cylinder\"><\/p>\n<h2>Applikationer<\/h2>\n<p>\nSkovlcylinderen til Komatsu-hjulgravemaskinen PW150ES-6 bruges i vid udstr\u00e6kning i forskellige entrepren\u00f8rmaskiner, landbrugsmaskiner, gravemaskiner og l\u00e6ssere:<\/p>\n<h3>Entrepren\u00f8rudstyr:<\/h3>\n<p>I gravemaskiner er de afg\u00f8rende for udgravning, l\u00e6sning og flytning af jord eller affald. I rendegravere hj\u00e6lper skovlcylinderen med b\u00e5de udgravning og l\u00f8ft.<\/p>\n<h3>Landbrugsmaskiner:<\/h3>\n<p>Anvendes i frontl\u00e6ssere til at opgrave, l\u00f8fte og transportere jord, h\u00f8 og andre materialer.<\/p>\n<h3>Gravemaskiner:<\/h3>\n<p>Skovlcylinderen muligg\u00f8r gravehandlinger ved at lade skovlen tr\u00e6nge ned i jorden.<\/p>\n<h3>L\u00e6ssere:<\/h3>\n<p>I frontl\u00e6ssere hj\u00e6lper de med at l\u00f8fte og vippe gods effektivt.<\/p>\n<p><img decoding=\"async\" src=\"https:\/\/www.hydraulic-cylinders.net\/wp-content\/uploads\/2025\/01\/songte-oil-pipes-and-spare-parts.webp\" alt=\"Billede af hydraulisk cylinder\"><\/p>\n<h2>Designovervejelser og udv\u00e6lgelseskriterier<\/h2>\n<p>Ved design af skovlcylinderen tages der h\u00f8jde for flere n\u00f8glefaktorer s\u00e5som b\u00e6reevne, t\u00e6tning, holdbarhed, sikkerhed og vedligeholdelsesvenlighed:<\/p>\n<p><img decoding=\"async\" src=\"https:\/\/www.hydraulic-cylinders.net\/wp-content\/uploads\/2025\/01\/songte-chushion-collar.webp\" alt=\"Billede af hydraulisk cylinder\"><\/p>\n<h2>T\u00e6tning og sm\u00f8ring<\/h2>\n<p>Skovlcylinderen anvender forskellige t\u00e6tninger, s\u00e5som stempelt\u00e6tninger og stangt\u00e6tninger, der er lavet af slidst\u00e6rke materialer som polyurethan og nitrilgummi. Cylinderhuset og gevindfladerne gennemg\u00e5r fin bearbejdning for at forbedre slidstyrken. Regelm\u00e6ssig sm\u00f8ring med en passende m\u00e6ngde hydraulikolie er p\u00e5kr\u00e6vet.<\/p>\n<h2>Regelm\u00e6ssig inspektion og forebyggende vedligeholdelse<\/h2>\n<ul>\n<li>Kontroller regelm\u00e6ssigt for l\u00e6kager, revner eller unormal slitage.<\/li>\n<li>Korrekt sm\u00f8ring for at sikre problemfri drift.<\/li>\n<li>Udskift pakninger n\u00e5r det er n\u00f8dvendigt.<\/li>\n<li>Udf\u00f8r kalibreringskontroller for at opretholde n\u00f8jagtigheden.<\/li>\n<\/ul>\n<p><img decoding=\"async\" src=\"https:\/\/www.hydraulic-cylinders.net\/wp-content\/uploads\/2025\/01\/songte-bushings-with-all-kinds-of-excavator-models.webp\" alt=\"Billede af hydraulisk cylinder\"><\/p>\n<h2>Sikkerhedshensyn og milj\u00f8faktorer<\/h2>\n<p>N\u00e5r du bruger skovlcylinderen, er det afg\u00f8rende at overholde sikkerhedsforanstaltningerne. Korrekt installation, betjening og vedligeholdelse er med til at sikre sikker brug, reducere ulykker og milj\u00f8p\u00e5virkning.<\/p>\n<h2>Fejlfinding og almindelige problemer<\/h2>\n<p>Almindelige problemer, der kan opst\u00e5 med skovlcylinderen, omfatter l\u00e6kager, forkert drift og unormal st\u00f8j. Fejlfindingstips og l\u00f8sninger b\u00f8r implementeres for at diagnosticere og l\u00f8se problemer effektivt. Forebyggende foranstaltninger b\u00f8r ogs\u00e5 tr\u00e6ffes for at minimere potentielle problemer.<\/p>\n<p><img decoding=\"async\" src=\"https:\/\/www.hydraulic-cylinders.net\/wp-content\/uploads\/2025\/01\/songte-company-1.webp\" alt=\"Billede af hydraulisk cylinder\"><\/p>\n<h2>Konklusion<\/h2>\n<p>Vores virksomhed er en f\u00f8rende producent og engrosdistribut\u00f8r af hydrauliske cylindre p\u00e5 det indenlandske og internationale marked. Vi tilbyder en bred vifte af produkter og str\u00e6ber efter fremragende kvalitet. Med avancerede produktionsfaciliteter, professionel ekspertise og fokus p\u00e5 kundetilfredshed er vi forpligtet til at im\u00f8dekomme forskellige kundebehov. Vores produkter er anerkendt for deres professionalisme, internationale certificeringer, skr\u00e6ddersyede tjenester, avanceret produktionsudstyr og fremragende eftersalgssupport.<\/p>\n<p><img decoding=\"async\" src=\"https:\/\/www.hydraulic-cylinders.net\/wp-content\/uploads\/2025\/01\/songte-company-3.webp\" alt=\"Virksomhedens image\"><\/p>\n<p>Forfatter: lyl<\/p>","protected":false},"excerpt":{"rendered":"<p>Bucket Cylinder For Komatsu Wheel Excavator PW150ES-6 Introduction The bucket cylinder for Komatsu wheel excavator PW150ES-6 is a specially designed hydraulic cylinder used to control the movement of the bucket in heavy machinery such as excavators, backhoe loaders, and front-end loaders. Its main function is to enable the bucket to lift, lower, and tilt, making [&hellip;]<\/p>","protected":false},"featured_media":14776,"comment_status":"open","ping_status":"closed","template":"","meta":{"_et_pb_use_builder":"","_et_pb_old_content":"","_et_gb_content_width":""},"product_brand":[],"product_cat":[1494],"product_tag":[1495,1496],"class_list":{"0":"post-15155","1":"product","2":"type-product","3":"status-publish","4":"has-post-thumbnail","6":"product_cat-bucket-cylinders","7":"product_tag-bucket-cylinders","8":"product_tag-hydraulic-cylinders","10":"first","11":"instock","12":"shipping-taxable","13":"product-type-simple"},"amp_enabled":true,"_links":{"self":[{"href":"https:\/\/www.hydraulic-cylinders.net\/da\/wp-json\/wp\/v2\/product\/15155","targetHints":{"allow":["GET"]}}],"collection":[{"href":"https:\/\/www.hydraulic-cylinders.net\/da\/wp-json\/wp\/v2\/product"}],"about":[{"href":"https:\/\/www.hydraulic-cylinders.net\/da\/wp-json\/wp\/v2\/types\/product"}],"replies":[{"embeddable":true,"href":"https:\/\/www.hydraulic-cylinders.net\/da\/wp-json\/wp\/v2\/comments?post=15155"}],"wp:featuredmedia":[{"embeddable":true,"href":"https:\/\/www.hydraulic-cylinders.net\/da\/wp-json\/wp\/v2\/media\/14776"}],"wp:attachment":[{"href":"https:\/\/www.hydraulic-cylinders.net\/da\/wp-json\/wp\/v2\/media?parent=15155"}],"wp:term":[{"taxonomy":"product_brand","embeddable":true,"href":"https:\/\/www.hydraulic-cylinders.net\/da\/wp-json\/wp\/v2\/product_brand?post=15155"},{"taxonomy":"product_cat","embeddable":true,"href":"https:\/\/www.hydraulic-cylinders.net\/da\/wp-json\/wp\/v2\/product_cat?post=15155"},{"taxonomy":"product_tag","embeddable":true,"href":"https:\/\/www.hydraulic-cylinders.net\/da\/wp-json\/wp\/v2\/product_tag?post=15155"}],"curies":[{"name":"wp","href":"https:\/\/api.w.org\/{rel}","templated":true}]}}