{"id":15157,"date":"2025-01-19T14:10:35","date_gmt":"2025-01-19T14:10:35","guid":{"rendered":"https:\/\/www.hydraulic-cylinders.net\/product\/bucket-cylinder-for-komatsu-wheel-excavator-pw100s-3-5\/"},"modified":"2025-01-19T14:10:37","modified_gmt":"2025-01-19T14:10:37","slug":"bucket-cylinder-for-komatsu-wheel-excavator-pw100s-3-5","status":"publish","type":"product","link":"https:\/\/www.hydraulic-cylinders.net\/da\/vare\/bucket-cylinder-for-komatsu-wheel-excavator-pw100s-3-5\/","title":{"rendered":"Skovlcylinder til Komatsu-hjulgraver PW100S-3-5"},"content":{"rendered":"<h2>Skovlcylinder til Komatsu-hjulgraver PW100S-3-5<\/h2>\n<p>En skovlcylinder er en specialdesignet hydraulisk cylinder, der bruges til at styre skovlens bev\u00e6gelse i tunge maskiner s\u00e5som gravemaskiner, rendegravere og hjull\u00e6ssere. Dens hovedfunktion er at g\u00f8re det muligt for skovlen at l\u00f8fte, s\u00e6nke og vippe, hvilket g\u00f8r det lettere at udf\u00f8re forskellige materialeh\u00e5ndteringsopgaver. I det hydrauliske system opn\u00e5r skovlcylinderen pr\u00e6cis kontrol over skovlen gennem \u00e6ndringer i hydraulikolietrykket, hvilket giver operat\u00f8rerne mulighed for effektivt at h\u00e5ndtere tunge l\u00e6s og tilpasse sig komplekse arbejdsmilj\u00f8er og forskellige driftsbehov.<\/p>\n<p><img decoding=\"async\" src=\"https:\/\/www.hydraulic-cylinders.net\/wp-content\/uploads\/2025\/01\/songte-company-2.webp\" alt=\"Billede af spandcylinder\"><\/p>\n<h3>Funktioner ved spandcylinder:<\/h3>\n<ol>\n<li>H\u00f8j styrke og holdbarhed: Typisk fremstillet af h\u00f8jstyrkest\u00e5l eller aluminium, kan den modst\u00e5 h\u00f8jt tryk og tunge belastninger og tilpasse sig barske arbejdsmilj\u00f8er. Designet tager h\u00f8jde for slidstyrke og korrosionsbestandighed for at forl\u00e6nge dens levetid.<\/li>\n<li>Effektiv hydraulisk drift: Ved at udnytte trykket fra hydraulikolien opn\u00e5r den j\u00e6vne ud- og indtr\u00e6ksbev\u00e6gelser, reagerer hurtigt p\u00e5 styrekommandoer og leverer kraftige skubbe- og tr\u00e6kkr\u00e6fter, der er velegnede til h\u00e5ndtering af tunge belastninger og komplekse driftsopgaver.<\/li>\n<li>Forskellige typer: Enkeltvirkende (hydraulisk anvendt i kun \u00e9n retning) eller dobbeltvirkende (hydraulisk anvendt i begge retninger) cylindre kan v\u00e6lges efter behov for at im\u00f8dekomme forskellige driftsbehov. Nogle modeller er teleskopiske, hvilket muligg\u00f8r st\u00f8rre udtr\u00e6k uden at \u00f8ge de udvendige dimensioner, hvilket g\u00f8r dem velegnede til applikationer med begr\u00e6nset plads.<\/li>\n<li>Perfekt udskiftning: Vores produkt kan perfekt erstatte disse hydrauliske cylindre.<\/li>\n<\/ol>\n<p><img decoding=\"async\" src=\"https:\/\/www.hydraulic-cylinders.net\/wp-content\/uploads\/2025\/01\/songte-cylinder-head-with-all-kinds-excavator-models.webp\" alt=\"Billede af udskiftning af spandcylinder\"><\/p>\n<h3>Anvendelser af spandcylinder:<\/h3>\n<p><strong>Entrepren\u00f8rudstyr:<\/strong> De findes i gravemaskiner og er afg\u00f8rende for udgravning, l\u00e6sning og flytning af jord eller affald. I rendegravere hj\u00e6lper skovlcylinderen med b\u00e5de at grave og l\u00f8fte.<\/p>\n<p><strong>Landbrugsmaskiner:<\/strong> Anvendes i frontl\u00e6ssere til at opgrave, l\u00f8fte og transportere jord, h\u00f8 og andre materialer.<\/p>\n<p><strong>Gravemaskiner:<\/strong> Skovlcylinderen muligg\u00f8r gravefunktion ved at lade skovlen tr\u00e6nge ned i jorden.<\/p>\n<p><strong>Hjull\u00e6ssere:<\/strong> I frontl\u00e6ssere hj\u00e6lper de med at l\u00f8fte og t\u00f8mme gods effektivt.<\/p>\n<h3>Designovervejelser og udv\u00e6lgelseskriterier:<\/h3>\n<p>Ved design af skovlcylindre tages der hensyn til flere faktorer:<\/p>\n<ol>\n<li>B\u00e6reevne: Cylinderen skal kunne modst\u00e5 de maksimalt forventede belastninger for at sikre sikker og p\u00e5lidelig drift.<\/li>\n<li>T\u00e6tningsevne: Forskellige t\u00e6tningskomponenter, s\u00e5som stempelt\u00e6tninger og stangt\u00e6tninger, anvendes til at forhindre l\u00e6kage og sikre effektiv drift.<\/li>\n<li>Holdbarhed: Cylinderen og dens gevindender er fint behandlet for at forbedre slidstyrken og forl\u00e6nge levetiden.<\/li>\n<li>Sikkerhed: Designet indeholder sikkerhedsfunktioner for at forhindre ulykker og sikre operat\u00f8rbeskyttelse.<\/li>\n<li>Vedligeholdelsesvenlighed: Nem adgang til vedligeholdelse, reparation og udskiftning af komponenter anses for at minimere nedetid.<\/li>\n<\/ol>\n<p><img decoding=\"async\" src=\"https:\/\/www.hydraulic-cylinders.net\/wp-content\/uploads\/2025\/01\/songte-oil-pipes-and-spare-parts.webp\" alt=\"Billede af t\u00e6tning og sm\u00f8ring\"><\/p>\n<p>Til t\u00e6tning anvendes forskellige t\u00e6tningselementer s\u00e5som polyurethan og nitrilgummi p\u00e5 grund af deres slidstyrke. Cylinderhuset og gevindenderne gennemg\u00e5r omhyggelig overfladebehandling for at forbedre slidstyrken. Regelm\u00e6ssig sm\u00f8ring med den passende m\u00e6ngde hydraulikolie er n\u00f8dvendig for at sikre problemfri drift.<\/p>\n<p>Regelm\u00e6ssige inspektioner og forebyggende vedligeholdelsesforanstaltninger er afg\u00f8rende for skovlcylinderens levetid og optimale ydeevne:<\/p>\n<ul>\n<li>Kontroller regelm\u00e6ssigt for l\u00e6kager, slitage og skader.<\/li>\n<li>S\u00f8rg for korrekt sm\u00f8ring af alle bev\u00e6gelige dele.<\/li>\n<li>Udskift pakninger efter behov.<\/li>\n<li>Udf\u00f8r kalibreringskontroller for at opretholde n\u00f8jagtigheden.<\/li>\n<\/ul>\n<p><img decoding=\"async\" src=\"https:\/\/www.hydraulic-cylinders.net\/wp-content\/uploads\/2025\/01\/songte-chushion-collar.webp\" alt=\"Billede af vedligeholdelsesopgaver\"><\/p>\n<p>Sikkerhedshensyn og milj\u00f8faktorer er afg\u00f8rende, n\u00e5r man arbejder med skovlcylindre. Overholdelse af sikkerhedsforanstaltninger under brug af cylinderen sikrer forebyggelse af ulykker og f\u00f8rerens velbefindende.<\/p>\n<p>Med hensyn til fejlfinding og almindelige problemer er her nogle tips og l\u00f8sninger, der kan hj\u00e6lpe l\u00e6serne med at diagnosticere og l\u00f8se problemer effektivt, sammen med forebyggende foranstaltninger for at minimere potentielle problemer:<\/p>\n<p><img decoding=\"async\" src=\"https:\/\/www.hydraulic-cylinders.net\/wp-content\/uploads\/2025\/01\/songte-bushings-with-all-kinds-of-excavator-models.webp\" alt=\"Fejlfindingsbillede\"><\/p>\n<h3>Om vores virksomhed:<\/h3>\n<p>Vi er en f\u00f8rende producent og engrosdistribut\u00f8r af hydrauliske cylindre p\u00e5 det indenlandske og internationale marked. Vores virksomhed tilbyder en bred vifte af produkter, der overholder principperne om fremragende kvalitet og anvender industrielle produktionsstyringsstrategier i vores raffinerede produktionsv\u00e6rksteder. Med et st\u00e6rkt fokus p\u00e5 teknologiske talenter, avanceret digitalt produktionsudstyr og professionelle testsystemer forbedrer vi l\u00f8bende vores produktionsplatform og produktkvalitetsproduktionsruter. Vi har evnen til at im\u00f8dekomme forskellige kundebehov med h\u00f8j effektivitet, pr\u00e6cision og kvalitet.<\/p>\n<p><img decoding=\"async\" src=\"https:\/\/www.hydraulic-cylinders.net\/wp-content\/uploads\/2025\/01\/songte-company-3.webp\" alt=\"Virksomhedens image\"><\/p>\n<p>Vores virksomhed er kendt for sin professionalisme, internationale certificeringer, skr\u00e6ddersyede tjenester, produktionsudstyr og eftersalgssupport.<\/p>\n<h5>Forfatter: lyl<\/h5>","protected":false},"excerpt":{"rendered":"<p>Bucket Cylinder For Komatsu Wheel Excavator PW100S-3-5 Bucket cylinder is a specially designed hydraulic cylinder used to control the movement of the bucket in heavy machinery such as excavators, backhoe loaders, and wheel loaders. Its main function is to enable the bucket to lift, lower, and tilt, making it easier for various material handling tasks. [&hellip;]<\/p>","protected":false},"featured_media":14771,"comment_status":"open","ping_status":"closed","template":"","meta":{"_et_pb_use_builder":"","_et_pb_old_content":"","_et_gb_content_width":""},"product_brand":[],"product_cat":[1494],"product_tag":[1495,1496],"class_list":{"0":"post-15157","1":"product","2":"type-product","3":"status-publish","4":"has-post-thumbnail","6":"product_cat-bucket-cylinders","7":"product_tag-bucket-cylinders","8":"product_tag-hydraulic-cylinders","10":"first","11":"instock","12":"shipping-taxable","13":"product-type-simple"},"amp_enabled":true,"_links":{"self":[{"href":"https:\/\/www.hydraulic-cylinders.net\/da\/wp-json\/wp\/v2\/product\/15157","targetHints":{"allow":["GET"]}}],"collection":[{"href":"https:\/\/www.hydraulic-cylinders.net\/da\/wp-json\/wp\/v2\/product"}],"about":[{"href":"https:\/\/www.hydraulic-cylinders.net\/da\/wp-json\/wp\/v2\/types\/product"}],"replies":[{"embeddable":true,"href":"https:\/\/www.hydraulic-cylinders.net\/da\/wp-json\/wp\/v2\/comments?post=15157"}],"wp:featuredmedia":[{"embeddable":true,"href":"https:\/\/www.hydraulic-cylinders.net\/da\/wp-json\/wp\/v2\/media\/14771"}],"wp:attachment":[{"href":"https:\/\/www.hydraulic-cylinders.net\/da\/wp-json\/wp\/v2\/media?parent=15157"}],"wp:term":[{"taxonomy":"product_brand","embeddable":true,"href":"https:\/\/www.hydraulic-cylinders.net\/da\/wp-json\/wp\/v2\/product_brand?post=15157"},{"taxonomy":"product_cat","embeddable":true,"href":"https:\/\/www.hydraulic-cylinders.net\/da\/wp-json\/wp\/v2\/product_cat?post=15157"},{"taxonomy":"product_tag","embeddable":true,"href":"https:\/\/www.hydraulic-cylinders.net\/da\/wp-json\/wp\/v2\/product_tag?post=15157"}],"curies":[{"name":"wp","href":"https:\/\/api.w.org\/{rel}","templated":true}]}}