{"id":15162,"date":"2025-01-19T14:11:01","date_gmt":"2025-01-19T14:11:01","guid":{"rendered":"https:\/\/www.hydraulic-cylinders.net\/product\/bucket-cylinder-for-hitachi-wheel-excavator-zx140w-3\/"},"modified":"2025-01-19T14:11:03","modified_gmt":"2025-01-19T14:11:03","slug":"bucket-cylinder-for-hitachi-wheel-excavator-zx140w-3","status":"publish","type":"product","link":"https:\/\/www.hydraulic-cylinders.net\/da\/vare\/bucket-cylinder-for-hitachi-wheel-excavator-zx140w-3\/","title":{"rendered":"Skovlcylinder til Hitachi hjulgraver ZX140W-3"},"content":{"rendered":"<h1>Skovlcylinder til Hitachi hjulgraver ZX140W-3<\/h1>\n<h2>Indledning<\/h2>\n<p>Skovlcylinderen til Hitachi hjulgraver ZX140W-3 er en specialdesignet hydraulisk cylinder, der prim\u00e6rt bruges til at styre skovlens bev\u00e6gelse i tunge maskiner s\u00e5som gravemaskiner, rendegravere og frontl\u00e6ssere. Dens hovedfunktion er at give skovlen mulighed for at l\u00f8fte, s\u00e6nke og vippe, hvilket g\u00f8r det lettere at h\u00e5ndtere forskellige materialeh\u00e5ndteringsopgaver. I det hydrauliske system opn\u00e5r skovlcylinderen pr\u00e6cis kontrol over skovlens bev\u00e6gelse gennem \u00e6ndringer i hydraulikolietrykket, hvilket g\u00f8r det muligt for f\u00f8rere effektivt at h\u00e5ndtere tunge l\u00e6s og tilpasse sig komplekse arbejdsmilj\u00f8er og forskellige driftskrav.<\/p>\n<p><img decoding=\"async\" src=\"https:\/\/www.hydraulic-cylinders.net\/wp-content\/uploads\/2025\/01\/songte-company-2.webp\"><\/p>\n<h2>Funktioner<\/h2>\n<ul>\n<li>H\u00f8j styrke og holdbarhed: Normalt lavet af h\u00f8jstyrkest\u00e5l eller aluminium, i stand til at modst\u00e5 h\u00f8jt tryk og tunge belastninger, og designet med slidstyrke og korrosionsbestandighed for at forl\u00e6nge dets levetid.<\/li>\n<li>Effektiv hydraulisk drift: Bruger hydraulisk olietryk til at opn\u00e5 en j\u00e6vn ud- og tilbagetr\u00e6kningsbev\u00e6gelse, i stand til at reagere hurtigt p\u00e5 kontrolkommandoer, give st\u00e6rk skubbe- og tr\u00e6kkraft, velegnet til h\u00e5ndtering af tunge belastninger og komplekse driftsopgaver.<\/li>\n<li>Forskellige typer: Kan v\u00e6lges mellem enkeltvirkende (hydraulisk anvendt i kun \u00e9n retning) eller dobbeltvirkende (hydraulisk anvendt i begge retninger) cylindre i henhold til krav for at opfylde forskellige driftsbehov. Nogle modeller er teleskopiske, hvilket muligg\u00f8r st\u00f8rre udtr\u00e6k uden at \u00f8ge de udvendige dimensioner, velegnede til applikationer med begr\u00e6nset plads.<\/li>\n<li>Kan tilpasses: Vores produkt kan perfekt erstatte disse hydrauliske cylindre.<\/li>\n<\/ul>\n<p><img decoding=\"async\" src=\"https:\/\/www.hydraulic-cylinders.net\/wp-content\/uploads\/2025\/01\/songte-cylinder-head-with-all-kinds-excavator-models.webp\"><\/p>\n<h2>Applikationer<\/h2>\n<p>Spancylinderen bruges i vid udstr\u00e6kning i forskellige industrier, herunder:<\/p>\n<ul>\n<li>Entrepren\u00f8rudstyr: I gravemaskiner er de afg\u00f8rende for at grave, l\u00e6sse og flytte jord eller affald. I rendegravere bidrager skovlcylinderen til b\u00e5de gravning og l\u00f8ft. <\/li>\n<li>Landbrugsmaskiner: Bruges til frontl\u00e6ssere til at udgrave, l\u00f8fte og transportere jord, h\u00f8 og andre materialer. <\/li>\n<li>Gravemaskiner: Skovlcylinderen g\u00f8r det muligt for skovlen at tr\u00e6nge ned i jorden for at opn\u00e5 en gravebev\u00e6gelse. <\/li>\n<li>L\u00e6ssere: I frontl\u00e6ssere bidrager de til effektivt at l\u00f8fte og vippe gods.<\/li>\n<\/ul>\n<h2>Designovervejelser og udv\u00e6lgelseskriterier<\/h2>\n<p>Fra et designperspektiv skal spandcylinderen have f\u00f8lgende:<\/p>\n<ul>\n<li>B\u00e6reevne: Den skal kunne modst\u00e5 den maksimale belastning af applikationen.<\/li>\n<li>T\u00e6tning: Der anvendes forskellige t\u00e6tninger, s\u00e5som stempelt\u00e6tninger, stangt\u00e6tninger og andre. T\u00e6tningerne er lavet af slidst\u00e6rke materialer som polyurethan og nitrilgummi for at sikre lang levetid og forhindre l\u00e6kager.<\/li>\n<li>Holdbarhed: Cylinderens hus og gevindsk\u00e5rne endeflade er pr\u00e6cist forarbejdet for at \u00f8ge slidstyrken.<\/li>\n<li>Sikkerhed: Udstyrets hydrauliske system skal have sikkerhedsfunktioner for at forhindre ulykker for\u00e5rsaget af svigt af hydrauliske cylindere.<\/li>\n<li>Vedligeholdelse: Cylinderens design skal muligg\u00f8re nem vedligeholdelse og reparation uden at skulle skille hele systemet ad.<\/li>\n<\/ul>\n<p><img decoding=\"async\" src=\"https:\/\/www.hydraulic-cylinders.net\/wp-content\/uploads\/2025\/01\/songte-oil-pipes-and-spare-parts.webp\"><\/p>\n<h2>T\u00e6tning og sm\u00f8ring<\/h2>\n<p>Skovlcylinderen bruger forskellige t\u00e6tningskomponenter, s\u00e5som stempelt\u00e6tninger, stangt\u00e6tninger og andre, der er fremstillet af slidst\u00e6rke materialer som polyurethan og nitrilgummi for at reducere l\u00e6kage og sikre en lang levetid. Cylinderens hus og gevindflade er pr\u00e6cist forarbejdet for at \u00f8ge slidstyrken. Regelm\u00e6ssig sm\u00f8ring med hydraulikolie er n\u00f8dvendig for at sikre korrekt drift af cylinderen.<\/p>\n<h2>Inspektion og forebyggende vedligeholdelse<\/h2>\n<p>Regelm\u00e6ssig inspektion og forebyggende vedligeholdelse er n\u00f8dvendig for at forl\u00e6nge spandcylinderens levetid. Vedligeholdelsesopgaver b\u00f8r omfatte:<\/p>\n<ul>\n<li>Regelm\u00e6ssig inspektion af cylinderens pakninger og fittings for at sikre, at der ikke er l\u00e6kager.<\/li>\n<li>Korrekt sm\u00f8ring af cylinderen i henhold til producentens anbefalinger.<\/li>\n<li>Periodisk udskiftning af pakninger efter behov.<\/li>\n<li>Kalibreringstjek for at sikre korrekt drift.<\/li>\n<\/ul>\n<p><img decoding=\"async\" src=\"https:\/\/www.hydraulic-cylinders.net\/wp-content\/uploads\/2025\/01\/songte-chushion-collar.webp\"><\/p>\n<h2>Sikkerheds- og milj\u00f8hensyn<\/h2>\n<p>Det er vigtigt at tr\u00e6ffe sikkerhedsforanstaltninger ved brug af skovlcylinderen, s\u00e5som at sikre, at alle sikkerhedsfunktioner er p\u00e5 plads, og at operat\u00f8rerne er opl\u00e6rt i korrekt brug. G\u00e6ldende milj\u00f8forskrifter skal ogs\u00e5 f\u00f8lges ved h\u00e5ndtering af hydraulikolie.<\/p>\n<h2>Fejlfinding og almindelige problemer<\/h2>\n<p>Almindelige problemer, der kan opst\u00e5 med skovlcylinderen, omfatter oliel\u00e6kager, forurening af hydraulikv\u00e6sken og beskadigelse af cylinderens pakninger. Fejlfinding b\u00f8r starte med at identificere problemets kilde og derefter unders\u00f8ge mulige l\u00f8sninger. Regelm\u00e6ssig forebyggende vedligeholdelse kan reducere sandsynligheden for problemer betydeligt.<\/p>\n<p><img decoding=\"async\" src=\"https:\/\/www.hydraulic-cylinders.net\/wp-content\/uploads\/2025\/01\/songte-bushings-with-all-kinds-of-excavator-models.webp\"><\/p>\n<h2>Om virksomheden<\/h2>\n<p>Vi er en producent af hydrauliske udskiftningscylindre, der tilbyder et komplet produktsortiment og er blevet en af \u200b\u200bde f\u00f8rende producenter og engrosdistribut\u00f8rer af hydrauliske cylindre p\u00e5 det indenlandske og internationale marked. Vi f\u00f8lger princippet om fremragende kvalitet, bygger p\u00e5 den industrielle produktionsstyringsstrategi i sofistikerede produktionsv\u00e6rksteder og forbedrer l\u00f8bende v\u00e6rkstedets produktionsplatform, forbedrer produktkvaliteten i produktionslinjen og besidder en st\u00e6rk kreativ evne til at im\u00f8dekomme kundernes forskellige behov. <\/p>\n<p>Vores virksomhed har specialiseret personale, internationale certificeringer, tilpassede tjenester, avanceret produktionsudstyr og perfekt eftersalgsservice.<\/p>\n<p><img decoding=\"async\" src=\"https:\/\/hzpt.com\/wp-content\/uploads\/2024\/11\/songte-company-1.webp\"><\/p>\n<p>Forfatter: lyl.<\/p>","protected":false},"excerpt":{"rendered":"<p>Bucket Cylinder For Hitachi Wheel Excavator ZX140W-3 Introduction The Bucket Cylinder for Hitachi Wheel Excavator ZX140W-3 is a specially designed hydraulic cylinder primarily used to control the movement of the bucket in heavy machinery such as excavators, backhoes, and front loaders. Its main function is to allow the bucket to lift, lower, and tilt, making [&hellip;]<\/p>","protected":false},"featured_media":14789,"comment_status":"open","ping_status":"closed","template":"","meta":{"_et_pb_use_builder":"","_et_pb_old_content":"","_et_gb_content_width":""},"product_brand":[],"product_cat":[1494],"product_tag":[1495,1496],"class_list":{"0":"post-15162","1":"product","2":"type-product","3":"status-publish","4":"has-post-thumbnail","6":"product_cat-bucket-cylinders","7":"product_tag-bucket-cylinders","8":"product_tag-hydraulic-cylinders","10":"first","11":"instock","12":"shipping-taxable","13":"product-type-simple"},"amp_enabled":true,"_links":{"self":[{"href":"https:\/\/www.hydraulic-cylinders.net\/da\/wp-json\/wp\/v2\/product\/15162","targetHints":{"allow":["GET"]}}],"collection":[{"href":"https:\/\/www.hydraulic-cylinders.net\/da\/wp-json\/wp\/v2\/product"}],"about":[{"href":"https:\/\/www.hydraulic-cylinders.net\/da\/wp-json\/wp\/v2\/types\/product"}],"replies":[{"embeddable":true,"href":"https:\/\/www.hydraulic-cylinders.net\/da\/wp-json\/wp\/v2\/comments?post=15162"}],"wp:featuredmedia":[{"embeddable":true,"href":"https:\/\/www.hydraulic-cylinders.net\/da\/wp-json\/wp\/v2\/media\/14789"}],"wp:attachment":[{"href":"https:\/\/www.hydraulic-cylinders.net\/da\/wp-json\/wp\/v2\/media?parent=15162"}],"wp:term":[{"taxonomy":"product_brand","embeddable":true,"href":"https:\/\/www.hydraulic-cylinders.net\/da\/wp-json\/wp\/v2\/product_brand?post=15162"},{"taxonomy":"product_cat","embeddable":true,"href":"https:\/\/www.hydraulic-cylinders.net\/da\/wp-json\/wp\/v2\/product_cat?post=15162"},{"taxonomy":"product_tag","embeddable":true,"href":"https:\/\/www.hydraulic-cylinders.net\/da\/wp-json\/wp\/v2\/product_tag?post=15162"}],"curies":[{"name":"wp","href":"https:\/\/api.w.org\/{rel}","templated":true}]}}