{"id":15165,"date":"2025-01-19T14:11:14","date_gmt":"2025-01-19T14:11:14","guid":{"rendered":"https:\/\/www.hydraulic-cylinders.net\/product\/bucket-cylinder-for-hitachi-wheel-excavator-zx210w-3\/"},"modified":"2025-01-19T14:11:16","modified_gmt":"2025-01-19T14:11:16","slug":"bucket-cylinder-for-hitachi-wheel-excavator-zx210w-3","status":"publish","type":"product","link":"https:\/\/www.hydraulic-cylinders.net\/da\/vare\/bucket-cylinder-for-hitachi-wheel-excavator-zx210w-3\/","title":{"rendered":"Skovlcylinder til Hitachi hjulgraver ZX210W-3"},"content":{"rendered":"<p><!DOCTYPE html><br \/>\n<html><br \/>\n<head><br \/>\n<title>Skovlcylinder til Hitachi hjulgraver ZX210W-3<\/title><br \/>\n<\/head><br \/>\n<body><\/p>\n<h1>Skovlcylinder til Hitachi hjulgraver ZX210W-3<\/h1>\n<h2>Indledning<\/h2>\n<p>Skovlcylinderen til Hitachi-hjulgravemaskinen ZX210W-3 er en specialdesignet hydraulisk cylinder, der bruges til at styre skovlens bev\u00e6gelse i tunge maskiner s\u00e5som gravemaskiner, rendegravere og hjull\u00e6ssere. Dens hovedfunktion er at muligg\u00f8re l\u00f8ft, s\u00e6nkning og vipning af skovlen, hvilket g\u00f8r den praktisk til forskellige materialeh\u00e5ndteringsopgaver. I det hydrauliske system opn\u00e5r skovlcylinderen pr\u00e6cis kontrol over skovlen ved at bruge tryk\u00e6ndringen i hydraulikolien, hvilket giver operat\u00f8rerne mulighed for effektivt at h\u00e5ndtere tunge l\u00e6s og tilpasse sig komplekse arbejdsmilj\u00f8er og forskellige driftskrav.<\/p>\n<p><img decoding=\"async\" src=\"https:\/\/www.hydraulic-cylinders.net\/wp-content\/uploads\/2025\/01\/songte-company-2.webp\" alt=\"Billede af spandcylinder\"><\/p>\n<h2>Funktioner<\/h2>\n<ul>\n<li>H\u00f8j styrke og holdbarhed: Typisk fremstillet af h\u00f8jstyrkest\u00e5l eller aluminium, kan den modst\u00e5 h\u00f8jt tryk og tunge belastninger og tilpasse sig barske arbejdsmilj\u00f8er. Designet tager h\u00f8jde for slidstyrke og korrosionsbestandighed, hvilket forl\u00e6nger dens levetid.<\/li>\n<li>Effektiv hydraulisk drift: Ved at udnytte trykket fra hydraulikolien opn\u00e5r den j\u00e6vne teleskopbev\u00e6gelser, reagerer hurtigt p\u00e5 styrekommandoer, leverer kraftige skubbe- og tr\u00e6kkr\u00e6fter og er velegnet til h\u00e5ndtering af tunge belastninger og komplekse driftsopgaver.<\/li>\n<li>Forskellige typer: V\u00e6lg mellem enkeltvirkende (hydraulisk kun i \u00e9n retning) eller dobbeltvirkende (hydraulisk i begge retninger) cylindre efter behov. Nogle modeller er teleskopiske, hvilket giver mulighed for st\u00f8rre udtr\u00e6k uden at \u00f8ge de udvendige dimensioner, hvilket g\u00f8r dem velegnede til applikationer med begr\u00e6nset plads.<\/li>\n<li>Perfekt udskiftning: Vores produkter kan perfekt erstatte disse hydrauliske cylindre.<\/li>\n<\/ul>\n<p><img decoding=\"async\" src=\"https:\/\/www.hydraulic-cylinders.net\/wp-content\/uploads\/2025\/01\/songte-cylinder-head-with-all-kinds-excavator-models.webp\" alt=\"Produktbillede\"><\/p>\n<h2>Applikationer<\/h2>\n<ul>\n<li>Entrepren\u00f8rudstyr: De findes i gravemaskiner og er afg\u00f8rende for at grave, l\u00e6sse og flytte jord eller affald. I rendegravere hj\u00e6lper skovlcylinderen med b\u00e5de at grave og l\u00f8fte.<\/li>\n<li>Landbrugsmaskiner: Bruges i frontl\u00e6ssere til at udgrave, l\u00f8fte og transportere jord, h\u00f8 og andre materialer.<\/li>\n<li>Gravemaskiner: Skovlcylinderen muligg\u00f8r gravehandlinger ved at lade skovlen tr\u00e6nge ned i jorden.<\/li>\n<li>Hjull\u00e6ssere: Frontl\u00e6ssere hj\u00e6lper med at l\u00f8fte og losse gods effektivt.<\/li>\n<\/ul>\n<h2>Designovervejelser og udv\u00e6lgelseskriterier<\/h2>\n<ul>\n<li>B\u00e6reevne: Diskuter cylinderens evne til at modst\u00e5 belastninger.<\/li>\n<li>T\u00e6tning: Beskriv vigtigheden af \u200b\u200bat bruge forskellige t\u00e6tninger, s\u00e5som stempelt\u00e6tninger og stangt\u00e6tninger, lavet af slidst\u00e6rke materialer som polyurethan og nitrilgummi, og den fine overfladebehandling af cylinderhuset og gevindenderne for at forbedre slidstyrken.<\/li>\n<li>Holdbarhed: Diskuter cylinderens evne til at modst\u00e5 barske arbejdsforhold og dens vedligeholdelseskrav.<\/li>\n<li>Sikkerhed: Diskuter sikkerhedshensyn under designprocessen.<\/li>\n<li>Vedligeholdelsesevne: Beskriv, hvor let vedligeholdelsen er, herunder regelm\u00e6ssige inspektioner og forebyggende foranstaltninger.<\/li>\n<\/ul>\n<p><img decoding=\"async\" src=\"https:\/\/www.hydraulic-cylinders.net\/wp-content\/uploads\/2025\/01\/songte-oil-pipes-and-spare-parts.webp\" alt=\"Produktbillede\"><\/p>\n<h2>T\u00e6tning og sm\u00f8ring<\/h2>\n<p>Skovlcylinderen anvender forskellige t\u00e6tningskomponenter s\u00e5som stempelt\u00e6tninger og stangt\u00e6tninger. Disse t\u00e6tninger er lavet af slidst\u00e6rke materialer s\u00e5som polyurethan og nitrilgummi. Cylinderhuset og gevindenderne gennemg\u00e5r fin bearbejdning for at forbedre slidstyrken. Regelm\u00e6ssig sm\u00f8ring med den passende m\u00e6ngde hydraulikolie er n\u00f8dvendig for at sikre problemfri drift og lang levetid.<\/p>\n<h2>Regelm\u00e6ssig inspektion og forebyggende vedligeholdelse<\/h2>\n<p>Regelm\u00e6ssig inspektion og forebyggende vedligeholdelse er afg\u00f8rende for at forl\u00e6nge skovlcylinderens levetid. F\u00f8lgende foranstaltninger b\u00f8r tr\u00e6ffes:<\/p>\n<ul>\n<li>Unders\u00f8g cylinderen for tegn p\u00e5 skader eller slid.<\/li>\n<li>S\u00f8rg for korrekt sm\u00f8ring.<\/li>\n<li>Udskift pakninger n\u00e5r det er n\u00f8dvendigt.<\/li>\n<li>Udf\u00f8r kalibreringskontroller.<\/li>\n<\/ul>\n<p><img decoding=\"async\" src=\"https:\/\/www.hydraulic-cylinders.net\/wp-content\/uploads\/2025\/01\/songte-chushion-collar.webp\" alt=\"Produktbillede\"><\/p>\n<h2>Sikkerhedshensyn og milj\u00f8faktorer<\/h2>\n<p>N\u00e5r man bruger skovlcylinderen, er det vigtigt at f\u00f8lge sikkerhedsforanstaltninger for at forhindre ulykker og sikre f\u00f8rerens velbefindende. Milj\u00f8faktorer, s\u00e5som temperatur og fugtighed, b\u00f8r ogs\u00e5 tages i betragtning for at opretholde optimal ydeevne.<\/p>\n<h2>Fejldiagnose og fejlfinding<\/h2>\n<p>Almindelige problemer med skovlcylinderen kan omfatte l\u00e6kage, utilstr\u00e6kkelig kraft eller unormale bev\u00e6gelser. S\u00e5dan l\u00f8ser du disse problemer:<\/p>\n<ul>\n<li>Giv tips til fejlfinding og l\u00f8sninger til diagnosticering og l\u00f8sning af problemer.<\/li>\n<li>Foresl\u00e5 forebyggende foranstaltninger for at minimere potentielle problemer.<\/li>\n<\/ul>\n<p><img decoding=\"async\" src=\"https:\/\/www.hydraulic-cylinders.net\/wp-content\/uploads\/2025\/01\/songte-bushings-with-all-kinds-of-excavator-models.webp\" alt=\"Produktbillede\"><\/p>\n<h2>Vedligeholdelsesopgaver<\/h2>\n<p>Tre almindelige vedligeholdelsesopgaver for skovlcylinderen er:<\/p>\n<ul>\n<li>Regelm\u00e6ssig inspektion<\/li>\n<li>Korrekt sm\u00f8ring<\/li>\n<li>Udskiftning af pakninger og kalibreringskontroller<\/li>\n<\/ul>\n<p>Understreg vigtigheden af \u200b\u200bkorrekt installation, sm\u00f8ring og justering. Giv vejledning i korrekt justering af cylinderen under installationen, og anbefal brugen af \u200b\u200bpassende installationsbeslag for stabilitet. Beskriv anbefalede inspektions-, reparations- og udskiftningsprocedurer samt tips til at forl\u00e6nge spandcylinderens levetid.<\/p>\n<p><img decoding=\"async\" src=\"https:\/\/hzpt.com\/wp-content\/uploads\/2024\/11\/songte-company-1.webp\" alt=\"Produktbillede\"><\/p>\n<h2>Virksomhedsoversigt<\/h2>\n<p>Vi er en f\u00f8rende producent og grossistdistribut\u00f8r af hydrauliske udskiftningscylindre p\u00e5 det indenlandske og internationale marked. Vores virksomhed tilbyder en bred vifte af produkter og f\u00f8lger en strategi for industriel produktionsstyring i velfungerende produktionsv\u00e6rksteder. Vi forbedrer l\u00f8bende vores produktionsplatform, produktkvalitet og produktionsruter og besidder st\u00e6rke innovationsevner. Med principperne om h\u00f8j effektivitet, h\u00f8j pr\u00e6cision og h\u00f8j kvalitet im\u00f8dekommer vi forskellige kundebehov.<\/p>\n<p><img decoding=\"async\" src=\"https:\/\/www.hydraulic-cylinders.net\/wp-content\/uploads\/2025\/01\/songte-company-3.webp\" alt=\"Produktbillede\"><\/p>\n<h2>Om vores virksomhed<\/h2>\n<ul>\n<li>Professionalitet: Fremh\u00e6v virksomhedens ekspertise og erfaring i branchen.<\/li>\n<li>International certificering: Angiv alle relevante internationale certificeringer, som virksomheden har opn\u00e5et.<\/li>\n<li>Tilpasningsservice: Diskuter virksomhedens evne til at levere skr\u00e6ddersyede l\u00f8sninger.<\/li>\n<li>Produktionsudstyr: Beskriv det avancerede produktionsudstyr, som virksomheden bruger.<\/li>\n<li>Eftersalgsservice: Fremh\u00e6v virksomhedens engagement i at yde fremragende eftersalgsservice.<\/li>\n<\/ul>\n<p>Forfatter: lyl<\/p>\n<p><\/body><br \/>\n<\/html><\/p>","protected":false},"excerpt":{"rendered":"<p>Bucket Cylinder For Hitachi Wheel Excavator ZX210W-3 Bucket Cylinder For Hitachi Wheel Excavator ZX210W-3 Introduction The bucket cylinder for Hitachi wheel excavator ZX210W-3 is a specially designed hydraulic cylinder used to control the movement of the bucket in heavy machinery such as excavators, backhoe loaders, and wheel loaders. Its main function is to enable the [&hellip;]<\/p>","protected":false},"featured_media":14785,"comment_status":"open","ping_status":"closed","template":"","meta":{"_et_pb_use_builder":"","_et_pb_old_content":"","_et_gb_content_width":""},"product_brand":[],"product_cat":[1494],"product_tag":[1495,1496],"class_list":{"0":"post-15165","1":"product","2":"type-product","3":"status-publish","4":"has-post-thumbnail","6":"product_cat-bucket-cylinders","7":"product_tag-bucket-cylinders","8":"product_tag-hydraulic-cylinders","10":"first","11":"instock","12":"shipping-taxable","13":"product-type-simple"},"amp_enabled":true,"_links":{"self":[{"href":"https:\/\/www.hydraulic-cylinders.net\/da\/wp-json\/wp\/v2\/product\/15165","targetHints":{"allow":["GET"]}}],"collection":[{"href":"https:\/\/www.hydraulic-cylinders.net\/da\/wp-json\/wp\/v2\/product"}],"about":[{"href":"https:\/\/www.hydraulic-cylinders.net\/da\/wp-json\/wp\/v2\/types\/product"}],"replies":[{"embeddable":true,"href":"https:\/\/www.hydraulic-cylinders.net\/da\/wp-json\/wp\/v2\/comments?post=15165"}],"wp:featuredmedia":[{"embeddable":true,"href":"https:\/\/www.hydraulic-cylinders.net\/da\/wp-json\/wp\/v2\/media\/14785"}],"wp:attachment":[{"href":"https:\/\/www.hydraulic-cylinders.net\/da\/wp-json\/wp\/v2\/media?parent=15165"}],"wp:term":[{"taxonomy":"product_brand","embeddable":true,"href":"https:\/\/www.hydraulic-cylinders.net\/da\/wp-json\/wp\/v2\/product_brand?post=15165"},{"taxonomy":"product_cat","embeddable":true,"href":"https:\/\/www.hydraulic-cylinders.net\/da\/wp-json\/wp\/v2\/product_cat?post=15165"},{"taxonomy":"product_tag","embeddable":true,"href":"https:\/\/www.hydraulic-cylinders.net\/da\/wp-json\/wp\/v2\/product_tag?post=15165"}],"curies":[{"name":"wp","href":"https:\/\/api.w.org\/{rel}","templated":true}]}}