{"id":15169,"date":"2025-01-19T14:11:30","date_gmt":"2025-01-19T14:11:30","guid":{"rendered":"https:\/\/www.hydraulic-cylinders.net\/product\/bucket-cylinder-for-sumitomo-small-excavator-sh130-5\/"},"modified":"2025-01-19T14:11:32","modified_gmt":"2025-01-19T14:11:32","slug":"bucket-cylinder-for-sumitomo-small-excavator-sh130-5","status":"publish","type":"product","link":"https:\/\/www.hydraulic-cylinders.net\/da\/vare\/bucket-cylinder-for-sumitomo-small-excavator-sh130-5\/","title":{"rendered":"Skovlcylinder til Sumitomo lille gravemaskine SH130-5"},"content":{"rendered":"<h1>Skovlcylinder til Sumitomo lille gravemaskine SH130-5<\/h1>\n<h2>Indledning<\/h2>\n<p>A bucket cylinder is a specially designed hydraulic cylinder primarily used to control the movement of buckets in heavy machinery such as excavators, backhoes, and front loaders. Its main function is to allow the bucket to lift, lower, and tilt, making it easier to handle various material handling tasks. In the hydraulic system, the bucket cylinder controls the bucket&#8217;s precise movements with pressure changes in the hydraulic oil, allowing operators to efficiently handle heavy loads and adapt to complex working environments and diverse operation requirements.<\/p>\n<p><img decoding=\"async\" src=\"https:\/\/www.hydraulic-cylinders.net\/wp-content\/uploads\/2025\/01\/songte-company-2.webp\" alt=\"Billede af spandcylinder\"><\/p>\n<h2>Funktioner<\/h2>\n<ul>\n<li>H\u00f8j styrke og holdbarhed: Normalt fremstillet af h\u00f8jstyrkest\u00e5l eller aluminium, kan det modst\u00e5 h\u00f8jt tryk og tunge belastninger og tilpasse sig barske arbejdsmilj\u00f8er. Designet tager h\u00f8jde for slidstyrke og korrosionsbestandighed, hvilket forl\u00e6nger levetiden.<\/li>\n<li>Effektiv hydraulisk betjening: Udnytter hydraulikolietrykket til at opn\u00e5 en j\u00e6vn teleskopbev\u00e6gelse, reagerer hurtigt p\u00e5 styrekommandoer, giver kraftig skubbe- og tr\u00e6kkraft og er velegnet til h\u00e5ndtering af tunge belastninger og komplekse driftsopgaver.<\/li>\n<li>Flere typer: Man kan v\u00e6lge mellem enkeltvirkende (hydraulisk kun anvendt i \u00e9n retning) eller dobbeltvirkende (hydraulisk anvendt i begge retninger) cylindre efter behov for at opfylde forskellige driftskrav. Nogle modeller er teleskopiske, hvilket giver mulighed for st\u00f8rre udtr\u00e6k uden at \u00f8ge de udvendige dimensioner og er velegnede til anvendelser med begr\u00e6nset plads.<\/li>\n<li>Tilg\u00e6ngelig til produktion: Vores produkt kan perfekt erstatte den hydrauliske cylinder. <\/li>\n<\/ul>\n<p><img decoding=\"async\" src=\"https:\/\/www.hydraulic-cylinders.net\/wp-content\/uploads\/2025\/01\/songte-cylinder-head-with-all-kinds-excavator-models.webp\" alt=\"Produktbillede\"><\/p>\n<h2>Applikationer<\/h2>\n<h3>Entrepren\u00f8rudstyr<\/h3>\n<p>I gravemaskiner er de afg\u00f8rende for at grave, l\u00e6sse og flytte jord eller affald. I rendegravere hj\u00e6lper skovlcylindre med b\u00e5de at grave og l\u00f8fte. <\/p>\n<h3>Landbrugsmaskiner<\/h3>\n<p>Anvendes til frontl\u00e6ssere, opsamling, l\u00f8ft og transport af jord, h\u00f8 og andre materialer. <\/p>\n<h3>Gravemaskiner<\/h3>\n<p>Skovlcylinderen tillader skovlen at tr\u00e6nge ned i jorden for at udf\u00f8re gravefunktionen. <\/p>\n<h3>L\u00e6ssere<\/h3>\n<p>Skovlcylindere hj\u00e6lper med at l\u00f8fte og vippe gods effektivt i frontl\u00e6ssere. <\/p>\n<h2>Designovervejelser og udv\u00e6lgelseskriterier<\/h2>\n<ul>\n<li>B\u00e6reevne: Cylinderen skal kunne b\u00e6re den maksimale belastning uden at kn\u00e6kke eller deformeres.<\/li>\n<li>T\u00e6tning: Der anvendes forskellige t\u00e6tninger, s\u00e5som stempelt\u00e6tninger og stangt\u00e6tninger, lavet af slidst\u00e6rke materialer som polyurethan og nitrilgummi. Cylinderhuset og gevindoverfladen er fint forarbejdet for at forbedre slidstyrken. <\/li>\n<li>Holdbarhed: Cylinderen skal kunne modst\u00e5 kontinuerlig og tung brug og tilpasse sig barske milj\u00f8er. <\/li>\n<li>Sikkerhed: Cylinderen m\u00e5 ikke udvise pludselige trykfald eller uventede bev\u00e6gelser, der kan bringe udstyret eller operat\u00f8ren i fare. <\/li>\n<li>Vedligeholdelsesvenlighed: Cylinderen skal have nem og regelm\u00e6ssig vedligeholdelse. <\/li>\n<\/ul>\n<p><img decoding=\"async\" src=\"https:\/\/www.hydraulic-cylinders.net\/wp-content\/uploads\/2025\/01\/songte-oil-pipes-and-spare-parts.webp\" alt=\"Produktdele Billede\"><\/p>\n<h2>T\u00e6tning og sm\u00f8ring<\/h2>\n<p>Der anvendes forskellige t\u00e6tninger, s\u00e5som stempelt\u00e6tninger og stangt\u00e6tninger, lavet af slidst\u00e6rke materialer som polyurethan og nitrilgummi. Cylinderhuset og gevindoverfladen er fint forarbejdet for at forbedre slidstyrken. Cylinderen skal sm\u00f8res regelm\u00e6ssigt med en passende m\u00e6ngde hydraulikolie til sm\u00f8ring.<\/p>\n<h2>Vedligeholdelses- og forebyggende foranstaltninger<\/h2>\n<ul>\n<li>Regelm\u00e6ssig inspektion<\/li>\n<li>Korrekt sm\u00f8ring<\/li>\n<li>Udskiftning af pakning og kalibreringskontrol<\/li>\n<\/ul>\n<p>Korrekt installation, sm\u00f8ring og justering er afg\u00f8rende for cylinderens levetid. Under installationen skal du give vejledning i korrekt cylinderjustering og foresl\u00e5 brug af passende monteringsbeslag til at fastg\u00f8re cylinderen. Anbefal inspektion, reparation, udskiftningsprocedurer samt udskiftning og reparation af dele for at forl\u00e6nge cylinderens levetid.<\/p>\n<p><img decoding=\"async\" src=\"https:\/\/www.hydraulic-cylinders.net\/wp-content\/uploads\/2025\/01\/songte-chushion-collar.webp\" alt=\"Produktkravebillede\"><\/p>\n<h2>Sikkerhedshensyn og milj\u00f8faktorer<\/h2>\n<p>N\u00e5r cylinderen bruges, er det vigtigt at f\u00f8lge sikkerhedsforanstaltninger for at forhindre ulykker. Korrekt bortskaffelse af hydraulikolie og dele er n\u00f8dvendig for at beskytte milj\u00f8et.<\/p>\n<h2>Fejlfinding og almindelige problemer<\/h2>\n<p>Almindelige problemer med skovlcylindre omfatter l\u00e6kage, skader p\u00e5 stempelstangen eller cylinderv\u00e6ggen eller en b\u00f8jet eller br\u00e6kket stang. Inspektion og vedligeholdelse kan hj\u00e6lpe med at forhindre disse problemer.<\/p>\n<p>Hvis der er problemer, omfatter diagnosticerings- og reparationsmetoder reng\u00f8ring af cylinderen, udskiftning af pakninger og korrektion af forkert justering. Forebyggende foranstaltninger s\u00e5som regelm\u00e6ssig inspektion og vedligeholdelse kan reducere risikoen for potentielle problemer.<\/p>\n<p><img decoding=\"async\" src=\"https:\/\/www.hydraulic-cylinders.net\/wp-content\/uploads\/2025\/01\/songte-bushings-with-all-kinds-of-excavator-models.webp\" alt=\"Produktb\u00f8sninger Billede\"><\/p>\n<h2>Om vores virksomhed<\/h2>\n<p>Vi er en producent af udskiftningsdele til hydrauliske cylindre med et komplet produktsortiment og er blevet en af \u200b\u200bde f\u00f8rende producenter og engrosdistribut\u00f8rer af hydrauliske cylindre p\u00e5 det indenlandske og internationale marked. Vores virksomhed overholder princippet om fremragende kvalitet, bygger p\u00e5 den industrialiserede produktionsstyringsstrategi fra fine produktionsv\u00e6rksteder og forbedrer l\u00f8bende v\u00e6rkstedets produktionsplatform ved hj\u00e6lp af tekniske talenter, digitalt avanceret produktionsudstyr og professionelle testsystemer. Vi har en st\u00e6rk kreativitet og im\u00f8dekommer kundernes forskellige behov med h\u00f8j effektivitet, h\u00f8j pr\u00e6cision og h\u00f8j kvalitet.<\/p>\n<p><img decoding=\"async\" src=\"https:\/\/hzpt.com\/wp-content\/uploads\/2024\/11\/songte-company-1.webp\" alt=\"Virksomhedens image\"><\/p>\n<h3>Professionalitet<\/h3>\n<p>Vores virksomhed har et dedikeret team af fagfolk, der er eksperter inden for produktion af hydrauliske cylindre. <\/p>\n<h3>International certificering<\/h3>\n<p>We have acquired various international certifications, including ISO9001, CE, RoHS, and SGS, ensuring our products&#8217; quality and safety. <\/p>\n<h3>Tilpasningstjenester<\/h3>\n<p>Vi tilbyder skr\u00e6ddersyede tjenester for at im\u00f8dekomme specifikke kundekrav.<\/p>\n<h3>Produktionsudstyr<\/h3>\n<p>Vores virksomhed har et komplet udvalg af avanceret produktionsudstyr, herunder drejeb\u00e6nke, slibemaskiner, fr\u00e6semaskiner og testudstyr, der sikrer kvaliteten af \u200b\u200bvores produkter.<\/p>\n<h3>Eftersalgsservice<\/h3>\n<p>Vi tilbyder fremragende eftersalgsservice, herunder teknisk support og fejlfinding af produkter. <\/p>\n<p>Forfatter: lyl.<\/p>","protected":false},"excerpt":{"rendered":"<p>Bucket Cylinder For Sumitomo Small Excavator SH130-5 Introduction A bucket cylinder is a specially designed hydraulic cylinder primarily used to control the movement of buckets in heavy machinery such as excavators, backhoes, and front loaders. Its main function is to allow the bucket to lift, lower, and tilt, making it easier to handle various material [&hellip;]<\/p>","protected":false},"featured_media":14778,"comment_status":"open","ping_status":"closed","template":"","meta":{"_et_pb_use_builder":"","_et_pb_old_content":"","_et_gb_content_width":""},"product_brand":[],"product_cat":[1494],"product_tag":[1495,1496],"class_list":{"0":"post-15169","1":"product","2":"type-product","3":"status-publish","4":"has-post-thumbnail","6":"product_cat-bucket-cylinders","7":"product_tag-bucket-cylinders","8":"product_tag-hydraulic-cylinders","10":"first","11":"instock","12":"shipping-taxable","13":"product-type-simple"},"amp_enabled":true,"_links":{"self":[{"href":"https:\/\/www.hydraulic-cylinders.net\/da\/wp-json\/wp\/v2\/product\/15169","targetHints":{"allow":["GET"]}}],"collection":[{"href":"https:\/\/www.hydraulic-cylinders.net\/da\/wp-json\/wp\/v2\/product"}],"about":[{"href":"https:\/\/www.hydraulic-cylinders.net\/da\/wp-json\/wp\/v2\/types\/product"}],"replies":[{"embeddable":true,"href":"https:\/\/www.hydraulic-cylinders.net\/da\/wp-json\/wp\/v2\/comments?post=15169"}],"wp:featuredmedia":[{"embeddable":true,"href":"https:\/\/www.hydraulic-cylinders.net\/da\/wp-json\/wp\/v2\/media\/14778"}],"wp:attachment":[{"href":"https:\/\/www.hydraulic-cylinders.net\/da\/wp-json\/wp\/v2\/media?parent=15169"}],"wp:term":[{"taxonomy":"product_brand","embeddable":true,"href":"https:\/\/www.hydraulic-cylinders.net\/da\/wp-json\/wp\/v2\/product_brand?post=15169"},{"taxonomy":"product_cat","embeddable":true,"href":"https:\/\/www.hydraulic-cylinders.net\/da\/wp-json\/wp\/v2\/product_cat?post=15169"},{"taxonomy":"product_tag","embeddable":true,"href":"https:\/\/www.hydraulic-cylinders.net\/da\/wp-json\/wp\/v2\/product_tag?post=15169"}],"curies":[{"name":"wp","href":"https:\/\/api.w.org\/{rel}","templated":true}]}}