{"id":15174,"date":"2025-01-19T14:11:57","date_gmt":"2025-01-19T14:11:57","guid":{"rendered":"https:\/\/www.hydraulic-cylinders.net\/product\/bucket-cylinder-for-sumitomo-middle-excavator-sh200a1a2a3\/"},"modified":"2025-01-19T14:11:58","modified_gmt":"2025-01-19T14:11:58","slug":"bucket-cylinder-for-sumitomo-middle-excavator-sh200a1a2a3","status":"publish","type":"product","link":"https:\/\/www.hydraulic-cylinders.net\/da\/vare\/bucket-cylinder-for-sumitomo-middle-excavator-sh200a1a2a3\/","title":{"rendered":"Skovlcylinder til Sumitomo mellemgraver SH200A1A2A3"},"content":{"rendered":"<h1>Skovlcylinder til Sumitomo mellemgraver SH200A1A2A3<\/h1>\n<h2>Indledning<\/h2>\n<p>Skovlcylinderen til Sumitomo mellemgraver SH200A1A2A3 er en specialiseret hydraulisk cylinder, der bruges til at styre bev\u00e6gelsen af \u200b\u200bskovle i tunge maskiner s\u00e5som gravemaskiner, rendegravere og frontl\u00e6ssere. Dens hovedform\u00e5l er at lette forskellige materialeh\u00e5ndteringsopgaver ved at g\u00f8re det muligt for skovlen at l\u00f8fte, s\u00e6nke og vippe pr\u00e6cist. I hydrauliske systemer giver skovlcylinderen mulighed for pr\u00e6cis styring af skovlen gennem \u00e6ndringer i hydraulikolietrykket, hvilket g\u00f8r det muligt for operat\u00f8rer effektivt at h\u00e5ndtere tunge l\u00e6s og tilpasse sig komplekse arbejdsmilj\u00f8er og forskellige jobkrav.<\/p>\n<p><img decoding=\"async\" src=\"https:\/\/www.hydraulic-cylinders.net\/wp-content\/uploads\/2025\/01\/songte-company-2.webp\" alt=\"Billede af spandcylinder\"><\/p>\n<h2>Funktioner<\/h2>\n<ul>\n<li>\n<h3>H\u00f8j styrke og holdbarhed<\/h3>\n<p>Skovlcylinderen er normalt lavet af h\u00f8jstyrkest\u00e5l eller aluminium, der er i stand til at modst\u00e5 h\u00f8jt tryk og tunge belastninger, og er designet med slidstyrke og korrosionsbestandighed i tankerne for at forl\u00e6nge dens levetid.<\/p>\n<\/li>\n<li>\n<h3>Effektiv hydraulisk drift<\/h3>\n<p>Skovlcylinderen bruger hydraulisk olietryk til at opn\u00e5 en j\u00e6vn teleskopbev\u00e6gelse, reagere hurtigt p\u00e5 styrekommandoer, yde kraftige skubbe- og tr\u00e6kkr\u00e6fter og er velegnet til h\u00e5ndtering af tunge l\u00e6s og komplekse driftsopgaver.<\/p>\n<\/li>\n<li>\n<h3>Flere typer<\/h3>\n<p>Skovlcylinderen kan v\u00e6re en enkeltvirkende hydraulisk cylinder (kun ved brug af hydraulik i \u00e9n retning) eller dobbeltvirkende hydraulisk cylinder (ved brug af hydraulik i to retninger) afh\u00e6ngigt af behovet, og nogle modeller er teleskopiske, hvilket muligg\u00f8r st\u00f8rre udtr\u00e6k uden at \u00f8ge de udvendige dimensioner og er velegnede til pladsbegr\u00e6nsede applikationer.<\/p>\n<\/li>\n<li>\n<h3>Udskiftelig<\/h3>\n<p>Vores virksomhed kan producere dette produkt, og vores produkt kan perfekt erstatte disse hydrauliske cylindre.<\/p>\n<\/li>\n<li>\n<h3>Applikationer<\/h3>\n<p>Skovlcylinderen kan bruges til forskelligt udstyr, s\u00e5som:<\/p>\n<ul>\n<li>Entrepren\u00f8rudstyr: I gravemaskiner er de afg\u00f8rende for at grave, l\u00e6sse og flytte jord eller affald. I rendegravere hj\u00e6lper skovlcylinderen med at grave og l\u00f8fte. <\/li>\n<li>Landbrugsmaskiner: Bruges til frontl\u00e6ssere, til opsamling, l\u00f8ft og transport af jord, h\u00f8 og andre materialer. <\/li>\n<li>Gravemaskiner: Skovlcylinderen muligg\u00f8r udgravning ved at lade skovlen tr\u00e6nge ned i jorden. <\/li>\n<li>L\u00e6ssere: Frontl\u00e6ssere hj\u00e6lper med effektivt at l\u00f8fte og vippe gods. <\/li>\n<\/ul>\n<\/li>\n<\/ul>\n<h2>Designovervejelser og udv\u00e6lgelseskriterier<\/h2>\n<p>Fra et designm\u00e6ssigt synspunkt skal skovlcylinderen tage h\u00f8jde for f\u00f8lgende:<\/p>\n<ul>\n<li>\n<h3>B\u00e6reevne<\/h3>\n<p>Skovlcylinderen skal have tilstr\u00e6kkelig b\u00e6reevne til at modst\u00e5 den kr\u00e6vede belastning, hvilket sikrer, at den ikke deformeres, revner eller g\u00e5r i stykker under drift. <\/p>\n<\/li>\n<li>\n<h3>Forsegling og holdbarhed<\/h3>\n<p>Skovlcylinderen skal have fremragende t\u00e6tningsevne, der forhindrer l\u00e6kage af hydraulisk olie og indtr\u00e6ngning af vand\/slam. Cylinderen skal v\u00e6re lavet af materialer med h\u00f8j styrke og slid, og cylinderhuset og den gevindsk\u00e5rne endeflade skal v\u00e6re fint bearbejdet for at forbedre slidstyrken.<\/p>\n<\/li>\n<li>\n<h3>Sikkerhed og vedligeholdelse<\/h3>\n<p>Skovlcylinderen skal konstrueres med sikkerhed og vedligeholdelse i tankerne, s\u00e5 cylinderen ikke for\u00e5rsager ulykker under drift, og at den er nem at adskille, inspicere og reparere, n\u00e5r det er n\u00f8dvendigt. <\/p>\n<\/li>\n<\/ul>\n<p><img decoding=\"async\" src=\"https:\/\/www.hydraulic-cylinders.net\/wp-content\/uploads\/2025\/01\/songte-oil-pipes-and-spare-parts.webp\" alt=\"Delebillede\"><\/p>\n<h2>T\u00e6tning og sm\u00f8ring<\/h2>\n<p>Skovlcylinderen bruger forskellige typer t\u00e6tninger, s\u00e5som stempelt\u00e6tninger, stangt\u00e6tninger osv. T\u00e6tningsmaterialerne er typisk lavet af slidst\u00e6rke materialer s\u00e5som polyurethan og nitrilgummi. Cylinderhuset og gevindenden er fint forarbejdet for at forbedre slidstyrken og forl\u00e6nge cylinderens levetid. Regelm\u00e6ssig tils\u00e6tning af en passende m\u00e6ngde hydraulikolie er n\u00f8dvendig for at opretholde skovlcylinderens sm\u00f8ring for at sikre problemfri drift.<\/p>\n<h2>Vedligeholdelse og reparation<\/h2>\n<p>Korrekt vedligeholdelse og reparation er afg\u00f8rende for at sikre, at skovlcylinderen fungerer effektivt og sikkert. Regelm\u00e6ssige inspektioner, passende sm\u00f8ring, udskiftning af pakninger og kalibrering er almindelige vedligeholdelsesopgaver, der b\u00f8r udf\u00f8res. Korrekt justering af cylinderen under installationen er afg\u00f8rende, og det anbefales at bruge passende monteringsbeslag til at fastg\u00f8re cylinderen. Vi anbefaler at bruge vores inspektions-, reparations- og udskiftningsprogrammer for at maksimere cylinderens levetid.<\/p>\n<p><img decoding=\"async\" src=\"https:\/\/www.hydraulic-cylinders.net\/wp-content\/uploads\/2025\/01\/songte-chushion-collar.webp\" alt=\"Billede af pudekrave\"><\/p>\n<h2>Sikkerhedshensyn og milj\u00f8faktorer<\/h2>\n<p>N\u00e5r man bruger skovlcylinderen, er det vigtigt at f\u00f8lge sikkerhedsforanstaltninger, s\u00e5som at b\u00e6re beskyttelsesudstyr og udf\u00f8re regelm\u00e6ssig vedligeholdelse. Milj\u00f8faktorer som temperatur, fugtighed og st\u00f8v b\u00f8r ogs\u00e5 tages i betragtning, og der skal tr\u00e6ffes passende beskyttelse for at forhindre beskadigelse af cylinderen.<\/p>\n<h2>Diagnostiske og almindelige problemer<\/h2>\n<p>Nogle almindelige problemer i skovlcylindre omfatter oliel\u00e6kage, langsom respons, utilstr\u00e6kkelig effekt og unormal st\u00f8j. Vores virksomhed kan tilbyde tips og l\u00f8sninger p\u00e5 disse problemer, s\u00e5som udskiftning af pakninger, reng\u00f8ring af olien samt diagnosticering og reparation af strukturelle problemer.<\/p>\n<p><img decoding=\"async\" src=\"https:\/\/www.hydraulic-cylinders.net\/wp-content\/uploads\/2025\/01\/songte-bushings-with-all-kinds-of-excavator-models.webp\" alt=\"B\u00f8sninger Billede\"><\/p>\n<h2>Om vores virksomhed<\/h2>\n<p>Vores virksomhed er producent af hydrauliske udskiftningscylindre. Med et komplet produktsortiment er vi blevet en af \u200b\u200bde f\u00f8rende producenter og engrosdistribut\u00f8rer af hydrauliske cylindre p\u00e5 b\u00e5de indenlandske og internationale markeder. Vi overholder politikken om fremragende kvalitet, s\u00e6tter vores lid til industrialiseret produktionsstyring i et raffineret v\u00e6rksted, forbedrer l\u00f8bende v\u00e6rkstedets produktionsplatform, perfektionerer produktets kvalitetsproduktionsrute og har st\u00e6rke kreative evner. Vi tilbyder effektive, pr\u00e6cise og h\u00f8jkvalitetsprodukter for at im\u00f8dekomme vores kunders forskellige behov.<\/p>\n<p>Vores virksomhed er specialiseret i at levere professionelle, internationalt certificerede, skr\u00e6ddersyede tjenester og produktionsudstyr. Vores eftersalgsservice omfatter regelm\u00e6ssig vedligeholdelse, sm\u00f8ring, udskiftning af pakninger og kalibreringstjek. Vi anbefaler at bruge vores inspektions-, reparations- og udskiftningsprogrammer for at maksimere cylinderens levetid.<\/p>\n<p><img decoding=\"async\" src=\"https:\/\/hzpt.com\/wp-content\/uploads\/2024\/11\/songte-company-1.webp\" alt=\"Virksomhedens image\"><\/p>\n<p>Forfatter: lyl<\/p>","protected":false},"excerpt":{"rendered":"<p>Bucket Cylinder For Sumitomo Middle Excavator SH200A1A2A3 Introduction The bucket cylinder for Sumitomo middle excavator SH200A1A2A3 is a specialized hydraulic cylinder used to control the movement of shovels in heavy machinery such as excavators, backhoe excavators, and front loaders. Its main purpose is to facilitate various material handling tasks by enabling the shovel to lift, [&hellip;]<\/p>","protected":false},"featured_media":14765,"comment_status":"open","ping_status":"closed","template":"","meta":{"_et_pb_use_builder":"","_et_pb_old_content":"","_et_gb_content_width":""},"product_brand":[],"product_cat":[1494],"product_tag":[1495,1496],"class_list":{"0":"post-15174","1":"product","2":"type-product","3":"status-publish","4":"has-post-thumbnail","6":"product_cat-bucket-cylinders","7":"product_tag-bucket-cylinders","8":"product_tag-hydraulic-cylinders","10":"first","11":"instock","12":"shipping-taxable","13":"product-type-simple"},"amp_enabled":true,"_links":{"self":[{"href":"https:\/\/www.hydraulic-cylinders.net\/da\/wp-json\/wp\/v2\/product\/15174","targetHints":{"allow":["GET"]}}],"collection":[{"href":"https:\/\/www.hydraulic-cylinders.net\/da\/wp-json\/wp\/v2\/product"}],"about":[{"href":"https:\/\/www.hydraulic-cylinders.net\/da\/wp-json\/wp\/v2\/types\/product"}],"replies":[{"embeddable":true,"href":"https:\/\/www.hydraulic-cylinders.net\/da\/wp-json\/wp\/v2\/comments?post=15174"}],"wp:featuredmedia":[{"embeddable":true,"href":"https:\/\/www.hydraulic-cylinders.net\/da\/wp-json\/wp\/v2\/media\/14765"}],"wp:attachment":[{"href":"https:\/\/www.hydraulic-cylinders.net\/da\/wp-json\/wp\/v2\/media?parent=15174"}],"wp:term":[{"taxonomy":"product_brand","embeddable":true,"href":"https:\/\/www.hydraulic-cylinders.net\/da\/wp-json\/wp\/v2\/product_brand?post=15174"},{"taxonomy":"product_cat","embeddable":true,"href":"https:\/\/www.hydraulic-cylinders.net\/da\/wp-json\/wp\/v2\/product_cat?post=15174"},{"taxonomy":"product_tag","embeddable":true,"href":"https:\/\/www.hydraulic-cylinders.net\/da\/wp-json\/wp\/v2\/product_tag?post=15174"}],"curies":[{"name":"wp","href":"https:\/\/api.w.org\/{rel}","templated":true}]}}