{"id":15175,"date":"2025-01-19T14:12:01","date_gmt":"2025-01-19T14:12:01","guid":{"rendered":"https:\/\/www.hydraulic-cylinders.net\/product\/bucket-cylinder-for-sumitomo-middle-excavator-sh210-5\/"},"modified":"2025-01-19T14:12:03","modified_gmt":"2025-01-19T14:12:03","slug":"bucket-cylinder-for-sumitomo-middle-excavator-sh210-5","status":"publish","type":"product","link":"https:\/\/www.hydraulic-cylinders.net\/da\/vare\/bucket-cylinder-for-sumitomo-middle-excavator-sh210-5\/","title":{"rendered":"Skovlcylinder til Sumitomo mellemgraver SH210-5"},"content":{"rendered":"<h1>Skovlcylinder til Sumitomo mellemgraver SH210-5<\/h1>\n<h2>Indledning<\/h2>\n<p>Skovlcylinderen til Sumitomo mellemgraver SH210-5 er en specialdesignet hydraulisk cylinder, der bruges til at styre skovlens bev\u00e6gelse i tunge maskiner s\u00e5som gravemaskiner, rendegravere og frontl\u00e6ssere. Dens hovedfunktion er at g\u00f8re det muligt for skovlen at l\u00f8fte, s\u00e6nke og vippe, hvilket g\u00f8r den velegnet til forskellige materialeh\u00e5ndteringsopgaver. I det hydrauliske system bruger skovlcylinderen tryk\u00e6ndringen i hydraulikolien til at opn\u00e5 pr\u00e6cis kontrol over skovlen, hvilket g\u00f8r det muligt for operat\u00f8rer effektivt at h\u00e5ndtere tunge l\u00e6s og tilpasse sig komplekse arbejdsmilj\u00f8er og forskellige jobkrav.<\/p>\n<p><img decoding=\"async\" src=\"https:\/\/www.hydraulic-cylinders.net\/wp-content\/uploads\/2025\/01\/songte-company-2.webp\" alt=\"Skovlcylinder til Sumitomo mellemgraver SH210-5\"><\/p>\n<h2>Funktioner<\/h2>\n<ul>\n<li>\n<h3>H\u00f8j styrke og holdbarhed<\/h3>\n<p>Skovlcylinderen er normalt lavet af h\u00f8jstyrkest\u00e5l eller aluminium, der er i stand til at modst\u00e5 h\u00f8jt tryk og tunge belastninger og tilpasser sig barske arbejdsmilj\u00f8er. Dens design tager h\u00f8jde for slidstyrke og korrosionsbestandighed, hvilket forl\u00e6nger dens levetid.<\/p>\n<\/li>\n<li>\n<h3>Effektiv hydraulisk drift<\/h3>\n<p>Ved at bruge trykket fra hydraulikolien til at opn\u00e5 j\u00e6vn ud- og sammentr\u00e6kning kan skovlcylinderen hurtigt reagere p\u00e5 betjeningskommandoer og give en st\u00e6rk skubbe- og tr\u00e6kkraft, der er velegnet til h\u00e5ndtering af tunge belastninger og komplekse opgaver.<\/p>\n<\/li>\n<li>\n<h3>Forskellige typer<\/h3>\n<p>Skovlcylinderen kan v\u00e6lges som enkeltvirkende (kun hydraulisk i \u00e9n retning) eller dobbeltvirkende (hydraulisk i begge retninger) alt efter behov for at im\u00f8dekomme forskellige driftskrav. Nogle modeller er teleskopiske, hvilket muligg\u00f8r st\u00f8rre udtr\u00e6k uden at \u00f8ge de udvendige dimensioner og er velegnede til applikationer med begr\u00e6nset plads.<\/p>\n<\/li>\n<li>\n<h3>Udskiftelig<\/h3>\n<p>Vores produkter kan perfekt erstatte disse hydrauliske cylindre, og vi kan producere dette produkt.<\/p>\n<\/li>\n<\/ul>\n<p><img decoding=\"async\" src=\"https:\/\/www.hydraulic-cylinders.net\/wp-content\/uploads\/2025\/01\/songte-cylinder-head-with-all-kinds-excavator-models.webp\" alt=\"Skovlcylinder til Sumitomo mellemgraver SH210-5\"><\/p>\n<h2>Anvendelse<\/h2>\n<p>Skovlcylinderen bruges i vid udstr\u00e6kning i forskellige tunge maskiner, nogle typiske anvendelser inkluderer:<\/p>\n<ul>\n<li>\n<h3>Entrepren\u00f8rudstyr<\/h3>\n<p>De er afg\u00f8rende for udgravning, lastning og flytning af jord eller affald i gravemaskiner og rendegravere. I rendegraveren hj\u00e6lper skovlcylinderen med gravning og l\u00f8ft.<\/p>\n<\/li>\n<li>\n<h3>Landbrugsmaskiner<\/h3>\n<p>Bruges til frontl\u00e6ssere til at udgrave, l\u00f8fte og transportere jord, h\u00f8 og andre materialer. I gravemaskiner muligg\u00f8r skovlcylinderen gravehandlinger ved at lade skovlen tr\u00e6nge ned i jorden.<\/p>\n<\/li>\n<li>\n<h3>L\u00e6sser<\/h3>\n<p>I frontl\u00e6ssere hj\u00e6lper de med effektivt at l\u00f8fte og vippe laster.<\/p>\n<\/li>\n<\/ul>\n<h2>Design- og udv\u00e6lgelsesstandarder<\/h2>\n<ul>\n<li>\n<h3>B\u00e6reevne<\/h3>\n<p>Skovlcylinderens b\u00e6reevne er en vigtig designm\u00e6ssig overvejelse. Den skal kunne b\u00e6re v\u00e6gten af \u200b\u200btunge belastninger og modst\u00e5 interne og eksterne kr\u00e6fter under drift.<\/p>\n<\/li>\n<li>\n<h3>Forsegling<\/h3>\n<p>Cylinderens t\u00e6tning er afg\u00f8rende for at forhindre oliel\u00e6kage og kontaminering af det hydrauliske system. Den bruger forskellige t\u00e6tningsringe s\u00e5som stempelt\u00e6tningsringe, stangt\u00e6tningsringe og t\u00e6tninger lavet af slidst\u00e6rke materialer s\u00e5som polyurethan og nitrilgummi. Cylinderhuset og gevindenden gennemg\u00e5r fin bearbejdning for at forbedre slidstyrken. Cylinderen kr\u00e6ver regelm\u00e6ssig p\u00e5fyldning med den passende m\u00e6ngde hydraulikolie til sm\u00f8ring.<\/p>\n<\/li>\n<li>\n<h3>Holdbarhed og sikkerhed<\/h3>\n<p>Skovlcylinderen skal v\u00e6re holdbar for at modst\u00e5 barske arbejdsforhold og tunge belastninger. Det kr\u00e6ver ogs\u00e5 sikkerhedsm\u00e6ssige overvejelser for at sikre, at den opfylder sikkerhedsstandarderne under drift. <\/p>\n<\/li>\n<li>\n<h3>Opretholdelse<\/h3>\n<p>Cylinderen kr\u00e6ver periodisk inspektion, regelm\u00e6ssig sm\u00f8ring og udskiftning af pakninger for at sikre optimal ydeevne. Det kr\u00e6ver ogs\u00e5 pr\u00e6cis monteringsjustering med passende monteringsbeslag til at fastg\u00f8re cylinderen.<\/p>\n<\/li>\n<\/ul>\n<p><img decoding=\"async\" src=\"https:\/\/www.hydraulic-cylinders.net\/wp-content\/uploads\/2025\/01\/songte-oil-pipes-and-spare-parts.webp\" alt=\"Skovlcylinder til Sumitomo mellemgraver SH210-5\"><\/p>\n<h2>Vedligeholdelsesvejledning<\/h2>\n<p>F\u00f8lgende er almindelige vedligeholdelsesopgaver for skovlcylindre:<\/p>\n<ul>\n<li>\n<h3>Regelm\u00e6ssig inspektion<\/h3>\n<p>Inspicer cylinderen regelm\u00e6ssigt for at identificere slitage eller l\u00e6kager.<\/p>\n<\/li>\n<li>\n<h3>Sm\u00f8ring<\/h3>\n<p>Sm\u00f8r cylinderen regelm\u00e6ssigt for at sikre problemfri drift.<\/p>\n<\/li>\n<li>\n<h3>Udskiftning af pakning og kalibreringskontrol<\/h3>\n<p>Udskift slidte pakninger og kontroll\u00e9r kalibreringen regelm\u00e6ssigt.<\/p>\n<\/li>\n<\/ul>\n<p>Det er vigtigt at installere, sm\u00f8re og justere cylinderen korrekt under installationen for at sikre optimal ydeevne. Der b\u00f8r gives korrekt vejledning i justering under installationen, og der b\u00f8r anvendes passende monteringsbeslag til at fastg\u00f8re cylinderen. Vi anbefaler anbefalede inspektions-, reparations- og udskiftningsprocedurer for at forl\u00e6nge brugen af \u200b\u200b\u200b\u200bspandcylinderen.<\/p>\n<p><img decoding=\"async\" src=\"https:\/\/www.hydraulic-cylinders.net\/wp-content\/uploads\/2025\/01\/songte-chushion-collar.webp\" alt=\"Skovlcylinder til Sumitomo mellemgraver SH210-5\"><\/p>\n<h2>Sikkerheds- og milj\u00f8hensyn<\/h2>\n<p>Der skal tr\u00e6ffes passende sikkerhedsforanstaltninger ved brug af skovlcylinderen for at forhindre skader. Cylinderen b\u00f8r kun anvendes af uddannet personale med passende sikkerhedsudstyr og i overensstemmelse med sikkerhedsforskrifterne. Milj\u00f8hensyn omfatter korrekt bortskaffelse af brugt hydraulikolie og milj\u00f8m\u00e6ssig overholdelse af forskrifter under produktion og drift.<\/p>\n<p><img decoding=\"async\" src=\"https:\/\/hzpt.com\/wp-content\/uploads\/2024\/11\/songte-company-1.webp\" alt=\"Skovlcylinder til Sumitomo mellemgraver SH210-5\"><\/p>\n<h2>Fejldiagnose og almindelige problemer<\/h2>\n<p>Skovlcylinderen kan opleve nogle almindelige problemer, herunder oliel\u00e6kage, d\u00e5rlig ydeevne og unormal st\u00f8j. Utilstr\u00e6kkelig sm\u00f8ring og slid p\u00e5 pakninger er almindelige \u00e5rsager til disse problemer. For at diagnosticere og l\u00f8se problemer anbefaler vi at konsultere en professionel tekniker for at sikre korrekt diagnose og effektive l\u00f8sninger. For at forhindre potentielle problemer foresl\u00e5r vi at tr\u00e6ffe forebyggende foranstaltninger, s\u00e5som periodisk inspektion, korrekt sm\u00f8ring og udskiftning af slidte pakninger.<\/p>\n<p><img decoding=\"async\" src=\"https:\/\/www.hydraulic-cylinders.net\/wp-content\/uploads\/2025\/01\/songte-bushings-with-all-kinds-of-excavator-models.webp\" alt=\"Skovlcylinder til Sumitomo mellemgraver SH210-5\"><\/p>\n<h2>Om vores virksomhed<\/h2>\n<p>Vi er en producent af hydrauliske udskiftningscylindre med et komplet produktsortiment og er blevet en af \u200b\u200bde f\u00f8rende producenter og engrosdistribut\u00f8rer af hydrauliske cylindre p\u00e5 det indenlandske og internationale marked. Vi overholder fremragende kvalitet, bruger industrialiserede produktionsstyringsstrategier underst\u00f8ttet af sofistikerede produktionsv\u00e6rksteder og forbedrer l\u00f8bende v\u00e6rkstedets produktionsplatform, forbedrer produkternes produktionskvalitet og besidder en st\u00e6rk kreativitet. Vi sigter mod at tilfredsstille forskellige kundebehov med h\u00f8j effektivitet, h\u00f8j pr\u00e6cision og h\u00f8je kvalitetsprincipper.<\/p>\n<p>Vores virksomhed er specialiseret i at levere professionelle tjenester, skr\u00e6ddersyede tjenester og internationale certificeringer. Vi bruger avanceret produktionsudstyr og professionelle testsystemer til at forbedre produkternes kvalitet og tilbyde omfattende eftersalgsservice. Vi forts\u00e6tter med at forbedre vores produktionskapacitet og produktkvalitet og har vundet vores kunders tillid og ros gennem vores fremragende produkter og tjenester.<\/p>\n<p><img decoding=\"async\" src=\"https:\/\/www.hydraulic-cylinders.net\/wp-content\/uploads\/2025\/01\/songte-company-3.webp\" alt=\"Skovlcylinder til Sumitomo mellemgraver SH210-5\"><\/p>\n<p>Forfatter: lyl.<\/p>","protected":false},"excerpt":{"rendered":"<p>Bucket Cylinder For Sumitomo Middle Excavator SH210-5 Introduction The bucket cylinder for Sumitomo middle excavator SH210-5 is a specially designed hydraulic cylinder used to control the movement of the bucket in heavy machinery such as excavators, backhoe excavators, and front-end loaders. Its main function is to enable the bucket to lift, lower, and tilt, making [&hellip;]<\/p>","protected":false},"featured_media":14762,"comment_status":"open","ping_status":"closed","template":"","meta":{"_et_pb_use_builder":"","_et_pb_old_content":"","_et_gb_content_width":""},"product_brand":[],"product_cat":[1494],"product_tag":[1495,1496],"class_list":{"0":"post-15175","1":"product","2":"type-product","3":"status-publish","4":"has-post-thumbnail","6":"product_cat-bucket-cylinders","7":"product_tag-bucket-cylinders","8":"product_tag-hydraulic-cylinders","10":"first","11":"instock","12":"shipping-taxable","13":"product-type-simple"},"amp_enabled":true,"_links":{"self":[{"href":"https:\/\/www.hydraulic-cylinders.net\/da\/wp-json\/wp\/v2\/product\/15175","targetHints":{"allow":["GET"]}}],"collection":[{"href":"https:\/\/www.hydraulic-cylinders.net\/da\/wp-json\/wp\/v2\/product"}],"about":[{"href":"https:\/\/www.hydraulic-cylinders.net\/da\/wp-json\/wp\/v2\/types\/product"}],"replies":[{"embeddable":true,"href":"https:\/\/www.hydraulic-cylinders.net\/da\/wp-json\/wp\/v2\/comments?post=15175"}],"wp:featuredmedia":[{"embeddable":true,"href":"https:\/\/www.hydraulic-cylinders.net\/da\/wp-json\/wp\/v2\/media\/14762"}],"wp:attachment":[{"href":"https:\/\/www.hydraulic-cylinders.net\/da\/wp-json\/wp\/v2\/media?parent=15175"}],"wp:term":[{"taxonomy":"product_brand","embeddable":true,"href":"https:\/\/www.hydraulic-cylinders.net\/da\/wp-json\/wp\/v2\/product_brand?post=15175"},{"taxonomy":"product_cat","embeddable":true,"href":"https:\/\/www.hydraulic-cylinders.net\/da\/wp-json\/wp\/v2\/product_cat?post=15175"},{"taxonomy":"product_tag","embeddable":true,"href":"https:\/\/www.hydraulic-cylinders.net\/da\/wp-json\/wp\/v2\/product_tag?post=15175"}],"curies":[{"name":"wp","href":"https:\/\/api.w.org\/{rel}","templated":true}]}}